{"id":4583,"date":"2022-02-11T11:02:14","date_gmt":"2022-02-11T11:02:14","guid":{"rendered":"https:\/\/elfsight.com\/es\/?page_id=4583"},"modified":"2025-02-06T15:24:56","modified_gmt":"2025-02-06T15:24:56","slug":"joomla","status":"publish","type":"page","link":"https:\/\/elfsight.com\/es\/audio-player-widget\/joomla\/","title":{"rendered":"Audio Player &#8211; Joomla"},"content":{"rendered":"<div class=\"application-platform-content-item-description application-platform-content-item\" id=\"description\" data-nav-section=\"description\"> <h2>Descripci\u00f3n<\/h2> <p>El reproductor de m\u00fasica Elfsight es un m\u00f3dulo simple para Joomla que te permite transmitir pistas de audio directamente en tu sitio web. La extensi\u00f3n de audio es extremadamente ajustable: puedes cambiar su ubicaci\u00f3n, coloc\u00e1ndola en cualquier parte de la p\u00e1gina, ajustar su tama\u00f1o, recolorar el fondo y otras partes para combinarla con el dise\u00f1o de tu sitio, emplear un tema oscuro, mostrar portadas y mostrar u ocultar otros cuatro detalles del reproductor, como la barra de progreso, el encabezado y otros. Sube tantas pistas como desees para entretener a tus usuarios, activa la reproducci\u00f3n autom\u00e1tica y no dudes: \u00a1tu audiencia no abandonar\u00e1 tu p\u00e1gina de inicio r\u00e1pidamente! <\/p><p><b>\u00a1Lanza el m\u00f3dulo de Audio de Elfsight para afrontar los desaf\u00edos de tu comercio electr\u00f3nico!<\/b><\/p> <\/div> <div class=\"application-platform-content-item-features application-platform-content-item\" id=\"features\" data-nav-section=\"features\"> <h2>Estudia la lista de las caracter\u00edsticas m\u00e1s destacadas:<\/h2> <ul><li>Numerosas variaciones de color<\/li> <li>Tema de color oscuro\/claro<\/li> <li>Dise\u00f1o adaptativo<\/li> <li>2 dise\u00f1os disponibles<\/li> <li>Posibilidad de agregar imagen de fondo<\/li> <\/ul><p><a href=\"#demo\">Puedes probar toda la funcionalidad del widget en la demo de esta p\u00e1gina<\/a><\/p> <\/div> <div class=\"application-platform-content-item-installation application-platform-content-item\" id=\"installation\" data-nav-section=\"installation\"> <h2>\u00bfC\u00f3mo a\u00f1adir la extensi\u00f3n de Audio Player en mi sitio Joomla? <\/h2> <div class=\"video-container\"><iframe width=\"720\" height=\"405\" src=\"https:\/\/www.youtube.com\/embed\/f8HssPqPtJE\" frameborder=\"0\" allowfullscreen=\"\"><\/iframe><\/div><p>Sigue los pasos que se indican a continuaci\u00f3n para comenzar a usar el m\u00f3dulo.<\/p> <ol><li><b>Usa nuestro editor gratuito y empieza a crear tu extensi\u00f3n personalizada. <\/b><br> Elige la disposici\u00f3n seleccionada y las caracter\u00edsticas funcionales de la extensi\u00f3n y guarda todas las modificaciones. <\/li>  <li><b>Obt\u00e9n tu c\u00f3digo \u00fanico mostrado en el cuadro de Elfsight Apps. <\/b><br> Una vez que la configuraci\u00f3n de tu extensi\u00f3n est\u00e9 lista, copia el c\u00f3digo personal en el cuadro que aparece y gu\u00e1rdalo para futuros usos. <\/li>  <li><b>Comienza a aplicar la extensi\u00f3n en tu sitio Joomla. <\/b><br> Ingresa el c\u00f3digo guardado previamente en tu sitio y guarda los cambios. <\/li>  <li><b>\u00a1Listo! La configuraci\u00f3n ha terminado completamente. <\/b><br> Ve a tu sitio para revisar el funcionamiento de la extensi\u00f3n. <\/li><\/ol><p>Si tienes preguntas o enfrentas alg\u00fan problema, no dudes en ponerte en contacto con nuestro servicio al cliente. Nuestros especialistas estar\u00e1n encantados de resolver todas las dificultades que puedas tener con el widget. <\/p> <\/div><div class=\"faq\" data-component=\"FAQ\"><div class=\"faq-item\">\r\n\t\t\t\t\t<div class=\"faq-item-question\">\r\n\t\t\t\t\t\t<h3 class=\"faq-item-question-text\">\u00bfC\u00f3mo integro un Audio Player en el sitio Joomla?<\/h3>\r\n\r\n\t\t\t\t\t\t<div class=\"faq-item-question-icon\"><\/div>\r\n\t\t\t\t\t<\/div>\r\n\r\n\t\t\t\t\t<div class=\"faq-item-answer\">\r\n\t\t\t\t\t\t<div class=\"faq-item-answer-text\"><p>La creaci\u00f3n de la herramienta se realiza dentro del sitio de Elfsight y no necesitas aprender a programar. Utiliza nuestra demo en l\u00ednea para personalizar tu propio plugin, obtener el c\u00f3digo e integrarlo en tu sitio web. <\/p><\/div>\r\n\t\t\t\t\t<\/div>\r\n\t\t\t\t<\/div><div class=\"faq-item\">\r\n\t\t\t\t\t<div class=\"faq-item-question\">\r\n\t\t\t\t\t\t<h3 class=\"faq-item-question-text\">\u00bfCu\u00e1les son las mejores maneras de usar la integraci\u00f3n de Music player?<\/h3>\r\n\r\n\t\t\t\t\t\t<div class=\"faq-item-question-icon\"><\/div>\r\n\t\t\t\t\t<\/div>\r\n\r\n\t\t\t\t\t<div class=\"faq-item-answer\">\r\n\t\t\t\t\t\t<div class=\"faq-item-answer-text\"><p>Tenemos muchas opciones de personalizaci\u00f3n: widgets a gran escala para insertar en el \u00e1rea de contenido, plugins flotantes con opciones de desplazamiento, dise\u00f1os para el pie de p\u00e1gina de tu sitio web, secci\u00f3n de encabezado y todas las opciones verticales para barras laterales y men\u00fas. <\/p><\/div>\r\n\t\t\t\t\t<\/div>\r\n\t\t\t\t<\/div><div class=\"faq-item\">\r\n\t\t\t\t\t<div class=\"faq-item-question\">\r\n\t\t\t\t\t\t<h3 class=\"faq-item-question-text\">\u00bfPuedo crear una lista de reproducci\u00f3n de audiolibros o meditaci\u00f3n con su editor?<\/h3>\r\n\r\n\t\t\t\t\t\t<div class=\"faq-item-question-icon\"><\/div>\r\n\t\t\t\t\t<\/div>\r\n\r\n\t\t\t\t\t<div class=\"faq-item-answer\">\r\n\t\t\t\t\t\t<div class=\"faq-item-answer-text\"><p>Puedes hacer todas las modificaciones que desees en cualquier widget. Hay muchos dise\u00f1os disponibles en el editor, y todos ellos se pueden ajustar f\u00e1cilmente como desees. <\/p><\/div>\r\n\t\t\t\t\t<\/div>\r\n\t\t\t\t<\/div><\/div>","protected":false},"excerpt":{"rendered":"","protected":false},"author":18,"featured_media":0,"parent":481,"menu_order":0,"comment_status":"closed","ping_status":"closed","template":"templates\/template-application-platform.php","meta":{"publish_to_discourse":"","publish_post_category":"","wpdc_auto_publish_overridden":"","wpdc_topic_tags":"","wpdc_pin_topic":"","wpdc_pin_until":"","discourse_post_id":"","discourse_permalink":"","wpdc_publishing_response":"","wpdc_publishing_error":"","footnotes":""},"class_list":["post-4583","page","type-page","status-publish","hentry"],"yoast_head":"<!-- This site is optimized with the Yoast SEO plugin v25.3.1 - https:\/\/yoast.com\/wordpress\/plugins\/seo\/ -->\n<title>Audio Player - Empotrar extention de Reproductor de Audio al Joomla<\/title>\n<meta name=\"description\" content=\"Instala un module interactivo de Audio Player en su sitio web de Joomla. Lance la demo de Elfsight manejable y cree su extention \u00fanico.\" \/>\n<meta name=\"robots\" content=\"index, follow, max-snippet:-1, max-image-preview:large, max-video-preview:-1\" \/>\n<link rel=\"canonical\" href=\"https:\/\/elfsight.com\/es\/audio-player-widget\/joomla\/\" \/>\n<meta property=\"og:locale\" content=\"es_ES\" \/>\n<meta property=\"og:type\" content=\"article\" \/>\n<meta property=\"og:title\" content=\"Audio Player - Empotrar extention de Reproductor de Audio al Joomla\" \/>\n<meta property=\"og:description\" content=\"Instala un module interactivo de Audio Player en su sitio web de Joomla. Lance la demo de Elfsight manejable y cree su extention \u00fanico.\" \/>\n<meta property=\"og:url\" content=\"https:\/\/elfsight.com\/es\/audio-player-widget\/joomla\/\" \/>\n<meta property=\"og:site_name\" content=\"Elfsight ES\" \/>\n<meta property=\"article:modified_time\" content=\"2025-02-06T15:24:56+00:00\" \/>\n<meta name=\"twitter:card\" content=\"summary_large_image\" \/>\n<meta name=\"twitter:label1\" content=\"Tiempo de lectura\" \/>\n\t<meta name=\"twitter:data1\" content=\"1 minuto\" \/>\n<!-- \/ Yoast SEO plugin. -->","yoast_head_json":{"title":"Audio Player - Empotrar extention de Reproductor de Audio al Joomla","description":"Instala un module interactivo de Audio Player en su sitio web de Joomla. Lance la demo de Elfsight manejable y cree su extention \u00fanico.","robots":{"index":"index","follow":"follow","max-snippet":"max-snippet:-1","max-image-preview":"max-image-preview:large","max-video-preview":"max-video-preview:-1"},"canonical":"https:\/\/elfsight.com\/es\/audio-player-widget\/joomla\/","og_locale":"es_ES","og_type":"article","og_title":"Audio Player - Empotrar extention de Reproductor de Audio al Joomla","og_description":"Instala un module interactivo de Audio Player en su sitio web de Joomla. Lance la demo de Elfsight manejable y cree su extention \u00fanico.","og_url":"https:\/\/elfsight.com\/es\/audio-player-widget\/joomla\/","og_site_name":"Elfsight ES","article_modified_time":"2025-02-06T15:24:56+00:00","twitter_card":"summary_large_image","twitter_misc":{"Tiempo de lectura":"1 minuto"},"schema":{"@context":"https:\/\/schema.org","@graph":[{"@type":"WebPage","@id":"https:\/\/elfsight.com\/es\/audio-player-widget\/joomla\/","url":"https:\/\/elfsight.com\/es\/audio-player-widget\/joomla\/","name":"Audio Player - Empotrar extention de Reproductor de Audio al Joomla","isPartOf":{"@id":"https:\/\/elfsight.com\/es\/#website"},"datePublished":"2022-02-11T11:02:14+00:00","dateModified":"2025-02-06T15:24:56+00:00","description":"Instala un module interactivo de Audio Player en su sitio web de Joomla. Lance la demo de Elfsight manejable y cree su extention \u00fanico.","breadcrumb":{"@id":"https:\/\/elfsight.com\/es\/audio-player-widget\/joomla\/#breadcrumb"},"inLanguage":"es","potentialAction":[{"@type":"ReadAction","target":["https:\/\/elfsight.com\/es\/audio-player-widget\/joomla\/"]}]},{"@type":"BreadcrumbList","@id":"https:\/\/elfsight.com\/es\/audio-player-widget\/joomla\/#breadcrumb","itemListElement":[{"@type":"ListItem","position":1,"name":"Home","item":"https:\/\/elfsight.com\/es\/"},{"@type":"ListItem","position":2,"name":"Audio Player","item":"https:\/\/elfsight.com\/es\/audio-player-widget\/"},{"@type":"ListItem","position":3,"name":"Audio Player &#8211; Joomla"}]},{"@type":"WebSite","@id":"https:\/\/elfsight.com\/es\/#website","url":"https:\/\/elfsight.com\/es\/","name":"Elfsight ES","description":"Just another Elfsight Sites site","potentialAction":[{"@type":"SearchAction","target":{"@type":"EntryPoint","urlTemplate":"https:\/\/elfsight.com\/es\/?s={search_term_string}"},"query-input":{"@type":"PropertyValueSpecification","valueRequired":true,"valueName":"search_term_string"}}],"inLanguage":"es"}]}},"meta_box":{"industry":"","seo_heading":"","heading":"","description":"","cta_heading":"","cta_description":"","application":"480","h1":"extensi\u00f3n de reproductor de audio para Joomla","h1_caption":"Incluya archivos de audio en todos los formatos mundialmente conocidos a su sitio web","application_category":[],"applications_title":"","applications_request_title":"","applications_request_button_text":"","hero_text":"","hero_video":"","hero_video_schema_markup":"","selling_points_title":"","selling_points_caption":"","selling_points":[],"selling_points_cta_text":"","features_title":"","features":"","ed_cta_examples_text":"","ed_cta_examples_hidden":"","ed_cta_demo_text":"","ed_cta_demo_hidden":"","why_caption":"","why_editor_title":"","why_editor_text":"","why_team_title":"","why_team_text":"","why_service_title":"","why_service_text":"","template_catalog_visible":"","template_catalog_title":"","template_catalog_text":"","template_catalog_categories_visible":"","demo_title":"Crea tu complemento de reproductor de audio","demo_caption":"\u00a1Configure su reproductor de audio y agr\u00e9guelo a su sitio web Joomla gratis!","default_faq_hidden":"","app_template_category":[],"platform":"73","template_public_id":"","codecanyon_url":"","codecanyon_item_id":"","codecanyon_price":"","pricing_caption":"","pricing_elfsight_apps_hide_column":"","pricing_elfsight_apps_url":"","pricing_codecanyon_price_caption":"","integration_category":[],"integration_request_title":"","integration_request_cta":"","integration_platform":"","integrations":[],"platform_category":[],"video_schema_markup":"","price":"desde $0 por mes","trial":"","benefits":[{"text":"Instalaci\u00f3n gratuita"},{"text":"Soporte Premium"},{"text":"14 d\u00edas garant\u00eda de reembolso"},{"text":"Actualizaciones regulares"}],"button_url":"#demo","button_target_blank":"0","button_nofollow":"0","attributes":[{"name":"Responsivo","content":"Si","_state":"expanded"},{"name":"Navegadores compatibles","content":"Firefox, Safari, Opera, Chrome, Edge","_state":"expanded"}],"tags":[],"tags_disable_links":"0","hide_more_platforms":"","video_object":"","demo_hide_cta":"0","demo_hide_cloud_options":"0","pricing_title":"","pricing":[{"pricing_icon":"platform","pricing_title":" Elfsight Apps","pricing_title_caption":"Soluci\u00f3n multiplataforma - valido para cualquier p\u00e1gina web","pricing_price":"desde $0 por mes","pricing_price_caption":"empezar con un plan gratuito","pricing_benefits":[{"text":"Sitios web ilimitados"},{"text":"Atenci\u00f3n al cliente gratuita y r\u00e1pida"},{"text":"Servicio de instalaci\u00f3n gratuito"},{"text":"Totalmente personalizable"}],"pricing_button_text":"Agregar al sitio web","pricing_button_url":"#demo","_state":"expanded"}],"related_apps_title":"","related_apps_hidden":"1","author":"","image":[],"title":"","job":"","social_networks":[]},"_links":{"self":[{"href":"https:\/\/elfsight.com\/es\/wp-json\/wp\/v2\/pages\/4583","targetHints":{"allow":["GET"]}}],"collection":[{"href":"https:\/\/elfsight.com\/es\/wp-json\/wp\/v2\/pages"}],"about":[{"href":"https:\/\/elfsight.com\/es\/wp-json\/wp\/v2\/types\/page"}],"author":[{"embeddable":true,"href":"https:\/\/elfsight.com\/es\/wp-json\/wp\/v2\/users\/18"}],"replies":[{"embeddable":true,"href":"https:\/\/elfsight.com\/es\/wp-json\/wp\/v2\/comments?post=4583"}],"version-history":[{"count":3,"href":"https:\/\/elfsight.com\/es\/wp-json\/wp\/v2\/pages\/4583\/revisions"}],"predecessor-version":[{"id":18252,"href":"https:\/\/elfsight.com\/es\/wp-json\/wp\/v2\/pages\/4583\/revisions\/18252"}],"up":[{"embeddable":true,"href":"https:\/\/elfsight.com\/es\/wp-json\/wp\/v2\/pages\/481"}],"wp:attachment":[{"href":"https:\/\/elfsight.com\/es\/wp-json\/wp\/v2\/media?parent=4583"}],"curies":[{"name":"wp","href":"https:\/\/api.w.org\/{rel}","templated":true}]}}