{"id":4580,"date":"2022-02-11T11:00:52","date_gmt":"2022-02-11T11:00:52","guid":{"rendered":"https:\/\/elfsight.com\/es\/?page_id=4580"},"modified":"2025-02-06T15:25:07","modified_gmt":"2025-02-06T15:25:07","slug":"iframe","status":"publish","type":"page","link":"https:\/\/elfsight.com\/es\/audio-player-widget\/iframe\/","title":{"rendered":"Audio Player &#8211; iFrame"},"content":{"rendered":"<div class=\"application-platform-content-item-description application-platform-content-item\" id=\"description\" data-nav-section=\"description\"> <h2>Incrustar el reproductor de audio en iFrame con el widget de Elfsight<\/h2> <p>El reproductor de m\u00fasica de Elfsight es un widget sencillo para sitios web con iFrame que te permite transmitir pistas de audio directamente en tu p\u00e1gina principal. La herramienta es muy ajustable: puedes cambiar su ubicaci\u00f3n, coloc\u00e1ndola en cualquier parte de la p\u00e1gina, modificar su tama\u00f1o, repintar el fondo y todas las dem\u00e1s partes para que se mezcle con el dise\u00f1o de tu sitio, utilizar un esquema de colores oscuro, mostrar portadas y mostrar u ocultar cuatro componentes adicionales del reproductor, como la barra de progreso, el encabezado y otros. Carga tantas pistas como desees para atraer a tus visitantes, activa la reproducci\u00f3n autom\u00e1tica y no dudes: \u00a1tus visitantes no abandonar\u00e1n tu sitio r\u00e1pidamente!<\/p> <p><b>Con el widget de audio de Elfsight, logra un crecimiento empresarial m\u00e1s r\u00e1pido y aumenta las ventas.<\/b><\/p> <\/div> <div class=\"application-platform-content-item-features application-platform-content-item\" id=\"features\" data-nav-section=\"features\"> <h2>El widget ofrece funciones pr\u00e1cticas y sencillas, ve algunas de ellas:<\/h2> <ul><li>Variaciones de color<\/li> <li>Tema de color oscuro\/claro<\/li> <li>Dise\u00f1o adaptativo<\/li> <li>2 dise\u00f1os aplicables<\/li> <li>Oportunidad de agregar una imagen de fondo<\/li> <\/ul><p><a href=\"#demo\">Simplemente revisa esta demo para ver lo que vale el widget<\/a><\/p> <\/div> <div class=\"application-platform-content-item-installation application-platform-content-item\" id=\"installation\" data-nav-section=\"installation\"> <h2>\u00bfC\u00f3mo puedo agregar el reproductor de m\u00fasica a mi sitio web con iFrame?<\/h2> <p>Sigue los pasos descritos a continuaci\u00f3n para integrar la herramienta.<\/p> <ol><li><b>Usa nuestra demo gratuita y empieza a personalizar tu widget.<\/b><br> Determina el dise\u00f1o y las opciones adecuadas para la herramienta y aplica las modificaciones.<\/li><li><b>Copiar tu c\u00f3digo personal que aparece en el cuadro de Elfsight Apps<\/b><br> Cuando la configuraci\u00f3n de tu herramienta est\u00e9 lista, copia el c\u00f3digo personal en el popup emergido y gu\u00e1rdalo para usarlo m\u00e1s tarde.<\/li><li><b>Comienza a usar el widget de audio en tu sitio web con iFrame<\/b><br> Inserta el c\u00f3digo copiado recientemente en tu p\u00e1gina de inicio y guarda los cambios.<\/li><li><b>\u00a1La configuraci\u00f3n est\u00e1 completamente terminada!<\/b><br> Visita tu sitio web para ver c\u00f3mo funciona el widget.<\/li><\/ol> <p>Si tienes preguntas o encuentras alg\u00fan obst\u00e1culo, no dudes en buscar ayuda de nuestro equipo de soporte. Nuestro personal est\u00e1 dispuesto a ayudarte con todos los problemas que puedas tener con el producto.<\/p> <div class=\"faq\" data-component=\"FAQ\"><div class=\"faq-item\">\r\n\t\t\t\t\t<div class=\"faq-item-question\">\r\n\t\t\t\t\t\t<h3 class=\"faq-item-question-text\">\u00bfC\u00f3mo puedo incrustar un widget de reproductor de audio en iFrame en mi sitio web de Squarespace sin habilidades de codificaci\u00f3n?<\/h3>\r\n\r\n\t\t\t\t\t\t<div class=\"faq-item-question-icon\"><\/div>\r\n\t\t\t\t\t<\/div>\r\n\r\n\t\t\t\t\t<div class=\"faq-item-answer\">\r\n\t\t\t\t\t\t<div class=\"faq-item-answer-text\"><p>Elfsight ofrece una soluci\u00f3n basada en la nube que permite a los usuarios incrustar un widget de reproductor de audio en iFrame por su cuenta, ve lo sencillo que es el proceso:<\/p><ul><li>Accede al Editor en l\u00ednea para crear una secci\u00f3n de widget de reproductor de audio en iFrame que te gustar\u00eda integrar en tu sitio de Squarespace.<\/li><li>Elige una de nuestras plantillas pre-dise\u00f1adas y personaliza los ajustes del widget de reproductor de audio en iFrame, modifica el dise\u00f1o y el esquema de colores, incluye tu contenido sin necesidad de codificaci\u00f3n.<\/li><li>Guarda los ajustes que has configurado para el widget de reproductor de audio en iFrame y obtiene el c\u00f3digo del widget para incrustarlo, que podr\u00e1s a\u00f1adir f\u00e1cilmente a tu sitio de Squarespace de forma gratuita.<\/li><\/ul><p>Al trabajar en el Editor f\u00e1cil de usar, cualquier usuario de internet puede crear una secci\u00f3n de widget de reproductor de audio en iFrame e incrustarla en su sitio web de Squarespace. No es necesario pagar ni revelar tu informaci\u00f3n de tarjeta para acceder al Editor de Elfsight. Si encuentras dificultades en alg\u00fan momento, no dudes en ponerte en contacto con nuestro soporte t\u00e9cnico.<\/p><\/div>\r\n\t\t\t\t\t<\/div>\r\n\t\t\t\t<\/div><\/div><\/div>","protected":false},"excerpt":{"rendered":"","protected":false},"author":18,"featured_media":0,"parent":481,"menu_order":0,"comment_status":"closed","ping_status":"closed","template":"templates\/template-application-platform.php","meta":{"publish_to_discourse":"","publish_post_category":"","wpdc_auto_publish_overridden":"","wpdc_topic_tags":"","wpdc_pin_topic":"","wpdc_pin_until":"","discourse_post_id":"","discourse_permalink":"","wpdc_publishing_response":"","wpdc_publishing_error":"","footnotes":""},"class_list":["post-4580","page","type-page","status-publish","hentry"],"yoast_head":"<!-- This site is optimized with the Yoast SEO plugin v25.3.1 - https:\/\/yoast.com\/wordpress\/plugins\/seo\/ -->\n<title>Audio Player - Agregar widget de Reproductor de Audio al iFrame<\/title>\n<meta name=\"description\" content=\"Instala un widget interactivo de Audio Player en su p\u00e1gina web de iFrame. Pruebe la demo de Elfsight manejable y genere su widget propio.\" \/>\n<meta name=\"robots\" content=\"index, follow, max-snippet:-1, max-image-preview:large, max-video-preview:-1\" \/>\n<link rel=\"canonical\" href=\"https:\/\/elfsight.com\/es\/audio-player-widget\/iframe\/\" \/>\n<meta property=\"og:locale\" content=\"es_ES\" \/>\n<meta property=\"og:type\" content=\"article\" \/>\n<meta property=\"og:title\" content=\"Audio Player - Agregar widget de Reproductor de Audio al iFrame\" \/>\n<meta property=\"og:description\" content=\"Instala un widget interactivo de Audio Player en su p\u00e1gina web de iFrame. Pruebe la demo de Elfsight manejable y genere su widget propio.\" \/>\n<meta property=\"og:url\" content=\"https:\/\/elfsight.com\/es\/audio-player-widget\/iframe\/\" \/>\n<meta property=\"og:site_name\" content=\"Elfsight ES\" \/>\n<meta property=\"article:modified_time\" content=\"2025-02-06T15:25:07+00:00\" \/>\n<meta name=\"twitter:card\" content=\"summary_large_image\" \/>\n<meta name=\"twitter:label1\" content=\"Tiempo de lectura\" \/>\n\t<meta name=\"twitter:data1\" content=\"1 minuto\" \/>\n<!-- \/ Yoast SEO plugin. -->","yoast_head_json":{"title":"Audio Player - Agregar widget de Reproductor de Audio al iFrame","description":"Instala un widget interactivo de Audio Player en su p\u00e1gina web de iFrame. Pruebe la demo de Elfsight manejable y genere su widget propio.","robots":{"index":"index","follow":"follow","max-snippet":"max-snippet:-1","max-image-preview":"max-image-preview:large","max-video-preview":"max-video-preview:-1"},"canonical":"https:\/\/elfsight.com\/es\/audio-player-widget\/iframe\/","og_locale":"es_ES","og_type":"article","og_title":"Audio Player - Agregar widget de Reproductor de Audio al iFrame","og_description":"Instala un widget interactivo de Audio Player en su p\u00e1gina web de iFrame. Pruebe la demo de Elfsight manejable y genere su widget propio.","og_url":"https:\/\/elfsight.com\/es\/audio-player-widget\/iframe\/","og_site_name":"Elfsight ES","article_modified_time":"2025-02-06T15:25:07+00:00","twitter_card":"summary_large_image","twitter_misc":{"Tiempo de lectura":"1 minuto"},"schema":{"@context":"https:\/\/schema.org","@graph":[{"@type":"WebPage","@id":"https:\/\/elfsight.com\/es\/audio-player-widget\/iframe\/","url":"https:\/\/elfsight.com\/es\/audio-player-widget\/iframe\/","name":"Audio Player - Agregar widget de Reproductor de Audio al iFrame","isPartOf":{"@id":"https:\/\/elfsight.com\/es\/#website"},"datePublished":"2022-02-11T11:00:52+00:00","dateModified":"2025-02-06T15:25:07+00:00","description":"Instala un widget interactivo de Audio Player en su p\u00e1gina web de iFrame. Pruebe la demo de Elfsight manejable y genere su widget propio.","breadcrumb":{"@id":"https:\/\/elfsight.com\/es\/audio-player-widget\/iframe\/#breadcrumb"},"inLanguage":"es","potentialAction":[{"@type":"ReadAction","target":["https:\/\/elfsight.com\/es\/audio-player-widget\/iframe\/"]}]},{"@type":"BreadcrumbList","@id":"https:\/\/elfsight.com\/es\/audio-player-widget\/iframe\/#breadcrumb","itemListElement":[{"@type":"ListItem","position":1,"name":"Home","item":"https:\/\/elfsight.com\/es\/"},{"@type":"ListItem","position":2,"name":"Audio Player","item":"https:\/\/elfsight.com\/es\/audio-player-widget\/"},{"@type":"ListItem","position":3,"name":"Audio Player &#8211; iFrame"}]},{"@type":"WebSite","@id":"https:\/\/elfsight.com\/es\/#website","url":"https:\/\/elfsight.com\/es\/","name":"Elfsight ES","description":"Just another Elfsight Sites site","potentialAction":[{"@type":"SearchAction","target":{"@type":"EntryPoint","urlTemplate":"https:\/\/elfsight.com\/es\/?s={search_term_string}"},"query-input":{"@type":"PropertyValueSpecification","valueRequired":true,"valueName":"search_term_string"}}],"inLanguage":"es"}]}},"meta_box":{"industry":"","seo_heading":"","heading":"","description":"","cta_heading":"","cta_description":"","application":"480","h1":"widget de reproductor de audio para iFrame","h1_caption":"Incrusta archivos de audio en todos los extensiones populares a su p\u00e1gina","application_category":[],"applications_title":"","applications_request_title":"","applications_request_button_text":"","hero_text":"","hero_video":"","hero_video_schema_markup":"","selling_points_title":"","selling_points_caption":"","selling_points":[],"selling_points_cta_text":"","features_title":"","features":"","ed_cta_examples_text":"","ed_cta_examples_hidden":"","ed_cta_demo_text":"","ed_cta_demo_hidden":"","why_caption":"","why_editor_title":"","why_editor_text":"","why_team_title":"","why_team_text":"","why_service_title":"","why_service_text":"","template_catalog_visible":"","template_catalog_title":"","template_catalog_text":"","template_catalog_categories_visible":"","demo_title":"Crea tu widget de reproductor de audio","demo_caption":"\u00a1Configure su reproductor de audio y agr\u00e9guelo a su sitio web iFrame gratis!","default_faq_hidden":"","app_template_category":[],"platform":"2192","template_public_id":"","codecanyon_url":"","codecanyon_item_id":"","codecanyon_price":"","pricing_caption":"","pricing_elfsight_apps_hide_column":"","pricing_elfsight_apps_url":"","pricing_codecanyon_price_caption":"","integration_category":[],"integration_request_title":"","integration_request_cta":"","integration_platform":"","integrations":[],"platform_category":[],"video_schema_markup":"","price":"desde $0 por mes","trial":"","benefits":[{"text":"Instalaci\u00f3n gratuita"},{"text":"Soporte Premium"},{"text":"14 d\u00edas garant\u00eda de reembolso"},{"text":"Actualizaciones regulares"}],"button_url":"#demo","button_target_blank":"0","button_nofollow":"0","attributes":[{"name":"Responsivo","content":"Si","_state":"expanded"},{"name":"Navegadores compatibles","content":"Firefox, Safari, Opera, Chrome, Edge","_state":"expanded"}],"tags":[],"tags_disable_links":"0","hide_more_platforms":"","video_object":"","demo_hide_cta":"0","demo_hide_cloud_options":"0","pricing_title":"","pricing":[{"pricing_icon":"platform","pricing_title":" Elfsight Apps","pricing_title_caption":"Soluci\u00f3n multiplataforma - valido para cualquier p\u00e1gina web","pricing_price":"desde $0 por mes","pricing_price_caption":"empezar con un plan gratuito","pricing_benefits":[{"text":"Sitios web ilimitados"},{"text":"Atenci\u00f3n al cliente gratuita y r\u00e1pida"},{"text":"Servicio de instalaci\u00f3n gratuito"},{"text":"Totalmente personalizable"}],"pricing_button_text":"Agregar al sitio web","pricing_button_url":"#demo","_state":"expanded"}],"related_apps_title":"","related_apps_hidden":"1","author":"","image":[],"title":"","job":"","social_networks":[]},"_links":{"self":[{"href":"https:\/\/elfsight.com\/es\/wp-json\/wp\/v2\/pages\/4580","targetHints":{"allow":["GET"]}}],"collection":[{"href":"https:\/\/elfsight.com\/es\/wp-json\/wp\/v2\/pages"}],"about":[{"href":"https:\/\/elfsight.com\/es\/wp-json\/wp\/v2\/types\/page"}],"author":[{"embeddable":true,"href":"https:\/\/elfsight.com\/es\/wp-json\/wp\/v2\/users\/18"}],"replies":[{"embeddable":true,"href":"https:\/\/elfsight.com\/es\/wp-json\/wp\/v2\/comments?post=4580"}],"version-history":[{"count":3,"href":"https:\/\/elfsight.com\/es\/wp-json\/wp\/v2\/pages\/4580\/revisions"}],"predecessor-version":[{"id":18254,"href":"https:\/\/elfsight.com\/es\/wp-json\/wp\/v2\/pages\/4580\/revisions\/18254"}],"up":[{"embeddable":true,"href":"https:\/\/elfsight.com\/es\/wp-json\/wp\/v2\/pages\/481"}],"wp:attachment":[{"href":"https:\/\/elfsight.com\/es\/wp-json\/wp\/v2\/media?parent=4580"}],"curies":[{"name":"wp","href":"https:\/\/api.w.org\/{rel}","templated":true}]}}