{"id":4578,"date":"2022-02-11T11:00:43","date_gmt":"2022-02-11T11:00:43","guid":{"rendered":"https:\/\/elfsight.com\/es\/?page_id=4578"},"modified":"2025-02-06T15:25:07","modified_gmt":"2025-02-06T15:25:07","slug":"woocommerce","status":"publish","type":"page","link":"https:\/\/elfsight.com\/es\/age-verification-widget\/woocommerce\/","title":{"rendered":"Age Verification &#8211; WooCommerce"},"content":{"rendered":"<div class=\"application-platform-content-item-description application-platform-content-item\" id=\"description\" data-nav-section=\"description\"><h2>Descripci\u00f3n<\/h2><p>Este widget ser\u00e1 el m\u00e9todo m\u00e1s r\u00e1pido para configurar una ventana de carga que verifique la edad del visitante de tu sitio web. El widget har\u00e1 que el contenido restringido por edad sea accesible para los usuarios mayores de edad y lo ocultar\u00e1 para la categor\u00eda de menores. Puedes seleccionar la restricci\u00f3n de edad requerida, elegir el formulario de verificaci\u00f3n, introducir el widget en todas o solo algunas p\u00e1ginas y asignar la acci\u00f3n. El estilo es f\u00e1cilmente personalizable, incluyendo detalles pintables y la posibilidad de mostrar im\u00e1genes personalizadas.<\/p><\/div> <div class=\"application-platform-content-item-features application-platform-content-item\" id=\"features\" data-nav-section=\"features\"><h2>Conoce la lista de las mejores caracter\u00edsticas:<\/h2><ul><li>Selecciona uno de los tipos de verificaci\u00f3n: solicitud de fecha completa de nacimiento, solo el a\u00f1o de nacimiento o una pregunta con opciones de S\u00ed y No;<\/li><li>Elige recordar a los visitantes por cualquier periodo de tiempo en d\u00edas;<\/li><li>Dos escenarios para visitantes menores de edad: mostrar un texto personalizado o redirigir al usuario a otra p\u00e1gina o sitio;<\/li><li>Agrega cualquier imagen para la ventana emergente de verificaci\u00f3n;<\/li><li>Muestra detalles detallados y enlaces debajo del bot\u00f3n de verificaci\u00f3n.<\/li><\/ul><p><a href=\"#demo\">Prueba todas las opciones de personalizaci\u00f3n en la demo completa<\/a><\/p><\/div><div class=\"application-platform-content-item-installation application-platform-content-item\" id=\"installation\" data-nav-section=\"installation\"><h2>\u00bfC\u00f3mo agregar la verificaci\u00f3n de edad en mi p\u00e1gina de WooCommerce?<\/h2><p>Sigue los pasos que se indican a continuaci\u00f3n para comenzar a trabajar con el plugin.<\/p><ol><li><b>Usa nuestro editor gratuito y comienza a personalizar tu propio plugin.<\/b><br>Determina la interfaz y las opciones adecuadas para la herramienta y guarda los cambios.<\/li><li><b>Obt\u00e9n el c\u00f3digo personal revelado en la ventana de Elfsight Apps.<\/b><br>Cuando se haya configurado tu plugin personal, copia el c\u00f3digo exclusivo en el popup emergido y gu\u00e1rdalo para m\u00e1s tarde.<\/li><li><b>Comienza a usar el widget en tu sitio web de WooCommerce.<\/b><br>Ingresa el c\u00f3digo copiado anteriormente en tu p\u00e1gina de inicio y aplica los cambios.<\/li><li><b>\u00a1Listo! La integraci\u00f3n se realiz\u00f3 con \u00e9xito.<\/b><br>Visita tu sitio web para ver c\u00f3mo funciona el plugin.<\/li><\/ol><p>Si tienes alguna dificultad, no dudes en ponerte en contacto con nuestro equipo de atenci\u00f3n al cliente. Nuestros consultores est\u00e1n dispuestos a resolver todos los problemas que puedas tener con el producto.<\/p><div class=\"faq\" data-component=\"FAQ\"> <div class=\"faq-item\">\r\n\t\t\t\t\t<div class=\"faq-item-question\">\r\n\t\t\t\t\t\t<h3 class=\"faq-item-question-text\">\u00bfC\u00f3mo agregar la verificaci\u00f3n de edad a mi sitio web de WooCommerce sin habilidades de codificaci\u00f3n?<\/h3>\r\n\r\n\t\t\t\t\t\t<div class=\"faq-item-question-icon\"><\/div>\r\n\t\t\t\t\t<\/div>\r\n\r\n\t\t\t\t\t<div class=\"faq-item-answer\">\r\n\t\t\t\t\t\t<div class=\"faq-item-answer-text\"> <p>Elfsight proporciona una soluci\u00f3n SaaS que te permite crear un widget de verificaci\u00f3n de edad por ti mismo, ve lo f\u00e1cil que es el proceso: Trabaja directamente en el Editor en l\u00ednea para crear un widget de verificaci\u00f3n de edad que te gustar\u00eda ver en tu sitio de WooCommerce. Elige una de las plantillas prehechas y ajusta la configuraci\u00f3n de la verificaci\u00f3n de edad, agrega tu contenido, cambia el dise\u00f1o y los colores sin necesidad de habilidades de codificaci\u00f3n. Guarda la verificaci\u00f3n de edad y copia su c\u00f3digo de instalaci\u00f3n, que podr\u00e1s incrustar f\u00e1cilmente en tu sitio de WooCommerce sin necesidad de comprar una versi\u00f3n de pago. Con nuestro Editor intuitivo, cualquier usuario de internet puede crear un widget de verificaci\u00f3n de edad en l\u00ednea e incrustarlo f\u00e1cilmente en su sitio web de WooCommerce. No es necesario pagar ni ingresar los datos de tu tarjeta para acceder al servicio. Si encuentras problemas en alg\u00fan paso, no dudes en contactar con nuestro equipo de soporte t\u00e9cnico.<\/p> <\/div>\r\n\t\t\t\t\t<\/div>\r\n\t\t\t\t<\/div> <\/div> <\/div>","protected":false},"excerpt":{"rendered":"","protected":false},"author":18,"featured_media":0,"parent":373,"menu_order":0,"comment_status":"closed","ping_status":"closed","template":"templates\/template-application-platform.php","meta":{"publish_to_discourse":"","publish_post_category":"","wpdc_auto_publish_overridden":"","wpdc_topic_tags":"","wpdc_pin_topic":"","wpdc_pin_until":"","discourse_post_id":"","discourse_permalink":"","wpdc_publishing_response":"","wpdc_publishing_error":"","footnotes":""},"class_list":["post-4578","page","type-page","status-publish","hentry"],"yoast_head":"<!-- This site is optimized with the Yoast SEO plugin v25.3.1 - https:\/\/yoast.com\/wordpress\/plugins\/seo\/ -->\n<title>Verificaci\u00f3n de la Edad - Embeber plugin de Comprobaci\u00f3n de la Edad al WooCommerce<\/title>\n<meta name=\"description\" content=\"Instala un widget atractivo de Verificaci\u00f3n de la Edad en su sitio web de WooCommerce. Use la demo de Elfsight manejable y genere su plugin personalizado.\" \/>\n<meta name=\"robots\" content=\"index, follow, max-snippet:-1, max-image-preview:large, max-video-preview:-1\" \/>\n<link rel=\"canonical\" href=\"https:\/\/elfsight.com\/es\/age-verification-widget\/woocommerce\/\" \/>\n<meta property=\"og:locale\" content=\"es_ES\" \/>\n<meta property=\"og:type\" content=\"article\" \/>\n<meta property=\"og:title\" content=\"Verificaci\u00f3n de la Edad - Embeber plugin de Comprobaci\u00f3n de la Edad al WooCommerce\" \/>\n<meta property=\"og:description\" content=\"Instala un widget atractivo de Verificaci\u00f3n de la Edad en su sitio web de WooCommerce. Use la demo de Elfsight manejable y genere su plugin personalizado.\" \/>\n<meta property=\"og:url\" content=\"https:\/\/elfsight.com\/es\/age-verification-widget\/woocommerce\/\" \/>\n<meta property=\"og:site_name\" content=\"Elfsight ES\" \/>\n<meta property=\"article:modified_time\" content=\"2025-02-06T15:25:07+00:00\" \/>\n<meta name=\"twitter:card\" content=\"summary_large_image\" \/>\n<meta name=\"twitter:label1\" content=\"Tiempo de lectura\" \/>\n\t<meta name=\"twitter:data1\" content=\"2 minutos\" \/>\n<!-- \/ Yoast SEO plugin. -->","yoast_head_json":{"title":"Verificaci\u00f3n de la Edad - Embeber plugin de Comprobaci\u00f3n de la Edad al WooCommerce","description":"Instala un widget atractivo de Verificaci\u00f3n de la Edad en su sitio web de WooCommerce. Use la demo de Elfsight manejable y genere su plugin personalizado.","robots":{"index":"index","follow":"follow","max-snippet":"max-snippet:-1","max-image-preview":"max-image-preview:large","max-video-preview":"max-video-preview:-1"},"canonical":"https:\/\/elfsight.com\/es\/age-verification-widget\/woocommerce\/","og_locale":"es_ES","og_type":"article","og_title":"Verificaci\u00f3n de la Edad - Embeber plugin de Comprobaci\u00f3n de la Edad al WooCommerce","og_description":"Instala un widget atractivo de Verificaci\u00f3n de la Edad en su sitio web de WooCommerce. Use la demo de Elfsight manejable y genere su plugin personalizado.","og_url":"https:\/\/elfsight.com\/es\/age-verification-widget\/woocommerce\/","og_site_name":"Elfsight ES","article_modified_time":"2025-02-06T15:25:07+00:00","twitter_card":"summary_large_image","twitter_misc":{"Tiempo de lectura":"2 minutos"},"schema":{"@context":"https:\/\/schema.org","@graph":[{"@type":"WebPage","@id":"https:\/\/elfsight.com\/es\/age-verification-widget\/woocommerce\/","url":"https:\/\/elfsight.com\/es\/age-verification-widget\/woocommerce\/","name":"Verificaci\u00f3n de la Edad - Embeber plugin de Comprobaci\u00f3n de la Edad al WooCommerce","isPartOf":{"@id":"https:\/\/elfsight.com\/es\/#website"},"datePublished":"2022-02-11T11:00:43+00:00","dateModified":"2025-02-06T15:25:07+00:00","description":"Instala un widget atractivo de Verificaci\u00f3n de la Edad en su sitio web de WooCommerce. Use la demo de Elfsight manejable y genere su plugin personalizado.","breadcrumb":{"@id":"https:\/\/elfsight.com\/es\/age-verification-widget\/woocommerce\/#breadcrumb"},"inLanguage":"es","potentialAction":[{"@type":"ReadAction","target":["https:\/\/elfsight.com\/es\/age-verification-widget\/woocommerce\/"]}]},{"@type":"BreadcrumbList","@id":"https:\/\/elfsight.com\/es\/age-verification-widget\/woocommerce\/#breadcrumb","itemListElement":[{"@type":"ListItem","position":1,"name":"Home","item":"https:\/\/elfsight.com\/es\/"},{"@type":"ListItem","position":2,"name":"Age Verification","item":"https:\/\/elfsight.com\/es\/age-verification-widget\/"},{"@type":"ListItem","position":3,"name":"Age Verification &#8211; WooCommerce"}]},{"@type":"WebSite","@id":"https:\/\/elfsight.com\/es\/#website","url":"https:\/\/elfsight.com\/es\/","name":"Elfsight ES","description":"Just another Elfsight Sites site","potentialAction":[{"@type":"SearchAction","target":{"@type":"EntryPoint","urlTemplate":"https:\/\/elfsight.com\/es\/?s={search_term_string}"},"query-input":{"@type":"PropertyValueSpecification","valueRequired":true,"valueName":"search_term_string"}}],"inLanguage":"es"}]}},"meta_box":{"industry":"","seo_heading":"","heading":"","description":"","cta_heading":"","cta_description":"","application":"366","h1":"complemento de Verificaci\u00f3n de la Edad para WooCommerce","h1_caption":"Aseg\u00farese de que se acceda al contenido sensible a la edad de manera responsable con una aplicaci\u00f3n de verificaci\u00f3n de edad simple y personalizable en su sitio web WooCommerce sin esfuerzo.","application_category":[],"applications_title":"","applications_request_title":"","applications_request_button_text":"","hero_text":"","hero_video":"","hero_video_schema_markup":"","selling_points_title":"","selling_points_caption":"","selling_points":[],"selling_points_cta_text":"","features_title":"","features":"","ed_cta_examples_text":"","ed_cta_examples_hidden":"","ed_cta_demo_text":"","ed_cta_demo_hidden":"","why_caption":"","why_editor_title":"","why_editor_text":"","why_team_title":"","why_team_text":"","why_service_title":"","why_service_text":"","template_catalog_visible":"","template_catalog_title":"","template_catalog_text":"","template_catalog_categories_visible":"","demo_title":"Crea tu aplicaci\u00f3n de verificaci\u00f3n de edad","demo_caption":"\u00a1Configure su verificaci\u00f3n de edad y agr\u00e9guela a su sitio web WooCommerce de forma gratuita!","default_faq_hidden":"","app_template_category":[],"platform":"2311","template_public_id":"","codecanyon_url":"","codecanyon_item_id":"","codecanyon_price":"","pricing_caption":"","pricing_elfsight_apps_hide_column":"","pricing_elfsight_apps_url":"","pricing_codecanyon_price_caption":"","integration_category":[],"integration_request_title":"","integration_request_cta":"","integration_platform":"","integrations":[],"platform_category":[],"video_schema_markup":"","price":"desde $0 por mes","trial":"","benefits":[{"text":"Instalaci\u00f3n gratuita"},{"text":"Soporte Premium"},{"text":"14 d\u00edas garant\u00eda de reembolso"},{"text":"Actualizaciones regulares"}],"button_url":"#demo","button_target_blank":"0","button_nofollow":"0","attributes":[{"name":"Responsivo","content":"Si","_state":"expanded"},{"name":"Navegadores compatibles","content":"Firefox, Safari, Opera, Chrome, Edge","_state":"expanded"}],"tags":[],"tags_disable_links":"0","hide_more_platforms":"","video_object":"","demo_hide_cta":"0","demo_hide_cloud_options":"0","pricing_title":"","pricing":[{"pricing_icon":"platform","pricing_title":" Elfsight Apps","pricing_title_caption":"Soluci\u00f3n multiplataforma - valido para cualquier p\u00e1gina web","pricing_price":"desde $0 por mes","pricing_price_caption":"empezar con un plan gratuito","pricing_benefits":[{"text":"Sitios web ilimitados"},{"text":"Atenci\u00f3n al cliente gratuita y r\u00e1pida"},{"text":"Servicio de instalaci\u00f3n gratuito"},{"text":"Totalmente personalizable"}],"pricing_button_text":"Agregar al sitio web","pricing_button_url":"#demo","_state":"expanded"}],"related_apps_title":"","related_apps_hidden":"1","author":"","image":[],"title":"","job":"","social_networks":[]},"_links":{"self":[{"href":"https:\/\/elfsight.com\/es\/wp-json\/wp\/v2\/pages\/4578","targetHints":{"allow":["GET"]}}],"collection":[{"href":"https:\/\/elfsight.com\/es\/wp-json\/wp\/v2\/pages"}],"about":[{"href":"https:\/\/elfsight.com\/es\/wp-json\/wp\/v2\/types\/page"}],"author":[{"embeddable":true,"href":"https:\/\/elfsight.com\/es\/wp-json\/wp\/v2\/users\/18"}],"replies":[{"embeddable":true,"href":"https:\/\/elfsight.com\/es\/wp-json\/wp\/v2\/comments?post=4578"}],"version-history":[{"count":3,"href":"https:\/\/elfsight.com\/es\/wp-json\/wp\/v2\/pages\/4578\/revisions"}],"predecessor-version":[{"id":18255,"href":"https:\/\/elfsight.com\/es\/wp-json\/wp\/v2\/pages\/4578\/revisions\/18255"}],"up":[{"embeddable":true,"href":"https:\/\/elfsight.com\/es\/wp-json\/wp\/v2\/pages\/373"}],"wp:attachment":[{"href":"https:\/\/elfsight.com\/es\/wp-json\/wp\/v2\/media?parent=4578"}],"curies":[{"name":"wp","href":"https:\/\/api.w.org\/{rel}","templated":true}]}}