{"id":4574,"date":"2022-02-11T11:00:15","date_gmt":"2022-02-11T11:00:15","guid":{"rendered":"https:\/\/elfsight.com\/es\/?page_id=4574"},"modified":"2025-02-06T15:25:15","modified_gmt":"2025-02-06T15:25:15","slug":"wix","status":"publish","type":"page","link":"https:\/\/elfsight.com\/es\/age-verification-widget\/wix\/","title":{"rendered":"Age Verification &#8211; Wix"},"content":{"rendered":"<div class=\"application-platform-content-item-description application-platform-content-item\" id=\"description\" data-nav-section=\"description\"> <h2>Descripci\u00f3n<\/h2><p>El widget Elfsight es la mejor manera de organizar una notificaci\u00f3n que verifique la edad de un usuario. Nuestro widget hace que el contenido sensible a la edad est\u00e9 disponible para los adultos y lo oculte para los menores de edad. Puedes establecer la restricci\u00f3n de edad correcta, elegir el m\u00e9todo de verificaci\u00f3n, colocar el widget en todas o solo algunas p\u00e1ginas, y la acci\u00f3n que desviar\u00e1 el acceso. El aspecto es flexible con detalles pintables y la opci\u00f3n de mostrar im\u00e1genes personalizadas. <\/p> <div class=\"faq\" data-component=\"FAQ\"> <div class=\"faq-item\">\r\n\t\t\t\t\t<div class=\"faq-item-question\">\r\n\t\t\t\t\t\t<h3 class=\"faq-item-question-text\">\u00bfD\u00f3nde puedo insertar la verificaci\u00f3n de edad?<\/h3>\r\n\r\n\t\t\t\t\t\t<div class=\"faq-item-question-icon\"><\/div>\r\n\t\t\t\t\t<\/div>\r\n\r\n\t\t\t\t\t<div class=\"faq-item-answer\">\r\n\t\t\t\t\t\t<div class=\"faq-item-answer-text\"> <p>Puedes mostrar la ventana de control de edad en todas las p\u00e1ginas o elegir p\u00e1ginas espec\u00edficas. Adem\u00e1s, existe la opci\u00f3n de excluir aquellas p\u00e1ginas en las que no lo desees. <\/p> <\/div>\r\n\t\t\t\t\t<\/div>\r\n\t\t\t\t<\/div> <div class=\"faq-item\">\r\n\t\t\t\t\t<div class=\"faq-item-question\">\r\n\t\t\t\t\t\t<h3 class=\"faq-item-question-text\">\u00bfC\u00f3mo me beneficio de este plugin?<\/h3>\r\n\r\n\t\t\t\t\t\t<div class=\"faq-item-question-icon\"><\/div>\r\n\t\t\t\t\t<\/div>\r\n\r\n\t\t\t\t\t<div class=\"faq-item-answer\">\r\n\t\t\t\t\t\t<div class=\"faq-item-answer-text\"> <p>Con este widget, es muy f\u00e1cil y r\u00e1pido configurar una ventana de verificaci\u00f3n de edad y bloquear el acceso a tu contenido para usuarios menores de edad. Esto te ayudar\u00e1 a garantizar que tu sitio cumpla con la legislaci\u00f3n. Adem\u00e1s, atraer\u00e1s nuevos visitantes y clientes v\u00e1lidos. <\/p> <\/div>\r\n\t\t\t\t\t<\/div>\r\n\t\t\t\t<\/div> <div class=\"faq-item\">\r\n\t\t\t\t\t<div class=\"faq-item-question\">\r\n\t\t\t\t\t\t<h3 class=\"faq-item-question-text\">\u00bfC\u00f3mo agrego la verificaci\u00f3n de edad en mi sitio Wix?<\/h3>\r\n\r\n\t\t\t\t\t\t<div class=\"faq-item-question-icon\"><\/div>\r\n\t\t\t\t\t<\/div>\r\n\r\n\t\t\t\t\t<div class=\"faq-item-answer\">\r\n\t\t\t\t\t\t<div class=\"faq-item-answer-text\"> <p>Te llevar\u00e1 solo dos minutos configurarlo. La instalaci\u00f3n es muy r\u00e1pida, gratuita y sin necesidad de programar. <\/p> <p>Puedes agregar la verificaci\u00f3n de edad a tu p\u00e1gina web a trav\u00e9s de nuestro servicio. Para ello, consulta la gu\u00eda a continuaci\u00f3n en esta p\u00e1gina.<\/p> <\/div>\r\n\t\t\t\t\t<\/div>\r\n\t\t\t\t<\/div> <\/div> <\/div> <div class=\"application-platform-content-item-features application-platform-content-item\" id=\"features\" data-nav-section=\"features\"> <h2>Caracter\u00edsticas<\/h2> <p>Para que conozcas mejor la Verificaci\u00f3n de Edad, aqu\u00ed tienes una lista de sus principales funciones. Estas hacen que el widget sea incre\u00edblemente \u00fatil para ti: <\/p> <ul><li>Elige uno de los m\u00e9todos de verificaci\u00f3n: solicitar la fecha completa de nacimiento, solo el a\u00f1o de nacimiento, o una pregunta con opciones de S\u00ed y No;<\/li><li>Elige recordar al visitante durante un periodo de tiempo determinado en d\u00edas;<\/li><li>2 escenarios para visitantes menores de edad: mostrar un texto personalizado o redirigir al usuario a cualquier p\u00e1gina o sitio;<\/li><li>Sube tu propia imagen para agregarla a la ventana de verificaci\u00f3n;<\/li><li>Muestra texto adicional y enlaces debajo del bot\u00f3n de verificaci\u00f3n. <\/li><\/ul><p><a href=\"#demo\">Conoce todas las caracter\u00edsticas en la demo<\/a><\/p> <\/div> <div class=\"application-platform-content-item-installation application-platform-content-item\" id=\"installation\" data-nav-section=\"installation\"> <h2>Descubre c\u00f3mo colocar la Verificaci\u00f3n de Edad en tu tienda Wix. Es incre\u00edblemente f\u00e1cil y r\u00e1pido.<\/h2> <div class=\"video-container\"><iframe width=\"720\" height=\"405\" src=\"https:\/\/www.youtube.com\/embed\/wey9y44dpEE\" frameborder=\"0\" allowfullscreen=\"\"><\/iframe><\/div><p>Sigue estos pasos para a\u00f1adir el widget a tu sitio web.<\/p> <ol><li><b>Crea tu plugin de verificaci\u00f3n de edad personalizado<\/b><br> Con la ayuda de nuestro configurador gratuito, crea un plugin, selecciona un dise\u00f1o y elige otras caracter\u00edsticas de la interfaz. <\/li><li><b>Obt\u00e9n el c\u00f3digo personal para instalar el plugin<\/b><br> Despu\u00e9s de configurar tu widget, obtendr\u00e1s el c\u00f3digo de instalaci\u00f3n desde la ventana emergente en Elfsight Apps. Cop\u00edalo. <\/li> <li><b>Agrega el plugin en tu sitio Wix<\/b><br> Selecciona el \u00e1rea donde deseas incrustarlo y pega el c\u00f3digo copiado all\u00ed. Aplica los cambios. <\/li> <li><b>\u00a1Listo!<\/b><br> Ve a la p\u00e1gina web para ver tu verificaci\u00f3n de edad.<\/li> <\/ol><p>\u00bfA\u00fan tienes dudas? \u00bfNecesitas ayuda? Simplemente env\u00eda una solicitud a nuestro servicio de atenci\u00f3n al cliente. Resolveremos cualquier problema que tengas.<\/p> <\/div>","protected":false},"excerpt":{"rendered":"","protected":false},"author":18,"featured_media":0,"parent":373,"menu_order":0,"comment_status":"closed","ping_status":"closed","template":"templates\/template-application-platform.php","meta":{"publish_to_discourse":"","publish_post_category":"","wpdc_auto_publish_overridden":"","wpdc_topic_tags":"","wpdc_pin_topic":"","wpdc_pin_until":"","discourse_post_id":"","discourse_permalink":"","wpdc_publishing_response":"","wpdc_publishing_error":"","footnotes":""},"class_list":["post-4574","page","type-page","status-publish","hentry"],"yoast_head":"<!-- This site is optimized with the Yoast SEO plugin v25.3.1 - https:\/\/yoast.com\/wordpress\/plugins\/seo\/ -->\n<title>Verificaci\u00f3n de la Edad - Embeber plugin de Comprobaci\u00f3n de la Edad al Wix<\/title>\n<meta name=\"description\" content=\"Instala un widget responsivo de Verificaci\u00f3n de la Edad en su sitio de Wix. Aplique la demo de Elfsight intuitiva y genere su plugin personalizado.\" \/>\n<meta name=\"robots\" content=\"index, follow, max-snippet:-1, max-image-preview:large, max-video-preview:-1\" \/>\n<link rel=\"canonical\" href=\"https:\/\/elfsight.com\/es\/age-verification-widget\/wix\/\" \/>\n<meta property=\"og:locale\" content=\"es_ES\" \/>\n<meta property=\"og:type\" content=\"article\" \/>\n<meta property=\"og:title\" content=\"Verificaci\u00f3n de la Edad - Embeber plugin de Comprobaci\u00f3n de la Edad al Wix\" \/>\n<meta property=\"og:description\" content=\"Instala un widget responsivo de Verificaci\u00f3n de la Edad en su sitio de Wix. Aplique la demo de Elfsight intuitiva y genere su plugin personalizado.\" \/>\n<meta property=\"og:url\" content=\"https:\/\/elfsight.com\/es\/age-verification-widget\/wix\/\" \/>\n<meta property=\"og:site_name\" content=\"Elfsight ES\" \/>\n<meta property=\"article:modified_time\" content=\"2025-02-06T15:25:15+00:00\" \/>\n<meta name=\"twitter:card\" content=\"summary_large_image\" \/>\n<meta name=\"twitter:label1\" content=\"Tiempo de lectura\" \/>\n\t<meta name=\"twitter:data1\" content=\"2 minutos\" \/>\n<!-- \/ Yoast SEO plugin. -->","yoast_head_json":{"title":"Verificaci\u00f3n de la Edad - Embeber plugin de Comprobaci\u00f3n de la Edad al Wix","description":"Instala un widget responsivo de Verificaci\u00f3n de la Edad en su sitio de Wix. Aplique la demo de Elfsight intuitiva y genere su plugin personalizado.","robots":{"index":"index","follow":"follow","max-snippet":"max-snippet:-1","max-image-preview":"max-image-preview:large","max-video-preview":"max-video-preview:-1"},"canonical":"https:\/\/elfsight.com\/es\/age-verification-widget\/wix\/","og_locale":"es_ES","og_type":"article","og_title":"Verificaci\u00f3n de la Edad - Embeber plugin de Comprobaci\u00f3n de la Edad al Wix","og_description":"Instala un widget responsivo de Verificaci\u00f3n de la Edad en su sitio de Wix. Aplique la demo de Elfsight intuitiva y genere su plugin personalizado.","og_url":"https:\/\/elfsight.com\/es\/age-verification-widget\/wix\/","og_site_name":"Elfsight ES","article_modified_time":"2025-02-06T15:25:15+00:00","twitter_card":"summary_large_image","twitter_misc":{"Tiempo de lectura":"2 minutos"},"schema":{"@context":"https:\/\/schema.org","@graph":[{"@type":"WebPage","@id":"https:\/\/elfsight.com\/es\/age-verification-widget\/wix\/","url":"https:\/\/elfsight.com\/es\/age-verification-widget\/wix\/","name":"Verificaci\u00f3n de la Edad - Embeber plugin de Comprobaci\u00f3n de la Edad al Wix","isPartOf":{"@id":"https:\/\/elfsight.com\/es\/#website"},"datePublished":"2022-02-11T11:00:15+00:00","dateModified":"2025-02-06T15:25:15+00:00","description":"Instala un widget responsivo de Verificaci\u00f3n de la Edad en su sitio de Wix. Aplique la demo de Elfsight intuitiva y genere su plugin personalizado.","breadcrumb":{"@id":"https:\/\/elfsight.com\/es\/age-verification-widget\/wix\/#breadcrumb"},"inLanguage":"es","potentialAction":[{"@type":"ReadAction","target":["https:\/\/elfsight.com\/es\/age-verification-widget\/wix\/"]}]},{"@type":"BreadcrumbList","@id":"https:\/\/elfsight.com\/es\/age-verification-widget\/wix\/#breadcrumb","itemListElement":[{"@type":"ListItem","position":1,"name":"Home","item":"https:\/\/elfsight.com\/es\/"},{"@type":"ListItem","position":2,"name":"Age Verification","item":"https:\/\/elfsight.com\/es\/age-verification-widget\/"},{"@type":"ListItem","position":3,"name":"Age Verification &#8211; Wix"}]},{"@type":"WebSite","@id":"https:\/\/elfsight.com\/es\/#website","url":"https:\/\/elfsight.com\/es\/","name":"Elfsight ES","description":"Just another Elfsight Sites site","potentialAction":[{"@type":"SearchAction","target":{"@type":"EntryPoint","urlTemplate":"https:\/\/elfsight.com\/es\/?s={search_term_string}"},"query-input":{"@type":"PropertyValueSpecification","valueRequired":true,"valueName":"search_term_string"}}],"inLanguage":"es"}]}},"meta_box":{"industry":"","seo_heading":"","heading":"","description":"","cta_heading":"","cta_description":"","application":"366","h1":"plugin de Verificaci\u00f3n de la Edad para Wix","h1_caption":"Aseg\u00farate de que se acceda al contenido sensible a la edad de manera responsable con una aplicaci\u00f3n de verificaci\u00f3n de edad simple y personalizable en tu sitio web Wix sin esfuerzo.","application_category":[],"applications_title":"","applications_request_title":"","applications_request_button_text":"","hero_text":"","hero_video":"","hero_video_schema_markup":"","selling_points_title":"","selling_points_caption":"","selling_points":[],"selling_points_cta_text":"","features_title":"","features":"","ed_cta_examples_text":"","ed_cta_examples_hidden":"","ed_cta_demo_text":"","ed_cta_demo_hidden":"","why_caption":"","why_editor_title":"","why_editor_text":"","why_team_title":"","why_team_text":"","why_service_title":"","why_service_text":"","template_catalog_visible":"","template_catalog_title":"","template_catalog_text":"","template_catalog_categories_visible":"","demo_title":"Crea tu aplicaci\u00f3n de verificaci\u00f3n de edad","demo_caption":"\u00a1Configura tu verificaci\u00f3n de edad y agr\u00e9gala a tu sitio web Wix gratis!","default_faq_hidden":"","app_template_category":[],"platform":"112","template_public_id":"","codecanyon_url":"","codecanyon_item_id":"","codecanyon_price":"","pricing_caption":"","pricing_elfsight_apps_hide_column":"","pricing_elfsight_apps_url":"","pricing_codecanyon_price_caption":"","integration_category":[],"integration_request_title":"","integration_request_cta":"","integration_platform":"","integrations":[],"platform_category":[],"video_schema_markup":"","price":"desde $0 por mes","trial":"","benefits":[{"text":"Instalaci\u00f3n gratuita"},{"text":"Soporte Premium"},{"text":"14 d\u00edas garant\u00eda de reembolso"},{"text":"Actualizaciones regulares"}],"button_url":"#demo","button_target_blank":"0","button_nofollow":"0","attributes":[{"name":"Responsivo","content":"Si","_state":"expanded"},{"name":"Navegadores compatibles","content":"Firefox, Safari, Opera, Chrome, Edge","_state":"expanded"}],"tags":[],"tags_disable_links":"0","hide_more_platforms":"","video_object":"","demo_hide_cta":"0","demo_hide_cloud_options":"0","pricing_title":"","pricing":[{"pricing_icon":"platform","pricing_title":" Elfsight Apps","pricing_title_caption":"Soluci\u00f3n multiplataforma - valido para cualquier p\u00e1gina web","pricing_price":"desde $0 por mes","pricing_price_caption":"empezar con un plan gratuito","pricing_benefits":[{"text":"Sitios web ilimitados"},{"text":"Atenci\u00f3n al cliente gratuita y r\u00e1pida"},{"text":"Servicio de instalaci\u00f3n gratuito"},{"text":"Totalmente personalizable"}],"pricing_button_text":"Agregar al sitio web","pricing_button_url":"#demo","_state":"expanded"}],"related_apps_title":"","related_apps_hidden":"1","author":"","image":[],"title":"","job":"","social_networks":[]},"_links":{"self":[{"href":"https:\/\/elfsight.com\/es\/wp-json\/wp\/v2\/pages\/4574","targetHints":{"allow":["GET"]}}],"collection":[{"href":"https:\/\/elfsight.com\/es\/wp-json\/wp\/v2\/pages"}],"about":[{"href":"https:\/\/elfsight.com\/es\/wp-json\/wp\/v2\/types\/page"}],"author":[{"embeddable":true,"href":"https:\/\/elfsight.com\/es\/wp-json\/wp\/v2\/users\/18"}],"replies":[{"embeddable":true,"href":"https:\/\/elfsight.com\/es\/wp-json\/wp\/v2\/comments?post=4574"}],"version-history":[{"count":3,"href":"https:\/\/elfsight.com\/es\/wp-json\/wp\/v2\/pages\/4574\/revisions"}],"predecessor-version":[{"id":18257,"href":"https:\/\/elfsight.com\/es\/wp-json\/wp\/v2\/pages\/4574\/revisions\/18257"}],"up":[{"embeddable":true,"href":"https:\/\/elfsight.com\/es\/wp-json\/wp\/v2\/pages\/373"}],"wp:attachment":[{"href":"https:\/\/elfsight.com\/es\/wp-json\/wp\/v2\/media?parent=4574"}],"curies":[{"name":"wp","href":"https:\/\/api.w.org\/{rel}","templated":true}]}}