{"id":4572,"date":"2022-02-11T11:00:08","date_gmt":"2022-02-11T11:00:08","guid":{"rendered":"https:\/\/elfsight.com\/es\/?page_id=4572"},"modified":"2025-02-06T15:25:15","modified_gmt":"2025-02-06T15:25:15","slug":"google-sites","status":"publish","type":"page","link":"https:\/\/elfsight.com\/es\/audio-player-widget\/google-sites\/","title":{"rendered":"Audio Player &#8211; Google Sites"},"content":{"rendered":"<div class=\"application-platform-content-item-description application-platform-content-item\" id=\"description\" data-nav-section=\"description\"> <h2>Incrustar el reproductor de audio en Google Sites con el widget de Elfsight<\/h2> <p>El widget de Reproductor de M\u00fasica de Elfsight es una herramienta sencilla para Google Sites que te permite reproducir pistas de audio directamente en las p\u00e1ginas de tu sitio web. El plugin es altamente personalizable: puedes cambiar su posici\u00f3n, insertarlo en cualquier parte de la p\u00e1gina, modificar su tama\u00f1o, repintar el fondo y otros elementos para integrarlo con el dise\u00f1o de tu sitio, aplicar un tema oscuro, mostrar im\u00e1genes y mostrar u ocultar 4 detalles adicionales del reproductor, como la barra de progreso, el encabezado y mucho m\u00e1s. Agrega tantas pistas como desees para deleitar a tus visitantes, activa la reproducci\u00f3n autom\u00e1tica y no dudes: \u00a1tu audiencia no abandonar\u00e1 tu p\u00e1gina de inicio inmediatamente!<\/p><p><b>\u00a1Obt\u00e9n lo mejor del widget de Reproductor de M\u00fasica de Elfsight para alcanzar tus metas comerciales m\u00e1s r\u00e1pido!<\/b><\/p> <\/div> <div class=\"application-platform-content-item-features application-platform-content-item\" id=\"features\" data-nav-section=\"features\"> <h2>A continuaci\u00f3n, las caracter\u00edsticas fundamentales del widget:<\/h2> <ul><li>Alteraciones de color ilimitadas<\/li><li>Esquema de color oscuro\/claro<\/li><li>Dise\u00f1o adaptable<\/li><li>Aplicables dos dise\u00f1os<\/li><li>Oportunidad de usar una imagen de fondo<\/li><\/ul><p><a href=\"#demo\">Puedes descubrir todas las capacidades del widget en la demostraci\u00f3n a continuaci\u00f3n<\/a><\/p> <\/div> <div class=\"application-platform-content-item-installation application-platform-content-item\" id=\"installation\" data-nav-section=\"installation\"> <h2>\u00bfC\u00f3mo agregar el reproductor de audio a mi Google Sites?<\/h2> <div class=\"video-container\"><iframe width=\"720\" height=\"405\" src=\"https:\/\/www.youtube.com\/embed\/8Y50XDEq9S8\" frameborder=\"0\" allowfullscreen=\"\"><\/iframe><\/div><p>Sigue unos pocos pasos que se presentan a continuaci\u00f3n para agregar la herramienta.<\/p> <ol><li><b>Gestiona nuestra demostraci\u00f3n gratuita y empieza a formar tu instrumento personalizado.<\/b><br> Determina el dise\u00f1o y las caracter\u00edsticas funcionales preferidas del widget y guarda las modificaciones.<\/li> <li><b>Copia el c\u00f3digo individual que aparece en el formulario especial en Elfsight Apps<\/b><br> Justo despu\u00e9s de que se genere tu widget de Audio personal, copia el c\u00f3digo individual del cuadro que aparecer\u00e1 y gu\u00e1rdalo para futuras ocasiones.<\/li> <li><b>Inicia el uso del widget de M\u00fasica en tu Google Site<\/b><br> Implementa el c\u00f3digo que has guardado recientemente en tu p\u00e1gina de inicio y guarda los cambios.<\/li> <li><b>La instalaci\u00f3n se ha realizado con \u00e9xito<\/b><br> Dir\u00edgete a tu sitio para revisar el rendimiento del plugin.<\/li><\/ol> <div class=\"tip-yellow tip\"><b>Debido a las peculiaridades del funcionamiento de Google Sites, el widget puede verse diferente al demo en l\u00ednea. Nos disculpamos por cualquier inconveniente causado.<\/b><\/div><p>Si tienes preguntas o encuentras alguna dificultad, no dudes en contactar a nuestro servicio al cliente. Nuestros especialistas estar\u00e1n encantados de resolver cualquier problema que puedas tener con la herramienta.<\/p> <div class=\"faq\" data-component=\"FAQ\"><div class=\"faq-item\">\r\n\t\t\t\t\t<div class=\"faq-item-question\">\r\n\t\t\t\t\t\t<h3 class=\"faq-item-question-text\">\u00bfC\u00f3mo puedo incrustar una galer\u00eda de videos de YouTube en mi sitio web de Squarespace sin conocimientos de codificaci\u00f3n?<\/h3>\r\n\r\n\t\t\t\t\t\t<div class=\"faq-item-question-icon\"><\/div>\r\n\t\t\t\t\t<\/div>\r\n\r\n\t\t\t\t\t<div class=\"faq-item-answer\">\r\n\t\t\t\t\t\t<div class=\"faq-item-answer-text\"><p>Elfsight presenta una soluci\u00f3n basada en la nube que permite a los usuarios crear una galer\u00eda de videos de YouTube por s\u00ed mismos. Mira lo sencillo que es el proceso:<\/p><ul><li>Entra al Editor en l\u00ednea para crear la secci\u00f3n de galer\u00eda de videos de YouTube que deseas integrar en tu sitio de Squarespace.<\/li><li>Selecciona una de nuestras plantillas preconfiguradas y personaliza los ajustes de la galer\u00eda de videos de YouTube, ajusta el dise\u00f1o y esquema de colores, e incorpora tu contenido sin necesidad de codificaci\u00f3n.<\/li><li>Guarda las preferencias que has establecido para la galer\u00eda de videos de YouTube y obt\u00e9n el c\u00f3digo para incrustar el widget, el cual se puede incluir f\u00e1cilmente en tu sitio de Squarespace sin ning\u00fan costo.<\/li><\/ul><p>Trabajando en el Editor f\u00e1cil de usar, cualquier usuario en l\u00ednea puede crear una secci\u00f3n de galer\u00eda de videos de YouTube y agregarla a su sitio de Squarespace. No es necesario pagar ni revelar los detalles de tu tarjeta para acceder al Editor de Elfsight. Si encuentras alg\u00fan obst\u00e1culo en cualquier etapa, no dudes en contactar a nuestro soporte al cliente.<\/p><\/div>\r\n\t\t\t\t\t<\/div>\r\n\t\t\t\t<\/div><\/div><\/div>","protected":false},"excerpt":{"rendered":"","protected":false},"author":18,"featured_media":0,"parent":481,"menu_order":0,"comment_status":"closed","ping_status":"closed","template":"templates\/template-application-platform.php","meta":{"publish_to_discourse":"","publish_post_category":"","wpdc_auto_publish_overridden":"","wpdc_topic_tags":"","wpdc_pin_topic":"","wpdc_pin_until":"","discourse_post_id":"","discourse_permalink":"","wpdc_publishing_response":"","wpdc_publishing_error":"","footnotes":""},"class_list":["post-4572","page","type-page","status-publish","hentry"],"yoast_head":"<!-- This site is optimized with the Yoast SEO plugin v25.3.1 - https:\/\/yoast.com\/wordpress\/plugins\/seo\/ -->\n<title>Audio Player - Empotrar plugin de Reproductor de Audio al Google Sites<\/title>\n<meta name=\"description\" content=\"Instala un widget interactivo de Audio Player en su p\u00e1gina web de Google Sites. Aplique la demo de Elfsight intuitiva y cree su plugin personalizado.\" \/>\n<meta name=\"robots\" content=\"index, follow, max-snippet:-1, max-image-preview:large, max-video-preview:-1\" \/>\n<link rel=\"canonical\" href=\"https:\/\/elfsight.com\/es\/audio-player-widget\/google-sites\/\" \/>\n<meta property=\"og:locale\" content=\"es_ES\" \/>\n<meta property=\"og:type\" content=\"article\" \/>\n<meta property=\"og:title\" content=\"Audio Player - Empotrar plugin de Reproductor de Audio al Google Sites\" \/>\n<meta property=\"og:description\" content=\"Instala un widget interactivo de Audio Player en su p\u00e1gina web de Google Sites. Aplique la demo de Elfsight intuitiva y cree su plugin personalizado.\" \/>\n<meta property=\"og:url\" content=\"https:\/\/elfsight.com\/es\/audio-player-widget\/google-sites\/\" \/>\n<meta property=\"og:site_name\" content=\"Elfsight ES\" \/>\n<meta property=\"article:modified_time\" content=\"2025-02-06T15:25:15+00:00\" \/>\n<meta name=\"twitter:card\" content=\"summary_large_image\" \/>\n<meta name=\"twitter:label1\" content=\"Tiempo de lectura\" \/>\n\t<meta name=\"twitter:data1\" content=\"1 minuto\" \/>\n<!-- \/ Yoast SEO plugin. -->","yoast_head_json":{"title":"Audio Player - Empotrar plugin de Reproductor de Audio al Google Sites","description":"Instala un widget interactivo de Audio Player en su p\u00e1gina web de Google Sites. Aplique la demo de Elfsight intuitiva y cree su plugin personalizado.","robots":{"index":"index","follow":"follow","max-snippet":"max-snippet:-1","max-image-preview":"max-image-preview:large","max-video-preview":"max-video-preview:-1"},"canonical":"https:\/\/elfsight.com\/es\/audio-player-widget\/google-sites\/","og_locale":"es_ES","og_type":"article","og_title":"Audio Player - Empotrar plugin de Reproductor de Audio al Google Sites","og_description":"Instala un widget interactivo de Audio Player en su p\u00e1gina web de Google Sites. Aplique la demo de Elfsight intuitiva y cree su plugin personalizado.","og_url":"https:\/\/elfsight.com\/es\/audio-player-widget\/google-sites\/","og_site_name":"Elfsight ES","article_modified_time":"2025-02-06T15:25:15+00:00","twitter_card":"summary_large_image","twitter_misc":{"Tiempo de lectura":"1 minuto"},"schema":{"@context":"https:\/\/schema.org","@graph":[{"@type":"WebPage","@id":"https:\/\/elfsight.com\/es\/audio-player-widget\/google-sites\/","url":"https:\/\/elfsight.com\/es\/audio-player-widget\/google-sites\/","name":"Audio Player - Empotrar plugin de Reproductor de Audio al Google Sites","isPartOf":{"@id":"https:\/\/elfsight.com\/es\/#website"},"datePublished":"2022-02-11T11:00:08+00:00","dateModified":"2025-02-06T15:25:15+00:00","description":"Instala un widget interactivo de Audio Player en su p\u00e1gina web de Google Sites. Aplique la demo de Elfsight intuitiva y cree su plugin personalizado.","breadcrumb":{"@id":"https:\/\/elfsight.com\/es\/audio-player-widget\/google-sites\/#breadcrumb"},"inLanguage":"es","potentialAction":[{"@type":"ReadAction","target":["https:\/\/elfsight.com\/es\/audio-player-widget\/google-sites\/"]}]},{"@type":"BreadcrumbList","@id":"https:\/\/elfsight.com\/es\/audio-player-widget\/google-sites\/#breadcrumb","itemListElement":[{"@type":"ListItem","position":1,"name":"Home","item":"https:\/\/elfsight.com\/es\/"},{"@type":"ListItem","position":2,"name":"Audio Player","item":"https:\/\/elfsight.com\/es\/audio-player-widget\/"},{"@type":"ListItem","position":3,"name":"Audio Player &#8211; Google Sites"}]},{"@type":"WebSite","@id":"https:\/\/elfsight.com\/es\/#website","url":"https:\/\/elfsight.com\/es\/","name":"Elfsight ES","description":"Just another Elfsight Sites site","potentialAction":[{"@type":"SearchAction","target":{"@type":"EntryPoint","urlTemplate":"https:\/\/elfsight.com\/es\/?s={search_term_string}"},"query-input":{"@type":"PropertyValueSpecification","valueRequired":true,"valueName":"search_term_string"}}],"inLanguage":"es"}]}},"meta_box":{"industry":"","seo_heading":"","heading":"","description":"","cta_heading":"","cta_description":"","application":"480","h1":"complemento de reproductor de audio para Google Sites","h1_caption":"Configure archivos de audio en todos los extensiones populares a su sitio web","application_category":[],"applications_title":"","applications_request_title":"","applications_request_button_text":"","hero_text":"","hero_video":"","hero_video_schema_markup":"","selling_points_title":"","selling_points_caption":"","selling_points":[],"selling_points_cta_text":"","features_title":"","features":"","ed_cta_examples_text":"","ed_cta_examples_hidden":"","ed_cta_demo_text":"","ed_cta_demo_hidden":"","why_caption":"","why_editor_title":"","why_editor_text":"","why_team_title":"","why_team_text":"","why_service_title":"","why_service_text":"","template_catalog_visible":"","template_catalog_title":"","template_catalog_text":"","template_catalog_categories_visible":"","demo_title":"Crea tu widget de reproductor de audio","demo_caption":"\u00a1Configure su reproductor de audio y agr\u00e9guelo a su sitio web de Google Sites gratis!","default_faq_hidden":"","app_template_category":[],"platform":"67","template_public_id":"","codecanyon_url":"","codecanyon_item_id":"","codecanyon_price":"","pricing_caption":"","pricing_elfsight_apps_hide_column":"","pricing_elfsight_apps_url":"","pricing_codecanyon_price_caption":"","integration_category":[],"integration_request_title":"","integration_request_cta":"","integration_platform":"","integrations":[],"platform_category":[],"video_schema_markup":"","price":"desde $0 por mes","trial":"","benefits":[{"text":"Instalaci\u00f3n gratuita"},{"text":"Soporte Premium"},{"text":"14 d\u00edas garant\u00eda de reembolso"},{"text":"Actualizaciones regulares"}],"button_url":"#demo","button_target_blank":"0","button_nofollow":"0","attributes":[{"name":"Responsivo","content":"Si","_state":"expanded"},{"name":"Navegadores compatibles","content":"Firefox, Safari, Opera, Chrome, Edge","_state":"expanded"}],"tags":[],"tags_disable_links":"0","hide_more_platforms":"","video_object":"","demo_hide_cta":"0","demo_hide_cloud_options":"0","pricing_title":"","pricing":[{"pricing_icon":"platform","pricing_title":" Elfsight Apps","pricing_title_caption":"Soluci\u00f3n multiplataforma - valido para cualquier p\u00e1gina web","pricing_price":"desde $0 por mes","pricing_price_caption":"empezar con un plan gratuito","pricing_benefits":[{"text":"Sitios web ilimitados"},{"text":"Atenci\u00f3n al cliente gratuita y r\u00e1pida"},{"text":"Servicio de instalaci\u00f3n gratuito"},{"text":"Totalmente personalizable"}],"pricing_button_text":"Agregar al sitio web","pricing_button_url":"#demo","_state":"expanded"}],"related_apps_title":"","related_apps_hidden":"1","author":"","image":[],"title":"","job":"","social_networks":[]},"_links":{"self":[{"href":"https:\/\/elfsight.com\/es\/wp-json\/wp\/v2\/pages\/4572","targetHints":{"allow":["GET"]}}],"collection":[{"href":"https:\/\/elfsight.com\/es\/wp-json\/wp\/v2\/pages"}],"about":[{"href":"https:\/\/elfsight.com\/es\/wp-json\/wp\/v2\/types\/page"}],"author":[{"embeddable":true,"href":"https:\/\/elfsight.com\/es\/wp-json\/wp\/v2\/users\/18"}],"replies":[{"embeddable":true,"href":"https:\/\/elfsight.com\/es\/wp-json\/wp\/v2\/comments?post=4572"}],"version-history":[{"count":3,"href":"https:\/\/elfsight.com\/es\/wp-json\/wp\/v2\/pages\/4572\/revisions"}],"predecessor-version":[{"id":18258,"href":"https:\/\/elfsight.com\/es\/wp-json\/wp\/v2\/pages\/4572\/revisions\/18258"}],"up":[{"embeddable":true,"href":"https:\/\/elfsight.com\/es\/wp-json\/wp\/v2\/pages\/481"}],"wp:attachment":[{"href":"https:\/\/elfsight.com\/es\/wp-json\/wp\/v2\/media?parent=4572"}],"curies":[{"name":"wp","href":"https:\/\/api.w.org\/{rel}","templated":true}]}}