{"id":4570,"date":"2022-02-11T11:02:16","date_gmt":"2022-02-11T11:02:16","guid":{"rendered":"https:\/\/elfsight.com\/es\/?page_id=4570"},"modified":"2025-02-06T15:24:56","modified_gmt":"2025-02-06T15:24:56","slug":"weebly","status":"publish","type":"page","link":"https:\/\/elfsight.com\/es\/age-verification-widget\/weebly\/","title":{"rendered":"Age Verification &#8211; Weebly"},"content":{"rendered":"<div class=\"application-platform-content-item-description application-platform-content-item\" id=\"description\" data-nav-section=\"description\"> <h2>Descripci\u00f3n<\/h2> <p>Este widget se convertir\u00e1 en la herramienta m\u00e1s f\u00e1cil para obtener una ventana emergente de carga de p\u00e1gina, que verifica la edad del visitante del sitio web. Nuestro widget hace que el contenido sensible a la edad sea accesible para los usuarios adultos y bloquea el acceso a \u00e9l para los menores de edad. Existen opciones para elegir la restricci\u00f3n de edad, seleccionar el formato de verificaci\u00f3n, agregar la ventana en todas las p\u00e1ginas o solo en algunas, y seleccionar la acci\u00f3n despu\u00e9s de redirigir el acceso. El aspecto tambi\u00e9n est\u00e1 bajo tu control con elementos personalizables y la opci\u00f3n de mostrar im\u00e1genes personalizadas.<\/p> <div class=\"faq\" data-component=\"FAQ\"> <div class=\"faq-item\">\r\n\t\t\t\t\t<div class=\"faq-item-question\">\r\n\t\t\t\t\t\t<h3 class=\"faq-item-question-text\">\u00bfD\u00f3nde puedo mostrar la Verificaci\u00f3n de Edad en mi sitio web?<\/h3>\r\n\r\n\t\t\t\t\t\t<div class=\"faq-item-question-icon\"><\/div>\r\n\t\t\t\t\t<\/div>\r\n\r\n\t\t\t\t\t<div class=\"faq-item-answer\">\r\n\t\t\t\t\t\t<div class=\"faq-item-answer-text\"> <p>Puedes mostrar la ventana emergente de verificaci\u00f3n en todas las p\u00e1ginas o seleccionar las p\u00e1ginas en las que se mostrar\u00e1. Adem\u00e1s, existe la opci\u00f3n de excluir aquellas p\u00e1ginas donde no la necesites.<\/p> <\/div>\r\n\t\t\t\t\t<\/div>\r\n\t\t\t\t<\/div> <div class=\"faq-item\">\r\n\t\t\t\t\t<div class=\"faq-item-question\">\r\n\t\t\t\t\t\t<h3 class=\"faq-item-question-text\">\u00bfC\u00f3mo me beneficia la Verificaci\u00f3n de Edad?<\/h3>\r\n\r\n\t\t\t\t\t\t<div class=\"faq-item-question-icon\"><\/div>\r\n\t\t\t\t\t<\/div>\r\n\r\n\t\t\t\t\t<div class=\"faq-item-answer\">\r\n\t\t\t\t\t\t<div class=\"faq-item-answer-text\"> <p>Usando el widget de Elfsight, es absolutamente simple y r\u00e1pido configurar una ventana de verificaci\u00f3n de edad y prohibir el acceso a tu contenido para los usuarios menores de edad. De esta forma, estar\u00e1s seguro de que tu sitio web cumple con los requisitos legales. Adem\u00e1s, esto atraer\u00e1 m\u00e1s visitantes objetivos y clientes v\u00e1lidos.<\/p> <\/div>\r\n\t\t\t\t\t<\/div>\r\n\t\t\t\t<\/div> <div class=\"faq-item\">\r\n\t\t\t\t\t<div class=\"faq-item-question\">\r\n\t\t\t\t\t\t<h3 class=\"faq-item-question-text\">\u00bfC\u00f3mo instalo la Verificaci\u00f3n de Edad en mi sitio de Weebly?<\/h3>\r\n\r\n\t\t\t\t\t\t<div class=\"faq-item-question-icon\"><\/div>\r\n\t\t\t\t\t<\/div>\r\n\r\n\t\t\t\t\t<div class=\"faq-item-answer\">\r\n\t\t\t\t\t\t<div class=\"faq-item-answer-text\"> <p>Solo te tomar\u00e1 un minuto activar la notificaci\u00f3n. La instalaci\u00f3n es extremadamente r\u00e1pida, gratuita y no requiere programaci\u00f3n.<\/p> <p>El widget se puede insertar directamente a trav\u00e9s de nuestro servicio o desde el marketplace. Aqu\u00ed puedes comparar m\u00e1s detalles sobre ambas opciones y elegir la que m\u00e1s te convenga.<\/p> <\/div>\r\n\t\t\t\t\t<\/div>\r\n\t\t\t\t<\/div> <\/div> <\/div> <div class=\"application-platform-content-item-features application-platform-content-item\" id=\"features\" data-nav-section=\"features\"> <h2>Caracter\u00edsticas<\/h2> <p>Para conocer mejor las funciones de la Verificaci\u00f3n de Edad, descubre la lista de sus principales caracter\u00edsticas. Estas hacen que el widget sea lo m\u00e1s eficiente para tu tienda:<\/p> <ul><li>Elige uno de los m\u00e9todos de verificaci\u00f3n: solicitar la fecha completa de nacimiento, solo el a\u00f1o de nacimiento, o una pregunta con respuestas S\u00ed y No;<\/li><li>Elige recordar a los visitantes por cualquier per\u00edodo de tiempo en d\u00edas;<\/li><li>Dos escenarios para los visitantes menores de edad: mostrar un texto o redirigir al usuario a una direcci\u00f3n;<\/li><li>Cargar tu propia imagen para la ventana de verificaci\u00f3n;<\/li><li>Mostrar texto adicional y enlaces debajo del bot\u00f3n de verificaci\u00f3n.<\/li><\/ul><p><a href=\"#demo\">Para conocer la lista completa de caracter\u00edsticas, mira nuestra demostraci\u00f3n<\/a><\/p> <\/div> <div class=\"application-platform-content-item-installation application-platform-content-item\" id=\"installation\" data-nav-section=\"installation\"> <h2>Veamos c\u00f3mo introducir el widget de Verificaci\u00f3n de Edad en tu tienda Weebly. Es muy f\u00e1cil<\/h2><iframe width=\"720\" height=\"405\" src=\"https:\/\/www.youtube.com\/embed\/pL5JItQ8Uso\" frameborder=\"0\" allowfullscreen=\"\"><\/iframe><p>Los siguientes pasos son todo lo que necesitas para publicar.<\/p> <ol><li><b>Usa nuestra demostraci\u00f3n gratuita y empieza a trabajar con tu propia aplicaci\u00f3n.<\/b><br> Especifica la configuraci\u00f3n y el rendimiento personalizados de la aplicaci\u00f3n y guarda todas las correcciones.<\/li>  <li><b>Recibe el c\u00f3digo individual que se muestra en el cuadro de Elfsight Apps.<\/b><br> Tan pronto como se termine la creaci\u00f3n de tu aplicaci\u00f3n, copia el c\u00f3digo personal que aparece en la ventana emergente y gu\u00e1rdalo para su uso futuro.<\/li>  <li><b>Comienza a usar la aplicaci\u00f3n en tu sitio de Weebly.<\/b><br> Integra el c\u00f3digo guardado recientemente en tu sitio web y aplica las modificaciones.<\/li>  <li><b>\u00a1Listo! La integraci\u00f3n se ha completado completamente.<\/b><br> Abre tu sitio para examinar el rendimiento de la aplicaci\u00f3n.<\/li><\/ol><p>\u00bfTodav\u00eda no te has decidido? \u00bfO est\u00e1s teniendo problemas? Simplemente escribe una solicitud a nuestro servicio de atenci\u00f3n al cliente. Haremos todo lo posible para resolver cualquier inconveniente.<\/p> <\/div>","protected":false},"excerpt":{"rendered":"","protected":false},"author":18,"featured_media":0,"parent":373,"menu_order":0,"comment_status":"closed","ping_status":"closed","template":"templates\/template-application-platform.php","meta":{"publish_to_discourse":"","publish_post_category":"","wpdc_auto_publish_overridden":"","wpdc_topic_tags":"","wpdc_pin_topic":"","wpdc_pin_until":"","discourse_post_id":"","discourse_permalink":"","wpdc_publishing_response":"","wpdc_publishing_error":"","footnotes":""},"class_list":["post-4570","page","type-page","status-publish","hentry"],"yoast_head":"<!-- This site is optimized with the Yoast SEO plugin v25.3.1 - https:\/\/yoast.com\/wordpress\/plugins\/seo\/ -->\n<title>Verificaci\u00f3n de la Edad - Incluir plugin de Comprobaci\u00f3n de la Edad al Weebly<\/title>\n<meta name=\"description\" content=\"A\u00f1ade un app atractivo de Verificaci\u00f3n de la Edad en su sitio web de Weebly. Lance la demo de Elfsight intuitiva y cree su plugin \u00fanico.\" \/>\n<meta name=\"robots\" content=\"index, follow, max-snippet:-1, max-image-preview:large, max-video-preview:-1\" \/>\n<link rel=\"canonical\" href=\"https:\/\/elfsight.com\/es\/age-verification-widget\/weebly\/\" \/>\n<meta property=\"og:locale\" content=\"es_ES\" \/>\n<meta property=\"og:type\" content=\"article\" \/>\n<meta property=\"og:title\" content=\"Verificaci\u00f3n de la Edad - Incluir plugin de Comprobaci\u00f3n de la Edad al Weebly\" \/>\n<meta property=\"og:description\" content=\"A\u00f1ade un app atractivo de Verificaci\u00f3n de la Edad en su sitio web de Weebly. Lance la demo de Elfsight intuitiva y cree su plugin \u00fanico.\" \/>\n<meta property=\"og:url\" content=\"https:\/\/elfsight.com\/es\/age-verification-widget\/weebly\/\" \/>\n<meta property=\"og:site_name\" content=\"Elfsight ES\" \/>\n<meta property=\"article:modified_time\" content=\"2025-02-06T15:24:56+00:00\" \/>\n<meta name=\"twitter:card\" content=\"summary_large_image\" \/>\n<meta name=\"twitter:label1\" content=\"Tiempo de lectura\" \/>\n\t<meta name=\"twitter:data1\" content=\"2 minutos\" \/>\n<!-- \/ Yoast SEO plugin. -->","yoast_head_json":{"title":"Verificaci\u00f3n de la Edad - Incluir plugin de Comprobaci\u00f3n de la Edad al Weebly","description":"A\u00f1ade un app atractivo de Verificaci\u00f3n de la Edad en su sitio web de Weebly. Lance la demo de Elfsight intuitiva y cree su plugin \u00fanico.","robots":{"index":"index","follow":"follow","max-snippet":"max-snippet:-1","max-image-preview":"max-image-preview:large","max-video-preview":"max-video-preview:-1"},"canonical":"https:\/\/elfsight.com\/es\/age-verification-widget\/weebly\/","og_locale":"es_ES","og_type":"article","og_title":"Verificaci\u00f3n de la Edad - Incluir plugin de Comprobaci\u00f3n de la Edad al Weebly","og_description":"A\u00f1ade un app atractivo de Verificaci\u00f3n de la Edad en su sitio web de Weebly. Lance la demo de Elfsight intuitiva y cree su plugin \u00fanico.","og_url":"https:\/\/elfsight.com\/es\/age-verification-widget\/weebly\/","og_site_name":"Elfsight ES","article_modified_time":"2025-02-06T15:24:56+00:00","twitter_card":"summary_large_image","twitter_misc":{"Tiempo de lectura":"2 minutos"},"schema":{"@context":"https:\/\/schema.org","@graph":[{"@type":"WebPage","@id":"https:\/\/elfsight.com\/es\/age-verification-widget\/weebly\/","url":"https:\/\/elfsight.com\/es\/age-verification-widget\/weebly\/","name":"Verificaci\u00f3n de la Edad - Incluir plugin de Comprobaci\u00f3n de la Edad al Weebly","isPartOf":{"@id":"https:\/\/elfsight.com\/es\/#website"},"datePublished":"2022-02-11T11:02:16+00:00","dateModified":"2025-02-06T15:24:56+00:00","description":"A\u00f1ade un app atractivo de Verificaci\u00f3n de la Edad en su sitio web de Weebly. Lance la demo de Elfsight intuitiva y cree su plugin \u00fanico.","breadcrumb":{"@id":"https:\/\/elfsight.com\/es\/age-verification-widget\/weebly\/#breadcrumb"},"inLanguage":"es","potentialAction":[{"@type":"ReadAction","target":["https:\/\/elfsight.com\/es\/age-verification-widget\/weebly\/"]}]},{"@type":"BreadcrumbList","@id":"https:\/\/elfsight.com\/es\/age-verification-widget\/weebly\/#breadcrumb","itemListElement":[{"@type":"ListItem","position":1,"name":"Home","item":"https:\/\/elfsight.com\/es\/"},{"@type":"ListItem","position":2,"name":"Age Verification","item":"https:\/\/elfsight.com\/es\/age-verification-widget\/"},{"@type":"ListItem","position":3,"name":"Age Verification &#8211; Weebly"}]},{"@type":"WebSite","@id":"https:\/\/elfsight.com\/es\/#website","url":"https:\/\/elfsight.com\/es\/","name":"Elfsight ES","description":"Just another Elfsight Sites site","potentialAction":[{"@type":"SearchAction","target":{"@type":"EntryPoint","urlTemplate":"https:\/\/elfsight.com\/es\/?s={search_term_string}"},"query-input":{"@type":"PropertyValueSpecification","valueRequired":true,"valueName":"search_term_string"}}],"inLanguage":"es"}]}},"meta_box":{"industry":"","seo_heading":"","heading":"","description":"","cta_heading":"","cta_description":"","application":"366","h1":"complemento de Verificaci\u00f3n de la Edad para Weebly","h1_caption":"Aseg\u00farese de que se acceda al contenido sensible a la edad de manera responsable con una aplicaci\u00f3n de verificaci\u00f3n de edad simple y personalizable en su sitio web Weebly sin esfuerzo.","application_category":[],"applications_title":"","applications_request_title":"","applications_request_button_text":"","hero_text":"","hero_video":"","hero_video_schema_markup":"","selling_points_title":"","selling_points_caption":"","selling_points":[],"selling_points_cta_text":"","features_title":"","features":"","ed_cta_examples_text":"","ed_cta_examples_hidden":"","ed_cta_demo_text":"","ed_cta_demo_hidden":"","why_caption":"","why_editor_title":"","why_editor_text":"","why_team_title":"","why_team_text":"","why_service_title":"","why_service_text":"","template_catalog_visible":"","template_catalog_title":"","template_catalog_text":"","template_catalog_categories_visible":"","demo_title":"Crea tu aplicaci\u00f3n de verificaci\u00f3n de edad","demo_caption":"\u00a1Configura tu verificaci\u00f3n de edad y agr\u00e9gala a tu sitio web Weebly gratis!","default_faq_hidden":"","app_template_category":[],"platform":"109","template_public_id":"","codecanyon_url":"","codecanyon_item_id":"","codecanyon_price":"","pricing_caption":"","pricing_elfsight_apps_hide_column":"","pricing_elfsight_apps_url":"","pricing_codecanyon_price_caption":"","integration_category":[],"integration_request_title":"","integration_request_cta":"","integration_platform":"","integrations":[],"platform_category":[],"video_schema_markup":"","price":"desde $0 por mes","trial":"","benefits":[{"text":"Instalaci\u00f3n gratuita"},{"text":"Soporte Premium"},{"text":"14 d\u00edas garant\u00eda de reembolso"},{"text":"Actualizaciones regulares"}],"button_url":"#demo","button_target_blank":"0","button_nofollow":"0","attributes":[{"name":"Responsivo","content":"Si","_state":"expanded"},{"name":"Navegadores compatibles","content":"Firefox, Safari, Opera, Chrome, Edge","_state":"expanded"}],"tags":[],"tags_disable_links":"0","hide_more_platforms":"","video_object":"","demo_hide_cta":"0","demo_hide_cloud_options":"0","pricing_title":"","pricing":[{"pricing_icon":"platform","pricing_title":" Elfsight Apps","pricing_title_caption":"Soluci\u00f3n multiplataforma - valido para cualquier p\u00e1gina web","pricing_price":"desde $0 por mes","pricing_price_caption":"empezar con un plan gratuito","pricing_benefits":[{"text":"Sitios web ilimitados"},{"text":"Atenci\u00f3n al cliente gratuita y r\u00e1pida"},{"text":"Servicio de instalaci\u00f3n gratuito"},{"text":"Totalmente personalizable"}],"pricing_button_text":"Agregar al sitio web","pricing_button_url":"#demo","_state":"expanded"}],"related_apps_title":"","related_apps_hidden":"1","author":"","image":[],"title":"","job":"","social_networks":[]},"_links":{"self":[{"href":"https:\/\/elfsight.com\/es\/wp-json\/wp\/v2\/pages\/4570","targetHints":{"allow":["GET"]}}],"collection":[{"href":"https:\/\/elfsight.com\/es\/wp-json\/wp\/v2\/pages"}],"about":[{"href":"https:\/\/elfsight.com\/es\/wp-json\/wp\/v2\/types\/page"}],"author":[{"embeddable":true,"href":"https:\/\/elfsight.com\/es\/wp-json\/wp\/v2\/users\/18"}],"replies":[{"embeddable":true,"href":"https:\/\/elfsight.com\/es\/wp-json\/wp\/v2\/comments?post=4570"}],"version-history":[{"count":3,"href":"https:\/\/elfsight.com\/es\/wp-json\/wp\/v2\/pages\/4570\/revisions"}],"predecessor-version":[{"id":18251,"href":"https:\/\/elfsight.com\/es\/wp-json\/wp\/v2\/pages\/4570\/revisions\/18251"}],"up":[{"embeddable":true,"href":"https:\/\/elfsight.com\/es\/wp-json\/wp\/v2\/pages\/373"}],"wp:attachment":[{"href":"https:\/\/elfsight.com\/es\/wp-json\/wp\/v2\/media?parent=4570"}],"curies":[{"name":"wp","href":"https:\/\/api.w.org\/{rel}","templated":true}]}}