{"id":4568,"date":"2022-02-11T10:59:59","date_gmt":"2022-02-11T10:59:59","guid":{"rendered":"https:\/\/elfsight.com\/es\/?page_id=4568"},"modified":"2025-02-06T15:25:15","modified_gmt":"2025-02-06T15:25:15","slug":"godaddy","status":"publish","type":"page","link":"https:\/\/elfsight.com\/es\/audio-player-widget\/godaddy\/","title":{"rendered":"Audio Player &#8211; GoDaddy"},"content":{"rendered":"<div class=\"application-platform-content-item-description application-platform-content-item\" id=\"description\" data-nav-section=\"description\"> <h2>Incrustar el reproductor de audio en GoDaddy con el widget de Elfsight<\/h2> <p>El reproductor de audio de Elfsight es una herramienta sencilla para GoDaddy que te da la oportunidad de reproducir pistas de audio en tu sitio web. La herramienta es totalmente modificable: puedes cambiar su posici\u00f3n, colocarlo en cualquier parte de la p\u00e1gina, cambiar su tama\u00f1o, modificar el fondo y todos los dem\u00e1s elementos para integrarlo con el estilo de tu sitio, aplicar un esquema de color oscuro, mostrar im\u00e1genes y mostrar u ocultar cuatro componentes adicionales del reproductor, como la barra de progreso, el encabezado y mucho m\u00e1s. Agrega tantas pistas como necesites para cautivar a tu audiencia, activa la reproducci\u00f3n autom\u00e1tica y aseg\u00farate de que tus visitantes no abandonar\u00e1n tu p\u00e1gina web r\u00e1pidamente.<\/p>. <p><b>\u00a1Integra el reproductor de audio de Elfsight para alcanzar tus objetivos comerciales m\u00e1s r\u00e1pido!<\/b><\/p> <\/div> <div class=\"application-platform-content-item-features application-platform-content-item\" id=\"features\" data-nav-section=\"features\"> <h2>Estas son solo algunas de las amplias caracter\u00edsticas del plugin:<\/h2> <ul><li>Varias alteraciones de color<\/li><li>Esquema de color oscuro\/claro<\/li><li>Dise\u00f1o adaptable<\/li><li>2 dise\u00f1os aplicables<\/li><li>Oportunidad de agregar una imagen de fondo<\/li><\/ul><p><a href=\"#demo\">Solo prueba esta demostraci\u00f3n para comprender la funcionalidad del plugin<\/a><\/p> <\/div> <div class=\"application-platform-content-item-installation application-platform-content-item\" id=\"installation\" data-nav-section=\"installation\"> <h2>\u00bfC\u00f3mo agregar el reproductor de audio de Elfsight en mi GoDaddy?<\/h2> <p>Sigue los pasos que se dan a continuaci\u00f3n para agregar la herramienta.<\/p> <ol><li><b>Usa nuestro configurador gratuito y empieza a crear tu instrumento personalizado.<\/b><br> Especifica la forma seleccionada y las caracter\u00edsticas funcionales de la herramienta y guarda los cambios.<\/li>  <li><b>Recibe el c\u00f3digo individual que aparece en el cuadro en Elfsight Apps<\/b><br> Cuando la configuraci\u00f3n de tu herramienta est\u00e9 terminada, copia el c\u00f3digo personal del cuadro que aparece y gu\u00e1rdalo para futuros usos.<\/li>  <li><b>Inicia el uso del plugin en el sitio de GoDaddy<\/b><br> Implementa el c\u00f3digo copiado recientemente en tu p\u00e1gina de inicio y aplica las modificaciones.<\/li>  <li><b>La instalaci\u00f3n est\u00e1 completamente realizada<\/b><br> Ve a tu sitio web para revisar el funcionamiento del plugin.<\/li><\/ol> <p>Si tienes alguna duda o encuentras alg\u00fan problema, no dudes en ponerte en contacto con nuestro servicio de atenci\u00f3n al cliente. Nuestros especialistas estar\u00e1n encantados de resolver cualquier pregunta que puedas tener sobre el plugin.<\/p> <div class=\"faq\" data-component=\"FAQ\"><div class=\"faq-item\">\r\n\t\t\t\t\t<div class=\"faq-item-question\">\r\n\t\t\t\t\t\t<h3 class=\"faq-item-question-text\">\u00bfC\u00f3mo puedo incrustar el plugin de Audio Player de GoDaddy en mi sitio web sin conocimientos de codificaci\u00f3n?<\/h3>\r\n\r\n\t\t\t\t\t\t<div class=\"faq-item-question-icon\"><\/div>\r\n\t\t\t\t\t<\/div>\r\n\r\n\t\t\t\t\t<div class=\"faq-item-answer\">\r\n\t\t\t\t\t\t<div class=\"faq-item-answer-text\"><p>Elfsight ofrece una soluci\u00f3n basada en la nube que permite a los usuarios crear su propio plugin de Audio Player para GoDaddy. Observa lo f\u00e1cil que es el proceso:<\/p><ul><li>Accede al Editor en l\u00ednea para crear la secci\u00f3n del plugin de Audio Player de GoDaddy que te gustar\u00eda integrar en tu sitio web.<\/li><li>Selecciona una de nuestras plantillas pre-dise\u00f1adas y personaliza los ajustes del plugin de Audio Player de GoDaddy, modifica el dise\u00f1o y esquema de colores, e incorpora tu contenido sin necesidad de codificaci\u00f3n.<\/li><li>Guarda los ajustes que has configurado para el plugin de Audio Player de GoDaddy y obt\u00e9n el c\u00f3digo para incrustar, que se puede insertar f\u00e1cilmente en tu sitio web sin ning\u00fan costo.<\/li><\/ul><p>Trabajando en el Editor f\u00e1cil de usar, cualquier usuario de internet puede crear una secci\u00f3n del plugin de Audio Player de GoDaddy e incrustarlo en su sitio web. No es necesario pagar ni revelar los detalles de tu tarjeta para acceder al Editor de Elfsight. Si encuentras alguna dificultad en cualquier etapa, no dudes en contactar a nuestro soporte al cliente.<\/p><\/div>\r\n\t\t\t\t\t<\/div>\r\n\t\t\t\t<\/div><\/div><\/div>","protected":false},"excerpt":{"rendered":"","protected":false},"author":18,"featured_media":0,"parent":481,"menu_order":0,"comment_status":"closed","ping_status":"closed","template":"templates\/template-application-platform.php","meta":{"publish_to_discourse":"","publish_post_category":"","wpdc_auto_publish_overridden":"","wpdc_topic_tags":"","wpdc_pin_topic":"","wpdc_pin_until":"","discourse_post_id":"","discourse_permalink":"","wpdc_publishing_response":"","wpdc_publishing_error":"","footnotes":""},"class_list":["post-4568","page","type-page","status-publish","hentry"],"yoast_head":"<!-- This site is optimized with the Yoast SEO plugin v25.3.1 - https:\/\/yoast.com\/wordpress\/plugins\/seo\/ -->\n<title>Audio Player - A\u00f1adir widget de Reproductor de Audio al GoDaddy<\/title>\n<meta name=\"description\" content=\"A\u00f1ade un widget interactivo de Audio Player en su p\u00e1gina web de GoDaddy. Pruebe la demo de Elfsight intuitiva y cree su widget \u00fanico.\" \/>\n<meta name=\"robots\" content=\"index, follow, max-snippet:-1, max-image-preview:large, max-video-preview:-1\" \/>\n<link rel=\"canonical\" href=\"https:\/\/elfsight.com\/es\/audio-player-widget\/godaddy\/\" \/>\n<meta property=\"og:locale\" content=\"es_ES\" \/>\n<meta property=\"og:type\" content=\"article\" \/>\n<meta property=\"og:title\" content=\"Audio Player - A\u00f1adir widget de Reproductor de Audio al GoDaddy\" \/>\n<meta property=\"og:description\" content=\"A\u00f1ade un widget interactivo de Audio Player en su p\u00e1gina web de GoDaddy. Pruebe la demo de Elfsight intuitiva y cree su widget \u00fanico.\" \/>\n<meta property=\"og:url\" content=\"https:\/\/elfsight.com\/es\/audio-player-widget\/godaddy\/\" \/>\n<meta property=\"og:site_name\" content=\"Elfsight ES\" \/>\n<meta property=\"article:modified_time\" content=\"2025-02-06T15:25:15+00:00\" \/>\n<meta name=\"twitter:card\" content=\"summary_large_image\" \/>\n<meta name=\"twitter:label1\" content=\"Tiempo de lectura\" \/>\n\t<meta name=\"twitter:data1\" content=\"1 minuto\" \/>\n<!-- \/ Yoast SEO plugin. -->","yoast_head_json":{"title":"Audio Player - A\u00f1adir widget de Reproductor de Audio al GoDaddy","description":"A\u00f1ade un widget interactivo de Audio Player en su p\u00e1gina web de GoDaddy. Pruebe la demo de Elfsight intuitiva y cree su widget \u00fanico.","robots":{"index":"index","follow":"follow","max-snippet":"max-snippet:-1","max-image-preview":"max-image-preview:large","max-video-preview":"max-video-preview:-1"},"canonical":"https:\/\/elfsight.com\/es\/audio-player-widget\/godaddy\/","og_locale":"es_ES","og_type":"article","og_title":"Audio Player - A\u00f1adir widget de Reproductor de Audio al GoDaddy","og_description":"A\u00f1ade un widget interactivo de Audio Player en su p\u00e1gina web de GoDaddy. Pruebe la demo de Elfsight intuitiva y cree su widget \u00fanico.","og_url":"https:\/\/elfsight.com\/es\/audio-player-widget\/godaddy\/","og_site_name":"Elfsight ES","article_modified_time":"2025-02-06T15:25:15+00:00","twitter_card":"summary_large_image","twitter_misc":{"Tiempo de lectura":"1 minuto"},"schema":{"@context":"https:\/\/schema.org","@graph":[{"@type":"WebPage","@id":"https:\/\/elfsight.com\/es\/audio-player-widget\/godaddy\/","url":"https:\/\/elfsight.com\/es\/audio-player-widget\/godaddy\/","name":"Audio Player - A\u00f1adir widget de Reproductor de Audio al GoDaddy","isPartOf":{"@id":"https:\/\/elfsight.com\/es\/#website"},"datePublished":"2022-02-11T10:59:59+00:00","dateModified":"2025-02-06T15:25:15+00:00","description":"A\u00f1ade un widget interactivo de Audio Player en su p\u00e1gina web de GoDaddy. Pruebe la demo de Elfsight intuitiva y cree su widget \u00fanico.","breadcrumb":{"@id":"https:\/\/elfsight.com\/es\/audio-player-widget\/godaddy\/#breadcrumb"},"inLanguage":"es","potentialAction":[{"@type":"ReadAction","target":["https:\/\/elfsight.com\/es\/audio-player-widget\/godaddy\/"]}]},{"@type":"BreadcrumbList","@id":"https:\/\/elfsight.com\/es\/audio-player-widget\/godaddy\/#breadcrumb","itemListElement":[{"@type":"ListItem","position":1,"name":"Home","item":"https:\/\/elfsight.com\/es\/"},{"@type":"ListItem","position":2,"name":"Audio Player","item":"https:\/\/elfsight.com\/es\/audio-player-widget\/"},{"@type":"ListItem","position":3,"name":"Audio Player &#8211; GoDaddy"}]},{"@type":"WebSite","@id":"https:\/\/elfsight.com\/es\/#website","url":"https:\/\/elfsight.com\/es\/","name":"Elfsight ES","description":"Just another Elfsight Sites site","potentialAction":[{"@type":"SearchAction","target":{"@type":"EntryPoint","urlTemplate":"https:\/\/elfsight.com\/es\/?s={search_term_string}"},"query-input":{"@type":"PropertyValueSpecification","valueRequired":true,"valueName":"search_term_string"}}],"inLanguage":"es"}]}},"meta_box":{"industry":"","seo_heading":"","heading":"","description":"","cta_heading":"","cta_description":"","application":"480","h1":"widget de reproductor de audio para GoDaddy","h1_caption":"Incrusta archivos de audio en todos los formatos mundialmente conocidos a su sitio","application_category":[],"applications_title":"","applications_request_title":"","applications_request_button_text":"","hero_text":"","hero_video":"","hero_video_schema_markup":"","selling_points_title":"","selling_points_caption":"","selling_points":[],"selling_points_cta_text":"","features_title":"","features":"","ed_cta_examples_text":"","ed_cta_examples_hidden":"","ed_cta_demo_text":"","ed_cta_demo_hidden":"","why_caption":"","why_editor_title":"","why_editor_text":"","why_team_title":"","why_team_text":"","why_service_title":"","why_service_text":"","template_catalog_visible":"","template_catalog_title":"","template_catalog_text":"","template_catalog_categories_visible":"","demo_title":"Crea tu complemento de reproductor de audio","demo_caption":"\u00a1Configura tu reproductor de audio y agr\u00e9galo a tu sitio web de GoDaddy gratis!","default_faq_hidden":"","app_template_category":[],"platform":"2183","template_public_id":"","codecanyon_url":"","codecanyon_item_id":"","codecanyon_price":"","pricing_caption":"","pricing_elfsight_apps_hide_column":"","pricing_elfsight_apps_url":"","pricing_codecanyon_price_caption":"","integration_category":[],"integration_request_title":"","integration_request_cta":"","integration_platform":"","integrations":[],"platform_category":[],"video_schema_markup":"","price":"desde $0 por mes","trial":"","benefits":[{"text":"Instalaci\u00f3n gratuita"},{"text":"Soporte Premium"},{"text":"14 d\u00edas garant\u00eda de reembolso"},{"text":"Actualizaciones regulares"}],"button_url":"#demo","button_target_blank":"0","button_nofollow":"0","attributes":[{"name":"Responsivo","content":"Si","_state":"expanded"},{"name":"Navegadores compatibles","content":"Firefox, Safari, Opera, Chrome, Edge","_state":"expanded"}],"tags":[],"tags_disable_links":"0","hide_more_platforms":"","video_object":"","demo_hide_cta":"0","demo_hide_cloud_options":"0","pricing_title":"","pricing":[{"pricing_icon":"platform","pricing_title":" Elfsight Apps","pricing_title_caption":"Soluci\u00f3n multiplataforma - valido para cualquier p\u00e1gina web","pricing_price":"desde $0 por mes","pricing_price_caption":"empezar con un plan gratuito","pricing_benefits":[{"text":"Sitios web ilimitados"},{"text":"Atenci\u00f3n al cliente gratuita y r\u00e1pida"},{"text":"Servicio de instalaci\u00f3n gratuito"},{"text":"Totalmente personalizable"}],"pricing_button_text":"Agregar al sitio web","pricing_button_url":"#demo","_state":"expanded"}],"related_apps_title":"","related_apps_hidden":"1","author":"","image":[],"title":"","job":"","social_networks":[]},"_links":{"self":[{"href":"https:\/\/elfsight.com\/es\/wp-json\/wp\/v2\/pages\/4568","targetHints":{"allow":["GET"]}}],"collection":[{"href":"https:\/\/elfsight.com\/es\/wp-json\/wp\/v2\/pages"}],"about":[{"href":"https:\/\/elfsight.com\/es\/wp-json\/wp\/v2\/types\/page"}],"author":[{"embeddable":true,"href":"https:\/\/elfsight.com\/es\/wp-json\/wp\/v2\/users\/18"}],"replies":[{"embeddable":true,"href":"https:\/\/elfsight.com\/es\/wp-json\/wp\/v2\/comments?post=4568"}],"version-history":[{"count":3,"href":"https:\/\/elfsight.com\/es\/wp-json\/wp\/v2\/pages\/4568\/revisions"}],"predecessor-version":[{"id":18259,"href":"https:\/\/elfsight.com\/es\/wp-json\/wp\/v2\/pages\/4568\/revisions\/18259"}],"up":[{"embeddable":true,"href":"https:\/\/elfsight.com\/es\/wp-json\/wp\/v2\/pages\/481"}],"wp:attachment":[{"href":"https:\/\/elfsight.com\/es\/wp-json\/wp\/v2\/media?parent=4568"}],"curies":[{"name":"wp","href":"https:\/\/api.w.org\/{rel}","templated":true}]}}