{"id":4566,"date":"2022-02-11T10:59:44","date_gmt":"2022-02-11T10:59:44","guid":{"rendered":"https:\/\/elfsight.com\/es\/?page_id=4566"},"modified":"2025-02-06T15:25:15","modified_gmt":"2025-02-06T15:25:15","slug":"webnode","status":"publish","type":"page","link":"https:\/\/elfsight.com\/es\/age-verification-widget\/webnode\/","title":{"rendered":"Age Verification &#8211; Webnode"},"content":{"rendered":"<div class=\"application-platform-content-item-description application-platform-content-item\" id=\"description\" data-nav-section=\"description\"> <h2>Description<\/h2> <p>Our widget will become the most handy method to create a notification that controls the age of a user. Our widget helps make your age-limited material accessible for full-aged users and block access to it for the underage viewers. The widget allows to set the age limit, select verification format, place the window on each page or only particular pages, and choose the action after access denial. The appearance is also under your control featuring paintable elements and the possibility to show custom images. <\/p> <div class=\"faq\" data-component=\"FAQ\"> <div class=\"faq-item\">\r\n\t\t\t\t\t<div class=\"faq-item-question\">\r\n\t\t\t\t\t\t<h3 class=\"faq-item-question-text\">Where can I display Age Verification widget?<\/h3>\r\n\r\n\t\t\t\t\t\t<div class=\"faq-item-question-icon\"><\/div>\r\n\t\t\t\t\t<\/div>\r\n\r\n\t\t\t\t\t<div class=\"faq-item-answer\">\r\n\t\t\t\t\t\t<div class=\"faq-item-answer-text\"> <p>You can choose to show the age check popup on each page or select the pages on which to show it. In addition, there\u2019s the feature of excluding those pages, on which you don\u2019t need it. <\/p> <\/div>\r\n\t\t\t\t\t<\/div>\r\n\t\t\t\t<\/div> <div class=\"faq-item\">\r\n\t\t\t\t\t<div class=\"faq-item-question\">\r\n\t\t\t\t\t\t<h3 class=\"faq-item-question-text\">What advantages will it give me?<\/h3>\r\n\r\n\t\t\t\t\t\t<div class=\"faq-item-question-icon\"><\/div>\r\n\t\t\t\t\t<\/div>\r\n\r\n\t\t\t\t\t<div class=\"faq-item-answer\">\r\n\t\t\t\t\t\t<div class=\"faq-item-answer-text\"> <p>Using our widget, it\u2019s absolutely easy and fast to show an age verifying window and hide your content from underage visitors. Thus, you will stay sure that your website meets legal requirements. In addition, this will draw more target audience and valid potential customers. <\/p> <\/div>\r\n\t\t\t\t\t<\/div>\r\n\t\t\t\t<\/div> <div class=\"faq-item\">\r\n\t\t\t\t\t<div class=\"faq-item-question\">\r\n\t\t\t\t\t\t<h3 class=\"faq-item-question-text\">What do I need to add Age Verification on my Webnode website?<\/h3>\r\n\r\n\t\t\t\t\t\t<div class=\"faq-item-question-icon\"><\/div>\r\n\t\t\t\t\t<\/div>\r\n\r\n\t\t\t\t\t<div class=\"faq-item-answer\">\r\n\t\t\t\t\t\t<div class=\"faq-item-answer-text\"> <p>It only takes three minutes of time to activate the widget. Adding it to the site is super swift, free, and coding-free. <\/p> <p>There\u2019s an option to integrate Age Verification to the website right via our service. Simply see the short description hereafter on this page.<\/p> <\/div>\r\n\t\t\t\t\t<\/div>\r\n\t\t\t\t<\/div> <\/div> <\/div> <div class=\"application-platform-content-item-features application-platform-content-item\" id=\"features\" data-nav-section=\"features\"> <h2>Features<\/h2> <p>To shape a full knowledge of the widget, check the list of the main features. They make this widget incredibly efficient for you: <\/p> <ul><li>Select one of check types: entering  full birthdate, only the year of birth, or Yes and No buttons to choose; <\/li><li>Set the widget to remember a visitor for any amount of time; <\/li><li>2 scenarios for underage users: to show a custom message or direct a user to any page or site; <\/li><li>Load your own picture to show on the age-check window; <\/li><li>Display additional information with links beneath the verification button. <\/li><\/ul><p><a href=\"#demo\">Learn more features in our live demo<\/a><\/p> <\/div><div class=\"application-platform-content-item-installation application-platform-content-item\" id=\"installation\" data-nav-section=\"installation\"> <h2>Check how to add the Age Verification widget to your site. It is one-two-three easy<\/h2> <p>Take the following steps to establish the widget. <\/p> <ol><li><b>Create your custom Age verification plugin<\/b><br> By means of our free demo, configure a plugin, choose preferred interface and functionality options. <\/li><li><b>Copy the personal code to display the plugin<\/b><br> After you have created your widget, you will get your installation code from the popup notification on Elfsight Apps. Copy the code. <\/li> <li><b>Display the plugin on your Webnode site<\/b><br> Find the area where you plan to embed the plugin and add the saved code there. Apply the changes.<\/li> <li><b>Congratulations! You have just published the widget! <\/b><br> Visit the site, to take a look at your work.<\/li> <\/ol><p>Still can\u2019t decide? Or experiencing issues? Simply send a request to our customer service will resolve every trouble.<\/p> <\/div>","protected":false},"excerpt":{"rendered":"","protected":false},"author":18,"featured_media":0,"parent":373,"menu_order":0,"comment_status":"closed","ping_status":"closed","template":"templates\/template-application-platform.php","meta":{"publish_to_discourse":"","publish_post_category":"","wpdc_auto_publish_overridden":"","wpdc_topic_tags":"","wpdc_pin_topic":"","wpdc_pin_until":"","discourse_post_id":"","discourse_permalink":"","wpdc_publishing_response":"","wpdc_publishing_error":"","footnotes":""},"class_list":["post-4566","page","type-page","status-publish","hentry"],"yoast_head":"<!-- This site is optimized with the Yoast SEO plugin v25.3.1 - https:\/\/yoast.com\/wordpress\/plugins\/seo\/ -->\n<title>Verificaci\u00f3n de la Edad - A\u00f1adir plugin de Comprobaci\u00f3n de la Edad al Webnode<\/title>\n<meta name=\"description\" content=\"A\u00f1ade un widget atractivo de Verificaci\u00f3n de la Edad en su sitio web de Webnode. Lance la demo de Elfsight manejable y cree su plugin personalizado.\" \/>\n<meta name=\"robots\" content=\"index, follow, max-snippet:-1, max-image-preview:large, max-video-preview:-1\" \/>\n<link rel=\"canonical\" href=\"https:\/\/elfsight.com\/es\/age-verification-widget\/webnode\/\" \/>\n<meta property=\"og:locale\" content=\"es_ES\" \/>\n<meta property=\"og:type\" content=\"article\" \/>\n<meta property=\"og:title\" content=\"Verificaci\u00f3n de la Edad - A\u00f1adir plugin de Comprobaci\u00f3n de la Edad al Webnode\" \/>\n<meta property=\"og:description\" content=\"A\u00f1ade un widget atractivo de Verificaci\u00f3n de la Edad en su sitio web de Webnode. Lance la demo de Elfsight manejable y cree su plugin personalizado.\" \/>\n<meta property=\"og:url\" content=\"https:\/\/elfsight.com\/es\/age-verification-widget\/webnode\/\" \/>\n<meta property=\"og:site_name\" content=\"Elfsight ES\" \/>\n<meta property=\"article:modified_time\" content=\"2025-02-06T15:25:15+00:00\" \/>\n<meta name=\"twitter:card\" content=\"summary_large_image\" \/>\n<meta name=\"twitter:label1\" content=\"Tiempo de lectura\" \/>\n\t<meta name=\"twitter:data1\" content=\"2 minutos\" \/>\n<!-- \/ Yoast SEO plugin. -->","yoast_head_json":{"title":"Verificaci\u00f3n de la Edad - A\u00f1adir plugin de Comprobaci\u00f3n de la Edad al Webnode","description":"A\u00f1ade un widget atractivo de Verificaci\u00f3n de la Edad en su sitio web de Webnode. Lance la demo de Elfsight manejable y cree su plugin personalizado.","robots":{"index":"index","follow":"follow","max-snippet":"max-snippet:-1","max-image-preview":"max-image-preview:large","max-video-preview":"max-video-preview:-1"},"canonical":"https:\/\/elfsight.com\/es\/age-verification-widget\/webnode\/","og_locale":"es_ES","og_type":"article","og_title":"Verificaci\u00f3n de la Edad - A\u00f1adir plugin de Comprobaci\u00f3n de la Edad al Webnode","og_description":"A\u00f1ade un widget atractivo de Verificaci\u00f3n de la Edad en su sitio web de Webnode. Lance la demo de Elfsight manejable y cree su plugin personalizado.","og_url":"https:\/\/elfsight.com\/es\/age-verification-widget\/webnode\/","og_site_name":"Elfsight ES","article_modified_time":"2025-02-06T15:25:15+00:00","twitter_card":"summary_large_image","twitter_misc":{"Tiempo de lectura":"2 minutos"},"schema":{"@context":"https:\/\/schema.org","@graph":[{"@type":"WebPage","@id":"https:\/\/elfsight.com\/es\/age-verification-widget\/webnode\/","url":"https:\/\/elfsight.com\/es\/age-verification-widget\/webnode\/","name":"Verificaci\u00f3n de la Edad - A\u00f1adir plugin de Comprobaci\u00f3n de la Edad al Webnode","isPartOf":{"@id":"https:\/\/elfsight.com\/es\/#website"},"datePublished":"2022-02-11T10:59:44+00:00","dateModified":"2025-02-06T15:25:15+00:00","description":"A\u00f1ade un widget atractivo de Verificaci\u00f3n de la Edad en su sitio web de Webnode. Lance la demo de Elfsight manejable y cree su plugin personalizado.","breadcrumb":{"@id":"https:\/\/elfsight.com\/es\/age-verification-widget\/webnode\/#breadcrumb"},"inLanguage":"es","potentialAction":[{"@type":"ReadAction","target":["https:\/\/elfsight.com\/es\/age-verification-widget\/webnode\/"]}]},{"@type":"BreadcrumbList","@id":"https:\/\/elfsight.com\/es\/age-verification-widget\/webnode\/#breadcrumb","itemListElement":[{"@type":"ListItem","position":1,"name":"Home","item":"https:\/\/elfsight.com\/es\/"},{"@type":"ListItem","position":2,"name":"Age Verification","item":"https:\/\/elfsight.com\/es\/age-verification-widget\/"},{"@type":"ListItem","position":3,"name":"Age Verification &#8211; Webnode"}]},{"@type":"WebSite","@id":"https:\/\/elfsight.com\/es\/#website","url":"https:\/\/elfsight.com\/es\/","name":"Elfsight ES","description":"Just another Elfsight Sites site","potentialAction":[{"@type":"SearchAction","target":{"@type":"EntryPoint","urlTemplate":"https:\/\/elfsight.com\/es\/?s={search_term_string}"},"query-input":{"@type":"PropertyValueSpecification","valueRequired":true,"valueName":"search_term_string"}}],"inLanguage":"es"}]}},"meta_box":{"industry":"","seo_heading":"","heading":"","description":"","cta_heading":"","cta_description":"","application":"366","h1":"plugin de Verificaci\u00f3n de la Edad para Webnode","h1_caption":"Aseg\u00farate de que se acceda al contenido sensible a la edad de manera responsable con un widget de verificaci\u00f3n de edad simple y personalizable en tu sitio web Webnode sin esfuerzo.","application_category":[],"applications_title":"","applications_request_title":"","applications_request_button_text":"","hero_text":"","hero_video":"","hero_video_schema_markup":"","selling_points_title":"","selling_points_caption":"","selling_points":[],"selling_points_cta_text":"","features_title":"","features":"","ed_cta_examples_text":"","ed_cta_examples_hidden":"","ed_cta_demo_text":"","ed_cta_demo_hidden":"","why_caption":"","why_editor_title":"","why_editor_text":"","why_team_title":"","why_team_text":"","why_service_title":"","why_service_text":"","template_catalog_visible":"","template_catalog_title":"","template_catalog_text":"","template_catalog_categories_visible":"","demo_title":"Crea tu widget de verificaci\u00f3n de edad","demo_caption":"\u00a1Configura tu Verificaci\u00f3n de Edad y agr\u00e9gala a tu sitio web Webnode gratis!","default_faq_hidden":"","app_template_category":[],"platform":"2302","template_public_id":"","codecanyon_url":"","codecanyon_item_id":"","codecanyon_price":"","pricing_caption":"","pricing_elfsight_apps_hide_column":"","pricing_elfsight_apps_url":"","pricing_codecanyon_price_caption":"","integration_category":[],"integration_request_title":"","integration_request_cta":"","integration_platform":"","integrations":[],"platform_category":[],"video_schema_markup":"","price":"desde $0 por mes","trial":"","benefits":[{"text":"Instalaci\u00f3n gratuita"},{"text":"Soporte Premium"},{"text":"14 d\u00edas garant\u00eda de reembolso"},{"text":"Actualizaciones regulares"}],"button_url":"#demo","button_target_blank":"0","button_nofollow":"0","attributes":[{"name":"Responsivo","content":"Si","_state":"expanded"},{"name":"Navegadores compatibles","content":"Firefox, Safari, Opera, Chrome, Edge","_state":"expanded"}],"tags":[],"tags_disable_links":"0","hide_more_platforms":"","video_object":"","demo_hide_cta":"0","demo_hide_cloud_options":"0","pricing_title":"","pricing":[{"pricing_icon":"platform","pricing_title":" Elfsight Apps","pricing_title_caption":"Soluci\u00f3n multiplataforma - valido para cualquier p\u00e1gina web","pricing_price":"desde $0 por mes","pricing_price_caption":"empezar con un plan gratuito","pricing_benefits":[{"text":"Sitios web ilimitados"},{"text":"Atenci\u00f3n al cliente gratuita y r\u00e1pida"},{"text":"Servicio de instalaci\u00f3n gratuito"},{"text":"Totalmente personalizable"}],"pricing_button_text":"Agregar al sitio web","pricing_button_url":"#demo","_state":"expanded"}],"related_apps_title":"","related_apps_hidden":"1","author":"","image":[],"title":"","job":"","social_networks":[]},"_links":{"self":[{"href":"https:\/\/elfsight.com\/es\/wp-json\/wp\/v2\/pages\/4566","targetHints":{"allow":["GET"]}}],"collection":[{"href":"https:\/\/elfsight.com\/es\/wp-json\/wp\/v2\/pages"}],"about":[{"href":"https:\/\/elfsight.com\/es\/wp-json\/wp\/v2\/types\/page"}],"author":[{"embeddable":true,"href":"https:\/\/elfsight.com\/es\/wp-json\/wp\/v2\/users\/18"}],"replies":[{"embeddable":true,"href":"https:\/\/elfsight.com\/es\/wp-json\/wp\/v2\/comments?post=4566"}],"version-history":[{"count":2,"href":"https:\/\/elfsight.com\/es\/wp-json\/wp\/v2\/pages\/4566\/revisions"}],"predecessor-version":[{"id":16611,"href":"https:\/\/elfsight.com\/es\/wp-json\/wp\/v2\/pages\/4566\/revisions\/16611"}],"up":[{"embeddable":true,"href":"https:\/\/elfsight.com\/es\/wp-json\/wp\/v2\/pages\/373"}],"wp:attachment":[{"href":"https:\/\/elfsight.com\/es\/wp-json\/wp\/v2\/media?parent=4566"}],"curies":[{"name":"wp","href":"https:\/\/api.w.org\/{rel}","templated":true}]}}