{"id":4559,"date":"2022-02-11T10:57:11","date_gmt":"2022-02-11T10:57:11","guid":{"rendered":"https:\/\/elfsight.com\/es\/?page_id=4559"},"modified":"2025-12-01T11:28:19","modified_gmt":"2025-12-01T11:28:19","slug":"elementor","status":"publish","type":"page","link":"https:\/\/elfsight.com\/es\/audio-player-widget\/elementor\/","title":{"rendered":"Audio Player &#8211; Elementor"},"content":{"rendered":"<div class=\"application-platform-content-item-description application-platform-content-item\" id=\"description\" data-nav-section=\"description\"><h2>Incorporar el Reproductor de Audio en Elementor con el widget de Elfsight<\/h2><p>El Reproductor de M\u00fasica de Elfsight es una herramienta sencilla para sitios web de Elementor que te permite reproducir pistas de audio directamente en las p\u00e1ginas de tu sitio. La herramienta es altamente modificable: puedes cambiar su ubicaci\u00f3n, ajustarla en cualquier parte de la p\u00e1gina, cambiar su tama\u00f1o, repintar el fondo y otras partes para combinarla con el dise\u00f1o de tu sitio, usar un esquema de color oscuro, mostrar im\u00e1genes y mostrar u ocultar cuatro elementos adicionales del reproductor, como la barra de progreso, el t\u00edtulo y otros. Puedes cargar tantas pistas como necesites para entretener a tus visitantes, activar la opci\u00f3n de reproducci\u00f3n autom\u00e1tica y no tengas dudas: \u00a1tus usuarios no abandonar\u00e1n tu sitio r\u00e1pidamente!<\/p><p><b>\u00a1Usa el widget de Audio de Elfsight para llevar tus picos de comercio electr\u00f3nico de manera m\u00e1s eficiente!<\/b><\/p><\/div> <div class=\"application-platform-content-item-features application-platform-content-item\" id=\"features\" data-nav-section=\"features\"><h2>Las caracter\u00edsticas fundamentales del widget incluyen<\/h2><ul><li>Varias variaciones de color<\/li><li>Esquema de color oscuro\/claro<\/li><li>Dise\u00f1o adaptable<\/li><li>2 dise\u00f1os disponibles<\/li><li>Opci\u00f3n de agregar imagen de fondo<\/li><\/ul><p><a href=\"#demo\">Puedes comprobar el valor del widget con la demostraci\u00f3n<\/a><\/p><\/div> <div class=\"application-platform-content-item-installation application-platform-content-item\" id=\"installation\" data-nav-section=\"installation\"><h2>\u00bfC\u00f3mo puedo incorporar el Reproductor de Audio en mi sitio Elementor?<\/h2><div class=\"video-container\">\n<iframe width=\"720\" height=\"405\" src=\"https:\/\/www.youtube.com\/embed\/MXCCpmruVMc?si=l-hs6FeAWCHOMcfW\" frameborder=\"0\" allowfullscreen=\"\"><\/iframe>\n<\/div><p>Sigue los pasos indicados a continuaci\u00f3n para insertar el widget.<\/p><ol><li><b>Usa nuestro configurador gratuito y comienza a crear tu propio instrumento.<\/b><br> Elige la interfaz y funcionalidad adecuadas de la herramienta y guarda los cambios.<\/li><li><b>Obt\u00e9n el c\u00f3digo individual que se muestra en el cuadro de Elfsight Apps<\/b><br> Justo despu\u00e9s de que se termine la creaci\u00f3n de tu widget, copia el c\u00f3digo personal del cuadro emergido y gu\u00e1rdalo para m\u00e1s tarde.<\/li><li><b>Comienza a utilizar el widget de M\u00fasica en Elementor<\/b><br> A\u00f1ade el c\u00f3digo guardado previamente en tu p\u00e1gina y guarda los cambios.<\/li><li><b>\u00a1Listo! La incorporaci\u00f3n se ha completado con \u00e9xito<\/b><br> Ve a tu p\u00e1gina para inspeccionar el rendimiento de la herramienta.<\/li><\/ol><p>Si tienes alguna consulta o encuentras problemas, no dudes en escribir a nuestro equipo de servicio al cliente. Nuestros consultores estar\u00e1n encantados de resolver cualquier inconveniente que puedas tener con el widget.<\/p><\/div><div class=\"faq\" data-component=\"FAQ\"><div class=\"faq-item\">\r\n\t\t\t\t\t<div class=\"faq-item-question\">\r\n\t\t\t\t\t\t<h3 class=\"faq-item-question-text\">\u00bfC\u00f3mo agrego un Reproductor de Audio en el sitio de Elementor?<\/h3>\r\n\r\n\t\t\t\t\t\t<div class=\"faq-item-question-icon\"><\/div>\r\n\t\t\t\t\t<\/div>\r\n\r\n\t\t\t\t\t<div class=\"faq-item-answer\">\r\n\t\t\t\t\t\t<div class=\"faq-item-answer-text\"><p>La construcci\u00f3n de la herramienta ocurre dentro del servicio de Elfsight y no necesitas programar. Usa nuestra demostraci\u00f3n en vivo para personalizar tu herramienta, obtener el c\u00f3digo e integrarlo en tu sitio.<\/p><\/div>\r\n\t\t\t\t\t<\/div>\r\n\t\t\t\t<\/div><div class=\"faq-item\">\r\n\t\t\t\t\t<div class=\"faq-item-question\">\r\n\t\t\t\t\t\t<h3 class=\"faq-item-question-text\">\u00bfCu\u00e1les son los mejores usos de la integraci\u00f3n del reproductor de M\u00fasica?<\/h3>\r\n\r\n\t\t\t\t\t\t<div class=\"faq-item-question-icon\"><\/div>\r\n\t\t\t\t\t<\/div>\r\n\r\n\t\t\t\t\t<div class=\"faq-item-answer\">\r\n\t\t\t\t\t\t<div class=\"faq-item-answer-text\"><p>Te proporcionaremos muchas opciones de personalizaci\u00f3n: widgets de longitud completa para implementar en la zona de contenido, plugins flotantes con opciones de desplazamiento, dise\u00f1os para el pie de p\u00e1gina, la secci\u00f3n de encabezado y todas las variaciones de opciones verticales para barras laterales y men\u00fas.<\/p><\/div>\r\n\t\t\t\t\t<\/div>\r\n\t\t\t\t<\/div><div class=\"faq-item\">\r\n\t\t\t\t\t<div class=\"faq-item-question\">\r\n\t\t\t\t\t\t<h3 class=\"faq-item-question-text\">\u00bfPuedo crear una lista de reproducci\u00f3n de M\u00fasica o un reproductor de Audiolibros mediante tu editor?<\/h3>\r\n\r\n\t\t\t\t\t\t<div class=\"faq-item-question-icon\"><\/div>\r\n\t\t\t\t\t<\/div>\r\n\r\n\t\t\t\t\t<div class=\"faq-item-answer\">\r\n\t\t\t\t\t\t<div class=\"faq-item-answer-text\"><p>Puedes crear cualquier variaci\u00f3n de widget. Hay una amplia gama de dise\u00f1os disponibles en el editor, y todos se pueden personalizar r\u00e1pidamente seg\u00fan tus necesidades.<\/p><\/div>\r\n\t\t\t\t\t<\/div>\r\n\t\t\t\t<\/div><\/div>","protected":false},"excerpt":{"rendered":"","protected":false},"author":18,"featured_media":0,"parent":481,"menu_order":0,"comment_status":"closed","ping_status":"closed","template":"templates\/template-application-platform.php","meta":{"publish_to_discourse":"","publish_post_category":"","wpdc_auto_publish_overridden":"","wpdc_topic_tags":"","wpdc_pin_topic":"","wpdc_pin_until":"","discourse_post_id":"","discourse_permalink":"","wpdc_publishing_response":"","wpdc_publishing_error":"","footnotes":""},"class_list":["post-4559","page","type-page","status-publish","hentry"],"yoast_head":"<!-- This site is optimized with the Yoast SEO plugin v25.3.1 - https:\/\/yoast.com\/wordpress\/plugins\/seo\/ -->\n<title>Audio Player - Empotrar plugin de Reproductor de Audio al Elementor<\/title>\n<meta name=\"description\" content=\"A\u00f1ade un widget responsivo de Audio Player en su p\u00e1gina web de Elementor. Pruebe la demo de Elfsight f\u00e1cil de usar y genere su plugin personalizado.\" \/>\n<meta name=\"robots\" content=\"index, follow, max-snippet:-1, max-image-preview:large, max-video-preview:-1\" \/>\n<link rel=\"canonical\" href=\"https:\/\/elfsight.com\/es\/audio-player-widget\/elementor\/\" \/>\n<meta property=\"og:locale\" content=\"es_ES\" \/>\n<meta property=\"og:type\" content=\"article\" \/>\n<meta property=\"og:title\" content=\"Audio Player - Empotrar plugin de Reproductor de Audio al Elementor\" \/>\n<meta property=\"og:description\" content=\"A\u00f1ade un widget responsivo de Audio Player en su p\u00e1gina web de Elementor. Pruebe la demo de Elfsight f\u00e1cil de usar y genere su plugin personalizado.\" \/>\n<meta property=\"og:url\" content=\"https:\/\/elfsight.com\/es\/audio-player-widget\/elementor\/\" \/>\n<meta property=\"og:site_name\" content=\"Elfsight ES\" \/>\n<meta property=\"article:modified_time\" content=\"2025-12-01T11:28:19+00:00\" \/>\n<meta name=\"twitter:card\" content=\"summary_large_image\" \/>\n<meta name=\"twitter:label1\" content=\"Tiempo de lectura\" \/>\n\t<meta name=\"twitter:data1\" content=\"3 minutos\" \/>\n<!-- \/ Yoast SEO plugin. -->","yoast_head_json":{"title":"Audio Player - Empotrar plugin de Reproductor de Audio al Elementor","description":"A\u00f1ade un widget responsivo de Audio Player en su p\u00e1gina web de Elementor. Pruebe la demo de Elfsight f\u00e1cil de usar y genere su plugin personalizado.","robots":{"index":"index","follow":"follow","max-snippet":"max-snippet:-1","max-image-preview":"max-image-preview:large","max-video-preview":"max-video-preview:-1"},"canonical":"https:\/\/elfsight.com\/es\/audio-player-widget\/elementor\/","og_locale":"es_ES","og_type":"article","og_title":"Audio Player - Empotrar plugin de Reproductor de Audio al Elementor","og_description":"A\u00f1ade un widget responsivo de Audio Player en su p\u00e1gina web de Elementor. Pruebe la demo de Elfsight f\u00e1cil de usar y genere su plugin personalizado.","og_url":"https:\/\/elfsight.com\/es\/audio-player-widget\/elementor\/","og_site_name":"Elfsight ES","article_modified_time":"2025-12-01T11:28:19+00:00","twitter_card":"summary_large_image","twitter_misc":{"Tiempo de lectura":"3 minutos"},"schema":{"@context":"https:\/\/schema.org","@graph":[{"@type":"WebPage","@id":"https:\/\/elfsight.com\/es\/audio-player-widget\/elementor\/","url":"https:\/\/elfsight.com\/es\/audio-player-widget\/elementor\/","name":"Audio Player - Empotrar plugin de Reproductor de Audio al Elementor","isPartOf":{"@id":"https:\/\/elfsight.com\/es\/#website"},"datePublished":"2022-02-11T10:57:11+00:00","dateModified":"2025-12-01T11:28:19+00:00","description":"A\u00f1ade un widget responsivo de Audio Player en su p\u00e1gina web de Elementor. Pruebe la demo de Elfsight f\u00e1cil de usar y genere su plugin personalizado.","breadcrumb":{"@id":"https:\/\/elfsight.com\/es\/audio-player-widget\/elementor\/#breadcrumb"},"inLanguage":"es","potentialAction":[{"@type":"ReadAction","target":["https:\/\/elfsight.com\/es\/audio-player-widget\/elementor\/"]}]},{"@type":"BreadcrumbList","@id":"https:\/\/elfsight.com\/es\/audio-player-widget\/elementor\/#breadcrumb","itemListElement":[{"@type":"ListItem","position":1,"name":"Home","item":"https:\/\/elfsight.com\/es\/"},{"@type":"ListItem","position":2,"name":"Audio Player","item":"https:\/\/elfsight.com\/es\/audio-player-widget\/"},{"@type":"ListItem","position":3,"name":"Audio Player &#8211; Elementor"}]},{"@type":"WebSite","@id":"https:\/\/elfsight.com\/es\/#website","url":"https:\/\/elfsight.com\/es\/","name":"Elfsight ES","description":"Just another Elfsight Sites site","potentialAction":[{"@type":"SearchAction","target":{"@type":"EntryPoint","urlTemplate":"https:\/\/elfsight.com\/es\/?s={search_term_string}"},"query-input":{"@type":"PropertyValueSpecification","valueRequired":true,"valueName":"search_term_string"}}],"inLanguage":"es"}]}},"meta_box":{"industry":"","seo_heading":"","heading":"","description":"","cta_heading":"","cta_description":"","application":"480","h1":"complemento de reproductor de audio para Elementor","h1_caption":"A\u00f1ada archivos de audio en todos los extensiones mundialmente conocidos a su sitio","application_category":[],"applications_title":"","applications_request_title":"","applications_request_button_text":"","hero_text":"","hero_video":"","hero_video_schema_markup":"","selling_points_title":"","selling_points_caption":"","selling_points":[],"selling_points_cta_text":"","features_title":"","features":"","ed_cta_examples_text":"","ed_cta_examples_hidden":"","ed_cta_demo_text":"","ed_cta_demo_hidden":"","why_caption":"","why_editor_title":"","why_editor_text":"","why_team_title":"","why_team_text":"","why_service_title":"","why_service_text":"","template_catalog_visible":"0","template_catalog_title":"","template_catalog_text":"","template_catalog_categories_visible":"","demo_title":"Crea tu widget de reproductor de audio","demo_caption":"\u00a1Configure su reproductor de audio y agr\u00e9guelo a su sitio web Elementor gratis!","default_faq_hidden":"","app_template_category":[],"platform":"58","template_public_id":"","codecanyon_url":"","codecanyon_item_id":"","codecanyon_price":"","pricing_caption":"","pricing_elfsight_apps_hide_column":"","pricing_elfsight_apps_url":"","pricing_codecanyon_price_caption":"","integration_category":[],"integration_request_title":"","integration_request_cta":"","integration_platform":"","integrations":[],"platform_category":[],"video_schema_markup":"","price":"desde $0 por mes","trial":"","benefits":[{"text":"Instalaci\u00f3n gratuita"},{"text":"Soporte Premium"},{"text":"14 d\u00edas garant\u00eda de reembolso"},{"text":"Actualizaciones regulares"}],"button_url":"#demo","button_target_blank":"0","button_nofollow":"0","attributes":[{"name":"Responsivo","content":"Si","_state":"expanded"},{"name":"Navegadores compatibles","content":"Firefox, Safari, Opera, Chrome, Edge","_state":"expanded"}],"tags":[],"tags_disable_links":"0","hide_more_platforms":"0","video_object":"","demo_hide_cta":"0","demo_hide_cloud_options":"0","pricing_title":"","pricing":[{"pricing_icon":"platform","pricing_title":" Elfsight Apps","pricing_title_caption":"Soluci\u00f3n multiplataforma - valido para cualquier p\u00e1gina web","pricing_price":"desde $0 por mes","pricing_price_caption":"empezar con un plan gratuito","pricing_benefits":[{"text":"Sitios web ilimitados"},{"text":"Atenci\u00f3n al cliente gratuita y r\u00e1pida"},{"text":"Servicio de instalaci\u00f3n gratuito"},{"text":"Totalmente personalizable"}],"pricing_button_text":"Agregar al sitio web","pricing_button_url":"#demo","_state":"expanded"}],"related_apps_title":"","related_apps_hidden":"1","author":"","image":[],"title":"","job":"","social_networks":[]},"_links":{"self":[{"href":"https:\/\/elfsight.com\/es\/wp-json\/wp\/v2\/pages\/4559","targetHints":{"allow":["GET"]}}],"collection":[{"href":"https:\/\/elfsight.com\/es\/wp-json\/wp\/v2\/pages"}],"about":[{"href":"https:\/\/elfsight.com\/es\/wp-json\/wp\/v2\/types\/page"}],"author":[{"embeddable":true,"href":"https:\/\/elfsight.com\/es\/wp-json\/wp\/v2\/users\/18"}],"replies":[{"embeddable":true,"href":"https:\/\/elfsight.com\/es\/wp-json\/wp\/v2\/comments?post=4559"}],"version-history":[{"count":4,"href":"https:\/\/elfsight.com\/es\/wp-json\/wp\/v2\/pages\/4559\/revisions"}],"predecessor-version":[{"id":20003,"href":"https:\/\/elfsight.com\/es\/wp-json\/wp\/v2\/pages\/4559\/revisions\/20003"}],"up":[{"embeddable":true,"href":"https:\/\/elfsight.com\/es\/wp-json\/wp\/v2\/pages\/481"}],"wp:attachment":[{"href":"https:\/\/elfsight.com\/es\/wp-json\/wp\/v2\/media?parent=4559"}],"curies":[{"name":"wp","href":"https:\/\/api.w.org\/{rel}","templated":true}]}}