{"id":4557,"date":"2022-02-11T10:57:21","date_gmt":"2022-02-11T10:57:21","guid":{"rendered":"https:\/\/elfsight.com\/es\/?page_id=4557"},"modified":"2025-02-06T15:25:32","modified_gmt":"2025-02-06T15:25:32","slug":"woocommerce","status":"publish","type":"page","link":"https:\/\/elfsight.com\/es\/event-calendar-widget\/woocommerce\/","title":{"rendered":"Event Calendar &#8211; WooCommerce"},"content":{"rendered":"<div class=\"application-platform-content-item-description application-platform-content-item\" id=\"description\" data-nav-section=\"description\"><h2>Incorporar el Calendario de Eventos con el Widget de Elfsight<\/h2><p>El Calendario de Eventos de Elfsight para WooCommerce es un plugin excepcional que te permite compartir tus eventos de manera fluida con tus visitantes. Tiene muchas opciones para mostrar las actividades futuras de la forma m\u00e1s elegante. Personal\u00edzalo para que se combine con el dise\u00f1o de tu sitio. Crea un n\u00famero ilimitado de eventos, agrega m\u00faltiples etiquetas, sube tus propias im\u00e1genes y videos, y mant\u00e9n a los visitantes actualizados sobre tus proyectos.<\/p><p><b>El Calendario de Eventos de Elfsight puede ayudarte a anunciar r\u00e1pidamente tus eventos pr\u00f3ximos y aumentar el nivel de interacci\u00f3n en tu p\u00e1gina web.<\/b><\/p><\/div> <div class=\"application-platform-content-item-features application-platform-content-item\" id=\"features\" data-nav-section=\"features\"><h2>Principales caracter\u00edsticas del plugin Calendario de Eventos<\/h2><ul><li>Utiliza oportunidades de contenido funcionales para adaptar la herramienta a tu tipo de eventos.<\/li><li>Ayuda a los usuarios a agregar eventos a sus calendarios favoritos.<\/li><li>Genera diversos tipos de eventos, especifica ubicaciones y agrega anfitriones.<\/li><li>Clasifica todos tus eventos y as\u00edgnales etiquetas.<\/li><li>Elige entre 4 opciones de dise\u00f1o.<\/li><\/ul><p><a href=\"#demo\">Prueba esta demostraci\u00f3n para ver lo que vale el widget<\/a><\/p><\/div><div class=\"application-platform-content-item-installation application-platform-content-item\" id=\"installation\" data-nav-section=\"installation\"><h2>\u00bfC\u00f3mo incorporar el Calendario de Eventos a mi sitio WooCommerce?<\/h2><p>Sigue los pasos indicados a continuaci\u00f3n para integrar la herramienta.<\/p><ol><li><b>Usando nuestro editor gratuito, comienza a construir tu instrumento personalizado.<\/b><br>Encuentra la apariencia y par\u00e1metros adecuados del plugin y aplica las modificaciones.<\/li><li><b>Obt\u00e9n tu c\u00f3digo individual revelado en el formulario especial de Elfsight Apps.<\/b><br>Despu\u00e9s de generar tu plugin, copia el c\u00f3digo personal del popup emergido y gu\u00e1rdalo para su uso futuro.<\/li><li><b>Comienza a utilizar la herramienta en tu sitio WooCommerce.<\/b><br>Pega el c\u00f3digo copiado en tu p\u00e1gina y guarda los cambios.<\/li><li><b>La configuraci\u00f3n se ha completado con \u00e9xito.<\/b><br>Visita tu sitio web para ver c\u00f3mo funciona la herramienta.<\/li><\/ol><p>Si tienes preguntas o enfrentas dificultades, no dudes en ponerte en contacto con nuestro servicio de atenci\u00f3n al cliente. Nuestros consultores estar\u00e1n encantados de resolver cualquier inconveniente que puedas tener con el producto.<\/p><\/div><div class=\"faq\" data-component=\"FAQ\"><div class=\"faq-item\">\r\n\t\t\t\t\t<div class=\"faq-item-question\">\r\n\t\t\t\t\t\t<h3 class=\"faq-item-question-text\">\u00bfC\u00f3mo agrego un Calendario de Eventos a mi WooCommerce?<\/h3>\r\n\r\n\t\t\t\t\t\t<div class=\"faq-item-question-icon\"><\/div>\r\n\t\t\t\t\t<\/div>\r\n\r\n\t\t\t\t\t<div class=\"faq-item-answer\">\r\n\t\t\t\t\t\t<div class=\"faq-item-answer-text\"><p>La creaci\u00f3n de la herramienta se lleva a cabo dentro del servicio de Elfsight y no es necesario programar. Utiliza nuestra demostraci\u00f3n en vivo para personalizar tu aplicaci\u00f3n, obtener el c\u00f3digo e implementarlo en tu sitio.<\/p><\/div>\r\n\t\t\t\t\t<\/div>\r\n\t\t\t\t<\/div><div class=\"faq-item\">\r\n\t\t\t\t\t<div class=\"faq-item-question\">\r\n\t\t\t\t\t\t<h3 class=\"faq-item-question-text\">Los mejores ejemplos de uso de la integraci\u00f3n del widget Calendario<\/h3>\r\n\r\n\t\t\t\t\t\t<div class=\"faq-item-question-icon\"><\/div>\r\n\t\t\t\t\t<\/div>\r\n\r\n\t\t\t\t\t<div class=\"faq-item-answer\">\r\n\t\t\t\t\t\t<div class=\"faq-item-answer-text\"><p>Tenemos una amplia gama de posibilidades de ajuste: widgets a tama\u00f1o completo para insertar en la secci\u00f3n de contenido, widgets flotantes con opciones de desplazamiento, dise\u00f1os para el pie de p\u00e1gina, encabezado y diversas opciones verticales para barras laterales y men\u00fas.<\/p><\/div>\r\n\t\t\t\t\t<\/div>\r\n\t\t\t\t<\/div><div class=\"faq-item\">\r\n\t\t\t\t\t<div class=\"faq-item-question\">\r\n\t\t\t\t\t\t<h3 class=\"faq-item-question-text\">\u00bfC\u00f3mo creo un Calendario de Eventos para un Hotel o Club mediante el editor?<\/h3>\r\n\r\n\t\t\t\t\t\t<div class=\"faq-item-question-icon\"><\/div>\r\n\t\t\t\t\t<\/div>\r\n\r\n\t\t\t\t\t<div class=\"faq-item-answer\">\r\n\t\t\t\t\t\t<div class=\"faq-item-answer-text\"><p>Puedes crear cualquier variaci\u00f3n de widget. Hay muchos dise\u00f1os disponibles en el editor, y todos pueden ajustarse f\u00e1cilmente a tus necesidades.<\/p><\/div>\r\n\t\t\t\t\t<\/div>\r\n\t\t\t\t<\/div><div class=\"faq-item\">\r\n\t\t\t\t\t<div class=\"faq-item-question\">\r\n\t\t\t\t\t\t<h3 class=\"faq-item-question-text\">\u00bfHay alguna opci\u00f3n para agregar un Calendario de Eventos a mi sitio WooCommerce sin conocimientos de programaci\u00f3n?<\/h3>\r\n\r\n\t\t\t\t\t\t<div class=\"faq-item-question-icon\"><\/div>\r\n\t\t\t\t\t<\/div>\r\n\r\n\t\t\t\t\t<div class=\"faq-item-answer\">\r\n\t\t\t\t\t\t<div class=\"faq-item-answer-text\"><p>La empresa Elfsight ofrece una soluci\u00f3n en la nube que permite a los propietarios de sitios web generar una aplicaci\u00f3n de Calendario de Eventos por s\u00ed mismos, sigue la sencilla gu\u00eda:<\/p><ul><li>Trabaja directamente en el Editor en vivo para generar el plugin Calendario de Eventos que te gustar\u00eda ver en tu sitio WooCommerce.<\/li><li>Selecciona una de nuestras plantillas pre-dise\u00f1adas y ajusta la configuraci\u00f3n del Calendario de Eventos, cambia el dise\u00f1o y el color de los elementos, actualiza tu contenido sin conocimientos de programaci\u00f3n.<\/li><li>Guarda los ajustes realizados en el Calendario de Eventos y obt\u00e9n su c\u00f3digo para incrustarlo, que podr\u00e1s pegar f\u00e1cilmente en cualquier p\u00e1gina de %platform% de forma gratuita.<\/li><\/ul><p>Usando el Configurador intuitivo, cualquier usuario web puede generar el plugin Calendario de Eventos y agregarlo f\u00e1cilmente a su sitio WooCommerce. No necesitas obtener un plan de pago ni ingresar tus credenciales de tarjeta para acceder al Editor de Elfsight. Si encuentras alg\u00fan problema de cualquier tipo, no dudes en contactar con nuestro soporte t\u00e9cnico.<\/p><\/div>\r\n\t\t\t\t\t<\/div>\r\n\t\t\t\t<\/div><\/div>","protected":false},"excerpt":{"rendered":"","protected":false},"author":18,"featured_media":0,"parent":1575,"menu_order":0,"comment_status":"closed","ping_status":"closed","template":"templates\/template-application-platform.php","meta":{"publish_to_discourse":"","publish_post_category":"","wpdc_auto_publish_overridden":"","wpdc_topic_tags":"","wpdc_pin_topic":"","wpdc_pin_until":"","discourse_post_id":"","discourse_permalink":"","wpdc_publishing_response":"","wpdc_publishing_error":"","footnotes":""},"class_list":["post-4557","page","type-page","status-publish","hentry"],"yoast_head":"<!-- This site is optimized with the Yoast SEO plugin v25.3.1 - https:\/\/yoast.com\/wordpress\/plugins\/seo\/ -->\n<title>Calendario de eventos - Incrustar plugin de Evento Calendario al WooCommerce<\/title>\n<meta name=\"description\" content=\"Instala un widget hermoso de Calendario de eventos en su sitio de WooCommerce. Pruebe la demo de Elfsight intuitiva y genere su plugin personalizado.\" \/>\n<meta name=\"robots\" content=\"index, follow, max-snippet:-1, max-image-preview:large, max-video-preview:-1\" \/>\n<link rel=\"canonical\" href=\"https:\/\/elfsight.com\/es\/event-calendar-widget\/woocommerce\/\" \/>\n<meta property=\"og:locale\" content=\"es_ES\" \/>\n<meta property=\"og:type\" content=\"article\" \/>\n<meta property=\"og:title\" content=\"Calendario de eventos - Incrustar plugin de Evento Calendario al WooCommerce\" \/>\n<meta property=\"og:description\" content=\"Instala un widget hermoso de Calendario de eventos en su sitio de WooCommerce. Pruebe la demo de Elfsight intuitiva y genere su plugin personalizado.\" \/>\n<meta property=\"og:url\" content=\"https:\/\/elfsight.com\/es\/event-calendar-widget\/woocommerce\/\" \/>\n<meta property=\"og:site_name\" content=\"Elfsight ES\" \/>\n<meta property=\"article:modified_time\" content=\"2025-02-06T15:25:32+00:00\" \/>\n<meta name=\"twitter:card\" content=\"summary_large_image\" \/>\n<meta name=\"twitter:label1\" content=\"Tiempo de lectura\" \/>\n\t<meta name=\"twitter:data1\" content=\"1 minuto\" \/>\n<!-- \/ Yoast SEO plugin. -->","yoast_head_json":{"title":"Calendario de eventos - Incrustar plugin de Evento Calendario al WooCommerce","description":"Instala un widget hermoso de Calendario de eventos en su sitio de WooCommerce. Pruebe la demo de Elfsight intuitiva y genere su plugin personalizado.","robots":{"index":"index","follow":"follow","max-snippet":"max-snippet:-1","max-image-preview":"max-image-preview:large","max-video-preview":"max-video-preview:-1"},"canonical":"https:\/\/elfsight.com\/es\/event-calendar-widget\/woocommerce\/","og_locale":"es_ES","og_type":"article","og_title":"Calendario de eventos - Incrustar plugin de Evento Calendario al WooCommerce","og_description":"Instala un widget hermoso de Calendario de eventos en su sitio de WooCommerce. Pruebe la demo de Elfsight intuitiva y genere su plugin personalizado.","og_url":"https:\/\/elfsight.com\/es\/event-calendar-widget\/woocommerce\/","og_site_name":"Elfsight ES","article_modified_time":"2025-02-06T15:25:32+00:00","twitter_card":"summary_large_image","twitter_misc":{"Tiempo de lectura":"1 minuto"},"schema":{"@context":"https:\/\/schema.org","@graph":[{"@type":"WebPage","@id":"https:\/\/elfsight.com\/es\/event-calendar-widget\/woocommerce\/","url":"https:\/\/elfsight.com\/es\/event-calendar-widget\/woocommerce\/","name":"Calendario de eventos - Incrustar plugin de Evento Calendario al WooCommerce","isPartOf":{"@id":"https:\/\/elfsight.com\/es\/#website"},"datePublished":"2022-02-11T10:57:21+00:00","dateModified":"2025-02-06T15:25:32+00:00","description":"Instala un widget hermoso de Calendario de eventos en su sitio de WooCommerce. Pruebe la demo de Elfsight intuitiva y genere su plugin personalizado.","breadcrumb":{"@id":"https:\/\/elfsight.com\/es\/event-calendar-widget\/woocommerce\/#breadcrumb"},"inLanguage":"es","potentialAction":[{"@type":"ReadAction","target":["https:\/\/elfsight.com\/es\/event-calendar-widget\/woocommerce\/"]}]},{"@type":"BreadcrumbList","@id":"https:\/\/elfsight.com\/es\/event-calendar-widget\/woocommerce\/#breadcrumb","itemListElement":[{"@type":"ListItem","position":1,"name":"Home","item":"https:\/\/elfsight.com\/es\/"},{"@type":"ListItem","position":2,"name":"Event Calendar","item":"https:\/\/elfsight.com\/es\/event-calendar-widget\/"},{"@type":"ListItem","position":3,"name":"Event Calendar &#8211; WooCommerce"}]},{"@type":"WebSite","@id":"https:\/\/elfsight.com\/es\/#website","url":"https:\/\/elfsight.com\/es\/","name":"Elfsight ES","description":"Just another Elfsight Sites site","potentialAction":[{"@type":"SearchAction","target":{"@type":"EntryPoint","urlTemplate":"https:\/\/elfsight.com\/es\/?s={search_term_string}"},"query-input":{"@type":"PropertyValueSpecification","valueRequired":true,"valueName":"search_term_string"}}],"inLanguage":"es"}]}},"meta_box":{"industry":"","seo_heading":"","heading":"","description":"","cta_heading":"","cta_description":"","application":"1574","h1":"complemento de Calendario de eventos para WooCommerce","h1_caption":"Administre y comparta eventos en su sitio web con un calendario de eventos interactivo y f\u00e1cil de usar en su sitio web WooCommerce sin esfuerzo.","application_category":[],"applications_title":"","applications_request_title":"","applications_request_button_text":"","hero_text":"","hero_video":"","hero_video_schema_markup":"","selling_points_title":"","selling_points_caption":"","selling_points":[],"selling_points_cta_text":"","features_title":"","features":"","ed_cta_examples_text":"","ed_cta_examples_hidden":"","ed_cta_demo_text":"","ed_cta_demo_hidden":"","why_caption":"","why_editor_title":"","why_editor_text":"","why_team_title":"","why_team_text":"","why_service_title":"","why_service_text":"","template_catalog_visible":"","template_catalog_title":"","template_catalog_text":"","template_catalog_categories_visible":"","demo_title":"Crea tu aplicaci\u00f3n Calendario de eventos","demo_caption":"\u00a1Configure su calendario de eventos y agr\u00e9guelo a su sitio web WooCommerce de forma gratuita!","default_faq_hidden":"","app_template_category":[],"platform":"2311","template_public_id":"","codecanyon_url":"","codecanyon_item_id":"","codecanyon_price":"","pricing_caption":"","pricing_elfsight_apps_hide_column":"","pricing_elfsight_apps_url":"","pricing_codecanyon_price_caption":"","integration_category":[],"integration_request_title":"","integration_request_cta":"","integration_platform":"","integrations":[],"platform_category":[],"video_schema_markup":"","price":"desde $0 por mes","trial":"","benefits":[{"text":"Instalaci\u00f3n gratuita"},{"text":"Soporte Premium"},{"text":"14 d\u00edas garant\u00eda de reembolso"},{"text":"Actualizaciones regulares"}],"button_url":"#demo","button_target_blank":"0","button_nofollow":"0","attributes":[{"name":"Responsivo","content":"Si","_state":"expanded"},{"name":"Navegadores compatibles","content":"Firefox, Safari, Opera, Chrome, Edge","_state":"expanded"}],"tags":[],"tags_disable_links":"0","hide_more_platforms":"","video_object":"","demo_hide_cta":"0","demo_hide_cloud_options":"0","pricing_title":"","pricing":[{"pricing_icon":"platform","pricing_title":" Elfsight Apps","pricing_title_caption":"Soluci\u00f3n multiplataforma - valido para cualquier p\u00e1gina web","pricing_price":"desde $0 por mes","pricing_price_caption":"empezar con un plan gratuito","pricing_benefits":[{"text":"Sitios web ilimitados"},{"text":"Atenci\u00f3n al cliente gratuita y r\u00e1pida"},{"text":"Servicio de instalaci\u00f3n gratuito"},{"text":"Totalmente personalizable"}],"pricing_button_text":"Agregar al sitio web","pricing_button_url":"#demo","_state":"expanded"}],"related_apps_title":"","related_apps_hidden":"1","author":"","image":[],"title":"","job":"","social_networks":[]},"_links":{"self":[{"href":"https:\/\/elfsight.com\/es\/wp-json\/wp\/v2\/pages\/4557","targetHints":{"allow":["GET"]}}],"collection":[{"href":"https:\/\/elfsight.com\/es\/wp-json\/wp\/v2\/pages"}],"about":[{"href":"https:\/\/elfsight.com\/es\/wp-json\/wp\/v2\/types\/page"}],"author":[{"embeddable":true,"href":"https:\/\/elfsight.com\/es\/wp-json\/wp\/v2\/users\/18"}],"replies":[{"embeddable":true,"href":"https:\/\/elfsight.com\/es\/wp-json\/wp\/v2\/comments?post=4557"}],"version-history":[{"count":3,"href":"https:\/\/elfsight.com\/es\/wp-json\/wp\/v2\/pages\/4557\/revisions"}],"predecessor-version":[{"id":18264,"href":"https:\/\/elfsight.com\/es\/wp-json\/wp\/v2\/pages\/4557\/revisions\/18264"}],"up":[{"embeddable":true,"href":"https:\/\/elfsight.com\/es\/wp-json\/wp\/v2\/pages\/1575"}],"wp:attachment":[{"href":"https:\/\/elfsight.com\/es\/wp-json\/wp\/v2\/media?parent=4557"}],"curies":[{"name":"wp","href":"https:\/\/api.w.org\/{rel}","templated":true}]}}