{"id":4556,"date":"2022-02-11T10:57:29","date_gmt":"2022-02-11T10:57:29","guid":{"rendered":"https:\/\/elfsight.com\/es\/?page_id=4556"},"modified":"2025-02-06T15:25:32","modified_gmt":"2025-02-06T15:25:32","slug":"squarespace","status":"publish","type":"page","link":"https:\/\/elfsight.com\/es\/age-verification-widget\/squarespace\/","title":{"rendered":"Age Verification &#8211; Squarespace"},"content":{"rendered":"<div class=\"application-platform-content-item-description application-platform-content-item\" id=\"description\" data-nav-section=\"description\"> <h2>Integra la Verificaci\u00f3n de Edad en Squarespace con el widget de Elfsight<\/h2> <p>El widget de Verificaci\u00f3n de Edad de Elfsight ser\u00e1 el mejor m\u00e9todo para configurar una notificaci\u00f3n que controle la edad del usuario. El widget ayudar\u00e1 a hacer tu contenido sensible a la edad accesible para adultos y ocultarlo a la audiencia menor de edad. Puedes determinar un l\u00edmite de edad adecuado, seleccionar el m\u00e9todo de verificaci\u00f3n, introducir la ventana en todas o solo en p\u00e1ginas espec\u00edficas, y elegir el escenario. El aspecto es flexible con detalles pintables y la posibilidad de cargar im\u00e1genes personalizadas. <\/p> <div class=\"faq\" data-component=\"FAQ\"> <div class=\"faq-item\">\r\n\t\t\t\t\t<div class=\"faq-item-question\">\r\n\t\t\t\t\t\t<h3 class=\"faq-item-question-text\">\u00bfD\u00f3nde puedo publicar la Verificaci\u00f3n de Edad?<\/h3>\r\n\r\n\t\t\t\t\t\t<div class=\"faq-item-question-icon\"><\/div>\r\n\t\t\t\t\t<\/div>\r\n\r\n\t\t\t\t\t<div class=\"faq-item-answer\">\r\n\t\t\t\t\t\t<div class=\"faq-item-answer-text\"> <p>Puedes integrar la ventana de verificaci\u00f3n en todo el sitio web o elegir las p\u00e1ginas donde integrarla o excluir algunas p\u00e1ginas. <\/p> <\/div>\r\n\t\t\t\t\t<\/div>\r\n\t\t\t\t<\/div> <div class=\"faq-item\">\r\n\t\t\t\t\t<div class=\"faq-item-question\">\r\n\t\t\t\t\t\t<h3 class=\"faq-item-question-text\">\u00bfC\u00f3mo puedo beneficiarme de esto?<\/h3>\r\n\r\n\t\t\t\t\t\t<div class=\"faq-item-question-icon\"><\/div>\r\n\t\t\t\t\t<\/div>\r\n\r\n\t\t\t\t\t<div class=\"faq-item-answer\">\r\n\t\t\t\t\t\t<div class=\"faq-item-answer-text\"> <p>Con este widget, es muy f\u00e1cil y r\u00e1pido mostrar un popup de verificaci\u00f3n de edad y evitar que los usuarios menores de edad accedan al contenido. As\u00ed, te asegurar\u00e1s de que tu sitio cumpla con la legislaci\u00f3n. Adem\u00e1s, te permitir\u00e1 atraer a una audiencia m\u00e1s espec\u00edfica y clientes v\u00e1lidos. <\/p> <\/div>\r\n\t\t\t\t\t<\/div>\r\n\t\t\t\t<\/div> <div class=\"faq-item\">\r\n\t\t\t\t\t<div class=\"faq-item-question\">\r\n\t\t\t\t\t\t<h3 class=\"faq-item-question-text\">\u00bfC\u00f3mo agrego la Verificaci\u00f3n de Edad a mi sitio web de Squarespace?<\/h3>\r\n\r\n\t\t\t\t\t\t<div class=\"faq-item-question-icon\"><\/div>\r\n\t\t\t\t\t<\/div>\r\n\r\n\t\t\t\t\t<div class=\"faq-item-answer\">\r\n\t\t\t\t\t\t<div class=\"faq-item-answer-text\"> <p>Solo tomar\u00e1 un par de minutos activar el widget. La integraci\u00f3n es muy r\u00e1pida, gratuita y sin necesidad de codificaci\u00f3n. <\/p> <p>Hay una opci\u00f3n para introducir la Verificaci\u00f3n de Edad en tu sitio directamente en nuestro servicio. Simplemente sigue la gu\u00eda publicada m\u00e1s abajo en esta p\u00e1gina.<\/p> <\/div>\r\n\t\t\t\t\t<\/div>\r\n\t\t\t\t<\/div> <\/div> <\/div> <div class=\"application-platform-content-item-features application-platform-content-item\" id=\"features\" data-nav-section=\"features\"> <h2>Caracter\u00edsticas principales del widget de Verificaci\u00f3n de Edad<\/h2> <p>Para entender mejor el widget de Verificaci\u00f3n de Edad, consulta la lista de sus caracter\u00edsticas esenciales. Ellas hacen que nuestro widget sea m\u00e1ximo beneficioso para tu negocio:<\/p> <ul><li>Selecciona uno de los tres m\u00e9todos de verificaci\u00f3n: pedir la fecha completa de nacimiento, solo el a\u00f1o de nacimiento, o una pregunta con respuestas de S\u00ed o No;<\/li><li>Configura el widget para recordar al visitante por cualquier cantidad de tiempo;<\/li><li>2 posibles escenarios para usuarios detenidos: mostrar un mensaje o dirigir al usuario a cualquier direcci\u00f3n;<\/li><li>Carga cualquier imagen para el popup de verificaci\u00f3n;<\/li><li>Muestra texto adicional y enlaces debajo del bot\u00f3n de verificaci\u00f3n. <\/li><\/ul><p><a href=\"#demo\">Para ver la lista completa de caracter\u00edsticas, consulta nuestra demo en vivo<\/a><\/p> <\/div> <div class=\"application-platform-content-item-installation application-platform-content-item\" id=\"installation\" data-nav-section=\"installation\"> <h2>Consulta c\u00f3mo introducir el widget de Verificaci\u00f3n de Edad en tu sitio de Squarespace. Es f\u00e1cil y r\u00e1pido.<\/h2> <div class=\"video-container\"><iframe width=\"720\" height=\"405\" src=\"https:\/\/www.youtube.com\/embed\/r_CmpExwAhk\" frameborder=\"0\" allowfullscreen=\"\"><\/iframe><\/div><p>Las acciones a continuaci\u00f3n son lo \u00fanico que necesitas hacer para instalar el widget. Es sin c\u00f3digo y r\u00e1pido. <\/p> <ol><li><b>Crea tu propio plugin de verificaci\u00f3n de edad<\/b><br> Usando nuestro editor gratuito, configura un plugin con el dise\u00f1o y funciones que prefieras. <\/li><li><b>Copiar el c\u00f3digo personal para agregar el plugin<\/b><br> Despu\u00e9s de configurar tu widget, recibir\u00e1s tu c\u00f3digo personal en la notificaci\u00f3n que aparece en Elfsight Apps. Copia este c\u00f3digo. <\/li> <li><b>Integrar el plugin en tu sitio de Squarespace<\/b><br> Encuentra el \u00e1rea donde necesitas colocar el plugin e inserta el c\u00f3digo guardado all\u00ed. Publica los resultados. <\/li> <li><b>\u00a1Hecho!<\/b><br> Entra a tu sitio web para comprobar tu plugin.<\/li> <\/ol><p>\u00bfTodav\u00eda no te decides? \u00bfO tienes preguntas que hacer? Solo necesitas hacer una solicitud a nuestro equipo de soporte para resolver cualquier duda. <\/p> <\/div>","protected":false},"excerpt":{"rendered":"","protected":false},"author":18,"featured_media":0,"parent":373,"menu_order":0,"comment_status":"closed","ping_status":"closed","template":"templates\/template-application-platform.php","meta":{"publish_to_discourse":"","publish_post_category":"","wpdc_auto_publish_overridden":"","wpdc_topic_tags":"","wpdc_pin_topic":"","wpdc_pin_until":"","discourse_post_id":"","discourse_permalink":"","wpdc_publishing_response":"","wpdc_publishing_error":"","footnotes":""},"class_list":["post-4556","page","type-page","status-publish","hentry"],"yoast_head":"<!-- This site is optimized with the Yoast SEO plugin v25.3.1 - https:\/\/yoast.com\/wordpress\/plugins\/seo\/ -->\n<title>Verificaci\u00f3n de la Edad - Incrustar plugin de Comprobaci\u00f3n de la Edad al Squarespace<\/title>\n<meta name=\"description\" content=\"A\u00f1ade un widget interactivo de Verificaci\u00f3n de la Edad en su p\u00e1gina web de Squarespace. Pruebe la demo de Elfsight manejable y construe su plugin propio.\" \/>\n<meta name=\"robots\" content=\"index, follow, max-snippet:-1, max-image-preview:large, max-video-preview:-1\" \/>\n<link rel=\"canonical\" href=\"https:\/\/elfsight.com\/es\/age-verification-widget\/squarespace\/\" \/>\n<meta property=\"og:locale\" content=\"es_ES\" \/>\n<meta property=\"og:type\" content=\"article\" \/>\n<meta property=\"og:title\" content=\"Verificaci\u00f3n de la Edad - Incrustar plugin de Comprobaci\u00f3n de la Edad al Squarespace\" \/>\n<meta property=\"og:description\" content=\"A\u00f1ade un widget interactivo de Verificaci\u00f3n de la Edad en su p\u00e1gina web de Squarespace. Pruebe la demo de Elfsight manejable y construe su plugin propio.\" \/>\n<meta property=\"og:url\" content=\"https:\/\/elfsight.com\/es\/age-verification-widget\/squarespace\/\" \/>\n<meta property=\"og:site_name\" content=\"Elfsight ES\" \/>\n<meta property=\"article:modified_time\" content=\"2025-02-06T15:25:32+00:00\" \/>\n<meta name=\"twitter:card\" content=\"summary_large_image\" \/>\n<meta name=\"twitter:label1\" content=\"Tiempo de lectura\" \/>\n\t<meta name=\"twitter:data1\" content=\"2 minutos\" \/>\n<!-- \/ Yoast SEO plugin. -->","yoast_head_json":{"title":"Verificaci\u00f3n de la Edad - Incrustar plugin de Comprobaci\u00f3n de la Edad al Squarespace","description":"A\u00f1ade un widget interactivo de Verificaci\u00f3n de la Edad en su p\u00e1gina web de Squarespace. Pruebe la demo de Elfsight manejable y construe su plugin propio.","robots":{"index":"index","follow":"follow","max-snippet":"max-snippet:-1","max-image-preview":"max-image-preview:large","max-video-preview":"max-video-preview:-1"},"canonical":"https:\/\/elfsight.com\/es\/age-verification-widget\/squarespace\/","og_locale":"es_ES","og_type":"article","og_title":"Verificaci\u00f3n de la Edad - Incrustar plugin de Comprobaci\u00f3n de la Edad al Squarespace","og_description":"A\u00f1ade un widget interactivo de Verificaci\u00f3n de la Edad en su p\u00e1gina web de Squarespace. Pruebe la demo de Elfsight manejable y construe su plugin propio.","og_url":"https:\/\/elfsight.com\/es\/age-verification-widget\/squarespace\/","og_site_name":"Elfsight ES","article_modified_time":"2025-02-06T15:25:32+00:00","twitter_card":"summary_large_image","twitter_misc":{"Tiempo de lectura":"2 minutos"},"schema":{"@context":"https:\/\/schema.org","@graph":[{"@type":"WebPage","@id":"https:\/\/elfsight.com\/es\/age-verification-widget\/squarespace\/","url":"https:\/\/elfsight.com\/es\/age-verification-widget\/squarespace\/","name":"Verificaci\u00f3n de la Edad - Incrustar plugin de Comprobaci\u00f3n de la Edad al Squarespace","isPartOf":{"@id":"https:\/\/elfsight.com\/es\/#website"},"datePublished":"2022-02-11T10:57:29+00:00","dateModified":"2025-02-06T15:25:32+00:00","description":"A\u00f1ade un widget interactivo de Verificaci\u00f3n de la Edad en su p\u00e1gina web de Squarespace. Pruebe la demo de Elfsight manejable y construe su plugin propio.","breadcrumb":{"@id":"https:\/\/elfsight.com\/es\/age-verification-widget\/squarespace\/#breadcrumb"},"inLanguage":"es","potentialAction":[{"@type":"ReadAction","target":["https:\/\/elfsight.com\/es\/age-verification-widget\/squarespace\/"]}]},{"@type":"BreadcrumbList","@id":"https:\/\/elfsight.com\/es\/age-verification-widget\/squarespace\/#breadcrumb","itemListElement":[{"@type":"ListItem","position":1,"name":"Home","item":"https:\/\/elfsight.com\/es\/"},{"@type":"ListItem","position":2,"name":"Age Verification","item":"https:\/\/elfsight.com\/es\/age-verification-widget\/"},{"@type":"ListItem","position":3,"name":"Age Verification &#8211; Squarespace"}]},{"@type":"WebSite","@id":"https:\/\/elfsight.com\/es\/#website","url":"https:\/\/elfsight.com\/es\/","name":"Elfsight ES","description":"Just another Elfsight Sites site","potentialAction":[{"@type":"SearchAction","target":{"@type":"EntryPoint","urlTemplate":"https:\/\/elfsight.com\/es\/?s={search_term_string}"},"query-input":{"@type":"PropertyValueSpecification","valueRequired":true,"valueName":"search_term_string"}}],"inLanguage":"es"}]}},"meta_box":{"industry":"","seo_heading":"","heading":"","description":"","cta_heading":"","cta_description":"","application":"366","h1":"complemento de Verificaci\u00f3n de la Edad para Squarespace","h1_caption":"Aseg\u00farese de que se acceda al contenido sensible a la edad de manera responsable con un complemento de verificaci\u00f3n de edad simple y personalizable en su sitio web de Squarespace sin esfuerzo.","application_category":[],"applications_title":"","applications_request_title":"","applications_request_button_text":"","hero_text":"","hero_video":"","hero_video_schema_markup":"","selling_points_title":"","selling_points_caption":"","selling_points":[],"selling_points_cta_text":"","features_title":"","features":"","ed_cta_examples_text":"","ed_cta_examples_hidden":"","ed_cta_demo_text":"","ed_cta_demo_hidden":"","why_caption":"","why_editor_title":"","why_editor_text":"","why_team_title":"","why_team_text":"","why_service_title":"","why_service_text":"","template_catalog_visible":"","template_catalog_title":"","template_catalog_text":"","template_catalog_categories_visible":"","demo_title":"Crea tu complemento de verificaci\u00f3n de edad","demo_caption":"\u00a1Configura tu verificaci\u00f3n de edad y agr\u00e9gala a tu sitio web de Squarespace gratis!","default_faq_hidden":"","app_template_category":[],"platform":"100","template_public_id":"","codecanyon_url":"","codecanyon_item_id":"","codecanyon_price":"","pricing_caption":"","pricing_elfsight_apps_hide_column":"","pricing_elfsight_apps_url":"","pricing_codecanyon_price_caption":"","integration_category":[],"integration_request_title":"","integration_request_cta":"","integration_platform":"","integrations":[],"platform_category":[],"video_schema_markup":"","price":"desde $0 por mes","trial":"","benefits":[{"text":"Instalaci\u00f3n gratuita"},{"text":"Soporte Premium"},{"text":"14 d\u00edas garant\u00eda de reembolso"},{"text":"Actualizaciones regulares"}],"button_url":"#demo","button_target_blank":"0","button_nofollow":"0","attributes":[{"name":"Responsivo","content":"Si","_state":"expanded"},{"name":"Navegadores compatibles","content":"Firefox, Safari, Opera, Chrome, Edge","_state":"expanded"}],"tags":[],"tags_disable_links":"0","hide_more_platforms":"","video_object":"","demo_hide_cta":"0","demo_hide_cloud_options":"0","pricing_title":"","pricing":[{"pricing_icon":"platform","pricing_title":" Elfsight Apps","pricing_title_caption":"Soluci\u00f3n multiplataforma - valido para cualquier p\u00e1gina web","pricing_price":"desde $0 por mes","pricing_price_caption":"empezar con un plan gratuito","pricing_benefits":[{"text":"Sitios web ilimitados"},{"text":"Atenci\u00f3n al cliente gratuita y r\u00e1pida"},{"text":"Servicio de instalaci\u00f3n gratuito"},{"text":"Totalmente personalizable"}],"pricing_button_text":"Agregar al sitio web","pricing_button_url":"#demo","_state":"expanded"}],"related_apps_title":"","related_apps_hidden":"1","author":"","image":[],"title":"","job":"","social_networks":[]},"_links":{"self":[{"href":"https:\/\/elfsight.com\/es\/wp-json\/wp\/v2\/pages\/4556","targetHints":{"allow":["GET"]}}],"collection":[{"href":"https:\/\/elfsight.com\/es\/wp-json\/wp\/v2\/pages"}],"about":[{"href":"https:\/\/elfsight.com\/es\/wp-json\/wp\/v2\/types\/page"}],"author":[{"embeddable":true,"href":"https:\/\/elfsight.com\/es\/wp-json\/wp\/v2\/users\/18"}],"replies":[{"embeddable":true,"href":"https:\/\/elfsight.com\/es\/wp-json\/wp\/v2\/comments?post=4556"}],"version-history":[{"count":3,"href":"https:\/\/elfsight.com\/es\/wp-json\/wp\/v2\/pages\/4556\/revisions"}],"predecessor-version":[{"id":18263,"href":"https:\/\/elfsight.com\/es\/wp-json\/wp\/v2\/pages\/4556\/revisions\/18263"}],"up":[{"embeddable":true,"href":"https:\/\/elfsight.com\/es\/wp-json\/wp\/v2\/pages\/373"}],"wp:attachment":[{"href":"https:\/\/elfsight.com\/es\/wp-json\/wp\/v2\/media?parent=4556"}],"curies":[{"name":"wp","href":"https:\/\/api.w.org\/{rel}","templated":true}]}}