{"id":4553,"date":"2022-02-11T10:57:37","date_gmt":"2022-02-11T10:57:37","guid":{"rendered":"https:\/\/elfsight.com\/es\/?page_id=4553"},"modified":"2025-02-06T15:25:32","modified_gmt":"2025-02-06T15:25:32","slug":"drupal","status":"publish","type":"page","link":"https:\/\/elfsight.com\/es\/audio-player-widget\/drupal\/","title":{"rendered":"Audio Player &#8211; Drupal"},"content":{"rendered":"<div class=\"application-platform-content-item-description application-platform-content-item\" id=\"description\" data-nav-section=\"description\"> <h2>Descripci\u00f3n<\/h2> <p>El reproductor de m\u00fasica Elfsight es una herramienta sencilla para sitios web de Drupal que te permite reproducir pistas de audio directamente en tu sitio web. El plugin es extremadamente personalizable: puedes cambiar su posici\u00f3n, coloc\u00e1ndolo en cualquier parte de la p\u00e1gina, modificar su tama\u00f1o, repintar el fondo y todas las dem\u00e1s partes para adaptarlo al estilo de tu sitio web, usar un esquema de colores oscuros, mostrar car\u00e1tulas y demostrar o ocultar 4 elementos adicionales del reproductor, como la barra de progreso, el t\u00edtulo y otros. Incluye tantas pistas como desees para deleitar a tus usuarios, activa la opci\u00f3n de reproducci\u00f3n autom\u00e1tica y no dudes: \u00a1tus visitantes no abandonar\u00e1n tu sitio web de inmediato!<\/p> <p><b>Haz que tu sitio sea m\u00e1s efectivo para objetivos de comercio electr\u00f3nico con el m\u00f3dulo de audio Elfsight<\/b><\/p> <\/div> <div class=\"application-platform-content-item-features application-platform-content-item\" id=\"features\" data-nav-section=\"features\"> <h2>Te ofrecemos caracter\u00edsticas poderosas y f\u00e1ciles de usar, revisa algunas de ellas:<\/h2> <ul><li>Varias alteraciones de color<\/li> <li>Esquema de colores oscuro\/claro<\/li> <li>Dise\u00f1o responsivo<\/li> <li>2 dise\u00f1os disponibles<\/li> <li>Oportunidad de usar una imagen de fondo<\/li> <\/ul><p><a href=\"#demo\">Puedes probar c\u00f3mo funciona el widget usando la demo<\/a><\/p> <\/div> <div class=\"application-platform-content-item-installation application-platform-content-item\" id=\"installation\" data-nav-section=\"installation\"> <h2>\u00bfC\u00f3mo integrar el Reproductor de Audio en mi sitio web de Drupal?<\/h2> <div class=\"video-container\"><iframe width=\"720\" height=\"405\" src=\"https:\/\/www.youtube.com\/embed\/QLsJXosBMXw\" frameborder=\"0\" allowfullscreen=\"\"><\/iframe><\/div><p>Sigue las instrucciones a continuaci\u00f3n para integrar el m\u00f3dulo. <\/p> <ol><li><b>Gestiona nuestro editor gratuito y comienza a crear tu m\u00f3dulo personalizado. <\/b><br> Elige el dise\u00f1o y las especificaciones del m\u00f3dulo y guarda todas las modificaciones. <\/li>  <li><b>Recibe tu c\u00f3digo personal que se muestra en el formulario especial de Elfsight Apps. <\/b><br> Despu\u00e9s de finalizar la configuraci\u00f3n de tu m\u00f3dulo, copia tu c\u00f3digo en el popup que aparece y gu\u00e1rdalo para su uso futuro. <\/li>  <li><b>Comienza a utilizar el m\u00f3dulo en tu sitio web de Drupal. <\/b><br> Inserta el c\u00f3digo que guardaste anteriormente en tu sitio web y guarda los cambios. <\/li>  <li><b>\u00a1Listo! La integraci\u00f3n se realiz\u00f3 con \u00e9xito. <\/b><br> Ve a tu sitio para ver c\u00f3mo est\u00e1 funcionando el m\u00f3dulo. <\/li><\/ol><p>Si tienes preguntas o enfrentas alguna complicaci\u00f3n, no dudes en contactar a nuestro equipo de atenci\u00f3n al cliente. Nuestros consultores est\u00e1n deseosos de ayudarte con todas las preguntas que puedas tener sobre la herramienta.<\/p> <\/div>","protected":false},"excerpt":{"rendered":"","protected":false},"author":18,"featured_media":0,"parent":481,"menu_order":0,"comment_status":"closed","ping_status":"closed","template":"templates\/template-application-platform.php","meta":{"publish_to_discourse":"","publish_post_category":"","wpdc_auto_publish_overridden":"","wpdc_topic_tags":"","wpdc_pin_topic":"","wpdc_pin_until":"","discourse_post_id":"","discourse_permalink":"","wpdc_publishing_response":"","wpdc_publishing_error":"","footnotes":""},"class_list":["post-4553","page","type-page","status-publish","hentry"],"yoast_head":"<!-- This site is optimized with the Yoast SEO plugin v25.3.1 - https:\/\/yoast.com\/wordpress\/plugins\/seo\/ -->\n<title>Audio Player - Integrar module de Reproductor de Audio al Drupal<\/title>\n<meta name=\"description\" content=\"Incrusta un widget hermoso de Audio Player en su sitio web de Drupal. Lance la demo de Elfsight intuitiva y construe su module \u00fanico.\" \/>\n<meta name=\"robots\" content=\"index, follow, max-snippet:-1, max-image-preview:large, max-video-preview:-1\" \/>\n<link rel=\"canonical\" href=\"https:\/\/elfsight.com\/es\/audio-player-widget\/drupal\/\" \/>\n<meta property=\"og:locale\" content=\"es_ES\" \/>\n<meta property=\"og:type\" content=\"article\" \/>\n<meta property=\"og:title\" content=\"Audio Player - Integrar module de Reproductor de Audio al Drupal\" \/>\n<meta property=\"og:description\" content=\"Incrusta un widget hermoso de Audio Player en su sitio web de Drupal. Lance la demo de Elfsight intuitiva y construe su module \u00fanico.\" \/>\n<meta property=\"og:url\" content=\"https:\/\/elfsight.com\/es\/audio-player-widget\/drupal\/\" \/>\n<meta property=\"og:site_name\" content=\"Elfsight ES\" \/>\n<meta property=\"article:modified_time\" content=\"2025-02-06T15:25:32+00:00\" \/>\n<meta name=\"twitter:card\" content=\"summary_large_image\" \/>\n<meta name=\"twitter:label1\" content=\"Tiempo de lectura\" \/>\n\t<meta name=\"twitter:data1\" content=\"1 minuto\" \/>\n<!-- \/ Yoast SEO plugin. -->","yoast_head_json":{"title":"Audio Player - Integrar module de Reproductor de Audio al Drupal","description":"Incrusta un widget hermoso de Audio Player en su sitio web de Drupal. Lance la demo de Elfsight intuitiva y construe su module \u00fanico.","robots":{"index":"index","follow":"follow","max-snippet":"max-snippet:-1","max-image-preview":"max-image-preview:large","max-video-preview":"max-video-preview:-1"},"canonical":"https:\/\/elfsight.com\/es\/audio-player-widget\/drupal\/","og_locale":"es_ES","og_type":"article","og_title":"Audio Player - Integrar module de Reproductor de Audio al Drupal","og_description":"Incrusta un widget hermoso de Audio Player en su sitio web de Drupal. Lance la demo de Elfsight intuitiva y construe su module \u00fanico.","og_url":"https:\/\/elfsight.com\/es\/audio-player-widget\/drupal\/","og_site_name":"Elfsight ES","article_modified_time":"2025-02-06T15:25:32+00:00","twitter_card":"summary_large_image","twitter_misc":{"Tiempo de lectura":"1 minuto"},"schema":{"@context":"https:\/\/schema.org","@graph":[{"@type":"WebPage","@id":"https:\/\/elfsight.com\/es\/audio-player-widget\/drupal\/","url":"https:\/\/elfsight.com\/es\/audio-player-widget\/drupal\/","name":"Audio Player - Integrar module de Reproductor de Audio al Drupal","isPartOf":{"@id":"https:\/\/elfsight.com\/es\/#website"},"datePublished":"2022-02-11T10:57:37+00:00","dateModified":"2025-02-06T15:25:32+00:00","description":"Incrusta un widget hermoso de Audio Player en su sitio web de Drupal. Lance la demo de Elfsight intuitiva y construe su module \u00fanico.","breadcrumb":{"@id":"https:\/\/elfsight.com\/es\/audio-player-widget\/drupal\/#breadcrumb"},"inLanguage":"es","potentialAction":[{"@type":"ReadAction","target":["https:\/\/elfsight.com\/es\/audio-player-widget\/drupal\/"]}]},{"@type":"BreadcrumbList","@id":"https:\/\/elfsight.com\/es\/audio-player-widget\/drupal\/#breadcrumb","itemListElement":[{"@type":"ListItem","position":1,"name":"Home","item":"https:\/\/elfsight.com\/es\/"},{"@type":"ListItem","position":2,"name":"Audio Player","item":"https:\/\/elfsight.com\/es\/audio-player-widget\/"},{"@type":"ListItem","position":3,"name":"Audio Player &#8211; Drupal"}]},{"@type":"WebSite","@id":"https:\/\/elfsight.com\/es\/#website","url":"https:\/\/elfsight.com\/es\/","name":"Elfsight ES","description":"Just another Elfsight Sites site","potentialAction":[{"@type":"SearchAction","target":{"@type":"EntryPoint","urlTemplate":"https:\/\/elfsight.com\/es\/?s={search_term_string}"},"query-input":{"@type":"PropertyValueSpecification","valueRequired":true,"valueName":"search_term_string"}}],"inLanguage":"es"}]}},"meta_box":{"industry":"","seo_heading":"","heading":"","description":"","cta_heading":"","cta_description":"","application":"480","h1":"m\u00f3dulo de reproductor de audio para Drupal","h1_caption":"Inserte archivos de audio en todos los formatos populares a su tienda electr\u00f3nica","application_category":[],"applications_title":"","applications_request_title":"","applications_request_button_text":"","hero_text":"","hero_video":"","hero_video_schema_markup":"","selling_points_title":"","selling_points_caption":"","selling_points":[],"selling_points_cta_text":"","features_title":"","features":"","ed_cta_examples_text":"","ed_cta_examples_hidden":"","ed_cta_demo_text":"","ed_cta_demo_hidden":"","why_caption":"","why_editor_title":"","why_editor_text":"","why_team_title":"","why_team_text":"","why_service_title":"","why_service_text":"","template_catalog_visible":"","template_catalog_title":"","template_catalog_text":"","template_catalog_categories_visible":"","demo_title":"Crea tu m\u00f3dulo de reproductor de audio","demo_caption":"\u00a1Configura tu reproductor de audio y agr\u00e9galo a tu sitio web Drupal gratis!","default_faq_hidden":"","app_template_category":[],"platform":"2161","template_public_id":"","codecanyon_url":"","codecanyon_item_id":"","codecanyon_price":"","pricing_caption":"","pricing_elfsight_apps_hide_column":"","pricing_elfsight_apps_url":"","pricing_codecanyon_price_caption":"","integration_category":[],"integration_request_title":"","integration_request_cta":"","integration_platform":"","integrations":[],"platform_category":[],"video_schema_markup":"","price":"desde $0 por mes","trial":"","benefits":[{"text":"Instalaci\u00f3n gratuita"},{"text":"Soporte Premium"},{"text":"14 d\u00edas garant\u00eda de reembolso"},{"text":"Actualizaciones regulares"}],"button_url":"#demo","button_target_blank":"0","button_nofollow":"0","attributes":[{"name":"Responsivo","content":"Si","_state":"expanded"},{"name":"Navegadores compatibles","content":"Firefox, Safari, Opera, Chrome, Edge","_state":"expanded"}],"tags":[],"tags_disable_links":"0","hide_more_platforms":"","video_object":"","demo_hide_cta":"0","demo_hide_cloud_options":"0","pricing_title":"","pricing":[{"pricing_icon":"platform","pricing_title":" Elfsight Apps","pricing_title_caption":"Soluci\u00f3n multiplataforma - valido para cualquier p\u00e1gina web","pricing_price":"desde $0 por mes","pricing_price_caption":"empezar con un plan gratuito","pricing_benefits":[{"text":"Sitios web ilimitados"},{"text":"Atenci\u00f3n al cliente gratuita y r\u00e1pida"},{"text":"Servicio de instalaci\u00f3n gratuito"},{"text":"Totalmente personalizable"}],"pricing_button_text":"Agregar al sitio web","pricing_button_url":"#demo","_state":"expanded"}],"related_apps_title":"","related_apps_hidden":"1","author":"","image":[],"title":"","job":"","social_networks":[]},"_links":{"self":[{"href":"https:\/\/elfsight.com\/es\/wp-json\/wp\/v2\/pages\/4553","targetHints":{"allow":["GET"]}}],"collection":[{"href":"https:\/\/elfsight.com\/es\/wp-json\/wp\/v2\/pages"}],"about":[{"href":"https:\/\/elfsight.com\/es\/wp-json\/wp\/v2\/types\/page"}],"author":[{"embeddable":true,"href":"https:\/\/elfsight.com\/es\/wp-json\/wp\/v2\/users\/18"}],"replies":[{"embeddable":true,"href":"https:\/\/elfsight.com\/es\/wp-json\/wp\/v2\/comments?post=4553"}],"version-history":[{"count":3,"href":"https:\/\/elfsight.com\/es\/wp-json\/wp\/v2\/pages\/4553\/revisions"}],"predecessor-version":[{"id":18262,"href":"https:\/\/elfsight.com\/es\/wp-json\/wp\/v2\/pages\/4553\/revisions\/18262"}],"up":[{"embeddable":true,"href":"https:\/\/elfsight.com\/es\/wp-json\/wp\/v2\/pages\/481"}],"wp:attachment":[{"href":"https:\/\/elfsight.com\/es\/wp-json\/wp\/v2\/media?parent=4553"}],"curies":[{"name":"wp","href":"https:\/\/api.w.org\/{rel}","templated":true}]}}