{"id":4550,"date":"2022-02-11T10:57:58","date_gmt":"2022-02-11T10:57:58","guid":{"rendered":"https:\/\/elfsight.com\/es\/?page_id=4550"},"modified":"2025-12-18T15:38:41","modified_gmt":"2025-12-18T15:38:41","slug":"shopify","status":"publish","type":"page","link":"https:\/\/elfsight.com\/es\/age-verification-widget\/shopify\/","title":{"rendered":"Age Verification &#8211; Shopify"},"content":{"rendered":"<div class=\"application-platform-content-item-description application-platform-content-item\" id=\"description\" data-nav-section=\"description\"> <h2>Integrar la verificaci\u00f3n de edad en Shopify con el widget de Elfsight<\/h2> <p>Este widget ser\u00e1 la forma m\u00e1s f\u00e1cil de configurar una ventana emergente que pida la edad del visitante del sitio web. Hace que el material restringido por edad est\u00e9 disponible para los usuarios adultos y lo protege de la audiencia menor de edad. Existen opciones para especificar la edad, seleccionar el m\u00e9todo de verificaci\u00f3n, agregar la ventana emergente en todas las p\u00e1ginas o solo en p\u00e1ginas espec\u00edficas, y elegir la acci\u00f3n despu\u00e9s de la denegaci\u00f3n de acceso. El dise\u00f1o es flexible, con detalles personalizables y la opci\u00f3n de agregar im\u00e1genes personalizadas.<\/p> <div class=\"faq\" data-component=\"FAQ\"> <div class=\"faq-item\">\r\n\t\t\t\t\t<div class=\"faq-item-question\">\r\n\t\t\t\t\t\t<h3 class=\"faq-item-question-text\">\u00bfD\u00f3nde en mi sitio web puedo integrar el widget?<\/h3>\r\n\r\n\t\t\t\t\t\t<div class=\"faq-item-question-icon\"><\/div>\r\n\t\t\t\t\t<\/div>\r\n\r\n\t\t\t\t\t<div class=\"faq-item-answer\">\r\n\t\t\t\t\t\t<div class=\"faq-item-answer-text\"> <p>Puedes elegir integrar la ventana emergente de verificaci\u00f3n en todas las p\u00e1ginas o seleccionar las p\u00e1ginas espec\u00edficas donde deseas integrarlo. Adem\u00e1s, puedes excluir aquellas p\u00e1ginas donde no lo quieras.<\/p> <\/div>\r\n\t\t\t\t\t<\/div>\r\n\t\t\t\t<\/div> <div class=\"faq-item\">\r\n\t\t\t\t\t<div class=\"faq-item-question\">\r\n\t\t\t\t\t\t<h3 class=\"faq-item-question-text\">\u00bfQu\u00e9 ventajas me dar\u00e1?<\/h3>\r\n\r\n\t\t\t\t\t\t<div class=\"faq-item-question-icon\"><\/div>\r\n\t\t\t\t\t<\/div>\r\n\r\n\t\t\t\t\t<div class=\"faq-item-answer\">\r\n\t\t\t\t\t\t<div class=\"faq-item-answer-text\"> <p>Con la ayuda de nuestro widget, es muy f\u00e1cil y r\u00e1pido configurar una ventana de verificaci\u00f3n de edad y hacer que tu contenido sea inaccesible para los usuarios menores de edad. De esta forma, estar\u00e1s seguro de que tu sitio cumple con la legislaci\u00f3n. Adem\u00e1s, esto te dar\u00e1 m\u00e1s visitantes objetivos y clientes potenciales v\u00e1lidos.<\/p> <\/div>\r\n\t\t\t\t\t<\/div>\r\n\t\t\t\t<\/div> <div class=\"faq-item\">\r\n\t\t\t\t\t<div class=\"faq-item-question\">\r\n\t\t\t\t\t\t<h3 class=\"faq-item-question-text\">\u00bfQu\u00e9 necesito para obtener el widget de verificaci\u00f3n de edad en mi sitio Shopify?<\/h3>\r\n\r\n\t\t\t\t\t\t<div class=\"faq-item-question-icon\"><\/div>\r\n\t\t\t\t\t<\/div>\r\n\r\n\t\t\t\t\t<div class=\"faq-item-answer\">\r\n\t\t\t\t\t\t<div class=\"faq-item-answer-text\"> <p>Solo te llevar\u00e1 dos minutos integrar el widget. La integraci\u00f3n es extremadamente r\u00e1pida, gratuita y sin necesidad de programaci\u00f3n.<\/p> <p>La verificaci\u00f3n de edad de Elfsight se puede integrar a trav\u00e9s de nuestro servicio o en el mercado. Aqu\u00ed puedes comparar m\u00e1s detalles de las dos opciones y elegir la que prefieras.<\/p> <\/div>\r\n\t\t\t\t\t<\/div>\r\n\t\t\t\t<\/div> <\/div> <\/div> <div class=\"application-platform-content-item-features application-platform-content-item\" id=\"features\" data-nav-section=\"features\"> <h2>Caracter\u00edsticas principales del widget de verificaci\u00f3n de edad<\/h2> <p>Para tener una mejor idea del widget, puedes ver la lista de sus caracter\u00edsticas principales. Estas hacen que el widget sea incre\u00edblemente efectivo para ti:<\/p> <ul><li>Elige uno de los tipos de verificaci\u00f3n: solicitar la fecha de nacimiento completa, solo el a\u00f1o de nacimiento o una pregunta con opciones de S\u00ed y No;<\/li><li>Elige recordar a los usuarios por un per\u00edodo de tiempo determinado;<\/li><li>Dos posibles escenarios para visitantes denegados: mostrar un texto personalizado o redirigir al usuario a cualquier direcci\u00f3n;<\/li><li>Agrega cualquier imagen para mostrar en la ventana de verificaci\u00f3n;<\/li><li>Muestra informaci\u00f3n adicional con enlaces debajo del bot\u00f3n de verificaci\u00f3n.<\/li><\/ul><p><a href=\"#demo\">Nuestra demostraci\u00f3n en vivo te mostrar\u00e1 todas las caracter\u00edsticas<\/a><\/p> <\/div><div class=\"application-platform-content-item-installation application-platform-content-item\" id=\"installation\" data-nav-section=\"installation\"> <h2>Veamos c\u00f3mo introducir la aplicaci\u00f3n de verificaci\u00f3n de edad en tu tienda Shopify. Es incre\u00edblemente f\u00e1cil.<\/h2> <div class=\"video-container\">\n<iframe width=\"720\" height=\"405\" src=\"https:\/\/www.youtube.com\/embed\/HoyI5ybafJE?si=omOJ_TNxmSGHDny8\" frameborder=\"0\" allowfullscreen=\"\"><\/iframe>\n<\/div><p>Los pasos a continuaci\u00f3n son lo \u00fanico que necesitas hacer para configurar el widget.<\/p> <ol><li><b>Usa nuestro configurador gratuito y comienza a crear tu propia aplicaci\u00f3n.<\/b><br> Especifica la disposici\u00f3n y caracter\u00edsticas adecuadas de la aplicaci\u00f3n y aplica todos los cambios.<\/li> <li><b>Recibe tu c\u00f3digo \u00fanico que aparece en la caja de Elfsight Apps.<\/b><br> Tan pronto como se complete la generaci\u00f3n de tu aplicaci\u00f3n personal, copia tu c\u00f3digo desde la ventana emergente y gu\u00e1rdalo para utilizarlo m\u00e1s tarde.<\/li> <li><b>Comienza a usar la aplicaci\u00f3n en tu p\u00e1gina de Shopify.<\/b><br> Inserta el c\u00f3digo copiado anteriormente en tu sitio y aplica las modificaciones.<\/li> <li><b>La instalaci\u00f3n se ha completado.<\/b><br> Ve a tu sitio para ver c\u00f3mo funciona la aplicaci\u00f3n.<\/li><\/ol><p>\u00bfTodav\u00eda tienes dudas? \u00bfO preguntas? Solo haz una solicitud a nuestro servicio de atenci\u00f3n al cliente y resolveremos cualquier problema.<\/p> <\/div>","protected":false},"excerpt":{"rendered":"","protected":false},"author":18,"featured_media":0,"parent":373,"menu_order":0,"comment_status":"closed","ping_status":"closed","template":"templates\/template-application-platform.php","meta":{"publish_to_discourse":"","publish_post_category":"","wpdc_auto_publish_overridden":"","wpdc_topic_tags":"","wpdc_pin_topic":"","wpdc_pin_until":"","discourse_post_id":"","discourse_permalink":"","wpdc_publishing_response":"","wpdc_publishing_error":"","footnotes":""},"class_list":["post-4550","page","type-page","status-publish","hentry"],"yoast_head":"<!-- This site is optimized with the Yoast SEO plugin v25.3.1 - https:\/\/yoast.com\/wordpress\/plugins\/seo\/ -->\n<title>Verificaci\u00f3n de la Edad - Embeber app de Comprobaci\u00f3n de la Edad al Shopify<\/title>\n<meta name=\"description\" content=\"Instala un widget atractivo de Verificaci\u00f3n de la Edad en su p\u00e1gina web de Shopify. Aplique la demo de Elfsight manejable y construe su app \u00fanico.\" \/>\n<meta name=\"robots\" content=\"index, follow, max-snippet:-1, max-image-preview:large, max-video-preview:-1\" \/>\n<link rel=\"canonical\" href=\"https:\/\/elfsight.com\/es\/age-verification-widget\/shopify\/\" \/>\n<meta property=\"og:locale\" content=\"es_ES\" \/>\n<meta property=\"og:type\" content=\"article\" \/>\n<meta property=\"og:title\" content=\"Verificaci\u00f3n de la Edad - Embeber app de Comprobaci\u00f3n de la Edad al Shopify\" \/>\n<meta property=\"og:description\" content=\"Instala un widget atractivo de Verificaci\u00f3n de la Edad en su p\u00e1gina web de Shopify. Aplique la demo de Elfsight manejable y construe su app \u00fanico.\" \/>\n<meta property=\"og:url\" content=\"https:\/\/elfsight.com\/es\/age-verification-widget\/shopify\/\" \/>\n<meta property=\"og:site_name\" content=\"Elfsight ES\" \/>\n<meta property=\"article:modified_time\" content=\"2025-12-18T15:38:41+00:00\" \/>\n<meta name=\"twitter:card\" content=\"summary_large_image\" \/>\n<meta name=\"twitter:label1\" content=\"Tiempo de lectura\" \/>\n\t<meta name=\"twitter:data1\" content=\"3 minutos\" \/>\n<!-- \/ Yoast SEO plugin. -->","yoast_head_json":{"title":"Verificaci\u00f3n de la Edad - Embeber app de Comprobaci\u00f3n de la Edad al Shopify","description":"Instala un widget atractivo de Verificaci\u00f3n de la Edad en su p\u00e1gina web de Shopify. Aplique la demo de Elfsight manejable y construe su app \u00fanico.","robots":{"index":"index","follow":"follow","max-snippet":"max-snippet:-1","max-image-preview":"max-image-preview:large","max-video-preview":"max-video-preview:-1"},"canonical":"https:\/\/elfsight.com\/es\/age-verification-widget\/shopify\/","og_locale":"es_ES","og_type":"article","og_title":"Verificaci\u00f3n de la Edad - Embeber app de Comprobaci\u00f3n de la Edad al Shopify","og_description":"Instala un widget atractivo de Verificaci\u00f3n de la Edad en su p\u00e1gina web de Shopify. Aplique la demo de Elfsight manejable y construe su app \u00fanico.","og_url":"https:\/\/elfsight.com\/es\/age-verification-widget\/shopify\/","og_site_name":"Elfsight ES","article_modified_time":"2025-12-18T15:38:41+00:00","twitter_card":"summary_large_image","twitter_misc":{"Tiempo de lectura":"3 minutos"},"schema":{"@context":"https:\/\/schema.org","@graph":[{"@type":"WebPage","@id":"https:\/\/elfsight.com\/es\/age-verification-widget\/shopify\/","url":"https:\/\/elfsight.com\/es\/age-verification-widget\/shopify\/","name":"Verificaci\u00f3n de la Edad - Embeber app de Comprobaci\u00f3n de la Edad al Shopify","isPartOf":{"@id":"https:\/\/elfsight.com\/es\/#website"},"datePublished":"2022-02-11T10:57:58+00:00","dateModified":"2025-12-18T15:38:41+00:00","description":"Instala un widget atractivo de Verificaci\u00f3n de la Edad en su p\u00e1gina web de Shopify. Aplique la demo de Elfsight manejable y construe su app \u00fanico.","breadcrumb":{"@id":"https:\/\/elfsight.com\/es\/age-verification-widget\/shopify\/#breadcrumb"},"inLanguage":"es","potentialAction":[{"@type":"ReadAction","target":["https:\/\/elfsight.com\/es\/age-verification-widget\/shopify\/"]}]},{"@type":"BreadcrumbList","@id":"https:\/\/elfsight.com\/es\/age-verification-widget\/shopify\/#breadcrumb","itemListElement":[{"@type":"ListItem","position":1,"name":"Home","item":"https:\/\/elfsight.com\/es\/"},{"@type":"ListItem","position":2,"name":"Age Verification","item":"https:\/\/elfsight.com\/es\/age-verification-widget\/"},{"@type":"ListItem","position":3,"name":"Age Verification &#8211; Shopify"}]},{"@type":"WebSite","@id":"https:\/\/elfsight.com\/es\/#website","url":"https:\/\/elfsight.com\/es\/","name":"Elfsight ES","description":"Just another Elfsight Sites site","potentialAction":[{"@type":"SearchAction","target":{"@type":"EntryPoint","urlTemplate":"https:\/\/elfsight.com\/es\/?s={search_term_string}"},"query-input":{"@type":"PropertyValueSpecification","valueRequired":true,"valueName":"search_term_string"}}],"inLanguage":"es"}]}},"meta_box":{"industry":"","seo_heading":"","heading":"","description":"","cta_heading":"","cta_description":"","application":"366","h1":"aplicaci\u00f3n de Verificaci\u00f3n de la Edad para Shopify","h1_caption":"Aseg\u00farate de que se acceda al contenido sensible a la edad de manera responsable con una aplicaci\u00f3n de verificaci\u00f3n de edad simple y personalizable en tu sitio web Shopify sin esfuerzo.","application_category":[],"applications_title":"","applications_request_title":"","applications_request_button_text":"","hero_text":"","hero_video":"","hero_video_schema_markup":"","selling_points_title":"","selling_points_caption":"","selling_points":[],"selling_points_cta_text":"","features_title":"","features":"","ed_cta_examples_text":"","ed_cta_examples_hidden":"","ed_cta_demo_text":"","ed_cta_demo_hidden":"","why_caption":"","why_editor_title":"","why_editor_text":"","why_team_title":"","why_team_text":"","why_service_title":"","why_service_text":"","template_catalog_visible":"0","template_catalog_title":"","template_catalog_text":"","template_catalog_categories_visible":"","demo_title":"Crea tu aplicaci\u00f3n de verificaci\u00f3n de edad","demo_caption":"\u00a1Configura tu verificaci\u00f3n de edad y agr\u00e9gala a tu sitio web de Shopify gratis!","default_faq_hidden":"","app_template_category":[],"platform":"91","template_public_id":"","codecanyon_url":"","codecanyon_item_id":"","codecanyon_price":"","pricing_caption":"","pricing_elfsight_apps_hide_column":"","pricing_elfsight_apps_url":"","pricing_codecanyon_price_caption":"","integration_category":[],"integration_request_title":"","integration_request_cta":"","integration_platform":"","integrations":[],"platform_category":[],"video_schema_markup":"","price":"desde $0 por mes","trial":"","benefits":[{"text":"Instalaci\u00f3n gratuita"},{"text":"Soporte Premium"},{"text":"14 d\u00edas garant\u00eda de reembolso"},{"text":"Actualizaciones regulares"}],"button_url":"#demo","button_target_blank":"0","button_nofollow":"0","attributes":[{"name":"Responsivo","content":"Si","_state":"expanded"},{"name":"Navegadores compatibles","content":"Firefox, Safari, Opera, Chrome, Edge","_state":"expanded"}],"tags":[],"tags_disable_links":"0","hide_more_platforms":"0","video_object":"","demo_hide_cta":"0","demo_hide_cloud_options":"0","pricing_title":"","pricing":[{"pricing_icon":"platform","pricing_title":" Elfsight Apps","pricing_title_caption":"Soluci\u00f3n multiplataforma - valido para cualquier p\u00e1gina web","pricing_price":"desde $0 por mes","pricing_price_caption":"empezar con un plan gratuito","pricing_benefits":[{"text":"Sitios web ilimitados"},{"text":"Atenci\u00f3n al cliente gratuita y r\u00e1pida"},{"text":"Servicio de instalaci\u00f3n gratuito"},{"text":"Totalmente personalizable"}],"pricing_button_text":"Agregar al sitio web","pricing_button_url":"#demo","_state":"expanded"}],"related_apps_title":"","related_apps_hidden":"1","author":"","image":[],"title":"","job":"","social_networks":[]},"_links":{"self":[{"href":"https:\/\/elfsight.com\/es\/wp-json\/wp\/v2\/pages\/4550","targetHints":{"allow":["GET"]}}],"collection":[{"href":"https:\/\/elfsight.com\/es\/wp-json\/wp\/v2\/pages"}],"about":[{"href":"https:\/\/elfsight.com\/es\/wp-json\/wp\/v2\/types\/page"}],"author":[{"embeddable":true,"href":"https:\/\/elfsight.com\/es\/wp-json\/wp\/v2\/users\/18"}],"replies":[{"embeddable":true,"href":"https:\/\/elfsight.com\/es\/wp-json\/wp\/v2\/comments?post=4550"}],"version-history":[{"count":4,"href":"https:\/\/elfsight.com\/es\/wp-json\/wp\/v2\/pages\/4550\/revisions"}],"predecessor-version":[{"id":20011,"href":"https:\/\/elfsight.com\/es\/wp-json\/wp\/v2\/pages\/4550\/revisions\/20011"}],"up":[{"embeddable":true,"href":"https:\/\/elfsight.com\/es\/wp-json\/wp\/v2\/pages\/373"}],"wp:attachment":[{"href":"https:\/\/elfsight.com\/es\/wp-json\/wp\/v2\/media?parent=4550"}],"curies":[{"name":"wp","href":"https:\/\/api.w.org\/{rel}","templated":true}]}}