{"id":4544,"date":"2022-02-11T11:02:37","date_gmt":"2022-02-11T11:02:37","guid":{"rendered":"https:\/\/elfsight.com\/es\/?page_id=4544"},"modified":"2025-02-06T15:24:56","modified_gmt":"2025-02-06T15:24:56","slug":"opencart","status":"publish","type":"page","link":"https:\/\/elfsight.com\/es\/age-verification-widget\/opencart\/","title":{"rendered":"Age Verification &#8211; OpenCart"},"content":{"rendered":"<div class=\"application-platform-content-item-description application-platform-content-item\" id=\"description\" data-nav-section=\"description\"> <h2>Descripci\u00f3n<\/h2> <p>Nuestro widget es la mejor manera de organizar una notificaci\u00f3n de carga de p\u00e1gina, que solicita la edad del visitante. El widget ayuda a hacer que el contenido restringido por edad sea accesible para los usuarios mayores de edad y lo protege para la audiencia menor de edad. El widget permite determinar la restricci\u00f3n de edad, elegir el formato de verificaci\u00f3n, colocar la ventana en todo el sitio web o solo en algunas p\u00e1ginas, y seleccionar la acci\u00f3n. La interfaz es flexible, incluye detalles pintables y la opci\u00f3n de subir tus propias im\u00e1genes.<\/p> <div class=\"faq\" data-component=\"FAQ\"> <div class=\"faq-item\">\r\n\t\t\t\t\t<div class=\"faq-item-question\">\r\n\t\t\t\t\t\t<h3 class=\"faq-item-question-text\">\u00bfD\u00f3nde puedo insertarlo?<\/h3>\r\n\r\n\t\t\t\t\t\t<div class=\"faq-item-question-icon\"><\/div>\r\n\t\t\t\t\t<\/div>\r\n\r\n\t\t\t\t\t<div class=\"faq-item-answer\">\r\n\t\t\t\t\t\t<div class=\"faq-item-answer-text\"> <p>Puedes mostrar la ventana de verificaci\u00f3n en todo el sitio web o especificar las p\u00e1ginas en las que se mostrar\u00e1. Adem\u00e1s, existe la opci\u00f3n de excluir las p\u00e1ginas donde no lo necesites.<\/p> <\/div>\r\n\t\t\t\t\t<\/div>\r\n\t\t\t\t<\/div> <div class=\"faq-item\">\r\n\t\t\t\t\t<div class=\"faq-item-question\">\r\n\t\t\t\t\t\t<h3 class=\"faq-item-question-text\">\u00bfCu\u00e1les son los beneficios de tener este plugin para m\u00ed?<\/h3>\r\n\r\n\t\t\t\t\t\t<div class=\"faq-item-question-icon\"><\/div>\r\n\t\t\t\t\t<\/div>\r\n\r\n\t\t\t\t\t<div class=\"faq-item-answer\">\r\n\t\t\t\t\t\t<div class=\"faq-item-answer-text\"> <p>Usando nuestro widget, es muy f\u00e1cil y r\u00e1pido mostrar una ventana de verificaci\u00f3n de edad y evitar el acceso a tu contenido para los usuarios menores de edad. De esta manera, te asegurar\u00e1s de que tu sitio cumple con la legislaci\u00f3n. Adem\u00e1s, esto atraer\u00e1 a una audiencia m\u00e1s espec\u00edfica y a clientes v\u00e1lidos.<\/p> <\/div>\r\n\t\t\t\t\t<\/div>\r\n\t\t\t\t<\/div> <div class=\"faq-item\">\r\n\t\t\t\t\t<div class=\"faq-item-question\">\r\n\t\t\t\t\t\t<h3 class=\"faq-item-question-text\">\u00bfQu\u00e9 necesito para agregar la verificaci\u00f3n de edad en mi sitio OpenCart?<\/h3>\r\n\r\n\t\t\t\t\t\t<div class=\"faq-item-question-icon\"><\/div>\r\n\t\t\t\t\t<\/div>\r\n\r\n\t\t\t\t\t<div class=\"faq-item-answer\">\r\n\t\t\t\t\t\t<div class=\"faq-item-answer-text\"> <p>Solo te llevar\u00e1 tres minutos activar el widget en tu sitio. El proceso es muy r\u00e1pido, gratuito y no requiere conocimientos de programaci\u00f3n.<\/p> <p>La verificaci\u00f3n de edad de Elfsight se puede agregar a tu sitio a trav\u00e9s de nuestro servicio o visitando el marketplace. Aqu\u00ed puedes conocer m\u00e1s sobre estas opciones y elegir la que prefieras.<\/p> <\/div>\r\n\t\t\t\t\t<\/div>\r\n\t\t\t\t<\/div> <\/div> <\/div> <div class=\"application-platform-content-item-features application-platform-content-item\" id=\"features\" data-nav-section=\"features\"> <h2>Caracter\u00edsticas<\/h2> <p>Para tener una mejor comprensi\u00f3n del widget, consulta la lista de sus principales caracter\u00edsticas. Estas hacen que nuestro widget sea lo m\u00e1s eficiente para ti:<\/p> <ul><li>Elige uno de los formatos de verificaci\u00f3n: pedir la fecha completa de nacimiento, solo el a\u00f1o de nacimiento, o una pregunta con respuestas S\u00ed y No;<\/li><li>La opci\u00f3n de recordar a los visitantes por cualquier periodo de tiempo;<\/li><li>Dos escenarios despu\u00e9s de la denegaci\u00f3n de acceso: mostrar un texto o redirigir al usuario a una direcci\u00f3n;<\/li><li>Sube tu propia imagen para mostrar en la ventana emergente de verificaci\u00f3n de edad;<\/li><li>Mostrar texto adicional con enlaces debajo del bot\u00f3n de verificaci\u00f3n.<\/li><\/ul><p><a href=\"#demo\">La demostraci\u00f3n en vivo te revelar\u00e1 todas las caracter\u00edsticas<\/a><\/p> <\/div> <div class=\"application-platform-content-item-installation application-platform-content-item\" id=\"installation\" data-nav-section=\"installation\"> <h2>Descubre c\u00f3mo incrustar la Verificaci\u00f3n de Edad en tu sitio OpenCart<\/h2> <p>Los siguientes pasos son todo lo que necesitas para agregar el widget.<\/p> <ol><li><b>Usa nuestra demostraci\u00f3n gratuita y empieza a crear tu extensi\u00f3n personalizada.<\/b><br> Determina la forma y las caracter\u00edsticas funcionales preferidas de la extensi\u00f3n y guarda todos los cambios.<\/li>  <li><b>Copiar el c\u00f3digo personal mostrado en el formulario especial de Elfsight Apps.<\/b><br> Despu\u00e9s de que se haya completado la creaci\u00f3n de tu extensi\u00f3n, copia el c\u00f3digo que aparece en la ventana emergente y gu\u00e1rdalo para su uso posterior.<\/li>  <li><b>Inicia el uso de la extensi\u00f3n en la p\u00e1gina de OpenCart.<\/b><br> Inserta el c\u00f3digo que guardaste antes en tu sitio web y aplica los cambios.<\/li>  <li><b>La instalaci\u00f3n se ha realizado con \u00e9xito.<\/b><br> Visita tu p\u00e1gina web para ver la extensi\u00f3n en acci\u00f3n.<\/li><\/ol><p>\u00bfTodav\u00eda tienes dudas? \u00bfO tienes alguna pregunta? Simplemente env\u00eda una solicitud a nuestro departamento de soporte al cliente y resolver\u00e1n cualquier inconveniente.<\/p> <\/div>","protected":false},"excerpt":{"rendered":"","protected":false},"author":18,"featured_media":0,"parent":373,"menu_order":0,"comment_status":"closed","ping_status":"closed","template":"templates\/template-application-platform.php","meta":{"publish_to_discourse":"","publish_post_category":"","wpdc_auto_publish_overridden":"","wpdc_topic_tags":"","wpdc_pin_topic":"","wpdc_pin_until":"","discourse_post_id":"","discourse_permalink":"","wpdc_publishing_response":"","wpdc_publishing_error":"","footnotes":""},"class_list":["post-4544","page","type-page","status-publish","hentry"],"yoast_head":"<!-- This site is optimized with the Yoast SEO plugin v25.3.1 - https:\/\/yoast.com\/wordpress\/plugins\/seo\/ -->\n<title>Verificaci\u00f3n de la Edad - Incluir plugin de Comprobaci\u00f3n de la Edad al OpenCart<\/title>\n<meta name=\"description\" content=\"Incrusta un module hermoso de Verificaci\u00f3n de la Edad en su sitio de OpenCart. Use la demo de Elfsight intuitiva y genere su plugin propio.\" \/>\n<meta name=\"robots\" content=\"index, follow, max-snippet:-1, max-image-preview:large, max-video-preview:-1\" \/>\n<link rel=\"canonical\" href=\"https:\/\/elfsight.com\/es\/age-verification-widget\/opencart\/\" \/>\n<meta property=\"og:locale\" content=\"es_ES\" \/>\n<meta property=\"og:type\" content=\"article\" \/>\n<meta property=\"og:title\" content=\"Verificaci\u00f3n de la Edad - Incluir plugin de Comprobaci\u00f3n de la Edad al OpenCart\" \/>\n<meta property=\"og:description\" content=\"Incrusta un module hermoso de Verificaci\u00f3n de la Edad en su sitio de OpenCart. Use la demo de Elfsight intuitiva y genere su plugin propio.\" \/>\n<meta property=\"og:url\" content=\"https:\/\/elfsight.com\/es\/age-verification-widget\/opencart\/\" \/>\n<meta property=\"og:site_name\" content=\"Elfsight ES\" \/>\n<meta property=\"article:modified_time\" content=\"2025-02-06T15:24:56+00:00\" \/>\n<meta name=\"twitter:card\" content=\"summary_large_image\" \/>\n<meta name=\"twitter:label1\" content=\"Tiempo de lectura\" \/>\n\t<meta name=\"twitter:data1\" content=\"2 minutos\" \/>\n<!-- \/ Yoast SEO plugin. -->","yoast_head_json":{"title":"Verificaci\u00f3n de la Edad - Incluir plugin de Comprobaci\u00f3n de la Edad al OpenCart","description":"Incrusta un module hermoso de Verificaci\u00f3n de la Edad en su sitio de OpenCart. Use la demo de Elfsight intuitiva y genere su plugin propio.","robots":{"index":"index","follow":"follow","max-snippet":"max-snippet:-1","max-image-preview":"max-image-preview:large","max-video-preview":"max-video-preview:-1"},"canonical":"https:\/\/elfsight.com\/es\/age-verification-widget\/opencart\/","og_locale":"es_ES","og_type":"article","og_title":"Verificaci\u00f3n de la Edad - Incluir plugin de Comprobaci\u00f3n de la Edad al OpenCart","og_description":"Incrusta un module hermoso de Verificaci\u00f3n de la Edad en su sitio de OpenCart. Use la demo de Elfsight intuitiva y genere su plugin propio.","og_url":"https:\/\/elfsight.com\/es\/age-verification-widget\/opencart\/","og_site_name":"Elfsight ES","article_modified_time":"2025-02-06T15:24:56+00:00","twitter_card":"summary_large_image","twitter_misc":{"Tiempo de lectura":"2 minutos"},"schema":{"@context":"https:\/\/schema.org","@graph":[{"@type":"WebPage","@id":"https:\/\/elfsight.com\/es\/age-verification-widget\/opencart\/","url":"https:\/\/elfsight.com\/es\/age-verification-widget\/opencart\/","name":"Verificaci\u00f3n de la Edad - Incluir plugin de Comprobaci\u00f3n de la Edad al OpenCart","isPartOf":{"@id":"https:\/\/elfsight.com\/es\/#website"},"datePublished":"2022-02-11T11:02:37+00:00","dateModified":"2025-02-06T15:24:56+00:00","description":"Incrusta un module hermoso de Verificaci\u00f3n de la Edad en su sitio de OpenCart. Use la demo de Elfsight intuitiva y genere su plugin propio.","breadcrumb":{"@id":"https:\/\/elfsight.com\/es\/age-verification-widget\/opencart\/#breadcrumb"},"inLanguage":"es","potentialAction":[{"@type":"ReadAction","target":["https:\/\/elfsight.com\/es\/age-verification-widget\/opencart\/"]}]},{"@type":"BreadcrumbList","@id":"https:\/\/elfsight.com\/es\/age-verification-widget\/opencart\/#breadcrumb","itemListElement":[{"@type":"ListItem","position":1,"name":"Home","item":"https:\/\/elfsight.com\/es\/"},{"@type":"ListItem","position":2,"name":"Age Verification","item":"https:\/\/elfsight.com\/es\/age-verification-widget\/"},{"@type":"ListItem","position":3,"name":"Age Verification &#8211; OpenCart"}]},{"@type":"WebSite","@id":"https:\/\/elfsight.com\/es\/#website","url":"https:\/\/elfsight.com\/es\/","name":"Elfsight ES","description":"Just another Elfsight Sites site","potentialAction":[{"@type":"SearchAction","target":{"@type":"EntryPoint","urlTemplate":"https:\/\/elfsight.com\/es\/?s={search_term_string}"},"query-input":{"@type":"PropertyValueSpecification","valueRequired":true,"valueName":"search_term_string"}}],"inLanguage":"es"}]}},"meta_box":{"industry":"","seo_heading":"","heading":"","description":"","cta_heading":"","cta_description":"","application":"366","h1":"complemento de Verificaci\u00f3n de la Edad para OpenCart","h1_caption":"Aseg\u00farese de que se acceda al contenido sensible a la edad de manera responsable con una extensi\u00f3n de verificaci\u00f3n de edad simple y personalizable en su sitio web Opencart sin esfuerzo.","application_category":[],"applications_title":"","applications_request_title":"","applications_request_button_text":"","hero_text":"","hero_video":"","hero_video_schema_markup":"","selling_points_title":"","selling_points_caption":"","selling_points":[],"selling_points_cta_text":"","features_title":"","features":"","ed_cta_examples_text":"","ed_cta_examples_hidden":"","ed_cta_demo_text":"","ed_cta_demo_hidden":"","why_caption":"","why_editor_title":"","why_editor_text":"","why_team_title":"","why_team_text":"","why_service_title":"","why_service_text":"","template_catalog_visible":"","template_catalog_title":"","template_catalog_text":"","template_catalog_categories_visible":"","demo_title":"Crea tu extensi\u00f3n de verificaci\u00f3n de edad","demo_caption":"\u00a1Configure su verificaci\u00f3n de edad y agr\u00e9guela a su sitio web OpenCart gratis!","default_faq_hidden":"","app_template_category":[],"platform":"88","template_public_id":"","codecanyon_url":"","codecanyon_item_id":"","codecanyon_price":"","pricing_caption":"","pricing_elfsight_apps_hide_column":"","pricing_elfsight_apps_url":"","pricing_codecanyon_price_caption":"","integration_category":[],"integration_request_title":"","integration_request_cta":"","integration_platform":"","integrations":[],"platform_category":[],"video_schema_markup":"","price":"desde $0 por mes","trial":"","benefits":[{"text":"Instalaci\u00f3n gratuita"},{"text":"Soporte Premium"},{"text":"14 d\u00edas garant\u00eda de reembolso"},{"text":"Actualizaciones regulares"}],"button_url":"#demo","button_target_blank":"0","button_nofollow":"0","attributes":[{"name":"Responsivo","content":"Si","_state":"expanded"},{"name":"Navegadores compatibles","content":"Firefox, Safari, Opera, Chrome, Edge","_state":"expanded"}],"tags":[],"tags_disable_links":"0","hide_more_platforms":"","video_object":"","demo_hide_cta":"0","demo_hide_cloud_options":"0","pricing_title":"","pricing":[{"pricing_icon":"platform","pricing_title":" Elfsight Apps","pricing_title_caption":"Soluci\u00f3n multiplataforma - valido para cualquier p\u00e1gina web","pricing_price":"desde $0 por mes","pricing_price_caption":"empezar con un plan gratuito","pricing_benefits":[{"text":"Sitios web ilimitados"},{"text":"Atenci\u00f3n al cliente gratuita y r\u00e1pida"},{"text":"Servicio de instalaci\u00f3n gratuito"},{"text":"Totalmente personalizable"}],"pricing_button_text":"Agregar al sitio web","pricing_button_url":"#demo","_state":"expanded"}],"related_apps_title":"","related_apps_hidden":"1","author":"","image":[],"title":"","job":"","social_networks":[]},"_links":{"self":[{"href":"https:\/\/elfsight.com\/es\/wp-json\/wp\/v2\/pages\/4544","targetHints":{"allow":["GET"]}}],"collection":[{"href":"https:\/\/elfsight.com\/es\/wp-json\/wp\/v2\/pages"}],"about":[{"href":"https:\/\/elfsight.com\/es\/wp-json\/wp\/v2\/types\/page"}],"author":[{"embeddable":true,"href":"https:\/\/elfsight.com\/es\/wp-json\/wp\/v2\/users\/18"}],"replies":[{"embeddable":true,"href":"https:\/\/elfsight.com\/es\/wp-json\/wp\/v2\/comments?post=4544"}],"version-history":[{"count":3,"href":"https:\/\/elfsight.com\/es\/wp-json\/wp\/v2\/pages\/4544\/revisions"}],"predecessor-version":[{"id":18250,"href":"https:\/\/elfsight.com\/es\/wp-json\/wp\/v2\/pages\/4544\/revisions\/18250"}],"up":[{"embeddable":true,"href":"https:\/\/elfsight.com\/es\/wp-json\/wp\/v2\/pages\/373"}],"wp:attachment":[{"href":"https:\/\/elfsight.com\/es\/wp-json\/wp\/v2\/media?parent=4544"}],"curies":[{"name":"wp","href":"https:\/\/api.w.org\/{rel}","templated":true}]}}