{"id":4541,"date":"2022-02-11T11:02:52","date_gmt":"2022-02-11T11:02:52","guid":{"rendered":"https:\/\/elfsight.com\/es\/?page_id=4541"},"modified":"2025-02-06T15:24:40","modified_gmt":"2025-02-06T15:24:40","slug":"bigcommerce","status":"publish","type":"page","link":"https:\/\/elfsight.com\/es\/audio-player-widget\/bigcommerce\/","title":{"rendered":"Audio Player &#8211; BigCommerce"},"content":{"rendered":"<div class=\"application-platform-content-item-description application-platform-content-item\" id=\"description\" data-nav-section=\"description\"> <h2>Descripci\u00f3n<\/h2> <p>Elfsight Music Player es una aplicaci\u00f3n simple para sitios web de BigCommerce que te permite reproducir pistas de audio directamente en tu p\u00e1gina web. El widget es extremadamente personalizable: puedes cambiar su posici\u00f3n, insertarlo en cualquier parte de la p\u00e1gina, ajustar su tama\u00f1o, repintar el fondo y otros elementos para combinarlo con el estilo de tu sitio, emplear un tema oscuro, mostrar car\u00e1tulas y mostrar u ocultar cuatro elementos adicionales del reproductor, como la barra de progreso, el encabezado y otros. Incluye tantas pistas como necesites para entretener a tus visitantes, activa la opci\u00f3n de reproducci\u00f3n autom\u00e1tica y ten la seguridad de que tu audiencia no abandonar\u00e1 tu sitio r\u00e1pidamente.<\/p><p><b>Con Elfsight Audio Player, logra un desarrollo empresarial m\u00e1s r\u00e1pido y mejores ventas.<\/b><\/p> <\/div><div class=\"application-platform-content-item-features application-platform-content-item\" id=\"features\" data-nav-section=\"features\"> <h2>Consulta la lista de las caracter\u00edsticas m\u00e1s \u00fatiles:<\/h2> <ul><li>Varias alteraciones de color<\/li> <li>Tema oscuro\/claro<\/li> <li>Dise\u00f1o responsivo<\/li> <li>Dos dise\u00f1os aplicables<\/li> <li>Opci\u00f3n de usar imagen de fondo<\/li> <\/ul><p><a href=\"#demo\">Prueba esta demo para obtener una idea completa<\/a><\/p> <\/div> <div class=\"application-platform-content-item-installation application-platform-content-item\" id=\"installation\" data-nav-section=\"installation\"> <h2>\u00bfC\u00f3mo puedo incrustar el Music Player en mi sitio web de BigCommerce?<\/h2> <div class=\"video-container\"><iframe width=\"720\" height=\"405\" src=\"https:\/\/www.youtube.com\/embed\/OheXTE8Ffbw\" frameborder=\"0\" allowfullscreen=\"\"><\/iframe><\/div><p>Simplemente sigue las instrucciones a continuaci\u00f3n para comenzar a trabajar con el widget de audio.<\/p> <ol><li><b>Gestiona nuestro editor gratuito y comienza a crear tu widget personalizado.<\/b><br> Elige el dise\u00f1o y las caracter\u00edsticas seleccionadas del widget y aplica todas las correcciones.<\/li>  <li><b>Obt\u00e9n el c\u00f3digo personal que aparece en la ventana de Elfsight Apps.<\/b><br> Despu\u00e9s de configurar tu widget personalizado, copia el c\u00f3digo de la ventana emergente y gu\u00e1rdalo para usarlo en el futuro.<\/li>  <li><b>Comienza a usar el widget en tu sitio web de BigCommerce.<\/b><br> Integra el c\u00f3digo guardado recientemente en tu p\u00e1gina y aplica los cambios.<\/li>  <li><b>La instalaci\u00f3n se ha completado con \u00e9xito.<\/b><br> Ve a tu sitio web para verificar c\u00f3mo funciona el widget.<\/li><\/ol><p>Si tienes alguna pregunta o encuentras alg\u00fan obst\u00e1culo, no dudes en escribir a nuestro equipo de soporte. Estaremos encantados de resolver cualquier problema que puedas tener con el plugin.<\/p> <\/div>","protected":false},"excerpt":{"rendered":"","protected":false},"author":18,"featured_media":0,"parent":481,"menu_order":0,"comment_status":"closed","ping_status":"closed","template":"templates\/template-application-platform.php","meta":{"publish_to_discourse":"","publish_post_category":"","wpdc_auto_publish_overridden":"","wpdc_topic_tags":"","wpdc_pin_topic":"","wpdc_pin_until":"","discourse_post_id":"","discourse_permalink":"","wpdc_publishing_response":"","wpdc_publishing_error":"","footnotes":""},"class_list":["post-4541","page","type-page","status-publish","hentry"],"yoast_head":"<!-- This site is optimized with the Yoast SEO plugin v25.3.1 - https:\/\/yoast.com\/wordpress\/plugins\/seo\/ -->\n<title>Audio Player - Incluir app de Reproductor de Audio al BigCommerce<\/title>\n<meta name=\"description\" content=\"Incrusta un plugin hermoso de Audio Player en su sitio de BigCommerce. Aplique la demo de Elfsight intuitiva y genere su app propio.\" \/>\n<meta name=\"robots\" content=\"index, follow, max-snippet:-1, max-image-preview:large, max-video-preview:-1\" \/>\n<link rel=\"canonical\" href=\"https:\/\/elfsight.com\/es\/audio-player-widget\/bigcommerce\/\" \/>\n<meta property=\"og:locale\" content=\"es_ES\" \/>\n<meta property=\"og:type\" content=\"article\" \/>\n<meta property=\"og:title\" content=\"Audio Player - Incluir app de Reproductor de Audio al BigCommerce\" \/>\n<meta property=\"og:description\" content=\"Incrusta un plugin hermoso de Audio Player en su sitio de BigCommerce. Aplique la demo de Elfsight intuitiva y genere su app propio.\" \/>\n<meta property=\"og:url\" content=\"https:\/\/elfsight.com\/es\/audio-player-widget\/bigcommerce\/\" \/>\n<meta property=\"og:site_name\" content=\"Elfsight ES\" \/>\n<meta property=\"article:modified_time\" content=\"2025-02-06T15:24:40+00:00\" \/>\n<meta name=\"twitter:card\" content=\"summary_large_image\" \/>\n<meta name=\"twitter:label1\" content=\"Tiempo de lectura\" \/>\n\t<meta name=\"twitter:data1\" content=\"1 minuto\" \/>\n<!-- \/ Yoast SEO plugin. -->","yoast_head_json":{"title":"Audio Player - Incluir app de Reproductor de Audio al BigCommerce","description":"Incrusta un plugin hermoso de Audio Player en su sitio de BigCommerce. Aplique la demo de Elfsight intuitiva y genere su app propio.","robots":{"index":"index","follow":"follow","max-snippet":"max-snippet:-1","max-image-preview":"max-image-preview:large","max-video-preview":"max-video-preview:-1"},"canonical":"https:\/\/elfsight.com\/es\/audio-player-widget\/bigcommerce\/","og_locale":"es_ES","og_type":"article","og_title":"Audio Player - Incluir app de Reproductor de Audio al BigCommerce","og_description":"Incrusta un plugin hermoso de Audio Player en su sitio de BigCommerce. Aplique la demo de Elfsight intuitiva y genere su app propio.","og_url":"https:\/\/elfsight.com\/es\/audio-player-widget\/bigcommerce\/","og_site_name":"Elfsight ES","article_modified_time":"2025-02-06T15:24:40+00:00","twitter_card":"summary_large_image","twitter_misc":{"Tiempo de lectura":"1 minuto"},"schema":{"@context":"https:\/\/schema.org","@graph":[{"@type":"WebPage","@id":"https:\/\/elfsight.com\/es\/audio-player-widget\/bigcommerce\/","url":"https:\/\/elfsight.com\/es\/audio-player-widget\/bigcommerce\/","name":"Audio Player - Incluir app de Reproductor de Audio al BigCommerce","isPartOf":{"@id":"https:\/\/elfsight.com\/es\/#website"},"datePublished":"2022-02-11T11:02:52+00:00","dateModified":"2025-02-06T15:24:40+00:00","description":"Incrusta un plugin hermoso de Audio Player en su sitio de BigCommerce. Aplique la demo de Elfsight intuitiva y genere su app propio.","breadcrumb":{"@id":"https:\/\/elfsight.com\/es\/audio-player-widget\/bigcommerce\/#breadcrumb"},"inLanguage":"es","potentialAction":[{"@type":"ReadAction","target":["https:\/\/elfsight.com\/es\/audio-player-widget\/bigcommerce\/"]}]},{"@type":"BreadcrumbList","@id":"https:\/\/elfsight.com\/es\/audio-player-widget\/bigcommerce\/#breadcrumb","itemListElement":[{"@type":"ListItem","position":1,"name":"Home","item":"https:\/\/elfsight.com\/es\/"},{"@type":"ListItem","position":2,"name":"Audio Player","item":"https:\/\/elfsight.com\/es\/audio-player-widget\/"},{"@type":"ListItem","position":3,"name":"Audio Player &#8211; BigCommerce"}]},{"@type":"WebSite","@id":"https:\/\/elfsight.com\/es\/#website","url":"https:\/\/elfsight.com\/es\/","name":"Elfsight ES","description":"Just another Elfsight Sites site","potentialAction":[{"@type":"SearchAction","target":{"@type":"EntryPoint","urlTemplate":"https:\/\/elfsight.com\/es\/?s={search_term_string}"},"query-input":{"@type":"PropertyValueSpecification","valueRequired":true,"valueName":"search_term_string"}}],"inLanguage":"es"}]}},"meta_box":{"industry":"","seo_heading":"","heading":"","description":"","cta_heading":"","cta_description":"","application":"480","h1":"aplicaci\u00f3n de reproductor de audio para BigCommerce","h1_caption":"Configure archivos de audio en todos los formatos mundialmente conocidos a su tienda electr\u00f3nica","application_category":[],"applications_title":"","applications_request_title":"","applications_request_button_text":"","hero_text":"","hero_video":"","hero_video_schema_markup":"","selling_points_title":"","selling_points_caption":"","selling_points":[],"selling_points_cta_text":"","features_title":"","features":"","ed_cta_examples_text":"","ed_cta_examples_hidden":"","ed_cta_demo_text":"","ed_cta_demo_hidden":"","why_caption":"","why_editor_title":"","why_editor_text":"","why_team_title":"","why_team_text":"","why_service_title":"","why_service_text":"","template_catalog_visible":"","template_catalog_title":"","template_catalog_text":"","template_catalog_categories_visible":"","demo_title":"Crea tu aplicaci\u00f3n de reproductor de audio","demo_caption":"\u00a1Configure su reproductor de audio y agr\u00e9guelo a su sitio web BigCommerce gratis!","default_faq_hidden":"","app_template_category":[],"platform":"33","template_public_id":"","codecanyon_url":"","codecanyon_item_id":"","codecanyon_price":"","pricing_caption":"","pricing_elfsight_apps_hide_column":"","pricing_elfsight_apps_url":"","pricing_codecanyon_price_caption":"","integration_category":[],"integration_request_title":"","integration_request_cta":"","integration_platform":"","integrations":[],"platform_category":[],"video_schema_markup":"","price":"desde $0 por mes","trial":"","benefits":[{"text":"Instalaci\u00f3n gratuita"},{"text":"Soporte Premium"},{"text":"14 d\u00edas garant\u00eda de reembolso"},{"text":"Actualizaciones regulares"}],"button_url":"#demo","button_target_blank":"0","button_nofollow":"0","attributes":[{"name":"Responsivo","content":"Si","_state":"expanded"},{"name":"Navegadores compatibles","content":"Firefox, Safari, Opera, Chrome, Edge","_state":"expanded"}],"tags":[],"tags_disable_links":"0","hide_more_platforms":"","video_object":"","demo_hide_cta":"0","demo_hide_cloud_options":"0","pricing_title":"","pricing":[{"pricing_icon":"platform","pricing_title":" Elfsight Apps","pricing_title_caption":"Soluci\u00f3n multiplataforma - valido para cualquier p\u00e1gina web","pricing_price":"desde $0 por mes","pricing_price_caption":"empezar con un plan gratuito","pricing_benefits":[{"text":"Sitios web ilimitados"},{"text":"Atenci\u00f3n al cliente gratuita y r\u00e1pida"},{"text":"Servicio de instalaci\u00f3n gratuito"},{"text":"Totalmente personalizable"}],"pricing_button_text":"Agregar al sitio web","pricing_button_url":"#demo","_state":"expanded"}],"related_apps_title":"","related_apps_hidden":"1","author":"","image":[],"title":"","job":"","social_networks":[]},"_links":{"self":[{"href":"https:\/\/elfsight.com\/es\/wp-json\/wp\/v2\/pages\/4541","targetHints":{"allow":["GET"]}}],"collection":[{"href":"https:\/\/elfsight.com\/es\/wp-json\/wp\/v2\/pages"}],"about":[{"href":"https:\/\/elfsight.com\/es\/wp-json\/wp\/v2\/types\/page"}],"author":[{"embeddable":true,"href":"https:\/\/elfsight.com\/es\/wp-json\/wp\/v2\/users\/18"}],"replies":[{"embeddable":true,"href":"https:\/\/elfsight.com\/es\/wp-json\/wp\/v2\/comments?post=4541"}],"version-history":[{"count":3,"href":"https:\/\/elfsight.com\/es\/wp-json\/wp\/v2\/pages\/4541\/revisions"}],"predecessor-version":[{"id":18248,"href":"https:\/\/elfsight.com\/es\/wp-json\/wp\/v2\/pages\/4541\/revisions\/18248"}],"up":[{"embeddable":true,"href":"https:\/\/elfsight.com\/es\/wp-json\/wp\/v2\/pages\/481"}],"wp:attachment":[{"href":"https:\/\/elfsight.com\/es\/wp-json\/wp\/v2\/media?parent=4541"}],"curies":[{"name":"wp","href":"https:\/\/api.w.org\/{rel}","templated":true}]}}