{"id":4534,"date":"2022-02-11T11:09:43","date_gmt":"2022-02-11T11:09:43","guid":{"rendered":"https:\/\/elfsight.com\/es\/?page_id=4534"},"modified":"2025-02-06T15:23:43","modified_gmt":"2025-02-06T15:23:43","slug":"webflow","status":"publish","type":"page","link":"https:\/\/elfsight.com\/es\/event-calendar-widget\/webflow\/","title":{"rendered":"Event Calendar &#8211; Webflow"},"content":{"rendered":"<div class=\"application-platform-content-item-description application-platform-content-item\" id=\"description\" data-nav-section=\"description\"> <h2>Incrusta el Calendario de Eventos con el Widget de Elfsight<\/h2> <p>El Calendario de Eventos de Elfsight para Webflow es un impresionante widget que te permite compartir f\u00e1cilmente tus eventos con tu audiencia. Incluye una gran cantidad de opciones para mostrar los pr\u00f3ximos eventos de la manera m\u00e1s representativa. Personal\u00edzalo para que se integre con la est\u00e9tica de tu sitio web. Crea m\u00faltiples eventos, a\u00f1ade diferentes etiquetas, sube tus propias im\u00e1genes y videos con la integraci\u00f3n de Webflow Calendar, y mant\u00e9n a los usuarios informados sobre tu agenda.<\/p> <p><b>El Calendario de Eventos puede ayudarte a mostrar r\u00e1pidamente tus pr\u00f3ximos eventos y aumentar la tasa de participaci\u00f3n en tu sitio web.<\/b><\/p> <\/div> <div class=\"application-platform-content-item-features application-platform-content-item\" id=\"features\" data-nav-section=\"features\"> <h2>Caracter\u00edsticas principales del Widget de Calendario de Eventos<\/h2> <p>Consulta todos los rasgos funcionales del Calendario de Eventos para Webflow. Est\u00e1n disponibles directamente en el editor y te ayudar\u00e1n a configurar el widget de acuerdo a tus necesidades.<\/p> <ul> <li>Utiliza oportunidades de contenido funcionales para adaptar el widget a tu tipo de actividades.<\/li> <li>Permite que los usuarios a\u00f1adan eventos a sus calendarios m\u00e1s utilizados.<\/li> <li>Crea varios tipos de eventos, especifica ubicaciones y a\u00f1ade anfitriones.<\/li> <li>Categoriza todas tus actividades y as\u00edgnales etiquetas.<\/li> <li>Elige entre 4 opciones de dise\u00f1o.<\/li> <\/ul> <p><a href=\"#demo\">Puedes probar todas las caracter\u00edsticas del widget directamente en la demo<\/a><\/p> <\/div> <div class=\"application-platform-content-item-installation application-platform-content-item\" id=\"installation\" data-nav-section=\"installation\"> <h2>\u00bfC\u00f3mo puedo integrar el Calendario de Eventos con Webflow?<\/h2> <div class=\"video-container\"><iframe width=\"720\" height=\"405\" src=\"https:\/\/www.youtube.com\/embed\/BGvdF7bCzQM\" frameborder=\"0\" allowfullscreen=\"\"><\/iframe><\/div><p>La integraci\u00f3n del calendario es simple y clara para cualquier editor de sitios web. Para activar el widget, sigue unos sencillos pasos.<\/p> <ul> <li><b>Dise\u00f1a tu widget de Calendario personalizado<\/b><br> A trav\u00e9s de nuestra demo gratuita, crea un plugin con la composici\u00f3n y funciones que prefieras.<\/li> <li><b>Adquiere el c\u00f3digo individual para a\u00f1adir el widget<\/b><br> Despu\u00e9s de haber configurado tu widget, obtendr\u00e1s el c\u00f3digo \u00fanico desde la ventana emergente en Elfsight Apps. C\u00f3pialo.<\/li> <li><b>Publica el widget en tu sitio web<\/b><br> Elige el lugar donde te gustar\u00eda <a href=\"https:\/\/elfsight.com\/blog\/how-to-add-event-calendar-to-webflow-for-free\/\">incrustar el plugin de Calendario de Eventos en el sitio Webflow<\/a> y pega el c\u00f3digo guardado all\u00ed. Aplica los cambios.<\/li> <li><b>La integraci\u00f3n del calendario est\u00e1 terminada<\/b><br> Entra en la p\u00e1gina para comprobar tu calendario.<\/li> <\/ul> <p>No dudes en contactar con el servicio de soporte si necesitas asesoramiento o tienes problemas. Nuestros especialistas te ayudar\u00e1n con cualquier consulta.<\/p> <\/div>","protected":false},"excerpt":{"rendered":"","protected":false},"author":18,"featured_media":0,"parent":1575,"menu_order":0,"comment_status":"closed","ping_status":"closed","template":"templates\/template-application-platform.php","meta":{"publish_to_discourse":"","publish_post_category":"","wpdc_auto_publish_overridden":"","wpdc_topic_tags":"","wpdc_pin_topic":"","wpdc_pin_until":"","discourse_post_id":"","discourse_permalink":"","wpdc_publishing_response":"","wpdc_publishing_error":"","footnotes":""},"class_list":["post-4534","page","type-page","status-publish","hentry"],"yoast_head":"<!-- This site is optimized with the Yoast SEO plugin v25.3.1 - https:\/\/yoast.com\/wordpress\/plugins\/seo\/ -->\n<title>Calendario de eventos - Agregar plugin de Evento Calendario al Webflow<\/title>\n<meta name=\"description\" content=\"Incrusta un widget responsivo de Calendario de eventos en su p\u00e1gina web de Webflow. Use la demo de Elfsight f\u00e1cil de usar y genere su plugin personalizado.\" \/>\n<meta name=\"robots\" content=\"index, follow, max-snippet:-1, max-image-preview:large, max-video-preview:-1\" \/>\n<link rel=\"canonical\" href=\"https:\/\/elfsight.com\/es\/event-calendar-widget\/webflow\/\" \/>\n<meta property=\"og:locale\" content=\"es_ES\" \/>\n<meta property=\"og:type\" content=\"article\" \/>\n<meta property=\"og:title\" content=\"Calendario de eventos - Agregar plugin de Evento Calendario al Webflow\" \/>\n<meta property=\"og:description\" content=\"Incrusta un widget responsivo de Calendario de eventos en su p\u00e1gina web de Webflow. Use la demo de Elfsight f\u00e1cil de usar y genere su plugin personalizado.\" \/>\n<meta property=\"og:url\" content=\"https:\/\/elfsight.com\/es\/event-calendar-widget\/webflow\/\" \/>\n<meta property=\"og:site_name\" content=\"Elfsight ES\" \/>\n<meta property=\"article:modified_time\" content=\"2025-02-06T15:23:43+00:00\" \/>\n<meta name=\"twitter:card\" content=\"summary_large_image\" \/>\n<meta name=\"twitter:label1\" content=\"Tiempo de lectura\" \/>\n\t<meta name=\"twitter:data1\" content=\"2 minutos\" \/>\n<!-- \/ Yoast SEO plugin. -->","yoast_head_json":{"title":"Calendario de eventos - Agregar plugin de Evento Calendario al Webflow","description":"Incrusta un widget responsivo de Calendario de eventos en su p\u00e1gina web de Webflow. Use la demo de Elfsight f\u00e1cil de usar y genere su plugin personalizado.","robots":{"index":"index","follow":"follow","max-snippet":"max-snippet:-1","max-image-preview":"max-image-preview:large","max-video-preview":"max-video-preview:-1"},"canonical":"https:\/\/elfsight.com\/es\/event-calendar-widget\/webflow\/","og_locale":"es_ES","og_type":"article","og_title":"Calendario de eventos - Agregar plugin de Evento Calendario al Webflow","og_description":"Incrusta un widget responsivo de Calendario de eventos en su p\u00e1gina web de Webflow. Use la demo de Elfsight f\u00e1cil de usar y genere su plugin personalizado.","og_url":"https:\/\/elfsight.com\/es\/event-calendar-widget\/webflow\/","og_site_name":"Elfsight ES","article_modified_time":"2025-02-06T15:23:43+00:00","twitter_card":"summary_large_image","twitter_misc":{"Tiempo de lectura":"2 minutos"},"schema":{"@context":"https:\/\/schema.org","@graph":[{"@type":"WebPage","@id":"https:\/\/elfsight.com\/es\/event-calendar-widget\/webflow\/","url":"https:\/\/elfsight.com\/es\/event-calendar-widget\/webflow\/","name":"Calendario de eventos - Agregar plugin de Evento Calendario al Webflow","isPartOf":{"@id":"https:\/\/elfsight.com\/es\/#website"},"datePublished":"2022-02-11T11:09:43+00:00","dateModified":"2025-02-06T15:23:43+00:00","description":"Incrusta un widget responsivo de Calendario de eventos en su p\u00e1gina web de Webflow. Use la demo de Elfsight f\u00e1cil de usar y genere su plugin personalizado.","breadcrumb":{"@id":"https:\/\/elfsight.com\/es\/event-calendar-widget\/webflow\/#breadcrumb"},"inLanguage":"es","potentialAction":[{"@type":"ReadAction","target":["https:\/\/elfsight.com\/es\/event-calendar-widget\/webflow\/"]}]},{"@type":"BreadcrumbList","@id":"https:\/\/elfsight.com\/es\/event-calendar-widget\/webflow\/#breadcrumb","itemListElement":[{"@type":"ListItem","position":1,"name":"Home","item":"https:\/\/elfsight.com\/es\/"},{"@type":"ListItem","position":2,"name":"Event Calendar","item":"https:\/\/elfsight.com\/es\/event-calendar-widget\/"},{"@type":"ListItem","position":3,"name":"Event Calendar &#8211; Webflow"}]},{"@type":"WebSite","@id":"https:\/\/elfsight.com\/es\/#website","url":"https:\/\/elfsight.com\/es\/","name":"Elfsight ES","description":"Just another Elfsight Sites site","potentialAction":[{"@type":"SearchAction","target":{"@type":"EntryPoint","urlTemplate":"https:\/\/elfsight.com\/es\/?s={search_term_string}"},"query-input":{"@type":"PropertyValueSpecification","valueRequired":true,"valueName":"search_term_string"}}],"inLanguage":"es"}]}},"meta_box":{"industry":"","seo_heading":"","heading":"","description":"","cta_heading":"","cta_description":"","application":"1574","h1":"complemento de Calendario de eventos para Webflow","h1_caption":"Administre y comparta eventos en su sitio web con un calendario de eventos interactivo y f\u00e1cil de usar en su sitio web Webflow sin esfuerzo.","application_category":[],"applications_title":"","applications_request_title":"","applications_request_button_text":"","hero_text":"","hero_video":"","hero_video_schema_markup":"","selling_points_title":"","selling_points_caption":"","selling_points":[],"selling_points_cta_text":"","features_title":"","features":"","ed_cta_examples_text":"","ed_cta_examples_hidden":"","ed_cta_demo_text":"","ed_cta_demo_hidden":"","why_caption":"","why_editor_title":"","why_editor_text":"","why_team_title":"","why_team_text":"","why_service_title":"","why_service_text":"","template_catalog_visible":"0","template_catalog_title":"","template_catalog_text":"","template_catalog_categories_visible":"","demo_title":"Crea tu widget de calendario de eventos","demo_caption":"\u00a1Configure su calendario de eventos y agr\u00e9guelo a su sitio web Webflow de forma gratuita!","default_faq_hidden":"","app_template_category":[],"platform":"106","template_public_id":"","codecanyon_url":"","codecanyon_item_id":"","codecanyon_price":"","pricing_caption":"","pricing_elfsight_apps_hide_column":"","pricing_elfsight_apps_url":"","pricing_codecanyon_price_caption":"","integration_category":[],"integration_request_title":"","integration_request_cta":"","integration_platform":"","integrations":[],"platform_category":[],"video_schema_markup":"","price":"desde $0 por mes","trial":"","benefits":[{"text":"Instalaci\u00f3n gratuita"},{"text":"Soporte Premium"},{"text":"14 d\u00edas garant\u00eda de reembolso"},{"text":"Actualizaciones regulares"}],"button_url":"#demo","button_target_blank":"0","button_nofollow":"0","attributes":[{"name":"Responsivo","content":"Si","_state":"expanded"},{"name":"Navegadores compatibles","content":"Firefox, Safari, Opera, Chrome, Edge","_state":"expanded"}],"tags":[],"tags_disable_links":"0","hide_more_platforms":"","video_object":"","demo_hide_cta":"0","demo_hide_cloud_options":"0","pricing_title":"","pricing":[{"pricing_icon":"platform","pricing_title":" Elfsight Apps","pricing_title_caption":"Soluci\u00f3n multiplataforma - valido para cualquier p\u00e1gina web","pricing_price":"desde $0 por mes","pricing_price_caption":"empezar con un plan gratuito","pricing_benefits":[{"text":"Sitios web ilimitados"},{"text":"Atenci\u00f3n al cliente gratuita y r\u00e1pida"},{"text":"Servicio de instalaci\u00f3n gratuito"},{"text":"Totalmente personalizable"}],"pricing_button_text":"Agregar al sitio web","pricing_button_url":"#demo","_state":"expanded"}],"related_apps_title":"","related_apps_hidden":"1","author":"","image":[],"title":"","job":"","social_networks":[]},"_links":{"self":[{"href":"https:\/\/elfsight.com\/es\/wp-json\/wp\/v2\/pages\/4534","targetHints":{"allow":["GET"]}}],"collection":[{"href":"https:\/\/elfsight.com\/es\/wp-json\/wp\/v2\/pages"}],"about":[{"href":"https:\/\/elfsight.com\/es\/wp-json\/wp\/v2\/types\/page"}],"author":[{"embeddable":true,"href":"https:\/\/elfsight.com\/es\/wp-json\/wp\/v2\/users\/18"}],"replies":[{"embeddable":true,"href":"https:\/\/elfsight.com\/es\/wp-json\/wp\/v2\/comments?post=4534"}],"version-history":[{"count":3,"href":"https:\/\/elfsight.com\/es\/wp-json\/wp\/v2\/pages\/4534\/revisions"}],"predecessor-version":[{"id":18222,"href":"https:\/\/elfsight.com\/es\/wp-json\/wp\/v2\/pages\/4534\/revisions\/18222"}],"up":[{"embeddable":true,"href":"https:\/\/elfsight.com\/es\/wp-json\/wp\/v2\/pages\/1575"}],"wp:attachment":[{"href":"https:\/\/elfsight.com\/es\/wp-json\/wp\/v2\/media?parent=4534"}],"curies":[{"name":"wp","href":"https:\/\/api.w.org\/{rel}","templated":true}]}}