{"id":4533,"date":"2022-02-11T11:03:15","date_gmt":"2022-02-11T11:03:15","guid":{"rendered":"https:\/\/elfsight.com\/es\/?page_id=4533"},"modified":"2025-02-06T15:24:40","modified_gmt":"2025-02-06T15:24:40","slug":"magento","status":"publish","type":"page","link":"https:\/\/elfsight.com\/es\/age-verification-widget\/magento\/","title":{"rendered":"Age Verification &#8211; Magento"},"content":{"rendered":"<div class=\"application-platform-content-item-description application-platform-content-item\" id=\"description\" data-nav-section=\"description\"> <h2>Descripci\u00f3n<\/h2> <p>Nuestro widget se convertir\u00e1 en la mejor forma de crear una ventana inmediata que verifique la edad de un usuario. El widget har\u00e1 que tu contenido sensible a la edad sea accesible para los usuarios mayores de edad y lo ocultar\u00e1 a los espectadores menores de edad. El widget permite establecer el l\u00edmite de edad requerido, elegir el formato de verificaci\u00f3n, introducir el popup en todo el sitio web o solo en p\u00e1ginas espec\u00edficas, y elegir la acci\u00f3n a tomar en caso de acceso denegado. El dise\u00f1o es flexible, incluyendo detalles personalizables y la opci\u00f3n de agregar im\u00e1genes personalizadas.<\/p> <div class=\"faq\" data-component=\"FAQ\"> <div class=\"faq-item\">\r\n\t\t\t\t\t<div class=\"faq-item-question\">\r\n\t\t\t\t\t\t<h3 class=\"faq-item-question-text\">\u00bfD\u00f3nde puedo publicar este plugin?<\/h3>\r\n\r\n\t\t\t\t\t\t<div class=\"faq-item-question-icon\"><\/div>\r\n\t\t\t\t\t<\/div>\r\n\r\n\t\t\t\t\t<div class=\"faq-item-answer\">\r\n\t\t\t\t\t\t<div class=\"faq-item-answer-text\"> <p>Puedes mostrar la ventana de control de edad en todas las p\u00e1ginas del sitio web o asignar p\u00e1ginas espec\u00edficas donde incrustarlo. Adem\u00e1s, puedes usar la funci\u00f3n de excluir las p\u00e1ginas donde no lo necesites.<\/p> <\/div>\r\n\t\t\t\t\t<\/div>\r\n\t\t\t\t<\/div> <div class=\"faq-item\">\r\n\t\t\t\t\t<div class=\"faq-item-question\">\r\n\t\t\t\t\t\t<h3 class=\"faq-item-question-text\">\u00bfQu\u00e9 beneficios me puede dar?<\/h3>\r\n\r\n\t\t\t\t\t\t<div class=\"faq-item-question-icon\"><\/div>\r\n\t\t\t\t\t<\/div>\r\n\r\n\t\t\t\t\t<div class=\"faq-item-answer\">\r\n\t\t\t\t\t\t<div class=\"faq-item-answer-text\"> <p>Con la ayuda de nuestro widget, es m\u00e1ximo simple y r\u00e1pido crear un popup de verificaci\u00f3n de edad y disuadir a los usuarios menores de edad. Esto ayudar\u00e1 a asegurar que tu sitio cumpla con los requisitos legales. Adem\u00e1s, te permitir\u00e1 llegar a una nueva audiencia objetivo y obtener clientes v\u00e1lidos.<\/p> <\/div>\r\n\t\t\t\t\t<\/div>\r\n\t\t\t\t<\/div> <div class=\"faq-item\">\r\n\t\t\t\t\t<div class=\"faq-item-question\">\r\n\t\t\t\t\t\t<h3 class=\"faq-item-question-text\">\u00bfC\u00f3mo puedo a\u00f1adir la verificaci\u00f3n de edad a Magento?<\/h3>\r\n\r\n\t\t\t\t\t\t<div class=\"faq-item-question-icon\"><\/div>\r\n\t\t\t\t\t<\/div>\r\n\r\n\t\t\t\t\t<div class=\"faq-item-answer\">\r\n\t\t\t\t\t\t<div class=\"faq-item-answer-text\"> <p>Solo te llevar\u00e1 un par de minutos comenzar a usar el widget. El proceso es muy r\u00e1pido, gratuito y no requiere programaci\u00f3n.<\/p> <p>La verificaci\u00f3n de edad de Elfsight puede configurarse en nuestro servicio o a trav\u00e9s del marketplace. Puedes leer m\u00e1s sobre ambas opciones y decidir cu\u00e1l prefieres.<\/p> <\/div>\r\n\t\t\t\t\t<\/div>\r\n\t\t\t\t<\/div> <\/div> <\/div> <div class=\"application-platform-content-item-features application-platform-content-item\" id=\"features\" data-nav-section=\"features\"> <h2>Caracter\u00edsticas<\/h2> <p>Para que comprendas mejor las capacidades del widget, descubre la lista de sus funciones m\u00e1s destacadas. Estas hacen que el widget sea incre\u00edblemente eficiente para tu negocio:<\/p> <ul><li>Selecciona uno de los m\u00e9todos de verificaci\u00f3n: solicitud de fecha completa de nacimiento, solo el a\u00f1o de nacimiento, o una pregunta con opciones de S\u00ed y No;<\/li><li>La opci\u00f3n de recordar al visitante durante cualquier per\u00edodo de tiempo;<\/li><li>Dos escenarios despu\u00e9s de denegar el acceso: mostrar un texto o redirigir al usuario a cualquier direcci\u00f3n;<\/li><li>Agregar cualquier imagen para mostrar en el popup de verificaci\u00f3n;<\/li><li>Mostrar detalles adicionales y enlaces debajo del bot\u00f3n de verificaci\u00f3n.<\/li><\/ul><p><a href=\"#demo\">Nuestra demo te mostrar\u00e1 m\u00e1s caracter\u00edsticas<\/a><\/p> <\/div> <div class=\"application-platform-content-item-installation application-platform-content-item\" id=\"installation\" data-nav-section=\"installation\"> <h2>Veamos c\u00f3mo incrustar el widget de Verificaci\u00f3n de Edad en tu sitio web de Magento<\/h2> <p>Solo necesitas un par de pasos r\u00e1pidos.<\/p> <ol><li><b>Abre nuestro editor gratuito y comienza a crear tu extensi\u00f3n personalizada.<\/b><br> Especifica la forma y las caracter\u00edsticas preferidas de la extensi\u00f3n y aplica todas las ediciones.<\/li>  <li><b>Recibe el c\u00f3digo individual mostrado en la ventana de Elfsight Apps.<\/b><br> Una vez finalizada la creaci\u00f3n de tu extensi\u00f3n personalizada, copia tu c\u00f3digo de la ventana emergente y gu\u00e1rdalo para su uso posterior.<\/li>  <li><b>Inicia el uso de la extensi\u00f3n en el sitio web de Magento.<\/b><br> Coloca el c\u00f3digo que copiaste anteriormente en tu sitio web y guarda los cambios.<\/li>  <li><b>\u00a1Listo! La incrustaci\u00f3n est\u00e1 completamente realizada.<\/b><br> Ve a tu sitio para observar el funcionamiento de la extensi\u00f3n.<\/li><\/ol><p>\u00bfA\u00fan tienes dudas o problemas? Simplemente env\u00eda tu solicitud a nuestro servicio de atenci\u00f3n al cliente, estaremos encantados de ayudarte con cualquier consulta.<\/p> <\/div>","protected":false},"excerpt":{"rendered":"","protected":false},"author":18,"featured_media":0,"parent":373,"menu_order":0,"comment_status":"closed","ping_status":"closed","template":"templates\/template-application-platform.php","meta":{"publish_to_discourse":"","publish_post_category":"","wpdc_auto_publish_overridden":"","wpdc_topic_tags":"","wpdc_pin_topic":"","wpdc_pin_until":"","discourse_post_id":"","discourse_permalink":"","wpdc_publishing_response":"","wpdc_publishing_error":"","footnotes":""},"class_list":["post-4533","page","type-page","status-publish","hentry"],"yoast_head":"<!-- This site is optimized with the Yoast SEO plugin v25.3.1 - https:\/\/yoast.com\/wordpress\/plugins\/seo\/ -->\n<title>Verificaci\u00f3n de la Edad - Incluir plugin de Comprobaci\u00f3n de la Edad al Magento<\/title>\n<meta name=\"description\" content=\"Incrusta un extention responsivo de Verificaci\u00f3n de la Edad en su sitio de Magento. Lance la demo de Elfsight intuitiva y construe su plugin propio.\" \/>\n<meta name=\"robots\" content=\"index, follow, max-snippet:-1, max-image-preview:large, max-video-preview:-1\" \/>\n<link rel=\"canonical\" href=\"https:\/\/elfsight.com\/es\/age-verification-widget\/magento\/\" \/>\n<meta property=\"og:locale\" content=\"es_ES\" \/>\n<meta property=\"og:type\" content=\"article\" \/>\n<meta property=\"og:title\" content=\"Verificaci\u00f3n de la Edad - Incluir plugin de Comprobaci\u00f3n de la Edad al Magento\" \/>\n<meta property=\"og:description\" content=\"Incrusta un extention responsivo de Verificaci\u00f3n de la Edad en su sitio de Magento. Lance la demo de Elfsight intuitiva y construe su plugin propio.\" \/>\n<meta property=\"og:url\" content=\"https:\/\/elfsight.com\/es\/age-verification-widget\/magento\/\" \/>\n<meta property=\"og:site_name\" content=\"Elfsight ES\" \/>\n<meta property=\"article:modified_time\" content=\"2025-02-06T15:24:40+00:00\" \/>\n<meta name=\"twitter:card\" content=\"summary_large_image\" \/>\n<meta name=\"twitter:label1\" content=\"Tiempo de lectura\" \/>\n\t<meta name=\"twitter:data1\" content=\"2 minutos\" \/>\n<!-- \/ Yoast SEO plugin. -->","yoast_head_json":{"title":"Verificaci\u00f3n de la Edad - Incluir plugin de Comprobaci\u00f3n de la Edad al Magento","description":"Incrusta un extention responsivo de Verificaci\u00f3n de la Edad en su sitio de Magento. Lance la demo de Elfsight intuitiva y construe su plugin propio.","robots":{"index":"index","follow":"follow","max-snippet":"max-snippet:-1","max-image-preview":"max-image-preview:large","max-video-preview":"max-video-preview:-1"},"canonical":"https:\/\/elfsight.com\/es\/age-verification-widget\/magento\/","og_locale":"es_ES","og_type":"article","og_title":"Verificaci\u00f3n de la Edad - Incluir plugin de Comprobaci\u00f3n de la Edad al Magento","og_description":"Incrusta un extention responsivo de Verificaci\u00f3n de la Edad en su sitio de Magento. Lance la demo de Elfsight intuitiva y construe su plugin propio.","og_url":"https:\/\/elfsight.com\/es\/age-verification-widget\/magento\/","og_site_name":"Elfsight ES","article_modified_time":"2025-02-06T15:24:40+00:00","twitter_card":"summary_large_image","twitter_misc":{"Tiempo de lectura":"2 minutos"},"schema":{"@context":"https:\/\/schema.org","@graph":[{"@type":"WebPage","@id":"https:\/\/elfsight.com\/es\/age-verification-widget\/magento\/","url":"https:\/\/elfsight.com\/es\/age-verification-widget\/magento\/","name":"Verificaci\u00f3n de la Edad - Incluir plugin de Comprobaci\u00f3n de la Edad al Magento","isPartOf":{"@id":"https:\/\/elfsight.com\/es\/#website"},"datePublished":"2022-02-11T11:03:15+00:00","dateModified":"2025-02-06T15:24:40+00:00","description":"Incrusta un extention responsivo de Verificaci\u00f3n de la Edad en su sitio de Magento. Lance la demo de Elfsight intuitiva y construe su plugin propio.","breadcrumb":{"@id":"https:\/\/elfsight.com\/es\/age-verification-widget\/magento\/#breadcrumb"},"inLanguage":"es","potentialAction":[{"@type":"ReadAction","target":["https:\/\/elfsight.com\/es\/age-verification-widget\/magento\/"]}]},{"@type":"BreadcrumbList","@id":"https:\/\/elfsight.com\/es\/age-verification-widget\/magento\/#breadcrumb","itemListElement":[{"@type":"ListItem","position":1,"name":"Home","item":"https:\/\/elfsight.com\/es\/"},{"@type":"ListItem","position":2,"name":"Age Verification","item":"https:\/\/elfsight.com\/es\/age-verification-widget\/"},{"@type":"ListItem","position":3,"name":"Age Verification &#8211; Magento"}]},{"@type":"WebSite","@id":"https:\/\/elfsight.com\/es\/#website","url":"https:\/\/elfsight.com\/es\/","name":"Elfsight ES","description":"Just another Elfsight Sites site","potentialAction":[{"@type":"SearchAction","target":{"@type":"EntryPoint","urlTemplate":"https:\/\/elfsight.com\/es\/?s={search_term_string}"},"query-input":{"@type":"PropertyValueSpecification","valueRequired":true,"valueName":"search_term_string"}}],"inLanguage":"es"}]}},"meta_box":{"industry":"","seo_heading":"","heading":"","description":"","cta_heading":"","cta_description":"","application":"366","h1":"complemento de Verificaci\u00f3n de la Edad para Magento","h1_caption":"Aseg\u00farese de que se acceda al contenido sensible a la edad de manera responsable con una extensi\u00f3n de verificaci\u00f3n de edad simple y personalizable en su sitio web Magento sin esfuerzo.","application_category":[],"applications_title":"","applications_request_title":"","applications_request_button_text":"","hero_text":"","hero_video":"","hero_video_schema_markup":"","selling_points_title":"","selling_points_caption":"","selling_points":[],"selling_points_cta_text":"","features_title":"","features":"","ed_cta_examples_text":"","ed_cta_examples_hidden":"","ed_cta_demo_text":"","ed_cta_demo_hidden":"","why_caption":"","why_editor_title":"","why_editor_text":"","why_team_title":"","why_team_text":"","why_service_title":"","why_service_text":"","template_catalog_visible":"","template_catalog_title":"","template_catalog_text":"","template_catalog_categories_visible":"","demo_title":"Crea tu extensi\u00f3n de verificaci\u00f3n de edad","demo_caption":"\u00a1Configure su verificaci\u00f3n de edad y agr\u00e9guela a su sitio web Magento gratis!","default_faq_hidden":"","app_template_category":[],"platform":"82","template_public_id":"","codecanyon_url":"","codecanyon_item_id":"","codecanyon_price":"","pricing_caption":"","pricing_elfsight_apps_hide_column":"","pricing_elfsight_apps_url":"","pricing_codecanyon_price_caption":"","integration_category":[],"integration_request_title":"","integration_request_cta":"","integration_platform":"","integrations":[],"platform_category":[],"video_schema_markup":"","price":"desde $0 por mes","trial":"","benefits":[{"text":"Instalaci\u00f3n gratuita"},{"text":"Soporte Premium"},{"text":"14 d\u00edas garant\u00eda de reembolso"},{"text":"Actualizaciones regulares"}],"button_url":"#demo","button_target_blank":"0","button_nofollow":"0","attributes":[{"name":"Responsivo","content":"Si","_state":"expanded"},{"name":"Navegadores compatibles","content":"Firefox, Safari, Opera, Chrome, Edge","_state":"expanded"}],"tags":[],"tags_disable_links":"0","hide_more_platforms":"","video_object":"","demo_hide_cta":"0","demo_hide_cloud_options":"0","pricing_title":"","pricing":[{"pricing_icon":"platform","pricing_title":" Elfsight Apps","pricing_title_caption":"Soluci\u00f3n multiplataforma - valido para cualquier p\u00e1gina web","pricing_price":"desde $0 por mes","pricing_price_caption":"empezar con un plan gratuito","pricing_benefits":[{"text":"Sitios web ilimitados"},{"text":"Atenci\u00f3n al cliente gratuita y r\u00e1pida"},{"text":"Servicio de instalaci\u00f3n gratuito"},{"text":"Totalmente personalizable"}],"pricing_button_text":"Agregar al sitio web","pricing_button_url":"#demo","_state":"expanded"}],"related_apps_title":"","related_apps_hidden":"1","author":"","image":[],"title":"","job":"","social_networks":[]},"_links":{"self":[{"href":"https:\/\/elfsight.com\/es\/wp-json\/wp\/v2\/pages\/4533","targetHints":{"allow":["GET"]}}],"collection":[{"href":"https:\/\/elfsight.com\/es\/wp-json\/wp\/v2\/pages"}],"about":[{"href":"https:\/\/elfsight.com\/es\/wp-json\/wp\/v2\/types\/page"}],"author":[{"embeddable":true,"href":"https:\/\/elfsight.com\/es\/wp-json\/wp\/v2\/users\/18"}],"replies":[{"embeddable":true,"href":"https:\/\/elfsight.com\/es\/wp-json\/wp\/v2\/comments?post=4533"}],"version-history":[{"count":3,"href":"https:\/\/elfsight.com\/es\/wp-json\/wp\/v2\/pages\/4533\/revisions"}],"predecessor-version":[{"id":18247,"href":"https:\/\/elfsight.com\/es\/wp-json\/wp\/v2\/pages\/4533\/revisions\/18247"}],"up":[{"embeddable":true,"href":"https:\/\/elfsight.com\/es\/wp-json\/wp\/v2\/pages\/373"}],"wp:attachment":[{"href":"https:\/\/elfsight.com\/es\/wp-json\/wp\/v2\/media?parent=4533"}],"curies":[{"name":"wp","href":"https:\/\/api.w.org\/{rel}","templated":true}]}}