{"id":4526,"date":"2022-02-11T11:04:05","date_gmt":"2022-02-11T11:04:05","guid":{"rendered":"https:\/\/elfsight.com\/es\/?page_id=4526"},"modified":"2025-02-06T15:24:32","modified_gmt":"2025-02-06T15:24:32","slug":"shopify","status":"publish","type":"page","link":"https:\/\/elfsight.com\/es\/event-calendar-widget\/shopify\/","title":{"rendered":"Event Calendar &#8211; Shopify"},"content":{"rendered":"<div class=\"application-platform-content-item-description application-platform-content-item\" id=\"description\" data-nav-section=\"description\"> <h2>Incrusta el Calendario de Eventos con el Widget de Elfsight<\/h2> <p>La aplicaci\u00f3n de Calendario de Elfsight para Shopify es una herramienta impresionante que te permite compartir r\u00e1pidamente tus actividades con tus visitantes. Tiene muchas opciones para mostrar los pr\u00f3ximos eventos de la manera m\u00e1s llamativa. Personal\u00edzala para que se integre con el estilo de dise\u00f1o de tu sitio web. Crea m\u00faltiples eventos, a\u00f1ade diferentes etiquetas, sube tus propias im\u00e1genes y videos, y mant\u00e9n a tus visitantes informados sobre tu agenda.<\/p> <p><b>La aplicaci\u00f3n Calendario de Eventos de Elfsight puede ayudarte a mostrar f\u00e1cilmente tus pr\u00f3ximas actividades y aumentar la tasa de participaci\u00f3n en tu sitio.<\/b><\/p> <\/div> <div class=\"application-platform-content-item-features application-platform-content-item\" id=\"features\" data-nav-section=\"features\"> <h2>Caracter\u00edsticas principales de la Aplicaci\u00f3n de Calendario de Eventos<\/h2> <p>Consulta todas las funciones del Calendario de Eventos de Shopify. Est\u00e1n disponibles directamente en el editor y te ayudar\u00e1n a crear el widget exactamente para tus necesidades.<\/p> <ul> <li>Utiliza opciones de contenido adaptables para ajustar el calendario a tu tipo de actividades.<\/li> <li>Ofrece a los usuarios la oportunidad de a\u00f1adir tus eventos a sus aplicaciones m\u00e1s utilizadas.<\/li> <li>Genera varios tipos de eventos, especifica ubicaciones y a\u00f1ade anfitriones.<\/li> <li>Clasifica todos tus eventos y as\u00edgnales etiquetas.<\/li> <li>Elige entre 4 variantes de dise\u00f1o.<\/li> <\/ul> <p><a href=\"#demo\">Mira c\u00f3mo funcionan todas las caracter\u00edsticas en nuestra demo<\/a><\/p> <\/div> <div class=\"application-platform-content-item-installation application-platform-content-item\" id=\"installation\" data-nav-section=\"installation\"> <h2>\u00bfC\u00f3mo puedo incrustar el Calendario de Eventos en mi sitio web de Shopify?<\/h2> <div class=\"video-container\"><iframe width=\"720\" height=\"405\" src=\"https:\/\/www.youtube.com\/embed\/VgysQmu9Z0c\" frameborder=\"0\" allowfullscreen=\"\"><\/iframe><\/div><p>Para incrustar la aplicaci\u00f3n Calendario de Eventos de Shopify, simplemente sigue las instrucciones a continuaci\u00f3n.<\/p> <ol><li><b>Utiliza nuestro configurador gratuito y comienza a formar tu aplicaci\u00f3n personalizada.<\/b><br> Determina el dise\u00f1o y las especificaciones deseadas de la aplicaci\u00f3n y guarda todas las modificaciones. <\/li>  <li><b>Copia tu c\u00f3digo individual mostrado en el cuadro de Elfsight Apps.<\/b><br> Una vez finalizada la creaci\u00f3n de tu aplicaci\u00f3n, copia el c\u00f3digo personal en el cuadro que aparece y gu\u00e1rdalo para su uso futuro. <\/li>  <li><b>Empieza a usar la aplicaci\u00f3n en el sitio web de Shopify.<\/b><br> A\u00f1ade el c\u00f3digo que has guardado previamente en tu p\u00e1gina y aplica las modificaciones. <\/li>  <li><b>La instalaci\u00f3n se ha realizado con \u00e9xito.<\/b><br> Ve a tu sitio web para ver c\u00f3mo funciona la aplicaci\u00f3n.<\/li><\/ol><p>No dudes en comunicarte con el soporte al cliente de Elfsight si necesitas ayuda o tienes alguna pregunta. Estaremos encantados de ayudarte a incrustar el Calendario de Eventos de Shopify.<\/p> <\/div>","protected":false},"excerpt":{"rendered":"","protected":false},"author":18,"featured_media":0,"parent":1575,"menu_order":0,"comment_status":"closed","ping_status":"closed","template":"templates\/template-application-platform.php","meta":{"publish_to_discourse":"","publish_post_category":"","wpdc_auto_publish_overridden":"","wpdc_topic_tags":"","wpdc_pin_topic":"","wpdc_pin_until":"","discourse_post_id":"","discourse_permalink":"","wpdc_publishing_response":"","wpdc_publishing_error":"","footnotes":""},"class_list":["post-4526","page","type-page","status-publish","hentry"],"yoast_head":"<!-- This site is optimized with the Yoast SEO plugin v25.3.1 - https:\/\/yoast.com\/wordpress\/plugins\/seo\/ -->\n<title>Calendario de eventos - A\u00f1adir app de Evento Calendario al Shopify<\/title>\n<meta name=\"description\" content=\"Instala un widget hermoso de Calendario de eventos en su p\u00e1gina web de Shopify. Aplique la demo de Elfsight f\u00e1cil de usar y cree su app personalizado.\" \/>\n<meta name=\"robots\" content=\"index, follow, max-snippet:-1, max-image-preview:large, max-video-preview:-1\" \/>\n<link rel=\"canonical\" href=\"https:\/\/elfsight.com\/es\/event-calendar-widget\/shopify\/\" \/>\n<meta property=\"og:locale\" content=\"es_ES\" \/>\n<meta property=\"og:type\" content=\"article\" \/>\n<meta property=\"og:title\" content=\"Calendario de eventos - A\u00f1adir app de Evento Calendario al Shopify\" \/>\n<meta property=\"og:description\" content=\"Instala un widget hermoso de Calendario de eventos en su p\u00e1gina web de Shopify. Aplique la demo de Elfsight f\u00e1cil de usar y cree su app personalizado.\" \/>\n<meta property=\"og:url\" content=\"https:\/\/elfsight.com\/es\/event-calendar-widget\/shopify\/\" \/>\n<meta property=\"og:site_name\" content=\"Elfsight ES\" \/>\n<meta property=\"article:modified_time\" content=\"2025-02-06T15:24:32+00:00\" \/>\n<meta name=\"twitter:card\" content=\"summary_large_image\" \/>\n<meta name=\"twitter:label1\" content=\"Tiempo de lectura\" \/>\n\t<meta name=\"twitter:data1\" content=\"2 minutos\" \/>\n<!-- \/ Yoast SEO plugin. -->","yoast_head_json":{"title":"Calendario de eventos - A\u00f1adir app de Evento Calendario al Shopify","description":"Instala un widget hermoso de Calendario de eventos en su p\u00e1gina web de Shopify. Aplique la demo de Elfsight f\u00e1cil de usar y cree su app personalizado.","robots":{"index":"index","follow":"follow","max-snippet":"max-snippet:-1","max-image-preview":"max-image-preview:large","max-video-preview":"max-video-preview:-1"},"canonical":"https:\/\/elfsight.com\/es\/event-calendar-widget\/shopify\/","og_locale":"es_ES","og_type":"article","og_title":"Calendario de eventos - A\u00f1adir app de Evento Calendario al Shopify","og_description":"Instala un widget hermoso de Calendario de eventos en su p\u00e1gina web de Shopify. Aplique la demo de Elfsight f\u00e1cil de usar y cree su app personalizado.","og_url":"https:\/\/elfsight.com\/es\/event-calendar-widget\/shopify\/","og_site_name":"Elfsight ES","article_modified_time":"2025-02-06T15:24:32+00:00","twitter_card":"summary_large_image","twitter_misc":{"Tiempo de lectura":"2 minutos"},"schema":{"@context":"https:\/\/schema.org","@graph":[{"@type":"WebPage","@id":"https:\/\/elfsight.com\/es\/event-calendar-widget\/shopify\/","url":"https:\/\/elfsight.com\/es\/event-calendar-widget\/shopify\/","name":"Calendario de eventos - A\u00f1adir app de Evento Calendario al Shopify","isPartOf":{"@id":"https:\/\/elfsight.com\/es\/#website"},"datePublished":"2022-02-11T11:04:05+00:00","dateModified":"2025-02-06T15:24:32+00:00","description":"Instala un widget hermoso de Calendario de eventos en su p\u00e1gina web de Shopify. Aplique la demo de Elfsight f\u00e1cil de usar y cree su app personalizado.","breadcrumb":{"@id":"https:\/\/elfsight.com\/es\/event-calendar-widget\/shopify\/#breadcrumb"},"inLanguage":"es","potentialAction":[{"@type":"ReadAction","target":["https:\/\/elfsight.com\/es\/event-calendar-widget\/shopify\/"]}]},{"@type":"BreadcrumbList","@id":"https:\/\/elfsight.com\/es\/event-calendar-widget\/shopify\/#breadcrumb","itemListElement":[{"@type":"ListItem","position":1,"name":"Home","item":"https:\/\/elfsight.com\/es\/"},{"@type":"ListItem","position":2,"name":"Event Calendar","item":"https:\/\/elfsight.com\/es\/event-calendar-widget\/"},{"@type":"ListItem","position":3,"name":"Event Calendar &#8211; Shopify"}]},{"@type":"WebSite","@id":"https:\/\/elfsight.com\/es\/#website","url":"https:\/\/elfsight.com\/es\/","name":"Elfsight ES","description":"Just another Elfsight Sites site","potentialAction":[{"@type":"SearchAction","target":{"@type":"EntryPoint","urlTemplate":"https:\/\/elfsight.com\/es\/?s={search_term_string}"},"query-input":{"@type":"PropertyValueSpecification","valueRequired":true,"valueName":"search_term_string"}}],"inLanguage":"es"}]}},"meta_box":{"industry":"","seo_heading":"","heading":"","description":"","cta_heading":"","cta_description":"","application":"1574","h1":"aplicaci\u00f3n de Calendario de eventos para Shopify","h1_caption":"Administre y comparta eventos en su sitio web con un calendario de eventos interactivo y f\u00e1cil de usar en su sitio web Shopify sin esfuerzo.","application_category":[],"applications_title":"","applications_request_title":"","applications_request_button_text":"","hero_text":"","hero_video":"","hero_video_schema_markup":"","selling_points_title":"","selling_points_caption":"","selling_points":[],"selling_points_cta_text":"","features_title":"","features":"","ed_cta_examples_text":"","ed_cta_examples_hidden":"","ed_cta_demo_text":"","ed_cta_demo_hidden":"","why_caption":"","why_editor_title":"","why_editor_text":"","why_team_title":"","why_team_text":"","why_service_title":"","why_service_text":"","template_catalog_visible":"0","template_catalog_title":"","template_catalog_text":"","template_catalog_categories_visible":"","demo_title":"Crea tu aplicaci\u00f3n Calendario de eventos","demo_caption":"\u00a1Configura tu calendario de eventos y agr\u00e9galo a tu sitio web Shopify gratis!","default_faq_hidden":"","app_template_category":[],"platform":"91","template_public_id":"","codecanyon_url":"","codecanyon_item_id":"","codecanyon_price":"","pricing_caption":"","pricing_elfsight_apps_hide_column":"","pricing_elfsight_apps_url":"","pricing_codecanyon_price_caption":"","integration_category":[],"integration_request_title":"","integration_request_cta":"","integration_platform":"","integrations":[],"platform_category":[],"video_schema_markup":"","price":"desde $0 por mes","trial":"","benefits":[{"text":"Instalaci\u00f3n gratuita"},{"text":"Soporte Premium"},{"text":"14 d\u00edas garant\u00eda de reembolso"},{"text":"Actualizaciones regulares"}],"button_url":"#demo","button_target_blank":"0","button_nofollow":"0","attributes":[{"name":"Responsivo","content":"Si","_state":"expanded"},{"name":"Navegadores compatibles","content":"Firefox, Safari, Opera, Chrome, Edge","_state":"expanded"}],"tags":[],"tags_disable_links":"0","hide_more_platforms":"","video_object":"","demo_hide_cta":"0","demo_hide_cloud_options":"0","pricing_title":"","pricing":[{"pricing_icon":"platform","pricing_title":" Elfsight Apps","pricing_title_caption":"Soluci\u00f3n multiplataforma - valido para cualquier p\u00e1gina web","pricing_price":"desde $0 por mes","pricing_price_caption":"empezar con un plan gratuito","pricing_benefits":[{"text":"Sitios web ilimitados"},{"text":"Atenci\u00f3n al cliente gratuita y r\u00e1pida"},{"text":"Servicio de instalaci\u00f3n gratuito"},{"text":"Totalmente personalizable"}],"pricing_button_text":"Agregar al sitio web","pricing_button_url":"#demo","_state":"expanded"}],"related_apps_title":"","related_apps_hidden":"1","author":"","image":[],"title":"","job":"","social_networks":[]},"_links":{"self":[{"href":"https:\/\/elfsight.com\/es\/wp-json\/wp\/v2\/pages\/4526","targetHints":{"allow":["GET"]}}],"collection":[{"href":"https:\/\/elfsight.com\/es\/wp-json\/wp\/v2\/pages"}],"about":[{"href":"https:\/\/elfsight.com\/es\/wp-json\/wp\/v2\/types\/page"}],"author":[{"embeddable":true,"href":"https:\/\/elfsight.com\/es\/wp-json\/wp\/v2\/users\/18"}],"replies":[{"embeddable":true,"href":"https:\/\/elfsight.com\/es\/wp-json\/wp\/v2\/comments?post=4526"}],"version-history":[{"count":2,"href":"https:\/\/elfsight.com\/es\/wp-json\/wp\/v2\/pages\/4526\/revisions"}],"predecessor-version":[{"id":16058,"href":"https:\/\/elfsight.com\/es\/wp-json\/wp\/v2\/pages\/4526\/revisions\/16058"}],"up":[{"embeddable":true,"href":"https:\/\/elfsight.com\/es\/wp-json\/wp\/v2\/pages\/1575"}],"wp:attachment":[{"href":"https:\/\/elfsight.com\/es\/wp-json\/wp\/v2\/media?parent=4526"}],"curies":[{"name":"wp","href":"https:\/\/api.w.org\/{rel}","templated":true}]}}