{"id":4522,"date":"2022-02-11T11:04:19","date_gmt":"2022-02-11T11:04:19","guid":{"rendered":"https:\/\/elfsight.com\/es\/?page_id=4522"},"modified":"2025-02-06T15:24:32","modified_gmt":"2025-02-06T15:24:32","slug":"opencart","status":"publish","type":"page","link":"https:\/\/elfsight.com\/es\/event-calendar-widget\/opencart\/","title":{"rendered":"Event Calendar &#8211; OpenCart"},"content":{"rendered":"<div class=\"application-platform-content-item-description application-platform-content-item\" id=\"description\" data-nav-section=\"description\"> <h2>Incorpora el Calendario de Eventos con el Widget de Elfsight<\/h2> <p>El widget Calendario de Eventos es un m\u00f3dulo incre\u00edble que te permite compartir tus actividades con el resto del mundo de manera fluida. Contiene muchas opciones para mostrar los eventos futuros de la forma m\u00e1s llamativa. Personal\u00edzalo para integrar el dise\u00f1o con la est\u00e9tica de tu sitio. Crea varios eventos, agrega etiquetas, carga tus propias im\u00e1genes y videos, y mant\u00e9n a tu audiencia informada sobre tu agenda.<\/p> <p><b>El m\u00f3dulo Calendario de Eventos puede ayudarte a mostrar f\u00e1cilmente tus eventos futuros y aumentar el nivel de interacci\u00f3n en tu sitio web.<\/b><\/p> <\/div><div class=\"application-platform-content-item-features application-platform-content-item\" id=\"features\" data-nav-section=\"features\"> <h2>Caracter\u00edsticas principales del widget Calendario de Eventos<\/h2> <p>Consulta todas las caracter\u00edsticas del Calendario de Eventos en OpenCart. Puedes ajustarlas directamente en el editor y te ayudar\u00e1n a configurar el widget seg\u00fan tus necesidades.<\/p> <ul> <li>Usa opciones flexibles de contenido para adaptar el calendario a tu tipo de actividades.<\/li> <li>Ayuda a los usuarios a agregar tus eventos a sus aplicaciones m\u00e1s usadas.<\/li> <li>Crea diferentes tipos de eventos, especifica ubicaciones y agrega anfitriones.<\/li> <li>Clasifica todas tus actividades y as\u00edgnales etiquetas.<\/li> <li>Elige entre cuatro opciones de dise\u00f1o.<\/li> <\/ul> <p><a href=\"#demo\">Mira c\u00f3mo funcionan todas las caracter\u00edsticas en nuestra demo<\/a><\/p> <\/div><div class=\"application-platform-content-item-installation application-platform-content-item\" id=\"installation\" data-nav-section=\"installation\"> <h2>\u00bfC\u00f3mo agregar el plugin Calendario de Eventos a mi sitio OpenCart?<\/h2> <p>Para insertar la extensi\u00f3n, solo sigue estos pasos r\u00e1pidos.<\/p> <ol><li><b>Usa nuestro configurador gratuito y comienza a trabajar con tu propia extensi\u00f3n.<\/b><br> Elige el dise\u00f1o y los aspectos personalizados de la extensi\u00f3n y guarda todas las modificaciones.<\/li>  <li><b>Recibe tu c\u00f3digo individual en el formulario especial de Elfsight Apps.<\/b><br> Justo despu\u00e9s de configurar tu extensi\u00f3n, copia el c\u00f3digo en el cuadro emergente y gu\u00e1rdalo para su uso posterior.<\/li>  <li><b>Comienza a usar la extensi\u00f3n en tu p\u00e1gina OpenCart.<\/b><br> Inserta el c\u00f3digo copiado anteriormente en tu p\u00e1gina y aplica las correcciones.<\/li>  <li><b>\u00a1Ya est\u00e1! La integraci\u00f3n est\u00e1 completamente realizada.<\/b><br> Ve a tu p\u00e1gina web para ver c\u00f3mo funciona la extensi\u00f3n.<\/li><\/ol><p>No dudes en ponerte en contacto con el servicio de atenci\u00f3n al cliente de Elfsight si necesitas ayuda o tienes alguna consulta. Nuestros especialistas estar\u00e1n encantados de ayudarte con cualquier pregunta.<\/p> <\/div><div class=\"faq\" data-component=\"FAQ\"><div class=\"faq-item\">\r\n\t\t\t\t\t<div class=\"faq-item-question\">\r\n\t\t\t\t\t\t<h3 class=\"faq-item-question-text\">\u00bfDe qu\u00e9 manera puedo integrar el Calendario de Eventos en mi sitio OpenCart sin conocimientos de programaci\u00f3n?<\/h3>\r\n\r\n\t\t\t\t\t\t<div class=\"faq-item-question-icon\"><\/div>\r\n\t\t\t\t\t<\/div>\r\n\r\n\t\t\t\t\t<div class=\"faq-item-answer\">\r\n\t\t\t\t\t\t<div class=\"faq-item-answer-text\"><p>La empresa Elfsight ofrece una soluci\u00f3n que permite a los propietarios de sitios crear el plugin Calendario de Eventos por s\u00ed mismos. Descubre lo f\u00e1cil que es:<\/p><ul><li>Comienza a trabajar directamente en el Editor en l\u00ednea para crear la secci\u00f3n de Calendario de Eventos que te gustar\u00eda integrar en tu sitio OpenCart.<\/li><li>Elige una de las plantillas preconfiguradas y ajusta la configuraci\u00f3n del Calendario de Eventos, agrega tu contenido, cambia el dise\u00f1o y los colores sin necesidad de conocimientos de programaci\u00f3n.<\/li><li>Guarda el Calendario de Eventos y obt\u00e9n el c\u00f3digo para la instalaci\u00f3n, que se puede pegar f\u00e1cilmente en el sitio OpenCart sin necesidad de comprar una versi\u00f3n de pago.<\/li><\/ul><p>Con la ayuda del intuitivo Configurador, cualquier usuario de Internet puede crear el widget de Calendario de Eventos en l\u00ednea y agregarlo f\u00e1cilmente a su sitio OpenCart. No es necesario pagar ni revelar los datos de tu tarjeta para acceder al servicio de Elfsight. Si encuentras alg\u00fan obst\u00e1culo en cualquier paso, no dudes en ponerte en contacto con nuestro equipo de soporte.<\/p><\/div>\r\n\t\t\t\t\t<\/div>\r\n\t\t\t\t<\/div><\/div>","protected":false},"excerpt":{"rendered":"","protected":false},"author":18,"featured_media":0,"parent":1575,"menu_order":0,"comment_status":"closed","ping_status":"closed","template":"templates\/template-application-platform.php","meta":{"publish_to_discourse":"","publish_post_category":"","wpdc_auto_publish_overridden":"","wpdc_topic_tags":"","wpdc_pin_topic":"","wpdc_pin_until":"","discourse_post_id":"","discourse_permalink":"","wpdc_publishing_response":"","wpdc_publishing_error":"","footnotes":""},"class_list":["post-4522","page","type-page","status-publish","hentry"],"yoast_head":"<!-- This site is optimized with the Yoast SEO plugin v25.3.1 - https:\/\/yoast.com\/wordpress\/plugins\/seo\/ -->\n<title>Calendario de eventos - Incorporar plugin de Evento Calendario al OpenCart<\/title>\n<meta name=\"description\" content=\"Instala un module responsivo de Calendario de eventos en su sitio web de OpenCart. Pruebe la demo de Elfsight f\u00e1cil de usar y cree su plugin propio.\" \/>\n<meta name=\"robots\" content=\"index, follow, max-snippet:-1, max-image-preview:large, max-video-preview:-1\" \/>\n<link rel=\"canonical\" href=\"https:\/\/elfsight.com\/es\/event-calendar-widget\/opencart\/\" \/>\n<meta property=\"og:locale\" content=\"es_ES\" \/>\n<meta property=\"og:type\" content=\"article\" \/>\n<meta property=\"og:title\" content=\"Calendario de eventos - Incorporar plugin de Evento Calendario al OpenCart\" \/>\n<meta property=\"og:description\" content=\"Instala un module responsivo de Calendario de eventos en su sitio web de OpenCart. Pruebe la demo de Elfsight f\u00e1cil de usar y cree su plugin propio.\" \/>\n<meta property=\"og:url\" content=\"https:\/\/elfsight.com\/es\/event-calendar-widget\/opencart\/\" \/>\n<meta property=\"og:site_name\" content=\"Elfsight ES\" \/>\n<meta property=\"article:modified_time\" content=\"2025-02-06T15:24:32+00:00\" \/>\n<meta name=\"twitter:card\" content=\"summary_large_image\" \/>\n<meta name=\"twitter:label1\" content=\"Tiempo de lectura\" \/>\n\t<meta name=\"twitter:data1\" content=\"1 minuto\" \/>\n<!-- \/ Yoast SEO plugin. -->","yoast_head_json":{"title":"Calendario de eventos - Incorporar plugin de Evento Calendario al OpenCart","description":"Instala un module responsivo de Calendario de eventos en su sitio web de OpenCart. Pruebe la demo de Elfsight f\u00e1cil de usar y cree su plugin propio.","robots":{"index":"index","follow":"follow","max-snippet":"max-snippet:-1","max-image-preview":"max-image-preview:large","max-video-preview":"max-video-preview:-1"},"canonical":"https:\/\/elfsight.com\/es\/event-calendar-widget\/opencart\/","og_locale":"es_ES","og_type":"article","og_title":"Calendario de eventos - Incorporar plugin de Evento Calendario al OpenCart","og_description":"Instala un module responsivo de Calendario de eventos en su sitio web de OpenCart. Pruebe la demo de Elfsight f\u00e1cil de usar y cree su plugin propio.","og_url":"https:\/\/elfsight.com\/es\/event-calendar-widget\/opencart\/","og_site_name":"Elfsight ES","article_modified_time":"2025-02-06T15:24:32+00:00","twitter_card":"summary_large_image","twitter_misc":{"Tiempo de lectura":"1 minuto"},"schema":{"@context":"https:\/\/schema.org","@graph":[{"@type":"WebPage","@id":"https:\/\/elfsight.com\/es\/event-calendar-widget\/opencart\/","url":"https:\/\/elfsight.com\/es\/event-calendar-widget\/opencart\/","name":"Calendario de eventos - Incorporar plugin de Evento Calendario al OpenCart","isPartOf":{"@id":"https:\/\/elfsight.com\/es\/#website"},"datePublished":"2022-02-11T11:04:19+00:00","dateModified":"2025-02-06T15:24:32+00:00","description":"Instala un module responsivo de Calendario de eventos en su sitio web de OpenCart. Pruebe la demo de Elfsight f\u00e1cil de usar y cree su plugin propio.","breadcrumb":{"@id":"https:\/\/elfsight.com\/es\/event-calendar-widget\/opencart\/#breadcrumb"},"inLanguage":"es","potentialAction":[{"@type":"ReadAction","target":["https:\/\/elfsight.com\/es\/event-calendar-widget\/opencart\/"]}]},{"@type":"BreadcrumbList","@id":"https:\/\/elfsight.com\/es\/event-calendar-widget\/opencart\/#breadcrumb","itemListElement":[{"@type":"ListItem","position":1,"name":"Home","item":"https:\/\/elfsight.com\/es\/"},{"@type":"ListItem","position":2,"name":"Event Calendar","item":"https:\/\/elfsight.com\/es\/event-calendar-widget\/"},{"@type":"ListItem","position":3,"name":"Event Calendar &#8211; OpenCart"}]},{"@type":"WebSite","@id":"https:\/\/elfsight.com\/es\/#website","url":"https:\/\/elfsight.com\/es\/","name":"Elfsight ES","description":"Just another Elfsight Sites site","potentialAction":[{"@type":"SearchAction","target":{"@type":"EntryPoint","urlTemplate":"https:\/\/elfsight.com\/es\/?s={search_term_string}"},"query-input":{"@type":"PropertyValueSpecification","valueRequired":true,"valueName":"search_term_string"}}],"inLanguage":"es"}]}},"meta_box":{"industry":"","seo_heading":"","heading":"","description":"","cta_heading":"","cta_description":"","application":"1574","h1":"complemento de Calendario de eventos para OpenCart","h1_caption":"Administre y comparta eventos en su sitio web con un calendario de eventos interactivo y f\u00e1cil de usar en su sitio web Opencart sin esfuerzo.","application_category":[],"applications_title":"","applications_request_title":"","applications_request_button_text":"","hero_text":"","hero_video":"","hero_video_schema_markup":"","selling_points_title":"","selling_points_caption":"","selling_points":[],"selling_points_cta_text":"","features_title":"","features":"","ed_cta_examples_text":"","ed_cta_examples_hidden":"","ed_cta_demo_text":"","ed_cta_demo_hidden":"","why_caption":"","why_editor_title":"","why_editor_text":"","why_team_title":"","why_team_text":"","why_service_title":"","why_service_text":"","template_catalog_visible":"","template_catalog_title":"","template_catalog_text":"","template_catalog_categories_visible":"","demo_title":"Crea tu extensi\u00f3n de Calendario de Eventos","demo_caption":"\u00a1Configure su Calendario de Eventos y agr\u00e9guelo a su sitio web OpenCart gratis!","default_faq_hidden":"","app_template_category":[],"platform":"88","template_public_id":"","codecanyon_url":"","codecanyon_item_id":"","codecanyon_price":"","pricing_caption":"","pricing_elfsight_apps_hide_column":"","pricing_elfsight_apps_url":"","pricing_codecanyon_price_caption":"","integration_category":[],"integration_request_title":"","integration_request_cta":"","integration_platform":"","integrations":[],"platform_category":[],"video_schema_markup":"","price":"desde $0 por mes","trial":"","benefits":[{"text":"Instalaci\u00f3n gratuita"},{"text":"Soporte Premium"},{"text":"14 d\u00edas garant\u00eda de reembolso"},{"text":"Actualizaciones regulares"}],"button_url":"#demo","button_target_blank":"0","button_nofollow":"0","attributes":[{"name":"Responsivo","content":"Si","_state":"expanded"},{"name":"Navegadores compatibles","content":"Firefox, Safari, Opera, Chrome, Edge","_state":"expanded"}],"tags":[],"tags_disable_links":"0","hide_more_platforms":"","video_object":"","demo_hide_cta":"0","demo_hide_cloud_options":"0","pricing_title":"","pricing":[{"pricing_icon":"platform","pricing_title":" Elfsight Apps","pricing_title_caption":"Soluci\u00f3n multiplataforma - valido para cualquier p\u00e1gina web","pricing_price":"desde $0 por mes","pricing_price_caption":"empezar con un plan gratuito","pricing_benefits":[{"text":"Sitios web ilimitados"},{"text":"Atenci\u00f3n al cliente gratuita y r\u00e1pida"},{"text":"Servicio de instalaci\u00f3n gratuito"},{"text":"Totalmente personalizable"}],"pricing_button_text":"Agregar al sitio web","pricing_button_url":"#demo","_state":"expanded"}],"related_apps_title":"","related_apps_hidden":"1","author":"","image":[],"title":"","job":"","social_networks":[]},"_links":{"self":[{"href":"https:\/\/elfsight.com\/es\/wp-json\/wp\/v2\/pages\/4522","targetHints":{"allow":["GET"]}}],"collection":[{"href":"https:\/\/elfsight.com\/es\/wp-json\/wp\/v2\/pages"}],"about":[{"href":"https:\/\/elfsight.com\/es\/wp-json\/wp\/v2\/types\/page"}],"author":[{"embeddable":true,"href":"https:\/\/elfsight.com\/es\/wp-json\/wp\/v2\/users\/18"}],"replies":[{"embeddable":true,"href":"https:\/\/elfsight.com\/es\/wp-json\/wp\/v2\/comments?post=4522"}],"version-history":[{"count":3,"href":"https:\/\/elfsight.com\/es\/wp-json\/wp\/v2\/pages\/4522\/revisions"}],"predecessor-version":[{"id":18245,"href":"https:\/\/elfsight.com\/es\/wp-json\/wp\/v2\/pages\/4522\/revisions\/18245"}],"up":[{"embeddable":true,"href":"https:\/\/elfsight.com\/es\/wp-json\/wp\/v2\/pages\/1575"}],"wp:attachment":[{"href":"https:\/\/elfsight.com\/es\/wp-json\/wp\/v2\/media?parent=4522"}],"curies":[{"name":"wp","href":"https:\/\/api.w.org\/{rel}","templated":true}]}}