{"id":4521,"date":"2022-02-11T11:04:30","date_gmt":"2022-02-11T11:04:30","guid":{"rendered":"https:\/\/elfsight.com\/es\/?page_id=4521"},"modified":"2025-02-06T15:24:32","modified_gmt":"2025-02-06T15:24:32","slug":"joomla","status":"publish","type":"page","link":"https:\/\/elfsight.com\/es\/age-verification-widget\/joomla\/","title":{"rendered":"Age Verification &#8211; Joomla"},"content":{"rendered":"<div class=\"application-platform-content-item-description application-platform-content-item\" id=\"description\" data-nav-section=\"description\"> <h2>Descripci\u00f3n<\/h2> <p>Este widget ser\u00e1 la herramienta m\u00e1s \u00fatil para crear una notificaci\u00f3n inmediata, que verifique la edad de un visitante del sitio web. Este widget ayudar\u00e1 a que tu contenido restringido por edad est\u00e9 disponible para los usuarios adultos y lo oculte para la categor\u00eda de menores de edad. Hay opciones para elegir la limitaci\u00f3n de edad correcta, definir el formulario de verificaci\u00f3n, introducir el widget en todas las p\u00e1ginas o solo en p\u00e1ginas espec\u00edficas, y la acci\u00f3n despu\u00e9s de la denegaci\u00f3n de acceso. El estilo tambi\u00e9n est\u00e1 bajo tu control con elementos personalizables y la opci\u00f3n de cargar tus propias im\u00e1genes.<\/p>  <div class=\"faq\" data-component=\"FAQ\"> <div class=\"faq-item\">\r\n\t\t\t\t\t<div class=\"faq-item-question\">\r\n\t\t\t\t\t\t<h3 class=\"faq-item-question-text\">\u00bfD\u00f3nde puedo integrarlo en mi sitio web?<\/h3>\r\n\r\n\t\t\t\t\t\t<div class=\"faq-item-question-icon\"><\/div>\r\n\t\t\t\t\t<\/div>\r\n\r\n\t\t\t\t\t<div class=\"faq-item-answer\">\r\n\t\t\t\t\t\t<div class=\"faq-item-answer-text\"> <p>Puedes mostrar el popup de verificaci\u00f3n de edad en todas las p\u00e1ginas o elegir las p\u00e1ginas donde mostrarlo. Adem\u00e1s, puedes excluir aquellas p\u00e1ginas donde no lo quieras.<\/p> <\/div>\r\n\t\t\t\t\t<\/div>\r\n\t\t\t\t<\/div> <div class=\"faq-item\">\r\n\t\t\t\t\t<div class=\"faq-item-question\">\r\n\t\t\t\t\t\t<h3 class=\"faq-item-question-text\">\u00bfQu\u00e9 beneficios me ofrece?<\/h3>\r\n\r\n\t\t\t\t\t\t<div class=\"faq-item-question-icon\"><\/div>\r\n\t\t\t\t\t<\/div>\r\n\r\n\t\t\t\t\t<div class=\"faq-item-answer\">\r\n\t\t\t\t\t\t<div class=\"faq-item-answer-text\"> <p>Con la ayuda de este widget, es muy sencillo y r\u00e1pido insertar un popup de verificaci\u00f3n de edad y ocultar tu material a los usuarios menores de edad. Esto ayudar\u00e1 a garantizar que tu sitio web cumpla con la legislaci\u00f3n. Adem\u00e1s, atraer\u00e1 a nuevos visitantes objetivo y posibles clientes v\u00e1lidos.<\/p> <\/div>\r\n\t\t\t\t\t<\/div>\r\n\t\t\t\t<\/div> <div class=\"faq-item\">\r\n\t\t\t\t\t<div class=\"faq-item-question\">\r\n\t\t\t\t\t\t<h3 class=\"faq-item-question-text\">\u00bfQu\u00e9 necesito para agregar la Verificaci\u00f3n de Edad en mi sitio Joomla?<\/h3>\r\n\r\n\t\t\t\t\t\t<div class=\"faq-item-question-icon\"><\/div>\r\n\t\t\t\t\t<\/div>\r\n\r\n\t\t\t\t\t<div class=\"faq-item-answer\">\r\n\t\t\t\t\t\t<div class=\"faq-item-answer-text\"> <p>Solo necesitas tres minutos para activar la notificaci\u00f3n. El proceso de integraci\u00f3n es extremadamente r\u00e1pido, gratuito y no requiere programaci\u00f3n.<\/p> <p>El widget se puede insertar a trav\u00e9s de nuestro servicio o en el mercado. Puedes comparar estas opciones y elegir la que prefieras.<\/p> <\/div>\r\n\t\t\t\t\t<\/div>\r\n\t\t\t\t<\/div> <\/div> <\/div> <div class=\"application-platform-content-item-features application-platform-content-item\" id=\"features\" data-nav-section=\"features\"> <h2>Caracter\u00edsticas<\/h2> <p>Para entender mejor la Verificaci\u00f3n de Edad, consulta la lista de funciones principales. Estas hacen que el widget sea incre\u00edblemente eficiente para tu negocio:<\/p> <ul><li>Elige uno de los tres formatos de verificaci\u00f3n: solicitud de la fecha completa de nacimiento, solo el a\u00f1o de nacimiento, o una pregunta con respuestas S\u00ed y No;<\/li><li>Configura el widget para que recuerde a los usuarios durante cualquier cantidad de tiempo;<\/li><li>2 escenarios para usuarios menores de edad: mostrar un mensaje o redirigir al usuario a otra p\u00e1gina;<\/li><li>Carga cualquier imagen para mostrar en el popup de verificaci\u00f3n;<\/li><li>Muestra detalles adicionales con enlaces debajo del bot\u00f3n de verificaci\u00f3n.<\/li><\/ul><p><a href=\"#demo\">Ver todas las caracter\u00edsticas en la demo<\/a><\/p> <\/div> <div class=\"application-platform-content-item-installation application-platform-content-item\" id=\"installation\" data-nav-section=\"installation\"> <h2>As\u00ed es como insertar el widget de Verificaci\u00f3n de Edad en tu sitio Joomla. Es incre\u00edblemente sencillo.<\/h2> <div class=\"video-container\"><iframe width=\"720\" height=\"405\" src=\"https:\/\/www.youtube.com\/embed\/Ki4cj6YEVxY\" frameborder=\"0\" allowfullscreen=\"\"><\/iframe><\/div><p> Un par de pasos simples son todo lo que necesitas hacer para insertar el widget.<\/p> <ol><li><b>Abre nuestro editor gratuito y comienza a trabajar con tu propia extensi\u00f3n.<\/b><br> Encuentra la configuraci\u00f3n seleccionada y los par\u00e1metros de la extensi\u00f3n y guarda todas las modificaciones.<\/li>  <li><b>Recibe tu c\u00f3digo individual en el cuadro de Elfsight Apps.<\/b><br> Despu\u00e9s de completar la creaci\u00f3n de tu extensi\u00f3n, copia el c\u00f3digo en el popup que aparece y gu\u00e1rdalo para su uso posterior.<\/li>  <li><b>Inicia el uso de la extensi\u00f3n en tu sitio Joomla.<\/b><br> Inserta el c\u00f3digo guardado anteriormente en tu p\u00e1gina web y aplica las modificaciones.<\/li>  <li><b>La configuraci\u00f3n se ha completado con \u00e9xito.<\/b><br> Ve a tu p\u00e1gina web para comprobar el funcionamiento de la extensi\u00f3n.<\/li><\/ol><p>\u00bfA\u00fan tienes dudas? \u00bfO has encontrado alg\u00fan problema? Simplemente env\u00eda una solicitud a nuestro equipo de soporte, resolveremos cualquier problema.<\/p> <\/div>","protected":false},"excerpt":{"rendered":"","protected":false},"author":18,"featured_media":0,"parent":373,"menu_order":0,"comment_status":"closed","ping_status":"closed","template":"templates\/template-application-platform.php","meta":{"publish_to_discourse":"","publish_post_category":"","wpdc_auto_publish_overridden":"","wpdc_topic_tags":"","wpdc_pin_topic":"","wpdc_pin_until":"","discourse_post_id":"","discourse_permalink":"","wpdc_publishing_response":"","wpdc_publishing_error":"","footnotes":""},"class_list":["post-4521","page","type-page","status-publish","hentry"],"yoast_head":"<!-- This site is optimized with the Yoast SEO plugin v25.3.1 - https:\/\/yoast.com\/wordpress\/plugins\/seo\/ -->\n<title>Verificaci\u00f3n de la Edad - Integrar extention de Comprobaci\u00f3n de la Edad al Joomla<\/title>\n<meta name=\"description\" content=\"A\u00f1ade un module atractivo de Verificaci\u00f3n de la Edad en su p\u00e1gina web de Joomla. Use la demo de Elfsight f\u00e1cil de usar y genere su extention propio.\" \/>\n<meta name=\"robots\" content=\"index, follow, max-snippet:-1, max-image-preview:large, max-video-preview:-1\" \/>\n<link rel=\"canonical\" href=\"https:\/\/elfsight.com\/es\/age-verification-widget\/joomla\/\" \/>\n<meta property=\"og:locale\" content=\"es_ES\" \/>\n<meta property=\"og:type\" content=\"article\" \/>\n<meta property=\"og:title\" content=\"Verificaci\u00f3n de la Edad - Integrar extention de Comprobaci\u00f3n de la Edad al Joomla\" \/>\n<meta property=\"og:description\" content=\"A\u00f1ade un module atractivo de Verificaci\u00f3n de la Edad en su p\u00e1gina web de Joomla. Use la demo de Elfsight f\u00e1cil de usar y genere su extention propio.\" \/>\n<meta property=\"og:url\" content=\"https:\/\/elfsight.com\/es\/age-verification-widget\/joomla\/\" \/>\n<meta property=\"og:site_name\" content=\"Elfsight ES\" \/>\n<meta property=\"article:modified_time\" content=\"2025-02-06T15:24:32+00:00\" \/>\n<meta name=\"twitter:card\" content=\"summary_large_image\" \/>\n<meta name=\"twitter:label1\" content=\"Tiempo de lectura\" \/>\n\t<meta name=\"twitter:data1\" content=\"2 minutos\" \/>\n<!-- \/ Yoast SEO plugin. -->","yoast_head_json":{"title":"Verificaci\u00f3n de la Edad - Integrar extention de Comprobaci\u00f3n de la Edad al Joomla","description":"A\u00f1ade un module atractivo de Verificaci\u00f3n de la Edad en su p\u00e1gina web de Joomla. Use la demo de Elfsight f\u00e1cil de usar y genere su extention propio.","robots":{"index":"index","follow":"follow","max-snippet":"max-snippet:-1","max-image-preview":"max-image-preview:large","max-video-preview":"max-video-preview:-1"},"canonical":"https:\/\/elfsight.com\/es\/age-verification-widget\/joomla\/","og_locale":"es_ES","og_type":"article","og_title":"Verificaci\u00f3n de la Edad - Integrar extention de Comprobaci\u00f3n de la Edad al Joomla","og_description":"A\u00f1ade un module atractivo de Verificaci\u00f3n de la Edad en su p\u00e1gina web de Joomla. Use la demo de Elfsight f\u00e1cil de usar y genere su extention propio.","og_url":"https:\/\/elfsight.com\/es\/age-verification-widget\/joomla\/","og_site_name":"Elfsight ES","article_modified_time":"2025-02-06T15:24:32+00:00","twitter_card":"summary_large_image","twitter_misc":{"Tiempo de lectura":"2 minutos"},"schema":{"@context":"https:\/\/schema.org","@graph":[{"@type":"WebPage","@id":"https:\/\/elfsight.com\/es\/age-verification-widget\/joomla\/","url":"https:\/\/elfsight.com\/es\/age-verification-widget\/joomla\/","name":"Verificaci\u00f3n de la Edad - Integrar extention de Comprobaci\u00f3n de la Edad al Joomla","isPartOf":{"@id":"https:\/\/elfsight.com\/es\/#website"},"datePublished":"2022-02-11T11:04:30+00:00","dateModified":"2025-02-06T15:24:32+00:00","description":"A\u00f1ade un module atractivo de Verificaci\u00f3n de la Edad en su p\u00e1gina web de Joomla. Use la demo de Elfsight f\u00e1cil de usar y genere su extention propio.","breadcrumb":{"@id":"https:\/\/elfsight.com\/es\/age-verification-widget\/joomla\/#breadcrumb"},"inLanguage":"es","potentialAction":[{"@type":"ReadAction","target":["https:\/\/elfsight.com\/es\/age-verification-widget\/joomla\/"]}]},{"@type":"BreadcrumbList","@id":"https:\/\/elfsight.com\/es\/age-verification-widget\/joomla\/#breadcrumb","itemListElement":[{"@type":"ListItem","position":1,"name":"Home","item":"https:\/\/elfsight.com\/es\/"},{"@type":"ListItem","position":2,"name":"Age Verification","item":"https:\/\/elfsight.com\/es\/age-verification-widget\/"},{"@type":"ListItem","position":3,"name":"Age Verification &#8211; Joomla"}]},{"@type":"WebSite","@id":"https:\/\/elfsight.com\/es\/#website","url":"https:\/\/elfsight.com\/es\/","name":"Elfsight ES","description":"Just another Elfsight Sites site","potentialAction":[{"@type":"SearchAction","target":{"@type":"EntryPoint","urlTemplate":"https:\/\/elfsight.com\/es\/?s={search_term_string}"},"query-input":{"@type":"PropertyValueSpecification","valueRequired":true,"valueName":"search_term_string"}}],"inLanguage":"es"}]}},"meta_box":{"industry":"","seo_heading":"","heading":"","description":"","cta_heading":"","cta_description":"","application":"366","h1":"extensi\u00f3n de Verificaci\u00f3n de la Edad para Joomla","h1_caption":"Aseg\u00farese de que se acceda al contenido sensible a la edad de manera responsable con una extensi\u00f3n de verificaci\u00f3n de edad simple y personalizable en su sitio web Joomla sin esfuerzo.","application_category":[],"applications_title":"","applications_request_title":"","applications_request_button_text":"","hero_text":"","hero_video":"","hero_video_schema_markup":"","selling_points_title":"","selling_points_caption":"","selling_points":[],"selling_points_cta_text":"","features_title":"","features":"","ed_cta_examples_text":"","ed_cta_examples_hidden":"","ed_cta_demo_text":"","ed_cta_demo_hidden":"","why_caption":"","why_editor_title":"","why_editor_text":"","why_team_title":"","why_team_text":"","why_service_title":"","why_service_text":"","template_catalog_visible":"","template_catalog_title":"","template_catalog_text":"","template_catalog_categories_visible":"","demo_title":"Crea tu complemento de verificaci\u00f3n de edad","demo_caption":"\u00a1Configure su verificaci\u00f3n de edad y agr\u00e9guela a su sitio web Joomla gratis!","default_faq_hidden":"","app_template_category":[],"platform":"73","template_public_id":"","codecanyon_url":"","codecanyon_item_id":"","codecanyon_price":"","pricing_caption":"","pricing_elfsight_apps_hide_column":"","pricing_elfsight_apps_url":"","pricing_codecanyon_price_caption":"","integration_category":[],"integration_request_title":"","integration_request_cta":"","integration_platform":"","integrations":[],"platform_category":[],"video_schema_markup":"","price":"desde $0 por mes","trial":"","benefits":[{"text":"Instalaci\u00f3n gratuita"},{"text":"Soporte Premium"},{"text":"14 d\u00edas garant\u00eda de reembolso"},{"text":"Actualizaciones regulares"}],"button_url":"#demo","button_target_blank":"0","button_nofollow":"0","attributes":[{"name":"Responsivo","content":"Si","_state":"expanded"},{"name":"Navegadores compatibles","content":"Firefox, Safari, Opera, Chrome, Edge","_state":"expanded"}],"tags":[],"tags_disable_links":"0","hide_more_platforms":"","video_object":"","demo_hide_cta":"0","demo_hide_cloud_options":"0","pricing_title":"","pricing":[{"pricing_icon":"platform","pricing_title":" Elfsight Apps","pricing_title_caption":"Soluci\u00f3n multiplataforma - valido para cualquier p\u00e1gina web","pricing_price":"desde $0 por mes","pricing_price_caption":"empezar con un plan gratuito","pricing_benefits":[{"text":"Sitios web ilimitados"},{"text":"Atenci\u00f3n al cliente gratuita y r\u00e1pida"},{"text":"Servicio de instalaci\u00f3n gratuito"},{"text":"Totalmente personalizable"}],"pricing_button_text":"Agregar al sitio web","pricing_button_url":"#demo","_state":"expanded"}],"related_apps_title":"","related_apps_hidden":"1","author":"","image":[],"title":"","job":"","social_networks":[]},"_links":{"self":[{"href":"https:\/\/elfsight.com\/es\/wp-json\/wp\/v2\/pages\/4521","targetHints":{"allow":["GET"]}}],"collection":[{"href":"https:\/\/elfsight.com\/es\/wp-json\/wp\/v2\/pages"}],"about":[{"href":"https:\/\/elfsight.com\/es\/wp-json\/wp\/v2\/types\/page"}],"author":[{"embeddable":true,"href":"https:\/\/elfsight.com\/es\/wp-json\/wp\/v2\/users\/18"}],"replies":[{"embeddable":true,"href":"https:\/\/elfsight.com\/es\/wp-json\/wp\/v2\/comments?post=4521"}],"version-history":[{"count":3,"href":"https:\/\/elfsight.com\/es\/wp-json\/wp\/v2\/pages\/4521\/revisions"}],"predecessor-version":[{"id":18244,"href":"https:\/\/elfsight.com\/es\/wp-json\/wp\/v2\/pages\/4521\/revisions\/18244"}],"up":[{"embeddable":true,"href":"https:\/\/elfsight.com\/es\/wp-json\/wp\/v2\/pages\/373"}],"wp:attachment":[{"href":"https:\/\/elfsight.com\/es\/wp-json\/wp\/v2\/media?parent=4521"}],"curies":[{"name":"wp","href":"https:\/\/api.w.org\/{rel}","templated":true}]}}