{"id":4517,"date":"2022-02-11T11:04:51","date_gmt":"2022-02-11T11:04:51","guid":{"rendered":"https:\/\/elfsight.com\/es\/?page_id=4517"},"modified":"2025-02-06T15:24:23","modified_gmt":"2025-02-06T15:24:23","slug":"iframe","status":"publish","type":"page","link":"https:\/\/elfsight.com\/es\/age-verification-widget\/iframe\/","title":{"rendered":"Age Verification &#8211; iFrame"},"content":{"rendered":"<div class=\"application-platform-content-item-description application-platform-content-item\" id=\"description\" data-nav-section=\"description\"><h2>Incorporar Verificaci\u00f3n de Edad en iFrame con el Widget Elfsight<\/h2><p>El widget de Verificaci\u00f3n de Edad de Elfsight es la forma m\u00e1s f\u00e1cil de configurar una ventana emergente que pregunte por la edad de un visitante de tu p\u00e1gina web. El widget ayudar\u00e1 a hacer accesible el contenido sensible para mayores de edad y ocultarlo a los menores. Puedes establecer el l\u00edmite de edad, definir el formato de verificaci\u00f3n, mostrar la ventana emergente en todas o solo en algunas p\u00e1ginas, y seleccionar el escenario. La apariencia se puede personalizar f\u00e1cilmente con elementos pintables y la opci\u00f3n de agregar im\u00e1genes personalizadas.<\/p> <p><b>La forma m\u00e1s f\u00e1cil de mostrar la ventana de verificaci\u00f3n de edad en tu sitio<\/b><\/p><\/div><div class=\"application-platform-content-item-features application-platform-content-item\" id=\"features\" data-nav-section=\"features\"><h2>Caracter\u00edsticas principales del widget de Verificaci\u00f3n de Edad<\/h2><p>Mira la lista de las caracter\u00edsticas m\u00e1s destacadas del widget. Las hacen realmente impresionantes:<\/p> <ul><li>Elige uno de tres m\u00e9todos de verificaci\u00f3n: pedir la fecha completa de nacimiento, solo el a\u00f1o de nacimiento, o una pregunta con opciones de S\u00ed o No;<\/li><li>La opci\u00f3n de recordar a los visitantes por un periodo de tiempo;<\/li><li>Dos posibles escenarios para los usuarios que no cumplen con la edad requerida: mostrar un texto o redirigir al usuario a otra p\u00e1gina o sitio;<\/li><li>Sube cualquier imagen para mostrar en la ventana emergente de verificaci\u00f3n;<\/li><li>Proporciona informaci\u00f3n adicional con enlaces debajo del bot\u00f3n de verificaci\u00f3n.<\/li><\/ul><p><a href=\"#demo\">Consulta todas las opciones en la demo en vivo<\/a><\/p><\/div><div class=\"application-platform-content-item-installation application-platform-content-item\" id=\"installation\" data-nav-section=\"installation\"><h2>\u00bfC\u00f3mo agregar la Verificaci\u00f3n de Edad a un sitio web en iFrame?<\/h2><p>Activa el widget simplemente siguiendo los pasos a continuaci\u00f3n.<\/p> <ol><li><b>Crea tu plugin de Edad personalizado<\/b><br> Con la ayuda de nuestra demo gratuita, crea un plugin con la composici\u00f3n y caracter\u00edsticas funcionales que prefieras.<\/li><li><b>Obt\u00e9n el c\u00f3digo personal para insertar el plugin<\/b><br> Despu\u00e9s de haber creado tu widget, obtendr\u00e1s el c\u00f3digo \u00fanico en la notificaci\u00f3n que aparece en Elfsight Apps. Copia el c\u00f3digo.<\/li> <li><b>Inserta el plugin en tu sitio web iFrame<\/b><br> Define el lugar en el que deseas mostrar el plugin e inserta all\u00ed el c\u00f3digo copiado. Aplica los resultados.<\/li> <li><b>\u00a1Listo!<\/b><br> Ve a tu p\u00e1gina para ver la verificaci\u00f3n en acci\u00f3n.<\/li><\/ol><p>Si enfrentas alg\u00fan problema, nuestro equipo de soporte estar\u00e1 listo para encontrar una soluci\u00f3n personalizada. \u00a1No dudes en contactarnos!<\/p> <div class=\"faq\" data-component=\"FAQ\"> <div class=\"faq-item\">\r\n\t\t\t\t\t<div class=\"faq-item-question\">\r\n\t\t\t\t\t\t<h3 class=\"faq-item-question-text\">\u00bfC\u00f3mo puedo agregar Verificaci\u00f3n de Edad a mi sitio web en iFrame sin habilidades de programaci\u00f3n?<\/h3>\r\n\r\n\t\t\t\t\t\t<div class=\"faq-item-question-icon\"><\/div>\r\n\t\t\t\t\t<\/div>\r\n\r\n\t\t\t\t\t<div class=\"faq-item-answer\">\r\n\t\t\t\t\t\t<div class=\"faq-item-answer-text\"> <p>Elfsight proporciona una soluci\u00f3n SaaS que te permite crear un widget de Verificaci\u00f3n de Edad por ti mismo, ve lo f\u00e1cil que es el proceso: Trabaja directamente en el Editor en l\u00ednea para crear el widget de Verificaci\u00f3n de Edad que deseas ver en tu sitio web iFrame. Elige una de las plantillas predefinidas y ajusta la configuraci\u00f3n de la Verificaci\u00f3n de Edad, agrega tu contenido, cambia el dise\u00f1o y los colores sin habilidades de programaci\u00f3n. Guarda la Verificaci\u00f3n de Edad y copia su c\u00f3digo de instalaci\u00f3n, que puedes insertar f\u00e1cilmente en tu sitio web iFrame sin necesidad de comprar un plan de pago. Con nuestro editor intuitivo, cualquier usuario de internet puede crear un widget de Verificaci\u00f3n de Edad en l\u00ednea y agregarlo f\u00e1cilmente a su sitio iFrame. No es necesario pagar ni ingresar los datos de tu tarjeta para acceder al servicio. Si tienes alg\u00fan problema en cualquier paso, no dudes en contactar a nuestro equipo de soporte t\u00e9cnico.<\/p> <\/div>\r\n\t\t\t\t\t<\/div>\r\n\t\t\t\t<\/div> <\/div> <\/div>","protected":false},"excerpt":{"rendered":"","protected":false},"author":18,"featured_media":0,"parent":373,"menu_order":0,"comment_status":"closed","ping_status":"closed","template":"templates\/template-application-platform.php","meta":{"publish_to_discourse":"","publish_post_category":"","wpdc_auto_publish_overridden":"","wpdc_topic_tags":"","wpdc_pin_topic":"","wpdc_pin_until":"","discourse_post_id":"","discourse_permalink":"","wpdc_publishing_response":"","wpdc_publishing_error":"","footnotes":""},"class_list":["post-4517","page","type-page","status-publish","hentry"],"yoast_head":"<!-- This site is optimized with the Yoast SEO plugin v25.3.1 - https:\/\/yoast.com\/wordpress\/plugins\/seo\/ -->\n<title>Verificaci\u00f3n de la Edad - Insertar widget de Comprobaci\u00f3n de la Edad al iFrame<\/title>\n<meta name=\"description\" content=\"Instala un widget interactivo de Verificaci\u00f3n de la Edad en su p\u00e1gina web de iFrame. Aplique la demo de Elfsight f\u00e1cil de usar y cree su widget propio.\" \/>\n<meta name=\"robots\" content=\"index, follow, max-snippet:-1, max-image-preview:large, max-video-preview:-1\" \/>\n<link rel=\"canonical\" href=\"https:\/\/elfsight.com\/es\/age-verification-widget\/iframe\/\" \/>\n<meta property=\"og:locale\" content=\"es_ES\" \/>\n<meta property=\"og:type\" content=\"article\" \/>\n<meta property=\"og:title\" content=\"Verificaci\u00f3n de la Edad - Insertar widget de Comprobaci\u00f3n de la Edad al iFrame\" \/>\n<meta property=\"og:description\" content=\"Instala un widget interactivo de Verificaci\u00f3n de la Edad en su p\u00e1gina web de iFrame. Aplique la demo de Elfsight f\u00e1cil de usar y cree su widget propio.\" \/>\n<meta property=\"og:url\" content=\"https:\/\/elfsight.com\/es\/age-verification-widget\/iframe\/\" \/>\n<meta property=\"og:site_name\" content=\"Elfsight ES\" \/>\n<meta property=\"article:modified_time\" content=\"2025-02-06T15:24:23+00:00\" \/>\n<meta name=\"twitter:card\" content=\"summary_large_image\" \/>\n<meta name=\"twitter:label1\" content=\"Tiempo de lectura\" \/>\n\t<meta name=\"twitter:data1\" content=\"2 minutos\" \/>\n<!-- \/ Yoast SEO plugin. -->","yoast_head_json":{"title":"Verificaci\u00f3n de la Edad - Insertar widget de Comprobaci\u00f3n de la Edad al iFrame","description":"Instala un widget interactivo de Verificaci\u00f3n de la Edad en su p\u00e1gina web de iFrame. Aplique la demo de Elfsight f\u00e1cil de usar y cree su widget propio.","robots":{"index":"index","follow":"follow","max-snippet":"max-snippet:-1","max-image-preview":"max-image-preview:large","max-video-preview":"max-video-preview:-1"},"canonical":"https:\/\/elfsight.com\/es\/age-verification-widget\/iframe\/","og_locale":"es_ES","og_type":"article","og_title":"Verificaci\u00f3n de la Edad - Insertar widget de Comprobaci\u00f3n de la Edad al iFrame","og_description":"Instala un widget interactivo de Verificaci\u00f3n de la Edad en su p\u00e1gina web de iFrame. Aplique la demo de Elfsight f\u00e1cil de usar y cree su widget propio.","og_url":"https:\/\/elfsight.com\/es\/age-verification-widget\/iframe\/","og_site_name":"Elfsight ES","article_modified_time":"2025-02-06T15:24:23+00:00","twitter_card":"summary_large_image","twitter_misc":{"Tiempo de lectura":"2 minutos"},"schema":{"@context":"https:\/\/schema.org","@graph":[{"@type":"WebPage","@id":"https:\/\/elfsight.com\/es\/age-verification-widget\/iframe\/","url":"https:\/\/elfsight.com\/es\/age-verification-widget\/iframe\/","name":"Verificaci\u00f3n de la Edad - Insertar widget de Comprobaci\u00f3n de la Edad al iFrame","isPartOf":{"@id":"https:\/\/elfsight.com\/es\/#website"},"datePublished":"2022-02-11T11:04:51+00:00","dateModified":"2025-02-06T15:24:23+00:00","description":"Instala un widget interactivo de Verificaci\u00f3n de la Edad en su p\u00e1gina web de iFrame. Aplique la demo de Elfsight f\u00e1cil de usar y cree su widget propio.","breadcrumb":{"@id":"https:\/\/elfsight.com\/es\/age-verification-widget\/iframe\/#breadcrumb"},"inLanguage":"es","potentialAction":[{"@type":"ReadAction","target":["https:\/\/elfsight.com\/es\/age-verification-widget\/iframe\/"]}]},{"@type":"BreadcrumbList","@id":"https:\/\/elfsight.com\/es\/age-verification-widget\/iframe\/#breadcrumb","itemListElement":[{"@type":"ListItem","position":1,"name":"Home","item":"https:\/\/elfsight.com\/es\/"},{"@type":"ListItem","position":2,"name":"Age Verification","item":"https:\/\/elfsight.com\/es\/age-verification-widget\/"},{"@type":"ListItem","position":3,"name":"Age Verification &#8211; iFrame"}]},{"@type":"WebSite","@id":"https:\/\/elfsight.com\/es\/#website","url":"https:\/\/elfsight.com\/es\/","name":"Elfsight ES","description":"Just another Elfsight Sites site","potentialAction":[{"@type":"SearchAction","target":{"@type":"EntryPoint","urlTemplate":"https:\/\/elfsight.com\/es\/?s={search_term_string}"},"query-input":{"@type":"PropertyValueSpecification","valueRequired":true,"valueName":"search_term_string"}}],"inLanguage":"es"}]}},"meta_box":{"industry":"","seo_heading":"","heading":"","description":"","cta_heading":"","cta_description":"","application":"366","h1":"widget de Verificaci\u00f3n de la Edad para iFrame","h1_caption":"Aseg\u00farese de que se acceda al contenido sensible a la edad de manera responsable con un widget de verificaci\u00f3n de edad simple y personalizable en su sitio web iFrame sin esfuerzo.","application_category":[],"applications_title":"","applications_request_title":"","applications_request_button_text":"","hero_text":"","hero_video":"","hero_video_schema_markup":"","selling_points_title":"","selling_points_caption":"","selling_points":[],"selling_points_cta_text":"","features_title":"","features":"","ed_cta_examples_text":"","ed_cta_examples_hidden":"","ed_cta_demo_text":"","ed_cta_demo_hidden":"","why_caption":"","why_editor_title":"","why_editor_text":"","why_team_title":"","why_team_text":"","why_service_title":"","why_service_text":"","template_catalog_visible":"","template_catalog_title":"","template_catalog_text":"","template_catalog_categories_visible":"","demo_title":"Crea tu widget de verificaci\u00f3n de edad","demo_caption":"\u00a1Configure su verificaci\u00f3n de edad y agr\u00e9guela a su sitio web iFrame de forma gratuita!","default_faq_hidden":"","app_template_category":[],"platform":"2192","template_public_id":"","codecanyon_url":"","codecanyon_item_id":"","codecanyon_price":"","pricing_caption":"","pricing_elfsight_apps_hide_column":"","pricing_elfsight_apps_url":"","pricing_codecanyon_price_caption":"","integration_category":[],"integration_request_title":"","integration_request_cta":"","integration_platform":"","integrations":[],"platform_category":[],"video_schema_markup":"","price":"desde $0 por mes","trial":"","benefits":[{"text":"Instalaci\u00f3n gratuita"},{"text":"Soporte Premium"},{"text":"14 d\u00edas garant\u00eda de reembolso"},{"text":"Actualizaciones regulares"}],"button_url":"#demo","button_target_blank":"0","button_nofollow":"0","attributes":[{"name":"Responsivo","content":"Si","_state":"expanded"},{"name":"Navegadores compatibles","content":"Firefox, Safari, Opera, Chrome, Edge","_state":"expanded"}],"tags":[],"tags_disable_links":"0","hide_more_platforms":"","video_object":"","demo_hide_cta":"0","demo_hide_cloud_options":"0","pricing_title":"","pricing":[{"pricing_icon":"platform","pricing_title":" Elfsight Apps","pricing_title_caption":"Soluci\u00f3n multiplataforma - valido para cualquier p\u00e1gina web","pricing_price":"desde $0 por mes","pricing_price_caption":"empezar con un plan gratuito","pricing_benefits":[{"text":"Sitios web ilimitados"},{"text":"Atenci\u00f3n al cliente gratuita y r\u00e1pida"},{"text":"Servicio de instalaci\u00f3n gratuito"},{"text":"Totalmente personalizable"}],"pricing_button_text":"Agregar al sitio web","pricing_button_url":"#demo","_state":"expanded"}],"related_apps_title":"","related_apps_hidden":"1","author":"","image":[],"title":"","job":"","social_networks":[]},"_links":{"self":[{"href":"https:\/\/elfsight.com\/es\/wp-json\/wp\/v2\/pages\/4517","targetHints":{"allow":["GET"]}}],"collection":[{"href":"https:\/\/elfsight.com\/es\/wp-json\/wp\/v2\/pages"}],"about":[{"href":"https:\/\/elfsight.com\/es\/wp-json\/wp\/v2\/types\/page"}],"author":[{"embeddable":true,"href":"https:\/\/elfsight.com\/es\/wp-json\/wp\/v2\/users\/18"}],"replies":[{"embeddable":true,"href":"https:\/\/elfsight.com\/es\/wp-json\/wp\/v2\/comments?post=4517"}],"version-history":[{"count":3,"href":"https:\/\/elfsight.com\/es\/wp-json\/wp\/v2\/pages\/4517\/revisions"}],"predecessor-version":[{"id":18242,"href":"https:\/\/elfsight.com\/es\/wp-json\/wp\/v2\/pages\/4517\/revisions\/18242"}],"up":[{"embeddable":true,"href":"https:\/\/elfsight.com\/es\/wp-json\/wp\/v2\/pages\/373"}],"wp:attachment":[{"href":"https:\/\/elfsight.com\/es\/wp-json\/wp\/v2\/media?parent=4517"}],"curies":[{"name":"wp","href":"https:\/\/api.w.org\/{rel}","templated":true}]}}