{"id":4514,"date":"2022-02-11T11:04:59","date_gmt":"2022-02-11T11:04:59","guid":{"rendered":"https:\/\/elfsight.com\/es\/?page_id=4514"},"modified":"2025-02-06T15:24:23","modified_gmt":"2025-02-06T15:24:23","slug":"magento","status":"publish","type":"page","link":"https:\/\/elfsight.com\/es\/event-calendar-widget\/magento\/","title":{"rendered":"Event Calendar &#8211; Magento"},"content":{"rendered":"<div class=\"application-platform-content-item-description application-platform-content-item\" id=\"description\" data-nav-section=\"description\"> <h2>Incorporar Calendario de Eventos con el Widget Elfsight<\/h2> <p>El Calendario Elfsight es una extensi\u00f3n poderosa que te permite compartir r\u00e1pidamente tus actividades con tu audiencia. Incluye muchas opciones para mostrar las actividades futuras de la manera m\u00e1s destacada. Personal\u00edzalo para que el dise\u00f1o se mezcle con el estilo de tu sitio web. Forma m\u00faltiples eventos, agrega diferentes etiquetas, sube tus propias im\u00e1genes y videos, y mant\u00e9n a tu audiencia informada sobre tus planes. <\/p> <p><b>Nuestra extensi\u00f3n Calendario de Eventos puede ayudarte a mostrar c\u00f3modamente tus actividades futuras y mejorar la tasa de participaci\u00f3n en tu sitio.<\/b><\/p> <\/div> <div class=\"application-platform-content-item-features application-platform-content-item\" id=\"features\" data-nav-section=\"features\"> <h2>Principales caracter\u00edsticas del Widget de Calendario de Eventos<\/h2> <p>Aqu\u00ed puedes ver todas las funciones del Calendario de Eventos de Magento. Puedes gestionarlas directamente en el editor y te ayudar\u00e1n a crear el widget adecuado para tu caso de uso. <\/p> <ul> <li>Usa oportunidades de contenido adaptables para abarcar el widget a tu tipo de actividades. <\/li> <li>Deja que los usuarios agreguen eventos a sus aplicaciones favoritas. <\/li> <li>Construye diferentes tipos de eventos, marca ubicaciones y agrega anfitriones. <\/li> <li>Categoriza todos tus eventos y as\u00edgnales etiquetas. <\/li> <li>Distingue entre cuatro variantes de dise\u00f1o. <\/li> <\/ul> <p><a href=\"#demo\">Prueba todas las dem\u00e1s funciones en la demo<\/a><\/p> <\/div> <div class=\"application-platform-content-item-installation application-platform-content-item\" id=\"installation\" data-nav-section=\"installation\"> <h2>\u00bfC\u00f3mo agregar el Calendario de Eventos a mi sitio web de Magento?<\/h2> <p>Para activar el plugin, simplemente sigue las instrucciones a continuaci\u00f3n.<\/p> <ol><li><b>Utiliza nuestro configurador gratuito y comienza a crear tu extensi\u00f3n personalizada.<\/b><br> Especifica el formulario personalizado y las opciones de la extensi\u00f3n y guarda todos los cambios. <\/li>  <li><b>Obt\u00e9n el c\u00f3digo individual mostrado en la ventana de Elfsight Apps.<\/b><br> Cuando hayas terminado la personalizaci\u00f3n de tu extensi\u00f3n, copia el c\u00f3digo individual que aparece en el cuadro y gu\u00e1rdalo para su uso futuro. <\/li>  <li><b>Inicia el uso de la extensi\u00f3n en tu sitio web de Magento.<\/b><br> Inserta el c\u00f3digo copiado recientemente en tu sitio web y guarda los cambios. <\/li>  <li><b>La instalaci\u00f3n est\u00e1 completamente realizada.<\/b><br> Ve a tu sitio para verificar c\u00f3mo funciona la extensi\u00f3n.<\/li><\/ol><p>Si necesitas ayuda o tienes alg\u00fan problema, no dudes en contactar a nuestro servicio de soporte. Nuestros especialistas estar\u00e1n encantados de ayudarte con cualquier solicitud.<\/p> <\/div><div class=\"faq\" data-component=\"FAQ\"><div class=\"faq-item\">\r\n\t\t\t\t\t<div class=\"faq-item-question\">\r\n\t\t\t\t\t\t<h3 class=\"faq-item-question-text\">\u00bfHay alguna forma de agregar el Calendario de Eventos a mi p\u00e1gina web de Magento sin conocimientos de programaci\u00f3n?<\/h3>\r\n\r\n\t\t\t\t\t\t<div class=\"faq-item-question-icon\"><\/div>\r\n\t\t\t\t\t<\/div>\r\n\r\n\t\t\t\t\t<div class=\"faq-item-answer\">\r\n\t\t\t\t\t\t<div class=\"faq-item-answer-text\"><p>La empresa Elfsight ofrece una soluci\u00f3n en la nube que permite a los usuarios crear una secci\u00f3n de Calendario de Eventos por s\u00ed mismos, sigue los sencillos pasos:<\/p><ul><li>Comienza a trabajar directamente en la demo en l\u00ednea para crear la secci\u00f3n de Calendario de Eventos que deseas integrar en tu Magento.<\/li><li>Elige una de nuestras plantillas predefinidas y ajusta la configuraci\u00f3n del Calendario de Eventos, cambia el dise\u00f1o y los colores, agrega tu contenido sin conocimientos de programaci\u00f3n.<\/li><li>Haz clic para guardar el Calendario de Eventos y obtener el c\u00f3digo de instalaci\u00f3n, que puedes integrar f\u00e1cilmente en tu p\u00e1gina web de Magento de forma gratuita.<\/li><\/ul><p>Con nuestro editor intuitivo, cualquier usuario de Internet puede crear un plugin de Calendario de Eventos en l\u00ednea y agregarlo a su sitio de Magento. No necesitas pagar ni ingresar los datos de tu tarjeta para acceder al servicio de Elfsight. Si tienes alg\u00fan problema en cualquier paso, no dudes en contactar con nuestro soporte t\u00e9cnico.<\/p><\/div>\r\n\t\t\t\t\t<\/div>\r\n\t\t\t\t<\/div><\/div>","protected":false},"excerpt":{"rendered":"","protected":false},"author":18,"featured_media":0,"parent":1575,"menu_order":0,"comment_status":"closed","ping_status":"closed","template":"templates\/template-application-platform.php","meta":{"publish_to_discourse":"","publish_post_category":"","wpdc_auto_publish_overridden":"","wpdc_topic_tags":"","wpdc_pin_topic":"","wpdc_pin_until":"","discourse_post_id":"","discourse_permalink":"","wpdc_publishing_response":"","wpdc_publishing_error":"","footnotes":""},"class_list":["post-4514","page","type-page","status-publish","hentry"],"yoast_head":"<!-- This site is optimized with the Yoast SEO plugin v25.3.1 - https:\/\/yoast.com\/wordpress\/plugins\/seo\/ -->\n<title>Calendario de eventos - Embeber plugin de Evento Calendario al Magento<\/title>\n<meta name=\"description\" content=\"Incrusta un extention responsivo de Calendario de eventos en su sitio web de Magento. Use la demo de Elfsight intuitiva y construe su plugin propio.\" \/>\n<meta name=\"robots\" content=\"index, follow, max-snippet:-1, max-image-preview:large, max-video-preview:-1\" \/>\n<link rel=\"canonical\" href=\"https:\/\/elfsight.com\/es\/event-calendar-widget\/magento\/\" \/>\n<meta property=\"og:locale\" content=\"es_ES\" \/>\n<meta property=\"og:type\" content=\"article\" \/>\n<meta property=\"og:title\" content=\"Calendario de eventos - Embeber plugin de Evento Calendario al Magento\" \/>\n<meta property=\"og:description\" content=\"Incrusta un extention responsivo de Calendario de eventos en su sitio web de Magento. Use la demo de Elfsight intuitiva y construe su plugin propio.\" \/>\n<meta property=\"og:url\" content=\"https:\/\/elfsight.com\/es\/event-calendar-widget\/magento\/\" \/>\n<meta property=\"og:site_name\" content=\"Elfsight ES\" \/>\n<meta property=\"article:modified_time\" content=\"2025-02-06T15:24:23+00:00\" \/>\n<meta name=\"twitter:card\" content=\"summary_large_image\" \/>\n<meta name=\"twitter:label1\" content=\"Tiempo de lectura\" \/>\n\t<meta name=\"twitter:data1\" content=\"1 minuto\" \/>\n<!-- \/ Yoast SEO plugin. -->","yoast_head_json":{"title":"Calendario de eventos - Embeber plugin de Evento Calendario al Magento","description":"Incrusta un extention responsivo de Calendario de eventos en su sitio web de Magento. Use la demo de Elfsight intuitiva y construe su plugin propio.","robots":{"index":"index","follow":"follow","max-snippet":"max-snippet:-1","max-image-preview":"max-image-preview:large","max-video-preview":"max-video-preview:-1"},"canonical":"https:\/\/elfsight.com\/es\/event-calendar-widget\/magento\/","og_locale":"es_ES","og_type":"article","og_title":"Calendario de eventos - Embeber plugin de Evento Calendario al Magento","og_description":"Incrusta un extention responsivo de Calendario de eventos en su sitio web de Magento. Use la demo de Elfsight intuitiva y construe su plugin propio.","og_url":"https:\/\/elfsight.com\/es\/event-calendar-widget\/magento\/","og_site_name":"Elfsight ES","article_modified_time":"2025-02-06T15:24:23+00:00","twitter_card":"summary_large_image","twitter_misc":{"Tiempo de lectura":"1 minuto"},"schema":{"@context":"https:\/\/schema.org","@graph":[{"@type":"WebPage","@id":"https:\/\/elfsight.com\/es\/event-calendar-widget\/magento\/","url":"https:\/\/elfsight.com\/es\/event-calendar-widget\/magento\/","name":"Calendario de eventos - Embeber plugin de Evento Calendario al Magento","isPartOf":{"@id":"https:\/\/elfsight.com\/es\/#website"},"datePublished":"2022-02-11T11:04:59+00:00","dateModified":"2025-02-06T15:24:23+00:00","description":"Incrusta un extention responsivo de Calendario de eventos en su sitio web de Magento. Use la demo de Elfsight intuitiva y construe su plugin propio.","breadcrumb":{"@id":"https:\/\/elfsight.com\/es\/event-calendar-widget\/magento\/#breadcrumb"},"inLanguage":"es","potentialAction":[{"@type":"ReadAction","target":["https:\/\/elfsight.com\/es\/event-calendar-widget\/magento\/"]}]},{"@type":"BreadcrumbList","@id":"https:\/\/elfsight.com\/es\/event-calendar-widget\/magento\/#breadcrumb","itemListElement":[{"@type":"ListItem","position":1,"name":"Home","item":"https:\/\/elfsight.com\/es\/"},{"@type":"ListItem","position":2,"name":"Event Calendar","item":"https:\/\/elfsight.com\/es\/event-calendar-widget\/"},{"@type":"ListItem","position":3,"name":"Event Calendar &#8211; Magento"}]},{"@type":"WebSite","@id":"https:\/\/elfsight.com\/es\/#website","url":"https:\/\/elfsight.com\/es\/","name":"Elfsight ES","description":"Just another Elfsight Sites site","potentialAction":[{"@type":"SearchAction","target":{"@type":"EntryPoint","urlTemplate":"https:\/\/elfsight.com\/es\/?s={search_term_string}"},"query-input":{"@type":"PropertyValueSpecification","valueRequired":true,"valueName":"search_term_string"}}],"inLanguage":"es"}]}},"meta_box":{"industry":"","seo_heading":"","heading":"","description":"","cta_heading":"","cta_description":"","application":"1574","h1":"complemento de Calendario de eventos para Magento","h1_caption":"Administre y comparta eventos en su sitio web con un calendario de eventos interactivo y f\u00e1cil de usar en su sitio web Magento sin esfuerzo.","application_category":[],"applications_title":"","applications_request_title":"","applications_request_button_text":"","hero_text":"","hero_video":"","hero_video_schema_markup":"","selling_points_title":"","selling_points_caption":"","selling_points":[],"selling_points_cta_text":"","features_title":"","features":"","ed_cta_examples_text":"","ed_cta_examples_hidden":"","ed_cta_demo_text":"","ed_cta_demo_hidden":"","why_caption":"","why_editor_title":"","why_editor_text":"","why_team_title":"","why_team_text":"","why_service_title":"","why_service_text":"","template_catalog_visible":"","template_catalog_title":"","template_catalog_text":"","template_catalog_categories_visible":"","demo_title":"Crea tu extensi\u00f3n de Calendario de Eventos","demo_caption":"\u00a1Configura tu Calendario de Eventos y agr\u00e9galo a tu sitio web Magento gratis!","default_faq_hidden":"","app_template_category":[],"platform":"82","template_public_id":"","codecanyon_url":"","codecanyon_item_id":"","codecanyon_price":"","pricing_caption":"","pricing_elfsight_apps_hide_column":"","pricing_elfsight_apps_url":"","pricing_codecanyon_price_caption":"","integration_category":[],"integration_request_title":"","integration_request_cta":"","integration_platform":"","integrations":[],"platform_category":[],"video_schema_markup":"","price":"desde $0 por mes","trial":"","benefits":[{"text":"Instalaci\u00f3n gratuita"},{"text":"Soporte Premium"},{"text":"14 d\u00edas garant\u00eda de reembolso"},{"text":"Actualizaciones regulares"}],"button_url":"#demo","button_target_blank":"0","button_nofollow":"0","attributes":[{"name":"Responsivo","content":"Si","_state":"expanded"},{"name":"Navegadores compatibles","content":"Firefox, Safari, Opera, Chrome, Edge","_state":"expanded"}],"tags":[],"tags_disable_links":"0","hide_more_platforms":"","video_object":"","demo_hide_cta":"0","demo_hide_cloud_options":"0","pricing_title":"","pricing":[{"pricing_icon":"platform","pricing_title":" Elfsight Apps","pricing_title_caption":"Soluci\u00f3n multiplataforma - valido para cualquier p\u00e1gina web","pricing_price":"desde $0 por mes","pricing_price_caption":"empezar con un plan gratuito","pricing_benefits":[{"text":"Sitios web ilimitados"},{"text":"Atenci\u00f3n al cliente gratuita y r\u00e1pida"},{"text":"Servicio de instalaci\u00f3n gratuito"},{"text":"Totalmente personalizable"}],"pricing_button_text":"Agregar al sitio web","pricing_button_url":"#demo","_state":"expanded"}],"related_apps_title":"","related_apps_hidden":"1","author":"","image":[],"title":"","job":"","social_networks":[]},"_links":{"self":[{"href":"https:\/\/elfsight.com\/es\/wp-json\/wp\/v2\/pages\/4514","targetHints":{"allow":["GET"]}}],"collection":[{"href":"https:\/\/elfsight.com\/es\/wp-json\/wp\/v2\/pages"}],"about":[{"href":"https:\/\/elfsight.com\/es\/wp-json\/wp\/v2\/types\/page"}],"author":[{"embeddable":true,"href":"https:\/\/elfsight.com\/es\/wp-json\/wp\/v2\/users\/18"}],"replies":[{"embeddable":true,"href":"https:\/\/elfsight.com\/es\/wp-json\/wp\/v2\/comments?post=4514"}],"version-history":[{"count":3,"href":"https:\/\/elfsight.com\/es\/wp-json\/wp\/v2\/pages\/4514\/revisions"}],"predecessor-version":[{"id":18241,"href":"https:\/\/elfsight.com\/es\/wp-json\/wp\/v2\/pages\/4514\/revisions\/18241"}],"up":[{"embeddable":true,"href":"https:\/\/elfsight.com\/es\/wp-json\/wp\/v2\/pages\/1575"}],"wp:attachment":[{"href":"https:\/\/elfsight.com\/es\/wp-json\/wp\/v2\/media?parent=4514"}],"curies":[{"name":"wp","href":"https:\/\/api.w.org\/{rel}","templated":true}]}}