{"id":4513,"date":"2022-02-11T11:09:21","date_gmt":"2022-02-11T11:09:21","guid":{"rendered":"https:\/\/elfsight.com\/es\/?page_id=4513"},"modified":"2025-02-06T15:23:51","modified_gmt":"2025-02-06T15:23:51","slug":"html","status":"publish","type":"page","link":"https:\/\/elfsight.com\/es\/age-verification-widget\/html\/","title":{"rendered":"Age Verification &#8211; HTML"},"content":{"rendered":"<div class=\"application-platform-content-item-description application-platform-content-item\" id=\"description\" data-nav-section=\"description\"> <h2>Descripci\u00f3n<\/h2> <p>El widget de Elfsight ser\u00e1 la herramienta m\u00e1s r\u00e1pida para configurar una notificaci\u00f3n de carga de p\u00e1gina que verifique la edad de un usuario. Nuestro widget ayuda a hacer que el contenido con restricci\u00f3n de edad sea accesible para adultos y bloquea el acceso a los menores de edad. Existen opciones para especificar un l\u00edmite de edad adecuado, definir el formato de verificaci\u00f3n, insertar el widget en todas o solo algunas p\u00e1ginas, y la acci\u00f3n que se tomar\u00e1 tras denegar el acceso. La apariencia es f\u00e1cilmente personalizable con detalles pintables y la opci\u00f3n de agregar im\u00e1genes personalizadas. <\/p> <div class=\"faq\" data-component=\"FAQ\"> <div class=\"faq-item\">\r\n\t\t\t\t\t<div class=\"faq-item-question\">\r\n\t\t\t\t\t\t<h3 class=\"faq-item-question-text\">\u00bfD\u00f3nde puedo instalar el widget?<\/h3>\r\n\r\n\t\t\t\t\t\t<div class=\"faq-item-question-icon\"><\/div>\r\n\t\t\t\t\t<\/div>\r\n\r\n\t\t\t\t\t<div class=\"faq-item-answer\">\r\n\t\t\t\t\t\t<div class=\"faq-item-answer-text\"> <p>Puedes elegir mostrar la ventana de verificaci\u00f3n en todo el sitio web o asignar p\u00e1ginas espec\u00edficas donde integrarlo. Adem\u00e1s, existe la opci\u00f3n de especificar las p\u00e1ginas donde no deseas que aparezca. <\/p> <\/div>\r\n\t\t\t\t\t<\/div>\r\n\t\t\t\t<\/div> <div class=\"faq-item\">\r\n\t\t\t\t\t<div class=\"faq-item-question\">\r\n\t\t\t\t\t\t<h3 class=\"faq-item-question-text\">\u00bfC\u00f3mo me beneficiar\u00e1? <\/h3>\r\n\r\n\t\t\t\t\t\t<div class=\"faq-item-question-icon\"><\/div>\r\n\t\t\t\t\t<\/div>\r\n\r\n\t\t\t\t\t<div class=\"faq-item-answer\">\r\n\t\t\t\t\t\t<div class=\"faq-item-answer-text\"> <p>Con la ayuda del widget de Elfsight, es muy f\u00e1cil y r\u00e1pido insertar una ventana emergente de verificaci\u00f3n de edad y ocultar tu contenido de los visitantes menores de edad. De esta manera, te asegurar\u00e1s de que tu sitio web cumpla con los requisitos legales. Adem\u00e1s, atraer\u00e1 m\u00e1s visitantes objetivo y clientes v\u00e1lidos. <\/p> <\/div>\r\n\t\t\t\t\t<\/div>\r\n\t\t\t\t<\/div> <div class=\"faq-item\">\r\n\t\t\t\t\t<div class=\"faq-item-question\">\r\n\t\t\t\t\t\t<h3 class=\"faq-item-question-text\">\u00bfQu\u00e9 necesito para agregar la verificaci\u00f3n de edad a HTML? <\/h3>\r\n\r\n\t\t\t\t\t\t<div class=\"faq-item-question-icon\"><\/div>\r\n\t\t\t\t\t<\/div>\r\n\r\n\t\t\t\t\t<div class=\"faq-item-answer\">\r\n\t\t\t\t\t\t<div class=\"faq-item-answer-text\"> <p>Solo te tomar\u00e1 un minuto configurar la notificaci\u00f3n. El proceso de integraci\u00f3n es extremadamente r\u00e1pido, gratuito y sin necesidad de programaci\u00f3n. <\/p> <p>Puedes configurar el widget en tu sitio a trav\u00e9s de nuestro servicio. Para hacerlo, sigue la gu\u00eda a continuaci\u00f3n en esta p\u00e1gina. <\/p> <\/div>\r\n\t\t\t\t\t<\/div>\r\n\t\t\t\t<\/div> <\/div> <\/div> <div class=\"application-platform-content-item-features application-platform-content-item\" id=\"features\" data-nav-section=\"features\"> <h2>Caracter\u00edsticas<\/h2> <p>Para comprender completamente la Verificaci\u00f3n de Edad, consulta la lista de las caracter\u00edsticas m\u00e1s importantes. Estas hacen que el widget sea incre\u00edblemente efectivo para ti: <\/p> <ul><li>Elige uno de los tipos de verificaci\u00f3n: solicitar la fecha completa de nacimiento, solo el a\u00f1o de nacimiento o una pregunta con opciones S\u00ed y No;<\/li><li>Elige recordar a los visitantes durante cualquier per\u00edodo de tiempo en d\u00edas;<\/li><li>Dos posibles escenarios despu\u00e9s de denegar el acceso: mostrar un texto o redirigir al usuario a cualquier direcci\u00f3n;<\/li><li>Sube tu propia imagen para mostrar en la ventana emergente de verificaci\u00f3n de edad;<\/li><li>Mostrar detalles completos con enlaces debajo del bot\u00f3n de verificaci\u00f3n. <\/li><\/ul><p><a href=\"#demo\">Para descubrir la lista completa de caracter\u00edsticas, mira la demo<\/a><\/p> <\/div> <div class=\"application-platform-content-item-installation application-platform-content-item\" id=\"installation\" data-nav-section=\"installation\"> <h2>Ve c\u00f3mo insertar el c\u00f3digo de Verificaci\u00f3n de Edad en tu sitio web HTML. Es s\u00faper r\u00e1pido.<\/h2> <div class=\"video-container\"><iframe width=\"720\" height=\"405\" src=\"https:\/\/www.youtube.com\/embed\/b9gIB_3-s5k\" frameborder=\"0\" allowfullscreen=\"\"><\/iframe><\/div><p>Estos pocos pasos son todo lo que necesitas hacer para insertar el widget <\/p> <ol><li><b>Genera tu plugin \u00fanico de Verificaci\u00f3n de Edad<\/b><br> Con la ayuda de nuestra demo gratuita, crea un plugin con el dise\u00f1o y las funciones que prefieras. <\/li><li><b>Obt\u00e9n el c\u00f3digo personal para integrar el plugin<\/b><br> Despu\u00e9s de personalizar tu widget, recibir\u00e1s tu c\u00f3digo personal desde la notificaci\u00f3n emergente en Elfsight Apps. Copia este c\u00f3digo. <\/li> <li><b>Muestra el plugin en tu sitio HTML<\/b><br> Ve a la secci\u00f3n donde deseas colocar el plugin e inserta el c\u00f3digo guardado all\u00ed. Aplica los cambios.<\/li> <li><b>\u00a1Felicidades! \u00a1Acabas de insertar el widget! <\/b><br> Ingresa a tu p\u00e1gina para ver tu plugin. <\/li> <\/ol><p>\u00bfA\u00fan no puedes decidirte? \u00bfO tienes problemas? Un simple mensaje a nuestro soporte al cliente resolver\u00e1 cualquier problema. <\/p> <\/div>","protected":false},"excerpt":{"rendered":"","protected":false},"author":18,"featured_media":0,"parent":373,"menu_order":0,"comment_status":"closed","ping_status":"closed","template":"templates\/template-application-platform.php","meta":{"publish_to_discourse":"","publish_post_category":"","wpdc_auto_publish_overridden":"","wpdc_topic_tags":"","wpdc_pin_topic":"","wpdc_pin_until":"","discourse_post_id":"","discourse_permalink":"","wpdc_publishing_response":"","wpdc_publishing_error":"","footnotes":""},"class_list":["post-4513","page","type-page","status-publish","hentry"],"yoast_head":"<!-- This site is optimized with the Yoast SEO plugin v25.3.1 - https:\/\/yoast.com\/wordpress\/plugins\/seo\/ -->\n<title>Verificaci\u00f3n de la Edad - Incorporar widget de Comprobaci\u00f3n de la Edad al HTML<\/title>\n<meta name=\"description\" content=\"A\u00f1ade un widget interactivo de Verificaci\u00f3n de la Edad en su p\u00e1gina web de HTML. Lance la demo de Elfsight f\u00e1cil de usar y construe su widget personalizado.\" \/>\n<meta name=\"robots\" content=\"index, follow, max-snippet:-1, max-image-preview:large, max-video-preview:-1\" \/>\n<link rel=\"canonical\" href=\"https:\/\/elfsight.com\/es\/age-verification-widget\/html\/\" \/>\n<meta property=\"og:locale\" content=\"es_ES\" \/>\n<meta property=\"og:type\" content=\"article\" \/>\n<meta property=\"og:title\" content=\"Verificaci\u00f3n de la Edad - Incorporar widget de Comprobaci\u00f3n de la Edad al HTML\" \/>\n<meta property=\"og:description\" content=\"A\u00f1ade un widget interactivo de Verificaci\u00f3n de la Edad en su p\u00e1gina web de HTML. Lance la demo de Elfsight f\u00e1cil de usar y construe su widget personalizado.\" \/>\n<meta property=\"og:url\" content=\"https:\/\/elfsight.com\/es\/age-verification-widget\/html\/\" \/>\n<meta property=\"og:site_name\" content=\"Elfsight ES\" \/>\n<meta property=\"article:modified_time\" content=\"2025-02-06T15:23:51+00:00\" \/>\n<meta name=\"twitter:card\" content=\"summary_large_image\" \/>\n<meta name=\"twitter:label1\" content=\"Tiempo de lectura\" \/>\n\t<meta name=\"twitter:data1\" content=\"2 minutos\" \/>\n<!-- \/ Yoast SEO plugin. -->","yoast_head_json":{"title":"Verificaci\u00f3n de la Edad - Incorporar widget de Comprobaci\u00f3n de la Edad al HTML","description":"A\u00f1ade un widget interactivo de Verificaci\u00f3n de la Edad en su p\u00e1gina web de HTML. Lance la demo de Elfsight f\u00e1cil de usar y construe su widget personalizado.","robots":{"index":"index","follow":"follow","max-snippet":"max-snippet:-1","max-image-preview":"max-image-preview:large","max-video-preview":"max-video-preview:-1"},"canonical":"https:\/\/elfsight.com\/es\/age-verification-widget\/html\/","og_locale":"es_ES","og_type":"article","og_title":"Verificaci\u00f3n de la Edad - Incorporar widget de Comprobaci\u00f3n de la Edad al HTML","og_description":"A\u00f1ade un widget interactivo de Verificaci\u00f3n de la Edad en su p\u00e1gina web de HTML. Lance la demo de Elfsight f\u00e1cil de usar y construe su widget personalizado.","og_url":"https:\/\/elfsight.com\/es\/age-verification-widget\/html\/","og_site_name":"Elfsight ES","article_modified_time":"2025-02-06T15:23:51+00:00","twitter_card":"summary_large_image","twitter_misc":{"Tiempo de lectura":"2 minutos"},"schema":{"@context":"https:\/\/schema.org","@graph":[{"@type":"WebPage","@id":"https:\/\/elfsight.com\/es\/age-verification-widget\/html\/","url":"https:\/\/elfsight.com\/es\/age-verification-widget\/html\/","name":"Verificaci\u00f3n de la Edad - Incorporar widget de Comprobaci\u00f3n de la Edad al HTML","isPartOf":{"@id":"https:\/\/elfsight.com\/es\/#website"},"datePublished":"2022-02-11T11:09:21+00:00","dateModified":"2025-02-06T15:23:51+00:00","description":"A\u00f1ade un widget interactivo de Verificaci\u00f3n de la Edad en su p\u00e1gina web de HTML. Lance la demo de Elfsight f\u00e1cil de usar y construe su widget personalizado.","breadcrumb":{"@id":"https:\/\/elfsight.com\/es\/age-verification-widget\/html\/#breadcrumb"},"inLanguage":"es","potentialAction":[{"@type":"ReadAction","target":["https:\/\/elfsight.com\/es\/age-verification-widget\/html\/"]}]},{"@type":"BreadcrumbList","@id":"https:\/\/elfsight.com\/es\/age-verification-widget\/html\/#breadcrumb","itemListElement":[{"@type":"ListItem","position":1,"name":"Home","item":"https:\/\/elfsight.com\/es\/"},{"@type":"ListItem","position":2,"name":"Age Verification","item":"https:\/\/elfsight.com\/es\/age-verification-widget\/"},{"@type":"ListItem","position":3,"name":"Age Verification &#8211; HTML"}]},{"@type":"WebSite","@id":"https:\/\/elfsight.com\/es\/#website","url":"https:\/\/elfsight.com\/es\/","name":"Elfsight ES","description":"Just another Elfsight Sites site","potentialAction":[{"@type":"SearchAction","target":{"@type":"EntryPoint","urlTemplate":"https:\/\/elfsight.com\/es\/?s={search_term_string}"},"query-input":{"@type":"PropertyValueSpecification","valueRequired":true,"valueName":"search_term_string"}}],"inLanguage":"es"}]}},"meta_box":{"industry":"","seo_heading":"","heading":"","description":"","cta_heading":"","cta_description":"","application":"366","h1":"widget de Verificaci\u00f3n de la Edad para HTML","h1_caption":"Aseg\u00farese de que se acceda al contenido sensible a la edad de manera responsable con un widget de verificaci\u00f3n de edad simple y personalizable en su sitio web HTML sin esfuerzo.","application_category":[],"applications_title":"","applications_request_title":"","applications_request_button_text":"","hero_text":"","hero_video":"","hero_video_schema_markup":"","selling_points_title":"","selling_points_caption":"","selling_points":[],"selling_points_cta_text":"","features_title":"","features":"","ed_cta_examples_text":"","ed_cta_examples_hidden":"","ed_cta_demo_text":"","ed_cta_demo_hidden":"","why_caption":"","why_editor_title":"","why_editor_text":"","why_team_title":"","why_team_text":"","why_service_title":"","why_service_text":"","template_catalog_visible":"","template_catalog_title":"","template_catalog_text":"","template_catalog_categories_visible":"","demo_title":"Crea tu widget de verificaci\u00f3n de edad","demo_caption":"\u00a1Configure su verificaci\u00f3n de edad y agr\u00e9guela a su sitio web HTML de forma gratuita!","default_faq_hidden":"","app_template_category":[],"platform":"70","template_public_id":"","codecanyon_url":"","codecanyon_item_id":"","codecanyon_price":"","pricing_caption":"","pricing_elfsight_apps_hide_column":"","pricing_elfsight_apps_url":"","pricing_codecanyon_price_caption":"","integration_category":[],"integration_request_title":"","integration_request_cta":"","integration_platform":"","integrations":[],"platform_category":[],"video_schema_markup":"","price":"desde $0 por mes","trial":"","benefits":[{"text":"Instalaci\u00f3n gratuita"},{"text":"Soporte Premium"},{"text":"14 d\u00edas garant\u00eda de reembolso"},{"text":"Actualizaciones regulares"}],"button_url":"#demo","button_target_blank":"0","button_nofollow":"0","attributes":[{"name":"Responsivo","content":"Si","_state":"expanded"},{"name":"Navegadores compatibles","content":"Firefox, Safari, Opera, Chrome, Edge","_state":"expanded"}],"tags":[],"tags_disable_links":"0","hide_more_platforms":"","video_object":"","demo_hide_cta":"0","demo_hide_cloud_options":"0","pricing_title":"","pricing":[{"pricing_icon":"platform","pricing_title":" Elfsight Apps","pricing_title_caption":"Soluci\u00f3n multiplataforma - valido para cualquier p\u00e1gina web","pricing_price":"desde $0 por mes","pricing_price_caption":"empezar con un plan gratuito","pricing_benefits":[{"text":"Sitios web ilimitados"},{"text":"Atenci\u00f3n al cliente gratuita y r\u00e1pida"},{"text":"Servicio de instalaci\u00f3n gratuito"},{"text":"Totalmente personalizable"}],"pricing_button_text":"Agregar al sitio web","pricing_button_url":"#demo","_state":"expanded"}],"related_apps_title":"","related_apps_hidden":"1","author":"","image":[],"title":"","job":"","social_networks":[]},"_links":{"self":[{"href":"https:\/\/elfsight.com\/es\/wp-json\/wp\/v2\/pages\/4513","targetHints":{"allow":["GET"]}}],"collection":[{"href":"https:\/\/elfsight.com\/es\/wp-json\/wp\/v2\/pages"}],"about":[{"href":"https:\/\/elfsight.com\/es\/wp-json\/wp\/v2\/types\/page"}],"author":[{"embeddable":true,"href":"https:\/\/elfsight.com\/es\/wp-json\/wp\/v2\/users\/18"}],"replies":[{"embeddable":true,"href":"https:\/\/elfsight.com\/es\/wp-json\/wp\/v2\/comments?post=4513"}],"version-history":[{"count":3,"href":"https:\/\/elfsight.com\/es\/wp-json\/wp\/v2\/pages\/4513\/revisions"}],"predecessor-version":[{"id":18224,"href":"https:\/\/elfsight.com\/es\/wp-json\/wp\/v2\/pages\/4513\/revisions\/18224"}],"up":[{"embeddable":true,"href":"https:\/\/elfsight.com\/es\/wp-json\/wp\/v2\/pages\/373"}],"wp:attachment":[{"href":"https:\/\/elfsight.com\/es\/wp-json\/wp\/v2\/media?parent=4513"}],"curies":[{"name":"wp","href":"https:\/\/api.w.org\/{rel}","templated":true}]}}