{"id":4509,"date":"2022-02-11T11:08:57","date_gmt":"2022-02-11T11:08:57","guid":{"rendered":"https:\/\/elfsight.com\/es\/?page_id=4509"},"modified":"2025-02-06T15:23:51","modified_gmt":"2025-02-06T15:23:51","slug":"google-sites","status":"publish","type":"page","link":"https:\/\/elfsight.com\/es\/age-verification-widget\/google-sites\/","title":{"rendered":"Age Verification &#8211; Google Sites"},"content":{"rendered":"<div class=\"application-platform-content-item-description application-platform-content-item\" id=\"description\" data-nav-section=\"description\"> <h2>Incrusta la Verificaci\u00f3n de Edad en Google Sites con el widget de Elfsight<\/h2> <p>La Verificaci\u00f3n de Edad de Elfsight para Google Sites es el mejor m\u00e9todo para crear una notificaci\u00f3n inmediata que controle la edad de un usuario. El widget hace que tu contenido sensible a la edad sea accesible para los usuarios adultos y lo protege para la categor\u00eda de menores de edad. Hay opciones para asignar la limitaci\u00f3n de edad, definir el formato de verificaci\u00f3n, insertar la ventana emergente en todas o solo algunas p\u00e1ginas, y la acci\u00f3n tras la denegaci\u00f3n de acceso. La interfaz es f\u00e1cilmente personalizable, con detalles pintables y la opci\u00f3n de mostrar tus propias im\u00e1genes. <\/p> <p><b>Haz que tu sitio web sea m\u00e1s eficiente para los objetivos comerciales con la ayuda de la Verificaci\u00f3n de Edad<\/b><\/p> <\/div> <div class=\"application-platform-content-item-features application-platform-content-item\" id=\"features\" data-nav-section=\"features\"> <h2>A continuaci\u00f3n, las caracter\u00edsticas esenciales del widget:<\/h2> <ul><li>Elige uno de los m\u00e9todos de verificaci\u00f3n: solicitar la fecha de nacimiento completa, solo el a\u00f1o de nacimiento, o una pregunta con respuestas S\u00ed y No;<\/li><li>Elige recordar a los visitantes durante cualquier cantidad de tiempo;<\/li><li>2 escenarios para usuarios bloqueados: mostrar un mensaje o redirigir a un usuario a otra p\u00e1gina o sitio;<\/li><li>Sube cualquier imagen para la ventana de verificaci\u00f3n;<\/li><li>Muestra informaci\u00f3n adicional con enlaces debajo del bot\u00f3n de verificaci\u00f3n.<\/li><\/ul><p><a href=\"#demo\">Puedes probar todas las capacidades del widget en la demo a continuaci\u00f3n<\/a><\/p> <\/div> <div class=\"application-platform-content-item-installation application-platform-content-item\" id=\"installation\" data-nav-section=\"installation\"> <h2>\u00bfC\u00f3mo a\u00f1adir la Verificaci\u00f3n de Edad en mi Google Sites?<\/h2> <p>Simplemente sigue las pautas a continuaci\u00f3n para activar el plugin.<\/p> <ol><li><b>Usa nuestro configurador gratuito y comienza a crear tu plugin personalizado.<\/b><br> Encuentra el dise\u00f1o y las caracter\u00edsticas funcionales del widget y aplica los cambios.<\/li><li><b>Recibe tu c\u00f3digo personal que aparecer\u00e1 en el formulario especial de Elfsight Apps.<\/b><br> Justo despu\u00e9s de personalizar tu widget, copia el c\u00f3digo exclusivo que aparece en el cuadro y gu\u00e1rdalo para usarlo m\u00e1s adelante.<\/li><li><b>Comienza a utilizar la herramienta en tu sitio web de Google Sites.<\/b><br> Ingresa el c\u00f3digo copiado recientemente en tu p\u00e1gina web y aplica los cambios.<\/li><li><b>La instalaci\u00f3n ha finalizado con \u00e9xito.<\/b><br> Ve a tu p\u00e1gina para ver c\u00f3mo funciona el widget.<\/li><\/ol> <div class=\"tip-yellow tip\"><b>Debido a las peculiaridades del funcionamiento de Google Sites, el widget puede verse diferente en la demo en l\u00ednea. Lamentamos cualquier inconveniente que esto pueda causar.<\/b><\/div><p>Si tienes preguntas o enfrentas dificultades, por favor contacta a nuestro equipo de atenci\u00f3n al cliente. Nuestros consultores estar\u00e1n encantados de resolver cualquier problema que puedas tener con el producto.<\/p> <div class=\"faq\" data-component=\"FAQ\"> <div class=\"faq-item\">\r\n\t\t\t\t\t<div class=\"faq-item-question\">\r\n\t\t\t\t\t\t<h3 class=\"faq-item-question-text\">\u00bfC\u00f3mo agregar la Verificaci\u00f3n de Edad en mi sitio web de Google Sites sin conocimientos de programaci\u00f3n?<\/h3>\r\n\r\n\t\t\t\t\t\t<div class=\"faq-item-question-icon\"><\/div>\r\n\t\t\t\t\t<\/div>\r\n\r\n\t\t\t\t\t<div class=\"faq-item-answer\">\r\n\t\t\t\t\t\t<div class=\"faq-item-answer-text\"> <p>Elfsight proporciona una soluci\u00f3n SaaS que te permite crear el widget de Verificaci\u00f3n de Edad por ti mismo, mira lo f\u00e1cil que es el proceso: Trabaja directamente en el Editor en l\u00ednea para crear el widget de Verificaci\u00f3n de Edad que te gustar\u00eda ver en tu sitio web de Google Sites. Elige una de las plantillas predise\u00f1adas y ajusta la configuraci\u00f3n de la Verificaci\u00f3n de Edad, agrega tu contenido, cambia el dise\u00f1o y los colores sin necesidad de conocimientos de programaci\u00f3n. Guarda la Verificaci\u00f3n de Edad y copia su c\u00f3digo de instalaci\u00f3n, que puedes incrustar f\u00e1cilmente en tu sitio web de Google Sites sin necesidad de comprar una versi\u00f3n de pago. Con nuestro Editor intuitivo, cualquier usuario de internet puede crear un widget de Verificaci\u00f3n de Edad en l\u00ednea e incrustarlo f\u00e1cilmente en su sitio web de Google Sites. No es necesario pagar ni ingresar los datos de tu tarjeta para acceder al servicio. Si enfrentas alg\u00fan problema en cualquier paso, no dudes en ponerte en contacto con nuestro equipo de soporte t\u00e9cnico.<\/p> <\/div>\r\n\t\t\t\t\t<\/div>\r\n\t\t\t\t<\/div> <\/div> <\/div>","protected":false},"excerpt":{"rendered":"","protected":false},"author":18,"featured_media":0,"parent":373,"menu_order":0,"comment_status":"closed","ping_status":"closed","template":"templates\/template-application-platform.php","meta":{"publish_to_discourse":"","publish_post_category":"","wpdc_auto_publish_overridden":"","wpdc_topic_tags":"","wpdc_pin_topic":"","wpdc_pin_until":"","discourse_post_id":"","discourse_permalink":"","wpdc_publishing_response":"","wpdc_publishing_error":"","footnotes":""},"class_list":["post-4509","page","type-page","status-publish","hentry"],"yoast_head":"<!-- This site is optimized with the Yoast SEO plugin v25.3.1 - https:\/\/yoast.com\/wordpress\/plugins\/seo\/ -->\n<title>Verificaci\u00f3n de la Edad - Integrar plugin de Comprobaci\u00f3n de la Edad al Google Sites<\/title>\n<meta name=\"description\" content=\"A\u00f1ade un widget responsivo de Verificaci\u00f3n de la Edad en su sitio web de Google Sites. Lance la demo de Elfsight f\u00e1cil de usar y genere su plugin propio.\" \/>\n<meta name=\"robots\" content=\"index, follow, max-snippet:-1, max-image-preview:large, max-video-preview:-1\" \/>\n<link rel=\"canonical\" href=\"https:\/\/elfsight.com\/es\/age-verification-widget\/google-sites\/\" \/>\n<meta property=\"og:locale\" content=\"es_ES\" \/>\n<meta property=\"og:type\" content=\"article\" \/>\n<meta property=\"og:title\" content=\"Verificaci\u00f3n de la Edad - Integrar plugin de Comprobaci\u00f3n de la Edad al Google Sites\" \/>\n<meta property=\"og:description\" content=\"A\u00f1ade un widget responsivo de Verificaci\u00f3n de la Edad en su sitio web de Google Sites. Lance la demo de Elfsight f\u00e1cil de usar y genere su plugin propio.\" \/>\n<meta property=\"og:url\" content=\"https:\/\/elfsight.com\/es\/age-verification-widget\/google-sites\/\" \/>\n<meta property=\"og:site_name\" content=\"Elfsight ES\" \/>\n<meta property=\"article:modified_time\" content=\"2025-02-06T15:23:51+00:00\" \/>\n<meta name=\"twitter:card\" content=\"summary_large_image\" \/>\n<meta name=\"twitter:label1\" content=\"Tiempo de lectura\" \/>\n\t<meta name=\"twitter:data1\" content=\"2 minutos\" \/>\n<!-- \/ Yoast SEO plugin. -->","yoast_head_json":{"title":"Verificaci\u00f3n de la Edad - Integrar plugin de Comprobaci\u00f3n de la Edad al Google Sites","description":"A\u00f1ade un widget responsivo de Verificaci\u00f3n de la Edad en su sitio web de Google Sites. Lance la demo de Elfsight f\u00e1cil de usar y genere su plugin propio.","robots":{"index":"index","follow":"follow","max-snippet":"max-snippet:-1","max-image-preview":"max-image-preview:large","max-video-preview":"max-video-preview:-1"},"canonical":"https:\/\/elfsight.com\/es\/age-verification-widget\/google-sites\/","og_locale":"es_ES","og_type":"article","og_title":"Verificaci\u00f3n de la Edad - Integrar plugin de Comprobaci\u00f3n de la Edad al Google Sites","og_description":"A\u00f1ade un widget responsivo de Verificaci\u00f3n de la Edad en su sitio web de Google Sites. Lance la demo de Elfsight f\u00e1cil de usar y genere su plugin propio.","og_url":"https:\/\/elfsight.com\/es\/age-verification-widget\/google-sites\/","og_site_name":"Elfsight ES","article_modified_time":"2025-02-06T15:23:51+00:00","twitter_card":"summary_large_image","twitter_misc":{"Tiempo de lectura":"2 minutos"},"schema":{"@context":"https:\/\/schema.org","@graph":[{"@type":"WebPage","@id":"https:\/\/elfsight.com\/es\/age-verification-widget\/google-sites\/","url":"https:\/\/elfsight.com\/es\/age-verification-widget\/google-sites\/","name":"Verificaci\u00f3n de la Edad - Integrar plugin de Comprobaci\u00f3n de la Edad al Google Sites","isPartOf":{"@id":"https:\/\/elfsight.com\/es\/#website"},"datePublished":"2022-02-11T11:08:57+00:00","dateModified":"2025-02-06T15:23:51+00:00","description":"A\u00f1ade un widget responsivo de Verificaci\u00f3n de la Edad en su sitio web de Google Sites. Lance la demo de Elfsight f\u00e1cil de usar y genere su plugin propio.","breadcrumb":{"@id":"https:\/\/elfsight.com\/es\/age-verification-widget\/google-sites\/#breadcrumb"},"inLanguage":"es","potentialAction":[{"@type":"ReadAction","target":["https:\/\/elfsight.com\/es\/age-verification-widget\/google-sites\/"]}]},{"@type":"BreadcrumbList","@id":"https:\/\/elfsight.com\/es\/age-verification-widget\/google-sites\/#breadcrumb","itemListElement":[{"@type":"ListItem","position":1,"name":"Home","item":"https:\/\/elfsight.com\/es\/"},{"@type":"ListItem","position":2,"name":"Age Verification","item":"https:\/\/elfsight.com\/es\/age-verification-widget\/"},{"@type":"ListItem","position":3,"name":"Age Verification &#8211; Google Sites"}]},{"@type":"WebSite","@id":"https:\/\/elfsight.com\/es\/#website","url":"https:\/\/elfsight.com\/es\/","name":"Elfsight ES","description":"Just another Elfsight Sites site","potentialAction":[{"@type":"SearchAction","target":{"@type":"EntryPoint","urlTemplate":"https:\/\/elfsight.com\/es\/?s={search_term_string}"},"query-input":{"@type":"PropertyValueSpecification","valueRequired":true,"valueName":"search_term_string"}}],"inLanguage":"es"}]}},"meta_box":{"industry":"","seo_heading":"","heading":"","description":"","cta_heading":"","cta_description":"","application":"366","h1":"complemento de Verificaci\u00f3n de la Edad para Google Sites","h1_caption":"Aseg\u00farese de que se acceda al contenido sensible a la edad de manera responsable con un widget de verificaci\u00f3n de edad simple y personalizable en sus sitios de Google sin esfuerzo.","application_category":[],"applications_title":"","applications_request_title":"","applications_request_button_text":"","hero_text":"","hero_video":"","hero_video_schema_markup":"","selling_points_title":"","selling_points_caption":"","selling_points":[],"selling_points_cta_text":"","features_title":"","features":"","ed_cta_examples_text":"","ed_cta_examples_hidden":"","ed_cta_demo_text":"","ed_cta_demo_hidden":"","why_caption":"","why_editor_title":"","why_editor_text":"","why_team_title":"","why_team_text":"","why_service_title":"","why_service_text":"","template_catalog_visible":"","template_catalog_title":"","template_catalog_text":"","template_catalog_categories_visible":"","demo_title":"Crea tu widget de verificaci\u00f3n de edad","demo_caption":"Configure su verificaci\u00f3n de edad y agr\u00e9guela a su sitio web de Google Sites de forma gratuita.","default_faq_hidden":"","app_template_category":[],"platform":"67","template_public_id":"","codecanyon_url":"","codecanyon_item_id":"","codecanyon_price":"","pricing_caption":"","pricing_elfsight_apps_hide_column":"","pricing_elfsight_apps_url":"","pricing_codecanyon_price_caption":"","integration_category":[],"integration_request_title":"","integration_request_cta":"","integration_platform":"","integrations":[],"platform_category":[],"video_schema_markup":"","price":"desde $0 por mes","trial":"","benefits":[{"text":"Instalaci\u00f3n gratuita"},{"text":"Soporte Premium"},{"text":"14 d\u00edas garant\u00eda de reembolso"},{"text":"Actualizaciones regulares"}],"button_url":"#demo","button_target_blank":"0","button_nofollow":"0","attributes":[{"name":"Responsivo","content":"Si","_state":"expanded"},{"name":"Navegadores compatibles","content":"Firefox, Safari, Opera, Chrome, Edge","_state":"expanded"}],"tags":[],"tags_disable_links":"0","hide_more_platforms":"","video_object":"","demo_hide_cta":"0","demo_hide_cloud_options":"0","pricing_title":"","pricing":[{"pricing_icon":"platform","pricing_title":" Elfsight Apps","pricing_title_caption":"Soluci\u00f3n multiplataforma - valido para cualquier p\u00e1gina web","pricing_price":"desde $0 por mes","pricing_price_caption":"empezar con un plan gratuito","pricing_benefits":[{"text":"Sitios web ilimitados"},{"text":"Atenci\u00f3n al cliente gratuita y r\u00e1pida"},{"text":"Servicio de instalaci\u00f3n gratuito"},{"text":"Totalmente personalizable"}],"pricing_button_text":"Agregar al sitio web","pricing_button_url":"#demo","_state":"expanded"}],"related_apps_title":"","related_apps_hidden":"1","author":"","image":[],"title":"","job":"","social_networks":[]},"_links":{"self":[{"href":"https:\/\/elfsight.com\/es\/wp-json\/wp\/v2\/pages\/4509","targetHints":{"allow":["GET"]}}],"collection":[{"href":"https:\/\/elfsight.com\/es\/wp-json\/wp\/v2\/pages"}],"about":[{"href":"https:\/\/elfsight.com\/es\/wp-json\/wp\/v2\/types\/page"}],"author":[{"embeddable":true,"href":"https:\/\/elfsight.com\/es\/wp-json\/wp\/v2\/users\/18"}],"replies":[{"embeddable":true,"href":"https:\/\/elfsight.com\/es\/wp-json\/wp\/v2\/comments?post=4509"}],"version-history":[{"count":3,"href":"https:\/\/elfsight.com\/es\/wp-json\/wp\/v2\/pages\/4509\/revisions"}],"predecessor-version":[{"id":18226,"href":"https:\/\/elfsight.com\/es\/wp-json\/wp\/v2\/pages\/4509\/revisions\/18226"}],"up":[{"embeddable":true,"href":"https:\/\/elfsight.com\/es\/wp-json\/wp\/v2\/pages\/373"}],"wp:attachment":[{"href":"https:\/\/elfsight.com\/es\/wp-json\/wp\/v2\/media?parent=4509"}],"curies":[{"name":"wp","href":"https:\/\/api.w.org\/{rel}","templated":true}]}}