{"id":4506,"date":"2022-02-11T11:08:50","date_gmt":"2022-02-11T11:08:50","guid":{"rendered":"https:\/\/elfsight.com\/es\/?page_id=4506"},"modified":"2025-02-06T15:23:51","modified_gmt":"2025-02-06T15:23:51","slug":"jquery","status":"publish","type":"page","link":"https:\/\/elfsight.com\/es\/event-calendar-widget\/jquery\/","title":{"rendered":"Event Calendar &#8211; jQuery"},"content":{"rendered":"<div class=\"application-platform-content-item-description application-platform-content-item\" id=\"description\" data-nav-section=\"description\"> <h2>Incrusta el Calendario de Eventos con el widget de Elfsight<\/h2> <p>El Calendario de Elfsight es un plugin potente que te permite compartir tus actividades de manera f\u00e1cil con el resto del mundo. Cuenta con muchas opciones para mostrar los pr\u00f3ximos eventos de la manera m\u00e1s representativa. Personal\u00edzalo para combinar el dise\u00f1o con el estilo de tu sitio web. Crea una cantidad ilimitada de eventos, agrega m\u00faltiples etiquetas, sube tus propias im\u00e1genes y videos, y mant\u00e9n a tus usuarios notificados sobre tu agenda.<\/p><p>Un calendario interactivo jQuery crea conciencia sobre el \u00e1rea de inter\u00e9s de tu empresa. Adem\u00e1s, aumenta la popularidad de tu negocio a medida que creas m\u00e1s eventos. Tienes la oportunidad de publicar tu widget de calendario de eventos jQuery en todas las p\u00e1ginas de tu sitio web jQuery o solo en algunas seleccionadas. El calendario de eventos jQuery en tu sitio web tambi\u00e9n te permite incrustar m\u00e1s contenido, lo cual siempre es beneficioso para los motores de b\u00fasqueda, como ejemplo del trabajo que realizas en tu sitio. Los motores de b\u00fasqueda siempre est\u00e1n observando tu sitio y, cuando encuentran contenido fresco como tu calendario de eventos responsive, clasifican tu sitio como m\u00e1s relevante y pueden aumentar las posibilidades de que tu sitio sea elegido cuando los usuarios realicen una b\u00fasqueda en l\u00ednea. Adem\u00e1s de los eventos, agregar un calendario de programaci\u00f3n puede aportar valor a tu sitio web ante los ojos de tus clientes. Puedes usar el calendario de programaci\u00f3n jQuery para agregar m\u00e1s participaci\u00f3n entre tus clientes. Al igual que una publicaci\u00f3n de blog, un calendario de eventos jQuery responsive est\u00e1 all\u00ed para ayudarte a interactuar con tus clientes motiv\u00e1ndolos a registrarse en eventos espec\u00edficos e incluso recomendando otras ocasiones que podr\u00edan querer visitar. Integrar tal opci\u00f3n para mostrar eventos en tu sitio web jQuery es f\u00e1cil.<\/p><p><b>\u00a1Nuestro widget de Calendario de Eventos puede ayudarte a mostrar r\u00e1pidamente tus pr\u00f3ximos eventos y aumentar el nivel de participaci\u00f3n en tu sitio web!<\/b><\/p><\/div><div class=\"application-platform-content-item-features application-platform-content-item\" id=\"features\" data-nav-section=\"features\"> <h2>Principales caracter\u00edsticas del plugin Calendario de Eventos<\/h2> <p>Consulta todas las caracter\u00edsticas funcionales del Calendario de Eventos jQuery. Est\u00e1n disponibles directamente en el editor y te ayudar\u00e1n a crear el widget adecuado para tus necesidades.<\/p> <ul> <li>Utiliza opciones de contenido funcionales para adaptar el calendario a tu tipo de eventos.<\/li> <li>Ofrece a los usuarios la oportunidad de agregar tus eventos a sus calendarios m\u00e1s utilizados.<\/li> <li>Crea varios tipos de eventos, marca ubicaciones y agrega anfitriones.<\/li> <li>Categoriza todos tus eventos y as\u00edgnales etiquetas.<\/li> <li>Elige entre 4 opciones de dise\u00f1o.<\/li> <\/ul> <p><a href=\"#demo\">Consulta todas las dem\u00e1s funciones en la demo<\/a><\/p> <\/div><div class=\"application-platform-content-item-installation application-platform-content-item\" id=\"installation\" data-nav-section=\"installation\"> <h2>\u00bfC\u00f3mo a\u00f1adir el Calendario de Eventos en mi sitio web jQuery?<\/h2> <p>Para agregar el widget, sigue las instrucciones a continuaci\u00f3n.<\/p> <ul> <li><b>Crea tu plugin de Calendario de Eventos personal.<\/b><br> Usando nuestra demo gratuita, crea un widget con un dise\u00f1o personalizado y caracter\u00edsticas funcionales.<\/li> <li><b>Recibe el c\u00f3digo personal para publicar el plugin.<\/b><br> Despu\u00e9s de crear tu widget, obtendr\u00e1s tu c\u00f3digo de instalaci\u00f3n desde la notificaci\u00f3n emergente en Elfsight Apps. Copia el c\u00f3digo para su uso posterior.<\/li> <li><b>Incrusta el plugin en tu sitio web.<\/b><br> Define el lugar donde deseas integrar el widget y pega el c\u00f3digo guardado all\u00ed. Guarda los cambios.<\/li> <li><b>\u00a1Listo!<\/b><br> Ingresa a tu sitio web para ver el widget de tu Calendario.<\/li> <\/ul> <p>T\u00f3mate un minuto para ponerte en contacto con nuestro soporte al cliente en caso de que necesites ayuda o tengas preguntas. Nuestros especialistas estar\u00e1n encantados de ayudarte con cualquier consulta.<\/p> <\/div><div class=\"faq\" data-component=\"FAQ\"><div class=\"faq-item\">\r\n\t\t\t\t\t<div class=\"faq-item-question\">\r\n\t\t\t\t\t\t<h3 class=\"faq-item-question-text\">\u00bfC\u00f3mo incrustar el Calendario de Eventos en mi sitio de Joomla?<\/h3>\r\n\r\n\t\t\t\t\t\t<div class=\"faq-item-question-icon\"><\/div>\r\n\t\t\t\t\t<\/div>\r\n\r\n\t\t\t\t\t<div class=\"faq-item-answer\">\r\n\t\t\t\t\t\t<div class=\"faq-item-answer-text\"> <p>La construcci\u00f3n del widget se realiza dentro del sitio de Elfsight y no es necesario programar. Abre nuestra demo en vivo para crear tu propia app, obtener el c\u00f3digo e incrustarlo en tu sitio web.<\/p> <\/div>\r\n\t\t\t\t\t<\/div>\r\n\t\t\t\t<\/div><div class=\"faq-item\">\r\n\t\t\t\t\t<div class=\"faq-item-question\">\r\n\t\t\t\t\t\t<h3 class=\"faq-item-question-text\">\u00bfCu\u00e1les son las mejores formas de usar la integraci\u00f3n de un calendario en l\u00ednea?<\/h3>\r\n\r\n\t\t\t\t\t\t<div class=\"faq-item-question-icon\"><\/div>\r\n\t\t\t\t\t<\/div>\r\n\r\n\t\t\t\t\t<div class=\"faq-item-answer\">\r\n\t\t\t\t\t\t<div class=\"faq-item-answer-text\"> <p>Ofrecemos muchas opciones de ajuste: widgets de tama\u00f1o completo para insertar en la zona de contenido, widgets flotantes para oportunidades de desplazamiento, miniaturas para el pie de p\u00e1gina de tu sitio web, secci\u00f3n de encabezado y todas las variaciones de opciones verticales para las barras laterales y men\u00fas del sitio web.<\/p> <\/div>\r\n\t\t\t\t\t<\/div>\r\n\t\t\t\t<\/div><div class=\"faq-item\">\r\n\t\t\t\t\t<div class=\"faq-item-question\">\r\n\t\t\t\t\t\t<h3 class=\"faq-item-question-text\">\u00bfC\u00f3mo crear un Calendario de Eventos de Club o Calendario Deslizable con el editor?<\/h3>\r\n\r\n\t\t\t\t\t\t<div class=\"faq-item-question-icon\"><\/div>\r\n\t\t\t\t\t<\/div>\r\n\r\n\t\t\t\t\t<div class=\"faq-item-answer\">\r\n\t\t\t\t\t\t<div class=\"faq-item-answer-text\"> <p>Est\u00e1s invitado a crear cualquier alteraci\u00f3n del widget. Hay muchos dise\u00f1os disponibles en el editor, y todos ellos pueden personalizarse f\u00e1cilmente seg\u00fan lo necesites.<\/p> <\/div>\r\n\t\t\t\t\t<\/div>\r\n\t\t\t\t<\/div><\/div>","protected":false},"excerpt":{"rendered":"","protected":false},"author":18,"featured_media":0,"parent":1575,"menu_order":0,"comment_status":"closed","ping_status":"closed","template":"templates\/template-application-platform.php","meta":{"publish_to_discourse":"","publish_post_category":"","wpdc_auto_publish_overridden":"","wpdc_topic_tags":"","wpdc_pin_topic":"","wpdc_pin_until":"","discourse_post_id":"","discourse_permalink":"","wpdc_publishing_response":"","wpdc_publishing_error":"","footnotes":""},"class_list":["post-4506","page","type-page","status-publish","hentry"],"yoast_head":"<!-- This site is optimized with the Yoast SEO plugin v25.3.1 - https:\/\/yoast.com\/wordpress\/plugins\/seo\/ -->\n<title>Calendario de eventos - Agregar widget de Evento Calendario al jQuery<\/title>\n<meta name=\"description\" content=\"A\u00f1ade un widget atractivo de Calendario de eventos en su sitio de jQuery. Lance la demo de Elfsight manejable y construe su widget propio.\" \/>\n<meta name=\"robots\" content=\"index, follow, max-snippet:-1, max-image-preview:large, max-video-preview:-1\" \/>\n<link rel=\"canonical\" href=\"https:\/\/elfsight.com\/es\/event-calendar-widget\/jquery\/\" \/>\n<meta property=\"og:locale\" content=\"es_ES\" \/>\n<meta property=\"og:type\" content=\"article\" \/>\n<meta property=\"og:title\" content=\"Calendario de eventos - Agregar widget de Evento Calendario al jQuery\" \/>\n<meta property=\"og:description\" content=\"A\u00f1ade un widget atractivo de Calendario de eventos en su sitio de jQuery. Lance la demo de Elfsight manejable y construe su widget propio.\" \/>\n<meta property=\"og:url\" content=\"https:\/\/elfsight.com\/es\/event-calendar-widget\/jquery\/\" \/>\n<meta property=\"og:site_name\" content=\"Elfsight ES\" \/>\n<meta property=\"article:modified_time\" content=\"2025-02-06T15:23:51+00:00\" \/>\n<meta name=\"twitter:card\" content=\"summary_large_image\" \/>\n<meta name=\"twitter:label1\" content=\"Tiempo de lectura\" \/>\n\t<meta name=\"twitter:data1\" content=\"1 minuto\" \/>\n<!-- \/ Yoast SEO plugin. -->","yoast_head_json":{"title":"Calendario de eventos - Agregar widget de Evento Calendario al jQuery","description":"A\u00f1ade un widget atractivo de Calendario de eventos en su sitio de jQuery. Lance la demo de Elfsight manejable y construe su widget propio.","robots":{"index":"index","follow":"follow","max-snippet":"max-snippet:-1","max-image-preview":"max-image-preview:large","max-video-preview":"max-video-preview:-1"},"canonical":"https:\/\/elfsight.com\/es\/event-calendar-widget\/jquery\/","og_locale":"es_ES","og_type":"article","og_title":"Calendario de eventos - Agregar widget de Evento Calendario al jQuery","og_description":"A\u00f1ade un widget atractivo de Calendario de eventos en su sitio de jQuery. Lance la demo de Elfsight manejable y construe su widget propio.","og_url":"https:\/\/elfsight.com\/es\/event-calendar-widget\/jquery\/","og_site_name":"Elfsight ES","article_modified_time":"2025-02-06T15:23:51+00:00","twitter_card":"summary_large_image","twitter_misc":{"Tiempo de lectura":"1 minuto"},"schema":{"@context":"https:\/\/schema.org","@graph":[{"@type":"WebPage","@id":"https:\/\/elfsight.com\/es\/event-calendar-widget\/jquery\/","url":"https:\/\/elfsight.com\/es\/event-calendar-widget\/jquery\/","name":"Calendario de eventos - Agregar widget de Evento Calendario al jQuery","isPartOf":{"@id":"https:\/\/elfsight.com\/es\/#website"},"datePublished":"2022-02-11T11:08:50+00:00","dateModified":"2025-02-06T15:23:51+00:00","description":"A\u00f1ade un widget atractivo de Calendario de eventos en su sitio de jQuery. Lance la demo de Elfsight manejable y construe su widget propio.","breadcrumb":{"@id":"https:\/\/elfsight.com\/es\/event-calendar-widget\/jquery\/#breadcrumb"},"inLanguage":"es","potentialAction":[{"@type":"ReadAction","target":["https:\/\/elfsight.com\/es\/event-calendar-widget\/jquery\/"]}]},{"@type":"BreadcrumbList","@id":"https:\/\/elfsight.com\/es\/event-calendar-widget\/jquery\/#breadcrumb","itemListElement":[{"@type":"ListItem","position":1,"name":"Home","item":"https:\/\/elfsight.com\/es\/"},{"@type":"ListItem","position":2,"name":"Event Calendar","item":"https:\/\/elfsight.com\/es\/event-calendar-widget\/"},{"@type":"ListItem","position":3,"name":"Event Calendar &#8211; jQuery"}]},{"@type":"WebSite","@id":"https:\/\/elfsight.com\/es\/#website","url":"https:\/\/elfsight.com\/es\/","name":"Elfsight ES","description":"Just another Elfsight Sites site","potentialAction":[{"@type":"SearchAction","target":{"@type":"EntryPoint","urlTemplate":"https:\/\/elfsight.com\/es\/?s={search_term_string}"},"query-input":{"@type":"PropertyValueSpecification","valueRequired":true,"valueName":"search_term_string"}}],"inLanguage":"es"}]}},"meta_box":{"industry":"","seo_heading":"","heading":"","description":"","cta_heading":"","cta_description":"","application":"1574","h1":"widget de Calendario de eventos para jQuery","h1_caption":"Administre y comparta eventos en su sitio web con un calendario de eventos interactivo y f\u00e1cil de usar en su sitio web jQuery sin esfuerzo.","application_category":[],"applications_title":"","applications_request_title":"","applications_request_button_text":"","hero_text":"","hero_video":"","hero_video_schema_markup":"","selling_points_title":"","selling_points_caption":"","selling_points":[],"selling_points_cta_text":"","features_title":"","features":"","ed_cta_examples_text":"","ed_cta_examples_hidden":"","ed_cta_demo_text":"","ed_cta_demo_hidden":"","why_caption":"","why_editor_title":"","why_editor_text":"","why_team_title":"","why_team_text":"","why_service_title":"","why_service_text":"","template_catalog_visible":"","template_catalog_title":"","template_catalog_text":"","template_catalog_categories_visible":"","demo_title":"Crea tu complemento de calendario de eventos","demo_caption":"\u00a1Configura tu calendario de eventos y agr\u00e9galo a tu sitio web jQuery gratis!","default_faq_hidden":"","app_template_category":[],"platform":"76","template_public_id":"","codecanyon_url":"","codecanyon_item_id":"","codecanyon_price":"","pricing_caption":"","pricing_elfsight_apps_hide_column":"","pricing_elfsight_apps_url":"","pricing_codecanyon_price_caption":"","integration_category":[],"integration_request_title":"","integration_request_cta":"","integration_platform":"","integrations":[],"platform_category":[],"video_schema_markup":"","price":"desde $0 por mes","trial":"","benefits":[{"text":"Instalaci\u00f3n gratuita"},{"text":"Soporte Premium"},{"text":"14 d\u00edas garant\u00eda de reembolso"},{"text":"Actualizaciones regulares"}],"button_url":"#demo","button_target_blank":"0","button_nofollow":"0","attributes":[{"name":"Responsivo","content":"Si","_state":"expanded"},{"name":"Navegadores compatibles","content":"Firefox, Safari, Opera, Chrome, Edge","_state":"expanded"}],"tags":[],"tags_disable_links":"0","hide_more_platforms":"","video_object":"","demo_hide_cta":"0","demo_hide_cloud_options":"0","pricing_title":"","pricing":[{"pricing_icon":"platform","pricing_title":" Elfsight Apps","pricing_title_caption":"Soluci\u00f3n multiplataforma - valido para cualquier p\u00e1gina web","pricing_price":"desde $0 por mes","pricing_price_caption":"empezar con un plan gratuito","pricing_benefits":[{"text":"Sitios web ilimitados"},{"text":"Atenci\u00f3n al cliente gratuita y r\u00e1pida"},{"text":"Servicio de instalaci\u00f3n gratuito"},{"text":"Totalmente personalizable"}],"pricing_button_text":"Agregar al sitio web","pricing_button_url":"#demo","_state":"expanded"}],"related_apps_title":"","related_apps_hidden":"1","author":"","image":[],"title":"","job":"","social_networks":[]},"_links":{"self":[{"href":"https:\/\/elfsight.com\/es\/wp-json\/wp\/v2\/pages\/4506","targetHints":{"allow":["GET"]}}],"collection":[{"href":"https:\/\/elfsight.com\/es\/wp-json\/wp\/v2\/pages"}],"about":[{"href":"https:\/\/elfsight.com\/es\/wp-json\/wp\/v2\/types\/page"}],"author":[{"embeddable":true,"href":"https:\/\/elfsight.com\/es\/wp-json\/wp\/v2\/users\/18"}],"replies":[{"embeddable":true,"href":"https:\/\/elfsight.com\/es\/wp-json\/wp\/v2\/comments?post=4506"}],"version-history":[{"count":3,"href":"https:\/\/elfsight.com\/es\/wp-json\/wp\/v2\/pages\/4506\/revisions"}],"predecessor-version":[{"id":18227,"href":"https:\/\/elfsight.com\/es\/wp-json\/wp\/v2\/pages\/4506\/revisions\/18227"}],"up":[{"embeddable":true,"href":"https:\/\/elfsight.com\/es\/wp-json\/wp\/v2\/pages\/1575"}],"wp:attachment":[{"href":"https:\/\/elfsight.com\/es\/wp-json\/wp\/v2\/media?parent=4506"}],"curies":[{"name":"wp","href":"https:\/\/api.w.org\/{rel}","templated":true}]}}