{"id":4502,"date":"2022-02-11T11:08:37","date_gmt":"2022-02-11T11:08:37","guid":{"rendered":"https:\/\/elfsight.com\/es\/?page_id=4502"},"modified":"2025-02-06T15:23:59","modified_gmt":"2025-02-06T15:23:59","slug":"joomla","status":"publish","type":"page","link":"https:\/\/elfsight.com\/es\/event-calendar-widget\/joomla\/","title":{"rendered":"Event Calendar &#8211; Joomla"},"content":{"rendered":"<div class=\"application-platform-content-item-description application-platform-content-item\" id=\"description\" data-nav-section=\"description\"> <h2>Incrustar el Calendario de Eventos con el widget de Elfsight<\/h2> <p>El m\u00f3dulo Calendario de Elfsight es una herramienta extraordinaria que te permite compartir tus eventos de manera fluida con el resto del mundo. Contiene una gran cantidad de oportunidades para mostrar las actividades futuras de la manera m\u00e1s destacada. Personal\u00edzalo para que el dise\u00f1o se mezcle con la est\u00e9tica de tu sitio web. Crea una cantidad ilimitada de eventos, agrega etiquetas, sube im\u00e1genes y videos personalizados, y mant\u00e9n a los visitantes actualizados sobre tus proyectos.<\/p><p>Una extensi\u00f3n de calendario de eventos en Joomla genera conciencia sobre el inter\u00e9s empresarial de tu empresa. Adem\u00e1s, aumenta la visibilidad de tu negocio a medida que creas m\u00e1s eventos. Tienes la oportunidad de mostrar tu plugin de calendario Joomla en todas las p\u00e1ginas de tu sitio Joomla o solo en algunas espec\u00edficas. El calendario de eventos en tu sitio tambi\u00e9n te permite agregar m\u00e1s contenido a tu p\u00e1gina, lo cual es siempre una se\u00f1al positiva para los motores de b\u00fasqueda. Los motores de b\u00fasqueda siempre est\u00e1n evaluando tu sitio y, al descubrir contenido nuevo, clasifican las p\u00e1ginas de tu sitio como m\u00e1s relevantes, lo que aumenta las posibilidades de que los usuarios encuentren tu sitio al realizar una b\u00fasqueda en l\u00ednea. Adem\u00e1s de los eventos, agregar un componente de calendario puede aportar valor a tu sitio Joomla ante los ojos de tus clientes. Puedes utilizar el calendario para generar m\u00e1s interacci\u00f3n entre tus usuarios. Al igual que los posts en blogs, el m\u00f3dulo del calendario de eventos Joomla puede ayudarte a comunicarte con tu audiencia, motiv\u00e1ndolos a registrarse en eventos espec\u00edficos y, adem\u00e1s, sugerirles otros eventos que puedan querer asistir. Integrar una opci\u00f3n de este tipo para mostrar eventos en tu sitio Joomla es muy r\u00e1pido.<\/p> <p><b>La extensi\u00f3n de Calendario de Eventos de Elfsight puede ayudarte a promocionar tus actividades futuras de manera f\u00e1cil y aumentar el nivel de compromiso en tu sitio web.<\/b><\/p> <\/div> <div class=\"application-platform-content-item-features application-platform-content-item\" id=\"features\" data-nav-section=\"features\"> <h2>Principales caracter\u00edsticas del M\u00f3dulo de Calendario de Eventos<\/h2> <p>Aqu\u00ed tienes una lista de todas las caracter\u00edsticas del Calendario de Eventos Joomla. Est\u00e1n disponibles directamente en el editor y te ayudar\u00e1n a configurar el widget especialmente para tu caso de uso.<\/p> <ul> <li>Usa opciones de contenido flexibles para adaptar la herramienta a tu tipo de eventos.<\/li> <li>Ayuda a los usuarios a agregar eventos a sus calendarios m\u00e1s usados.<\/li> <li>Crea diferentes tipos de eventos, especifica ubicaciones y agrega anfitriones.<\/li> <li>Clasifica todas tus actividades y as\u00edgnales etiquetas.<\/li> <li>Elige entre cuatro variantes de dise\u00f1o.<\/li> <\/ul> <p><a href=\"#demo\">Prueba todas las dem\u00e1s funciones en la demo<\/a><\/p> <\/div> <div class=\"application-platform-content-item-installation application-platform-content-item\" id=\"installation\" data-nav-section=\"installation\"> <h2>\u00bfC\u00f3mo agrego la extensi\u00f3n de Calendario de Eventos a mi sitio Joomla?<\/h2> <p>Para incrustar el plugin de Calendario, sigue estos sencillos pasos.<\/p> <ol><li><b>Usa nuestra demo gratuita y empieza a crear tu extensi\u00f3n personalizada.<\/b><br> Determina el dise\u00f1o y las opciones seleccionadas de la extensi\u00f3n y guarda todos los cambios.<\/li> <li><b>Copiar el c\u00f3digo personal que aparece en la ventana de Elfsight Apps.<\/b><br> Despu\u00e9s de que la creaci\u00f3n de tu extensi\u00f3n est\u00e9 lista, copia el c\u00f3digo de la ventana emergente y gu\u00e1rdalo para su uso futuro.<\/li> <li><b>Comienza a usar la extensi\u00f3n en tu sitio Joomla.<\/b><br> Inserta el c\u00f3digo que copiaste en tu p\u00e1gina y guarda los cambios.<\/li> <li><b>La instalaci\u00f3n est\u00e1 completamente terminada.<\/b><br> Abre tu sitio web para ver c\u00f3mo funciona la extensi\u00f3n.<\/li><\/ol><p>No dudes en comunicarte con nuestro servicio al cliente si necesitas ayuda o tienes preguntas. Nuestros especialistas estar\u00e1n encantados de ayudarte con cualquier consulta.<\/p> <\/div> <div class=\"faq\" data-component=\"FAQ\"><div class=\"faq-item\">\r\n\t\t\t\t\t<div class=\"faq-item-question\">\r\n\t\t\t\t\t\t<h3 class=\"faq-item-question-text\">\u00bfC\u00f3mo incrustar un Calendario de Eventos en mi sitio Joomla?<\/h3>\r\n\r\n\t\t\t\t\t\t<div class=\"faq-item-question-icon\"><\/div>\r\n\t\t\t\t\t<\/div>\r\n\r\n\t\t\t\t\t<div class=\"faq-item-answer\">\r\n\t\t\t\t\t\t<div class=\"faq-item-answer-text\"><p>La construcci\u00f3n del widget se realiza dentro del sitio de Elfsight y no es necesario codificar. Abre nuestra demo en vivo para construir tu propia aplicaci\u00f3n, obtener el c\u00f3digo y pegarlo en tu sitio web.<\/p><\/div>\r\n\t\t\t\t\t<\/div>\r\n\t\t\t\t<\/div><div class=\"faq-item\">\r\n\t\t\t\t\t<div class=\"faq-item-question\">\r\n\t\t\t\t\t\t<h3 class=\"faq-item-question-text\">\u00bfCu\u00e1les son las mejores maneras de usar la integraci\u00f3n de calendarios en l\u00ednea?<\/h3>\r\n\r\n\t\t\t\t\t\t<div class=\"faq-item-question-icon\"><\/div>\r\n\t\t\t\t\t<\/div>\r\n\r\n\t\t\t\t\t<div class=\"faq-item-answer\">\r\n\t\t\t\t\t\t<div class=\"faq-item-answer-text\"><p>Ofrecemos muchas opciones de ajuste: widgets de tama\u00f1o completo para insertar en la zona de contenido, widgets flotantes para oportunidades de desplazamiento, miniaturas para el pie de p\u00e1gina de tu sitio web, secci\u00f3n de encabezado y todas las variaciones de opciones verticales para barras laterales y men\u00fas del sitio web.<\/p><\/div>\r\n\t\t\t\t\t<\/div>\r\n\t\t\t\t<\/div><div class=\"faq-item\">\r\n\t\t\t\t\t<div class=\"faq-item-question\">\r\n\t\t\t\t\t\t<h3 class=\"faq-item-question-text\">\u00bfC\u00f3mo construyo un Calendario de Eventos de Club o un Calendario deslizante a trav\u00e9s del editor?<\/h3>\r\n\r\n\t\t\t\t\t\t<div class=\"faq-item-question-icon\"><\/div>\r\n\t\t\t\t\t<\/div>\r\n\r\n\t\t\t\t\t<div class=\"faq-item-answer\">\r\n\t\t\t\t\t\t<div class=\"faq-item-answer-text\"><p>Te damos la bienvenida para crear cualquier alteraci\u00f3n en los widgets. Hay muchos dise\u00f1os disponibles en el editor, y todos ellos se pueden personalizar f\u00e1cilmente seg\u00fan lo necesites.<\/p><\/div>\r\n\t\t\t\t\t<\/div>\r\n\t\t\t\t<\/div><\/div>","protected":false},"excerpt":{"rendered":"","protected":false},"author":18,"featured_media":0,"parent":1575,"menu_order":0,"comment_status":"closed","ping_status":"closed","template":"templates\/template-application-platform.php","meta":{"publish_to_discourse":"","publish_post_category":"","wpdc_auto_publish_overridden":"","wpdc_topic_tags":"","wpdc_pin_topic":"","wpdc_pin_until":"","discourse_post_id":"","discourse_permalink":"","wpdc_publishing_response":"","wpdc_publishing_error":"","footnotes":""},"class_list":["post-4502","page","type-page","status-publish","hentry"],"yoast_head":"<!-- This site is optimized with the Yoast SEO plugin v25.3.1 - https:\/\/yoast.com\/wordpress\/plugins\/seo\/ -->\n<title>Calendario de eventos - Incorporar extention de Evento Calendario al Joomla<\/title>\n<meta name=\"description\" content=\"A\u00f1ade un module atractivo de Calendario de eventos en su sitio web de Joomla. Aplique la demo de Elfsight intuitiva y construe su extention \u00fanico.\" \/>\n<meta name=\"robots\" content=\"index, follow, max-snippet:-1, max-image-preview:large, max-video-preview:-1\" \/>\n<link rel=\"canonical\" href=\"https:\/\/elfsight.com\/es\/event-calendar-widget\/joomla\/\" \/>\n<meta property=\"og:locale\" content=\"es_ES\" \/>\n<meta property=\"og:type\" content=\"article\" \/>\n<meta property=\"og:title\" content=\"Calendario de eventos - Incorporar extention de Evento Calendario al Joomla\" \/>\n<meta property=\"og:description\" content=\"A\u00f1ade un module atractivo de Calendario de eventos en su sitio web de Joomla. Aplique la demo de Elfsight intuitiva y construe su extention \u00fanico.\" \/>\n<meta property=\"og:url\" content=\"https:\/\/elfsight.com\/es\/event-calendar-widget\/joomla\/\" \/>\n<meta property=\"og:site_name\" content=\"Elfsight ES\" \/>\n<meta property=\"article:modified_time\" content=\"2025-02-06T15:23:59+00:00\" \/>\n<meta name=\"twitter:card\" content=\"summary_large_image\" \/>\n<meta name=\"twitter:label1\" content=\"Tiempo de lectura\" \/>\n\t<meta name=\"twitter:data1\" content=\"1 minuto\" \/>\n<!-- \/ Yoast SEO plugin. -->","yoast_head_json":{"title":"Calendario de eventos - Incorporar extention de Evento Calendario al Joomla","description":"A\u00f1ade un module atractivo de Calendario de eventos en su sitio web de Joomla. Aplique la demo de Elfsight intuitiva y construe su extention \u00fanico.","robots":{"index":"index","follow":"follow","max-snippet":"max-snippet:-1","max-image-preview":"max-image-preview:large","max-video-preview":"max-video-preview:-1"},"canonical":"https:\/\/elfsight.com\/es\/event-calendar-widget\/joomla\/","og_locale":"es_ES","og_type":"article","og_title":"Calendario de eventos - Incorporar extention de Evento Calendario al Joomla","og_description":"A\u00f1ade un module atractivo de Calendario de eventos en su sitio web de Joomla. Aplique la demo de Elfsight intuitiva y construe su extention \u00fanico.","og_url":"https:\/\/elfsight.com\/es\/event-calendar-widget\/joomla\/","og_site_name":"Elfsight ES","article_modified_time":"2025-02-06T15:23:59+00:00","twitter_card":"summary_large_image","twitter_misc":{"Tiempo de lectura":"1 minuto"},"schema":{"@context":"https:\/\/schema.org","@graph":[{"@type":"WebPage","@id":"https:\/\/elfsight.com\/es\/event-calendar-widget\/joomla\/","url":"https:\/\/elfsight.com\/es\/event-calendar-widget\/joomla\/","name":"Calendario de eventos - Incorporar extention de Evento Calendario al Joomla","isPartOf":{"@id":"https:\/\/elfsight.com\/es\/#website"},"datePublished":"2022-02-11T11:08:37+00:00","dateModified":"2025-02-06T15:23:59+00:00","description":"A\u00f1ade un module atractivo de Calendario de eventos en su sitio web de Joomla. Aplique la demo de Elfsight intuitiva y construe su extention \u00fanico.","breadcrumb":{"@id":"https:\/\/elfsight.com\/es\/event-calendar-widget\/joomla\/#breadcrumb"},"inLanguage":"es","potentialAction":[{"@type":"ReadAction","target":["https:\/\/elfsight.com\/es\/event-calendar-widget\/joomla\/"]}]},{"@type":"BreadcrumbList","@id":"https:\/\/elfsight.com\/es\/event-calendar-widget\/joomla\/#breadcrumb","itemListElement":[{"@type":"ListItem","position":1,"name":"Home","item":"https:\/\/elfsight.com\/es\/"},{"@type":"ListItem","position":2,"name":"Event Calendar","item":"https:\/\/elfsight.com\/es\/event-calendar-widget\/"},{"@type":"ListItem","position":3,"name":"Event Calendar &#8211; Joomla"}]},{"@type":"WebSite","@id":"https:\/\/elfsight.com\/es\/#website","url":"https:\/\/elfsight.com\/es\/","name":"Elfsight ES","description":"Just another Elfsight Sites site","potentialAction":[{"@type":"SearchAction","target":{"@type":"EntryPoint","urlTemplate":"https:\/\/elfsight.com\/es\/?s={search_term_string}"},"query-input":{"@type":"PropertyValueSpecification","valueRequired":true,"valueName":"search_term_string"}}],"inLanguage":"es"}]}},"meta_box":{"industry":"","seo_heading":"","heading":"","description":"","cta_heading":"","cta_description":"","application":"1574","h1":"extensi\u00f3n de Calendario de eventos para Joomla","h1_caption":"Administre y comparta eventos en su sitio web con un calendario de eventos interactivo y f\u00e1cil de usar en su sitio web Joomla sin esfuerzo.","application_category":[],"applications_title":"","applications_request_title":"","applications_request_button_text":"","hero_text":"","hero_video":"","hero_video_schema_markup":"","selling_points_title":"","selling_points_caption":"","selling_points":[],"selling_points_cta_text":"","features_title":"","features":"","ed_cta_examples_text":"","ed_cta_examples_hidden":"","ed_cta_demo_text":"","ed_cta_demo_hidden":"","why_caption":"","why_editor_title":"","why_editor_text":"","why_team_title":"","why_team_text":"","why_service_title":"","why_service_text":"","template_catalog_visible":"","template_catalog_title":"","template_catalog_text":"","template_catalog_categories_visible":"","demo_title":"Crea tu complemento de calendario de eventos","demo_caption":"\u00a1Configure su calendario de eventos y agr\u00e9guelo a su sitio web Joomla gratis!","default_faq_hidden":"","app_template_category":[],"platform":"73","template_public_id":"","codecanyon_url":"","codecanyon_item_id":"","codecanyon_price":"","pricing_caption":"","pricing_elfsight_apps_hide_column":"","pricing_elfsight_apps_url":"","pricing_codecanyon_price_caption":"","integration_category":[],"integration_request_title":"","integration_request_cta":"","integration_platform":"","integrations":[],"platform_category":[],"video_schema_markup":"","price":"desde $0 por mes","trial":"","benefits":[{"text":"Instalaci\u00f3n gratuita"},{"text":"Soporte Premium"},{"text":"14 d\u00edas garant\u00eda de reembolso"},{"text":"Actualizaciones regulares"}],"button_url":"#demo","button_target_blank":"0","button_nofollow":"0","attributes":[{"name":"Responsivo","content":"Si","_state":"expanded"},{"name":"Navegadores compatibles","content":"Firefox, Safari, Opera, Chrome, Edge","_state":"expanded"}],"tags":[],"tags_disable_links":"0","hide_more_platforms":"","video_object":"","demo_hide_cta":"0","demo_hide_cloud_options":"0","pricing_title":"","pricing":[{"pricing_icon":"platform","pricing_title":" Elfsight Apps","pricing_title_caption":"Soluci\u00f3n multiplataforma - valido para cualquier p\u00e1gina web","pricing_price":"desde $0 por mes","pricing_price_caption":"empezar con un plan gratuito","pricing_benefits":[{"text":"Sitios web ilimitados"},{"text":"Atenci\u00f3n al cliente gratuita y r\u00e1pida"},{"text":"Servicio de instalaci\u00f3n gratuito"},{"text":"Totalmente personalizable"}],"pricing_button_text":"Agregar al sitio web","pricing_button_url":"#demo","_state":"expanded"}],"related_apps_title":"","related_apps_hidden":"1","author":"","image":[],"title":"","job":"","social_networks":[]},"_links":{"self":[{"href":"https:\/\/elfsight.com\/es\/wp-json\/wp\/v2\/pages\/4502","targetHints":{"allow":["GET"]}}],"collection":[{"href":"https:\/\/elfsight.com\/es\/wp-json\/wp\/v2\/pages"}],"about":[{"href":"https:\/\/elfsight.com\/es\/wp-json\/wp\/v2\/types\/page"}],"author":[{"embeddable":true,"href":"https:\/\/elfsight.com\/es\/wp-json\/wp\/v2\/users\/18"}],"replies":[{"embeddable":true,"href":"https:\/\/elfsight.com\/es\/wp-json\/wp\/v2\/comments?post=4502"}],"version-history":[{"count":3,"href":"https:\/\/elfsight.com\/es\/wp-json\/wp\/v2\/pages\/4502\/revisions"}],"predecessor-version":[{"id":18229,"href":"https:\/\/elfsight.com\/es\/wp-json\/wp\/v2\/pages\/4502\/revisions\/18229"}],"up":[{"embeddable":true,"href":"https:\/\/elfsight.com\/es\/wp-json\/wp\/v2\/pages\/1575"}],"wp:attachment":[{"href":"https:\/\/elfsight.com\/es\/wp-json\/wp\/v2\/media?parent=4502"}],"curies":[{"name":"wp","href":"https:\/\/api.w.org\/{rel}","templated":true}]}}