{"id":4498,"date":"2022-02-11T11:08:22","date_gmt":"2022-02-11T11:08:22","guid":{"rendered":"https:\/\/elfsight.com\/es\/?page_id=4498"},"modified":"2025-02-06T15:23:59","modified_gmt":"2025-02-06T15:23:59","slug":"iframe","status":"publish","type":"page","link":"https:\/\/elfsight.com\/es\/event-calendar-widget\/iframe\/","title":{"rendered":"Event Calendar &#8211; iFrame"},"content":{"rendered":"<div class=\"application-platform-content-item-description application-platform-content-item\" id=\"description\" data-nav-section=\"description\"> <h2>Incorporar el Calendario de Eventos con el widget de Elfsight<\/h2> <p>Nuestro Calendario es un widget potente que te permite compartir f\u00e1cilmente tus actividades con el resto del mundo. Ofrece muchas opciones para mostrar tus pr\u00f3ximos eventos de la manera m\u00e1s destacada. Personal\u00edzalo para combinar el dise\u00f1o con la est\u00e9tica de tu p\u00e1gina. Crea una cantidad ilimitada de eventos, agrega etiquetas, sube tus propias im\u00e1genes y videos, y mant\u00e9n a tu audiencia informada sobre tus planes. <\/p> <p><b>El widget de Calendario de Eventos de Elfsight puede ayudarte a mostrar f\u00e1cilmente tus pr\u00f3ximos eventos y aumentar el nivel de interacci\u00f3n en tu sitio web.<\/b><\/p> <\/div> <div class=\"application-platform-content-item-features application-platform-content-item\" id=\"features\" data-nav-section=\"features\"> <h2>Principales caracter\u00edsticas del widget de Calendario de Eventos<\/h2> <p>Aqu\u00ed puedes ver todas las caracter\u00edsticas funcionales del Calendario de Eventos en iFrame. Est\u00e1n disponibles directamente en el editor y te ayudar\u00e1n a adaptar el widget exactamente a tus necesidades.<\/p> <ul> <li>Usa las opciones de contenido para adaptar el widget al tipo de eventos que realizas.<\/li> <li>Permite a los usuarios agregar eventos a sus calendarios m\u00e1s utilizados.<\/li> <li>Crea diferentes tipos de eventos, marca ubicaciones y agrega anfitriones.<\/li> <li>Categoriza todas tus actividades y as\u00edgnales etiquetas.<\/li> <li>Elige entre cuatro variantes de dise\u00f1o.<\/li> <\/ul> <p><a href=\"#demo\">Ver c\u00f3mo funcionan todas las caracter\u00edsticas en nuestra demostraci\u00f3n<\/a><\/p> <\/div> <div class=\"application-platform-content-item-installation application-platform-content-item\" id=\"installation\" data-nav-section=\"installation\"> <h2>\u00bfC\u00f3mo puedo integrar el Calendario de Eventos en mi sitio de iFrame?<\/h2> <p>Para integrar el widget, solo tienes que seguir algunos pasos r\u00e1pidos.<\/p> <ul> <li><b>Crea tu widget de Calendario personalizado<\/b><br>Usando nuestra demo gratuita, obt\u00e9n un plugin con el dise\u00f1o y las caracter\u00edsticas que prefieras.<\/li> <li><b>Copiar el c\u00f3digo personal para agregar el widget<\/b><br>Despu\u00e9s de configurar tu widget, recibir\u00e1s el c\u00f3digo de instalaci\u00f3n en la notificaci\u00f3n emergente en Elfsight Apps. Copia el c\u00f3digo.<\/li> <li><b>Integra el widget en tu sitio web<\/b><br>Define el lugar donde deseas agregar el plugin y pega el c\u00f3digo guardado all\u00ed. Publica los cambios.<\/li> <li><b>\u00a1La instalaci\u00f3n est\u00e1 completa!<\/b><br>Visita el sitio web para revisar tu trabajo.<\/li> <\/ul> <p>No dudes en ponerte en contacto con nuestro servicio de soporte si necesitas ayuda o tienes preguntas. Nuestros especialistas te brindar\u00e1n toda la asistencia que necesites.<\/p> <\/div> <div class=\"faq\" data-component=\"FAQ\"> <div class=\"faq-item\">\r\n\t\t\t\t\t<div class=\"faq-item-question\">\r\n\t\t\t\t\t\t<h3 class=\"faq-item-question-text\">\u00bfC\u00f3mo integrar el Calendario de Eventos en la p\u00e1gina de inicio de mi iFrame sin experiencia en programaci\u00f3n?<\/h3>\r\n\r\n\t\t\t\t\t\t<div class=\"faq-item-question-icon\"><\/div>\r\n\t\t\t\t\t<\/div>\r\n\r\n\t\t\t\t\t<div class=\"faq-item-answer\">\r\n\t\t\t\t\t\t<div class=\"faq-item-answer-text\"><p>La empresa Elfsight ofrece una soluci\u00f3n SaaS que permite a las personas crear un apartado de Calendario de Eventos por s\u00ed mismos, descubre lo f\u00e1cil que es el proceso:<\/p> <ul> <li>Trabaja directamente en el Editor en vivo para crear una aplicaci\u00f3n de Calendario de Eventos que desees ver en iFrame.<\/li> <li>Elige una de nuestras plantillas predise\u00f1adas y adapta los ajustes del Calendario de Eventos, cambia el dise\u00f1o y esquema de colores, agrega tu contenido sin necesidad de conocimientos de programaci\u00f3n.<\/li> <li>Guarda el Calendario de Eventos y obtiene el c\u00f3digo del plugin para integrarlo, que podr\u00e1s agregar f\u00e1cilmente a tu sitio iFrame sin necesidad de comprar una versi\u00f3n de pago.<\/li> <\/ul> <p>Usando nuestro sencillo Configurador, cualquier usuario de la web puede crear un widget de Calendario de Eventos en l\u00ednea e integrarlo f\u00e1cilmente en el sitio de iFrame. No es necesario obtener un plan de pago ni proporcionar los datos de tu tarjeta para acceder al servicio. Si encuentras alg\u00fan problema en cualquier paso, no dudes en ponerte en contacto con nuestro equipo de soporte t\u00e9cnico.<\/p> <\/div>\r\n\t\t\t\t\t<\/div>\r\n\t\t\t\t<\/div> <\/div> ","protected":false},"excerpt":{"rendered":"","protected":false},"author":18,"featured_media":0,"parent":1575,"menu_order":0,"comment_status":"closed","ping_status":"closed","template":"templates\/template-application-platform.php","meta":{"publish_to_discourse":"","publish_post_category":"","wpdc_auto_publish_overridden":"","wpdc_topic_tags":"","wpdc_pin_topic":"","wpdc_pin_until":"","discourse_post_id":"","discourse_permalink":"","wpdc_publishing_response":"","wpdc_publishing_error":"","footnotes":""},"class_list":["post-4498","page","type-page","status-publish","hentry"],"yoast_head":"<!-- This site is optimized with the Yoast SEO plugin v25.3.1 - https:\/\/yoast.com\/wordpress\/plugins\/seo\/ -->\n<title>Calendario de eventos - Incrustar widget de Evento Calendario al iFrame<\/title>\n<meta name=\"description\" content=\"Instala un widget responsivo de Calendario de eventos en su p\u00e1gina web de iFrame. Use la demo de Elfsight manejable y cree su widget propio.\" \/>\n<meta name=\"robots\" content=\"index, follow, max-snippet:-1, max-image-preview:large, max-video-preview:-1\" \/>\n<link rel=\"canonical\" href=\"https:\/\/elfsight.com\/es\/event-calendar-widget\/iframe\/\" \/>\n<meta property=\"og:locale\" content=\"es_ES\" \/>\n<meta property=\"og:type\" content=\"article\" \/>\n<meta property=\"og:title\" content=\"Calendario de eventos - Incrustar widget de Evento Calendario al iFrame\" \/>\n<meta property=\"og:description\" content=\"Instala un widget responsivo de Calendario de eventos en su p\u00e1gina web de iFrame. Use la demo de Elfsight manejable y cree su widget propio.\" \/>\n<meta property=\"og:url\" content=\"https:\/\/elfsight.com\/es\/event-calendar-widget\/iframe\/\" \/>\n<meta property=\"og:site_name\" content=\"Elfsight ES\" \/>\n<meta property=\"article:modified_time\" content=\"2025-02-06T15:23:59+00:00\" \/>\n<meta name=\"twitter:card\" content=\"summary_large_image\" \/>\n<meta name=\"twitter:label1\" content=\"Tiempo de lectura\" \/>\n\t<meta name=\"twitter:data1\" content=\"1 minuto\" \/>\n<!-- \/ Yoast SEO plugin. -->","yoast_head_json":{"title":"Calendario de eventos - Incrustar widget de Evento Calendario al iFrame","description":"Instala un widget responsivo de Calendario de eventos en su p\u00e1gina web de iFrame. Use la demo de Elfsight manejable y cree su widget propio.","robots":{"index":"index","follow":"follow","max-snippet":"max-snippet:-1","max-image-preview":"max-image-preview:large","max-video-preview":"max-video-preview:-1"},"canonical":"https:\/\/elfsight.com\/es\/event-calendar-widget\/iframe\/","og_locale":"es_ES","og_type":"article","og_title":"Calendario de eventos - Incrustar widget de Evento Calendario al iFrame","og_description":"Instala un widget responsivo de Calendario de eventos en su p\u00e1gina web de iFrame. Use la demo de Elfsight manejable y cree su widget propio.","og_url":"https:\/\/elfsight.com\/es\/event-calendar-widget\/iframe\/","og_site_name":"Elfsight ES","article_modified_time":"2025-02-06T15:23:59+00:00","twitter_card":"summary_large_image","twitter_misc":{"Tiempo de lectura":"1 minuto"},"schema":{"@context":"https:\/\/schema.org","@graph":[{"@type":"WebPage","@id":"https:\/\/elfsight.com\/es\/event-calendar-widget\/iframe\/","url":"https:\/\/elfsight.com\/es\/event-calendar-widget\/iframe\/","name":"Calendario de eventos - Incrustar widget de Evento Calendario al iFrame","isPartOf":{"@id":"https:\/\/elfsight.com\/es\/#website"},"datePublished":"2022-02-11T11:08:22+00:00","dateModified":"2025-02-06T15:23:59+00:00","description":"Instala un widget responsivo de Calendario de eventos en su p\u00e1gina web de iFrame. Use la demo de Elfsight manejable y cree su widget propio.","breadcrumb":{"@id":"https:\/\/elfsight.com\/es\/event-calendar-widget\/iframe\/#breadcrumb"},"inLanguage":"es","potentialAction":[{"@type":"ReadAction","target":["https:\/\/elfsight.com\/es\/event-calendar-widget\/iframe\/"]}]},{"@type":"BreadcrumbList","@id":"https:\/\/elfsight.com\/es\/event-calendar-widget\/iframe\/#breadcrumb","itemListElement":[{"@type":"ListItem","position":1,"name":"Home","item":"https:\/\/elfsight.com\/es\/"},{"@type":"ListItem","position":2,"name":"Event Calendar","item":"https:\/\/elfsight.com\/es\/event-calendar-widget\/"},{"@type":"ListItem","position":3,"name":"Event Calendar &#8211; iFrame"}]},{"@type":"WebSite","@id":"https:\/\/elfsight.com\/es\/#website","url":"https:\/\/elfsight.com\/es\/","name":"Elfsight ES","description":"Just another Elfsight Sites site","potentialAction":[{"@type":"SearchAction","target":{"@type":"EntryPoint","urlTemplate":"https:\/\/elfsight.com\/es\/?s={search_term_string}"},"query-input":{"@type":"PropertyValueSpecification","valueRequired":true,"valueName":"search_term_string"}}],"inLanguage":"es"}]}},"meta_box":{"industry":"","seo_heading":"","heading":"","description":"","cta_heading":"","cta_description":"","application":"1574","h1":"widget de Calendario de eventos para iFrame","h1_caption":"Administre y comparta eventos en su sitio web con un calendario de eventos interactivo y f\u00e1cil de usar en su sitio web iFrame sin esfuerzo.","application_category":[],"applications_title":"","applications_request_title":"","applications_request_button_text":"","hero_text":"","hero_video":"","hero_video_schema_markup":"","selling_points_title":"","selling_points_caption":"","selling_points":[],"selling_points_cta_text":"","features_title":"","features":"","ed_cta_examples_text":"","ed_cta_examples_hidden":"","ed_cta_demo_text":"","ed_cta_demo_hidden":"","why_caption":"","why_editor_title":"","why_editor_text":"","why_team_title":"","why_team_text":"","why_service_title":"","why_service_text":"","template_catalog_visible":"","template_catalog_title":"","template_catalog_text":"","template_catalog_categories_visible":"","demo_title":"Crea tu widget de calendario de eventos","demo_caption":"\u00a1Configure su calendario de eventos y agr\u00e9guelo a su sitio web iFrame de forma gratuita!","default_faq_hidden":"","app_template_category":[],"platform":"2192","template_public_id":"","codecanyon_url":"","codecanyon_item_id":"","codecanyon_price":"","pricing_caption":"","pricing_elfsight_apps_hide_column":"","pricing_elfsight_apps_url":"","pricing_codecanyon_price_caption":"","integration_category":[],"integration_request_title":"","integration_request_cta":"","integration_platform":"","integrations":[],"platform_category":[],"video_schema_markup":"","price":"desde $0 por mes","trial":"","benefits":[{"text":"Instalaci\u00f3n gratuita"},{"text":"Soporte Premium"},{"text":"14 d\u00edas garant\u00eda de reembolso"},{"text":"Actualizaciones regulares"}],"button_url":"#demo","button_target_blank":"0","button_nofollow":"0","attributes":[{"name":"Responsivo","content":"Si","_state":"expanded"},{"name":"Navegadores compatibles","content":"Firefox, Safari, Opera, Chrome, Edge","_state":"expanded"}],"tags":[],"tags_disable_links":"0","hide_more_platforms":"","video_object":"","demo_hide_cta":"0","demo_hide_cloud_options":"0","pricing_title":"","pricing":[{"pricing_icon":"platform","pricing_title":" Elfsight Apps","pricing_title_caption":"Soluci\u00f3n multiplataforma - valido para cualquier p\u00e1gina web","pricing_price":"desde $0 por mes","pricing_price_caption":"empezar con un plan gratuito","pricing_benefits":[{"text":"Sitios web ilimitados"},{"text":"Atenci\u00f3n al cliente gratuita y r\u00e1pida"},{"text":"Servicio de instalaci\u00f3n gratuito"},{"text":"Totalmente personalizable"}],"pricing_button_text":"Agregar al sitio web","pricing_button_url":"#demo","_state":"expanded"}],"related_apps_title":"","related_apps_hidden":"1","author":"","image":[],"title":"","job":"","social_networks":[]},"_links":{"self":[{"href":"https:\/\/elfsight.com\/es\/wp-json\/wp\/v2\/pages\/4498","targetHints":{"allow":["GET"]}}],"collection":[{"href":"https:\/\/elfsight.com\/es\/wp-json\/wp\/v2\/pages"}],"about":[{"href":"https:\/\/elfsight.com\/es\/wp-json\/wp\/v2\/types\/page"}],"author":[{"embeddable":true,"href":"https:\/\/elfsight.com\/es\/wp-json\/wp\/v2\/users\/18"}],"replies":[{"embeddable":true,"href":"https:\/\/elfsight.com\/es\/wp-json\/wp\/v2\/comments?post=4498"}],"version-history":[{"count":3,"href":"https:\/\/elfsight.com\/es\/wp-json\/wp\/v2\/pages\/4498\/revisions"}],"predecessor-version":[{"id":18231,"href":"https:\/\/elfsight.com\/es\/wp-json\/wp\/v2\/pages\/4498\/revisions\/18231"}],"up":[{"embeddable":true,"href":"https:\/\/elfsight.com\/es\/wp-json\/wp\/v2\/pages\/1575"}],"wp:attachment":[{"href":"https:\/\/elfsight.com\/es\/wp-json\/wp\/v2\/media?parent=4498"}],"curies":[{"name":"wp","href":"https:\/\/api.w.org\/{rel}","templated":true}]}}