{"id":4494,"date":"2022-02-11T11:07:59","date_gmt":"2022-02-11T11:07:59","guid":{"rendered":"https:\/\/elfsight.com\/es\/?page_id=4494"},"modified":"2025-02-06T15:24:07","modified_gmt":"2025-02-06T15:24:07","slug":"html","status":"publish","type":"page","link":"https:\/\/elfsight.com\/es\/event-calendar-widget\/html\/","title":{"rendered":"Event Calendar &#8211; HTML"},"content":{"rendered":"<div class=\"application-platform-content-item-description application-platform-content-item\" id=\"description\" data-nav-section=\"description\"> <h2>Incrusta el Calendario de Eventos con el Widget de Elfsight<\/h2> <p>El c\u00f3digo del Calendario de Elfsight es un widget simple y poderoso que te permite compartir f\u00e1cilmente tus eventos con tu audiencia. Incluye muchas opciones para mostrar los pr\u00f3ximos eventos de la manera m\u00e1s elegante. Personal\u00edzalo para combinar el dise\u00f1o con la est\u00e9tica de tu sitio web. Crea una cantidad ilimitada de eventos, a\u00f1ade diferentes etiquetas, sube tus propias im\u00e1genes y videos, y mant\u00e9n a tus visitantes actualizados sobre tu agenda.<\/p> <p><b>El widget de Calendario de Eventos puede ayudarte a promover r\u00e1pidamente tus futuras actividades y aumentar el nivel de interacci\u00f3n en tu sitio web.<\/b><\/p> <\/div><div class=\"application-platform-content-item-features application-platform-content-item\" id=\"features\" data-nav-section=\"features\"> <h2>Caracter\u00edsticas principales del Widget de Calendario de Eventos<\/h2> <p>Nuestro widget de calendario HTML est\u00e1 dise\u00f1ado para tener muchas funciones \u00fatiles. Revisa todos los rasgos funcionales del Calendario de Eventos HTML. Est\u00e1n disponibles directamente en el editor y te ayudar\u00e1n a construir el widget exactamente para tu caso.<\/p> <ul> <li>Usa opciones de contenido adaptables para abarcar el widget de Calendario para tu tipo de eventos. <\/li> <li>Ofrece a los usuarios la oportunidad de a\u00f1adir tus eventos a sus aplicaciones favoritas. <\/li> <li>Genera varios tipos de eventos, marca ubicaciones y a\u00f1ade anfitriones. <\/li> <li>Categoriza todos tus eventos y as\u00edgnales etiquetas. <\/li> <li>Elige entre cuatro opciones de dise\u00f1o. <\/li> <\/ul> <p><a href=\"#demo\">Puedes probar todas las caracter\u00edsticas del widget directamente en la demo<\/a><\/p> <\/div><div class=\"application-platform-content-item-installation application-platform-content-item\" id=\"installation\" data-nav-section=\"installation\"> <h2>\u00bfC\u00f3mo puedo incrustar el c\u00f3digo del Calendario de Eventos en mi sitio web HTML? <\/h2><div class=\"video-container\"><iframe width=\"720\" height=\"405\" src=\"https:\/\/www.youtube.com\/embed\/y032IzGTFmc\" frameborder=\"0\" allowfullscreen=\"\"><\/iframe><\/div> <p>Para activar el widget, sigue las siguientes pautas. <\/p> <ul> <li><b>Crea tu widget de Calendario simple<\/b><br> En nuestra demo gratuita, obt\u00e9n un plugin con el dise\u00f1o y las caracter\u00edsticas funcionales que prefieras. <\/li> <li><b>Recibe el c\u00f3digo simple e individual para publicar el widget<\/b><br> Despu\u00e9s de haber generado tu plugin, obtendr\u00e1s el c\u00f3digo HTML de instalaci\u00f3n desde la notificaci\u00f3n emergente en Elfsight Apps. C\u00f3pialo. <\/li> <li><b>Incrusta el c\u00f3digo del widget en tu sitio web<\/b><br> Encuentra el \u00e1rea en la que deseas mostrar el plugin y a\u00f1ade all\u00ed el c\u00f3digo copiado. Guarda los cambios. <\/li> <li><b>\u00a1Listo!<\/b><br> Entra a tu sitio web para ver tu trabajo. <\/li> <\/ul> <p>No dudes en contactar al soporte al cliente de Elfsight si necesitas ayuda o tienes preguntas. Estaremos encantados de ayudarte con cualquier solicitud.<\/p> <\/div><div class=\"faq\" data-component=\"FAQ\"><div class=\"faq-item\">\r\n\t\t\t\t\t<div class=\"faq-item-question\">\r\n\t\t\t\t\t\t<h3 class=\"faq-item-question-text\">\u00bfCu\u00e1les son los beneficios de a\u00f1adir el calendario a mi sitio web?<\/h3>\r\n\r\n\t\t\t\t\t\t<div class=\"faq-item-question-icon\"><\/div>\r\n\t\t\t\t\t<\/div>\r\n\r\n\t\t\t\t\t<div class=\"faq-item-answer\">\r\n\t\t\t\t\t\t<div class=\"faq-item-answer-text\"><p>Un widget interactivo de calendario de eventos HTML genera conciencia sobre las actividades de tu organizaci\u00f3n. Adem\u00e1s, aumenta la popularidad de tu marca a medida que creas m\u00e1s eventos. Tienes la libertad de a\u00f1adir tu calendario de eventos al c\u00f3digo de todas las p\u00e1ginas de tu sitio HTML o solo en algunas seleccionadas. El plugin de eventos en tu sitio tambi\u00e9n te permite a\u00f1adir m\u00e1s contenido, lo cual siempre es positivo para los motores de b\u00fasqueda. Estos siempre est\u00e1n evaluando tu sitio y, al detectar contenido nuevo, posicionan tu sitio como m\u00e1s relevante y pueden aumentar las posibilidades de mostrar tu sitio cuando los usuarios realizan una b\u00fasqueda en l\u00ednea.<\/p> <p>Adem\u00e1s de los eventos, incrustar un calendario puede a\u00f1adir valor a tu sitio a los ojos de tus clientes. Puedes utilizar el calendario de eventos para a\u00f1adir m\u00e1s interacci\u00f3n entre tus clientes. Al igual que una publicaci\u00f3n de blog, un calendario de eventos est\u00e1 all\u00ed para ayudarte a interactuar con tu audiencia permiti\u00e9ndoles inscribirse a eventos espec\u00edficos y, lo que es m\u00e1s, sugerir otros eventos a los que quieran asistir. A\u00f1adir una opci\u00f3n como esta para mostrar eventos en tu sitio web HTML es f\u00e1cil.<\/p><\/div>\r\n\t\t\t\t\t<\/div>\r\n\t\t\t\t<\/div><div class=\"faq-item\">\r\n\t\t\t\t\t<div class=\"faq-item-question\">\r\n\t\t\t\t\t\t<h3 class=\"faq-item-question-text\">Las mejores maneras de usar la integraci\u00f3n de calendarios en l\u00ednea<\/h3>\r\n\r\n\t\t\t\t\t\t<div class=\"faq-item-question-icon\"><\/div>\r\n\t\t\t\t\t<\/div>\r\n\r\n\t\t\t\t\t<div class=\"faq-item-answer\">\r\n\t\t\t\t\t\t<div class=\"faq-item-answer-text\"><p>Te ofrecemos toneladas de oportunidades de personalizaci\u00f3n: widgets de tama\u00f1o completo para implementar en la zona de contenido, plugins flotantes para opciones de desplazamiento, dise\u00f1os para el pie de p\u00e1gina, encabezado y todas las variaciones verticales para barras laterales y men\u00fas.<\/p><\/div>\r\n\t\t\t\t\t<\/div>\r\n\t\t\t\t<\/div><div class=\"faq-item\">\r\n\t\t\t\t\t<div class=\"faq-item-question\">\r\n\t\t\t\t\t\t<h3 class=\"faq-item-question-text\">\u00bfC\u00f3mo creo una alineaci\u00f3n de Festival o un calendario de centro de convenciones con la ayuda de su editor?<\/h3>\r\n\r\n\t\t\t\t\t\t<div class=\"faq-item-question-icon\"><\/div>\r\n\t\t\t\t\t<\/div>\r\n\r\n\t\t\t\t\t<div class=\"faq-item-answer\">\r\n\t\t\t\t\t\t<div class=\"faq-item-answer-text\"><p>Puedes realizar cualquier modificaci\u00f3n en el widget. Hay muchos dise\u00f1os disponibles en el editor, y todos ellos se pueden ajustar f\u00e1cilmente como necesites.<\/p><\/div>\r\n\t\t\t\t\t<\/div>\r\n\t\t\t\t<\/div><\/div><p>Contacta con nuestro Centro de Ayuda si tienes dificultades con el widget de calendario HTML<\/p>","protected":false},"excerpt":{"rendered":"Contacta con nuestro Centro de Ayuda si tienes dificultades con el widget de calendario HTML","protected":false},"author":18,"featured_media":0,"parent":1575,"menu_order":0,"comment_status":"closed","ping_status":"closed","template":"templates\/template-application-platform.php","meta":{"publish_to_discourse":"","publish_post_category":"","wpdc_auto_publish_overridden":"","wpdc_topic_tags":"","wpdc_pin_topic":"","wpdc_pin_until":"","discourse_post_id":"","discourse_permalink":"","wpdc_publishing_response":"","wpdc_publishing_error":"","footnotes":""},"class_list":["post-4494","page","type-page","status-publish","hentry"],"yoast_head":"<!-- This site is optimized with the Yoast SEO plugin v25.3.1 - https:\/\/yoast.com\/wordpress\/plugins\/seo\/ -->\n<title>Calendario de eventos - Insertar widget de Evento Calendario al HTML<\/title>\n<meta name=\"description\" content=\"A\u00f1ade un widget responsivo de Calendario de eventos en su sitio web de HTML. Aplique la demo de Elfsight intuitiva y genere su widget personalizado.\" \/>\n<meta name=\"robots\" content=\"index, follow, max-snippet:-1, max-image-preview:large, max-video-preview:-1\" \/>\n<link rel=\"canonical\" href=\"https:\/\/elfsight.com\/es\/event-calendar-widget\/html\/\" \/>\n<meta property=\"og:locale\" content=\"es_ES\" \/>\n<meta property=\"og:type\" content=\"article\" \/>\n<meta property=\"og:title\" content=\"Calendario de eventos - Insertar widget de Evento Calendario al HTML\" \/>\n<meta property=\"og:description\" content=\"A\u00f1ade un widget responsivo de Calendario de eventos en su sitio web de HTML. Aplique la demo de Elfsight intuitiva y genere su widget personalizado.\" \/>\n<meta property=\"og:url\" content=\"https:\/\/elfsight.com\/es\/event-calendar-widget\/html\/\" \/>\n<meta property=\"og:site_name\" content=\"Elfsight ES\" \/>\n<meta property=\"article:modified_time\" content=\"2025-02-06T15:24:07+00:00\" \/>\n<meta name=\"twitter:card\" content=\"summary_large_image\" \/>\n<meta name=\"twitter:label1\" content=\"Tiempo de lectura\" \/>\n\t<meta name=\"twitter:data1\" content=\"4 minutos\" \/>\n<!-- \/ Yoast SEO plugin. -->","yoast_head_json":{"title":"Calendario de eventos - Insertar widget de Evento Calendario al HTML","description":"A\u00f1ade un widget responsivo de Calendario de eventos en su sitio web de HTML. Aplique la demo de Elfsight intuitiva y genere su widget personalizado.","robots":{"index":"index","follow":"follow","max-snippet":"max-snippet:-1","max-image-preview":"max-image-preview:large","max-video-preview":"max-video-preview:-1"},"canonical":"https:\/\/elfsight.com\/es\/event-calendar-widget\/html\/","og_locale":"es_ES","og_type":"article","og_title":"Calendario de eventos - Insertar widget de Evento Calendario al HTML","og_description":"A\u00f1ade un widget responsivo de Calendario de eventos en su sitio web de HTML. Aplique la demo de Elfsight intuitiva y genere su widget personalizado.","og_url":"https:\/\/elfsight.com\/es\/event-calendar-widget\/html\/","og_site_name":"Elfsight ES","article_modified_time":"2025-02-06T15:24:07+00:00","twitter_card":"summary_large_image","twitter_misc":{"Tiempo de lectura":"4 minutos"},"schema":{"@context":"https:\/\/schema.org","@graph":[{"@type":"WebPage","@id":"https:\/\/elfsight.com\/es\/event-calendar-widget\/html\/","url":"https:\/\/elfsight.com\/es\/event-calendar-widget\/html\/","name":"Calendario de eventos - Insertar widget de Evento Calendario al HTML","isPartOf":{"@id":"https:\/\/elfsight.com\/es\/#website"},"datePublished":"2022-02-11T11:07:59+00:00","dateModified":"2025-02-06T15:24:07+00:00","description":"A\u00f1ade un widget responsivo de Calendario de eventos en su sitio web de HTML. Aplique la demo de Elfsight intuitiva y genere su widget personalizado.","breadcrumb":{"@id":"https:\/\/elfsight.com\/es\/event-calendar-widget\/html\/#breadcrumb"},"inLanguage":"es","potentialAction":[{"@type":"ReadAction","target":["https:\/\/elfsight.com\/es\/event-calendar-widget\/html\/"]}]},{"@type":"BreadcrumbList","@id":"https:\/\/elfsight.com\/es\/event-calendar-widget\/html\/#breadcrumb","itemListElement":[{"@type":"ListItem","position":1,"name":"Home","item":"https:\/\/elfsight.com\/es\/"},{"@type":"ListItem","position":2,"name":"Event Calendar","item":"https:\/\/elfsight.com\/es\/event-calendar-widget\/"},{"@type":"ListItem","position":3,"name":"Event Calendar &#8211; HTML"}]},{"@type":"WebSite","@id":"https:\/\/elfsight.com\/es\/#website","url":"https:\/\/elfsight.com\/es\/","name":"Elfsight ES","description":"Just another Elfsight Sites site","potentialAction":[{"@type":"SearchAction","target":{"@type":"EntryPoint","urlTemplate":"https:\/\/elfsight.com\/es\/?s={search_term_string}"},"query-input":{"@type":"PropertyValueSpecification","valueRequired":true,"valueName":"search_term_string"}}],"inLanguage":"es"}]}},"meta_box":{"industry":"","seo_heading":"","heading":"","description":"","cta_heading":"","cta_description":"","application":"1574","h1":"widget de Calendario de eventos para HTML","h1_caption":"Administre y comparta eventos en su sitio web con un calendario de eventos interactivo y f\u00e1cil de usar en su sitio web HTML sin esfuerzo.","application_category":[],"applications_title":"","applications_request_title":"","applications_request_button_text":"","hero_text":"","hero_video":"","hero_video_schema_markup":"","selling_points_title":"","selling_points_caption":"","selling_points":[],"selling_points_cta_text":"","features_title":"","features":"","ed_cta_examples_text":"","ed_cta_examples_hidden":"","ed_cta_demo_text":"","ed_cta_demo_hidden":"","why_caption":"","why_editor_title":"","why_editor_text":"","why_team_title":"","why_team_text":"","why_service_title":"","why_service_text":"","template_catalog_visible":"0","template_catalog_title":"","template_catalog_text":"","template_catalog_categories_visible":"","demo_title":"Crea tu widget de calendario de eventos","demo_caption":"\u00a1Configure su calendario de eventos y agr\u00e9guelo a su sitio web HTML de forma gratuita!","default_faq_hidden":"","app_template_category":[],"platform":"70","template_public_id":"","codecanyon_url":"","codecanyon_item_id":"","codecanyon_price":"","pricing_caption":"","pricing_elfsight_apps_hide_column":"","pricing_elfsight_apps_url":"","pricing_codecanyon_price_caption":"","integration_category":[],"integration_request_title":"","integration_request_cta":"","integration_platform":"","integrations":[],"platform_category":[],"video_schema_markup":"","price":"desde $0 por mes","trial":"","benefits":[{"text":"Instalaci\u00f3n gratuita"},{"text":"Soporte Premium"},{"text":"14 d\u00edas garant\u00eda de reembolso"},{"text":"Actualizaciones regulares"}],"button_url":"#demo","button_target_blank":"0","button_nofollow":"0","attributes":[{"name":"Responsivo","content":"Si","_state":"expanded"},{"name":"Navegadores compatibles","content":"Firefox, Safari, Opera, Chrome, Edge","_state":"expanded"}],"tags":[],"tags_disable_links":"0","hide_more_platforms":"","video_object":"","demo_hide_cta":"0","demo_hide_cloud_options":"0","pricing_title":"","pricing":[{"pricing_icon":"platform","pricing_title":" Elfsight Apps","pricing_title_caption":"Soluci\u00f3n multiplataforma - valido para cualquier p\u00e1gina web","pricing_price":"desde $0 por mes","pricing_price_caption":"empezar con un plan gratuito","pricing_benefits":[{"text":"Sitios web ilimitados"},{"text":"Atenci\u00f3n al cliente gratuita y r\u00e1pida"},{"text":"Servicio de instalaci\u00f3n gratuito"},{"text":"Totalmente personalizable"}],"pricing_button_text":"Agregar al sitio web","pricing_button_url":"#demo","_state":"expanded"}],"related_apps_title":"","related_apps_hidden":"1","author":"","image":[],"title":"","job":"","social_networks":[]},"_links":{"self":[{"href":"https:\/\/elfsight.com\/es\/wp-json\/wp\/v2\/pages\/4494","targetHints":{"allow":["GET"]}}],"collection":[{"href":"https:\/\/elfsight.com\/es\/wp-json\/wp\/v2\/pages"}],"about":[{"href":"https:\/\/elfsight.com\/es\/wp-json\/wp\/v2\/types\/page"}],"author":[{"embeddable":true,"href":"https:\/\/elfsight.com\/es\/wp-json\/wp\/v2\/users\/18"}],"replies":[{"embeddable":true,"href":"https:\/\/elfsight.com\/es\/wp-json\/wp\/v2\/comments?post=4494"}],"version-history":[{"count":2,"href":"https:\/\/elfsight.com\/es\/wp-json\/wp\/v2\/pages\/4494\/revisions"}],"predecessor-version":[{"id":16057,"href":"https:\/\/elfsight.com\/es\/wp-json\/wp\/v2\/pages\/4494\/revisions\/16057"}],"up":[{"embeddable":true,"href":"https:\/\/elfsight.com\/es\/wp-json\/wp\/v2\/pages\/1575"}],"wp:attachment":[{"href":"https:\/\/elfsight.com\/es\/wp-json\/wp\/v2\/media?parent=4494"}],"curies":[{"name":"wp","href":"https:\/\/api.w.org\/{rel}","templated":true}]}}