{"id":4488,"date":"2022-02-11T11:07:20","date_gmt":"2022-02-11T11:07:20","guid":{"rendered":"https:\/\/elfsight.com\/es\/?page_id=4488"},"modified":"2025-02-06T15:24:15","modified_gmt":"2025-02-06T15:24:15","slug":"blogger","status":"publish","type":"page","link":"https:\/\/elfsight.com\/es\/age-verification-widget\/blogger\/","title":{"rendered":"Age Verification &#8211; Blogger"},"content":{"rendered":"<div class=\"application-platform-content-item-description application-platform-content-item\" id=\"description\" data-nav-section=\"description\"> <h2>Descripci\u00f3n<\/h2> <p>El widget de Elfsight ser\u00e1 la herramienta m\u00e1s f\u00e1cil para obtener una ventana emergente que verifique la edad de un visitante. El widget hace que tu material con restricci\u00f3n de edad sea accesible para los usuarios adultos y lo oculta de la categor\u00eda de menores. Puedes establecer una limitaci\u00f3n de edad requerida, especificar el m\u00e9todo de verificaci\u00f3n, colocar el widget en todas las p\u00e1ginas o solo en algunas seleccionadas, y elegir el escenario. La interfaz tambi\u00e9n est\u00e1 bajo tu control, con detalles personalizables y la opci\u00f3n de cargar tus propias im\u00e1genes. <\/p> <div class=\"faq\" data-component=\"FAQ\"> <div class=\"faq-item\">\r\n\t\t\t\t\t<div class=\"faq-item-question\">\r\n\t\t\t\t\t\t<h3 class=\"faq-item-question-text\">\u00bfD\u00f3nde puedo instalarlo en mi sitio?<\/h3>\r\n\r\n\t\t\t\t\t\t<div class=\"faq-item-question-icon\"><\/div>\r\n\t\t\t\t\t<\/div>\r\n\r\n\t\t\t\t\t<div class=\"faq-item-answer\">\r\n\t\t\t\t\t\t<div class=\"faq-item-answer-text\"> <p>Puedes mostrar la ventana emergente de verificaci\u00f3n de edad en todo el sitio web o seleccionar las p\u00e1ginas en las que mostrarla. Adem\u00e1s, existe la opci\u00f3n de excluir las p\u00e1ginas en las que no la necesitas. <\/p> <\/div>\r\n\t\t\t\t\t<\/div>\r\n\t\t\t\t<\/div> <div class=\"faq-item\">\r\n\t\t\t\t\t<div class=\"faq-item-question\">\r\n\t\t\t\t\t\t<h3 class=\"faq-item-question-text\">\u00bfC\u00f3mo puedo beneficiarme de este complemento? <\/h3>\r\n\r\n\t\t\t\t\t\t<div class=\"faq-item-question-icon\"><\/div>\r\n\t\t\t\t\t<\/div>\r\n\r\n\t\t\t\t\t<div class=\"faq-item-answer\">\r\n\t\t\t\t\t\t<div class=\"faq-item-answer-text\"> <p>Usando este widget, es muy f\u00e1cil y r\u00e1pido mostrar una ventana de verificaci\u00f3n de edad y hacer que tu material no est\u00e9 disponible para los visitantes menores de edad. De este modo, estar\u00e1s seguro de que tu sitio web cumple con la legislaci\u00f3n. Adem\u00e1s, esto atraer\u00e1 a m\u00e1s visitantes objetivo y clientes potenciales v\u00e1lidos. <\/p> <\/div>\r\n\t\t\t\t\t<\/div>\r\n\t\t\t\t<\/div> <div class=\"faq-item\">\r\n\t\t\t\t\t<div class=\"faq-item-question\">\r\n\t\t\t\t\t\t<h3 class=\"faq-item-question-text\">\u00bfC\u00f3mo a\u00f1ado la verificaci\u00f3n de edad en mi sitio de Blogger? <\/h3>\r\n\r\n\t\t\t\t\t\t<div class=\"faq-item-question-icon\"><\/div>\r\n\t\t\t\t\t<\/div>\r\n\r\n\t\t\t\t\t<div class=\"faq-item-answer\">\r\n\t\t\t\t\t\t<div class=\"faq-item-answer-text\"> <p>Solo necesitar\u00e1s dos minutos para configurarlo. La instalaci\u00f3n es realmente r\u00e1pida, gratuita y no requiere programaci\u00f3n. <\/p> <p>La verificaci\u00f3n de edad de Elfsight se puede integrar a trav\u00e9s de nuestro servicio o a trav\u00e9s del mercado. Aqu\u00ed puedes comparar las ventajas de ambas opciones y elegir la que m\u00e1s te convenga. <\/p> <\/div>\r\n\t\t\t\t\t<\/div>\r\n\t\t\t\t<\/div> <\/div> <\/div> <div class=\"application-platform-content-item-features application-platform-content-item\" id=\"features\" data-nav-section=\"features\"> <h2>Caracter\u00edsticas<\/h2> <p>Para formar una comprensi\u00f3n m\u00e1s clara del widget, consulta la lista de las principales caracter\u00edsticas. Estas hacen que el widget sea incre\u00edblemente eficaz para ti: <\/p> <ul><li>Elige uno de tres formatos de verificaci\u00f3n: solicitar la fecha completa de nacimiento, solo el a\u00f1o de nacimiento, o una pregunta con opciones de S\u00ed y No; <\/li><li>La opci\u00f3n de recordar a los usuarios por cualquier cantidad de tiempo; <\/li><li>2 escenarios para los visitantes desanimados: mostrar un texto personalizado o dirigir al usuario a cualquier direcci\u00f3n; <\/li><li>Agregar tu propia imagen al popup de verificaci\u00f3n; <\/li><li>Mostrar detalles adicionales con enlaces debajo del bot\u00f3n de verificaci\u00f3n. <\/li><\/ul><p><a href=\"#demo\">La demostraci\u00f3n en vivo te mostrar\u00e1 todas las caracter\u00edsticas<\/a><\/p> <\/div> <div class=\"application-platform-content-item-installation application-platform-content-item\" id=\"installation\" data-nav-section=\"installation\"> <h2>Ve c\u00f3mo agregar el widget de verificaci\u00f3n de edad en tu sitio de Blogger. Es r\u00e1pido.<\/h2> <div class=\"video-container\"><iframe width=\"720\" height=\"405\" src=\"https:\/\/www.youtube.com\/embed\/5tEa0-ah-0E\" frameborder=\"0\" allowfullscreen=\"\"><\/iframe><\/div><p>Los siguientes pasos son todo lo que necesitas hacer. <\/p> <ol><li><b>Genera tu complemento de verificaci\u00f3n de edad personal<\/b><br> Usando nuestro configurador gratuito, configura un complemento con el dise\u00f1o y las funciones seleccionadas. <\/li><li><b>Copia el c\u00f3digo individual para mostrar el complemento<\/b><br> Despu\u00e9s de personalizar tu widget, recibir\u00e1s el c\u00f3digo de instalaci\u00f3n desde la notificaci\u00f3n emergente en Elfsight Apps. C\u00f3pialo.<\/li> <li><b>El complemento en tu sitio de Muse<\/b><br> Elige el \u00e1rea en la que te gustar\u00eda insertar el complemento y pega el c\u00f3digo copiado all\u00ed. Guarda los cambios. <\/li> <li><b>\u00a1Felicidades! \u00a1Acabas de publicar el widget! <\/b><br> Visita la p\u00e1gina web para ver tu complemento. <\/li> <\/ol><p>\u00bfA\u00fan tienes dudas? \u00bfO preguntas? Simplemente haz una solicitud a nuestro servicio al cliente, y resolveremos cualquier tipo de problema. <\/p> <\/div>","protected":false},"excerpt":{"rendered":"","protected":false},"author":18,"featured_media":0,"parent":373,"menu_order":0,"comment_status":"closed","ping_status":"closed","template":"templates\/template-application-platform.php","meta":{"publish_to_discourse":"","publish_post_category":"","wpdc_auto_publish_overridden":"","wpdc_topic_tags":"","wpdc_pin_topic":"","wpdc_pin_until":"","discourse_post_id":"","discourse_permalink":"","wpdc_publishing_response":"","wpdc_publishing_error":"","footnotes":""},"class_list":["post-4488","page","type-page","status-publish","hentry"],"yoast_head":"<!-- This site is optimized with the Yoast SEO plugin v25.3.1 - https:\/\/yoast.com\/wordpress\/plugins\/seo\/ -->\n<title>Verificaci\u00f3n de la Edad - Agregar widget de Comprobaci\u00f3n de la Edad al Blogger<\/title>\n<meta name=\"description\" content=\"Incrusta un plugin interactivo de Verificaci\u00f3n de la Edad en su p\u00e1gina web de Blogger. Aplique la demo de Elfsight intuitiva y cree su widget personalizado.\" \/>\n<meta name=\"robots\" content=\"index, follow, max-snippet:-1, max-image-preview:large, max-video-preview:-1\" \/>\n<link rel=\"canonical\" href=\"https:\/\/elfsight.com\/es\/age-verification-widget\/blogger\/\" \/>\n<meta property=\"og:locale\" content=\"es_ES\" \/>\n<meta property=\"og:type\" content=\"article\" \/>\n<meta property=\"og:title\" content=\"Verificaci\u00f3n de la Edad - Agregar widget de Comprobaci\u00f3n de la Edad al Blogger\" \/>\n<meta property=\"og:description\" content=\"Incrusta un plugin interactivo de Verificaci\u00f3n de la Edad en su p\u00e1gina web de Blogger. Aplique la demo de Elfsight intuitiva y cree su widget personalizado.\" \/>\n<meta property=\"og:url\" content=\"https:\/\/elfsight.com\/es\/age-verification-widget\/blogger\/\" \/>\n<meta property=\"og:site_name\" content=\"Elfsight ES\" \/>\n<meta property=\"article:modified_time\" content=\"2025-02-06T15:24:15+00:00\" \/>\n<meta name=\"twitter:card\" content=\"summary_large_image\" \/>\n<meta name=\"twitter:label1\" content=\"Tiempo de lectura\" \/>\n\t<meta name=\"twitter:data1\" content=\"2 minutos\" \/>\n<!-- \/ Yoast SEO plugin. -->","yoast_head_json":{"title":"Verificaci\u00f3n de la Edad - Agregar widget de Comprobaci\u00f3n de la Edad al Blogger","description":"Incrusta un plugin interactivo de Verificaci\u00f3n de la Edad en su p\u00e1gina web de Blogger. Aplique la demo de Elfsight intuitiva y cree su widget personalizado.","robots":{"index":"index","follow":"follow","max-snippet":"max-snippet:-1","max-image-preview":"max-image-preview:large","max-video-preview":"max-video-preview:-1"},"canonical":"https:\/\/elfsight.com\/es\/age-verification-widget\/blogger\/","og_locale":"es_ES","og_type":"article","og_title":"Verificaci\u00f3n de la Edad - Agregar widget de Comprobaci\u00f3n de la Edad al Blogger","og_description":"Incrusta un plugin interactivo de Verificaci\u00f3n de la Edad en su p\u00e1gina web de Blogger. Aplique la demo de Elfsight intuitiva y cree su widget personalizado.","og_url":"https:\/\/elfsight.com\/es\/age-verification-widget\/blogger\/","og_site_name":"Elfsight ES","article_modified_time":"2025-02-06T15:24:15+00:00","twitter_card":"summary_large_image","twitter_misc":{"Tiempo de lectura":"2 minutos"},"schema":{"@context":"https:\/\/schema.org","@graph":[{"@type":"WebPage","@id":"https:\/\/elfsight.com\/es\/age-verification-widget\/blogger\/","url":"https:\/\/elfsight.com\/es\/age-verification-widget\/blogger\/","name":"Verificaci\u00f3n de la Edad - Agregar widget de Comprobaci\u00f3n de la Edad al Blogger","isPartOf":{"@id":"https:\/\/elfsight.com\/es\/#website"},"datePublished":"2022-02-11T11:07:20+00:00","dateModified":"2025-02-06T15:24:15+00:00","description":"Incrusta un plugin interactivo de Verificaci\u00f3n de la Edad en su p\u00e1gina web de Blogger. Aplique la demo de Elfsight intuitiva y cree su widget personalizado.","breadcrumb":{"@id":"https:\/\/elfsight.com\/es\/age-verification-widget\/blogger\/#breadcrumb"},"inLanguage":"es","potentialAction":[{"@type":"ReadAction","target":["https:\/\/elfsight.com\/es\/age-verification-widget\/blogger\/"]}]},{"@type":"BreadcrumbList","@id":"https:\/\/elfsight.com\/es\/age-verification-widget\/blogger\/#breadcrumb","itemListElement":[{"@type":"ListItem","position":1,"name":"Home","item":"https:\/\/elfsight.com\/es\/"},{"@type":"ListItem","position":2,"name":"Age Verification","item":"https:\/\/elfsight.com\/es\/age-verification-widget\/"},{"@type":"ListItem","position":3,"name":"Age Verification &#8211; Blogger"}]},{"@type":"WebSite","@id":"https:\/\/elfsight.com\/es\/#website","url":"https:\/\/elfsight.com\/es\/","name":"Elfsight ES","description":"Just another Elfsight Sites site","potentialAction":[{"@type":"SearchAction","target":{"@type":"EntryPoint","urlTemplate":"https:\/\/elfsight.com\/es\/?s={search_term_string}"},"query-input":{"@type":"PropertyValueSpecification","valueRequired":true,"valueName":"search_term_string"}}],"inLanguage":"es"}]}},"meta_box":{"industry":"","seo_heading":"","heading":"","description":"","cta_heading":"","cta_description":"","application":"366","h1":"widget de Verificaci\u00f3n de la Edad para Blogger","h1_caption":"Aseg\u00farese de que se acceda al contenido sensible a la edad de manera responsable con un widget de verificaci\u00f3n de edad simple y personalizable en su sitio web de Blogger sin esfuerzo.","application_category":[],"applications_title":"","applications_request_title":"","applications_request_button_text":"","hero_text":"","hero_video":"","hero_video_schema_markup":"","selling_points_title":"","selling_points_caption":"","selling_points":[],"selling_points_cta_text":"","features_title":"","features":"","ed_cta_examples_text":"","ed_cta_examples_hidden":"","ed_cta_demo_text":"","ed_cta_demo_hidden":"","why_caption":"","why_editor_title":"","why_editor_text":"","why_team_title":"","why_team_text":"","why_service_title":"","why_service_text":"","template_catalog_visible":"","template_catalog_title":"","template_catalog_text":"","template_catalog_categories_visible":"","demo_title":"Crea tu widget de verificaci\u00f3n de edad","demo_caption":"\u00a1Configure su verificaci\u00f3n de edad y agr\u00e9guela a su sitio web de Blogger de forma gratuita!","default_faq_hidden":"","app_template_category":[],"platform":"39","template_public_id":"","codecanyon_url":"","codecanyon_item_id":"","codecanyon_price":"","pricing_caption":"","pricing_elfsight_apps_hide_column":"","pricing_elfsight_apps_url":"","pricing_codecanyon_price_caption":"","integration_category":[],"integration_request_title":"","integration_request_cta":"","integration_platform":"","integrations":[],"platform_category":[],"video_schema_markup":"","price":"desde $0 por mes","trial":"","benefits":[{"text":"Instalaci\u00f3n gratuita"},{"text":"Soporte Premium"},{"text":"14 d\u00edas garant\u00eda de reembolso"},{"text":"Actualizaciones regulares"}],"button_url":"#demo","button_target_blank":"0","button_nofollow":"0","attributes":[{"name":"Responsivo","content":"Si","_state":"expanded"},{"name":"Navegadores compatibles","content":"Firefox, Safari, Opera, Chrome, Edge","_state":"expanded"}],"tags":[],"tags_disable_links":"0","hide_more_platforms":"","video_object":"","demo_hide_cta":"0","demo_hide_cloud_options":"0","pricing_title":"","pricing":[{"pricing_icon":"platform","pricing_title":" Elfsight Apps","pricing_title_caption":"Soluci\u00f3n multiplataforma - valido para cualquier p\u00e1gina web","pricing_price":"desde $0 por mes","pricing_price_caption":"empezar con un plan gratuito","pricing_benefits":[{"text":"Sitios web ilimitados"},{"text":"Atenci\u00f3n al cliente gratuita y r\u00e1pida"},{"text":"Servicio de instalaci\u00f3n gratuito"},{"text":"Totalmente personalizable"}],"pricing_button_text":"Agregar al sitio web","pricing_button_url":"#demo","_state":"expanded"}],"related_apps_title":"","related_apps_hidden":"1","author":"","image":[],"title":"","job":"","social_networks":[]},"_links":{"self":[{"href":"https:\/\/elfsight.com\/es\/wp-json\/wp\/v2\/pages\/4488","targetHints":{"allow":["GET"]}}],"collection":[{"href":"https:\/\/elfsight.com\/es\/wp-json\/wp\/v2\/pages"}],"about":[{"href":"https:\/\/elfsight.com\/es\/wp-json\/wp\/v2\/types\/page"}],"author":[{"embeddable":true,"href":"https:\/\/elfsight.com\/es\/wp-json\/wp\/v2\/users\/18"}],"replies":[{"embeddable":true,"href":"https:\/\/elfsight.com\/es\/wp-json\/wp\/v2\/comments?post=4488"}],"version-history":[{"count":3,"href":"https:\/\/elfsight.com\/es\/wp-json\/wp\/v2\/pages\/4488\/revisions"}],"predecessor-version":[{"id":18235,"href":"https:\/\/elfsight.com\/es\/wp-json\/wp\/v2\/pages\/4488\/revisions\/18235"}],"up":[{"embeddable":true,"href":"https:\/\/elfsight.com\/es\/wp-json\/wp\/v2\/pages\/373"}],"wp:attachment":[{"href":"https:\/\/elfsight.com\/es\/wp-json\/wp\/v2\/media?parent=4488"}],"curies":[{"name":"wp","href":"https:\/\/api.w.org\/{rel}","templated":true}]}}