{"id":4486,"date":"2022-02-11T11:07:14","date_gmt":"2022-02-11T11:07:14","guid":{"rendered":"https:\/\/elfsight.com\/es\/?page_id=4486"},"modified":"2025-02-06T15:24:15","modified_gmt":"2025-02-06T15:24:15","slug":"godaddy","status":"publish","type":"page","link":"https:\/\/elfsight.com\/es\/event-calendar-widget\/godaddy\/","title":{"rendered":"Event Calendar &#8211; GoDaddy"},"content":{"rendered":"<div class=\"application-platform-content-item-description application-platform-content-item\" id=\"description\" data-nav-section=\"description\"> <h2>Incorpora el Calendario de Eventos con el Widget de Elfsight<\/h2> <p>El Calendario de Eventos de Elfsight para GoDaddy es una poderosa aplicaci\u00f3n que te permite compartir f\u00e1cilmente tus eventos con el resto del mundo. Tiene muchas opciones para mostrar los eventos pr\u00f3ximos de la manera m\u00e1s representativa. Personal\u00edzalo para que el dise\u00f1o combine con la est\u00e9tica de tu p\u00e1gina. Forma m\u00faltiples eventos, agrega diferentes etiquetas, sube tus propias im\u00e1genes y videos, y mant\u00e9n a los usuarios actualizados sobre tu agenda. <\/p> <p><b>El Calendario de Eventos puede ayudarte a mostrar tus futuras actividades y aumentar la tasa de participaci\u00f3n en tu sitio web.<\/b><\/p> <\/div> <div class=\"application-platform-content-item-features application-platform-content-item\" id=\"features\" data-nav-section=\"features\"> <h2>Principales caracter\u00edsticas de la aplicaci\u00f3n Calendario de Eventos<\/h2> <p>Aqu\u00ed puedes ver todas las caracter\u00edsticas funcionales del Calendario de Eventos. Est\u00e1n disponibles directamente en el editor y te ayudar\u00e1n a configurar el complemento de acuerdo con tus necesidades. <\/p> <ul> <li>Utiliza opciones de contenido adaptables para acomodar el calendario a tu tipo de eventos. <\/li> <li>Ayuda a los usuarios a agregar tus eventos a sus calendarios comunes. <\/li> <li>Genera varios tipos de eventos, especifica ubicaciones y agrega anfitriones. <\/li> <li>Clasifica todas tus actividades y as\u00edgnales etiquetas. <\/li> <li>Distingue entre 4 opciones de dise\u00f1o. <\/li> <\/ul> <p><a href=\"#demo\">Revisa c\u00f3mo funcionan todas las caracter\u00edsticas en nuestra demostraci\u00f3n<\/a><\/p> <\/div> <div class=\"application-platform-content-item-installation application-platform-content-item\" id=\"installation\" data-nav-section=\"installation\"> <h2>\u00bfC\u00f3mo incorporar el Calendario de Eventos en GoDaddy?<\/h2> <p>Para incorporar el Calendario de Eventos, solo tienes que seguir algunos pasos r\u00e1pidos. <\/p> <ul> <li><b>Dise\u00f1a tu complemento de Calendario personalizado<\/b><br> Usando nuestro editor gratuito, crea un complemento con el dise\u00f1o y la funcionalidad seleccionados. <\/li> <li><b>Copia el c\u00f3digo personal para integrar el complemento<\/b><br> Despu\u00e9s de configurar tu complemento, recibir\u00e1s el c\u00f3digo individual de la notificaci\u00f3n que aparece en Elfsight Apps. Copia el c\u00f3digo. <\/li> <li><b>Integra el complemento en tu sitio web<\/b><br> Ve al \u00e1rea donde necesitas insertar el complemento y pega el c\u00f3digo copiado all\u00ed. Guarda los resultados. <\/li> <li><b>\u00a1La integraci\u00f3n es exitosa! <\/b><br> Visita la tienda para ver tu complemento. <\/li> <\/ul> <p>No dudes en ponerte en contacto con nuestro soporte al cliente si necesitas ayuda o tienes problemas. Estaremos encantados de ayudarte con cualquier solicitud. <\/p> <\/div><div class=\"faq\" data-component=\"FAQ\"><div class=\"faq-item\">\r\n\t\t\t\t\t<div class=\"faq-item-question\">\r\n\t\t\t\t\t\t<h3 class=\"faq-item-question-text\">\u00bfHay alguna forma de incorporar el Calendario de Eventos a mi sitio de GoDaddy sin experiencia en codificaci\u00f3n?<\/h3>\r\n\r\n\t\t\t\t\t\t<div class=\"faq-item-question-icon\"><\/div>\r\n\t\t\t\t\t<\/div>\r\n\r\n\t\t\t\t\t<div class=\"faq-item-answer\">\r\n\t\t\t\t\t\t<div class=\"faq-item-answer-text\"><p>La empresa Elfsight presenta una soluci\u00f3n que permite a las personas crear una secci\u00f3n de Calendario de Eventos por s\u00ed mismas, aprende los sencillos pasos: <\/p><ul><li>Ve al Editor en l\u00ednea para crear el complemento de Calendario de Eventos que deseas integrar en tu GoDaddy.<\/li><li>Elige una de las plantillas pre-dise\u00f1adas y cambia la configuraci\u00f3n del Calendario de Eventos, cambia el dise\u00f1o y el color de los elementos, agrega tu contenido sin necesidad de codificaci\u00f3n.<\/li><li>Guarda la configuraci\u00f3n que hayas hecho en el Calendario de Eventos y obt\u00e9n su c\u00f3digo de instalaci\u00f3n, que puedes pegar en tu p\u00e1gina de GoDaddy utilizando un plan gratuito.<\/li><\/ul><p>Trabajando con nuestro Configurador f\u00e1cil de usar, cualquier usuario de internet puede crear un widget de Calendario de Eventos en l\u00ednea e integrarlo f\u00e1cilmente en su sitio de GoDaddy. No necesitas obtener un plan de pago ni enviar los datos de tu tarjeta para acceder a nuestro Editor. Si tienes alg\u00fan problema en cualquier paso, no dudes en hablar con nuestro personal de soporte t\u00e9cnico.<\/p><\/div>\r\n\t\t\t\t\t<\/div>\r\n\t\t\t\t<\/div><\/div>","protected":false},"excerpt":{"rendered":"","protected":false},"author":18,"featured_media":0,"parent":1575,"menu_order":0,"comment_status":"closed","ping_status":"closed","template":"templates\/template-application-platform.php","meta":{"publish_to_discourse":"","publish_post_category":"","wpdc_auto_publish_overridden":"","wpdc_topic_tags":"","wpdc_pin_topic":"","wpdc_pin_until":"","discourse_post_id":"","discourse_permalink":"","wpdc_publishing_response":"","wpdc_publishing_error":"","footnotes":""},"class_list":["post-4486","page","type-page","status-publish","hentry"],"yoast_head":"<!-- This site is optimized with the Yoast SEO plugin v25.3.1 - https:\/\/yoast.com\/wordpress\/plugins\/seo\/ -->\n<title>Calendario de eventos - Incluir widget de Evento Calendario al GoDaddy<\/title>\n<meta name=\"description\" content=\"Instala un widget hermoso de Calendario de eventos en su sitio de GoDaddy. Aplique la demo de Elfsight manejable y genere su widget \u00fanico.\" \/>\n<meta name=\"robots\" content=\"index, follow, max-snippet:-1, max-image-preview:large, max-video-preview:-1\" \/>\n<link rel=\"canonical\" href=\"https:\/\/elfsight.com\/es\/event-calendar-widget\/godaddy\/\" \/>\n<meta property=\"og:locale\" content=\"es_ES\" \/>\n<meta property=\"og:type\" content=\"article\" \/>\n<meta property=\"og:title\" content=\"Calendario de eventos - Incluir widget de Evento Calendario al GoDaddy\" \/>\n<meta property=\"og:description\" content=\"Instala un widget hermoso de Calendario de eventos en su sitio de GoDaddy. Aplique la demo de Elfsight manejable y genere su widget \u00fanico.\" \/>\n<meta property=\"og:url\" content=\"https:\/\/elfsight.com\/es\/event-calendar-widget\/godaddy\/\" \/>\n<meta property=\"og:site_name\" content=\"Elfsight ES\" \/>\n<meta property=\"article:modified_time\" content=\"2025-02-06T15:24:15+00:00\" \/>\n<meta name=\"twitter:card\" content=\"summary_large_image\" \/>\n<meta name=\"twitter:label1\" content=\"Tiempo de lectura\" \/>\n\t<meta name=\"twitter:data1\" content=\"1 minuto\" \/>\n<!-- \/ Yoast SEO plugin. -->","yoast_head_json":{"title":"Calendario de eventos - Incluir widget de Evento Calendario al GoDaddy","description":"Instala un widget hermoso de Calendario de eventos en su sitio de GoDaddy. Aplique la demo de Elfsight manejable y genere su widget \u00fanico.","robots":{"index":"index","follow":"follow","max-snippet":"max-snippet:-1","max-image-preview":"max-image-preview:large","max-video-preview":"max-video-preview:-1"},"canonical":"https:\/\/elfsight.com\/es\/event-calendar-widget\/godaddy\/","og_locale":"es_ES","og_type":"article","og_title":"Calendario de eventos - Incluir widget de Evento Calendario al GoDaddy","og_description":"Instala un widget hermoso de Calendario de eventos en su sitio de GoDaddy. Aplique la demo de Elfsight manejable y genere su widget \u00fanico.","og_url":"https:\/\/elfsight.com\/es\/event-calendar-widget\/godaddy\/","og_site_name":"Elfsight ES","article_modified_time":"2025-02-06T15:24:15+00:00","twitter_card":"summary_large_image","twitter_misc":{"Tiempo de lectura":"1 minuto"},"schema":{"@context":"https:\/\/schema.org","@graph":[{"@type":"WebPage","@id":"https:\/\/elfsight.com\/es\/event-calendar-widget\/godaddy\/","url":"https:\/\/elfsight.com\/es\/event-calendar-widget\/godaddy\/","name":"Calendario de eventos - Incluir widget de Evento Calendario al GoDaddy","isPartOf":{"@id":"https:\/\/elfsight.com\/es\/#website"},"datePublished":"2022-02-11T11:07:14+00:00","dateModified":"2025-02-06T15:24:15+00:00","description":"Instala un widget hermoso de Calendario de eventos en su sitio de GoDaddy. Aplique la demo de Elfsight manejable y genere su widget \u00fanico.","breadcrumb":{"@id":"https:\/\/elfsight.com\/es\/event-calendar-widget\/godaddy\/#breadcrumb"},"inLanguage":"es","potentialAction":[{"@type":"ReadAction","target":["https:\/\/elfsight.com\/es\/event-calendar-widget\/godaddy\/"]}]},{"@type":"BreadcrumbList","@id":"https:\/\/elfsight.com\/es\/event-calendar-widget\/godaddy\/#breadcrumb","itemListElement":[{"@type":"ListItem","position":1,"name":"Home","item":"https:\/\/elfsight.com\/es\/"},{"@type":"ListItem","position":2,"name":"Event Calendar","item":"https:\/\/elfsight.com\/es\/event-calendar-widget\/"},{"@type":"ListItem","position":3,"name":"Event Calendar &#8211; GoDaddy"}]},{"@type":"WebSite","@id":"https:\/\/elfsight.com\/es\/#website","url":"https:\/\/elfsight.com\/es\/","name":"Elfsight ES","description":"Just another Elfsight Sites site","potentialAction":[{"@type":"SearchAction","target":{"@type":"EntryPoint","urlTemplate":"https:\/\/elfsight.com\/es\/?s={search_term_string}"},"query-input":{"@type":"PropertyValueSpecification","valueRequired":true,"valueName":"search_term_string"}}],"inLanguage":"es"}]}},"meta_box":{"industry":"","seo_heading":"","heading":"","description":"","cta_heading":"","cta_description":"","application":"1574","h1":"widget de Calendario de eventos para GoDaddy","h1_caption":"Administre y comparta eventos en su sitio web con un calendario de eventos interactivo y f\u00e1cil de usar en su sitio web de GoDaddy sin esfuerzo.","application_category":[],"applications_title":"","applications_request_title":"","applications_request_button_text":"","hero_text":"","hero_video":"","hero_video_schema_markup":"","selling_points_title":"","selling_points_caption":"","selling_points":[],"selling_points_cta_text":"","features_title":"","features":"","ed_cta_examples_text":"","ed_cta_examples_hidden":"","ed_cta_demo_text":"","ed_cta_demo_hidden":"","why_caption":"","why_editor_title":"","why_editor_text":"","why_team_title":"","why_team_text":"","why_service_title":"","why_service_text":"","template_catalog_visible":"","template_catalog_title":"","template_catalog_text":"","template_catalog_categories_visible":"","demo_title":"Crea tu complemento de calendario de eventos","demo_caption":"\u00a1Configura tu calendario de eventos y agr\u00e9galo a tu sitio web de GoDaddy gratis!","default_faq_hidden":"","app_template_category":[],"platform":"2183","template_public_id":"","codecanyon_url":"","codecanyon_item_id":"","codecanyon_price":"","pricing_caption":"","pricing_elfsight_apps_hide_column":"","pricing_elfsight_apps_url":"","pricing_codecanyon_price_caption":"","integration_category":[],"integration_request_title":"","integration_request_cta":"","integration_platform":"","integrations":[],"platform_category":[],"video_schema_markup":"","price":"desde $0 por mes","trial":"","benefits":[{"text":"Instalaci\u00f3n gratuita"},{"text":"Soporte Premium"},{"text":"14 d\u00edas garant\u00eda de reembolso"},{"text":"Actualizaciones regulares"}],"button_url":"#demo","button_target_blank":"0","button_nofollow":"0","attributes":[{"name":"Responsivo","content":"Si","_state":"expanded"},{"name":"Navegadores compatibles","content":"Firefox, Safari, Opera, Chrome, Edge","_state":"expanded"}],"tags":[],"tags_disable_links":"0","hide_more_platforms":"","video_object":"","demo_hide_cta":"0","demo_hide_cloud_options":"0","pricing_title":"","pricing":[{"pricing_icon":"platform","pricing_title":" Elfsight Apps","pricing_title_caption":"Soluci\u00f3n multiplataforma - valido para cualquier p\u00e1gina web","pricing_price":"desde $0 por mes","pricing_price_caption":"empezar con un plan gratuito","pricing_benefits":[{"text":"Sitios web ilimitados"},{"text":"Atenci\u00f3n al cliente gratuita y r\u00e1pida"},{"text":"Servicio de instalaci\u00f3n gratuito"},{"text":"Totalmente personalizable"}],"pricing_button_text":"Agregar al sitio web","pricing_button_url":"#demo","_state":"expanded"}],"related_apps_title":"","related_apps_hidden":"1","author":"","image":[],"title":"","job":"","social_networks":[]},"_links":{"self":[{"href":"https:\/\/elfsight.com\/es\/wp-json\/wp\/v2\/pages\/4486","targetHints":{"allow":["GET"]}}],"collection":[{"href":"https:\/\/elfsight.com\/es\/wp-json\/wp\/v2\/pages"}],"about":[{"href":"https:\/\/elfsight.com\/es\/wp-json\/wp\/v2\/types\/page"}],"author":[{"embeddable":true,"href":"https:\/\/elfsight.com\/es\/wp-json\/wp\/v2\/users\/18"}],"replies":[{"embeddable":true,"href":"https:\/\/elfsight.com\/es\/wp-json\/wp\/v2\/comments?post=4486"}],"version-history":[{"count":3,"href":"https:\/\/elfsight.com\/es\/wp-json\/wp\/v2\/pages\/4486\/revisions"}],"predecessor-version":[{"id":18236,"href":"https:\/\/elfsight.com\/es\/wp-json\/wp\/v2\/pages\/4486\/revisions\/18236"}],"up":[{"embeddable":true,"href":"https:\/\/elfsight.com\/es\/wp-json\/wp\/v2\/pages\/1575"}],"wp:attachment":[{"href":"https:\/\/elfsight.com\/es\/wp-json\/wp\/v2\/media?parent=4486"}],"curies":[{"name":"wp","href":"https:\/\/api.w.org\/{rel}","templated":true}]}}