{"id":4484,"date":"2022-02-11T11:07:07","date_gmt":"2022-02-11T11:07:07","guid":{"rendered":"https:\/\/elfsight.com\/es\/?page_id=4484"},"modified":"2025-02-06T15:24:15","modified_gmt":"2025-02-06T15:24:15","slug":"bigcommerce","status":"publish","type":"page","link":"https:\/\/elfsight.com\/es\/age-verification-widget\/bigcommerce\/","title":{"rendered":"Age Verification &#8211; BigCommerce"},"content":{"rendered":"<div class=\"application-platform-content-item-description application-platform-content-item\" id=\"description\" data-nav-section=\"description\"> <h2>Descripci\u00f3n<\/h2> <p>Nuestro widget ser\u00e1 la forma m\u00e1s sencilla de configurar una ventana emergente inmediata, que verificar\u00e1 la edad de un usuario. Nuestro widget ayuda a hacer que el material sensible a la edad sea accesible para los usuarios adultos y lo desactiva para los visitantes menores de edad. Puedes establecer el l\u00edmite de edad, elegir el formato de verificaci\u00f3n, colocar la ventana emergente en todo el sitio o solo en p\u00e1ginas espec\u00edficas, y asignar la acci\u00f3n. La apariencia tambi\u00e9n puede ser adaptada, con detalles personalizables y la opci\u00f3n de mostrar tus propias im\u00e1genes. <\/p> <div class=\"faq\" data-component=\"FAQ\"> <div class=\"faq-item\">\r\n\t\t\t\t\t<div class=\"faq-item-question\">\r\n\t\t\t\t\t\t<h3 class=\"faq-item-question-text\">\u00bfD\u00f3nde puedo insertar la verificaci\u00f3n de edad?<\/h3>\r\n\r\n\t\t\t\t\t\t<div class=\"faq-item-question-icon\"><\/div>\r\n\t\t\t\t\t<\/div>\r\n\r\n\t\t\t\t\t<div class=\"faq-item-answer\">\r\n\t\t\t\t\t\t<div class=\"faq-item-answer-text\"> <p>Puedes elegir mostrar la ventana de verificaci\u00f3n de edad en todas las p\u00e1ginas o seleccionar las p\u00e1ginas en las que integrarla. Adem\u00e1s, existe la opci\u00f3n de elegir las p\u00e1ginas en las que no la deseas. <\/p> <\/div>\r\n\t\t\t\t\t<\/div>\r\n\t\t\t\t<\/div> <div class=\"faq-item\">\r\n\t\t\t\t\t<div class=\"faq-item-question\">\r\n\t\t\t\t\t\t<h3 class=\"faq-item-question-text\">\u00bfC\u00f3mo me beneficiar\u00e9 de esto? <\/h3>\r\n\r\n\t\t\t\t\t\t<div class=\"faq-item-question-icon\"><\/div>\r\n\t\t\t\t\t<\/div>\r\n\r\n\t\t\t\t\t<div class=\"faq-item-answer\">\r\n\t\t\t\t\t\t<div class=\"faq-item-answer-text\"> <p>Con la ayuda de nuestro widget, es extremadamente f\u00e1cil y r\u00e1pido crear una ventana de verificaci\u00f3n de edad y desactivar los visitantes menores de edad. Esto ayudar\u00e1 a asegurarte de que tu sitio web cumpla con la legislaci\u00f3n. Adem\u00e1s, atraer\u00e1 a m\u00e1s visitantes objetivos y clientes v\u00e1lidos. <\/p> <\/div>\r\n\t\t\t\t\t<\/div>\r\n\t\t\t\t<\/div> <div class=\"faq-item\">\r\n\t\t\t\t\t<div class=\"faq-item-question\">\r\n\t\t\t\t\t\t<h3 class=\"faq-item-question-text\">\u00bfC\u00f3mo agrego la verificaci\u00f3n de edad en mi sitio de BigCommerce? <\/h3>\r\n\r\n\t\t\t\t\t\t<div class=\"faq-item-question-icon\"><\/div>\r\n\t\t\t\t\t<\/div>\r\n\r\n\t\t\t\t\t<div class=\"faq-item-answer\">\r\n\t\t\t\t\t\t<div class=\"faq-item-answer-text\"> <p>Solo te tomar\u00e1 un minuto activar el widget. La instalaci\u00f3n es muy r\u00e1pida, gratuita y no requiere codificaci\u00f3n. <\/p> <p>El widget puede ser integrado directamente en nuestro servicio o a trav\u00e9s del mercado. Puedes comparar ambas opciones y elegir la que m\u00e1s te convenga.<\/p> <\/div>\r\n\t\t\t\t\t<\/div>\r\n\t\t\t\t<\/div> <\/div> <\/div> <div class=\"application-platform-content-item-features application-platform-content-item\" id=\"features\" data-nav-section=\"features\"> <h2>Caracter\u00edsticas<\/h2> <p>Para tener una mejor idea del widget, consulta la lista de sus caracter\u00edsticas principales. Estas hacen que este widget sea realmente eficiente para tu tienda: <\/p> <ul><li>Elige uno de los tres tipos de verificaci\u00f3n: solicitar la fecha completa de nacimiento, solo el a\u00f1o de nacimiento, o una pregunta con respuestas de S\u00ed y No; <\/li><li>Configura el widget para recordar al visitante por cualquier cantidad de tiempo en d\u00edas; <\/li><li>Dos escenarios posibles para los visitantes menores de edad: mostrar un texto o dirigir al usuario a otra direcci\u00f3n; <\/li><li>Cargar cualquier imagen para la ventana emergente de verificaci\u00f3n; <\/li><li>Mostrar texto adicional con enlaces debajo del bot\u00f3n de verificaci\u00f3n. <\/li><\/ul><p><a href=\"#demo\">Mira todas las caracter\u00edsticas en nuestra demostraci\u00f3n<\/a><\/p> <\/div> <div class=\"application-platform-content-item-installation application-platform-content-item\" id=\"installation\" data-nav-section=\"installation\"> <h2>Veamos c\u00f3mo agregar el widget de verificaci\u00f3n de edad en tu sitio de BigCommerce<\/h2> <div class=\"video-container\"><iframe width=\"720\" height=\"405\" src=\"https:\/\/www.youtube.com\/embed\/Dc4FWjE4-RQ\" frameborder=\"0\" allowfullscreen=\"\"><\/iframe><\/div><p>Simplemente sigue los pasos que se presentan a continuaci\u00f3n para activar el complemento en BigCommerce.<\/p> <ol><li><b>Realiza nuestro configurador gratuito y comienza a formar tu propio instrumento. <\/b><br> Establece el dise\u00f1o y las especificaciones preferidas de la herramienta y aplica las correcciones. <\/li>  <li><b>Copia el c\u00f3digo personal que aparece en la ventana de Elfsight Apps. <\/b><br> Tan pronto como finalices la creaci\u00f3n de tu widget de verificaci\u00f3n, copia el c\u00f3digo personal de la ventana emergente y gu\u00e1rdalo para su uso posterior. <\/li>  <li><b>Comienza a usar el widget en tu sitio de BigCommerce. <\/b><br> Integra el c\u00f3digo copiado recientemente en tu p\u00e1gina y aplica las mejoras. <\/li>  <li><b>\u00a1Hecho! La integraci\u00f3n ha terminado con \u00e9xito. <\/b><br> Ve a tu sitio web para ver el funcionamiento del complemento. <\/li><\/ol><p>\u00bfA\u00fan no te decides? \u00bfO tienes preguntas? Simplemente env\u00eda una solicitud a nuestro equipo de soporte, y resolver\u00e1n cualquier tipo de problema. <\/p> <\/div>","protected":false},"excerpt":{"rendered":"","protected":false},"author":18,"featured_media":0,"parent":373,"menu_order":0,"comment_status":"closed","ping_status":"closed","template":"templates\/template-application-platform.php","meta":{"publish_to_discourse":"","publish_post_category":"","wpdc_auto_publish_overridden":"","wpdc_topic_tags":"","wpdc_pin_topic":"","wpdc_pin_until":"","discourse_post_id":"","discourse_permalink":"","wpdc_publishing_response":"","wpdc_publishing_error":"","footnotes":""},"class_list":["post-4484","page","type-page","status-publish","hentry"],"yoast_head":"<!-- This site is optimized with the Yoast SEO plugin v25.3.1 - https:\/\/yoast.com\/wordpress\/plugins\/seo\/ -->\n<title>Verificaci\u00f3n de la Edad - Incluir app de Comprobaci\u00f3n de la Edad al BigCommerce<\/title>\n<meta name=\"description\" content=\"A\u00f1ade un plugin hermoso de Verificaci\u00f3n de la Edad en su sitio web de BigCommerce. Pruebe la demo de Elfsight manejable y genere su app propio.\" \/>\n<meta name=\"robots\" content=\"index, follow, max-snippet:-1, max-image-preview:large, max-video-preview:-1\" \/>\n<link rel=\"canonical\" href=\"https:\/\/elfsight.com\/es\/age-verification-widget\/bigcommerce\/\" \/>\n<meta property=\"og:locale\" content=\"es_ES\" \/>\n<meta property=\"og:type\" content=\"article\" \/>\n<meta property=\"og:title\" content=\"Verificaci\u00f3n de la Edad - Incluir app de Comprobaci\u00f3n de la Edad al BigCommerce\" \/>\n<meta property=\"og:description\" content=\"A\u00f1ade un plugin hermoso de Verificaci\u00f3n de la Edad en su sitio web de BigCommerce. Pruebe la demo de Elfsight manejable y genere su app propio.\" \/>\n<meta property=\"og:url\" content=\"https:\/\/elfsight.com\/es\/age-verification-widget\/bigcommerce\/\" \/>\n<meta property=\"og:site_name\" content=\"Elfsight ES\" \/>\n<meta property=\"article:modified_time\" content=\"2025-02-06T15:24:15+00:00\" \/>\n<meta name=\"twitter:card\" content=\"summary_large_image\" \/>\n<meta name=\"twitter:label1\" content=\"Tiempo de lectura\" \/>\n\t<meta name=\"twitter:data1\" content=\"2 minutos\" \/>\n<!-- \/ Yoast SEO plugin. -->","yoast_head_json":{"title":"Verificaci\u00f3n de la Edad - Incluir app de Comprobaci\u00f3n de la Edad al BigCommerce","description":"A\u00f1ade un plugin hermoso de Verificaci\u00f3n de la Edad en su sitio web de BigCommerce. Pruebe la demo de Elfsight manejable y genere su app propio.","robots":{"index":"index","follow":"follow","max-snippet":"max-snippet:-1","max-image-preview":"max-image-preview:large","max-video-preview":"max-video-preview:-1"},"canonical":"https:\/\/elfsight.com\/es\/age-verification-widget\/bigcommerce\/","og_locale":"es_ES","og_type":"article","og_title":"Verificaci\u00f3n de la Edad - Incluir app de Comprobaci\u00f3n de la Edad al BigCommerce","og_description":"A\u00f1ade un plugin hermoso de Verificaci\u00f3n de la Edad en su sitio web de BigCommerce. Pruebe la demo de Elfsight manejable y genere su app propio.","og_url":"https:\/\/elfsight.com\/es\/age-verification-widget\/bigcommerce\/","og_site_name":"Elfsight ES","article_modified_time":"2025-02-06T15:24:15+00:00","twitter_card":"summary_large_image","twitter_misc":{"Tiempo de lectura":"2 minutos"},"schema":{"@context":"https:\/\/schema.org","@graph":[{"@type":"WebPage","@id":"https:\/\/elfsight.com\/es\/age-verification-widget\/bigcommerce\/","url":"https:\/\/elfsight.com\/es\/age-verification-widget\/bigcommerce\/","name":"Verificaci\u00f3n de la Edad - Incluir app de Comprobaci\u00f3n de la Edad al BigCommerce","isPartOf":{"@id":"https:\/\/elfsight.com\/es\/#website"},"datePublished":"2022-02-11T11:07:07+00:00","dateModified":"2025-02-06T15:24:15+00:00","description":"A\u00f1ade un plugin hermoso de Verificaci\u00f3n de la Edad en su sitio web de BigCommerce. Pruebe la demo de Elfsight manejable y genere su app propio.","breadcrumb":{"@id":"https:\/\/elfsight.com\/es\/age-verification-widget\/bigcommerce\/#breadcrumb"},"inLanguage":"es","potentialAction":[{"@type":"ReadAction","target":["https:\/\/elfsight.com\/es\/age-verification-widget\/bigcommerce\/"]}]},{"@type":"BreadcrumbList","@id":"https:\/\/elfsight.com\/es\/age-verification-widget\/bigcommerce\/#breadcrumb","itemListElement":[{"@type":"ListItem","position":1,"name":"Home","item":"https:\/\/elfsight.com\/es\/"},{"@type":"ListItem","position":2,"name":"Age Verification","item":"https:\/\/elfsight.com\/es\/age-verification-widget\/"},{"@type":"ListItem","position":3,"name":"Age Verification &#8211; BigCommerce"}]},{"@type":"WebSite","@id":"https:\/\/elfsight.com\/es\/#website","url":"https:\/\/elfsight.com\/es\/","name":"Elfsight ES","description":"Just another Elfsight Sites site","potentialAction":[{"@type":"SearchAction","target":{"@type":"EntryPoint","urlTemplate":"https:\/\/elfsight.com\/es\/?s={search_term_string}"},"query-input":{"@type":"PropertyValueSpecification","valueRequired":true,"valueName":"search_term_string"}}],"inLanguage":"es"}]}},"meta_box":{"industry":"","seo_heading":"","heading":"","description":"","cta_heading":"","cta_description":"","application":"366","h1":"aplicaci\u00f3n de Verificaci\u00f3n de la Edad para BigCommerce","h1_caption":"Aseg\u00farese de que se acceda al contenido sensible a la edad de manera responsable con una aplicaci\u00f3n de verificaci\u00f3n de edad simple y personalizable en su sitio web de BigCommerce sin esfuerzo.","application_category":[],"applications_title":"","applications_request_title":"","applications_request_button_text":"","hero_text":"","hero_video":"","hero_video_schema_markup":"","selling_points_title":"","selling_points_caption":"","selling_points":[],"selling_points_cta_text":"","features_title":"","features":"","ed_cta_examples_text":"","ed_cta_examples_hidden":"","ed_cta_demo_text":"","ed_cta_demo_hidden":"","why_caption":"","why_editor_title":"","why_editor_text":"","why_team_title":"","why_team_text":"","why_service_title":"","why_service_text":"","template_catalog_visible":"","template_catalog_title":"","template_catalog_text":"","template_catalog_categories_visible":"","demo_title":"Crea tu aplicaci\u00f3n de verificaci\u00f3n de edad","demo_caption":"\u00a1Configure su verificaci\u00f3n de edad y agr\u00e9guela a su sitio web de BigCommerce gratis!","default_faq_hidden":"","app_template_category":[],"platform":"33","template_public_id":"","codecanyon_url":"","codecanyon_item_id":"","codecanyon_price":"","pricing_caption":"","pricing_elfsight_apps_hide_column":"","pricing_elfsight_apps_url":"","pricing_codecanyon_price_caption":"","integration_category":[],"integration_request_title":"","integration_request_cta":"","integration_platform":"","integrations":[],"platform_category":[],"video_schema_markup":"","price":"desde $0 por mes","trial":"","benefits":[{"text":"Instalaci\u00f3n gratuita"},{"text":"Soporte Premium"},{"text":"14 d\u00edas garant\u00eda de reembolso"},{"text":"Actualizaciones regulares"}],"button_url":"#demo","button_target_blank":"0","button_nofollow":"0","attributes":[{"name":"Responsivo","content":"Si","_state":"expanded"},{"name":"Navegadores compatibles","content":"Firefox, Safari, Opera, Chrome, Edge","_state":"expanded"}],"tags":[],"tags_disable_links":"0","hide_more_platforms":"","video_object":"","demo_hide_cta":"0","demo_hide_cloud_options":"0","pricing_title":"","pricing":[{"pricing_icon":"platform","pricing_title":" Elfsight Apps","pricing_title_caption":"Soluci\u00f3n multiplataforma - valido para cualquier p\u00e1gina web","pricing_price":"desde $0 por mes","pricing_price_caption":"empezar con un plan gratuito","pricing_benefits":[{"text":"Sitios web ilimitados"},{"text":"Atenci\u00f3n al cliente gratuita y r\u00e1pida"},{"text":"Servicio de instalaci\u00f3n gratuito"},{"text":"Totalmente personalizable"}],"pricing_button_text":"Agregar al sitio web","pricing_button_url":"#demo","_state":"expanded"}],"related_apps_title":"","related_apps_hidden":"1","author":"","image":[],"title":"","job":"","social_networks":[]},"_links":{"self":[{"href":"https:\/\/elfsight.com\/es\/wp-json\/wp\/v2\/pages\/4484","targetHints":{"allow":["GET"]}}],"collection":[{"href":"https:\/\/elfsight.com\/es\/wp-json\/wp\/v2\/pages"}],"about":[{"href":"https:\/\/elfsight.com\/es\/wp-json\/wp\/v2\/types\/page"}],"author":[{"embeddable":true,"href":"https:\/\/elfsight.com\/es\/wp-json\/wp\/v2\/users\/18"}],"replies":[{"embeddable":true,"href":"https:\/\/elfsight.com\/es\/wp-json\/wp\/v2\/comments?post=4484"}],"version-history":[{"count":3,"href":"https:\/\/elfsight.com\/es\/wp-json\/wp\/v2\/pages\/4484\/revisions"}],"predecessor-version":[{"id":18237,"href":"https:\/\/elfsight.com\/es\/wp-json\/wp\/v2\/pages\/4484\/revisions\/18237"}],"up":[{"embeddable":true,"href":"https:\/\/elfsight.com\/es\/wp-json\/wp\/v2\/pages\/373"}],"wp:attachment":[{"href":"https:\/\/elfsight.com\/es\/wp-json\/wp\/v2\/media?parent=4484"}],"curies":[{"name":"wp","href":"https:\/\/api.w.org\/{rel}","templated":true}]}}