{"id":4477,"date":"2022-02-11T11:11:09","date_gmt":"2022-02-11T11:11:09","guid":{"rendered":"https:\/\/elfsight.com\/es\/?page_id=4477"},"modified":"2025-02-06T15:23:35","modified_gmt":"2025-02-06T15:23:35","slug":"drupal","status":"publish","type":"page","link":"https:\/\/elfsight.com\/es\/event-calendar-widget\/drupal\/","title":{"rendered":"Event Calendar &#8211; Drupal"},"content":{"rendered":"<div class=\"application-platform-content-item-description application-platform-content-item\" id=\"description\" data-nav-section=\"description\"> <h2>Incrusta el Calendario de Eventos con el Widget de Elfsight<\/h2> <p>El m\u00f3dulo de calendario de Drupal es una herramienta destacada que te permite compartir tus eventos f\u00e1cilmente con tu audiencia. El calendario de eventos de Drupal ofrece muchas opciones para mostrar las actividades pr\u00f3ximas de la manera m\u00e1s elegante. Personal\u00edzalo para fusionar el dise\u00f1o con la est\u00e9tica de tu sitio web. Crea m\u00faltiples eventos, a\u00f1ade etiquetas, sube tus propias im\u00e1genes y videos, y mant\u00e9n a tus usuarios informados sobre tu agenda.<\/p> <p><b>El m\u00f3dulo de Calendario de Eventos de Elfsight puede ayudarte a mostrar tus eventos futuros f\u00e1cilmente y aumentar el nivel de interacci\u00f3n en tu sitio web.<\/b><\/p> <\/div> <div class=\"application-platform-content-item-features application-platform-content-item\" id=\"features\" data-nav-section=\"features\"> <h2>Principales caracter\u00edsticas del M\u00f3dulo de Calendario de Eventos<\/h2> <p>Aqu\u00ed puedes ver todas las funciones del Calendario de Eventos de Drupal. Est\u00e1n disponibles directamente en el editor y te ayudar\u00e1n a crear el widget m\u00e1s adecuado para tu caso.<\/p> <ul> <li>Usa opciones de contenido flexibles para adaptar la herramienta a tu tipo de actividades.<\/li> <li>Ayuda a los usuarios a a\u00f1adir tus eventos a sus aplicaciones m\u00e1s usadas.<\/li> <li>Crea diferentes tipos de eventos, especifica ubicaciones y a\u00f1ade anfitriones.<\/li> <li>Categoriza todos tus eventos y as\u00edgnales etiquetas.<\/li> <li>Elige entre cuatro opciones de dise\u00f1o.<\/li> <\/ul> <p><a href=\"#demo\">Puedes probar todas las caracter\u00edsticas del widget directamente en la demo<\/a><\/p> <\/div> <div class=\"application-platform-content-item-installation application-platform-content-item\" id=\"installation\" data-nav-section=\"installation\"> <h2>\u00bfC\u00f3mo a\u00f1adir el M\u00f3dulo de Calendario de Eventos a Drupal?<\/h2> <p>Sigue simplemente las instrucciones a continuaci\u00f3n para incrustar el plugin de Calendario de Eventos en Drupal.<\/p> <ol><li><b>Abre nuestro editor gratuito y comienza a crear tu m\u00f3dulo personalizado de Calendario de Eventos.<\/b><br> Especifica el dise\u00f1o preferido y los aspectos del m\u00f3dulo y aplica los cambios.<\/li>  <li><b>Recibe el c\u00f3digo personal que aparece en el formulario especial de Elfsight Apps.<\/b><br> Cuando finalices la configuraci\u00f3n de tu herramienta personalizada, copia el c\u00f3digo exclusivo que aparece en la ventana emergente y gu\u00e1rdalo para m\u00e1s tarde.<\/li>  <li><b>Comienza a usar el m\u00f3dulo en tu sitio web de Drupal.<\/b><br> Inserta el c\u00f3digo que copiaste antes en tu sitio web y aplica las correcciones.<\/li>  <li><b>\u00a1Listo! La incrustaci\u00f3n ha finalizado con \u00e9xito.<\/b><br> Ve a tu sitio para ver c\u00f3mo funciona el m\u00f3dulo.<\/li><\/ol><p>Si necesitas ayuda o tienes alguna pregunta, no dudes en contactar con nuestro servicio de atenci\u00f3n al cliente. Nuestros especialistas estar\u00e1n encantados de ayudarte con cualquier solicitud.<\/p> <div class=\"faq\" data-component=\"FAQ\"><div class=\"faq-item\">\r\n\t\t\t\t\t<div class=\"faq-item-question\">\r\n\t\t\t\t\t\t<h3 class=\"faq-item-question-text\">\u00bfC\u00f3mo puedo a\u00f1adir estad\u00edsticas de Coronavirus a mi sitio web de Drupal sin tener conocimientos de programaci\u00f3n?<\/h3>\r\n\r\n\t\t\t\t\t\t<div class=\"faq-item-question-icon\"><\/div>\r\n\t\t\t\t\t<\/div>\r\n\r\n\t\t\t\t\t<div class=\"faq-item-answer\">\r\n\t\t\t\t\t\t<div class=\"faq-item-answer-text\"> <p>Elfsight ofrece una soluci\u00f3n SaaS que te permite crear un widget de Estad\u00edsticas de Coronavirus por ti mismo. Observa lo f\u00e1cil que es el proceso: trabaja directamente en el Editor en l\u00ednea para crear el widget de Estad\u00edsticas de Coronavirus que te gustar\u00eda ver en tu sitio web de Drupal. Elige uno de los plantillas predise\u00f1adas y ajusta la configuraci\u00f3n de las estad\u00edsticas de Coronavirus, agrega tu contenido, cambia el dise\u00f1o y los colores sin necesidad de conocimientos de programaci\u00f3n. Guarda las Estad\u00edsticas de Coronavirus y copia su c\u00f3digo de instalaci\u00f3n, que puedes a\u00f1adir f\u00e1cilmente en tu sitio web de Drupal sin necesidad de comprar un plan de pago. Con nuestro editor intuitivo, cualquier usuario de Internet puede crear un widget de Estad\u00edsticas de Coronavirus en l\u00ednea e incrustarlo f\u00e1cilmente en su sitio web de Drupal. No es necesario pagar ni ingresar los datos de tu tarjeta para acceder al servicio. Si enfrentas alg\u00fan problema en alg\u00fan paso, no dudes en contactar a nuestro equipo de soporte t\u00e9cnico.<\/p> <\/div>\r\n\t\t\t\t\t<\/div>\r\n\t\t\t\t<\/div> <\/div><\/div>","protected":false},"excerpt":{"rendered":"","protected":false},"author":18,"featured_media":0,"parent":1575,"menu_order":0,"comment_status":"closed","ping_status":"closed","template":"templates\/template-application-platform.php","meta":{"publish_to_discourse":"","publish_post_category":"","wpdc_auto_publish_overridden":"","wpdc_topic_tags":"","wpdc_pin_topic":"","wpdc_pin_until":"","discourse_post_id":"","discourse_permalink":"","wpdc_publishing_response":"","wpdc_publishing_error":"","footnotes":""},"class_list":["post-4477","page","type-page","status-publish","hentry"],"yoast_head":"<!-- This site is optimized with the Yoast SEO plugin v25.3.1 - https:\/\/yoast.com\/wordpress\/plugins\/seo\/ -->\n<title>Calendario de eventos - Empotrar module de Evento Calendario al Drupal<\/title>\n<meta name=\"description\" content=\"Incrusta un widget responsivo de Calendario de eventos en su p\u00e1gina web de Drupal. Aplique la demo de Elfsight manejable y genere su module \u00fanico.\" \/>\n<meta name=\"robots\" content=\"index, follow, max-snippet:-1, max-image-preview:large, max-video-preview:-1\" \/>\n<link rel=\"canonical\" href=\"https:\/\/elfsight.com\/es\/event-calendar-widget\/drupal\/\" \/>\n<meta property=\"og:locale\" content=\"es_ES\" \/>\n<meta property=\"og:type\" content=\"article\" \/>\n<meta property=\"og:title\" content=\"Calendario de eventos - Empotrar module de Evento Calendario al Drupal\" \/>\n<meta property=\"og:description\" content=\"Incrusta un widget responsivo de Calendario de eventos en su p\u00e1gina web de Drupal. Aplique la demo de Elfsight manejable y genere su module \u00fanico.\" \/>\n<meta property=\"og:url\" content=\"https:\/\/elfsight.com\/es\/event-calendar-widget\/drupal\/\" \/>\n<meta property=\"og:site_name\" content=\"Elfsight ES\" \/>\n<meta property=\"article:modified_time\" content=\"2025-02-06T15:23:35+00:00\" \/>\n<meta name=\"twitter:card\" content=\"summary_large_image\" \/>\n<meta name=\"twitter:label1\" content=\"Tiempo de lectura\" \/>\n\t<meta name=\"twitter:data1\" content=\"1 minuto\" \/>\n<!-- \/ Yoast SEO plugin. -->","yoast_head_json":{"title":"Calendario de eventos - Empotrar module de Evento Calendario al Drupal","description":"Incrusta un widget responsivo de Calendario de eventos en su p\u00e1gina web de Drupal. Aplique la demo de Elfsight manejable y genere su module \u00fanico.","robots":{"index":"index","follow":"follow","max-snippet":"max-snippet:-1","max-image-preview":"max-image-preview:large","max-video-preview":"max-video-preview:-1"},"canonical":"https:\/\/elfsight.com\/es\/event-calendar-widget\/drupal\/","og_locale":"es_ES","og_type":"article","og_title":"Calendario de eventos - Empotrar module de Evento Calendario al Drupal","og_description":"Incrusta un widget responsivo de Calendario de eventos en su p\u00e1gina web de Drupal. Aplique la demo de Elfsight manejable y genere su module \u00fanico.","og_url":"https:\/\/elfsight.com\/es\/event-calendar-widget\/drupal\/","og_site_name":"Elfsight ES","article_modified_time":"2025-02-06T15:23:35+00:00","twitter_card":"summary_large_image","twitter_misc":{"Tiempo de lectura":"1 minuto"},"schema":{"@context":"https:\/\/schema.org","@graph":[{"@type":"WebPage","@id":"https:\/\/elfsight.com\/es\/event-calendar-widget\/drupal\/","url":"https:\/\/elfsight.com\/es\/event-calendar-widget\/drupal\/","name":"Calendario de eventos - Empotrar module de Evento Calendario al Drupal","isPartOf":{"@id":"https:\/\/elfsight.com\/es\/#website"},"datePublished":"2022-02-11T11:11:09+00:00","dateModified":"2025-02-06T15:23:35+00:00","description":"Incrusta un widget responsivo de Calendario de eventos en su p\u00e1gina web de Drupal. Aplique la demo de Elfsight manejable y genere su module \u00fanico.","breadcrumb":{"@id":"https:\/\/elfsight.com\/es\/event-calendar-widget\/drupal\/#breadcrumb"},"inLanguage":"es","potentialAction":[{"@type":"ReadAction","target":["https:\/\/elfsight.com\/es\/event-calendar-widget\/drupal\/"]}]},{"@type":"BreadcrumbList","@id":"https:\/\/elfsight.com\/es\/event-calendar-widget\/drupal\/#breadcrumb","itemListElement":[{"@type":"ListItem","position":1,"name":"Home","item":"https:\/\/elfsight.com\/es\/"},{"@type":"ListItem","position":2,"name":"Event Calendar","item":"https:\/\/elfsight.com\/es\/event-calendar-widget\/"},{"@type":"ListItem","position":3,"name":"Event Calendar &#8211; Drupal"}]},{"@type":"WebSite","@id":"https:\/\/elfsight.com\/es\/#website","url":"https:\/\/elfsight.com\/es\/","name":"Elfsight ES","description":"Just another Elfsight Sites site","potentialAction":[{"@type":"SearchAction","target":{"@type":"EntryPoint","urlTemplate":"https:\/\/elfsight.com\/es\/?s={search_term_string}"},"query-input":{"@type":"PropertyValueSpecification","valueRequired":true,"valueName":"search_term_string"}}],"inLanguage":"es"}]}},"meta_box":{"industry":"","seo_heading":"","heading":"","description":"","cta_heading":"","cta_description":"","application":"1574","h1":"m\u00f3dulo de Calendario de eventos para Drupal","h1_caption":"Administre y comparta eventos en su sitio web con un calendario de eventos interactivo y f\u00e1cil de usar en su sitio web Drupal sin esfuerzo.","application_category":[],"applications_title":"","applications_request_title":"","applications_request_button_text":"","hero_text":"","hero_video":"","hero_video_schema_markup":"","selling_points_title":"","selling_points_caption":"","selling_points":[],"selling_points_cta_text":"","features_title":"","features":"","ed_cta_examples_text":"","ed_cta_examples_hidden":"","ed_cta_demo_text":"","ed_cta_demo_hidden":"","why_caption":"","why_editor_title":"","why_editor_text":"","why_team_title":"","why_team_text":"","why_service_title":"","why_service_text":"","template_catalog_visible":"","template_catalog_title":"","template_catalog_text":"","template_catalog_categories_visible":"","demo_title":"Crea tu m\u00f3dulo de Calendario de Eventos","demo_caption":"\u00a1Configura tu Calendario de Eventos y agr\u00e9galo a tu sitio web Drupal gratis!","default_faq_hidden":"","app_template_category":[],"platform":"2161","template_public_id":"","codecanyon_url":"","codecanyon_item_id":"","codecanyon_price":"","pricing_caption":"","pricing_elfsight_apps_hide_column":"","pricing_elfsight_apps_url":"","pricing_codecanyon_price_caption":"","integration_category":[],"integration_request_title":"","integration_request_cta":"","integration_platform":"","integrations":[],"platform_category":[],"video_schema_markup":"","price":"desde $0 por mes","trial":"","benefits":[{"text":"Instalaci\u00f3n gratuita"},{"text":"Soporte Premium"},{"text":"14 d\u00edas garant\u00eda de reembolso"},{"text":"Actualizaciones regulares"}],"button_url":"#demo","button_target_blank":"0","button_nofollow":"0","attributes":[{"name":"Responsivo","content":"Si","_state":"expanded"},{"name":"Navegadores compatibles","content":"Firefox, Safari, Opera, Chrome, Edge","_state":"expanded"}],"tags":[],"tags_disable_links":"0","hide_more_platforms":"","video_object":"","demo_hide_cta":"0","demo_hide_cloud_options":"0","pricing_title":"","pricing":[{"pricing_icon":"platform","pricing_title":" Elfsight Apps","pricing_title_caption":"Soluci\u00f3n multiplataforma - valido para cualquier p\u00e1gina web","pricing_price":"desde $0 por mes","pricing_price_caption":"empezar con un plan gratuito","pricing_benefits":[{"text":"Sitios web ilimitados"},{"text":"Atenci\u00f3n al cliente gratuita y r\u00e1pida"},{"text":"Servicio de instalaci\u00f3n gratuito"},{"text":"Totalmente personalizable"}],"pricing_button_text":"Agregar al sitio web","pricing_button_url":"#demo","_state":"expanded"}],"related_apps_title":"","related_apps_hidden":"1","author":"","image":[],"title":"","job":"","social_networks":[]},"_links":{"self":[{"href":"https:\/\/elfsight.com\/es\/wp-json\/wp\/v2\/pages\/4477","targetHints":{"allow":["GET"]}}],"collection":[{"href":"https:\/\/elfsight.com\/es\/wp-json\/wp\/v2\/pages"}],"about":[{"href":"https:\/\/elfsight.com\/es\/wp-json\/wp\/v2\/types\/page"}],"author":[{"embeddable":true,"href":"https:\/\/elfsight.com\/es\/wp-json\/wp\/v2\/users\/18"}],"replies":[{"embeddable":true,"href":"https:\/\/elfsight.com\/es\/wp-json\/wp\/v2\/comments?post=4477"}],"version-history":[{"count":3,"href":"https:\/\/elfsight.com\/es\/wp-json\/wp\/v2\/pages\/4477\/revisions"}],"predecessor-version":[{"id":18218,"href":"https:\/\/elfsight.com\/es\/wp-json\/wp\/v2\/pages\/4477\/revisions\/18218"}],"up":[{"embeddable":true,"href":"https:\/\/elfsight.com\/es\/wp-json\/wp\/v2\/pages\/1575"}],"wp:attachment":[{"href":"https:\/\/elfsight.com\/es\/wp-json\/wp\/v2\/media?parent=4477"}],"curies":[{"name":"wp","href":"https:\/\/api.w.org\/{rel}","templated":true}]}}