{"id":4458,"date":"2022-02-11T11:15:01","date_gmt":"2022-02-11T11:15:01","guid":{"rendered":"https:\/\/elfsight.com\/es\/?page_id=4458"},"modified":"2025-02-06T15:23:11","modified_gmt":"2025-02-06T15:23:11","slug":"woocommerce","status":"publish","type":"page","link":"https:\/\/elfsight.com\/es\/accordion-faq-widget\/woocommerce\/","title":{"rendered":"FAQ &#8211; WooCommerce"},"content":{"rendered":"<div class=\"application-platform-content-item-description application-platform-content-item\" id=\"description\" data-nav-section=\"description\"><h2>Descripci\u00f3n<\/h2><p>Nuestra secci\u00f3n de preguntas frecuentes (FAQ) es una herramienta eficiente y f\u00e1cil de usar y ajustar para generar y agregar una unidad de las preguntas m\u00e1s importantes con sus respuestas en tu sitio web personal. Un plugin informativo con una interfaz intuitiva te permite mostrar informaci\u00f3n m\u00e1s detallada sobre tus productos, destacar sus ventajas y combatir posibles miedos y dudas que puedan interponerse en el proceso de toma de decisiones de compra.<\/p><p><b>\u00a1Obt\u00e9n lo mejor del plugin FAQ para facilitar los desaf\u00edos de tu negocio!<\/b><\/p><div class=\"faq\" data-component=\"FAQ\"><div class=\"faq-item\">\r\n\t\t\t\t\t<div class=\"faq-item-question\">\r\n\t\t\t\t\t\t<h3 class=\"faq-item-question-text\">\u00bfC\u00f3mo puedo agregar un FAQ a mi sitio web de WooCommerce?<\/h3>\r\n\r\n\t\t\t\t\t\t<div class=\"faq-item-question-icon\"><\/div>\r\n\t\t\t\t\t<\/div>\r\n\r\n\t\t\t\t\t<div class=\"faq-item-answer\">\r\n\t\t\t\t\t\t<div class=\"faq-item-answer-text\"><p>La creaci\u00f3n de la herramienta se realiza en las p\u00e1ginas de Elfsight y no es necesario programar. Usa nuestra demostraci\u00f3n en l\u00ednea para personalizar tu aplicaci\u00f3n, obtener el c\u00f3digo e integrarlo en tu sitio.<\/p><\/div>\r\n\t\t\t\t\t<\/div>\r\n\t\t\t\t<\/div><div class=\"faq-item\">\r\n\t\t\t\t\t<div class=\"faq-item-question\">\r\n\t\t\t\t\t\t<h3 class=\"faq-item-question-text\">Los mejores ejemplos de uso de integraci\u00f3n de widget FAQ<\/h3>\r\n\r\n\t\t\t\t\t\t<div class=\"faq-item-question-icon\"><\/div>\r\n\t\t\t\t\t<\/div>\r\n\r\n\t\t\t\t\t<div class=\"faq-item-answer\">\r\n\t\t\t\t\t\t<div class=\"faq-item-answer-text\"><p>Te ofrecemos una amplia variedad de opciones de personalizaci\u00f3n: widgets de tama\u00f1o completo para agregar al \u00e1rea de contenido, widgets flotantes con opciones de desplazamiento, dise\u00f1os para el pie de p\u00e1gina de tu sitio web, encabezado y todas las variaciones de opciones verticales para las barras laterales y men\u00fas del sitio web.<\/p><\/div>\r\n\t\t\t\t\t<\/div>\r\n\t\t\t\t<\/div><div class=\"faq-item\">\r\n\t\t\t\t\t<div class=\"faq-item-question\">\r\n\t\t\t\t\t\t<h3 class=\"faq-item-question-text\">\u00bfHay una opci\u00f3n para crear un FAQ desplegable o FAQ de acorde\u00f3n mediante tu editor?<\/h3>\r\n\r\n\t\t\t\t\t\t<div class=\"faq-item-question-icon\"><\/div>\r\n\t\t\t\t\t<\/div>\r\n\r\n\t\t\t\t\t<div class=\"faq-item-answer\">\r\n\t\t\t\t\t\t<div class=\"faq-item-answer-text\"><p>Eres libre de crear cualquier variaci\u00f3n de widget. Hay una gran cantidad de dise\u00f1os disponibles en el editor, y todos ellos pueden ajustarse f\u00e1cilmente seg\u00fan lo que necesites.<\/p><\/div>\r\n\t\t\t\t\t<\/div>\r\n\t\t\t\t<\/div><\/div><\/div> <div class=\"application-platform-content-item-features application-platform-content-item\" id=\"features\" data-nav-section=\"features\"><h2>A continuaci\u00f3n, se presentan las caracter\u00edsticas clave del widget:<\/h2><ul><li>3 dise\u00f1os predefinidos: acorde\u00f3n, lista, multicolumna;<\/li><li>Dise\u00f1o de acorde\u00f3n para mostrar respuestas al hacer clic;<\/li><li>Dise\u00f1o de lista para mostrar todas las preguntas y respuestas de una vez;<\/li><li>Dise\u00f1o multicolumna para distribuir autom\u00e1ticamente el contenido en columnas;<\/li><li>4 estilos listos para usar con bordes y sombras.<\/li><\/ul><p><a href=\"#demo\">Explora todas las configuraciones en la demostraci\u00f3n completa<\/a><\/p><\/div><div class=\"application-platform-content-item-installation application-platform-content-item\" id=\"installation\" data-nav-section=\"installation\"><h2>\u00bfC\u00f3mo puedo insertar el FAQ en mi sitio de WooCommerce?<\/h2><p>Solo sigue las instrucciones a continuaci\u00f3n para activar el plugin.<\/p><ol><li><b>Realiza nuestra demostraci\u00f3n gratuita y comienza a crear tu widget personalizado.<\/b><br>Especifica la apariencia y los aspectos preferidos del widget y guarda los cambios.<\/li><li><b>Obt\u00e9n tu c\u00f3digo personal que aparecer\u00e1 en el cuadro de Elfsight Apps.<\/b><br>Una vez que la creaci\u00f3n de tu widget personal est\u00e9 lista, copia el c\u00f3digo en el popup emergente y gu\u00e1rdalo para su uso futuro.<\/li><li><b>Comienza a usar el widget en tu sitio de WooCommerce.<\/b><br>Implementa el c\u00f3digo que copiaste recientemente en tu sitio web y guarda los cambios.<\/li><li><b>\u00a1Listo! La integraci\u00f3n se ha realizado con \u00e9xito.<\/b><br>Ve a tu sitio para ver c\u00f3mo est\u00e1 funcionando la herramienta.<\/li><\/ol><p>En caso de tener preguntas o encontrar dificultades, no dudes en contactar a nuestro personal de atenci\u00f3n al cliente. Nuestros consultores est\u00e1n listos para resolver todas las dudas que puedas tener sobre el plugin.<\/p><\/div><p><\/p>","protected":false},"excerpt":{"rendered":"","protected":false},"author":18,"featured_media":0,"parent":1771,"menu_order":0,"comment_status":"closed","ping_status":"closed","template":"templates\/template-application-platform.php","meta":{"publish_to_discourse":"","publish_post_category":"","wpdc_auto_publish_overridden":"","wpdc_topic_tags":"","wpdc_pin_topic":"","wpdc_pin_until":"","discourse_post_id":"","discourse_permalink":"","wpdc_publishing_response":"","wpdc_publishing_error":"","footnotes":""},"class_list":["post-4458","page","type-page","status-publish","hentry"],"yoast_head":"<!-- This site is optimized with the Yoast SEO plugin v25.3.1 - https:\/\/yoast.com\/wordpress\/plugins\/seo\/ -->\n<title>FAQ - Empotrar plugin de Preguntas Frecuentes al WooCommerce<\/title>\n<meta name=\"description\" content=\"A\u00f1ade un widget hermoso de FAQ en su sitio de WooCommerce. Pruebe la demo de Elfsight intuitiva y genere su plugin propio.\" \/>\n<meta name=\"robots\" content=\"index, follow, max-snippet:-1, max-image-preview:large, max-video-preview:-1\" \/>\n<link rel=\"canonical\" href=\"https:\/\/elfsight.com\/es\/accordion-faq-widget\/woocommerce\/\" \/>\n<meta property=\"og:locale\" content=\"es_ES\" \/>\n<meta property=\"og:type\" content=\"article\" \/>\n<meta property=\"og:title\" content=\"FAQ - Empotrar plugin de Preguntas Frecuentes al WooCommerce\" \/>\n<meta property=\"og:description\" content=\"A\u00f1ade un widget hermoso de FAQ en su sitio de WooCommerce. Pruebe la demo de Elfsight intuitiva y genere su plugin propio.\" \/>\n<meta property=\"og:url\" content=\"https:\/\/elfsight.com\/es\/accordion-faq-widget\/woocommerce\/\" \/>\n<meta property=\"og:site_name\" content=\"Elfsight ES\" \/>\n<meta property=\"article:modified_time\" content=\"2025-02-06T15:23:11+00:00\" \/>\n<meta name=\"twitter:card\" content=\"summary_large_image\" \/>\n<meta name=\"twitter:label1\" content=\"Tiempo de lectura\" \/>\n\t<meta name=\"twitter:data1\" content=\"1 minuto\" \/>\n<!-- \/ Yoast SEO plugin. -->","yoast_head_json":{"title":"FAQ - Empotrar plugin de Preguntas Frecuentes al WooCommerce","description":"A\u00f1ade un widget hermoso de FAQ en su sitio de WooCommerce. Pruebe la demo de Elfsight intuitiva y genere su plugin propio.","robots":{"index":"index","follow":"follow","max-snippet":"max-snippet:-1","max-image-preview":"max-image-preview:large","max-video-preview":"max-video-preview:-1"},"canonical":"https:\/\/elfsight.com\/es\/accordion-faq-widget\/woocommerce\/","og_locale":"es_ES","og_type":"article","og_title":"FAQ - Empotrar plugin de Preguntas Frecuentes al WooCommerce","og_description":"A\u00f1ade un widget hermoso de FAQ en su sitio de WooCommerce. Pruebe la demo de Elfsight intuitiva y genere su plugin propio.","og_url":"https:\/\/elfsight.com\/es\/accordion-faq-widget\/woocommerce\/","og_site_name":"Elfsight ES","article_modified_time":"2025-02-06T15:23:11+00:00","twitter_card":"summary_large_image","twitter_misc":{"Tiempo de lectura":"1 minuto"},"schema":{"@context":"https:\/\/schema.org","@graph":[{"@type":"WebPage","@id":"https:\/\/elfsight.com\/es\/accordion-faq-widget\/woocommerce\/","url":"https:\/\/elfsight.com\/es\/accordion-faq-widget\/woocommerce\/","name":"FAQ - Empotrar plugin de Preguntas Frecuentes al WooCommerce","isPartOf":{"@id":"https:\/\/elfsight.com\/es\/#website"},"datePublished":"2022-02-11T11:15:01+00:00","dateModified":"2025-02-06T15:23:11+00:00","description":"A\u00f1ade un widget hermoso de FAQ en su sitio de WooCommerce. Pruebe la demo de Elfsight intuitiva y genere su plugin propio.","breadcrumb":{"@id":"https:\/\/elfsight.com\/es\/accordion-faq-widget\/woocommerce\/#breadcrumb"},"inLanguage":"es","potentialAction":[{"@type":"ReadAction","target":["https:\/\/elfsight.com\/es\/accordion-faq-widget\/woocommerce\/"]}]},{"@type":"BreadcrumbList","@id":"https:\/\/elfsight.com\/es\/accordion-faq-widget\/woocommerce\/#breadcrumb","itemListElement":[{"@type":"ListItem","position":1,"name":"Home","item":"https:\/\/elfsight.com\/es\/"},{"@type":"ListItem","position":2,"name":"FAQ","item":"https:\/\/elfsight.com\/es\/accordion-faq-widget\/"},{"@type":"ListItem","position":3,"name":"FAQ &#8211; WooCommerce"}]},{"@type":"WebSite","@id":"https:\/\/elfsight.com\/es\/#website","url":"https:\/\/elfsight.com\/es\/","name":"Elfsight ES","description":"Just another Elfsight Sites site","potentialAction":[{"@type":"SearchAction","target":{"@type":"EntryPoint","urlTemplate":"https:\/\/elfsight.com\/es\/?s={search_term_string}"},"query-input":{"@type":"PropertyValueSpecification","valueRequired":true,"valueName":"search_term_string"}}],"inLanguage":"es"}]}},"meta_box":{"industry":"","seo_heading":"","heading":"","description":"","cta_heading":"","cta_description":"","application":"1770","h1":"complemento de preguntas frecuentes para WooCommerce","h1_caption":"Proporcione respuestas a preguntas frecuentes en un formato organizado y con capacidad de b\u00fasqueda para ayudar a los usuarios a encontrar soluciones r\u00e1pidamente en su sitio web WooCommerce sin esfuerzo.","application_category":[],"applications_title":"","applications_request_title":"","applications_request_button_text":"","hero_text":"","hero_video":"","hero_video_schema_markup":"","selling_points_title":"","selling_points_caption":"","selling_points":[],"selling_points_cta_text":"","features_title":"","features":"","ed_cta_examples_text":"","ed_cta_examples_hidden":"","ed_cta_demo_text":"","ed_cta_demo_hidden":"","why_caption":"","why_editor_title":"","why_editor_text":"","why_team_title":"","why_team_text":"","why_service_title":"","why_service_text":"","template_catalog_visible":"","template_catalog_title":"","template_catalog_text":"","template_catalog_categories_visible":"","demo_title":"Crea tu aplicaci\u00f3n de preguntas frecuentes","demo_caption":"\u00a1Configure sus preguntas frecuentes y agr\u00e9guelas a su sitio web WooCommerce de forma gratuita!","default_faq_hidden":"","app_template_category":[],"platform":"2311","template_public_id":"","codecanyon_url":"","codecanyon_item_id":"","codecanyon_price":"","pricing_caption":"","pricing_elfsight_apps_hide_column":"","pricing_elfsight_apps_url":"","pricing_codecanyon_price_caption":"","integration_category":[],"integration_request_title":"","integration_request_cta":"","integration_platform":"","integrations":[],"platform_category":[],"video_schema_markup":"","price":"desde $0 por mes","trial":"","benefits":[{"text":"Instalaci\u00f3n gratuita"},{"text":"Soporte Premium"},{"text":"14 d\u00edas garant\u00eda de reembolso"},{"text":"Actualizaciones regulares"}],"button_url":"#demo","button_target_blank":"0","button_nofollow":"0","attributes":[{"name":"Responsivo","content":"Si","_state":"expanded"},{"name":"Navegadores compatibles","content":"Firefox, Safari, Opera, Chrome, Edge","_state":"expanded"}],"tags":[],"tags_disable_links":"0","hide_more_platforms":"","video_object":"","demo_hide_cta":"0","demo_hide_cloud_options":"0","pricing_title":"","pricing":[{"pricing_icon":"platform","pricing_title":" Elfsight Apps","pricing_title_caption":"Soluci\u00f3n multiplataforma - valido para cualquier p\u00e1gina web","pricing_price":"desde $0 por mes","pricing_price_caption":"empezar con un plan gratuito","pricing_benefits":[{"text":"Sitios web ilimitados"},{"text":"Atenci\u00f3n al cliente gratuita y r\u00e1pida"},{"text":"Servicio de instalaci\u00f3n gratuito"},{"text":"Totalmente personalizable"}],"pricing_button_text":"Agregar al sitio web","pricing_button_url":"#demo","_state":"expanded"}],"related_apps_title":"","related_apps_hidden":"1","author":"","image":[],"title":"","job":"","social_networks":[]},"_links":{"self":[{"href":"https:\/\/elfsight.com\/es\/wp-json\/wp\/v2\/pages\/4458","targetHints":{"allow":["GET"]}}],"collection":[{"href":"https:\/\/elfsight.com\/es\/wp-json\/wp\/v2\/pages"}],"about":[{"href":"https:\/\/elfsight.com\/es\/wp-json\/wp\/v2\/types\/page"}],"author":[{"embeddable":true,"href":"https:\/\/elfsight.com\/es\/wp-json\/wp\/v2\/users\/18"}],"replies":[{"embeddable":true,"href":"https:\/\/elfsight.com\/es\/wp-json\/wp\/v2\/comments?post=4458"}],"version-history":[{"count":3,"href":"https:\/\/elfsight.com\/es\/wp-json\/wp\/v2\/pages\/4458\/revisions"}],"predecessor-version":[{"id":18208,"href":"https:\/\/elfsight.com\/es\/wp-json\/wp\/v2\/pages\/4458\/revisions\/18208"}],"up":[{"embeddable":true,"href":"https:\/\/elfsight.com\/es\/wp-json\/wp\/v2\/pages\/1771"}],"wp:attachment":[{"href":"https:\/\/elfsight.com\/es\/wp-json\/wp\/v2\/media?parent=4458"}],"curies":[{"name":"wp","href":"https:\/\/api.w.org\/{rel}","templated":true}]}}