{"id":4456,"date":"2022-02-11T11:14:54","date_gmt":"2022-02-11T11:14:54","guid":{"rendered":"https:\/\/elfsight.com\/es\/?page_id=4456"},"modified":"2025-02-06T15:23:11","modified_gmt":"2025-02-06T15:23:11","slug":"webflow","status":"publish","type":"page","link":"https:\/\/elfsight.com\/es\/facebook-reviews-widget\/webflow\/","title":{"rendered":"Facebook Reviews &#8211; Webflow"},"content":{"rendered":"<div class=\"application-platform-content-item-description application-platform-content-item\" id=\"description\" data-nav-section=\"description\"><h2>Incrusta Rese\u00f1as de Facebook en Webflow con el widget de Elfsight<\/h2><p>Elfsight Facebook Reviews es una herramienta sencilla para mostrar las rese\u00f1as de tu p\u00e1gina de Facebook en tu sitio y aumentar la confianza en tu marca entre los usuarios. Puedes filtrar tus rese\u00f1as, mostrar la calificaci\u00f3n por estrellas, datos del autor y mostrar un bot\u00f3n para agregar una nueva rese\u00f1a. Nuestro widget de Rese\u00f1as de Facebook incluye diferentes dise\u00f1os y plantillas de rese\u00f1as, componentes de interfaz conmutable y un encabezado adaptable para una profunda personalizaci\u00f3n. Con las rese\u00f1as de Facebook en tu sitio web, puedes mostrar una gran valoraci\u00f3n, fortalecer la confianza y obtener m\u00e1s rese\u00f1as.<\/p><p><b>\u00a1Atrae m\u00e1s opiniones de clientes mostrando rese\u00f1as de Facebook y permitiendo agregar nuevas!<\/b><\/p><ul><li><b>Aumenta la confianza mostrando rese\u00f1as de personas reales<\/b><br>Demuestra que las rese\u00f1as son reales con detalles detallados del autor y aumenta la confianza en tu marca.<\/li><li><b>Aumenta las compras presumiendo tu excelente calificaci\u00f3n<\/b><br>Muestra tu alta calificaci\u00f3n y rese\u00f1as excelentes para convencer a los usuarios de que tus productos valen la pena y atraer m\u00e1s compras.<\/li><li><b>Logra una comprensi\u00f3n m\u00e1s clara de tus ofertas<\/b><br>Mostrar tus productos a trav\u00e9s de la experiencia de los clientes ayudar\u00e1 a los futuros compradores a formarse una mejor comprensi\u00f3n de ellos.<\/li><\/ul><\/div><div class=\"application-platform-content-item-features application-platform-content-item\" id=\"features\" data-nav-section=\"features\"><h2>Caracter\u00edsticas principales del widget de Rese\u00f1as de Facebook<\/h2><p>\u00bfPor qu\u00e9 nuestro plugin es el mejor de los widgets similares en Webflow? Explora nuestras principales ventajas:<\/p><ul><li>Incorporaci\u00f3n de rese\u00f1as de clientes desde la p\u00e1gina de Facebook;<\/li><li>Tres tipos de dise\u00f1o: Lista, Cuadr\u00edcula y Deslizador;<\/li><li>Anchura y altura ajustables del widget;<\/li><li>Mensaje de texto editable despu\u00e9s de la solicitud de rese\u00f1a denegada, con opciones de formato;<\/li><li>Tres tipos de decoraci\u00f3n de rese\u00f1as: Borde, Fondo, Ninguno;<\/li><\/ul><p><a href=\"#demo\">Lee todas las caracter\u00edsticas en nuestra demostraci\u00f3n gratuita<\/a><\/p><\/div><div class=\"application-platform-content-item-installation application-platform-content-item\" id=\"installation\" data-nav-section=\"installation\"><h2>C\u00f3mo agregar Rese\u00f1as de Facebook a tu sitio Webflow<\/h2><div class=\"video-container\"><iframe width=\"720\" height=\"405\" src=\"https:\/\/www.youtube.com\/embed\/JfC38jdDtRw\" frameborder=\"0\" allowfullscreen=\"\"><\/iframe><\/div><p>El plugin de Elfsight es f\u00e1cil de integrar y no requiere conocimientos de programaci\u00f3n. El tutorial tomar\u00e1 aproximadamente 1 minuto.<\/p><ol><li><b>Dise\u00f1a tus Rese\u00f1as de Facebook personalizadas<\/b><br> Usando nuestro editor gratuito, genera un plugin con el dise\u00f1o y configuraciones que necesitas.<\/li><li><b>Copiar el c\u00f3digo para incrustar el plugin<\/b><br> Despu\u00e9s de configurar el widget, obt\u00e9n el c\u00f3digo para el plugin de Rese\u00f1as desde la notificaci\u00f3n emergente en Elfsight Apps.<\/li><li><b>Publica el plugin en tu sitio Webflow<\/b><br> Integra el plugin en el lugar deseado de tu sitio web y aplica los cambios.<\/li><li><b>\u00a1Instalaci\u00f3n completada!<\/b><br> Visita tu sitio para ver el resultado.<\/li><\/ol><p>\u00bfTienes problemas mientras realizas el tutorial o configuras el plugin? Deja una solicitud en el centro de soporte de Elfsight y nuestro equipo de soporte estar\u00e1 encantado de ayudarte en el dise\u00f1o e inserci\u00f3n del plugin en tu sitio web.<\/p><div class=\"faq\" data-component=\"FAQ\"> <div class=\"faq-item\">\r\n\t\t\t\t\t<div class=\"faq-item-question\">\r\n\t\t\t\t\t\t<h3 class=\"faq-item-question-text\">\u00bfC\u00f3mo puedo agregar Rese\u00f1as de Facebook a mi sitio Webflow sin conocimientos de programaci\u00f3n?<\/h3>\r\n\r\n\t\t\t\t\t\t<div class=\"faq-item-question-icon\"><\/div>\r\n\t\t\t\t\t<\/div>\r\n\r\n\t\t\t\t\t<div class=\"faq-item-answer\">\r\n\t\t\t\t\t\t<div class=\"faq-item-answer-text\"><p>Elfsight ofrece una soluci\u00f3n SaaS que te permite crear un widget de Rese\u00f1as de Facebook por ti mismo, mira lo f\u00e1cil que es el proceso: Trabaja directamente en el Editor en l\u00ednea para crear el widget de Rese\u00f1as de Facebook que desees ver en tu sitio Webflow. Elige una de las plantillas predise\u00f1adas y ajusta la configuraci\u00f3n de las Rese\u00f1as de Facebook, agrega tu contenido, cambia el dise\u00f1o y los colores sin necesidad de programaci\u00f3n. Guarda las Rese\u00f1as de Facebook y copia su c\u00f3digo de instalaci\u00f3n, que podr\u00e1s incrustar f\u00e1cilmente en tu sitio Webflow sin necesidad de adquirir un plan de pago. Con nuestro editor intuitivo, cualquier usuario de Internet puede crear el widget de Rese\u00f1as de Facebook en l\u00ednea e incrustarlo f\u00e1cilmente en su sitio Webflow. No es necesario pagar ni ingresar tus credenciales de tarjeta para acceder al servicio. Si encuentras alg\u00fan problema en alg\u00fan paso, no dudes en contactar a nuestro equipo de soporte t\u00e9cnico.<\/p> <\/div>\r\n\t\t\t\t\t<\/div>\r\n\t\t\t\t<\/div> <\/div> <\/div>","protected":false},"excerpt":{"rendered":"","protected":false},"author":18,"featured_media":0,"parent":1788,"menu_order":0,"comment_status":"closed","ping_status":"closed","template":"templates\/template-application-platform.php","meta":{"publish_to_discourse":"","publish_post_category":"","wpdc_auto_publish_overridden":"","wpdc_topic_tags":"","wpdc_pin_topic":"","wpdc_pin_until":"","discourse_post_id":"","discourse_permalink":"","wpdc_publishing_response":"","wpdc_publishing_error":"","footnotes":""},"class_list":["post-4456","page","type-page","status-publish","hentry"],"yoast_head":"<!-- This site is optimized with the Yoast SEO plugin v25.3.1 - https:\/\/yoast.com\/wordpress\/plugins\/seo\/ -->\n<title>Rese\u00f1as de Facebook - Insertar plugin de Opiniones de Facebook al Webflow<\/title>\n<meta name=\"description\" content=\"A\u00f1ade un widget atractivo de Rese\u00f1as de Facebook en su sitio de Webflow. Pruebe la demo de Elfsight intuitiva y cree su plugin personalizado.\" \/>\n<meta name=\"robots\" content=\"index, follow, max-snippet:-1, max-image-preview:large, max-video-preview:-1\" \/>\n<link rel=\"canonical\" href=\"https:\/\/elfsight.com\/es\/facebook-reviews-widget\/webflow\/\" \/>\n<meta property=\"og:locale\" content=\"es_ES\" \/>\n<meta property=\"og:type\" content=\"article\" \/>\n<meta property=\"og:title\" content=\"Rese\u00f1as de Facebook - Insertar plugin de Opiniones de Facebook al Webflow\" \/>\n<meta property=\"og:description\" content=\"A\u00f1ade un widget atractivo de Rese\u00f1as de Facebook en su sitio de Webflow. Pruebe la demo de Elfsight intuitiva y cree su plugin personalizado.\" \/>\n<meta property=\"og:url\" content=\"https:\/\/elfsight.com\/es\/facebook-reviews-widget\/webflow\/\" \/>\n<meta property=\"og:site_name\" content=\"Elfsight ES\" \/>\n<meta property=\"article:modified_time\" content=\"2025-02-06T15:23:11+00:00\" \/>\n<meta name=\"twitter:card\" content=\"summary_large_image\" \/>\n<meta name=\"twitter:label1\" content=\"Tiempo de lectura\" \/>\n\t<meta name=\"twitter:data1\" content=\"2 minutos\" \/>\n<!-- \/ Yoast SEO plugin. -->","yoast_head_json":{"title":"Rese\u00f1as de Facebook - Insertar plugin de Opiniones de Facebook al Webflow","description":"A\u00f1ade un widget atractivo de Rese\u00f1as de Facebook en su sitio de Webflow. Pruebe la demo de Elfsight intuitiva y cree su plugin personalizado.","robots":{"index":"index","follow":"follow","max-snippet":"max-snippet:-1","max-image-preview":"max-image-preview:large","max-video-preview":"max-video-preview:-1"},"canonical":"https:\/\/elfsight.com\/es\/facebook-reviews-widget\/webflow\/","og_locale":"es_ES","og_type":"article","og_title":"Rese\u00f1as de Facebook - Insertar plugin de Opiniones de Facebook al Webflow","og_description":"A\u00f1ade un widget atractivo de Rese\u00f1as de Facebook en su sitio de Webflow. Pruebe la demo de Elfsight intuitiva y cree su plugin personalizado.","og_url":"https:\/\/elfsight.com\/es\/facebook-reviews-widget\/webflow\/","og_site_name":"Elfsight ES","article_modified_time":"2025-02-06T15:23:11+00:00","twitter_card":"summary_large_image","twitter_misc":{"Tiempo de lectura":"2 minutos"},"schema":{"@context":"https:\/\/schema.org","@graph":[{"@type":"WebPage","@id":"https:\/\/elfsight.com\/es\/facebook-reviews-widget\/webflow\/","url":"https:\/\/elfsight.com\/es\/facebook-reviews-widget\/webflow\/","name":"Rese\u00f1as de Facebook - Insertar plugin de Opiniones de Facebook al Webflow","isPartOf":{"@id":"https:\/\/elfsight.com\/es\/#website"},"datePublished":"2022-02-11T11:14:54+00:00","dateModified":"2025-02-06T15:23:11+00:00","description":"A\u00f1ade un widget atractivo de Rese\u00f1as de Facebook en su sitio de Webflow. Pruebe la demo de Elfsight intuitiva y cree su plugin personalizado.","breadcrumb":{"@id":"https:\/\/elfsight.com\/es\/facebook-reviews-widget\/webflow\/#breadcrumb"},"inLanguage":"es","potentialAction":[{"@type":"ReadAction","target":["https:\/\/elfsight.com\/es\/facebook-reviews-widget\/webflow\/"]}]},{"@type":"BreadcrumbList","@id":"https:\/\/elfsight.com\/es\/facebook-reviews-widget\/webflow\/#breadcrumb","itemListElement":[{"@type":"ListItem","position":1,"name":"Home","item":"https:\/\/elfsight.com\/es\/"},{"@type":"ListItem","position":2,"name":"Facebook Reviews","item":"https:\/\/elfsight.com\/es\/facebook-reviews-widget\/"},{"@type":"ListItem","position":3,"name":"Facebook Reviews &#8211; Webflow"}]},{"@type":"WebSite","@id":"https:\/\/elfsight.com\/es\/#website","url":"https:\/\/elfsight.com\/es\/","name":"Elfsight ES","description":"Just another Elfsight Sites site","potentialAction":[{"@type":"SearchAction","target":{"@type":"EntryPoint","urlTemplate":"https:\/\/elfsight.com\/es\/?s={search_term_string}"},"query-input":{"@type":"PropertyValueSpecification","valueRequired":true,"valueName":"search_term_string"}}],"inLanguage":"es"}]}},"meta_box":{"industry":"","seo_heading":"","heading":"","description":"","cta_heading":"","cta_description":"","application":"1787","h1":"plugin de Rese\u00f1as de Facebook para Webflow","h1_caption":"Inserte rese\u00f1as de clientes desde su p\u00e1gina de Facebook directamente en su sitio web para mejorar la confianza y la prueba social en su sitio web Webflow sin esfuerzo.","application_category":[],"applications_title":"","applications_request_title":"","applications_request_button_text":"","hero_text":"","hero_video":"","hero_video_schema_markup":"","selling_points_title":"","selling_points_caption":"","selling_points":[],"selling_points_cta_text":"","features_title":"","features":"","ed_cta_examples_text":"","ed_cta_examples_hidden":"","ed_cta_demo_text":"","ed_cta_demo_hidden":"","why_caption":"","why_editor_title":"","why_editor_text":"","why_team_title":"","why_team_text":"","why_service_title":"","why_service_text":"","template_catalog_visible":"","template_catalog_title":"","template_catalog_text":"","template_catalog_categories_visible":"","demo_title":"Crea tu widget de rese\u00f1as de Facebook","demo_caption":"\u00a1Configure sus rese\u00f1as de Facebook y agr\u00e9guelas a su sitio web Webflow de forma gratuita!","default_faq_hidden":"","app_template_category":[],"platform":"106","template_public_id":"","codecanyon_url":"","codecanyon_item_id":"","codecanyon_price":"","pricing_caption":"","pricing_elfsight_apps_hide_column":"","pricing_elfsight_apps_url":"","pricing_codecanyon_price_caption":"","integration_category":[],"integration_request_title":"","integration_request_cta":"","integration_platform":"","integrations":[],"platform_category":[],"video_schema_markup":"","price":"desde $0 por mes","trial":"","benefits":[{"text":"Instalaci\u00f3n gratuita"},{"text":"Soporte Premium"},{"text":"14 d\u00edas garant\u00eda de reembolso"},{"text":"Actualizaciones regulares"}],"button_url":"#demo","button_target_blank":"0","button_nofollow":"0","attributes":[{"name":"Responsivo","content":"Si","_state":"expanded"},{"name":"Navegadores compatibles","content":"Firefox, Safari, Opera, Chrome, Edge","_state":"expanded"}],"tags":[],"tags_disable_links":"0","hide_more_platforms":"","video_object":"","demo_hide_cta":"0","demo_hide_cloud_options":"0","pricing_title":"","pricing":[{"pricing_icon":"platform","pricing_title":" Elfsight Apps","pricing_title_caption":"Soluci\u00f3n multiplataforma - valido para cualquier p\u00e1gina web","pricing_price":"desde $0 por mes","pricing_price_caption":"empezar con un plan gratuito","pricing_benefits":[{"text":"Sitios web ilimitados"},{"text":"Atenci\u00f3n al cliente gratuita y r\u00e1pida"},{"text":"Servicio de instalaci\u00f3n gratuito"},{"text":"Totalmente personalizable"}],"pricing_button_text":"Agregar al sitio web","pricing_button_url":"#demo","_state":"expanded"}],"related_apps_title":"","related_apps_hidden":"1","author":"","image":[],"title":"","job":"","social_networks":[]},"_links":{"self":[{"href":"https:\/\/elfsight.com\/es\/wp-json\/wp\/v2\/pages\/4456","targetHints":{"allow":["GET"]}}],"collection":[{"href":"https:\/\/elfsight.com\/es\/wp-json\/wp\/v2\/pages"}],"about":[{"href":"https:\/\/elfsight.com\/es\/wp-json\/wp\/v2\/types\/page"}],"author":[{"embeddable":true,"href":"https:\/\/elfsight.com\/es\/wp-json\/wp\/v2\/users\/18"}],"replies":[{"embeddable":true,"href":"https:\/\/elfsight.com\/es\/wp-json\/wp\/v2\/comments?post=4456"}],"version-history":[{"count":3,"href":"https:\/\/elfsight.com\/es\/wp-json\/wp\/v2\/pages\/4456\/revisions"}],"predecessor-version":[{"id":18209,"href":"https:\/\/elfsight.com\/es\/wp-json\/wp\/v2\/pages\/4456\/revisions\/18209"}],"up":[{"embeddable":true,"href":"https:\/\/elfsight.com\/es\/wp-json\/wp\/v2\/pages\/1788"}],"wp:attachment":[{"href":"https:\/\/elfsight.com\/es\/wp-json\/wp\/v2\/media?parent=4456"}],"curies":[{"name":"wp","href":"https:\/\/api.w.org\/{rel}","templated":true}]}}