{"id":4455,"date":"2022-02-11T11:14:47","date_gmt":"2022-02-11T11:14:47","guid":{"rendered":"https:\/\/elfsight.com\/es\/?page_id=4455"},"modified":"2025-02-06T15:23:19","modified_gmt":"2025-02-06T15:23:19","slug":"wix","status":"publish","type":"page","link":"https:\/\/elfsight.com\/es\/accordion-faq-widget\/wix\/","title":{"rendered":"FAQ &#8211; Wix"},"content":{"rendered":"<div class=\"application-platform-content-item-description application-platform-content-item\" id=\"description\" data-nav-section=\"description\"><h2>Descripci\u00f3n<\/h2><p>FAQ de Elfsight es una herramienta potente, f\u00e1cil de usar y personalizar para generar y agregar una lista de las preguntas m\u00e1s frecuentes con sus respuestas en tu sitio web personal. Una aplicaci\u00f3n informativa con un dise\u00f1o simple que te permite publicar datos detallados sobre tus servicios, llamar la atenci\u00f3n de los lectores sobre las cualidades positivas de tus ofertas y prevenir cualquier tipo de temor y desconfianza que podr\u00eda evitar una compra.<\/p><p><b>\u00a1Responde las preguntas de tus usuarios de inmediato y aumenta las ventas en tu sitio web!<\/b><\/p><ul><li><b>Combate los temores de tus usuarios y aumenta tus ventas<\/b>.<br>Proporciona la mayor cantidad de informaci\u00f3n sobre tus productos u ofertas a tus futuros clientes para derrotar cualquier desconfianza y aumentar la conversi\u00f3n en el sitio web.<\/li><li><b>Logra la percepci\u00f3n correcta de tus productos o servicios por parte de los clientes<\/b>.<br>Destruye las creencias err\u00f3neas y dudas m\u00e1s frecuentes relacionadas con tu empresa utilizando respuestas claras y detalladas.<\/li><li><b>Responde las preguntas de los clientes antes de que surjan<\/b>.<br>Permite que tus clientes obtengan la informaci\u00f3n m\u00e1s completa sobre tus productos o servicios y proporciona respuestas a sus preguntas antes de que aparezcan.<\/li><\/ul><\/div><div class=\"application-platform-content-item-features application-platform-content-item\" id=\"features\" data-nav-section=\"features\"><h2>Caracter\u00edsticas<\/h2><p>Las caracter\u00edsticas m\u00e1s destacadas de la aplicaci\u00f3n de Elfsight, que la convierten en el m\u00e9todo m\u00e1s flexible para agregar un FAQ en un sitio Wix.<\/p><ul><li>Dise\u00f1o multicolumna para distribuir autom\u00e1ticamente el contenido en columnas;<\/li><li>36 \u00edconos predefinidos para categor\u00edas;<\/li><li>Preguntas ilimitadas dentro de cada categor\u00eda;<\/li><li>Soporte para HTML en el texto;<\/li><li>Actualizaciones disponibles para mantenerlo actualizado.<\/li><\/ul><p><a href=\"#demo\">Consulta todas las caracter\u00edsticas<\/a><\/p><\/div><div class=\"application-platform-content-item-installation application-platform-content-item\" id=\"installation\" data-nav-section=\"installation\"><h2>C\u00f3mo agregar el widget de FAQ Accordion a Wix<\/h2><div class=\"video-container\"><iframe width=\"720\" height=\"405\" src=\"https:\/\/www.youtube.com\/embed\/CScBC_J2Ogk\" frameborder=\"0\" allowfullscreen=\"\"><\/iframe><\/div><p>Instala la aplicaci\u00f3n usando nuestro breve tutorial. No necesitas habilidades de desarrollo ni ayuda de un programador. El proceso de configuraci\u00f3n toma solo 1 minuto.<\/p><ol><li><b>Crea tu FAQ personalizado<\/b>.<br>Con nuestro <a href=\"#demo\">editor gratuito<\/a>, crea un widget con el dise\u00f1o y capacidades necesarias.<\/li><li><b>Obt\u00e9n el c\u00f3digo para mostrar la aplicaci\u00f3n<\/b>.<br>Despu\u00e9s de configurar el widget, obt\u00e9n el c\u00f3digo para el widget de FAQ desde la notificaci\u00f3n que aparece en Elfsight Apps.<\/li><li><b>Muestra la aplicaci\u00f3n en tu sitio Wix<\/b>.<br>Coloca el widget en el lugar deseado de la p\u00e1gina y guarda los cambios.<\/li><li><b>\u00a1Listo!<\/b><br>Visita tu sitio web para ver tu widget.<\/li><\/ol><p>\u00bfTe has encontrado con alg\u00fan problema mientras sigues el tutorial? Notifica a nuestro centro de soporte o consulta la versi\u00f3n completa del tutorial \u00ab<a href=\"https:\/\/elfsight.com\/tutorials\/how-to-add-faq-to-wix-website\/\" target=\"_blank\" rel=\"noopener noreferrer\">C\u00f3mo agregar FAQ a Wix<\/a>\u00bb y completa la configuraci\u00f3n por ti mismo.<\/p><div class=\"faq\" data-component=\"FAQ\"><div class=\"faq-item\">\r\n\t\t\t\t\t<div class=\"faq-item-question\">\r\n\t\t\t\t\t\t<h3 class=\"faq-item-question-text\">\u00bfC\u00f3mo agregar FAQ a mi sitio Wix sin habilidades de programaci\u00f3n?<\/h3>\r\n\r\n\t\t\t\t\t\t<div class=\"faq-item-question-icon\"><\/div>\r\n\t\t\t\t\t<\/div>\r\n\r\n\t\t\t\t\t<div class=\"faq-item-answer\">\r\n\t\t\t\t\t\t<div class=\"faq-item-answer-text\"><p>Elfsight ofrece una soluci\u00f3n SaaS que te permite crear un widget de FAQ por ti mismo, mira lo f\u00e1cil que es el proceso: Trabaja directamente en el Editor en l\u00ednea para crear el widget de FAQ que te gustar\u00eda ver en tu sitio Wix. Elige una de las plantillas predise\u00f1adas y ajusta la configuraci\u00f3n del FAQ, agrega tu contenido, cambia el dise\u00f1o y los colores sin necesidad de habilidades de programaci\u00f3n. Guarda el FAQ y copia su c\u00f3digo de instalaci\u00f3n, que puedes pegar f\u00e1cilmente en tu sitio Wix sin necesidad de comprar un plan de pago. Con nuestro editor intuitivo, cualquier usuario de Internet puede crear un widget de FAQ en l\u00ednea e incrustarlo f\u00e1cilmente en su sitio Wix. No es necesario pagar ni ingresar los datos de tu tarjeta para acceder al servicio. Si encuentras alg\u00fan problema en cualquier paso, no dudes en contactar a nuestro equipo de soporte t\u00e9cnico.<\/p> <\/div>\r\n\t\t\t\t\t<\/div>\r\n\t\t\t\t<\/div> <\/div><\/div>","protected":false},"excerpt":{"rendered":"","protected":false},"author":18,"featured_media":0,"parent":1771,"menu_order":0,"comment_status":"closed","ping_status":"closed","template":"templates\/template-application-platform.php","meta":{"publish_to_discourse":"","publish_post_category":"","wpdc_auto_publish_overridden":"","wpdc_topic_tags":"","wpdc_pin_topic":"","wpdc_pin_until":"","discourse_post_id":"","discourse_permalink":"","wpdc_publishing_response":"","wpdc_publishing_error":"","footnotes":""},"class_list":["post-4455","page","type-page","status-publish","hentry"],"yoast_head":"<!-- This site is optimized with the Yoast SEO plugin v25.3.1 - https:\/\/yoast.com\/wordpress\/plugins\/seo\/ -->\n<title>FAQ - Incrustar plugin de Preguntas Frecuentes al Wix<\/title>\n<meta name=\"description\" content=\"Instala un widget interactivo de FAQ en su sitio web de Wix. Aplique la demo de Elfsight intuitiva y cree su plugin propio.\" \/>\n<meta name=\"robots\" content=\"index, follow, max-snippet:-1, max-image-preview:large, max-video-preview:-1\" \/>\n<link rel=\"canonical\" href=\"https:\/\/elfsight.com\/es\/accordion-faq-widget\/wix\/\" \/>\n<meta property=\"og:locale\" content=\"es_ES\" \/>\n<meta property=\"og:type\" content=\"article\" \/>\n<meta property=\"og:title\" content=\"FAQ - Incrustar plugin de Preguntas Frecuentes al Wix\" \/>\n<meta property=\"og:description\" content=\"Instala un widget interactivo de FAQ en su sitio web de Wix. Aplique la demo de Elfsight intuitiva y cree su plugin propio.\" \/>\n<meta property=\"og:url\" content=\"https:\/\/elfsight.com\/es\/accordion-faq-widget\/wix\/\" \/>\n<meta property=\"og:site_name\" content=\"Elfsight ES\" \/>\n<meta property=\"article:modified_time\" content=\"2025-02-06T15:23:19+00:00\" \/>\n<meta name=\"twitter:card\" content=\"summary_large_image\" \/>\n<meta name=\"twitter:label1\" content=\"Tiempo de lectura\" \/>\n\t<meta name=\"twitter:data1\" content=\"1 minuto\" \/>\n<!-- \/ Yoast SEO plugin. -->","yoast_head_json":{"title":"FAQ - Incrustar plugin de Preguntas Frecuentes al Wix","description":"Instala un widget interactivo de FAQ en su sitio web de Wix. Aplique la demo de Elfsight intuitiva y cree su plugin propio.","robots":{"index":"index","follow":"follow","max-snippet":"max-snippet:-1","max-image-preview":"max-image-preview:large","max-video-preview":"max-video-preview:-1"},"canonical":"https:\/\/elfsight.com\/es\/accordion-faq-widget\/wix\/","og_locale":"es_ES","og_type":"article","og_title":"FAQ - Incrustar plugin de Preguntas Frecuentes al Wix","og_description":"Instala un widget interactivo de FAQ en su sitio web de Wix. Aplique la demo de Elfsight intuitiva y cree su plugin propio.","og_url":"https:\/\/elfsight.com\/es\/accordion-faq-widget\/wix\/","og_site_name":"Elfsight ES","article_modified_time":"2025-02-06T15:23:19+00:00","twitter_card":"summary_large_image","twitter_misc":{"Tiempo de lectura":"1 minuto"},"schema":{"@context":"https:\/\/schema.org","@graph":[{"@type":"WebPage","@id":"https:\/\/elfsight.com\/es\/accordion-faq-widget\/wix\/","url":"https:\/\/elfsight.com\/es\/accordion-faq-widget\/wix\/","name":"FAQ - Incrustar plugin de Preguntas Frecuentes al Wix","isPartOf":{"@id":"https:\/\/elfsight.com\/es\/#website"},"datePublished":"2022-02-11T11:14:47+00:00","dateModified":"2025-02-06T15:23:19+00:00","description":"Instala un widget interactivo de FAQ en su sitio web de Wix. Aplique la demo de Elfsight intuitiva y cree su plugin propio.","breadcrumb":{"@id":"https:\/\/elfsight.com\/es\/accordion-faq-widget\/wix\/#breadcrumb"},"inLanguage":"es","potentialAction":[{"@type":"ReadAction","target":["https:\/\/elfsight.com\/es\/accordion-faq-widget\/wix\/"]}]},{"@type":"BreadcrumbList","@id":"https:\/\/elfsight.com\/es\/accordion-faq-widget\/wix\/#breadcrumb","itemListElement":[{"@type":"ListItem","position":1,"name":"Home","item":"https:\/\/elfsight.com\/es\/"},{"@type":"ListItem","position":2,"name":"FAQ","item":"https:\/\/elfsight.com\/es\/accordion-faq-widget\/"},{"@type":"ListItem","position":3,"name":"FAQ &#8211; Wix"}]},{"@type":"WebSite","@id":"https:\/\/elfsight.com\/es\/#website","url":"https:\/\/elfsight.com\/es\/","name":"Elfsight ES","description":"Just another Elfsight Sites site","potentialAction":[{"@type":"SearchAction","target":{"@type":"EntryPoint","urlTemplate":"https:\/\/elfsight.com\/es\/?s={search_term_string}"},"query-input":{"@type":"PropertyValueSpecification","valueRequired":true,"valueName":"search_term_string"}}],"inLanguage":"es"}]}},"meta_box":{"industry":"","seo_heading":"","heading":"","description":"","cta_heading":"","cta_description":"","application":"1770","h1":"complemento de preguntas frecuentes para Wix","h1_caption":"Proporciona respuestas a preguntas frecuentes en un formato organizado y con capacidad de b\u00fasqueda para ayudar a los usuarios a encontrar soluciones r\u00e1pidamente en tu sitio web Wix sin esfuerzo.","application_category":[],"applications_title":"","applications_request_title":"","applications_request_button_text":"","hero_text":"","hero_video":"","hero_video_schema_markup":"","selling_points_title":"","selling_points_caption":"","selling_points":[],"selling_points_cta_text":"","features_title":"","features":"","ed_cta_examples_text":"","ed_cta_examples_hidden":"","ed_cta_demo_text":"","ed_cta_demo_hidden":"","why_caption":"","why_editor_title":"","why_editor_text":"","why_team_title":"","why_team_text":"","why_service_title":"","why_service_text":"","template_catalog_visible":"","template_catalog_title":"","template_catalog_text":"","template_catalog_categories_visible":"","demo_title":"Crea tu aplicaci\u00f3n de preguntas frecuentes","demo_caption":"\u00a1Configura tus preguntas frecuentes y agr\u00e9galas a tu sitio web Wix gratis!","default_faq_hidden":"","app_template_category":[],"platform":"112","template_public_id":"","codecanyon_url":"","codecanyon_item_id":"","codecanyon_price":"","pricing_caption":"","pricing_elfsight_apps_hide_column":"","pricing_elfsight_apps_url":"","pricing_codecanyon_price_caption":"","integration_category":[],"integration_request_title":"","integration_request_cta":"","integration_platform":"","integrations":[],"platform_category":[],"video_schema_markup":"","price":"desde $0 por mes","trial":"","benefits":[{"text":"Instalaci\u00f3n gratuita"},{"text":"Soporte Premium"},{"text":"14 d\u00edas garant\u00eda de reembolso"},{"text":"Actualizaciones regulares"}],"button_url":"#demo","button_target_blank":"0","button_nofollow":"0","attributes":[{"name":"Responsivo","content":"Si","_state":"expanded"},{"name":"Navegadores compatibles","content":"Firefox, Safari, Opera, Chrome, Edge","_state":"expanded"}],"tags":[],"tags_disable_links":"0","hide_more_platforms":"","video_object":"","demo_hide_cta":"0","demo_hide_cloud_options":"0","pricing_title":"","pricing":[{"pricing_icon":"platform","pricing_title":" Elfsight Apps","pricing_title_caption":"Soluci\u00f3n multiplataforma - valido para cualquier p\u00e1gina web","pricing_price":"desde $0 por mes","pricing_price_caption":"empezar con un plan gratuito","pricing_benefits":[{"text":"Sitios web ilimitados"},{"text":"Atenci\u00f3n al cliente gratuita y r\u00e1pida"},{"text":"Servicio de instalaci\u00f3n gratuito"},{"text":"Totalmente personalizable"}],"pricing_button_text":"Agregar al sitio web","pricing_button_url":"#demo","_state":"expanded"}],"related_apps_title":"","related_apps_hidden":"1","author":"","image":[],"title":"","job":"","social_networks":[]},"_links":{"self":[{"href":"https:\/\/elfsight.com\/es\/wp-json\/wp\/v2\/pages\/4455","targetHints":{"allow":["GET"]}}],"collection":[{"href":"https:\/\/elfsight.com\/es\/wp-json\/wp\/v2\/pages"}],"about":[{"href":"https:\/\/elfsight.com\/es\/wp-json\/wp\/v2\/types\/page"}],"author":[{"embeddable":true,"href":"https:\/\/elfsight.com\/es\/wp-json\/wp\/v2\/users\/18"}],"replies":[{"embeddable":true,"href":"https:\/\/elfsight.com\/es\/wp-json\/wp\/v2\/comments?post=4455"}],"version-history":[{"count":3,"href":"https:\/\/elfsight.com\/es\/wp-json\/wp\/v2\/pages\/4455\/revisions"}],"predecessor-version":[{"id":18210,"href":"https:\/\/elfsight.com\/es\/wp-json\/wp\/v2\/pages\/4455\/revisions\/18210"}],"up":[{"embeddable":true,"href":"https:\/\/elfsight.com\/es\/wp-json\/wp\/v2\/pages\/1771"}],"wp:attachment":[{"href":"https:\/\/elfsight.com\/es\/wp-json\/wp\/v2\/media?parent=4455"}],"curies":[{"name":"wp","href":"https:\/\/api.w.org\/{rel}","templated":true}]}}