{"id":4443,"date":"2022-02-11T11:14:14","date_gmt":"2022-02-11T11:14:14","guid":{"rendered":"https:\/\/elfsight.com\/es\/?page_id=4443"},"modified":"2025-02-06T15:23:19","modified_gmt":"2025-02-06T15:23:19","slug":"webnode","status":"publish","type":"page","link":"https:\/\/elfsight.com\/es\/accordion-faq-widget\/webnode\/","title":{"rendered":"FAQ &#8211; Webnode"},"content":{"rendered":"<div class=\"application-platform-content-item-description application-platform-content-item\" id=\"description\" data-nav-section=\"description\"><h2>Descripci\u00f3n<\/h2><p>Nuestro FAQ es una herramienta simple, f\u00e1cil de usar y personalizar para crear y publicar un conjunto de las preguntas m\u00e1s frecuentes con sus respuestas en tu sitio web personal. Un widget interactivo con dise\u00f1o claro que te permite mostrar datos extensos sobre tu negocio, dirigir la atenci\u00f3n de los lectores a las propiedades positivas y combatir malentendidos y desconfianza, los cuales podr\u00edan ser un obst\u00e1culo para la compra.<\/p><p><b>\u00a1Responde las preguntas que surjan de tus clientes al instante y aumenta las ventas en el sitio web!<\/b><\/p><ul><li><b>Dirige a los clientes a la compra usando textos inteligentes<\/b>.<br>Demuestra las respuestas a las preguntas m\u00e1s importantes de tus clientes de antemano y convence a los usuarios de que finalicen su compra en tu sitio.<\/li><li><b>Proporciona la imagen de tu negocio a los lectores<\/b>.<br>Muestra a tus visitantes la verdadera imagen de tu marca y los procesos comerciales, para eliminar cualquier duda y fomentar la cooperaci\u00f3n.<\/li><li><b>Responde todas las posibles preguntas de tus clientes de antemano<\/b>.<br>Permite que tus usuarios obtengan los datos m\u00e1s detallados sobre tus productos o servicios y resuelvan las dudas antes de que surjan.<\/li><\/ul><\/div><div class=\"application-platform-content-item-features application-platform-content-item\" id=\"features\" data-nav-section=\"features\"><h2>Caracter\u00edsticas<\/h2><p>Las ventajas m\u00e1s importantes del widget de Elfsight, que lo convierten en la herramienta m\u00e1s flexible para mostrar FAQ en tu sitio Webnode.<\/p><ul><li>Dise\u00f1o en lista para mostrar todas las preguntas y respuestas de una vez;<\/li><li>Colores personalizables para el texto de las preguntas, el texto de las respuestas, el nombre de las categor\u00edas y el fondo;<\/li><li>Icono de cruz o flecha para el dise\u00f1o Accordion;<\/li><li>Soporte de HTML en el texto;<\/li><li>Optimizaci\u00f3n m\u00f3vil para una experiencia fluida.<\/li><\/ul><p><a href=\"#demo\">Ver todas las caracter\u00edsticas<\/a><\/p><\/div><div class=\"application-platform-content-item-installation application-platform-content-item\" id=\"installation\" data-nav-section=\"installation\"><h2>C\u00f3mo agregar el widget Accordion FAQ a Webnode<\/h2><p>Crea un widget con la ayuda de nuestra breve gu\u00eda. No necesitar\u00e1s habilidades en desarrollo, ni encontrar un programador. El tiempo total de instalaci\u00f3n es solo de 2 minutos.<\/p><ol><li><b>Dise\u00f1a tu FAQ personalizado<\/b>.<br>Con nuestra demo gratuita, crea un plugin con el dise\u00f1o y las opciones que necesites.<\/li><li><b>Obt\u00e9n el c\u00f3digo para la instalaci\u00f3n del plugin<\/b>.<br>Despu\u00e9s de generar el widget, obt\u00e9n el c\u00f3digo del plugin FAQ desde la ventana emergente en Elfsight Apps.<\/li><li><b>Revela el plugin en el sitio Webnode<\/b>.<br>Agrega el plugin al lugar deseado de la p\u00e1gina y publica los cambios.<\/li><li><b>\u00a1La integraci\u00f3n es exitosa!<\/b><br>Visita tu sitio web para ver c\u00f3mo qued\u00f3.<\/li><\/ol><p>\u00bfTienes problemas durante la instalaci\u00f3n? Env\u00edanos un mensaje al servicio de soporte de Elfsight o consulta una versi\u00f3n completa de las instrucciones \u00ab<a href=\"https:\/\/elfsight.com\/tutorials\/how-to-add-faq-widget-to-webnode\/\" target=\"_blank\" rel=\"noopener noreferrer\">C\u00f3mo agregar FAQ a Webnode<\/a>\u00bb y termina la configuraci\u00f3n por ti mismo.<\/p><div class=\"faq\" data-component=\"FAQ\"><div class=\"faq-item\">\r\n\t\t\t\t\t<div class=\"faq-item-question\">\r\n\t\t\t\t\t\t<h3 class=\"faq-item-question-text\">\u00bfC\u00f3mo agregar FAQ a mi sitio Webnode sin habilidades de programaci\u00f3n?<\/h3>\r\n\r\n\t\t\t\t\t\t<div class=\"faq-item-question-icon\"><\/div>\r\n\t\t\t\t\t<\/div>\r\n\r\n\t\t\t\t\t<div class=\"faq-item-answer\">\r\n\t\t\t\t\t\t<div class=\"faq-item-answer-text\"><p>Elfsight ofrece una soluci\u00f3n SaaS que te permite crear un widget de FAQ por ti mismo, mira lo f\u00e1cil que es el proceso: Trabaja directamente en el Editor en l\u00ednea para crear un widget de FAQ que te gustar\u00eda ver en tu sitio Webnode. Elige una de las plantillas predefinidas y ajusta la configuraci\u00f3n del FAQ, agrega tu contenido, cambia el dise\u00f1o y los colores sin habilidades de programaci\u00f3n. Guarda el FAQ y copia su c\u00f3digo de instalaci\u00f3n, que puedes incluir en tu sitio Webnode sin necesidad de comprar una versi\u00f3n de pago. Con nuestro Editor intuitivo, cualquier usuario de internet puede crear un widget de FAQ en l\u00ednea e insertarlo f\u00e1cilmente en su sitio Webnode. No es necesario pagar ni ingresar los datos de tu tarjeta para acceder al servicio. Si enfrentas problemas en cualquier paso, no dudes en contactar a nuestro equipo de soporte t\u00e9cnico.<\/p> <\/div>\r\n\t\t\t\t\t<\/div>\r\n\t\t\t\t<\/div> <\/div><\/div>","protected":false},"excerpt":{"rendered":"","protected":false},"author":18,"featured_media":0,"parent":1771,"menu_order":0,"comment_status":"closed","ping_status":"closed","template":"templates\/template-application-platform.php","meta":{"publish_to_discourse":"","publish_post_category":"","wpdc_auto_publish_overridden":"","wpdc_topic_tags":"","wpdc_pin_topic":"","wpdc_pin_until":"","discourse_post_id":"","discourse_permalink":"","wpdc_publishing_response":"","wpdc_publishing_error":"","footnotes":""},"class_list":["post-4443","page","type-page","status-publish","hentry"],"yoast_head":"<!-- This site is optimized with the Yoast SEO plugin v25.3.1 - https:\/\/yoast.com\/wordpress\/plugins\/seo\/ -->\n<title>FAQ - Incluir plugin de Preguntas Frecuentes al Webnode<\/title>\n<meta name=\"description\" content=\"A\u00f1ade un widget responsivo de FAQ en su p\u00e1gina web de Webnode. Aplique la demo de Elfsight manejable y construe su plugin propio.\" \/>\n<meta name=\"robots\" content=\"index, follow, max-snippet:-1, max-image-preview:large, max-video-preview:-1\" \/>\n<link rel=\"canonical\" href=\"https:\/\/elfsight.com\/es\/accordion-faq-widget\/webnode\/\" \/>\n<meta property=\"og:locale\" content=\"es_ES\" \/>\n<meta property=\"og:type\" content=\"article\" \/>\n<meta property=\"og:title\" content=\"FAQ - Incluir plugin de Preguntas Frecuentes al Webnode\" \/>\n<meta property=\"og:description\" content=\"A\u00f1ade un widget responsivo de FAQ en su p\u00e1gina web de Webnode. Aplique la demo de Elfsight manejable y construe su plugin propio.\" \/>\n<meta property=\"og:url\" content=\"https:\/\/elfsight.com\/es\/accordion-faq-widget\/webnode\/\" \/>\n<meta property=\"og:site_name\" content=\"Elfsight ES\" \/>\n<meta property=\"article:modified_time\" content=\"2025-02-06T15:23:19+00:00\" \/>\n<meta name=\"twitter:card\" content=\"summary_large_image\" \/>\n<meta name=\"twitter:label1\" content=\"Tiempo de lectura\" \/>\n\t<meta name=\"twitter:data1\" content=\"1 minuto\" \/>\n<!-- \/ Yoast SEO plugin. -->","yoast_head_json":{"title":"FAQ - Incluir plugin de Preguntas Frecuentes al Webnode","description":"A\u00f1ade un widget responsivo de FAQ en su p\u00e1gina web de Webnode. Aplique la demo de Elfsight manejable y construe su plugin propio.","robots":{"index":"index","follow":"follow","max-snippet":"max-snippet:-1","max-image-preview":"max-image-preview:large","max-video-preview":"max-video-preview:-1"},"canonical":"https:\/\/elfsight.com\/es\/accordion-faq-widget\/webnode\/","og_locale":"es_ES","og_type":"article","og_title":"FAQ - Incluir plugin de Preguntas Frecuentes al Webnode","og_description":"A\u00f1ade un widget responsivo de FAQ en su p\u00e1gina web de Webnode. Aplique la demo de Elfsight manejable y construe su plugin propio.","og_url":"https:\/\/elfsight.com\/es\/accordion-faq-widget\/webnode\/","og_site_name":"Elfsight ES","article_modified_time":"2025-02-06T15:23:19+00:00","twitter_card":"summary_large_image","twitter_misc":{"Tiempo de lectura":"1 minuto"},"schema":{"@context":"https:\/\/schema.org","@graph":[{"@type":"WebPage","@id":"https:\/\/elfsight.com\/es\/accordion-faq-widget\/webnode\/","url":"https:\/\/elfsight.com\/es\/accordion-faq-widget\/webnode\/","name":"FAQ - Incluir plugin de Preguntas Frecuentes al Webnode","isPartOf":{"@id":"https:\/\/elfsight.com\/es\/#website"},"datePublished":"2022-02-11T11:14:14+00:00","dateModified":"2025-02-06T15:23:19+00:00","description":"A\u00f1ade un widget responsivo de FAQ en su p\u00e1gina web de Webnode. Aplique la demo de Elfsight manejable y construe su plugin propio.","breadcrumb":{"@id":"https:\/\/elfsight.com\/es\/accordion-faq-widget\/webnode\/#breadcrumb"},"inLanguage":"es","potentialAction":[{"@type":"ReadAction","target":["https:\/\/elfsight.com\/es\/accordion-faq-widget\/webnode\/"]}]},{"@type":"BreadcrumbList","@id":"https:\/\/elfsight.com\/es\/accordion-faq-widget\/webnode\/#breadcrumb","itemListElement":[{"@type":"ListItem","position":1,"name":"Home","item":"https:\/\/elfsight.com\/es\/"},{"@type":"ListItem","position":2,"name":"FAQ","item":"https:\/\/elfsight.com\/es\/accordion-faq-widget\/"},{"@type":"ListItem","position":3,"name":"FAQ &#8211; Webnode"}]},{"@type":"WebSite","@id":"https:\/\/elfsight.com\/es\/#website","url":"https:\/\/elfsight.com\/es\/","name":"Elfsight ES","description":"Just another Elfsight Sites site","potentialAction":[{"@type":"SearchAction","target":{"@type":"EntryPoint","urlTemplate":"https:\/\/elfsight.com\/es\/?s={search_term_string}"},"query-input":{"@type":"PropertyValueSpecification","valueRequired":true,"valueName":"search_term_string"}}],"inLanguage":"es"}]}},"meta_box":{"industry":"","seo_heading":"","heading":"","description":"","cta_heading":"","cta_description":"","application":"1770","h1":"plugin de preguntas frecuentes para Webnode","h1_caption":"Proporciona respuestas a preguntas frecuentes en un formato organizado y con capacidad de b\u00fasqueda para ayudar a los usuarios a encontrar soluciones r\u00e1pidamente en tu sitio web Webnode y sin esfuerzo.","application_category":[],"applications_title":"","applications_request_title":"","applications_request_button_text":"","hero_text":"","hero_video":"","hero_video_schema_markup":"","selling_points_title":"","selling_points_caption":"","selling_points":[],"selling_points_cta_text":"","features_title":"","features":"","ed_cta_examples_text":"","ed_cta_examples_hidden":"","ed_cta_demo_text":"","ed_cta_demo_hidden":"","why_caption":"","why_editor_title":"","why_editor_text":"","why_team_title":"","why_team_text":"","why_service_title":"","why_service_text":"","template_catalog_visible":"","template_catalog_title":"","template_catalog_text":"","template_catalog_categories_visible":"","demo_title":"Crea tu widget de preguntas frecuentes","demo_caption":"\u00a1Configura tus preguntas frecuentes y a\u00f1\u00e1delas a tu sitio web Webnode gratis!","default_faq_hidden":"","app_template_category":[],"platform":"2302","template_public_id":"","codecanyon_url":"","codecanyon_item_id":"","codecanyon_price":"","pricing_caption":"","pricing_elfsight_apps_hide_column":"","pricing_elfsight_apps_url":"","pricing_codecanyon_price_caption":"","integration_category":[],"integration_request_title":"","integration_request_cta":"","integration_platform":"","integrations":[],"platform_category":[],"video_schema_markup":"","price":"desde $0 por mes","trial":"","benefits":[{"text":"Instalaci\u00f3n gratuita"},{"text":"Soporte Premium"},{"text":"14 d\u00edas garant\u00eda de reembolso"},{"text":"Actualizaciones regulares"}],"button_url":"#demo","button_target_blank":"0","button_nofollow":"0","attributes":[{"name":"Responsivo","content":"Si","_state":"expanded"},{"name":"Navegadores compatibles","content":"Firefox, Safari, Opera, Chrome, Edge","_state":"expanded"}],"tags":[],"tags_disable_links":"0","hide_more_platforms":"","video_object":"","demo_hide_cta":"0","demo_hide_cloud_options":"0","pricing_title":"","pricing":[{"pricing_icon":"platform","pricing_title":" Elfsight Apps","pricing_title_caption":"Soluci\u00f3n multiplataforma - valido para cualquier p\u00e1gina web","pricing_price":"desde $0 por mes","pricing_price_caption":"empezar con un plan gratuito","pricing_benefits":[{"text":"Sitios web ilimitados"},{"text":"Atenci\u00f3n al cliente gratuita y r\u00e1pida"},{"text":"Servicio de instalaci\u00f3n gratuito"},{"text":"Totalmente personalizable"}],"pricing_button_text":"Agregar al sitio web","pricing_button_url":"#demo","_state":"expanded"}],"related_apps_title":"","related_apps_hidden":"1","author":"","image":[],"title":"","job":"","social_networks":[]},"_links":{"self":[{"href":"https:\/\/elfsight.com\/es\/wp-json\/wp\/v2\/pages\/4443","targetHints":{"allow":["GET"]}}],"collection":[{"href":"https:\/\/elfsight.com\/es\/wp-json\/wp\/v2\/pages"}],"about":[{"href":"https:\/\/elfsight.com\/es\/wp-json\/wp\/v2\/types\/page"}],"author":[{"embeddable":true,"href":"https:\/\/elfsight.com\/es\/wp-json\/wp\/v2\/users\/18"}],"replies":[{"embeddable":true,"href":"https:\/\/elfsight.com\/es\/wp-json\/wp\/v2\/comments?post=4443"}],"version-history":[{"count":3,"href":"https:\/\/elfsight.com\/es\/wp-json\/wp\/v2\/pages\/4443\/revisions"}],"predecessor-version":[{"id":18213,"href":"https:\/\/elfsight.com\/es\/wp-json\/wp\/v2\/pages\/4443\/revisions\/18213"}],"up":[{"embeddable":true,"href":"https:\/\/elfsight.com\/es\/wp-json\/wp\/v2\/pages\/1771"}],"wp:attachment":[{"href":"https:\/\/elfsight.com\/es\/wp-json\/wp\/v2\/media?parent=4443"}],"curies":[{"name":"wp","href":"https:\/\/api.w.org\/{rel}","templated":true}]}}