{"id":4441,"date":"2022-02-11T11:14:07","date_gmt":"2022-02-11T11:14:07","guid":{"rendered":"https:\/\/elfsight.com\/es\/?page_id=4441"},"modified":"2026-01-19T12:49:36","modified_gmt":"2026-01-19T12:49:36","slug":"wix","status":"publish","type":"page","link":"https:\/\/elfsight.com\/es\/online-form-builder\/wix\/","title":{"rendered":"Form Builder &#8211; Wix"},"content":{"rendered":"<div class=\"application-platform-content-item-description application-platform-content-item\" id=\"description\" data-nav-section=\"description\"><h2>Creador de formularios personalizado para Wix<\/h2><p>Elfsight Form Builder es una herramienta vers\u00e1til que te permite crear varios tipos de formularios y mostrarlos en tu sitio web. Puedes recopilar informaci\u00f3n de tus clientes actuales y potenciales utilizando encuestas f\u00e1ciles de usar, formularios de retroalimentaci\u00f3n, solicitudes de calificaci\u00f3n y otros formatos similares, incluyendo un formulario de pedido personalizado para Wix o un formulario de solicitud para Wix. Con la ayuda de esta aplicaci\u00f3n, puedes personalizar la estructura de tu formulario y seleccionar entre una variedad de elementos para crear formularios atractivos y efectivos que se ajusten a tus necesidades. Ya sea que necesites recopilar comentarios, evaluaciones, reservas o compras, el creador de formularios personalizado gratuito para Wix te asistir\u00e1 en dise\u00f1ar el formulario m\u00e1s adecuado. Con una gama de elementos disponibles y patrones personalizables, tu formulario ser\u00e1 f\u00e1cil de usar y visualmente atractivo para ti y tus clientes, al igual que una aplicaci\u00f3n de creaci\u00f3n de formularios para Wix.<\/p><p><b>\u00a1Establece solicitudes y compras a trav\u00e9s de formularios pr\u00e1cticos para una comunicaci\u00f3n r\u00e1pida y sencilla con los clientes!<\/b><\/p><ul><li><b>Crea formularios atractivos para recopilar m\u00e1s retroalimentaci\u00f3n<\/b>.<br>Aplica cada opci\u00f3n de la aplicaci\u00f3n Elfsight para dise\u00f1ar formularios de relleno potentes. Elige elementos y define la estructura para que tus formularios sean equilibrados y sencillos. Usa las configuraciones de estilo para crear una interfaz notable y recopilar m\u00e1s retroalimentaci\u00f3n.<\/li><li><b>Aumenta el n\u00famero de clientes potenciales con formularios f\u00e1ciles de manejar<\/b>.<br>No dejes que los usuarios abandonen el formulario sin terminar y pierdan todos los datos. Genera formularios con etapas pr\u00e1cticas y una estructura simple, que mantendr\u00e1 a los usuarios involucrados hasta el final y aumentar\u00e1 la cantidad de clientes potenciales.<\/li><li><b>Ahorra tiempo y dinero con una herramienta multifuncional<\/b>.<br>No necesitas comprar muchas herramientas diferentes para cubrir todas tus necesidades al crear formularios de retroalimentaci\u00f3n para tu sitio web. Nuestro Creador de Formularios te permite dise\u00f1ar un formulario adecuado para recopilar datos de todo tipo, gracias a sus variados elementos y su estructura flexible.<\/li><\/ul><\/div><div class=\"application-platform-content-item-features application-platform-content-item\" id=\"features\" data-nav-section=\"features\"><h2>Caracter\u00edsticas del complemento Creador de Formularios<\/h2><p>\u00bfPor qu\u00e9 nuestra aplicaci\u00f3n de Creador de Formularios es una de las mejores para recopilar rese\u00f1as de clientes y procesar pedidos en Wix?<\/p><ul><li>18 tipos de campos para cumplir con casi cualquier tarea de recopilaci\u00f3n de datos;<\/li><li>Opci\u00f3n de distribuir campos en varias columnas;<\/li><li>Asigna cualquier direcci\u00f3n de correo electr\u00f3nico y los resultados del formulario se enviar\u00e1n autom\u00e1ticamente all\u00ed;<\/li><li>10 iconos incorporados para el Bot\u00f3n Flotante;<\/li><li>5 estilos predefinidos para los campos del formulario.<\/li><\/ul><p><a href=\"#demo\">Consulta m\u00e1s funciones en un editor gratuito<\/a><\/p><\/div><div class=\"application-platform-content-item-installation application-platform-content-item\" id=\"installation\" data-nav-section=\"installation\"><h2>\u00bfC\u00f3mo agregar la aplicaci\u00f3n Creador de Formularios a un sitio web de Wix?<\/h2><div class=\"video-container\"><iframe allowfullscreen=\"\" frameborder=\"0\" height=\"405\" src=\"https:\/\/www.youtube.com\/embed\/v40Ioe_WAKo?si=WWFYAzXdl-fwVmsU\" width=\"720\"><\/iframe><\/div><p>El tiempo aproximado de instalaci\u00f3n es de menos de 3 minutos, y no se requieren habilidades en programaci\u00f3n web.<\/p><ol><li><b>Adquiere el widget en el mercado de Wix<\/b>.<br>Abre la p\u00e1gina con el Creador de Formularios y haz clic en el bot\u00f3n \u00abAgregar al sitio\u00bb.<\/li><li><b>Inserta el widget en el sitio<\/b>.<br>En la notificaci\u00f3n emergente, haz clic en \u00abAbrir Editor\u00bb y muestra el widget en tu p\u00e1gina.<\/li><li><b>Configura tu formulario<\/b>.<br>Ajusta los par\u00e1metros necesarios del dise\u00f1o y los datos de visualizaci\u00f3n. Aplica todos los cambios.<\/li><li><b>\u00a1Listo!<\/b><br>Ve al sitio para ver tu Creador de Formularios.<\/li><\/ol><p>\u00bfTuviste alguna duda al instalar o personalizar la aplicaci\u00f3n? Simplemente usa la instrucci\u00f3n extendida \u00ab<a href=\"https:\/\/elfsight.com\/blog\/how-to-add-form-to-wix-elfsight-form-builder-app\/\" target=\"_blank\" rel=\"noopener\">C\u00f3mo agregar formularios en un sitio web de Wix<\/a>\u00bb e int\u00e9ntalo nuevamente. O contacta al centro de ayuda con una explicaci\u00f3n detallada de los problemas. Haremos todo lo posible para ofrecerte soluciones.<\/p><div class=\"faq\" data-component=\"FAQ\"> <div class=\"faq-item\">\r\n\t\t\t\t\t<div class=\"faq-item-question\">\r\n\t\t\t\t\t\t<h3 class=\"faq-item-question-text\">\u00bfC\u00f3mo agregar el Creador de Formularios a mi sitio web de Wix sin conocimientos de programaci\u00f3n?<\/h3>\r\n\r\n\t\t\t\t\t\t<div class=\"faq-item-question-icon\"><\/div>\r\n\t\t\t\t\t<\/div>\r\n\r\n\t\t\t\t\t<div class=\"faq-item-answer\">\r\n\t\t\t\t\t\t<div class=\"faq-item-answer-text\"> <p>Elfsight proporciona una soluci\u00f3n SaaS que te permite crear un widget Creador de Formularios por ti mismo, mira qu\u00e9 f\u00e1cil es el proceso: Trabaja directamente en el Editor en l\u00ednea para crear un widget Creador de Formularios que te gustar\u00eda ver en tu sitio web de Wix. Elige una de las plantillas predefinidas y ajusta la configuraci\u00f3n del Creador de Formularios, agrega tu contenido, cambia el dise\u00f1o y el esquema de colores sin necesidad de conocimientos de programaci\u00f3n. Guarda el Creador de Formularios y copia su c\u00f3digo de instalaci\u00f3n, que puedes pegar f\u00e1cilmente en tu sitio web de Wix sin necesidad de adquirir una versi\u00f3n de pago. Con nuestro Editor intuitivo, cualquier usuario de Internet puede crear un widget Creador de Formularios en l\u00ednea y f\u00e1cilmente integrarlo en su sitio web de Wix. No es necesario pagar ni ingresar los datos de tu tarjeta para acceder al servicio. Si tienes alg\u00fan problema en cualquier paso, no dudes en ponerte en contacto con nuestro equipo de soporte t\u00e9cnico.<\/p> <\/div>\r\n\t\t\t\t\t<\/div>\r\n\t\t\t\t<\/div><div class=\"faq-item\">\r\n\t\t\t\t\t<div class=\"faq-item-question\">\r\n\t\t\t\t\t\t<h3 class=\"faq-item-question-text\">\u00bfExisten plantillas personalizadas de Creador de Formularios para el sitio web de Wix?<\/h3>\r\n\r\n\t\t\t\t\t\t<div class=\"faq-item-question-icon\"><\/div>\r\n\t\t\t\t\t<\/div>\r\n\r\n\t\t\t\t\t<div class=\"faq-item-answer\">\r\n\t\t\t\t\t\t<div class=\"faq-item-answer-text\"><p>S\u00ed. Elfsight ha preparado una vasta selecci\u00f3n de m\u00e1s de 300 <a href=\"https:\/\/elfsight.com\/online-form-builder\/templates\/\">plantillas de Creador de Formularios<\/a> con elementos personalizables y caracter\u00edsticas. Puedes encontrar una plantilla de formulario para cualquier ocasi\u00f3n, por ejemplo, <a href=\"https:\/\/elfsight.com\/online-form-builder\/templates\/application-forms\/\">Formularios de Solicitud<\/a>, <a href=\"https:\/\/elfsight.com\/online-form-builder\/templates\/booking-forms\/\">Formularios de Reserva<\/a>, <a href=\"https:\/\/elfsight.com\/online-form-builder\/templates\/order-forms\/\">Formularios de Pedido<\/a>, <a href=\"https:\/\/elfsight.com\/online-form-builder\/templates\/product-forms\/\">Formularios de Producto<\/a>, <a href=\"https:\/\/elfsight.com\/online-form-builder\/templates\/questionnaires\/\">Cuestionarios<\/a>, <a href=\"https:\/\/elfsight.com\/online-form-builder\/templates\/quizzes\/\">Cuestionarios<\/a>, <a href=\"https:\/\/elfsight.com\/online-form-builder\/templates\/surveys\/\">Encuestas<\/a>, <a href=\"https:\/\/elfsight.com\/online-form-builder\/templates\/file-upload-forms\/\">Formularios de Carga de Archivos<\/a>, y muchos m\u00e1s.<\/p><\/div>\r\n\t\t\t\t\t<\/div>\r\n\t\t\t\t<\/div> <\/div> <\/div>","protected":false},"excerpt":{"rendered":"","protected":false},"author":18,"featured_media":0,"parent":1746,"menu_order":0,"comment_status":"closed","ping_status":"closed","template":"templates\/template-application-platform.php","meta":{"publish_to_discourse":"","publish_post_category":"","wpdc_auto_publish_overridden":"","wpdc_topic_tags":"","wpdc_pin_topic":"","wpdc_pin_until":"","discourse_post_id":"","discourse_permalink":"","wpdc_publishing_response":"","wpdc_publishing_error":"","footnotes":""},"class_list":["post-4441","page","type-page","status-publish","hentry"],"yoast_head":"<!-- This site is optimized with the Yoast SEO plugin v25.3.1 - https:\/\/yoast.com\/wordpress\/plugins\/seo\/ -->\n<title>Constructor de formularios - Incrustar plugin de Generador de formularios al Wix<\/title>\n<meta name=\"description\" content=\"Incrusta un widget hermoso de Constructor de formularios en su p\u00e1gina web de Wix. Pruebe la demo de Elfsight f\u00e1cil de usar y cree su plugin propio.\" \/>\n<meta name=\"robots\" content=\"index, follow, max-snippet:-1, max-image-preview:large, max-video-preview:-1\" \/>\n<link rel=\"canonical\" href=\"https:\/\/elfsight.com\/es\/online-form-builder\/wix\/\" \/>\n<meta property=\"og:locale\" content=\"es_ES\" \/>\n<meta property=\"og:type\" content=\"article\" \/>\n<meta property=\"og:title\" content=\"Constructor de formularios - Incrustar plugin de Generador de formularios al Wix\" \/>\n<meta property=\"og:description\" content=\"Incrusta un widget hermoso de Constructor de formularios en su p\u00e1gina web de Wix. Pruebe la demo de Elfsight f\u00e1cil de usar y cree su plugin propio.\" \/>\n<meta property=\"og:url\" content=\"https:\/\/elfsight.com\/es\/online-form-builder\/wix\/\" \/>\n<meta property=\"og:site_name\" content=\"Elfsight ES\" \/>\n<meta property=\"article:modified_time\" content=\"2026-01-19T12:49:36+00:00\" \/>\n<meta name=\"twitter:card\" content=\"summary_large_image\" \/>\n<meta name=\"twitter:label1\" content=\"Tiempo de lectura\" \/>\n\t<meta name=\"twitter:data1\" content=\"4 minutos\" \/>\n<!-- \/ Yoast SEO plugin. -->","yoast_head_json":{"title":"Constructor de formularios - Incrustar plugin de Generador de formularios al Wix","description":"Incrusta un widget hermoso de Constructor de formularios en su p\u00e1gina web de Wix. Pruebe la demo de Elfsight f\u00e1cil de usar y cree su plugin propio.","robots":{"index":"index","follow":"follow","max-snippet":"max-snippet:-1","max-image-preview":"max-image-preview:large","max-video-preview":"max-video-preview:-1"},"canonical":"https:\/\/elfsight.com\/es\/online-form-builder\/wix\/","og_locale":"es_ES","og_type":"article","og_title":"Constructor de formularios - Incrustar plugin de Generador de formularios al Wix","og_description":"Incrusta un widget hermoso de Constructor de formularios en su p\u00e1gina web de Wix. Pruebe la demo de Elfsight f\u00e1cil de usar y cree su plugin propio.","og_url":"https:\/\/elfsight.com\/es\/online-form-builder\/wix\/","og_site_name":"Elfsight ES","article_modified_time":"2026-01-19T12:49:36+00:00","twitter_card":"summary_large_image","twitter_misc":{"Tiempo de lectura":"4 minutos"},"schema":{"@context":"https:\/\/schema.org","@graph":[{"@type":"WebPage","@id":"https:\/\/elfsight.com\/es\/online-form-builder\/wix\/","url":"https:\/\/elfsight.com\/es\/online-form-builder\/wix\/","name":"Constructor de formularios - Incrustar plugin de Generador de formularios al Wix","isPartOf":{"@id":"https:\/\/elfsight.com\/es\/#website"},"datePublished":"2022-02-11T11:14:07+00:00","dateModified":"2026-01-19T12:49:36+00:00","description":"Incrusta un widget hermoso de Constructor de formularios en su p\u00e1gina web de Wix. Pruebe la demo de Elfsight f\u00e1cil de usar y cree su plugin propio.","breadcrumb":{"@id":"https:\/\/elfsight.com\/es\/online-form-builder\/wix\/#breadcrumb"},"inLanguage":"es","potentialAction":[{"@type":"ReadAction","target":["https:\/\/elfsight.com\/es\/online-form-builder\/wix\/"]}]},{"@type":"BreadcrumbList","@id":"https:\/\/elfsight.com\/es\/online-form-builder\/wix\/#breadcrumb","itemListElement":[{"@type":"ListItem","position":1,"name":"Home","item":"https:\/\/elfsight.com\/es\/"},{"@type":"ListItem","position":2,"name":"Form Builder","item":"https:\/\/elfsight.com\/es\/online-form-builder\/"},{"@type":"ListItem","position":3,"name":"Form Builder &#8211; Wix"}]},{"@type":"WebSite","@id":"https:\/\/elfsight.com\/es\/#website","url":"https:\/\/elfsight.com\/es\/","name":"Elfsight ES","description":"Just another Elfsight Sites site","potentialAction":[{"@type":"SearchAction","target":{"@type":"EntryPoint","urlTemplate":"https:\/\/elfsight.com\/es\/?s={search_term_string}"},"query-input":{"@type":"PropertyValueSpecification","valueRequired":true,"valueName":"search_term_string"}}],"inLanguage":"es"}]}},"meta_box":{"industry":"","seo_heading":"","heading":"","description":"","cta_heading":"","cta_description":"","application":"1745","h1":"plugin de Constructor de formularios para Wix","h1_caption":"Construye formularios b\u00e1sicas y multinivel y a\u00f1\u00e1dalos a su blog","application_category":[],"applications_title":"","applications_request_title":"","applications_request_button_text":"","hero_text":"","hero_video":"","hero_video_schema_markup":"","selling_points_title":"","selling_points_caption":"","selling_points":[],"selling_points_cta_text":"","features_title":"","features":"","ed_cta_examples_text":"","ed_cta_examples_hidden":"","ed_cta_demo_text":"","ed_cta_demo_hidden":"","why_caption":"","why_editor_title":"","why_editor_text":"","why_team_title":"","why_team_text":"","why_service_title":"","why_service_text":"","template_catalog_visible":"0","template_catalog_title":"","template_catalog_text":"","template_catalog_categories_visible":"","demo_title":"Crea tu aplicaci\u00f3n Form Builder","demo_caption":"\u00a1Configura tu Form Builder y agr\u00e9galo a tu sitio web Wix gratis!","default_faq_hidden":"","app_template_category":[],"platform":"112","template_public_id":"","codecanyon_url":"","codecanyon_item_id":"","codecanyon_price":"","pricing_caption":"","pricing_elfsight_apps_hide_column":"","pricing_elfsight_apps_url":"","pricing_codecanyon_price_caption":"","integration_category":[],"integration_request_title":"","integration_request_cta":"","integration_platform":"","integrations":[],"platform_category":[],"video_schema_markup":"","price":"desde $0 por mes","trial":"","benefits":[{"text":"Instalaci\u00f3n gratuita"},{"text":"Soporte Premium"},{"text":"14 d\u00edas garant\u00eda de reembolso"},{"text":"Actualizaciones regulares"}],"button_url":"#demo","button_target_blank":"0","button_nofollow":"0","attributes":[{"name":"Responsivo","content":"Si","_state":"expanded"},{"name":"Navegadores compatibles","content":"Firefox, Safari, Opera, Chrome, Edge","_state":"expanded"}],"tags":[],"tags_disable_links":"0","hide_more_platforms":"0","video_object":"","demo_hide_cta":"0","demo_hide_cloud_options":"0","pricing_title":"","pricing":[{"pricing_icon":"platform","pricing_title":" Elfsight Apps","pricing_title_caption":"Soluci\u00f3n multiplataforma - valido para cualquier p\u00e1gina web","pricing_price":"desde $0 por mes","pricing_price_caption":"empezar con un plan gratuito","pricing_benefits":[{"text":"Sitios web ilimitados"},{"text":"Atenci\u00f3n al cliente gratuita y r\u00e1pida"},{"text":"Servicio de instalaci\u00f3n gratuito"},{"text":"Totalmente personalizable"}],"pricing_button_text":"Agregar al sitio web","pricing_button_url":"#demo","_state":"expanded"}],"related_apps_title":"","related_apps_hidden":"1","author":"","image":[],"title":"","job":"","social_networks":[]},"_links":{"self":[{"href":"https:\/\/elfsight.com\/es\/wp-json\/wp\/v2\/pages\/4441","targetHints":{"allow":["GET"]}}],"collection":[{"href":"https:\/\/elfsight.com\/es\/wp-json\/wp\/v2\/pages"}],"about":[{"href":"https:\/\/elfsight.com\/es\/wp-json\/wp\/v2\/types\/page"}],"author":[{"embeddable":true,"href":"https:\/\/elfsight.com\/es\/wp-json\/wp\/v2\/users\/18"}],"replies":[{"embeddable":true,"href":"https:\/\/elfsight.com\/es\/wp-json\/wp\/v2\/comments?post=4441"}],"version-history":[{"count":3,"href":"https:\/\/elfsight.com\/es\/wp-json\/wp\/v2\/pages\/4441\/revisions"}],"predecessor-version":[{"id":20035,"href":"https:\/\/elfsight.com\/es\/wp-json\/wp\/v2\/pages\/4441\/revisions\/20035"}],"up":[{"embeddable":true,"href":"https:\/\/elfsight.com\/es\/wp-json\/wp\/v2\/pages\/1746"}],"wp:attachment":[{"href":"https:\/\/elfsight.com\/es\/wp-json\/wp\/v2\/media?parent=4441"}],"curies":[{"name":"wp","href":"https:\/\/api.w.org\/{rel}","templated":true}]}}