{"id":4438,"date":"2022-02-11T11:13:51","date_gmt":"2022-02-11T11:13:51","guid":{"rendered":"https:\/\/elfsight.com\/es\/?page_id=4438"},"modified":"2025-02-06T15:23:27","modified_gmt":"2025-02-06T15:23:27","slug":"webflow","status":"publish","type":"page","link":"https:\/\/elfsight.com\/es\/accordion-faq-widget\/webflow\/","title":{"rendered":"FAQ &#8211; Webflow"},"content":{"rendered":"<div class=\"application-platform-content-item-description application-platform-content-item\" id=\"description\" data-nav-section=\"description\"><h2>Incrustar FAQ en Webflow con el widget de Elfsight<\/h2><p>Nuestro widget FAQ es una herramienta eficiente y f\u00e1cil de instalar y configurar para establecer y mostrar una lista de las preguntas m\u00e1s frecuentes con sus respuestas en tu sitio web. Un plugin interactivo con una interfaz clara te ayuda a mostrar la informaci\u00f3n m\u00e1s detallada sobre tus productos, dirigir el inter\u00e9s de los clientes hacia tus ventajas y combatir cualquier tipo de duda o desconfianza que pudiera prevenir una decisi\u00f3n de compra.<\/p><p><b>\u00a1Responde a las preguntas de tus clientes de inmediato y aumenta la cantidad de pedidos en tu sitio!<\/b><\/p><ul><li><b>Gu\u00eda a los visitantes para que hagan su pedido usando los textos adecuados<\/b>.<br>Publica respuestas a las preguntas m\u00e1s importantes de los clientes antes de que surjan y aseg\u00faralos de que completen su pedido en tu sitio web.<\/li><li><b>Logra la comprensi\u00f3n \u00f3ptima de tus productos o servicios por parte de los usuarios<\/b>.<br>Rompe los prejuicios y dudas m\u00e1s frecuentes sobre tu empresa con respuestas detalladas y comprensibles.<\/li><li><b>Reduce el tiempo y costo del soporte al cliente<\/b>.<br>Proporciona respuestas a cualquier pregunta frecuente sobre tus productos o servicios, para aliviar la carga intensa en tu centro de soporte.<\/li><\/ul><\/div><div class=\"application-platform-content-item-features application-platform-content-item\" id=\"features\" data-nav-section=\"features\"><h2>Caracter\u00edsticas principales del widget FAQ<\/h2><p>Las principales ventajas de nuestro widget, que lo convierten en la herramienta m\u00e1s eficaz para agregar FAQ en un sitio Webflow.<\/p><ul><li>3 dise\u00f1os listos: acorde\u00f3n, lista, multicolumna;<\/li><li>4 estilos predise\u00f1ados con bordes y sombras;<\/li><li>Mostrar\/ocultar y editar nombres de categor\u00edas;<\/li><li>T\u00edtulo del widget editable;<\/li><li>Optimizado para m\u00f3viles para una experiencia fluida.<\/li><\/ul><p><a href=\"#demo\">Ver todos los detalles<\/a><\/p><\/div><div class=\"application-platform-content-item-installation application-platform-content-item\" id=\"installation\" data-nav-section=\"installation\"><h2>C\u00f3mo agregar FAQ tipo Acorde\u00f3n a un sitio Webflow<\/h2><div class=\"video-container\"><iframe width=\"720\" height=\"405\" src=\"https:\/\/www.youtube.com\/embed\/6U0CG5OwsfE\" frameborder=\"0\" allowfullscreen=\"\"><\/iframe><\/div><p>Genera el widget siguiendo nuestra gu\u00eda r\u00e1pida. No necesitar\u00e1s habilidades en programaci\u00f3n ni tener un programador contigo. El tiempo promedio de instalaci\u00f3n es de solo 3 minutos.<\/p><ol><li><b>Construye tu FAQ personalizado<\/b>.<br>Con nuestro editor gratuito, crea un widget con el dise\u00f1o y las opciones que prefieras.<\/li><li><b>Obt\u00e9n el c\u00f3digo para instalar el widget<\/b>.<br>Tras la creaci\u00f3n del widget, obt\u00e9n el c\u00f3digo para el widget FAQ desde la notificaci\u00f3n que aparecer\u00e1 en Elfsight Apps.<\/li><li><b>Agrega el widget al sitio Webflow<\/b>.<br>Coloca el widget en el lugar necesario de tu sitio web y publica los cambios.<\/li><li><b>\u00a1Hecho!<\/b><br>Ingresa a tu sitio para revisar tu trabajo.<\/li><\/ol><p>\u00bfTe surgieron preguntas mientras segu\u00edas el tutorial? Ponte en contacto con el centro de soporte de Elfsight o analiza el manual detallado: \u00ab<a href=\"https:\/\/elfsight.com\/tutorials\/how-to-add-faq-widget-to-webflow\/\" target=\"_blank\" rel=\"noopener noreferrer\">C\u00f3mo agregar FAQ a Webflow<\/a>\u00bb y realiza la configuraci\u00f3n por ti mismo.<\/p><div class=\"faq\" data-component=\"FAQ\"><div class=\"faq-item\">\r\n\t\t\t\t\t<div class=\"faq-item-question\">\r\n\t\t\t\t\t\t<h3 class=\"faq-item-question-text\">\u00bfC\u00f3mo puedo agregar FAQ a mi sitio Webflow sin conocimientos de programaci\u00f3n?<\/h3>\r\n\r\n\t\t\t\t\t\t<div class=\"faq-item-question-icon\"><\/div>\r\n\t\t\t\t\t<\/div>\r\n\r\n\t\t\t\t\t<div class=\"faq-item-answer\">\r\n\t\t\t\t\t\t<div class=\"faq-item-answer-text\"> <p>Elfsight proporciona una soluci\u00f3n SaaS que te permite crear un widget FAQ por ti mismo, mira lo f\u00e1cil que es el proceso: Trabaja directamente en el Editor en l\u00ednea para crear un widget FAQ que te gustar\u00eda ver en tu sitio Webflow. Elige una de las plantillas predise\u00f1adas y ajusta la configuraci\u00f3n de FAQ, agrega tu contenido, cambia el dise\u00f1o y los colores sin necesidad de conocimientos de programaci\u00f3n. Guarda el FAQ y copia su c\u00f3digo de instalaci\u00f3n, para que puedas agregarlo a tu sitio Webflow sin necesidad de comprar un plan de pago. Con nuestro editor intuitivo, cualquier usuario de Internet puede crear un widget FAQ en l\u00ednea y f\u00e1cilmente incrustarlo en su sitio Webflow. No es necesario pagar ni ingresar los datos de tu tarjeta para acceder al servicio. Si tienes alg\u00fan problema en cualquier paso, no dudes en ponerte en contacto con nuestro equipo de soporte t\u00e9cnico.<\/p> <\/div>\r\n\t\t\t\t\t<\/div>\r\n\t\t\t\t<\/div> <\/div><\/div>","protected":false},"excerpt":{"rendered":"","protected":false},"author":18,"featured_media":0,"parent":1771,"menu_order":0,"comment_status":"closed","ping_status":"closed","template":"templates\/template-application-platform.php","meta":{"publish_to_discourse":"","publish_post_category":"","wpdc_auto_publish_overridden":"","wpdc_topic_tags":"","wpdc_pin_topic":"","wpdc_pin_until":"","discourse_post_id":"","discourse_permalink":"","wpdc_publishing_response":"","wpdc_publishing_error":"","footnotes":""},"class_list":["post-4438","page","type-page","status-publish","hentry"],"yoast_head":"<!-- This site is optimized with the Yoast SEO plugin v25.3.1 - https:\/\/yoast.com\/wordpress\/plugins\/seo\/ -->\n<title>FAQ - Incorporar plugin de Preguntas Frecuentes al Webflow<\/title>\n<meta name=\"description\" content=\"A\u00f1ade un widget atractivo de FAQ en su p\u00e1gina web de Webflow. Pruebe la demo de Elfsight manejable y genere su plugin personalizado.\" \/>\n<meta name=\"robots\" content=\"index, follow, max-snippet:-1, max-image-preview:large, max-video-preview:-1\" \/>\n<link rel=\"canonical\" href=\"https:\/\/elfsight.com\/es\/accordion-faq-widget\/webflow\/\" \/>\n<meta property=\"og:locale\" content=\"es_ES\" \/>\n<meta property=\"og:type\" content=\"article\" \/>\n<meta property=\"og:title\" content=\"FAQ - Incorporar plugin de Preguntas Frecuentes al Webflow\" \/>\n<meta property=\"og:description\" content=\"A\u00f1ade un widget atractivo de FAQ en su p\u00e1gina web de Webflow. Pruebe la demo de Elfsight manejable y genere su plugin personalizado.\" \/>\n<meta property=\"og:url\" content=\"https:\/\/elfsight.com\/es\/accordion-faq-widget\/webflow\/\" \/>\n<meta property=\"og:site_name\" content=\"Elfsight ES\" \/>\n<meta property=\"article:modified_time\" content=\"2025-02-06T15:23:27+00:00\" \/>\n<meta name=\"twitter:card\" content=\"summary_large_image\" \/>\n<meta name=\"twitter:label1\" content=\"Tiempo de lectura\" \/>\n\t<meta name=\"twitter:data1\" content=\"1 minuto\" \/>\n<!-- \/ Yoast SEO plugin. -->","yoast_head_json":{"title":"FAQ - Incorporar plugin de Preguntas Frecuentes al Webflow","description":"A\u00f1ade un widget atractivo de FAQ en su p\u00e1gina web de Webflow. Pruebe la demo de Elfsight manejable y genere su plugin personalizado.","robots":{"index":"index","follow":"follow","max-snippet":"max-snippet:-1","max-image-preview":"max-image-preview:large","max-video-preview":"max-video-preview:-1"},"canonical":"https:\/\/elfsight.com\/es\/accordion-faq-widget\/webflow\/","og_locale":"es_ES","og_type":"article","og_title":"FAQ - Incorporar plugin de Preguntas Frecuentes al Webflow","og_description":"A\u00f1ade un widget atractivo de FAQ en su p\u00e1gina web de Webflow. Pruebe la demo de Elfsight manejable y genere su plugin personalizado.","og_url":"https:\/\/elfsight.com\/es\/accordion-faq-widget\/webflow\/","og_site_name":"Elfsight ES","article_modified_time":"2025-02-06T15:23:27+00:00","twitter_card":"summary_large_image","twitter_misc":{"Tiempo de lectura":"1 minuto"},"schema":{"@context":"https:\/\/schema.org","@graph":[{"@type":"WebPage","@id":"https:\/\/elfsight.com\/es\/accordion-faq-widget\/webflow\/","url":"https:\/\/elfsight.com\/es\/accordion-faq-widget\/webflow\/","name":"FAQ - Incorporar plugin de Preguntas Frecuentes al Webflow","isPartOf":{"@id":"https:\/\/elfsight.com\/es\/#website"},"datePublished":"2022-02-11T11:13:51+00:00","dateModified":"2025-02-06T15:23:27+00:00","description":"A\u00f1ade un widget atractivo de FAQ en su p\u00e1gina web de Webflow. Pruebe la demo de Elfsight manejable y genere su plugin personalizado.","breadcrumb":{"@id":"https:\/\/elfsight.com\/es\/accordion-faq-widget\/webflow\/#breadcrumb"},"inLanguage":"es","potentialAction":[{"@type":"ReadAction","target":["https:\/\/elfsight.com\/es\/accordion-faq-widget\/webflow\/"]}]},{"@type":"BreadcrumbList","@id":"https:\/\/elfsight.com\/es\/accordion-faq-widget\/webflow\/#breadcrumb","itemListElement":[{"@type":"ListItem","position":1,"name":"Home","item":"https:\/\/elfsight.com\/es\/"},{"@type":"ListItem","position":2,"name":"FAQ","item":"https:\/\/elfsight.com\/es\/accordion-faq-widget\/"},{"@type":"ListItem","position":3,"name":"FAQ &#8211; Webflow"}]},{"@type":"WebSite","@id":"https:\/\/elfsight.com\/es\/#website","url":"https:\/\/elfsight.com\/es\/","name":"Elfsight ES","description":"Just another Elfsight Sites site","potentialAction":[{"@type":"SearchAction","target":{"@type":"EntryPoint","urlTemplate":"https:\/\/elfsight.com\/es\/?s={search_term_string}"},"query-input":{"@type":"PropertyValueSpecification","valueRequired":true,"valueName":"search_term_string"}}],"inLanguage":"es"}]}},"meta_box":{"industry":"","seo_heading":"","heading":"","description":"","cta_heading":"","cta_description":"","application":"1770","h1":"complemento de preguntas frecuentes para Webflow","h1_caption":"Proporcione respuestas a preguntas frecuentes en un formato organizado y con capacidad de b\u00fasqueda para ayudar a los usuarios a encontrar soluciones r\u00e1pidamente en su sitio web Webflow y sin esfuerzo.","application_category":[],"applications_title":"","applications_request_title":"","applications_request_button_text":"","hero_text":"","hero_video":"","hero_video_schema_markup":"","selling_points_title":"","selling_points_caption":"","selling_points":[],"selling_points_cta_text":"","features_title":"","features":"","ed_cta_examples_text":"","ed_cta_examples_hidden":"","ed_cta_demo_text":"","ed_cta_demo_hidden":"","why_caption":"","why_editor_title":"","why_editor_text":"","why_team_title":"","why_team_text":"","why_service_title":"","why_service_text":"","template_catalog_visible":"","template_catalog_title":"","template_catalog_text":"","template_catalog_categories_visible":"","demo_title":"Crea tu widget de preguntas frecuentes","demo_caption":"\u00a1Configure sus preguntas frecuentes y agr\u00e9guelas a su sitio web Webflow de forma gratuita!","default_faq_hidden":"","app_template_category":[],"platform":"106","template_public_id":"","codecanyon_url":"","codecanyon_item_id":"","codecanyon_price":"","pricing_caption":"","pricing_elfsight_apps_hide_column":"","pricing_elfsight_apps_url":"","pricing_codecanyon_price_caption":"","integration_category":[],"integration_request_title":"","integration_request_cta":"","integration_platform":"","integrations":[],"platform_category":[],"video_schema_markup":"","price":"desde $0 por mes","trial":"","benefits":[{"text":"Instalaci\u00f3n gratuita"},{"text":"Soporte Premium"},{"text":"14 d\u00edas garant\u00eda de reembolso"},{"text":"Actualizaciones regulares"}],"button_url":"#demo","button_target_blank":"0","button_nofollow":"0","attributes":[{"name":"Responsivo","content":"Si","_state":"expanded"},{"name":"Navegadores compatibles","content":"Firefox, Safari, Opera, Chrome, Edge","_state":"expanded"}],"tags":[],"tags_disable_links":"0","hide_more_platforms":"","video_object":"","demo_hide_cta":"0","demo_hide_cloud_options":"0","pricing_title":"","pricing":[{"pricing_icon":"platform","pricing_title":" Elfsight Apps","pricing_title_caption":"Soluci\u00f3n multiplataforma - valido para cualquier p\u00e1gina web","pricing_price":"desde $0 por mes","pricing_price_caption":"empezar con un plan gratuito","pricing_benefits":[{"text":"Sitios web ilimitados"},{"text":"Atenci\u00f3n al cliente gratuita y r\u00e1pida"},{"text":"Servicio de instalaci\u00f3n gratuito"},{"text":"Totalmente personalizable"}],"pricing_button_text":"Agregar al sitio web","pricing_button_url":"#demo","_state":"expanded"}],"related_apps_title":"","related_apps_hidden":"1","author":"","image":[],"title":"","job":"","social_networks":[]},"_links":{"self":[{"href":"https:\/\/elfsight.com\/es\/wp-json\/wp\/v2\/pages\/4438","targetHints":{"allow":["GET"]}}],"collection":[{"href":"https:\/\/elfsight.com\/es\/wp-json\/wp\/v2\/pages"}],"about":[{"href":"https:\/\/elfsight.com\/es\/wp-json\/wp\/v2\/types\/page"}],"author":[{"embeddable":true,"href":"https:\/\/elfsight.com\/es\/wp-json\/wp\/v2\/users\/18"}],"replies":[{"embeddable":true,"href":"https:\/\/elfsight.com\/es\/wp-json\/wp\/v2\/comments?post=4438"}],"version-history":[{"count":3,"href":"https:\/\/elfsight.com\/es\/wp-json\/wp\/v2\/pages\/4438\/revisions"}],"predecessor-version":[{"id":18214,"href":"https:\/\/elfsight.com\/es\/wp-json\/wp\/v2\/pages\/4438\/revisions\/18214"}],"up":[{"embeddable":true,"href":"https:\/\/elfsight.com\/es\/wp-json\/wp\/v2\/pages\/1771"}],"wp:attachment":[{"href":"https:\/\/elfsight.com\/es\/wp-json\/wp\/v2\/media?parent=4438"}],"curies":[{"name":"wp","href":"https:\/\/api.w.org\/{rel}","templated":true}]}}