{"id":4435,"date":"2022-02-11T11:13:44","date_gmt":"2022-02-11T11:13:44","guid":{"rendered":"https:\/\/elfsight.com\/es\/?page_id=4435"},"modified":"2025-02-06T15:23:27","modified_gmt":"2025-02-06T15:23:27","slug":"weebly","status":"publish","type":"page","link":"https:\/\/elfsight.com\/es\/online-form-builder\/weebly\/","title":{"rendered":"Form Builder &#8211; Weebly"},"content":{"rendered":"<div class=\"application-platform-content-item-description application-platform-content-item\" id=\"description\" data-nav-section=\"description\"><h2>Creador de formularios personalizado para Weebly<\/h2><p>El Creador de Formularios de Elfsight te permite crear un formulario de registro de Weebly, un formulario de pedido de Weebly, un formulario de inscripci\u00f3n de Weebly o cualquier otro tipo de formulario de llenado que puedas necesitar. Con esta aplicaci\u00f3n universal, puedes recibir f\u00e1cilmente comentarios de tus clientes a trav\u00e9s de encuestas, solicitudes de calificaci\u00f3n y otras variaciones. La estructura del formulario puede ser definida y estilizada para capturar m\u00e1s informaci\u00f3n de tus clientes. No importa qu\u00e9 tipo de informaci\u00f3n necesites, ya sean ideas, evaluaciones, reservas o compras, nuestro Creador de Formularios te permitir\u00e1 crear un formulario adecuado. Nuestro dise\u00f1o responsivo y la variedad de elementos predefinidos aseguran que tu formulario ser\u00e1 f\u00e1cil de usar para tus clientes y atractivo para ti.<\/p><p><b>\u00a1Recoge opiniones de los clientes, recibe reservas y solicitudes de tu audiencia en el sitio!<\/b><\/p><ul><li><b>Crea formularios atractivos para recopilar m\u00e1s comentarios<\/b>.<br>Aplica todos los par\u00e1metros de la aplicaci\u00f3n Elfsight para construir formularios de llenado efectivos. Controla los componentes y define la estructura para hacer tus formularios equilibrados y pr\u00e1cticos. Utiliza los par\u00e1metros de estilo para dise\u00f1ar una interfaz destacada y obtener m\u00e1s retroalimentaci\u00f3n.<\/li><li><b>Aumenta la cantidad de clientes potenciales con formularios manejables<\/b>.<br>No dejes que los clientes abandonen el formulario sin terminar y te dejen sin sus datos. Crea formularios con pasos pr\u00e1cticos y una estructura l\u00f3gica, que mantendr\u00e1n a los usuarios involucrados hasta el final y aumentar\u00e1n el n\u00famero de leads.<\/li><li><b>Ahorra tiempo y dinero con una herramienta multifuncional<\/b>.<br>Esta herramienta te permite dise\u00f1ar formularios de diversos tipos con m\u00faltiples elementos y diferentes estructuras. Esto te ayudar\u00e1 a crear formularios para recopilar datos de diversos formatos sin gastar dinero y tiempo adicionales.<\/li><\/ul><\/div><div class=\"application-platform-content-item-features application-platform-content-item\" id=\"features\" data-nav-section=\"features\"><h2>Caracter\u00edsticas del complemento Creador de Formularios<\/h2><p>\u00bfPor qu\u00e9 el Creador de Formularios de Elfsight es el mejor complemento para obtener comentarios de los clientes, solicitudes o informaci\u00f3n de reservas en tu sitio Weebly?<\/p><ul><li>Crea formularios cl\u00e1sicos y paso a paso, uniendo elementos en grupos;<\/li><li>Texto editable del bot\u00f3n de env\u00edo;<\/li><li>Asigna cualquier direcci\u00f3n de correo electr\u00f3nico y los resultados del formulario se enviar\u00e1n autom\u00e1ticamente all\u00ed;<\/li><li>Establece cualquier URL a la que se redirigir\u00e1 al usuario despu\u00e9s de completar el formulario;<\/li><li>Pinta tu formulario con un solo clic: el color principal se aplicar\u00e1 a todos los elementos activos, el bot\u00f3n de env\u00edo, la barra de progreso, etc.<\/li><\/ul><p><a href=\"#demo\">Prueba las caracter\u00edsticas principales de la aplicaci\u00f3n en nuestra demostraci\u00f3n<\/a><\/p><\/div><div class=\"application-platform-content-item-installation application-platform-content-item\" id=\"installation\" data-nav-section=\"installation\"><h2>C\u00f3mo agregar el Creador de Formularios al sitio web de Weebly<\/h2><div class=\"video-container\"><iframe width=\"720\" height=\"405\" src=\"https:\/\/www.youtube.com\/embed\/xd_ujSjQbrE\" frameborder=\"0\" allowfullscreen=\"\"><\/iframe><\/div><p>Instrucciones r\u00e1pidas para crear la aplicaci\u00f3n en Weebly por ti mismo. Para implementar la configuraci\u00f3n, no necesitar\u00e1s invitar a un programador ni tener experiencia personal en desarrollo. El tiempo total de implementaci\u00f3n es de solo 3 minutos.<\/p><ol><li><b>Gestiona nuestra demo gratuita y comienza a crear tu aplicaci\u00f3n personalizada.<\/b><br>Encuentra la interfaz seleccionada y los par\u00e1metros de la aplicaci\u00f3n y aplica todas las modificaciones.<\/li><li><b>Obt\u00e9n el c\u00f3digo \u00fanico que se muestra en la caja de Elfsight Apps.<\/b><br>Justo despu\u00e9s de configurar tu aplicaci\u00f3n, copia el c\u00f3digo en la ventana emergente y gu\u00e1rdalo para futuras necesidades.<\/li><li><b>Comienza a usar la aplicaci\u00f3n en la p\u00e1gina de Weebly.<\/b><br>Inserta el c\u00f3digo copiado anteriormente en tu sitio web y aplica las correcciones.<\/li><li><b>\u00a1Listo! La integraci\u00f3n ha finalizado con \u00e9xito.<\/b><br>Visita tu sitio para ver c\u00f3mo funciona la aplicaci\u00f3n.<\/li><\/ol><p>\u00bfTuviste problemas para instalar o insertar la aplicaci\u00f3n en el sitio? Revisa nuestro manual completo \u00ab<a href=\"https:\/\/elfsight.com\/tutorials\/how-to-add-form-builder-app-to-weebly\/\">C\u00f3mo configurar formularios en Weebly<\/a>\u00bb o escribe un mensaje a nuestro centro de ayuda.<\/p><div class=\"faq\" data-component=\"FAQ\"> <div class=\"faq-item\">\r\n\t\t\t\t\t<div class=\"faq-item-question\">\r\n\t\t\t\t\t\t<h3 class=\"faq-item-question-text\">\u00bfC\u00f3mo agregar el Creador de Formularios a mi sitio web de Weebly sin conocimientos de programaci\u00f3n?<\/h3>\r\n\r\n\t\t\t\t\t\t<div class=\"faq-item-question-icon\"><\/div>\r\n\t\t\t\t\t<\/div>\r\n\r\n\t\t\t\t\t<div class=\"faq-item-answer\">\r\n\t\t\t\t\t\t<div class=\"faq-item-answer-text\"> <p>Elfsight proporciona una soluci\u00f3n SaaS que te permite crear un widget Creador de Formularios por ti mismo, mira lo f\u00e1cil que es el proceso: Trabaja directamente en el Editor en l\u00ednea para crear un widget Creador de Formularios que te gustar\u00eda ver en tu sitio web de Weebly. Elige una de las plantillas predefinidas y ajusta la configuraci\u00f3n del Creador de Formularios, agrega tu contenido, cambia el dise\u00f1o y los colores sin necesidad de conocimientos de programaci\u00f3n. Guarda el Creador de Formularios y copia su c\u00f3digo de instalaci\u00f3n, para que puedas agregarlo f\u00e1cilmente a tu sitio web de Weebly sin necesidad de comprar un plan de pago. Con nuestro editor intuitivo, cualquier usuario de Internet puede crear un widget Creador de Formularios en l\u00ednea y f\u00e1cilmente integrarlo en su sitio web de Weebly. No es necesario pagar ni ingresar los datos de tu tarjeta para acceder al servicio. Si tienes alg\u00fan problema en cualquier paso, no dudes en ponerte en contacto con nuestro equipo de soporte t\u00e9cnico.<\/p> <\/div>\r\n\t\t\t\t\t<\/div>\r\n\t\t\t\t<\/div><div class=\"faq-item\">\r\n\t\t\t\t\t<div class=\"faq-item-question\">\r\n\t\t\t\t\t\t<h3 class=\"faq-item-question-text\">\u00bfExisten plantillas personalizadas de Creador de Formularios para el sitio web de Weebly?<\/h3>\r\n\r\n\t\t\t\t\t\t<div class=\"faq-item-question-icon\"><\/div>\r\n\t\t\t\t\t<\/div>\r\n\r\n\t\t\t\t\t<div class=\"faq-item-answer\">\r\n\t\t\t\t\t\t<div class=\"faq-item-answer-text\"><p>\u00a1S\u00ed, absolutamente! Hay m\u00e1s de 300 plantillas listas para usar para cualquier caso, como <a href=\"https:\/\/elfsight.com\/online-form-builder\/templates\/application-forms\/\">Formularios de Solicitud<\/a>, <a href=\"https:\/\/elfsight.com\/online-form-builder\/templates\/booking-forms\/\">Formularios de Reserva<\/a>, <a href=\"https:\/\/elfsight.com\/online-form-builder\/templates\/order-forms\/\">Formularios de Pedido<\/a>, <a href=\"https:\/\/elfsight.com\/online-form-builder\/templates\/product-forms\/\">Formularios de Producto<\/a>, <a href=\"https:\/\/elfsight.com\/online-form-builder\/templates\/questionnaires\/\">Cuestionarios<\/a>, <a href=\"https:\/\/elfsight.com\/online-form-builder\/templates\/quizzes\/\">Ex\u00e1menes<\/a>, <a href=\"https:\/\/elfsight.com\/online-form-builder\/templates\/surveys\/\">Encuestas<\/a>, <a href=\"https:\/\/elfsight.com\/online-form-builder\/templates\/file-upload-forms\/\">Formularios de Carga de Archivos<\/a>, y muchos m\u00e1s. Si\u00e9ntete libre de probar <a href=\"https:\/\/elfsight.com\/online-form-builder\/templates\/\">plantillas de Creador de Formularios<\/a> y compartir tu opini\u00f3n con nosotros.<\/p><\/div>\r\n\t\t\t\t\t<\/div>\r\n\t\t\t\t<\/div> <\/div> <\/div>","protected":false},"excerpt":{"rendered":"","protected":false},"author":18,"featured_media":0,"parent":1746,"menu_order":0,"comment_status":"closed","ping_status":"closed","template":"templates\/template-application-platform.php","meta":{"publish_to_discourse":"","publish_post_category":"","wpdc_auto_publish_overridden":"","wpdc_topic_tags":"","wpdc_pin_topic":"","wpdc_pin_until":"","discourse_post_id":"","discourse_permalink":"","wpdc_publishing_response":"","wpdc_publishing_error":"","footnotes":""},"class_list":["post-4435","page","type-page","status-publish","hentry"],"yoast_head":"<!-- This site is optimized with the Yoast SEO plugin v25.3.1 - https:\/\/yoast.com\/wordpress\/plugins\/seo\/ -->\n<title>Constructor de formularios - Incorporar plugin de Generador de formularios al Weebly<\/title>\n<meta name=\"description\" content=\"Incrusta un app atractivo de Constructor de formularios en su sitio de Weebly. Aplique la demo de Elfsight f\u00e1cil de usar y cree su plugin \u00fanico.\" \/>\n<meta name=\"robots\" content=\"index, follow, max-snippet:-1, max-image-preview:large, max-video-preview:-1\" \/>\n<link rel=\"canonical\" href=\"https:\/\/elfsight.com\/es\/online-form-builder\/weebly\/\" \/>\n<meta property=\"og:locale\" content=\"es_ES\" \/>\n<meta property=\"og:type\" content=\"article\" \/>\n<meta property=\"og:title\" content=\"Constructor de formularios - Incorporar plugin de Generador de formularios al Weebly\" \/>\n<meta property=\"og:description\" content=\"Incrusta un app atractivo de Constructor de formularios en su sitio de Weebly. Aplique la demo de Elfsight f\u00e1cil de usar y cree su plugin \u00fanico.\" \/>\n<meta property=\"og:url\" content=\"https:\/\/elfsight.com\/es\/online-form-builder\/weebly\/\" \/>\n<meta property=\"og:site_name\" content=\"Elfsight ES\" \/>\n<meta property=\"article:modified_time\" content=\"2025-02-06T15:23:27+00:00\" \/>\n<meta name=\"twitter:card\" content=\"summary_large_image\" \/>\n<meta name=\"twitter:label1\" content=\"Tiempo de lectura\" \/>\n\t<meta name=\"twitter:data1\" content=\"2 minutos\" \/>\n<!-- \/ Yoast SEO plugin. -->","yoast_head_json":{"title":"Constructor de formularios - Incorporar plugin de Generador de formularios al Weebly","description":"Incrusta un app atractivo de Constructor de formularios en su sitio de Weebly. Aplique la demo de Elfsight f\u00e1cil de usar y cree su plugin \u00fanico.","robots":{"index":"index","follow":"follow","max-snippet":"max-snippet:-1","max-image-preview":"max-image-preview:large","max-video-preview":"max-video-preview:-1"},"canonical":"https:\/\/elfsight.com\/es\/online-form-builder\/weebly\/","og_locale":"es_ES","og_type":"article","og_title":"Constructor de formularios - Incorporar plugin de Generador de formularios al Weebly","og_description":"Incrusta un app atractivo de Constructor de formularios en su sitio de Weebly. Aplique la demo de Elfsight f\u00e1cil de usar y cree su plugin \u00fanico.","og_url":"https:\/\/elfsight.com\/es\/online-form-builder\/weebly\/","og_site_name":"Elfsight ES","article_modified_time":"2025-02-06T15:23:27+00:00","twitter_card":"summary_large_image","twitter_misc":{"Tiempo de lectura":"2 minutos"},"schema":{"@context":"https:\/\/schema.org","@graph":[{"@type":"WebPage","@id":"https:\/\/elfsight.com\/es\/online-form-builder\/weebly\/","url":"https:\/\/elfsight.com\/es\/online-form-builder\/weebly\/","name":"Constructor de formularios - Incorporar plugin de Generador de formularios al Weebly","isPartOf":{"@id":"https:\/\/elfsight.com\/es\/#website"},"datePublished":"2022-02-11T11:13:44+00:00","dateModified":"2025-02-06T15:23:27+00:00","description":"Incrusta un app atractivo de Constructor de formularios en su sitio de Weebly. Aplique la demo de Elfsight f\u00e1cil de usar y cree su plugin \u00fanico.","breadcrumb":{"@id":"https:\/\/elfsight.com\/es\/online-form-builder\/weebly\/#breadcrumb"},"inLanguage":"es","potentialAction":[{"@type":"ReadAction","target":["https:\/\/elfsight.com\/es\/online-form-builder\/weebly\/"]}]},{"@type":"BreadcrumbList","@id":"https:\/\/elfsight.com\/es\/online-form-builder\/weebly\/#breadcrumb","itemListElement":[{"@type":"ListItem","position":1,"name":"Home","item":"https:\/\/elfsight.com\/es\/"},{"@type":"ListItem","position":2,"name":"Form Builder","item":"https:\/\/elfsight.com\/es\/online-form-builder\/"},{"@type":"ListItem","position":3,"name":"Form Builder &#8211; Weebly"}]},{"@type":"WebSite","@id":"https:\/\/elfsight.com\/es\/#website","url":"https:\/\/elfsight.com\/es\/","name":"Elfsight ES","description":"Just another Elfsight Sites site","potentialAction":[{"@type":"SearchAction","target":{"@type":"EntryPoint","urlTemplate":"https:\/\/elfsight.com\/es\/?s={search_term_string}"},"query-input":{"@type":"PropertyValueSpecification","valueRequired":true,"valueName":"search_term_string"}}],"inLanguage":"es"}]}},"meta_box":{"industry":"","seo_heading":"","heading":"","description":"","cta_heading":"","cta_description":"","application":"1745","h1":"plugin de Constructor de formularios para Weebly","h1_caption":"Cree formas convencionales y multinivel y config\u00farelos a su blog","application_category":[],"applications_title":"","applications_request_title":"","applications_request_button_text":"","hero_text":"","hero_video":"","hero_video_schema_markup":"","selling_points_title":"","selling_points_caption":"","selling_points":[],"selling_points_cta_text":"","features_title":"","features":"","ed_cta_examples_text":"","ed_cta_examples_hidden":"","ed_cta_demo_text":"","ed_cta_demo_hidden":"","why_caption":"","why_editor_title":"","why_editor_text":"","why_team_title":"","why_team_text":"","why_service_title":"","why_service_text":"","template_catalog_visible":"","template_catalog_title":"","template_catalog_text":"","template_catalog_categories_visible":"","demo_title":"Crea tu aplicaci\u00f3n Form Builder","demo_caption":"\u00a1Configure su Creador de formularios y agr\u00e9guelo a su sitio web Weebly de forma gratuita!","default_faq_hidden":"","app_template_category":[],"platform":"109","template_public_id":"","codecanyon_url":"","codecanyon_item_id":"","codecanyon_price":"","pricing_caption":"","pricing_elfsight_apps_hide_column":"","pricing_elfsight_apps_url":"","pricing_codecanyon_price_caption":"","integration_category":[],"integration_request_title":"","integration_request_cta":"","integration_platform":"","integrations":[],"platform_category":[],"video_schema_markup":"","price":"desde $0 por mes","trial":"","benefits":[{"text":"Instalaci\u00f3n gratuita"},{"text":"Soporte Premium"},{"text":"14 d\u00edas garant\u00eda de reembolso"},{"text":"Actualizaciones regulares"}],"button_url":"#demo","button_target_blank":"0","button_nofollow":"0","attributes":[{"name":"Responsivo","content":"Si","_state":"expanded"},{"name":"Navegadores compatibles","content":"Firefox, Safari, Opera, Chrome, Edge","_state":"expanded"}],"tags":[],"tags_disable_links":"0","hide_more_platforms":"","video_object":"","demo_hide_cta":"0","demo_hide_cloud_options":"0","pricing_title":"","pricing":[{"pricing_icon":"platform","pricing_title":" Elfsight Apps","pricing_title_caption":"Soluci\u00f3n multiplataforma - valido para cualquier p\u00e1gina web","pricing_price":"desde $0 por mes","pricing_price_caption":"empezar con un plan gratuito","pricing_benefits":[{"text":"Sitios web ilimitados"},{"text":"Atenci\u00f3n al cliente gratuita y r\u00e1pida"},{"text":"Servicio de instalaci\u00f3n gratuito"},{"text":"Totalmente personalizable"}],"pricing_button_text":"Agregar al sitio web","pricing_button_url":"#demo","_state":"expanded"}],"related_apps_title":"","related_apps_hidden":"1","author":"","image":[],"title":"","job":"","social_networks":[]},"_links":{"self":[{"href":"https:\/\/elfsight.com\/es\/wp-json\/wp\/v2\/pages\/4435","targetHints":{"allow":["GET"]}}],"collection":[{"href":"https:\/\/elfsight.com\/es\/wp-json\/wp\/v2\/pages"}],"about":[{"href":"https:\/\/elfsight.com\/es\/wp-json\/wp\/v2\/types\/page"}],"author":[{"embeddable":true,"href":"https:\/\/elfsight.com\/es\/wp-json\/wp\/v2\/users\/18"}],"replies":[{"embeddable":true,"href":"https:\/\/elfsight.com\/es\/wp-json\/wp\/v2\/comments?post=4435"}],"version-history":[{"count":3,"href":"https:\/\/elfsight.com\/es\/wp-json\/wp\/v2\/pages\/4435\/revisions"}],"predecessor-version":[{"id":18215,"href":"https:\/\/elfsight.com\/es\/wp-json\/wp\/v2\/pages\/4435\/revisions\/18215"}],"up":[{"embeddable":true,"href":"https:\/\/elfsight.com\/es\/wp-json\/wp\/v2\/pages\/1746"}],"wp:attachment":[{"href":"https:\/\/elfsight.com\/es\/wp-json\/wp\/v2\/media?parent=4435"}],"curies":[{"name":"wp","href":"https:\/\/api.w.org\/{rel}","templated":true}]}}