{"id":4432,"date":"2022-02-11T11:20:27","date_gmt":"2022-02-11T11:20:27","guid":{"rendered":"https:\/\/elfsight.com\/es\/?page_id=4432"},"modified":"2025-02-06T15:22:45","modified_gmt":"2025-02-06T15:22:45","slug":"squarespace","status":"publish","type":"page","link":"https:\/\/elfsight.com\/es\/accordion-faq-widget\/squarespace\/","title":{"rendered":"FAQ &#8211; Squarespace"},"content":{"rendered":"<div class=\"application-platform-content-item-description application-platform-content-item\" id=\"description\" data-nav-section=\"description\"><h2>Agregar FAQ en Squarespace con el widget de Elfsight<\/h2><p>El FAQ de Elfsight es un widget eficiente, f\u00e1cil de aplicar y personalizar para generar y mostrar una lista de las preguntas m\u00e1s necesarias con respuestas en tu sitio. Un widget interactivo con dise\u00f1o intuitivo te permite proporcionar informaci\u00f3n extensa sobre tus servicios, concentrar la atenci\u00f3n de los lectores en las cualidades positivas y combatir ideas err\u00f3neas y la incredulidad, que pueden prevenir una compra.<\/p><p><b>\u00a1Deja que tus clientes encuentren respuestas a sus preguntas m\u00e1s importantes en tu sitio web de forma r\u00e1pida y aumenta la cantidad de pedidos en el sitio!<\/b><\/p><ul><li><b>Supera la indecisi\u00f3n de tus clientes y aumenta tus ingresos<\/b>.<br>Proporciona informaci\u00f3n extensa sobre tus productos o servicios a tus posibles compradores, para ayudarles a superar la indecisi\u00f3n y aumentar los ingresos en el sitio.<\/li><li><b>Logra un entendimiento m\u00e1ximo de tus productos o servicios por parte de los clientes<\/b>.<br>Elimina las ideas err\u00f3neas y las dudas m\u00e1s comunes sobre tu empresa con la ayuda de respuestas completas y f\u00e1ciles de entender.<\/li><li><b>Responde a cualquier pregunta de tus clientes de inmediato<\/b>.<br>Ayuda a tus visitantes a obtener la informaci\u00f3n m\u00e1s detallada sobre tus productos o servicios y resuelve dudas antes de que surjan.<\/li><\/ul><\/div><div class=\"application-platform-content-item-features application-platform-content-item\" id=\"features\" data-nav-section=\"features\"><h2>Principales caracter\u00edsticas del widget FAQ<\/h2><p>Las ventajas clave del widget de Elfsight, que lo convierten en el m\u00e9todo m\u00e1s r\u00e1pido para agregar un FAQ en un sitio web de Squarespace.<\/p><ul><li>Dise\u00f1o de acorde\u00f3n para mostrar respuestas al hacer clic;<\/li><li>4 estilos listos para usar con bordes y sombras;<\/li><li>Mostrar\/ocultar y editar los nombres de las categor\u00edas;<\/li><li>T\u00edtulo editable del widget;<\/li><li>Soporte al cliente profesional y oportuno.<\/li><\/ul><p><a href=\"#demo\">Prueba todos<\/a><\/p><\/div><div class=\"application-platform-content-item-installation application-platform-content-item\" id=\"installation\" data-nav-section=\"installation\"><h2>C\u00f3mo agregar el widget FAQ de acorde\u00f3n a Squarespace<\/h2><div class=\"video-container\"><iframe width=\"720\" height=\"405\" src=\"https:\/\/www.youtube.com\/embed\/SK75bvTqM_0\" frameborder=\"0\" allowfullscreen=\"\"><\/iframe><\/div><p>Crea el widget con la ayuda de nuestra breve gu\u00eda. No requiere experiencia en programaci\u00f3n ni ayuda profesional. El tiempo total de configuraci\u00f3n es de 90 segundos.<\/p><ol><li><b>Crea tu FAQ personalizado<\/b>.<br>Con nuestro configurador gratuito, personaliza un widget con el dise\u00f1o y las configuraciones preferidas.<\/li><li><b>Obt\u00e9n el c\u00f3digo para instalar el widget<\/b>.<br>Despu\u00e9s de personalizar el widget, obt\u00e9n el c\u00f3digo para el complemento FAQ desde la notificaci\u00f3n que aparece en Elfsight Apps.<\/li><li><b>Muestra el widget en tu sitio web de Squarespace<\/b>.<br>Muestra el widget en el lugar necesario de la p\u00e1gina y guarda los cambios.<\/li><li><b>\u00a1La integraci\u00f3n fue exitosa!<\/b><br>Visita tu sitio web para revisar el widget.<\/li><\/ol><p>\u00bfTienes problemas mientras aplicas el manual? Env\u00eda un mensaje a nuestro equipo de soporte o lee la versi\u00f3n completa del tutorial \u00ab<a href=\"https:\/\/elfsight.com\/tutorials\/how-to-add-faq-widget-to-squarespace\/\" target=\"_blank\" rel=\"noopener noreferrer\">C\u00f3mo agregar un FAQ a Squarespace<\/a>\u00bb y termina la configuraci\u00f3n por ti mismo.<\/p><div class=\"faq\" data-component=\"FAQ\"><div class=\"faq-item\">\r\n\t\t\t\t\t<div class=\"faq-item-question\">\r\n\t\t\t\t\t\t<h3 class=\"faq-item-question-text\">\u00bfC\u00f3mo agregar un FAQ a mi sitio web de Squarespace sin conocimientos de programaci\u00f3n?<\/h3>\r\n\r\n\t\t\t\t\t\t<div class=\"faq-item-question-icon\"><\/div>\r\n\t\t\t\t\t<\/div>\r\n\r\n\t\t\t\t\t<div class=\"faq-item-answer\">\r\n\t\t\t\t\t\t<div class=\"faq-item-answer-text\"> <p>Elfsight proporciona una soluci\u00f3n SaaS que te permite crear un widget FAQ por ti mismo, ve lo f\u00e1cil que es el proceso: Trabaja directamente en el Editor en l\u00ednea para crear el widget FAQ que te gustar\u00eda ver en tu sitio web de Squarespace. Elige una de las plantillas predefinidas y ajusta la configuraci\u00f3n del FAQ, agrega tu contenido, cambia el dise\u00f1o y los colores sin conocimientos de programaci\u00f3n. Guarda el FAQ y copia su c\u00f3digo de instalaci\u00f3n, para que puedas agregarlo sin esfuerzo en tu sitio web de Squarespace sin necesidad de comprar un plan de pago. Con nuestro Editor intuitivo, cualquier usuario de Internet puede crear un widget FAQ en l\u00ednea e incrustarlo f\u00e1cilmente en su sitio web de Squarespace. No es necesario pagar ni ingresar los datos de tu tarjeta para acceder al servicio. Si tienes problemas en alg\u00fan paso, no dudes en ponerte en contacto con nuestro equipo de soporte t\u00e9cnico.<\/p> <\/div>\r\n\t\t\t\t\t<\/div>\r\n\t\t\t\t<\/div> <\/div><\/div>","protected":false},"excerpt":{"rendered":"","protected":false},"author":18,"featured_media":0,"parent":1771,"menu_order":0,"comment_status":"closed","ping_status":"closed","template":"templates\/template-application-platform.php","meta":{"publish_to_discourse":"","publish_post_category":"","wpdc_auto_publish_overridden":"","wpdc_topic_tags":"","wpdc_pin_topic":"","wpdc_pin_until":"","discourse_post_id":"","discourse_permalink":"","wpdc_publishing_response":"","wpdc_publishing_error":"","footnotes":""},"class_list":["post-4432","page","type-page","status-publish","hentry"],"yoast_head":"<!-- This site is optimized with the Yoast SEO plugin v25.3.1 - https:\/\/yoast.com\/wordpress\/plugins\/seo\/ -->\n<title>FAQ - Insertar plugin de Preguntas Frecuentes al Squarespace<\/title>\n<meta name=\"description\" content=\"Instala un widget hermoso de FAQ en su p\u00e1gina web de Squarespace. Lance la demo de Elfsight manejable y genere su plugin \u00fanico.\" \/>\n<meta name=\"robots\" content=\"index, follow, max-snippet:-1, max-image-preview:large, max-video-preview:-1\" \/>\n<link rel=\"canonical\" href=\"https:\/\/elfsight.com\/es\/accordion-faq-widget\/squarespace\/\" \/>\n<meta property=\"og:locale\" content=\"es_ES\" \/>\n<meta property=\"og:type\" content=\"article\" \/>\n<meta property=\"og:title\" content=\"FAQ - Insertar plugin de Preguntas Frecuentes al Squarespace\" \/>\n<meta property=\"og:description\" content=\"Instala un widget hermoso de FAQ en su p\u00e1gina web de Squarespace. Lance la demo de Elfsight manejable y genere su plugin \u00fanico.\" \/>\n<meta property=\"og:url\" content=\"https:\/\/elfsight.com\/es\/accordion-faq-widget\/squarespace\/\" \/>\n<meta property=\"og:site_name\" content=\"Elfsight ES\" \/>\n<meta property=\"article:modified_time\" content=\"2025-02-06T15:22:45+00:00\" \/>\n<meta name=\"twitter:card\" content=\"summary_large_image\" \/>\n<meta name=\"twitter:label1\" content=\"Tiempo de lectura\" \/>\n\t<meta name=\"twitter:data1\" content=\"1 minuto\" \/>\n<!-- \/ Yoast SEO plugin. -->","yoast_head_json":{"title":"FAQ - Insertar plugin de Preguntas Frecuentes al Squarespace","description":"Instala un widget hermoso de FAQ en su p\u00e1gina web de Squarespace. Lance la demo de Elfsight manejable y genere su plugin \u00fanico.","robots":{"index":"index","follow":"follow","max-snippet":"max-snippet:-1","max-image-preview":"max-image-preview:large","max-video-preview":"max-video-preview:-1"},"canonical":"https:\/\/elfsight.com\/es\/accordion-faq-widget\/squarespace\/","og_locale":"es_ES","og_type":"article","og_title":"FAQ - Insertar plugin de Preguntas Frecuentes al Squarespace","og_description":"Instala un widget hermoso de FAQ en su p\u00e1gina web de Squarespace. Lance la demo de Elfsight manejable y genere su plugin \u00fanico.","og_url":"https:\/\/elfsight.com\/es\/accordion-faq-widget\/squarespace\/","og_site_name":"Elfsight ES","article_modified_time":"2025-02-06T15:22:45+00:00","twitter_card":"summary_large_image","twitter_misc":{"Tiempo de lectura":"1 minuto"},"schema":{"@context":"https:\/\/schema.org","@graph":[{"@type":"WebPage","@id":"https:\/\/elfsight.com\/es\/accordion-faq-widget\/squarespace\/","url":"https:\/\/elfsight.com\/es\/accordion-faq-widget\/squarespace\/","name":"FAQ - Insertar plugin de Preguntas Frecuentes al Squarespace","isPartOf":{"@id":"https:\/\/elfsight.com\/es\/#website"},"datePublished":"2022-02-11T11:20:27+00:00","dateModified":"2025-02-06T15:22:45+00:00","description":"Instala un widget hermoso de FAQ en su p\u00e1gina web de Squarespace. Lance la demo de Elfsight manejable y genere su plugin \u00fanico.","breadcrumb":{"@id":"https:\/\/elfsight.com\/es\/accordion-faq-widget\/squarespace\/#breadcrumb"},"inLanguage":"es","potentialAction":[{"@type":"ReadAction","target":["https:\/\/elfsight.com\/es\/accordion-faq-widget\/squarespace\/"]}]},{"@type":"BreadcrumbList","@id":"https:\/\/elfsight.com\/es\/accordion-faq-widget\/squarespace\/#breadcrumb","itemListElement":[{"@type":"ListItem","position":1,"name":"Home","item":"https:\/\/elfsight.com\/es\/"},{"@type":"ListItem","position":2,"name":"FAQ","item":"https:\/\/elfsight.com\/es\/accordion-faq-widget\/"},{"@type":"ListItem","position":3,"name":"FAQ &#8211; Squarespace"}]},{"@type":"WebSite","@id":"https:\/\/elfsight.com\/es\/#website","url":"https:\/\/elfsight.com\/es\/","name":"Elfsight ES","description":"Just another Elfsight Sites site","potentialAction":[{"@type":"SearchAction","target":{"@type":"EntryPoint","urlTemplate":"https:\/\/elfsight.com\/es\/?s={search_term_string}"},"query-input":{"@type":"PropertyValueSpecification","valueRequired":true,"valueName":"search_term_string"}}],"inLanguage":"es"}]}},"meta_box":{"industry":"","seo_heading":"","heading":"","description":"","cta_heading":"","cta_description":"","application":"1770","h1":"complemento de preguntas frecuentes para Squarespace","h1_caption":"Proporcione respuestas a preguntas frecuentes en un formato organizado y con capacidad de b\u00fasqueda para ayudar a los usuarios a encontrar soluciones r\u00e1pidamente en su sitio web de Squarespace y sin esfuerzo.","application_category":[],"applications_title":"","applications_request_title":"","applications_request_button_text":"","hero_text":"","hero_video":"","hero_video_schema_markup":"","selling_points_title":"","selling_points_caption":"","selling_points":[],"selling_points_cta_text":"","features_title":"","features":"","ed_cta_examples_text":"","ed_cta_examples_hidden":"","ed_cta_demo_text":"","ed_cta_demo_hidden":"","why_caption":"","why_editor_title":"","why_editor_text":"","why_team_title":"","why_team_text":"","why_service_title":"","why_service_text":"","template_catalog_visible":"","template_catalog_title":"","template_catalog_text":"","template_catalog_categories_visible":"","demo_title":"Crea tu complemento de preguntas frecuentes","demo_caption":"\u00a1Configura tus preguntas frecuentes y agr\u00e9galas a tu sitio web de Squarespace gratis!","default_faq_hidden":"","app_template_category":[],"platform":"100","template_public_id":"","codecanyon_url":"","codecanyon_item_id":"","codecanyon_price":"","pricing_caption":"","pricing_elfsight_apps_hide_column":"","pricing_elfsight_apps_url":"","pricing_codecanyon_price_caption":"","integration_category":[],"integration_request_title":"","integration_request_cta":"","integration_platform":"","integrations":[],"platform_category":[],"video_schema_markup":"","price":"desde $0 por mes","trial":"","benefits":[{"text":"Instalaci\u00f3n gratuita"},{"text":"Soporte Premium"},{"text":"14 d\u00edas garant\u00eda de reembolso"},{"text":"Actualizaciones regulares"}],"button_url":"#demo","button_target_blank":"0","button_nofollow":"0","attributes":[{"name":"Responsivo","content":"Si","_state":"expanded"},{"name":"Navegadores compatibles","content":"Firefox, Safari, Opera, Chrome, Edge","_state":"expanded"}],"tags":[],"tags_disable_links":"0","hide_more_platforms":"","video_object":"","demo_hide_cta":"0","demo_hide_cloud_options":"0","pricing_title":"","pricing":[{"pricing_icon":"platform","pricing_title":" Elfsight Apps","pricing_title_caption":"Soluci\u00f3n multiplataforma - valido para cualquier p\u00e1gina web","pricing_price":"desde $0 por mes","pricing_price_caption":"empezar con un plan gratuito","pricing_benefits":[{"text":"Sitios web ilimitados"},{"text":"Atenci\u00f3n al cliente gratuita y r\u00e1pida"},{"text":"Servicio de instalaci\u00f3n gratuito"},{"text":"Totalmente personalizable"}],"pricing_button_text":"Agregar al sitio web","pricing_button_url":"#demo","_state":"expanded"}],"related_apps_title":"","related_apps_hidden":"1","author":"","image":[],"title":"","job":"","social_networks":[]},"_links":{"self":[{"href":"https:\/\/elfsight.com\/es\/wp-json\/wp\/v2\/pages\/4432","targetHints":{"allow":["GET"]}}],"collection":[{"href":"https:\/\/elfsight.com\/es\/wp-json\/wp\/v2\/pages"}],"about":[{"href":"https:\/\/elfsight.com\/es\/wp-json\/wp\/v2\/types\/page"}],"author":[{"embeddable":true,"href":"https:\/\/elfsight.com\/es\/wp-json\/wp\/v2\/users\/18"}],"replies":[{"embeddable":true,"href":"https:\/\/elfsight.com\/es\/wp-json\/wp\/v2\/comments?post=4432"}],"version-history":[{"count":3,"href":"https:\/\/elfsight.com\/es\/wp-json\/wp\/v2\/pages\/4432\/revisions"}],"predecessor-version":[{"id":18197,"href":"https:\/\/elfsight.com\/es\/wp-json\/wp\/v2\/pages\/4432\/revisions\/18197"}],"up":[{"embeddable":true,"href":"https:\/\/elfsight.com\/es\/wp-json\/wp\/v2\/pages\/1771"}],"wp:attachment":[{"href":"https:\/\/elfsight.com\/es\/wp-json\/wp\/v2\/media?parent=4432"}],"curies":[{"name":"wp","href":"https:\/\/api.w.org\/{rel}","templated":true}]}}