{"id":4429,"date":"2022-02-11T11:20:04","date_gmt":"2022-02-11T11:20:04","guid":{"rendered":"https:\/\/elfsight.com\/es\/?page_id=4429"},"modified":"2025-02-06T15:22:45","modified_gmt":"2025-02-06T15:22:45","slug":"webnode","status":"publish","type":"page","link":"https:\/\/elfsight.com\/es\/online-form-builder\/webnode\/","title":{"rendered":"Form Builder &#8211; Webnode"},"content":{"rendered":"<div class=\"application-platform-content-item-description application-platform-content-item\" id=\"description\" data-nav-section=\"description\"> <h2>Constructor de formularios personalizado para Webnode<\/h2> <p>Este es un instrumento unificado dise\u00f1ado para crear cualquier tipo de formularios de relleno y mostrarlos en cualquier recurso web. Obtenga informaci\u00f3n de sus clientes actuales y potenciales mediante encuestas f\u00e1ciles, formularios de comentarios, solicitudes de calificaci\u00f3n y otros formatos. La posibilidad de elegir la configuraci\u00f3n del formulario le brinda la oportunidad de crear formularios atractivos para recopilar informaci\u00f3n de los usuarios. No importa qu\u00e9 categor\u00edas de informaci\u00f3n necesite: opiniones, puntuaciones, pedidos y ventas: Form Builder de Elfsight le proporcionar\u00e1 todo lo necesario para crear un formulario adecuado y pr\u00e1ctico. Con una estructura flexible y diversos segmentos, su formulario ser\u00e1 f\u00e1cil de usar para sus clientes y efectivo para usted.<\/p> <p><b>Establezca reservas y compras a trav\u00e9s de formularios convenientes para compras r\u00e1pidas y simples!<\/b><\/p><h3>Beneficios<\/h3><p><b>Crear formularios atractivos para obtener m\u00e1s retroalimentaci\u00f3n<\/b><br>Tiene una amplia variedad de elementos disponibles que permiten crear formularios entretenidos y funcionales. Las diversas opciones de personalizaci\u00f3n de nuestro plugin le permitir\u00e1n hacerlo llamativo y atraer m\u00e1s clientes para que lo completen.<\/p><p><b>Aumentar el n\u00famero de prospectos con formularios manejables<\/b><br>No deje que sus clientes abandonen el proceso de llenado incompleto y no deje de recopilar comentarios valiosos. Cree formularios con pasos convenientes y una configuraci\u00f3n f\u00e1cil, que mantendr\u00e1n a los clientes comprometidos hasta el final y aumentar\u00e1n el n\u00famero de prospectos.<\/p><p><b>Ahorre tiempo y dinero con una herramienta multifuncional<\/b><br>No es necesario comprar muchas soluciones diferentes para cubrir todos sus requisitos en la creaci\u00f3n de formularios de retroalimentaci\u00f3n para su sitio web. Nuestro Form Builder le permite crear el formulario m\u00e1s \u00fatil para recibir datos en todos los formatos, gracias a sus segmentos variados y composici\u00f3n flexible.<\/p><\/div><div class=\"application-platform-content-item-features application-platform-content-item\" id=\"features\" data-nav-section=\"features\"> <h2>Caracter\u00edsticas del plugin Form Builder<\/h2> <p><\/p> <ul><li>Mostrar el encabezado del formulario con t\u00edtulo y texto;<\/li><li>Opci\u00f3n de distribuir los campos en varias columnas;<\/li><li>Textos editables del mensaje de agradecimiento y el bot\u00f3n para rellenar el formulario nuevamente;<\/li><li>3 dise\u00f1os listos para usar (Predeterminado, En caja, Flotante);<\/li><li>5 estilos predefinidos para los campos del formulario.<\/li><\/ul><p><a href=\"#demo\">Revise todas las propiedades en el editor gratuito<\/a><\/p> <\/div> <div class=\"application-platform-content-item-installation application-platform-content-item\" id=\"installation\" data-nav-section=\"installation\"> <h2>C\u00f3mo agregar Form Builder a su sitio Webnode<\/h2> <p>Un par de pasos f\u00e1ciles es todo lo que necesita para incrustar.<\/p><ol><li><b>Construya su widget personalizado de formulario<\/b><br> Usando nuestro configurador gratuito, obtenga un plugin con aspecto personalizado y caracter\u00edsticas funcionales. <\/li><li><b>Obtenga el c\u00f3digo personal para instalar el widget<\/b><br> Despu\u00e9s de crear su widget, obtendr\u00e1 el c\u00f3digo de instalaci\u00f3n de la ventana emergente en Elfsight Apps. Copie este c\u00f3digo. <\/li> <li><b>Agregue el widget en su sitio Webnode<\/b><br> Busque el lugar donde desea agregar el plugin y pegue el c\u00f3digo copiado all\u00ed. Aplique los resultados. <\/li> <li><b>\u00a1La incrustaci\u00f3n es exitosa! <\/b><br> Ingrese a la p\u00e1gina web para ver su widget. <\/li> <\/ol><p>\u00bfA\u00fan tiene dudas? \u00bfO ha encontrado alg\u00fan problema? Un mensaje a nuestro equipo de soporte resolver\u00e1 cualquier inconveniente.<\/p> <div class=\"faq\" data-component=\"FAQ\"> <div class=\"faq-item\">\r\n\t\t\t\t\t<div class=\"faq-item-question\">\r\n\t\t\t\t\t\t<h3 class=\"faq-item-question-text\">\u00bfC\u00f3mo agregar Form Builder a mi sitio Webnode sin habilidades de codificaci\u00f3n?<\/h3>\r\n\r\n\t\t\t\t\t\t<div class=\"faq-item-question-icon\"><\/div>\r\n\t\t\t\t\t<\/div>\r\n\r\n\t\t\t\t\t<div class=\"faq-item-answer\">\r\n\t\t\t\t\t\t<div class=\"faq-item-answer-text\"> <p>Elfsight ofrece una soluci\u00f3n SaaS que le permite crear un widget Form Builder usted mismo, vea lo f\u00e1cil que es el proceso: Trabaje directamente en el Editor en l\u00ednea para crear el widget Form Builder que le gustar\u00eda ver en su sitio Webnode. Elija una de las plantillas predefinidas y ajuste la configuraci\u00f3n del Form Builder, agregue su contenido, cambie el dise\u00f1o y la combinaci\u00f3n de colores sin necesidad de habilidades de codificaci\u00f3n. Guarde el Form Builder y copie su c\u00f3digo de instalaci\u00f3n, que podr\u00e1 pegar f\u00e1cilmente en su sitio Webnode sin necesidad de comprar una versi\u00f3n de pago. Con nuestro Editor intuitivo, cualquier usuario de Internet puede crear un widget Form Builder en l\u00ednea e incrustarlo f\u00e1cilmente en su sitio Webnode. No es necesario pagar ni ingresar los datos de su tarjeta para acceder al servicio. Si encuentra alg\u00fan problema en cualquier paso, no dude en contactar a nuestro equipo de soporte t\u00e9cnico.<\/p> <\/div>\r\n\t\t\t\t\t<\/div>\r\n\t\t\t\t<\/div> <\/div> <\/div>","protected":false},"excerpt":{"rendered":"","protected":false},"author":18,"featured_media":0,"parent":1746,"menu_order":0,"comment_status":"closed","ping_status":"closed","template":"templates\/template-application-platform.php","meta":{"publish_to_discourse":"","publish_post_category":"","wpdc_auto_publish_overridden":"","wpdc_topic_tags":"","wpdc_pin_topic":"","wpdc_pin_until":"","discourse_post_id":"","discourse_permalink":"","wpdc_publishing_response":"","wpdc_publishing_error":"","footnotes":""},"class_list":["post-4429","page","type-page","status-publish","hentry"],"yoast_head":"<!-- This site is optimized with the Yoast SEO plugin v25.3.1 - https:\/\/yoast.com\/wordpress\/plugins\/seo\/ -->\n<title>Constructor de formularios - Integrar plugin de Generador de formularios al Webnode<\/title>\n<meta name=\"description\" content=\"A\u00f1ade un widget atractivo de Constructor de formularios en su sitio de Webnode. Pruebe la demo de Elfsight intuitiva y construe su plugin personalizado.\" \/>\n<meta name=\"robots\" content=\"index, follow, max-snippet:-1, max-image-preview:large, max-video-preview:-1\" \/>\n<link rel=\"canonical\" href=\"https:\/\/elfsight.com\/es\/online-form-builder\/webnode\/\" \/>\n<meta property=\"og:locale\" content=\"es_ES\" \/>\n<meta property=\"og:type\" content=\"article\" \/>\n<meta property=\"og:title\" content=\"Constructor de formularios - Integrar plugin de Generador de formularios al Webnode\" \/>\n<meta property=\"og:description\" content=\"A\u00f1ade un widget atractivo de Constructor de formularios en su sitio de Webnode. Pruebe la demo de Elfsight intuitiva y construe su plugin personalizado.\" \/>\n<meta property=\"og:url\" content=\"https:\/\/elfsight.com\/es\/online-form-builder\/webnode\/\" \/>\n<meta property=\"og:site_name\" content=\"Elfsight ES\" \/>\n<meta property=\"article:modified_time\" content=\"2025-02-06T15:22:45+00:00\" \/>\n<meta name=\"twitter:card\" content=\"summary_large_image\" \/>\n<meta name=\"twitter:label1\" content=\"Tiempo de lectura\" \/>\n\t<meta name=\"twitter:data1\" content=\"2 minutos\" \/>\n<!-- \/ Yoast SEO plugin. -->","yoast_head_json":{"title":"Constructor de formularios - Integrar plugin de Generador de formularios al Webnode","description":"A\u00f1ade un widget atractivo de Constructor de formularios en su sitio de Webnode. Pruebe la demo de Elfsight intuitiva y construe su plugin personalizado.","robots":{"index":"index","follow":"follow","max-snippet":"max-snippet:-1","max-image-preview":"max-image-preview:large","max-video-preview":"max-video-preview:-1"},"canonical":"https:\/\/elfsight.com\/es\/online-form-builder\/webnode\/","og_locale":"es_ES","og_type":"article","og_title":"Constructor de formularios - Integrar plugin de Generador de formularios al Webnode","og_description":"A\u00f1ade un widget atractivo de Constructor de formularios en su sitio de Webnode. Pruebe la demo de Elfsight intuitiva y construe su plugin personalizado.","og_url":"https:\/\/elfsight.com\/es\/online-form-builder\/webnode\/","og_site_name":"Elfsight ES","article_modified_time":"2025-02-06T15:22:45+00:00","twitter_card":"summary_large_image","twitter_misc":{"Tiempo de lectura":"2 minutos"},"schema":{"@context":"https:\/\/schema.org","@graph":[{"@type":"WebPage","@id":"https:\/\/elfsight.com\/es\/online-form-builder\/webnode\/","url":"https:\/\/elfsight.com\/es\/online-form-builder\/webnode\/","name":"Constructor de formularios - Integrar plugin de Generador de formularios al Webnode","isPartOf":{"@id":"https:\/\/elfsight.com\/es\/#website"},"datePublished":"2022-02-11T11:20:04+00:00","dateModified":"2025-02-06T15:22:45+00:00","description":"A\u00f1ade un widget atractivo de Constructor de formularios en su sitio de Webnode. Pruebe la demo de Elfsight intuitiva y construe su plugin personalizado.","breadcrumb":{"@id":"https:\/\/elfsight.com\/es\/online-form-builder\/webnode\/#breadcrumb"},"inLanguage":"es","potentialAction":[{"@type":"ReadAction","target":["https:\/\/elfsight.com\/es\/online-form-builder\/webnode\/"]}]},{"@type":"BreadcrumbList","@id":"https:\/\/elfsight.com\/es\/online-form-builder\/webnode\/#breadcrumb","itemListElement":[{"@type":"ListItem","position":1,"name":"Home","item":"https:\/\/elfsight.com\/es\/"},{"@type":"ListItem","position":2,"name":"Form Builder","item":"https:\/\/elfsight.com\/es\/online-form-builder\/"},{"@type":"ListItem","position":3,"name":"Form Builder &#8211; Webnode"}]},{"@type":"WebSite","@id":"https:\/\/elfsight.com\/es\/#website","url":"https:\/\/elfsight.com\/es\/","name":"Elfsight ES","description":"Just another Elfsight Sites site","potentialAction":[{"@type":"SearchAction","target":{"@type":"EntryPoint","urlTemplate":"https:\/\/elfsight.com\/es\/?s={search_term_string}"},"query-input":{"@type":"PropertyValueSpecification","valueRequired":true,"valueName":"search_term_string"}}],"inLanguage":"es"}]}},"meta_box":{"industry":"","seo_heading":"","heading":"","description":"","cta_heading":"","cta_description":"","application":"1745","h1":"plugin de Constructor de formularios para Webnode","h1_caption":"Desarrolle formularios convencionales y multinivel y config\u00farelos a su tienda electr\u00f3nica","application_category":[],"applications_title":"","applications_request_title":"","applications_request_button_text":"","hero_text":"","hero_video":"","hero_video_schema_markup":"","selling_points_title":"","selling_points_caption":"","selling_points":[],"selling_points_cta_text":"","features_title":"","features":"","ed_cta_examples_text":"","ed_cta_examples_hidden":"","ed_cta_demo_text":"","ed_cta_demo_hidden":"","why_caption":"","why_editor_title":"","why_editor_text":"","why_team_title":"","why_team_text":"","why_service_title":"","why_service_text":"","template_catalog_visible":"","template_catalog_title":"","template_catalog_text":"","template_catalog_categories_visible":"","demo_title":"Crea tu widget de Creador de formularios","demo_caption":"\u00a1Configura tu Form Builder y agr\u00e9galo a tu sitio web Webnode gratis!","default_faq_hidden":"","app_template_category":[],"platform":"2302","template_public_id":"","codecanyon_url":"","codecanyon_item_id":"","codecanyon_price":"","pricing_caption":"","pricing_elfsight_apps_hide_column":"","pricing_elfsight_apps_url":"","pricing_codecanyon_price_caption":"","integration_category":[],"integration_request_title":"","integration_request_cta":"","integration_platform":"","integrations":[],"platform_category":[],"video_schema_markup":"","price":"desde $0 por mes","trial":"","benefits":[{"text":"Instalaci\u00f3n gratuita"},{"text":"Soporte Premium"},{"text":"14 d\u00edas garant\u00eda de reembolso"},{"text":"Actualizaciones regulares"}],"button_url":"#demo","button_target_blank":"0","button_nofollow":"0","attributes":[{"name":"Responsivo","content":"Si","_state":"expanded"},{"name":"Navegadores compatibles","content":"Firefox, Safari, Opera, Chrome, Edge","_state":"expanded"}],"tags":[],"tags_disable_links":"0","hide_more_platforms":"","video_object":"","demo_hide_cta":"0","demo_hide_cloud_options":"0","pricing_title":"","pricing":[{"pricing_icon":"platform","pricing_title":" Elfsight Apps","pricing_title_caption":"Soluci\u00f3n multiplataforma - valido para cualquier p\u00e1gina web","pricing_price":"desde $0 por mes","pricing_price_caption":"empezar con un plan gratuito","pricing_benefits":[{"text":"Sitios web ilimitados"},{"text":"Atenci\u00f3n al cliente gratuita y r\u00e1pida"},{"text":"Servicio de instalaci\u00f3n gratuito"},{"text":"Totalmente personalizable"}],"pricing_button_text":"Agregar al sitio web","pricing_button_url":"#demo","_state":"expanded"}],"related_apps_title":"","related_apps_hidden":"1","author":"","image":[],"title":"","job":"","social_networks":[]},"_links":{"self":[{"href":"https:\/\/elfsight.com\/es\/wp-json\/wp\/v2\/pages\/4429","targetHints":{"allow":["GET"]}}],"collection":[{"href":"https:\/\/elfsight.com\/es\/wp-json\/wp\/v2\/pages"}],"about":[{"href":"https:\/\/elfsight.com\/es\/wp-json\/wp\/v2\/types\/page"}],"author":[{"embeddable":true,"href":"https:\/\/elfsight.com\/es\/wp-json\/wp\/v2\/users\/18"}],"replies":[{"embeddable":true,"href":"https:\/\/elfsight.com\/es\/wp-json\/wp\/v2\/comments?post=4429"}],"version-history":[{"count":3,"href":"https:\/\/elfsight.com\/es\/wp-json\/wp\/v2\/pages\/4429\/revisions"}],"predecessor-version":[{"id":18198,"href":"https:\/\/elfsight.com\/es\/wp-json\/wp\/v2\/pages\/4429\/revisions\/18198"}],"up":[{"embeddable":true,"href":"https:\/\/elfsight.com\/es\/wp-json\/wp\/v2\/pages\/1746"}],"wp:attachment":[{"href":"https:\/\/elfsight.com\/es\/wp-json\/wp\/v2\/media?parent=4429"}],"curies":[{"name":"wp","href":"https:\/\/api.w.org\/{rel}","templated":true}]}}