{"id":4426,"date":"2022-02-11T11:19:50","date_gmt":"2022-02-11T11:19:50","guid":{"rendered":"https:\/\/elfsight.com\/es\/?page_id=4426"},"modified":"2025-02-06T15:22:53","modified_gmt":"2025-02-06T15:22:53","slug":"shopify","status":"publish","type":"page","link":"https:\/\/elfsight.com\/es\/accordion-faq-widget\/shopify\/","title":{"rendered":"FAQ &#8211; Shopify"},"content":{"rendered":"<div class=\"application-platform-content-item-description application-platform-content-item\" id=\"description\" data-nav-section=\"description\"><h2>Incrustar preguntas frecuentes en Shopify con el widget de Elfsight<\/h2><p>Las preguntas frecuentes desarrolladas por el equipo de Elfsight son convenientes y f\u00e1ciles de trabajar y configurar. Esta aplicaci\u00f3n ayuda a generar y publicar un conjunto de las preguntas m\u00e1s populares con respuestas en su sitio web. Una aplicaci\u00f3n informativa con navegaci\u00f3n sencilla le permite proporcionar la m\u00e1xima informaci\u00f3n sobre sus ofertas, centrar la atenci\u00f3n de los clientes en sus puntos fuertes y combatir dudas y desconfianza, lo que podr\u00eda prevenir una compra.<\/p><p><b>\u00a1Responda r\u00e1pidamente a las preguntas de sus clientes y aumente las ventas en su sitio!<\/b><\/p><ul><li><b>Guiar a los usuarios hacia la compra con respuestas estrat\u00e9gicas<\/b>.<br>A\u00f1ada respuestas a las preguntas clave de los clientes de antemano y convenza a los usuarios para que realicen una compra en su sitio.<\/li><li><b>Brinde la imagen correcta de su empresa a los clientes<\/b>.<br>Aseg\u00farese de que sus usuarios tengan la percepci\u00f3n correcta de su empresa y su modelo comercial, para combatir malentendidos o dudas y convencerlos para cooperar.<\/li><li><b>Reduzca el tiempo y el costo del trabajo de soporte al cliente<\/b>.<br>Proporcione respuestas a la mayor\u00eda de las preguntas frecuentes sobre sus productos o servicios, para reducir la carga adicional del soporte al cliente.<\/li><\/ul><\/div><div class=\"application-platform-content-item-features application-platform-content-item\" id=\"features\" data-nav-section=\"features\"><h2>Caracter\u00edsticas principales del widget FAQ<\/h2><p>Las caracter\u00edsticas m\u00e1s importantes de la aplicaci\u00f3n de Elfsight, que la convierten en la herramienta m\u00e1s \u00fatil para agregar preguntas frecuentes en un sitio de Shopify.<\/p><ul><li>Dise\u00f1o de acorde\u00f3n para mostrar respuestas al hacer clic;<\/li><li>Colores personalizables para el texto de la pregunta, el texto de la respuesta, el nombre de la categor\u00eda y el fondo;<\/li><li>Mostrar\/ocultar y editar los nombres de las categor\u00edas;<\/li><li>Esquema de pregunta de microdatos, para ayudar con la optimizaci\u00f3n SEO;<\/li><li>Actualizaciones disponibles para mantenerlo actualizado.<\/li><\/ul><p><a href=\"#demo\">Rev\u00edsalas todas<\/a><\/p><\/div><div class=\"application-platform-content-item-installation application-platform-content-item\" id=\"installation\" data-nav-section=\"installation\"><h2>C\u00f3mo agregar el widget de preguntas frecuentes de acorde\u00f3n a Shopify<\/h2><div class=\"video-container\"><iframe width=\"720\" height=\"405\" src=\"https:\/\/www.youtube.com\/embed\/R6k6gRp-w8w\" frameborder=\"0\" allowfullscreen=\"\"><\/iframe><\/div><p>Instale la aplicaci\u00f3n utilizando nuestra breve gu\u00eda. No necesita experiencia en desarrollo web ni ayuda de un programador. El tiempo total de configuraci\u00f3n es de solo 60 segundos.<\/p><ol><li><b>Realice nuestra demostraci\u00f3n gratuita y comience a trabajar con su aplicaci\u00f3n personalizada. <\/b><br> Encuentre la disposici\u00f3n y las caracter\u00edsticas funcionales preferidas de la aplicaci\u00f3n y guarde todas las correcciones. <\/li>  <li><b>Obtenga su c\u00f3digo individual mostrado en el formulario especial de Elfsight Apps. <\/b><br> Cuando termine la configuraci\u00f3n de su aplicaci\u00f3n, copie el c\u00f3digo exclusivo de la ventana emergente y gu\u00e1rdelo para su posterior uso. <\/li>  <li><b>Comience a usar la aplicaci\u00f3n en su sitio Shopify. <\/b><br> Coloque el c\u00f3digo guardado anteriormente en su sitio y guarde los cambios. <\/li>  <li><b>\u00a1Listo! La incrustaci\u00f3n se ha realizado correctamente. <\/b><br> Vaya a su sitio web para observar el funcionamiento de la aplicaci\u00f3n. <\/li><\/ol><p>\u00bfTiene alguna duda con la aplicaci\u00f3n de la instrucci\u00f3n? Contacte al equipo de soporte de Elfsight o lea la versi\u00f3n completa del tutorial \u00ab<a href=\"https:\/\/elfsight.com\/blog\/how-to-add-faq-to-shopify-for-free\/\" target=\"_blank\" rel=\"noopener noreferrer\">C\u00f3mo agregar preguntas frecuentes a Shopify<\/a>\u00bb y pruebe agregarlo usted mismo una vez m\u00e1s.<\/p><\/div><div class=\"faq\" data-component=\"FAQ\"><div class=\"faq-item\">\r\n\t\t\t\t\t<div class=\"faq-item-question\">\r\n\t\t\t\t\t\t<h3 class=\"faq-item-question-text\">\u00bfC\u00f3mo puedo incrustar un FAQ en mi sitio Shopify?<\/h3>\r\n\r\n\t\t\t\t\t\t<div class=\"faq-item-question-icon\"><\/div>\r\n\t\t\t\t\t<\/div>\r\n\r\n\t\t\t\t\t<div class=\"faq-item-answer\">\r\n\t\t\t\t\t\t<div class=\"faq-item-answer-text\"><p>La creaci\u00f3n del widget se realiza en las p\u00e1ginas de Elfsight y no necesita codificaci\u00f3n. Utilice la demostraci\u00f3n en l\u00ednea para personalizar su widget personal, obtenga el c\u00f3digo y agr\u00e9galo a su sitio.<\/p><\/div>\r\n\t\t\t\t\t<\/div>\r\n\t\t\t\t<\/div><div class=\"faq-item\">\r\n\t\t\t\t\t<div class=\"faq-item-question\">\r\n\t\t\t\t\t\t<h3 class=\"faq-item-question-text\">Los mejores ejemplos de uso de la integraci\u00f3n de FAQ con acorde\u00f3n<\/h3>\r\n\r\n\t\t\t\t\t\t<div class=\"faq-item-question-icon\"><\/div>\r\n\t\t\t\t\t<\/div>\r\n\r\n\t\t\t\t\t<div class=\"faq-item-answer\">\r\n\t\t\t\t\t\t<div class=\"faq-item-answer-text\"><p>Ofrecemos muchas posibilidades de ajuste: widgets de gran escala para incrustar en el \u00e1rea de contenido, plugins flotantes con opciones de desplazamiento, miniaturas para el pie de p\u00e1gina, secci\u00f3n de encabezado y todas las variaciones de posibilidades verticales para barras laterales y men\u00fas del sitio web.<\/p><\/div>\r\n\t\t\t\t\t<\/div>\r\n\t\t\t\t<\/div><div class=\"faq-item\">\r\n\t\t\t\t\t<div class=\"faq-item-question\">\r\n\t\t\t\t\t\t<h3 class=\"faq-item-question-text\">\u00bfC\u00f3mo creo un FAQ Multicolumna o Desplegable a trav\u00e9s de su editor?<\/h3>\r\n\r\n\t\t\t\t\t\t<div class=\"faq-item-question-icon\"><\/div>\r\n\t\t\t\t\t<\/div>\r\n\r\n\t\t\t\t\t<div class=\"faq-item-answer\">\r\n\t\t\t\t\t\t<div class=\"faq-item-answer-text\"><p>Puedes crear cualquier modificaci\u00f3n del widget. Hay una gran variedad de dise\u00f1os disponibles en el editor, y todos ellos se pueden personalizar r\u00e1pidamente seg\u00fan lo que necesites.<\/p><\/div>\r\n\t\t\t\t\t<\/div>\r\n\t\t\t\t<\/div><\/div>","protected":false},"excerpt":{"rendered":"","protected":false},"author":18,"featured_media":0,"parent":1771,"menu_order":0,"comment_status":"closed","ping_status":"closed","template":"templates\/template-application-platform.php","meta":{"publish_to_discourse":"","publish_post_category":"","wpdc_auto_publish_overridden":"","wpdc_topic_tags":"","wpdc_pin_topic":"","wpdc_pin_until":"","discourse_post_id":"","discourse_permalink":"","wpdc_publishing_response":"","wpdc_publishing_error":"","footnotes":""},"class_list":["post-4426","page","type-page","status-publish","hentry"],"yoast_head":"<!-- This site is optimized with the Yoast SEO plugin v25.3.1 - https:\/\/yoast.com\/wordpress\/plugins\/seo\/ -->\n<title>FAQ - Empotrar app de Preguntas Frecuentes al Shopify<\/title>\n<meta name=\"description\" content=\"Instala un widget interactivo de FAQ en su p\u00e1gina web de Shopify. Use la demo de Elfsight manejable y construe su app propio.\" \/>\n<meta name=\"robots\" content=\"index, follow, max-snippet:-1, max-image-preview:large, max-video-preview:-1\" \/>\n<link rel=\"canonical\" href=\"https:\/\/elfsight.com\/es\/accordion-faq-widget\/shopify\/\" \/>\n<meta property=\"og:locale\" content=\"es_ES\" \/>\n<meta property=\"og:type\" content=\"article\" \/>\n<meta property=\"og:title\" content=\"FAQ - Empotrar app de Preguntas Frecuentes al Shopify\" \/>\n<meta property=\"og:description\" content=\"Instala un widget interactivo de FAQ en su p\u00e1gina web de Shopify. Use la demo de Elfsight manejable y construe su app propio.\" \/>\n<meta property=\"og:url\" content=\"https:\/\/elfsight.com\/es\/accordion-faq-widget\/shopify\/\" \/>\n<meta property=\"og:site_name\" content=\"Elfsight ES\" \/>\n<meta property=\"article:modified_time\" content=\"2025-02-06T15:22:53+00:00\" \/>\n<meta name=\"twitter:card\" content=\"summary_large_image\" \/>\n<meta name=\"twitter:label1\" content=\"Tiempo de lectura\" \/>\n\t<meta name=\"twitter:data1\" content=\"1 minuto\" \/>\n<!-- \/ Yoast SEO plugin. -->","yoast_head_json":{"title":"FAQ - Empotrar app de Preguntas Frecuentes al Shopify","description":"Instala un widget interactivo de FAQ en su p\u00e1gina web de Shopify. Use la demo de Elfsight manejable y construe su app propio.","robots":{"index":"index","follow":"follow","max-snippet":"max-snippet:-1","max-image-preview":"max-image-preview:large","max-video-preview":"max-video-preview:-1"},"canonical":"https:\/\/elfsight.com\/es\/accordion-faq-widget\/shopify\/","og_locale":"es_ES","og_type":"article","og_title":"FAQ - Empotrar app de Preguntas Frecuentes al Shopify","og_description":"Instala un widget interactivo de FAQ en su p\u00e1gina web de Shopify. Use la demo de Elfsight manejable y construe su app propio.","og_url":"https:\/\/elfsight.com\/es\/accordion-faq-widget\/shopify\/","og_site_name":"Elfsight ES","article_modified_time":"2025-02-06T15:22:53+00:00","twitter_card":"summary_large_image","twitter_misc":{"Tiempo de lectura":"1 minuto"},"schema":{"@context":"https:\/\/schema.org","@graph":[{"@type":"WebPage","@id":"https:\/\/elfsight.com\/es\/accordion-faq-widget\/shopify\/","url":"https:\/\/elfsight.com\/es\/accordion-faq-widget\/shopify\/","name":"FAQ - Empotrar app de Preguntas Frecuentes al Shopify","isPartOf":{"@id":"https:\/\/elfsight.com\/es\/#website"},"datePublished":"2022-02-11T11:19:50+00:00","dateModified":"2025-02-06T15:22:53+00:00","description":"Instala un widget interactivo de FAQ en su p\u00e1gina web de Shopify. Use la demo de Elfsight manejable y construe su app propio.","breadcrumb":{"@id":"https:\/\/elfsight.com\/es\/accordion-faq-widget\/shopify\/#breadcrumb"},"inLanguage":"es","potentialAction":[{"@type":"ReadAction","target":["https:\/\/elfsight.com\/es\/accordion-faq-widget\/shopify\/"]}]},{"@type":"BreadcrumbList","@id":"https:\/\/elfsight.com\/es\/accordion-faq-widget\/shopify\/#breadcrumb","itemListElement":[{"@type":"ListItem","position":1,"name":"Home","item":"https:\/\/elfsight.com\/es\/"},{"@type":"ListItem","position":2,"name":"FAQ","item":"https:\/\/elfsight.com\/es\/accordion-faq-widget\/"},{"@type":"ListItem","position":3,"name":"FAQ &#8211; Shopify"}]},{"@type":"WebSite","@id":"https:\/\/elfsight.com\/es\/#website","url":"https:\/\/elfsight.com\/es\/","name":"Elfsight ES","description":"Just another Elfsight Sites site","potentialAction":[{"@type":"SearchAction","target":{"@type":"EntryPoint","urlTemplate":"https:\/\/elfsight.com\/es\/?s={search_term_string}"},"query-input":{"@type":"PropertyValueSpecification","valueRequired":true,"valueName":"search_term_string"}}],"inLanguage":"es"}]}},"meta_box":{"industry":"","seo_heading":"","heading":"","description":"","cta_heading":"","cta_description":"","application":"1770","h1":"aplicaci\u00f3n de preguntas frecuentes para Shopify","h1_caption":"Proporciona respuestas a preguntas frecuentes en un formato organizado y con capacidad de b\u00fasqueda para ayudar a los usuarios a encontrar soluciones r\u00e1pidamente en tu sitio web de Shopify sin esfuerzo.","application_category":[],"applications_title":"","applications_request_title":"","applications_request_button_text":"","hero_text":"","hero_video":"","hero_video_schema_markup":"","selling_points_title":"","selling_points_caption":"","selling_points":[],"selling_points_cta_text":"","features_title":"","features":"","ed_cta_examples_text":"","ed_cta_examples_hidden":"","ed_cta_demo_text":"","ed_cta_demo_hidden":"","why_caption":"","why_editor_title":"","why_editor_text":"","why_team_title":"","why_team_text":"","why_service_title":"","why_service_text":"","template_catalog_visible":"","template_catalog_title":"","template_catalog_text":"","template_catalog_categories_visible":"","demo_title":"Crea tu aplicaci\u00f3n de preguntas frecuentes","demo_caption":"\u00a1Configura tus preguntas frecuentes y agr\u00e9galas a tu sitio web Shopify gratis!","default_faq_hidden":"","app_template_category":[],"platform":"91","template_public_id":"","codecanyon_url":"","codecanyon_item_id":"","codecanyon_price":"","pricing_caption":"","pricing_elfsight_apps_hide_column":"","pricing_elfsight_apps_url":"","pricing_codecanyon_price_caption":"","integration_category":[],"integration_request_title":"","integration_request_cta":"","integration_platform":"","integrations":[],"platform_category":[],"video_schema_markup":"","price":"desde $0 por mes","trial":"","benefits":[{"text":"Instalaci\u00f3n gratuita"},{"text":"Soporte Premium"},{"text":"14 d\u00edas garant\u00eda de reembolso"},{"text":"Actualizaciones regulares"}],"button_url":"#demo","button_target_blank":"0","button_nofollow":"0","attributes":[{"name":"Responsivo","content":"Si","_state":"expanded"},{"name":"Navegadores compatibles","content":"Firefox, Safari, Opera, Chrome, Edge","_state":"expanded"}],"tags":[],"tags_disable_links":"0","hide_more_platforms":"","video_object":"","demo_hide_cta":"0","demo_hide_cloud_options":"0","pricing_title":"","pricing":[{"pricing_icon":"platform","pricing_title":" Elfsight Apps","pricing_title_caption":"Soluci\u00f3n multiplataforma - valido para cualquier p\u00e1gina web","pricing_price":"desde $0 por mes","pricing_price_caption":"empezar con un plan gratuito","pricing_benefits":[{"text":"Sitios web ilimitados"},{"text":"Atenci\u00f3n al cliente gratuita y r\u00e1pida"},{"text":"Servicio de instalaci\u00f3n gratuito"},{"text":"Totalmente personalizable"}],"pricing_button_text":"Agregar al sitio web","pricing_button_url":"#demo","_state":"expanded"}],"related_apps_title":"","related_apps_hidden":"1","author":"","image":[],"title":"","job":"","social_networks":[]},"_links":{"self":[{"href":"https:\/\/elfsight.com\/es\/wp-json\/wp\/v2\/pages\/4426","targetHints":{"allow":["GET"]}}],"collection":[{"href":"https:\/\/elfsight.com\/es\/wp-json\/wp\/v2\/pages"}],"about":[{"href":"https:\/\/elfsight.com\/es\/wp-json\/wp\/v2\/types\/page"}],"author":[{"embeddable":true,"href":"https:\/\/elfsight.com\/es\/wp-json\/wp\/v2\/users\/18"}],"replies":[{"embeddable":true,"href":"https:\/\/elfsight.com\/es\/wp-json\/wp\/v2\/comments?post=4426"}],"version-history":[{"count":3,"href":"https:\/\/elfsight.com\/es\/wp-json\/wp\/v2\/pages\/4426\/revisions"}],"predecessor-version":[{"id":18199,"href":"https:\/\/elfsight.com\/es\/wp-json\/wp\/v2\/pages\/4426\/revisions\/18199"}],"up":[{"embeddable":true,"href":"https:\/\/elfsight.com\/es\/wp-json\/wp\/v2\/pages\/1771"}],"wp:attachment":[{"href":"https:\/\/elfsight.com\/es\/wp-json\/wp\/v2\/media?parent=4426"}],"curies":[{"name":"wp","href":"https:\/\/api.w.org\/{rel}","templated":true}]}}