{"id":4420,"date":"2022-02-11T11:19:30","date_gmt":"2022-02-11T11:19:30","guid":{"rendered":"https:\/\/elfsight.com\/es\/?page_id=4420"},"modified":"2025-02-06T15:22:53","modified_gmt":"2025-02-06T15:22:53","slug":"opencart","status":"publish","type":"page","link":"https:\/\/elfsight.com\/es\/accordion-faq-widget\/opencart\/","title":{"rendered":"FAQ &#8211; OpenCart"},"content":{"rendered":"<div class=\"application-platform-content-item-description application-platform-content-item\" id=\"description\" data-nav-section=\"description\"><h2>Descripci\u00f3n<\/h2><p>Elfsight FAQ es una herramienta simple, f\u00e1cil de aplicar y ajustar para generar y mostrar una lista de las preguntas m\u00e1s populares con respuestas en tu sitio web personal. Una extensi\u00f3n informativa con navegaci\u00f3n r\u00e1pida te da la oportunidad de mostrar informaci\u00f3n completa sobre tu negocio, centrar la atenci\u00f3n de los visitantes en las caracter\u00edsticas positivas de tus productos y eliminar posibles temores o dudas que podr\u00edan obstaculizar la decisi\u00f3n de compra.<\/p><p><b>\u00a1Responde las preguntas de tus usuarios al instante y aumenta la conversi\u00f3n en tu sitio web!<\/b><\/p><ul><li><b>Dirige a los clientes hacia la compra con textos bien redactados<\/b>.<br> Coloca respuestas a las preguntas m\u00e1s importantes de los clientes antes de que surjan y convence a los usuarios para que compren en tu sitio.<\/li><li><b>Asegura la comprensi\u00f3n correcta de tu producto o servicio por parte de los clientes<\/b>.<br> Combate los malentendidos y dudas m\u00e1s frecuentes sobre tu negocio con respuestas claras y completas.<\/li><li><b>Reduce el tiempo y el costo del soporte al cliente<\/b>.<br> Publica respuestas a las preguntas frecuentes sobre tus productos, servicios o marca y reduce la carga intensiva sobre tu equipo de soporte al cliente.<\/li><\/ul><\/div><div class=\"application-platform-content-item-features application-platform-content-item\" id=\"features\" data-nav-section=\"features\"><h2>Caracter\u00edsticas<\/h2><p>Las caracter\u00edsticas m\u00e1s poderosas de nuestra extensi\u00f3n, que la convierten en la m\u00e1s r\u00e1pida para instalar un FAQ en un sitio web de OpenCart.<\/p><ul><li>3 dise\u00f1os listos para usar: acorde\u00f3n, lista, multicolumna;<\/li><li>Colores personalizables del texto de la pregunta, el texto de la respuesta, el nombre de la categor\u00eda y el fondo;<\/li><li>Duplicar y reordenar preguntas;<\/li><li>Esquema de preguntas microdata, para ayudar con la optimizaci\u00f3n SEO;<\/li><li>Actualizaciones disponibles para mantenerla fresca.<\/li><\/ul><p><a href=\"#demo\">Explora todas las caracter\u00edsticas<\/a><\/p><\/div><div class=\"application-platform-content-item-installation application-platform-content-item\" id=\"installation\" data-nav-section=\"installation\"><h2>C\u00f3mo agregar el widget FAQ de Acorde\u00f3n a OpenCart<\/h2><p>Solo sigue las instrucciones a continuaci\u00f3n para integrar la herramienta en OpenCart.<\/p> <ol><li><b>Usa nuestro configurador gratuito y comienza a crear tu herramienta \u00fanica.<\/b><br> Determina el aspecto y los par\u00e1metros deseados de la extensi\u00f3n y guarda las modificaciones.<\/li>  <li><b>Obt\u00e9n tu c\u00f3digo individual que se muestra en el formulario especial de Elfsight Apps.<\/b><br> Cuando termines de configurar tu extensi\u00f3n FAQ, copia el c\u00f3digo individual de la ventana emergente y gu\u00e1rdalo para una ocasi\u00f3n posterior.<\/li>  <li><b>Inicia el uso de la extensi\u00f3n en tu sitio web de OpenCart.<\/b><br> Coloca el c\u00f3digo guardado anteriormente en tu sitio web y guarda los cambios.<\/li>  <li><b>La instalaci\u00f3n ha sido completada con \u00e9xito.<\/b><br> Visita tu p\u00e1gina para ver el funcionamiento del widget.<\/li><\/ol> <p>\u00bfTienes dificultades para seguir las instrucciones? Ponte en contacto con el equipo de soporte de Elfsight o lee la versi\u00f3n completa del manual \u00ab<a href=\"https:\/\/elfsight.com\/tutorials\/how-to-add-faq-widget-to-opencart\/\" target=\"_blank\" rel=\"noopener noreferrer\">C\u00f3mo agregar FAQ a OpenCart<\/a>\u00bb y finaliza la configuraci\u00f3n por ti mismo.<\/p><div class=\"faq\" data-component=\"FAQ\"><div class=\"faq-item\">\r\n\t\t\t\t\t<div class=\"faq-item-question\">\r\n\t\t\t\t\t\t<h3 class=\"faq-item-question-text\">\u00bfC\u00f3mo puedo agregar FAQ a mi sitio web de OpenCart sin habilidades de programaci\u00f3n?<\/h3>\r\n\r\n\t\t\t\t\t\t<div class=\"faq-item-question-icon\"><\/div>\r\n\t\t\t\t\t<\/div>\r\n\r\n\t\t\t\t\t<div class=\"faq-item-answer\">\r\n\t\t\t\t\t\t<div class=\"faq-item-answer-text\"> <p>Elfsight ofrece una soluci\u00f3n SaaS que te permite crear un widget FAQ por ti mismo. Observa lo f\u00e1cil que es el proceso: trabaja directamente en el Editor en l\u00ednea para crear un widget FAQ que te gustar\u00eda ver en tu sitio web de OpenCart. Elige una de las plantillas predefinidas y ajusta la configuraci\u00f3n de FAQ, agrega tu contenido, cambia el dise\u00f1o y los colores sin necesidad de conocimientos de programaci\u00f3n. Guarda el FAQ y copia su c\u00f3digo de instalaci\u00f3n, que podr\u00e1s integrar f\u00e1cilmente en tu sitio web de OpenCart sin necesidad de adquirir una suscripci\u00f3n de pago. Con nuestro Editor intuitivo, cualquier usuario de internet puede crear un widget FAQ en l\u00ednea e integrarlo f\u00e1cilmente en su sitio web de OpenCart. No es necesario pagar ni ingresar los datos de tu tarjeta para acceder al servicio. Si tienes alg\u00fan problema en cualquier paso, no dudes en contactar con nuestro equipo de soporte t\u00e9cnico.<\/p> <\/div>\r\n\t\t\t\t\t<\/div>\r\n\t\t\t\t<\/div> <\/div><\/div>","protected":false},"excerpt":{"rendered":"","protected":false},"author":18,"featured_media":0,"parent":1771,"menu_order":0,"comment_status":"closed","ping_status":"closed","template":"templates\/template-application-platform.php","meta":{"publish_to_discourse":"","publish_post_category":"","wpdc_auto_publish_overridden":"","wpdc_topic_tags":"","wpdc_pin_topic":"","wpdc_pin_until":"","discourse_post_id":"","discourse_permalink":"","wpdc_publishing_response":"","wpdc_publishing_error":"","footnotes":""},"class_list":["post-4420","page","type-page","status-publish","hentry"],"yoast_head":"<!-- This site is optimized with the Yoast SEO plugin v25.3.1 - https:\/\/yoast.com\/wordpress\/plugins\/seo\/ -->\n<title>FAQ - Incluir plugin de Preguntas Frecuentes al OpenCart<\/title>\n<meta name=\"description\" content=\"Instala un module hermoso de FAQ en su sitio de OpenCart. Lance la demo de Elfsight manejable y genere su plugin personalizado.\" \/>\n<meta name=\"robots\" content=\"index, follow, max-snippet:-1, max-image-preview:large, max-video-preview:-1\" \/>\n<link rel=\"canonical\" href=\"https:\/\/elfsight.com\/es\/accordion-faq-widget\/opencart\/\" \/>\n<meta property=\"og:locale\" content=\"es_ES\" \/>\n<meta property=\"og:type\" content=\"article\" \/>\n<meta property=\"og:title\" content=\"FAQ - Incluir plugin de Preguntas Frecuentes al OpenCart\" \/>\n<meta property=\"og:description\" content=\"Instala un module hermoso de FAQ en su sitio de OpenCart. Lance la demo de Elfsight manejable y genere su plugin personalizado.\" \/>\n<meta property=\"og:url\" content=\"https:\/\/elfsight.com\/es\/accordion-faq-widget\/opencart\/\" \/>\n<meta property=\"og:site_name\" content=\"Elfsight ES\" \/>\n<meta property=\"article:modified_time\" content=\"2025-02-06T15:22:53+00:00\" \/>\n<meta name=\"twitter:card\" content=\"summary_large_image\" \/>\n<meta name=\"twitter:label1\" content=\"Tiempo de lectura\" \/>\n\t<meta name=\"twitter:data1\" content=\"1 minuto\" \/>\n<!-- \/ Yoast SEO plugin. -->","yoast_head_json":{"title":"FAQ - Incluir plugin de Preguntas Frecuentes al OpenCart","description":"Instala un module hermoso de FAQ en su sitio de OpenCart. Lance la demo de Elfsight manejable y genere su plugin personalizado.","robots":{"index":"index","follow":"follow","max-snippet":"max-snippet:-1","max-image-preview":"max-image-preview:large","max-video-preview":"max-video-preview:-1"},"canonical":"https:\/\/elfsight.com\/es\/accordion-faq-widget\/opencart\/","og_locale":"es_ES","og_type":"article","og_title":"FAQ - Incluir plugin de Preguntas Frecuentes al OpenCart","og_description":"Instala un module hermoso de FAQ en su sitio de OpenCart. Lance la demo de Elfsight manejable y genere su plugin personalizado.","og_url":"https:\/\/elfsight.com\/es\/accordion-faq-widget\/opencart\/","og_site_name":"Elfsight ES","article_modified_time":"2025-02-06T15:22:53+00:00","twitter_card":"summary_large_image","twitter_misc":{"Tiempo de lectura":"1 minuto"},"schema":{"@context":"https:\/\/schema.org","@graph":[{"@type":"WebPage","@id":"https:\/\/elfsight.com\/es\/accordion-faq-widget\/opencart\/","url":"https:\/\/elfsight.com\/es\/accordion-faq-widget\/opencart\/","name":"FAQ - Incluir plugin de Preguntas Frecuentes al OpenCart","isPartOf":{"@id":"https:\/\/elfsight.com\/es\/#website"},"datePublished":"2022-02-11T11:19:30+00:00","dateModified":"2025-02-06T15:22:53+00:00","description":"Instala un module hermoso de FAQ en su sitio de OpenCart. Lance la demo de Elfsight manejable y genere su plugin personalizado.","breadcrumb":{"@id":"https:\/\/elfsight.com\/es\/accordion-faq-widget\/opencart\/#breadcrumb"},"inLanguage":"es","potentialAction":[{"@type":"ReadAction","target":["https:\/\/elfsight.com\/es\/accordion-faq-widget\/opencart\/"]}]},{"@type":"BreadcrumbList","@id":"https:\/\/elfsight.com\/es\/accordion-faq-widget\/opencart\/#breadcrumb","itemListElement":[{"@type":"ListItem","position":1,"name":"Home","item":"https:\/\/elfsight.com\/es\/"},{"@type":"ListItem","position":2,"name":"FAQ","item":"https:\/\/elfsight.com\/es\/accordion-faq-widget\/"},{"@type":"ListItem","position":3,"name":"FAQ &#8211; OpenCart"}]},{"@type":"WebSite","@id":"https:\/\/elfsight.com\/es\/#website","url":"https:\/\/elfsight.com\/es\/","name":"Elfsight ES","description":"Just another Elfsight Sites site","potentialAction":[{"@type":"SearchAction","target":{"@type":"EntryPoint","urlTemplate":"https:\/\/elfsight.com\/es\/?s={search_term_string}"},"query-input":{"@type":"PropertyValueSpecification","valueRequired":true,"valueName":"search_term_string"}}],"inLanguage":"es"}]}},"meta_box":{"industry":"","seo_heading":"","heading":"","description":"","cta_heading":"","cta_description":"","application":"1770","h1":"complemento de preguntas frecuentes para OpenCart","h1_caption":"Proporcione respuestas a preguntas frecuentes en un formato organizado y con capacidad de b\u00fasqueda para ayudar a los usuarios a encontrar soluciones r\u00e1pidamente en su sitio web Opencart sin esfuerzo.","application_category":[],"applications_title":"","applications_request_title":"","applications_request_button_text":"","hero_text":"","hero_video":"","hero_video_schema_markup":"","selling_points_title":"","selling_points_caption":"","selling_points":[],"selling_points_cta_text":"","features_title":"","features":"","ed_cta_examples_text":"","ed_cta_examples_hidden":"","ed_cta_demo_text":"","ed_cta_demo_hidden":"","why_caption":"","why_editor_title":"","why_editor_text":"","why_team_title":"","why_team_text":"","why_service_title":"","why_service_text":"","template_catalog_visible":"","template_catalog_title":"","template_catalog_text":"","template_catalog_categories_visible":"","demo_title":"Crea tu extensi\u00f3n de preguntas frecuentes","demo_caption":"\u00a1Configure sus preguntas frecuentes y agr\u00e9guelas a su sitio web OpenCart de forma gratuita!","default_faq_hidden":"","app_template_category":[],"platform":"88","template_public_id":"","codecanyon_url":"","codecanyon_item_id":"","codecanyon_price":"","pricing_caption":"","pricing_elfsight_apps_hide_column":"","pricing_elfsight_apps_url":"","pricing_codecanyon_price_caption":"","integration_category":[],"integration_request_title":"","integration_request_cta":"","integration_platform":"","integrations":[],"platform_category":[],"video_schema_markup":"","price":"desde $0 por mes","trial":"","benefits":[{"text":"Instalaci\u00f3n gratuita"},{"text":"Soporte Premium"},{"text":"14 d\u00edas garant\u00eda de reembolso"},{"text":"Actualizaciones regulares"}],"button_url":"#demo","button_target_blank":"0","button_nofollow":"0","attributes":[{"name":"Responsivo","content":"Si","_state":"expanded"},{"name":"Navegadores compatibles","content":"Firefox, Safari, Opera, Chrome, Edge","_state":"expanded"}],"tags":[],"tags_disable_links":"0","hide_more_platforms":"","video_object":"","demo_hide_cta":"0","demo_hide_cloud_options":"0","pricing_title":"","pricing":[{"pricing_icon":"platform","pricing_title":" Elfsight Apps","pricing_title_caption":"Soluci\u00f3n multiplataforma - valido para cualquier p\u00e1gina web","pricing_price":"desde $0 por mes","pricing_price_caption":"empezar con un plan gratuito","pricing_benefits":[{"text":"Sitios web ilimitados"},{"text":"Atenci\u00f3n al cliente gratuita y r\u00e1pida"},{"text":"Servicio de instalaci\u00f3n gratuito"},{"text":"Totalmente personalizable"}],"pricing_button_text":"Agregar al sitio web","pricing_button_url":"#demo","_state":"expanded"}],"related_apps_title":"","related_apps_hidden":"1","author":"","image":[],"title":"","job":"","social_networks":[]},"_links":{"self":[{"href":"https:\/\/elfsight.com\/es\/wp-json\/wp\/v2\/pages\/4420","targetHints":{"allow":["GET"]}}],"collection":[{"href":"https:\/\/elfsight.com\/es\/wp-json\/wp\/v2\/pages"}],"about":[{"href":"https:\/\/elfsight.com\/es\/wp-json\/wp\/v2\/types\/page"}],"author":[{"embeddable":true,"href":"https:\/\/elfsight.com\/es\/wp-json\/wp\/v2\/users\/18"}],"replies":[{"embeddable":true,"href":"https:\/\/elfsight.com\/es\/wp-json\/wp\/v2\/comments?post=4420"}],"version-history":[{"count":3,"href":"https:\/\/elfsight.com\/es\/wp-json\/wp\/v2\/pages\/4420\/revisions"}],"predecessor-version":[{"id":18200,"href":"https:\/\/elfsight.com\/es\/wp-json\/wp\/v2\/pages\/4420\/revisions\/18200"}],"up":[{"embeddable":true,"href":"https:\/\/elfsight.com\/es\/wp-json\/wp\/v2\/pages\/1771"}],"wp:attachment":[{"href":"https:\/\/elfsight.com\/es\/wp-json\/wp\/v2\/media?parent=4420"}],"curies":[{"name":"wp","href":"https:\/\/api.w.org\/{rel}","templated":true}]}}