{"id":4417,"date":"2022-02-11T11:19:23","date_gmt":"2022-02-11T11:19:23","guid":{"rendered":"https:\/\/elfsight.com\/es\/?page_id=4417"},"modified":"2025-02-06T15:22:53","modified_gmt":"2025-02-06T15:22:53","slug":"squarespace","status":"publish","type":"page","link":"https:\/\/elfsight.com\/es\/online-form-builder\/squarespace\/","title":{"rendered":"Form Builder &#8211; Squarespace"},"content":{"rendered":"<div class=\"application-platform-content-item-description application-platform-content-item\" id=\"description\" data-nav-section=\"description\"><h2>Creador de formularios personalizados para Squarespace<\/h2> Nuestro Form Builder es una herramienta vers\u00e1til que te permite crear varios tipos de formularios, incluidos formularios de registro en Squarespace, formularios de varios pasos, formularios de inscripci\u00f3n, encuestas y m\u00e1s. Mu\u00e9stralos en tu sitio web y recopila informaci\u00f3n tanto de tus clientes actuales como de los potenciales. Personaliza la estructura del formulario y elige entre una amplia gama de elementos para crear formularios personalizados que se adapten a las necesidades de tu negocio. Ya sea que necesites recopilar opiniones, valoraciones, pedidos o compras, nuestro Form Builder te ayudar\u00e1 a crear un formulario que cumpla con tus requisitos. Con un dise\u00f1o receptivo y una variedad de componentes preconstruidos, tu formulario ser\u00e1 f\u00e1cil de usar para tus clientes y efectivo para ti. <b>\u00a1Recibe comentarios de los clientes, gestiona reservas y preguntas de los usuarios de tu sitio web!<\/b> <ul> <li><b>Crea formularios atractivos para recopilar m\u00e1s comentarios<\/b>. Tienes un conjunto completo de elementos disponibles que te permiten crear formularios pr\u00e1cticos y entretenidos. Las diversas opciones de estilo del widget de Elfsight te permitir\u00e1n hacerlo llamativo y atraer a m\u00e1s audiencia para que lo completen.<\/li> <li><b>Aumenta el n\u00famero de leads con formularios f\u00e1ciles de gestionar<\/b>. No permitas que los clientes abandonen el proceso de llenado. Genera formularios con pasos simples y un patr\u00f3n conveniente que mantendr\u00e1 a los usuarios comprometidos hasta el \u00faltimo paso, aumentando as\u00ed tus leads.<\/li> <li><b>Ahorra tiempo y dinero con una herramienta multifuncional<\/b>. No es necesario comprar muchas herramientas diferentes para cubrir todas tus necesidades de dise\u00f1o de formularios de comentarios para tu sitio. Nuestro Form Builder te permite generar el formulario m\u00e1s \u00fatil para recibir informaci\u00f3n de todas las categor\u00edas, gracias a sus diversos componentes y su estructura receptiva.<\/li> <\/ul> <\/div><div class=\"application-platform-content-item-features application-platform-content-item\" id=\"features\" data-nav-section=\"features\"><h2>Caracter\u00edsticas del plugin Constructor de Formularios<\/h2> \u00bfQu\u00e9 hace que el Constructor de Formularios de Elfsight sea uno de los mejores plugins para Squarespace en la recopilaci\u00f3n de opiniones y solicitudes de los clientes? <ul> <li>Muestra el encabezado del formulario con t\u00edtulo y texto;<\/li> <li>Texto editable del bot\u00f3n de env\u00edo;<\/li> <li>Elige el escenario despu\u00e9s de enviar el formulario: mensaje de agradecimiento, redirigir a otra p\u00e1gina o ocultar el formulario;<\/li> <li>Configura un ancho personalizado del formulario en los dise\u00f1os Predeterminado y en Caja;<\/li> <li>5 estilos predefinidos para los campos del formulario.<\/li> <\/ul> <a href=\"#demo\">Pru\u00e9balos todos<\/a> <\/div><div class=\"application-platform-content-item-installation application-platform-content-item\" id=\"installation\" data-nav-section=\"installation\"><\/div><h2>C\u00f3mo agregar el widget Form Builder a un sitio web de Squarespace<\/h2> <div class=\"video-container\"><iframe src=\"https:\/\/www.youtube.com\/embed\/aQin9AQ5iDA\" width=\"720\" height=\"405\" frameborder=\"0\" allowfullscreen=\"allowfullscreen\"><\/iframe><\/div> Gu\u00eda introductoria para agregar los botones sin necesidad de conocimientos de programaci\u00f3n o contratar a un programador externo. La implementaci\u00f3n de la gu\u00eda tomar\u00e1 menos de unos minutos. <ol> <li><b>Crea tu Form Builder personalizado<\/b>. Con la ayuda de nuestra demo gratuita, crea un plugin con el dise\u00f1o y las funciones que necesites.<\/li> <li><b>Copia el c\u00f3digo para integrar el plugin<\/b>. Despu\u00e9s de configurar el widget, recibe el c\u00f3digo del plugin de Formulario desde la ventana emergente en Elfsight Apps.<\/li> <li><b>Muestra el plugin en tu sitio de Squarespace<\/b>. Publica el plugin en la p\u00e1gina requerida del sitio web y guarda los cambios.<\/li> <li><b>Has completado la instalaci\u00f3n<\/b>. Ve a tu sitio para comprobar tu trabajo.<\/li> <\/ol> \u00bfTienes preguntas relacionadas con la aplicaci\u00f3n de la gu\u00eda? Ponte en contacto con nuestro equipo de soporte o consulta la versi\u00f3n completa de la gu\u00eda \u00ab<a href=\"https:\/\/elfsight.com\/blog\/how-to-embed-form-on-squarespace-website\/\" target=\"_blank\" rel=\"noopener\">C\u00f3mo instalar el Form Builder en Squarespace<\/a>\u00bb y realiza la configuraci\u00f3n por tu cuenta. <div class=\"faq\" data-component=\"FAQ\"> <div class=\"faq-item\">\r\n\t\t\t\t\t<div class=\"faq-item-question\">\r\n\t\t\t\t\t\t<h3 class=\"faq-item-question-text\">\u00bfExisten plantillas personalizadas de Form Builder para el sitio web de Squarespace?<\/h3>\r\n\r\n\t\t\t\t\t\t<div class=\"faq-item-question-icon\"><\/div>\r\n\t\t\t\t\t<\/div>\r\n\r\n\t\t\t\t\t<div class=\"faq-item-answer\">\r\n\t\t\t\t\t\t<div class=\"faq-item-answer-text\"> S\u00ed. Elfsight ha preparado una amplia selecci\u00f3n de m\u00e1s de 300 <a href=\"https:\/\/elfsight.com\/online-form-builder\/templates\/\">plantillas de Form Builder<\/a> con elementos y caracter\u00edsticas personalizables. Puedes encontrar una plantilla de formulario para cualquier ocasi\u00f3n, por ejemplo, <a href=\"https:\/\/elfsight.com\/online-form-builder\/templates\/application-forms\/\">formularios de solicitud<\/a>, <a href=\"https:\/\/elfsight.com\/online-form-builder\/templates\/booking-forms\/\">formularios de reserva<\/a>, <a href=\"https:\/\/elfsight.com\/online-form-builder\/templates\/order-forms\/\">formularios de pedido<\/a>, <a href=\"https:\/\/elfsight.com\/online-form-builder\/templates\/product-forms\/\">formularios de producto<\/a>, <a href=\"https:\/\/elfsight.com\/online-form-builder\/templates\/questionnaires\/\">cuestionarios<\/a>, <a href=\"https:\/\/elfsight.com\/online-form-builder\/templates\/quizzes\/\">quizzes<\/a>, <a href=\"https:\/\/elfsight.com\/online-form-builder\/templates\/surveys\/\">encuestas<\/a>, <a href=\"https:\/\/elfsight.com\/online-form-builder\/templates\/file-upload-forms\/\">formularios de carga de archivos<\/a> y muchos m\u00e1s. <\/div>\r\n\t\t\t\t\t<\/div>\r\n\t\t\t\t<\/div> <\/div>","protected":false},"excerpt":{"rendered":"C\u00f3mo agregar el widget Form Builder a un sitio web de Squarespace Gu\u00eda introductoria para agregar los botones sin necesidad de conocimientos de programaci\u00f3n o contratar a un programador externo. La implementaci\u00f3n de la gu\u00eda tomar\u00e1 menos de unos minutos. Crea tu Form Builder personalizado. Con la ayuda de nuestra&#8230;","protected":false},"author":18,"featured_media":0,"parent":1746,"menu_order":0,"comment_status":"closed","ping_status":"closed","template":"templates\/template-application-platform.php","meta":{"publish_to_discourse":"","publish_post_category":"","wpdc_auto_publish_overridden":"","wpdc_topic_tags":"","wpdc_pin_topic":"","wpdc_pin_until":"","discourse_post_id":"","discourse_permalink":"","wpdc_publishing_response":"","wpdc_publishing_error":"","footnotes":""},"class_list":["post-4417","page","type-page","status-publish","hentry"],"yoast_head":"<!-- This site is optimized with the Yoast SEO plugin v25.3.1 - https:\/\/yoast.com\/wordpress\/plugins\/seo\/ -->\n<title>Constructor de formularios - Incluir plugin de Generador de formularios al Squarespace<\/title>\n<meta name=\"description\" content=\"Instala un widget responsivo de Constructor de formularios en su sitio web de Squarespace. Use la demo de Elfsight f\u00e1cil de usar y cree su plugin \u00fanico.\" \/>\n<meta name=\"robots\" content=\"index, follow, max-snippet:-1, max-image-preview:large, max-video-preview:-1\" \/>\n<link rel=\"canonical\" href=\"https:\/\/elfsight.com\/es\/online-form-builder\/squarespace\/\" \/>\n<meta property=\"og:locale\" content=\"es_ES\" \/>\n<meta property=\"og:type\" content=\"article\" \/>\n<meta property=\"og:title\" content=\"Constructor de formularios - Incluir plugin de Generador de formularios al Squarespace\" \/>\n<meta property=\"og:description\" content=\"Instala un widget responsivo de Constructor de formularios en su sitio web de Squarespace. Use la demo de Elfsight f\u00e1cil de usar y cree su plugin \u00fanico.\" \/>\n<meta property=\"og:url\" content=\"https:\/\/elfsight.com\/es\/online-form-builder\/squarespace\/\" \/>\n<meta property=\"og:site_name\" content=\"Elfsight ES\" \/>\n<meta property=\"article:modified_time\" content=\"2025-02-06T15:22:53+00:00\" \/>\n<meta name=\"twitter:card\" content=\"summary_large_image\" \/>\n<!-- \/ Yoast SEO plugin. -->","yoast_head_json":{"title":"Constructor de formularios - Incluir plugin de Generador de formularios al Squarespace","description":"Instala un widget responsivo de Constructor de formularios en su sitio web de Squarespace. Use la demo de Elfsight f\u00e1cil de usar y cree su plugin \u00fanico.","robots":{"index":"index","follow":"follow","max-snippet":"max-snippet:-1","max-image-preview":"max-image-preview:large","max-video-preview":"max-video-preview:-1"},"canonical":"https:\/\/elfsight.com\/es\/online-form-builder\/squarespace\/","og_locale":"es_ES","og_type":"article","og_title":"Constructor de formularios - Incluir plugin de Generador de formularios al Squarespace","og_description":"Instala un widget responsivo de Constructor de formularios en su sitio web de Squarespace. Use la demo de Elfsight f\u00e1cil de usar y cree su plugin \u00fanico.","og_url":"https:\/\/elfsight.com\/es\/online-form-builder\/squarespace\/","og_site_name":"Elfsight ES","article_modified_time":"2025-02-06T15:22:53+00:00","twitter_card":"summary_large_image","schema":{"@context":"https:\/\/schema.org","@graph":[{"@type":"WebPage","@id":"https:\/\/elfsight.com\/es\/online-form-builder\/squarespace\/","url":"https:\/\/elfsight.com\/es\/online-form-builder\/squarespace\/","name":"Constructor de formularios - Incluir plugin de Generador de formularios al Squarespace","isPartOf":{"@id":"https:\/\/elfsight.com\/es\/#website"},"datePublished":"2022-02-11T11:19:23+00:00","dateModified":"2025-02-06T15:22:53+00:00","description":"Instala un widget responsivo de Constructor de formularios en su sitio web de Squarespace. Use la demo de Elfsight f\u00e1cil de usar y cree su plugin \u00fanico.","breadcrumb":{"@id":"https:\/\/elfsight.com\/es\/online-form-builder\/squarespace\/#breadcrumb"},"inLanguage":"es","potentialAction":[{"@type":"ReadAction","target":["https:\/\/elfsight.com\/es\/online-form-builder\/squarespace\/"]}]},{"@type":"BreadcrumbList","@id":"https:\/\/elfsight.com\/es\/online-form-builder\/squarespace\/#breadcrumb","itemListElement":[{"@type":"ListItem","position":1,"name":"Home","item":"https:\/\/elfsight.com\/es\/"},{"@type":"ListItem","position":2,"name":"Form Builder","item":"https:\/\/elfsight.com\/es\/online-form-builder\/"},{"@type":"ListItem","position":3,"name":"Form Builder &#8211; Squarespace"}]},{"@type":"WebSite","@id":"https:\/\/elfsight.com\/es\/#website","url":"https:\/\/elfsight.com\/es\/","name":"Elfsight ES","description":"Just another Elfsight Sites site","potentialAction":[{"@type":"SearchAction","target":{"@type":"EntryPoint","urlTemplate":"https:\/\/elfsight.com\/es\/?s={search_term_string}"},"query-input":{"@type":"PropertyValueSpecification","valueRequired":true,"valueName":"search_term_string"}}],"inLanguage":"es"}]}},"meta_box":{"industry":"","seo_heading":"","heading":"","description":"","cta_heading":"","cta_description":"","application":"1745","h1":"complemento de Constructor de formularios para Squarespace","h1_caption":"Construye formularios convencionales y multinivel y ins\u00e9rtelos a su blog","application_category":[],"applications_title":"","applications_request_title":"","applications_request_button_text":"","hero_text":"","hero_video":"","hero_video_schema_markup":"","selling_points_title":"","selling_points_caption":"","selling_points":[],"selling_points_cta_text":"","features_title":"","features":"","ed_cta_examples_text":"","ed_cta_examples_hidden":"","ed_cta_demo_text":"","ed_cta_demo_hidden":"","why_caption":"","why_editor_title":"","why_editor_text":"","why_team_title":"","why_team_text":"","why_service_title":"","why_service_text":"","template_catalog_visible":"0","template_catalog_title":"","template_catalog_text":"","template_catalog_categories_visible":"","demo_title":"Crea tu complemento Form Builder","demo_caption":"\u00a1Configure su Creador de formularios y agr\u00e9guelo a su sitio web de Squarespace de forma gratuita!","default_faq_hidden":"","app_template_category":[],"platform":"100","template_public_id":"","codecanyon_url":"","codecanyon_item_id":"","codecanyon_price":"","pricing_caption":"","pricing_elfsight_apps_hide_column":"","pricing_elfsight_apps_url":"","pricing_codecanyon_price_caption":"","integration_category":[],"integration_request_title":"","integration_request_cta":"","integration_platform":"","integrations":[],"platform_category":[],"video_schema_markup":"","price":"desde $0 por mes","trial":"","benefits":[{"text":"Instalaci\u00f3n gratuita"},{"text":"Soporte Premium"},{"text":"14 d\u00edas garant\u00eda de reembolso"},{"text":"Actualizaciones regulares"}],"button_url":"#demo","button_target_blank":"0","button_nofollow":"0","attributes":[{"name":"Responsivo","content":"Si","_state":"expanded"},{"name":"Navegadores compatibles","content":"Firefox, Safari, Opera, Chrome, Edge","_state":"expanded"}],"tags":[],"tags_disable_links":"0","hide_more_platforms":"","video_object":"","demo_hide_cta":"0","demo_hide_cloud_options":"0","pricing_title":"","pricing":[{"pricing_icon":"platform","pricing_title":" Elfsight Apps","pricing_title_caption":"Soluci\u00f3n multiplataforma - valido para cualquier p\u00e1gina web","pricing_price":"desde $0 por mes","pricing_price_caption":"empezar con un plan gratuito","pricing_benefits":[{"text":"Sitios web ilimitados"},{"text":"Atenci\u00f3n al cliente gratuita y r\u00e1pida"},{"text":"Servicio de instalaci\u00f3n gratuito"},{"text":"Totalmente personalizable"}],"pricing_button_text":"Agregar al sitio web","pricing_button_url":"#demo","_state":"expanded"}],"related_apps_title":"","related_apps_hidden":"1","author":"","image":[],"title":"","job":"","social_networks":[]},"_links":{"self":[{"href":"https:\/\/elfsight.com\/es\/wp-json\/wp\/v2\/pages\/4417","targetHints":{"allow":["GET"]}}],"collection":[{"href":"https:\/\/elfsight.com\/es\/wp-json\/wp\/v2\/pages"}],"about":[{"href":"https:\/\/elfsight.com\/es\/wp-json\/wp\/v2\/types\/page"}],"author":[{"embeddable":true,"href":"https:\/\/elfsight.com\/es\/wp-json\/wp\/v2\/users\/18"}],"replies":[{"embeddable":true,"href":"https:\/\/elfsight.com\/es\/wp-json\/wp\/v2\/comments?post=4417"}],"version-history":[{"count":5,"href":"https:\/\/elfsight.com\/es\/wp-json\/wp\/v2\/pages\/4417\/revisions"}],"predecessor-version":[{"id":18201,"href":"https:\/\/elfsight.com\/es\/wp-json\/wp\/v2\/pages\/4417\/revisions\/18201"}],"up":[{"embeddable":true,"href":"https:\/\/elfsight.com\/es\/wp-json\/wp\/v2\/pages\/1746"}],"wp:attachment":[{"href":"https:\/\/elfsight.com\/es\/wp-json\/wp\/v2\/media?parent=4417"}],"curies":[{"name":"wp","href":"https:\/\/api.w.org\/{rel}","templated":true}]}}