{"id":4408,"date":"2022-02-11T11:18:37","date_gmt":"2022-02-11T11:18:37","guid":{"rendered":"https:\/\/elfsight.com\/es\/?page_id=4408"},"modified":"2025-02-06T15:23:02","modified_gmt":"2025-02-06T15:23:02","slug":"magento","status":"publish","type":"page","link":"https:\/\/elfsight.com\/es\/accordion-faq-widget\/magento\/","title":{"rendered":"FAQ &#8211; Magento"},"content":{"rendered":"<div class=\"application-platform-content-item-description application-platform-content-item\" id=\"description\" data-nav-section=\"description\"><h2>Descripci\u00f3n<\/h2><p>Elfsight FAQ es una herramienta simple, f\u00e1cil de aplicar y personalizar para mostrar una lista de las preguntas m\u00e1s populares con respuestas en un sitio web personal. Una extensi\u00f3n adaptable con un dise\u00f1o simple te brinda la oportunidad de compartir informaci\u00f3n extensa sobre tus ofertas, captar la atenci\u00f3n de los clientes sobre las ventajas de tus productos y eliminar cualquier posible temor o desconfianza, que pueda impedir tomar una decisi\u00f3n de compra.<\/p><p><b>\u00a1Responde las preguntas de tus visitantes al instante y aumenta la conversi\u00f3n en el sitio!<\/b><\/p><ul><li><b>Elimina cualquier duda que puedan tener tus clientes y aumenta tus ingresos<\/b>.<br>Muestra informaci\u00f3n detallada sobre tus productos o servicios a tus compradores potenciales, para resolver sus dudas y aumentar los ingresos en el sitio.<\/li><li><b>Crea una imagen efectiva de tu marca entre los clientes<\/b>.<br>Genera la imagen correcta de tu empresa para los visitantes del sitio web, corrigiendo posibles conceptos err\u00f3neos.<\/li><li><b>Responde cada pregunta que tenga tu cliente en poco tiempo<\/b>.<br>Ayuda a tus visitantes a obtener toda la informaci\u00f3n sobre tus productos o servicios y evita posibles preguntas que puedan surgir.<\/li><\/ul><\/div><div class=\"application-platform-content-item-features application-platform-content-item\" id=\"features\" data-nav-section=\"features\"><h2>Caracter\u00edsticas<\/h2><p>Los principales aspectos funcionales de nuestra extensi\u00f3n, que la convierten en la m\u00e1s flexible para integrar una secci\u00f3n de preguntas frecuentes en un sitio web Magento.<\/p><ul><li>Dise\u00f1o de lista para mostrar todas las preguntas y respuestas a la vez;<\/li><li>4 estilos listos para usar con bordes y sombras;<\/li><li>Icono de cruz o flecha para el dise\u00f1o tipo Acorde\u00f3n;<\/li><li>T\u00edtulo editable para el widget;<\/li><li>Optimizaci\u00f3n m\u00f3vil para una experiencia fluida.<\/li><\/ul><p><a href=\"#demo\">Revisa todas las caracter\u00edsticas<\/a><\/p><\/div><div class=\"application-platform-content-item-installation application-platform-content-item\" id=\"installation\" data-nav-section=\"installation\"><h2>C\u00f3mo agregar el widget de FAQ en Acorde\u00f3n a Magento<\/h2><p>Sigue las instrucciones a continuaci\u00f3n para activar la extensi\u00f3n en Magento.<\/p><ol><li><b>Abre nuestro editor gratuito y comienza a crear tu propio widget.<\/b><br>Selecciona el dise\u00f1o y los par\u00e1metros preferidos de la herramienta y aplica las modificaciones.<\/li><li><b>Obt\u00e9n el c\u00f3digo \u00fanico que aparece en la ventana de Elfsight Apps.<\/b><br>Una vez que la creaci\u00f3n de tu widget haya terminado, copia el c\u00f3digo exclusivo de la caja emergente y gu\u00e1rdalo para uso futuro.<\/li><li><b>Comienza a aplicar la extensi\u00f3n de FAQ en tu sitio web Magento.<\/b><br>Agrega el c\u00f3digo guardado recientemente en tu p\u00e1gina de inicio y aplica los ajustes.<\/li><li><b>\u00a1Listo! La integraci\u00f3n se ha completado con \u00e9xito.<\/b><br>Ve a tu sitio para ver c\u00f3mo funciona la extensi\u00f3n.<\/li><\/ol><p>\u00bfTienes preguntas sobre c\u00f3mo aplicar la gu\u00eda? Deja un mensaje en nuestro equipo de soporte o lee una instrucci\u00f3n detallada \u00ab<a href=\"https:\/\/elfsight.com\/tutorials\/how-to-add-faq-widget-to-magento\/\" target=\"_blank\" rel=\"noopener noreferrer\">C\u00f3mo agregar FAQ a Magento<\/a>\u00bb y realiza la configuraci\u00f3n t\u00fa mismo.<\/p><div class=\"faq\" data-component=\"FAQ\"><div class=\"faq-item\">\r\n\t\t\t\t\t<div class=\"faq-item-question\">\r\n\t\t\t\t\t\t<h3 class=\"faq-item-question-text\">\u00bfC\u00f3mo agregar FAQ a mi sitio Magento sin habilidades de programaci\u00f3n?<\/h3>\r\n\r\n\t\t\t\t\t\t<div class=\"faq-item-question-icon\"><\/div>\r\n\t\t\t\t\t<\/div>\r\n\r\n\t\t\t\t\t<div class=\"faq-item-answer\">\r\n\t\t\t\t\t\t<div class=\"faq-item-answer-text\"><p>Elfsight proporciona una soluci\u00f3n SaaS que te permite crear un widget de FAQ t\u00fa mismo, mira lo f\u00e1cil que es el proceso: trabaja directamente en el Editor en l\u00ednea para crear un widget de FAQ que te gustar\u00eda ver en tu sitio Magento. Elige una de las plantillas predefinidas y ajusta la configuraci\u00f3n de FAQ, agrega tu contenido, cambia el dise\u00f1o y los colores sin necesidad de habilidades de programaci\u00f3n. Guarda el FAQ y copia su c\u00f3digo de instalaci\u00f3n, para que puedas agregarlo f\u00e1cilmente a tu sitio Magento sin necesidad de comprar un plan de pago. Con nuestro Editor intuitivo, cualquier usuario de Internet puede crear un widget de FAQ en l\u00ednea y agregarlo f\u00e1cilmente a su sitio Magento. No es necesario pagar ni ingresar los datos de tu tarjeta para acceder al servicio. Si tienes problemas en alg\u00fan paso, no dudes en contactar a nuestro equipo de soporte t\u00e9cnico.<\/p><\/div>\r\n\t\t\t\t\t<\/div>\r\n\t\t\t\t<\/div> <\/div><\/div>","protected":false},"excerpt":{"rendered":"","protected":false},"author":18,"featured_media":0,"parent":1771,"menu_order":0,"comment_status":"closed","ping_status":"closed","template":"templates\/template-application-platform.php","meta":{"publish_to_discourse":"","publish_post_category":"","wpdc_auto_publish_overridden":"","wpdc_topic_tags":"","wpdc_pin_topic":"","wpdc_pin_until":"","discourse_post_id":"","discourse_permalink":"","wpdc_publishing_response":"","wpdc_publishing_error":"","footnotes":""},"class_list":["post-4408","page","type-page","status-publish","hentry"],"yoast_head":"<!-- This site is optimized with the Yoast SEO plugin v25.3.1 - https:\/\/yoast.com\/wordpress\/plugins\/seo\/ -->\n<title>FAQ - Empotrar plugin de Preguntas Frecuentes al Magento<\/title>\n<meta name=\"description\" content=\"A\u00f1ade un extention interactivo de FAQ en su p\u00e1gina web de Magento. Lance la demo de Elfsight f\u00e1cil de usar y genere su plugin \u00fanico.\" \/>\n<meta name=\"robots\" content=\"index, follow, max-snippet:-1, max-image-preview:large, max-video-preview:-1\" \/>\n<link rel=\"canonical\" href=\"https:\/\/elfsight.com\/es\/accordion-faq-widget\/magento\/\" \/>\n<meta property=\"og:locale\" content=\"es_ES\" \/>\n<meta property=\"og:type\" content=\"article\" \/>\n<meta property=\"og:title\" content=\"FAQ - Empotrar plugin de Preguntas Frecuentes al Magento\" \/>\n<meta property=\"og:description\" content=\"A\u00f1ade un extention interactivo de FAQ en su p\u00e1gina web de Magento. Lance la demo de Elfsight f\u00e1cil de usar y genere su plugin \u00fanico.\" \/>\n<meta property=\"og:url\" content=\"https:\/\/elfsight.com\/es\/accordion-faq-widget\/magento\/\" \/>\n<meta property=\"og:site_name\" content=\"Elfsight ES\" \/>\n<meta property=\"article:modified_time\" content=\"2025-02-06T15:23:02+00:00\" \/>\n<meta name=\"twitter:card\" content=\"summary_large_image\" \/>\n<meta name=\"twitter:label1\" content=\"Tiempo de lectura\" \/>\n\t<meta name=\"twitter:data1\" content=\"1 minuto\" \/>\n<!-- \/ Yoast SEO plugin. -->","yoast_head_json":{"title":"FAQ - Empotrar plugin de Preguntas Frecuentes al Magento","description":"A\u00f1ade un extention interactivo de FAQ en su p\u00e1gina web de Magento. Lance la demo de Elfsight f\u00e1cil de usar y genere su plugin \u00fanico.","robots":{"index":"index","follow":"follow","max-snippet":"max-snippet:-1","max-image-preview":"max-image-preview:large","max-video-preview":"max-video-preview:-1"},"canonical":"https:\/\/elfsight.com\/es\/accordion-faq-widget\/magento\/","og_locale":"es_ES","og_type":"article","og_title":"FAQ - Empotrar plugin de Preguntas Frecuentes al Magento","og_description":"A\u00f1ade un extention interactivo de FAQ en su p\u00e1gina web de Magento. Lance la demo de Elfsight f\u00e1cil de usar y genere su plugin \u00fanico.","og_url":"https:\/\/elfsight.com\/es\/accordion-faq-widget\/magento\/","og_site_name":"Elfsight ES","article_modified_time":"2025-02-06T15:23:02+00:00","twitter_card":"summary_large_image","twitter_misc":{"Tiempo de lectura":"1 minuto"},"schema":{"@context":"https:\/\/schema.org","@graph":[{"@type":"WebPage","@id":"https:\/\/elfsight.com\/es\/accordion-faq-widget\/magento\/","url":"https:\/\/elfsight.com\/es\/accordion-faq-widget\/magento\/","name":"FAQ - Empotrar plugin de Preguntas Frecuentes al Magento","isPartOf":{"@id":"https:\/\/elfsight.com\/es\/#website"},"datePublished":"2022-02-11T11:18:37+00:00","dateModified":"2025-02-06T15:23:02+00:00","description":"A\u00f1ade un extention interactivo de FAQ en su p\u00e1gina web de Magento. Lance la demo de Elfsight f\u00e1cil de usar y genere su plugin \u00fanico.","breadcrumb":{"@id":"https:\/\/elfsight.com\/es\/accordion-faq-widget\/magento\/#breadcrumb"},"inLanguage":"es","potentialAction":[{"@type":"ReadAction","target":["https:\/\/elfsight.com\/es\/accordion-faq-widget\/magento\/"]}]},{"@type":"BreadcrumbList","@id":"https:\/\/elfsight.com\/es\/accordion-faq-widget\/magento\/#breadcrumb","itemListElement":[{"@type":"ListItem","position":1,"name":"Home","item":"https:\/\/elfsight.com\/es\/"},{"@type":"ListItem","position":2,"name":"FAQ","item":"https:\/\/elfsight.com\/es\/accordion-faq-widget\/"},{"@type":"ListItem","position":3,"name":"FAQ &#8211; Magento"}]},{"@type":"WebSite","@id":"https:\/\/elfsight.com\/es\/#website","url":"https:\/\/elfsight.com\/es\/","name":"Elfsight ES","description":"Just another Elfsight Sites site","potentialAction":[{"@type":"SearchAction","target":{"@type":"EntryPoint","urlTemplate":"https:\/\/elfsight.com\/es\/?s={search_term_string}"},"query-input":{"@type":"PropertyValueSpecification","valueRequired":true,"valueName":"search_term_string"}}],"inLanguage":"es"}]}},"meta_box":{"industry":"","seo_heading":"","heading":"","description":"","cta_heading":"","cta_description":"","application":"1770","h1":"complemento de preguntas frecuentes para Magento","h1_caption":"Proporcione respuestas a preguntas frecuentes en un formato organizado y con capacidad de b\u00fasqueda para ayudar a los usuarios a encontrar soluciones r\u00e1pidamente en su sitio web Magento sin esfuerzo.","application_category":[],"applications_title":"","applications_request_title":"","applications_request_button_text":"","hero_text":"","hero_video":"","hero_video_schema_markup":"","selling_points_title":"","selling_points_caption":"","selling_points":[],"selling_points_cta_text":"","features_title":"","features":"","ed_cta_examples_text":"","ed_cta_examples_hidden":"","ed_cta_demo_text":"","ed_cta_demo_hidden":"","why_caption":"","why_editor_title":"","why_editor_text":"","why_team_title":"","why_team_text":"","why_service_title":"","why_service_text":"","template_catalog_visible":"","template_catalog_title":"","template_catalog_text":"","template_catalog_categories_visible":"","demo_title":"Crea tu extensi\u00f3n de preguntas frecuentes","demo_caption":"\u00a1Configure sus preguntas frecuentes y agr\u00e9guelas a su sitio web Magento de forma gratuita!","default_faq_hidden":"","app_template_category":[],"platform":"82","template_public_id":"","codecanyon_url":"","codecanyon_item_id":"","codecanyon_price":"","pricing_caption":"","pricing_elfsight_apps_hide_column":"","pricing_elfsight_apps_url":"","pricing_codecanyon_price_caption":"","integration_category":[],"integration_request_title":"","integration_request_cta":"","integration_platform":"","integrations":[],"platform_category":[],"video_schema_markup":"","price":"desde $0 por mes","trial":"","benefits":[{"text":"Instalaci\u00f3n gratuita"},{"text":"Soporte Premium"},{"text":"14 d\u00edas garant\u00eda de reembolso"},{"text":"Actualizaciones regulares"}],"button_url":"#demo","button_target_blank":"0","button_nofollow":"0","attributes":[{"name":"Responsivo","content":"Si","_state":"expanded"},{"name":"Navegadores compatibles","content":"Firefox, Safari, Opera, Chrome, Edge","_state":"expanded"}],"tags":[],"tags_disable_links":"0","hide_more_platforms":"","video_object":"","demo_hide_cta":"0","demo_hide_cloud_options":"0","pricing_title":"","pricing":[{"pricing_icon":"platform","pricing_title":" Elfsight Apps","pricing_title_caption":"Soluci\u00f3n multiplataforma - valido para cualquier p\u00e1gina web","pricing_price":"desde $0 por mes","pricing_price_caption":"empezar con un plan gratuito","pricing_benefits":[{"text":"Sitios web ilimitados"},{"text":"Atenci\u00f3n al cliente gratuita y r\u00e1pida"},{"text":"Servicio de instalaci\u00f3n gratuito"},{"text":"Totalmente personalizable"}],"pricing_button_text":"Agregar al sitio web","pricing_button_url":"#demo","_state":"expanded"}],"related_apps_title":"","related_apps_hidden":"1","author":"","image":[],"title":"","job":"","social_networks":[]},"_links":{"self":[{"href":"https:\/\/elfsight.com\/es\/wp-json\/wp\/v2\/pages\/4408","targetHints":{"allow":["GET"]}}],"collection":[{"href":"https:\/\/elfsight.com\/es\/wp-json\/wp\/v2\/pages"}],"about":[{"href":"https:\/\/elfsight.com\/es\/wp-json\/wp\/v2\/types\/page"}],"author":[{"embeddable":true,"href":"https:\/\/elfsight.com\/es\/wp-json\/wp\/v2\/users\/18"}],"replies":[{"embeddable":true,"href":"https:\/\/elfsight.com\/es\/wp-json\/wp\/v2\/comments?post=4408"}],"version-history":[{"count":3,"href":"https:\/\/elfsight.com\/es\/wp-json\/wp\/v2\/pages\/4408\/revisions"}],"predecessor-version":[{"id":18204,"href":"https:\/\/elfsight.com\/es\/wp-json\/wp\/v2\/pages\/4408\/revisions\/18204"}],"up":[{"embeddable":true,"href":"https:\/\/elfsight.com\/es\/wp-json\/wp\/v2\/pages\/1771"}],"wp:attachment":[{"href":"https:\/\/elfsight.com\/es\/wp-json\/wp\/v2\/media?parent=4408"}],"curies":[{"name":"wp","href":"https:\/\/api.w.org\/{rel}","templated":true}]}}