{"id":4405,"date":"2022-02-11T11:18:23","date_gmt":"2022-02-11T11:18:23","guid":{"rendered":"https:\/\/elfsight.com\/es\/?page_id=4405"},"modified":"2025-02-06T15:23:02","modified_gmt":"2025-02-06T15:23:02","slug":"opencart","status":"publish","type":"page","link":"https:\/\/elfsight.com\/es\/online-form-builder\/opencart\/","title":{"rendered":"Form Builder &#8211; OpenCart"},"content":{"rendered":"<div class=\"application-platform-content-item-description application-platform-content-item\" id=\"description\" data-nav-section=\"description\"><h2>Constructor de formularios personalizado para OpenCart<\/h2>Esta es una soluci\u00f3n integral para crear varios tipos de formularios de relleno y mostrarlos en cualquier sitio web. Obt\u00e9n datos de tu audiencia existente y potencial a trav\u00e9s de encuestas, formularios de comentarios, solicitudes de calificaci\u00f3n y otros tipos de formularios. Define la estructura del formulario, elige los elementos para generar formularios \u00fanicos que te traer\u00e1n m\u00e1s comentarios de los clientes. No importa qu\u00e9 tipo de informaci\u00f3n necesites: impresiones, valoraciones, reservas y solicitudes, Elfsight Form Builder te permitir\u00e1 crear un formulario de relleno relevante para ello. Gracias a su estructura flexible y variedad de segmentos disponibles, tu formulario ser\u00e1 f\u00e1cil de usar para tus clientes y pr\u00e1ctico para ti.<b>\u00a1Establece reservas y compras a trav\u00e9s de formularios pr\u00e1cticos para una compra r\u00e1pida y f\u00e1cil!<\/b><ul><li><b>Crea formularios atractivos para recopilar m\u00e1s comentarios<\/b>. Tienes una gran cantidad de segmentos disponibles que permiten dise\u00f1ar formularios interesantes y funcionales. Las diversas opciones de estilo de nuestra extensi\u00f3n te ayudar\u00e1n a hacerlos llamativos y atraer a m\u00e1s clientes para que los completen.<\/li><li><b>Aumenta el n\u00famero de prospectos con formularios f\u00e1ciles de manejar<\/b>. No dejes que los clientes abandonen el proceso de llenado a medio camino. Crea formularios con etapas f\u00e1ciles de seguir y una estructura sencilla que mantendr\u00e1n a los clientes involucrados hasta el final y aumentar\u00e1n el n\u00famero de prospectos.<\/li><li><b>Ahorra tiempo y dinero con una herramienta vers\u00e1til<\/b>. Esta herramienta universal permite crear formularios diversos con diferentes conjuntos de componentes y estructuras. Esto te ayudar\u00e1 a configurar formularios para recopilar informaci\u00f3n de distintos formatos sin gastar m\u00e1s dinero ni tiempo.<\/li><\/ul><\/div><div class=\"application-platform-content-item-features application-platform-content-item\" id=\"features\" data-nav-section=\"features\"><h2>Caracter\u00edsticas del plugin Constructor de Formularios<\/h2>\u00bfQu\u00e9 convierte a nuestro Constructor de Formularios en la mejor extensi\u00f3n para comentarios y solicitudes en OpenCart?<\/h2><ul><li>Crea formularios cl\u00e1sicos y paso a paso, agrupando los elementos;<\/li><li>Cada campo puede ser obligatorio para llenar con el s\u00edmbolo (*) de asterisco para indicarlo;<\/li><li>Asigna cualquier direcci\u00f3n de correo electr\u00f3nico y los resultados del formulario se enviar\u00e1n autom\u00e1ticamente all\u00ed;<\/li><li>Barra de progreso conmutable cuando se aplica el formato paso a paso;<\/li><li>5 estilos predefinidos para los campos del formulario.<\/li><\/ul><a href=\"#demo\">M\u00e1s caracter\u00edsticas en nuestro editor<\/a><\/div><div class=\"application-platform-content-item-installation application-platform-content-item\" id=\"installation\" data-nav-section=\"installation\"><h2>C\u00f3mo agregar Form Builder a tu sitio OpenCart<\/h2>Sigue las instrucciones a continuaci\u00f3n para integrar el widget en OpenCart.<ol><li><b>Gestiona nuestra demostraci\u00f3n gratuita y comienza a crear tu propia extensi\u00f3n.<\/b><br>Define el dise\u00f1o y los aspectos preferidos de la extensi\u00f3n y guarda los cambios.<\/li><li><b>Obt\u00e9n el c\u00f3digo personal revelado en la caja de Elfsight Apps.<\/b><br>Cuando la creaci\u00f3n de tu widget personal termine, copia el c\u00f3digo exclusivo de la caja emergente y gu\u00e1rdalo para uso futuro.<\/li><li><b>Comienza a usar el Form Builder en tu sitio OpenCart.<\/b><br>Coloca el c\u00f3digo copiado recientemente en tu sitio web y guarda los ajustes.<\/li><li><b>\u00a1La instalaci\u00f3n est\u00e1 completamente terminada!<\/b><br>Ve a tu sitio para ver c\u00f3mo funciona la herramienta.<\/li><\/ol>\u00bfTienes problemas con la instalaci\u00f3n de la extensi\u00f3n o su personalizaci\u00f3n? Env\u00edanos un mensaje al soporte de Elfsight o lee una gu\u00eda completa \u00ab<a href=\"https:\/\/elfsight.com\/tutorials\/how-to-add-form-builder-to-opencart\/\">Incorporaci\u00f3n de la extensi\u00f3n de formulario en OpenCart<\/a>\u00bb.<div class=\"faq\" data-component=\"FAQ\"> <div class=\"faq-item\">\r\n\t\t\t\t\t<div class=\"faq-item-question\">\r\n\t\t\t\t\t\t<h3 class=\"faq-item-question-text\">\u00bfC\u00f3mo puedo agregar el Constructor de Formularios a mi sitio OpenCart sin habilidades de programaci\u00f3n?<\/h3>\r\n\r\n\t\t\t\t\t\t<div class=\"faq-item-question-icon\"><\/div>\r\n\t\t\t\t\t<\/div>\r\n\r\n\t\t\t\t\t<div class=\"faq-item-answer\">\r\n\t\t\t\t\t\t<div class=\"faq-item-answer-text\">Elfsight proporciona una soluci\u00f3n SaaS que te permite crear un widget de Constructor de Formularios t\u00fa mismo, mira lo f\u00e1cil que es el proceso: trabaja directamente en el Editor en l\u00ednea para crear un widget de Constructor de Formularios que te gustar\u00eda ver en tu sitio OpenCart. Elige una de las plantillas predefinidas y ajusta la configuraci\u00f3n del Constructor de Formularios, agrega tu contenido, cambia el dise\u00f1o y esquema de colores sin habilidades de programaci\u00f3n. Guarda el Constructor de Formularios y copia su c\u00f3digo de instalaci\u00f3n, para que puedas agregarlo f\u00e1cilmente a tu sitio OpenCart sin necesidad de comprar una suscripci\u00f3n de pago. Con nuestro Editor intuitivo, cualquier usuario de Internet puede crear un widget de Constructor de Formularios en l\u00ednea y agregarlo f\u00e1cilmente a su sitio OpenCart. No es necesario pagar ni ingresar los datos de tu tarjeta para acceder al servicio. Si tienes problemas en alg\u00fan paso, no dudes en contactar a nuestro equipo de soporte t\u00e9cnico.<\/p><\/div>\r\n\t\t\t\t\t<\/div>\r\n\t\t\t\t<\/div><div class=\"faq-item\">\r\n\t\t\t\t\t<div class=\"faq-item-question\">\r\n\t\t\t\t\t\t<h3 class=\"faq-item-question-text\">\u00bfTienen plantillas predefinidas de Constructor de Formularios para el sitio OpenCart?<\/h3>\r\n\r\n\t\t\t\t\t\t<div class=\"faq-item-question-icon\"><\/div>\r\n\t\t\t\t\t<\/div>\r\n\r\n\t\t\t\t\t<div class=\"faq-item-answer\">\r\n\t\t\t\t\t\t<div class=\"faq-item-answer-text\">S\u00ed. Nuestro equipo ha trabajado arduamente para crear una enorme colecci\u00f3n de m\u00e1s de 300 plantillas, como <a href=\"https:\/\/elfsight.com\/online-form-builder\/templates\/application-forms\/\">Formularios de solicitud<\/a>, <a href=\"https:\/\/elfsight.com\/online-form-builder\/templates\/booking-forms\/\">Formularios de reserva<\/a>, <a href=\"https:\/\/elfsight.com\/online-form-builder\/templates\/order-forms\/\">Formularios de pedido<\/a>, <a href=\"https:\/\/elfsight.com\/online-form-builder\/templates\/product-forms\/\">Formularios de productos<\/a>, <a href=\"https:\/\/elfsight.com\/online-form-builder\/templates\/questionnaires\/\">Cuestionarios<\/a>, <a href=\"https:\/\/elfsight.com\/online-form-builder\/templates\/quizzes\/\">Pruebas<\/a>, <a href=\"https:\/\/elfsight.com\/online-form-builder\/templates\/surveys\/\">Encuestas<\/a>, <a href=\"https:\/\/elfsight.com\/online-form-builder\/templates\/file-upload-forms\/\">Formularios de carga de archivos<\/a>, y muchos m\u00e1s. As\u00ed que no ser\u00e1 dif\u00edcil encontrar la plantilla adecuada con las <a href=\"https:\/\/elfsight.com\/online-form-builder\/templates\/\">plantillas del Constructor de Formularios<\/a>.<\/p><\/div>\r\n\t\t\t\t\t<\/div>\r\n\t\t\t\t<\/div> <\/div><\/div>","protected":false},"excerpt":{"rendered":"","protected":false},"author":18,"featured_media":0,"parent":1746,"menu_order":0,"comment_status":"closed","ping_status":"closed","template":"templates\/template-application-platform.php","meta":{"publish_to_discourse":"","publish_post_category":"","wpdc_auto_publish_overridden":"","wpdc_topic_tags":"","wpdc_pin_topic":"","wpdc_pin_until":"","discourse_post_id":"","discourse_permalink":"","wpdc_publishing_response":"","wpdc_publishing_error":"","footnotes":""},"class_list":["post-4405","page","type-page","status-publish","hentry"],"yoast_head":"<!-- This site is optimized with the Yoast SEO plugin v25.3.1 - https:\/\/yoast.com\/wordpress\/plugins\/seo\/ -->\n<title>Constructor de formularios - Embeber plugin de Generador de formularios al OpenCart<\/title>\n<meta name=\"description\" content=\"Incrusta un module hermoso de Constructor de formularios en su p\u00e1gina web de OpenCart. Aplique la demo de Elfsight f\u00e1cil de usar y cree su plugin propio.\" \/>\n<meta name=\"robots\" content=\"index, follow, max-snippet:-1, max-image-preview:large, max-video-preview:-1\" \/>\n<link rel=\"canonical\" href=\"https:\/\/elfsight.com\/es\/online-form-builder\/opencart\/\" \/>\n<meta property=\"og:locale\" content=\"es_ES\" \/>\n<meta property=\"og:type\" content=\"article\" \/>\n<meta property=\"og:title\" content=\"Constructor de formularios - Embeber plugin de Generador de formularios al OpenCart\" \/>\n<meta property=\"og:description\" content=\"Incrusta un module hermoso de Constructor de formularios en su p\u00e1gina web de OpenCart. Aplique la demo de Elfsight f\u00e1cil de usar y cree su plugin propio.\" \/>\n<meta property=\"og:url\" content=\"https:\/\/elfsight.com\/es\/online-form-builder\/opencart\/\" \/>\n<meta property=\"og:site_name\" content=\"Elfsight ES\" \/>\n<meta property=\"article:modified_time\" content=\"2025-02-06T15:23:02+00:00\" \/>\n<meta name=\"twitter:card\" content=\"summary_large_image\" \/>\n<meta name=\"twitter:label1\" content=\"Tiempo de lectura\" \/>\n\t<meta name=\"twitter:data1\" content=\"2 minutos\" \/>\n<!-- \/ Yoast SEO plugin. -->","yoast_head_json":{"title":"Constructor de formularios - Embeber plugin de Generador de formularios al OpenCart","description":"Incrusta un module hermoso de Constructor de formularios en su p\u00e1gina web de OpenCart. Aplique la demo de Elfsight f\u00e1cil de usar y cree su plugin propio.","robots":{"index":"index","follow":"follow","max-snippet":"max-snippet:-1","max-image-preview":"max-image-preview:large","max-video-preview":"max-video-preview:-1"},"canonical":"https:\/\/elfsight.com\/es\/online-form-builder\/opencart\/","og_locale":"es_ES","og_type":"article","og_title":"Constructor de formularios - Embeber plugin de Generador de formularios al OpenCart","og_description":"Incrusta un module hermoso de Constructor de formularios en su p\u00e1gina web de OpenCart. Aplique la demo de Elfsight f\u00e1cil de usar y cree su plugin propio.","og_url":"https:\/\/elfsight.com\/es\/online-form-builder\/opencart\/","og_site_name":"Elfsight ES","article_modified_time":"2025-02-06T15:23:02+00:00","twitter_card":"summary_large_image","twitter_misc":{"Tiempo de lectura":"2 minutos"},"schema":{"@context":"https:\/\/schema.org","@graph":[{"@type":"WebPage","@id":"https:\/\/elfsight.com\/es\/online-form-builder\/opencart\/","url":"https:\/\/elfsight.com\/es\/online-form-builder\/opencart\/","name":"Constructor de formularios - Embeber plugin de Generador de formularios al OpenCart","isPartOf":{"@id":"https:\/\/elfsight.com\/es\/#website"},"datePublished":"2022-02-11T11:18:23+00:00","dateModified":"2025-02-06T15:23:02+00:00","description":"Incrusta un module hermoso de Constructor de formularios en su p\u00e1gina web de OpenCart. Aplique la demo de Elfsight f\u00e1cil de usar y cree su plugin propio.","breadcrumb":{"@id":"https:\/\/elfsight.com\/es\/online-form-builder\/opencart\/#breadcrumb"},"inLanguage":"es","potentialAction":[{"@type":"ReadAction","target":["https:\/\/elfsight.com\/es\/online-form-builder\/opencart\/"]}]},{"@type":"BreadcrumbList","@id":"https:\/\/elfsight.com\/es\/online-form-builder\/opencart\/#breadcrumb","itemListElement":[{"@type":"ListItem","position":1,"name":"Home","item":"https:\/\/elfsight.com\/es\/"},{"@type":"ListItem","position":2,"name":"Form Builder","item":"https:\/\/elfsight.com\/es\/online-form-builder\/"},{"@type":"ListItem","position":3,"name":"Form Builder &#8211; OpenCart"}]},{"@type":"WebSite","@id":"https:\/\/elfsight.com\/es\/#website","url":"https:\/\/elfsight.com\/es\/","name":"Elfsight ES","description":"Just another Elfsight Sites site","potentialAction":[{"@type":"SearchAction","target":{"@type":"EntryPoint","urlTemplate":"https:\/\/elfsight.com\/es\/?s={search_term_string}"},"query-input":{"@type":"PropertyValueSpecification","valueRequired":true,"valueName":"search_term_string"}}],"inLanguage":"es"}]}},"meta_box":{"industry":"","seo_heading":"","heading":"","description":"","cta_heading":"","cta_description":"","application":"1745","h1":"complemento de Constructor de formularios para OpenCart","h1_caption":"Desarrolle formas b\u00e1sicas y multinivel y ins\u00e9rtelos a su tienda electr\u00f3nica","application_category":[],"applications_title":"","applications_request_title":"","applications_request_button_text":"","hero_text":"","hero_video":"","hero_video_schema_markup":"","selling_points_title":"","selling_points_caption":"","selling_points":[],"selling_points_cta_text":"","features_title":"","features":"","ed_cta_examples_text":"","ed_cta_examples_hidden":"","ed_cta_demo_text":"","ed_cta_demo_hidden":"","why_caption":"","why_editor_title":"","why_editor_text":"","why_team_title":"","why_team_text":"","why_service_title":"","why_service_text":"","template_catalog_visible":"","template_catalog_title":"","template_catalog_text":"","template_catalog_categories_visible":"","demo_title":"Crea tu extensi\u00f3n Form Builder","demo_caption":"\u00a1Configure su Creador de formularios y agr\u00e9guelo a su sitio web OpenCart de forma gratuita!","default_faq_hidden":"","app_template_category":[],"platform":"88","template_public_id":"","codecanyon_url":"","codecanyon_item_id":"","codecanyon_price":"","pricing_caption":"","pricing_elfsight_apps_hide_column":"","pricing_elfsight_apps_url":"","pricing_codecanyon_price_caption":"","integration_category":[],"integration_request_title":"","integration_request_cta":"","integration_platform":"","integrations":[],"platform_category":[],"video_schema_markup":"","price":"desde $0 por mes","trial":"","benefits":[{"text":"Instalaci\u00f3n gratuita"},{"text":"Soporte Premium"},{"text":"14 d\u00edas garant\u00eda de reembolso"},{"text":"Actualizaciones regulares"}],"button_url":"#demo","button_target_blank":"0","button_nofollow":"0","attributes":[{"name":"Responsivo","content":"Si","_state":"expanded"},{"name":"Navegadores compatibles","content":"Firefox, Safari, Opera, Chrome, Edge","_state":"expanded"}],"tags":[],"tags_disable_links":"0","hide_more_platforms":"","video_object":"","demo_hide_cta":"0","demo_hide_cloud_options":"0","pricing_title":"","pricing":[{"pricing_icon":"platform","pricing_title":" Elfsight Apps","pricing_title_caption":"Soluci\u00f3n multiplataforma - valido para cualquier p\u00e1gina web","pricing_price":"desde $0 por mes","pricing_price_caption":"empezar con un plan gratuito","pricing_benefits":[{"text":"Sitios web ilimitados"},{"text":"Atenci\u00f3n al cliente gratuita y r\u00e1pida"},{"text":"Servicio de instalaci\u00f3n gratuito"},{"text":"Totalmente personalizable"}],"pricing_button_text":"Agregar al sitio web","pricing_button_url":"#demo","_state":"expanded"}],"related_apps_title":"","related_apps_hidden":"1","author":"","image":[],"title":"","job":"","social_networks":[]},"_links":{"self":[{"href":"https:\/\/elfsight.com\/es\/wp-json\/wp\/v2\/pages\/4405","targetHints":{"allow":["GET"]}}],"collection":[{"href":"https:\/\/elfsight.com\/es\/wp-json\/wp\/v2\/pages"}],"about":[{"href":"https:\/\/elfsight.com\/es\/wp-json\/wp\/v2\/types\/page"}],"author":[{"embeddable":true,"href":"https:\/\/elfsight.com\/es\/wp-json\/wp\/v2\/users\/18"}],"replies":[{"embeddable":true,"href":"https:\/\/elfsight.com\/es\/wp-json\/wp\/v2\/comments?post=4405"}],"version-history":[{"count":3,"href":"https:\/\/elfsight.com\/es\/wp-json\/wp\/v2\/pages\/4405\/revisions"}],"predecessor-version":[{"id":18205,"href":"https:\/\/elfsight.com\/es\/wp-json\/wp\/v2\/pages\/4405\/revisions\/18205"}],"up":[{"embeddable":true,"href":"https:\/\/elfsight.com\/es\/wp-json\/wp\/v2\/pages\/1746"}],"wp:attachment":[{"href":"https:\/\/elfsight.com\/es\/wp-json\/wp\/v2\/media?parent=4405"}],"curies":[{"name":"wp","href":"https:\/\/api.w.org\/{rel}","templated":true}]}}