{"id":4395,"date":"2022-02-11T11:21:28","date_gmt":"2022-02-11T11:21:28","guid":{"rendered":"https:\/\/elfsight.com\/es\/?page_id=4395"},"modified":"2025-02-06T15:22:45","modified_gmt":"2025-02-06T15:22:45","slug":"jquery","status":"publish","type":"page","link":"https:\/\/elfsight.com\/es\/accordion-faq-widget\/jquery\/","title":{"rendered":"FAQ &#8211; jQuery"},"content":{"rendered":"<div class=\"application-platform-content-item-description application-platform-content-item\" id=\"description\" data-nav-section=\"description\"><h2>Descripci\u00f3n<\/h2><p>FAQ de Elfsight es un potente y f\u00e1cil de usar e personalizar complemento para establecer y publicar una lista de las preguntas m\u00e1s necesarias con respuestas en un sitio web personal. Un complemento interactivo con navegaci\u00f3n f\u00e1cil te ayuda a mostrar informaci\u00f3n completa sobre tu negocio, enfocar la atenci\u00f3n de los usuarios en sus puntos fuertes y superar todos los posibles miedos y dudas que podr\u00edan interponerse en el camino de la compra.<\/p><p><b>\u00a1Responde a todas las preguntas de tus visitantes en un instante y aumenta la conversi\u00f3n en el sitio!<\/b><\/p><ul><li><b>Proporciona informaci\u00f3n convincente y aumenta tus ingresos<\/b>.<br>Muestra la m\u00e1xima informaci\u00f3n sobre tus productos o servicios a tus posibles usuarios, para resolver todas las dudas que puedan tener sobre ellos y aumentar los ingresos en el sitio.<\/li><li><b>Crea una imagen impecable de tu empresa entre los clientes<\/b>.<br>Demuestra a tus lectores la verdadera imagen de tu empresa y procesos de negocio, para combatir ideas err\u00f3neas y dudas sobre el inicio de la cooperaci\u00f3n.<\/li><li><b>Reduce el tiempo y el costo del trabajo de soporte al cliente<\/b>.<br>Agrega respuestas a todas las preguntas frecuentes sobre tus productos o servicios, para disminuir la carga excesiva sobre tu equipo de soporte al cliente.<\/li><\/ul><\/div><div class=\"application-platform-content-item-features application-platform-content-item\" id=\"features\" data-nav-section=\"features\"><h2>Caracter\u00edsticas<\/h2><p>Las principales ventajas de nuestro complemento, que lo convierten en la herramienta m\u00e1s flexible para agregar un FAQ de acorde\u00f3n en un sitio web con JQuery.<\/p><ul><li>3 dise\u00f1os listos para usar: acorde\u00f3n, lista, multicolumna;<\/li><li>Colores personalizables para el texto de las preguntas, texto de las respuestas, nombre de la categor\u00eda y fondo;<\/li><li>Preguntas ilimitadas dentro de cada categor\u00eda;<\/li><li>Soporte para HTML en el texto;<\/li><li>Optimizado para dispositivos m\u00f3viles para una experiencia fluida.<\/li><\/ul><p><a href=\"#demo\">Ver todos<\/a><\/p><\/div><div class=\"application-platform-content-item-installation application-platform-content-item\" id=\"installation\" data-nav-section=\"installation\"><h2>C\u00f3mo agregar el complemento FAQ de acorde\u00f3n a un sitio web JQuery<\/h2><p>Publica el complemento con la ayuda de nuestra gu\u00eda r\u00e1pida. Es muy f\u00e1cil y no requiere habilidades de programaci\u00f3n ni contratar a un profesional. El tiempo promedio de configuraci\u00f3n es de solo 60 segundos.<\/p><ol><li><b>Genera tu FAQ personalizado<\/b>.<br>Con la ayuda de nuestra demo gratuita, genera un complemento con el dise\u00f1o y las capacidades deseadas.<\/li><li><b>Obt\u00e9n el c\u00f3digo para integrar el complemento<\/b>.<br>Despu\u00e9s de ajustar el widget, obt\u00e9n el c\u00f3digo para el FAQ desde la notificaci\u00f3n que aparece en Elfsight Apps.<\/li><li><b>Publica el complemento en tu sitio web<\/b>.<br>Coloca el FAQ en el lugar necesario de tu sitio web y aplica los cambios.<\/li><li><b>\u00a1Listo!<\/b><br>Visita tu sitio web para ver tu complemento.<\/li><\/ol><p>\u00bfTienes problemas con la instrucci\u00f3n? Dir\u00edgete al equipo de soporte de Elfsight o consulta la versi\u00f3n completa de la gu\u00eda \u00ab<a href=\"https:\/\/elfsight.com\/tutorials\/how-to-add-faq-to-jquery\/\" target=\"_blank\" rel=\"noopener noreferrer\">C\u00f3mo agregar un FAQ a un sitio web JQuery<\/a>\u00bb y termina la creaci\u00f3n del complemento por ti mismo.<\/p><div class=\"faq\" data-component=\"FAQ\"><div class=\"faq-item\">\r\n\t\t\t\t\t<div class=\"faq-item-question\">\r\n\t\t\t\t\t\t<h3 class=\"faq-item-question-text\">\u00bfC\u00f3mo puedo agregar un FAQ a mi sitio web JQuery sin conocimientos de programaci\u00f3n?<\/h3>\r\n\r\n\t\t\t\t\t\t<div class=\"faq-item-question-icon\"><\/div>\r\n\t\t\t\t\t<\/div>\r\n\r\n\t\t\t\t\t<div class=\"faq-item-answer\">\r\n\t\t\t\t\t\t<div class=\"faq-item-answer-text\"> <p>Elfsight proporciona una soluci\u00f3n SaaS que te permite crear un widget FAQ por ti mismo, ve lo f\u00e1cil que es el proceso: Trabaja directamente en el Editor en l\u00ednea para crear el widget FAQ que te gustar\u00eda ver en tu sitio web JQuery. Elige una de las plantillas predefinidas y ajusta la configuraci\u00f3n del FAQ, agrega tu contenido, cambia el dise\u00f1o y los colores sin ning\u00fan conocimiento de programaci\u00f3n. Guarda el FAQ y copia su c\u00f3digo de instalaci\u00f3n, que puedes f\u00e1cilmente incrustar en tu sitio web JQuery sin necesidad de comprar una suscripci\u00f3n de pago. Con nuestro Editor intuitivo, cualquier usuario de Internet puede crear un widget FAQ en l\u00ednea e integrarlo f\u00e1cilmente en su sitio web JQuery. No es necesario pagar ni ingresar tus datos bancarios para acceder al servicio. Si tienes alg\u00fan problema en cualquier paso, no dudes en ponerte en contacto con nuestro equipo de soporte t\u00e9cnico.<\/p> <\/div>\r\n\t\t\t\t\t<\/div>\r\n\t\t\t\t<\/div> <\/div><\/div>","protected":false},"excerpt":{"rendered":"","protected":false},"author":18,"featured_media":0,"parent":1771,"menu_order":0,"comment_status":"closed","ping_status":"closed","template":"templates\/template-application-platform.php","meta":{"publish_to_discourse":"","publish_post_category":"","wpdc_auto_publish_overridden":"","wpdc_topic_tags":"","wpdc_pin_topic":"","wpdc_pin_until":"","discourse_post_id":"","discourse_permalink":"","wpdc_publishing_response":"","wpdc_publishing_error":"","footnotes":""},"class_list":["post-4395","page","type-page","status-publish","hentry"],"yoast_head":"<!-- This site is optimized with the Yoast SEO plugin v25.3.1 - https:\/\/yoast.com\/wordpress\/plugins\/seo\/ -->\n<title>FAQ - Incluir widget de Preguntas Frecuentes al jQuery<\/title>\n<meta name=\"description\" content=\"A\u00f1ade un widget interactivo de FAQ en su p\u00e1gina web de jQuery. Pruebe la demo de Elfsight intuitiva y cree su widget \u00fanico.\" \/>\n<meta name=\"robots\" content=\"index, follow, max-snippet:-1, max-image-preview:large, max-video-preview:-1\" \/>\n<link rel=\"canonical\" href=\"https:\/\/elfsight.com\/es\/accordion-faq-widget\/jquery\/\" \/>\n<meta property=\"og:locale\" content=\"es_ES\" \/>\n<meta property=\"og:type\" content=\"article\" \/>\n<meta property=\"og:title\" content=\"FAQ - Incluir widget de Preguntas Frecuentes al jQuery\" \/>\n<meta property=\"og:description\" content=\"A\u00f1ade un widget interactivo de FAQ en su p\u00e1gina web de jQuery. Pruebe la demo de Elfsight intuitiva y cree su widget \u00fanico.\" \/>\n<meta property=\"og:url\" content=\"https:\/\/elfsight.com\/es\/accordion-faq-widget\/jquery\/\" \/>\n<meta property=\"og:site_name\" content=\"Elfsight ES\" \/>\n<meta property=\"article:modified_time\" content=\"2025-02-06T15:22:45+00:00\" \/>\n<meta name=\"twitter:card\" content=\"summary_large_image\" \/>\n<meta name=\"twitter:label1\" content=\"Tiempo de lectura\" \/>\n\t<meta name=\"twitter:data1\" content=\"1 minuto\" \/>\n<!-- \/ Yoast SEO plugin. -->","yoast_head_json":{"title":"FAQ - Incluir widget de Preguntas Frecuentes al jQuery","description":"A\u00f1ade un widget interactivo de FAQ en su p\u00e1gina web de jQuery. Pruebe la demo de Elfsight intuitiva y cree su widget \u00fanico.","robots":{"index":"index","follow":"follow","max-snippet":"max-snippet:-1","max-image-preview":"max-image-preview:large","max-video-preview":"max-video-preview:-1"},"canonical":"https:\/\/elfsight.com\/es\/accordion-faq-widget\/jquery\/","og_locale":"es_ES","og_type":"article","og_title":"FAQ - Incluir widget de Preguntas Frecuentes al jQuery","og_description":"A\u00f1ade un widget interactivo de FAQ en su p\u00e1gina web de jQuery. Pruebe la demo de Elfsight intuitiva y cree su widget \u00fanico.","og_url":"https:\/\/elfsight.com\/es\/accordion-faq-widget\/jquery\/","og_site_name":"Elfsight ES","article_modified_time":"2025-02-06T15:22:45+00:00","twitter_card":"summary_large_image","twitter_misc":{"Tiempo de lectura":"1 minuto"},"schema":{"@context":"https:\/\/schema.org","@graph":[{"@type":"WebPage","@id":"https:\/\/elfsight.com\/es\/accordion-faq-widget\/jquery\/","url":"https:\/\/elfsight.com\/es\/accordion-faq-widget\/jquery\/","name":"FAQ - Incluir widget de Preguntas Frecuentes al jQuery","isPartOf":{"@id":"https:\/\/elfsight.com\/es\/#website"},"datePublished":"2022-02-11T11:21:28+00:00","dateModified":"2025-02-06T15:22:45+00:00","description":"A\u00f1ade un widget interactivo de FAQ en su p\u00e1gina web de jQuery. Pruebe la demo de Elfsight intuitiva y cree su widget \u00fanico.","breadcrumb":{"@id":"https:\/\/elfsight.com\/es\/accordion-faq-widget\/jquery\/#breadcrumb"},"inLanguage":"es","potentialAction":[{"@type":"ReadAction","target":["https:\/\/elfsight.com\/es\/accordion-faq-widget\/jquery\/"]}]},{"@type":"BreadcrumbList","@id":"https:\/\/elfsight.com\/es\/accordion-faq-widget\/jquery\/#breadcrumb","itemListElement":[{"@type":"ListItem","position":1,"name":"Home","item":"https:\/\/elfsight.com\/es\/"},{"@type":"ListItem","position":2,"name":"FAQ","item":"https:\/\/elfsight.com\/es\/accordion-faq-widget\/"},{"@type":"ListItem","position":3,"name":"FAQ &#8211; jQuery"}]},{"@type":"WebSite","@id":"https:\/\/elfsight.com\/es\/#website","url":"https:\/\/elfsight.com\/es\/","name":"Elfsight ES","description":"Just another Elfsight Sites site","potentialAction":[{"@type":"SearchAction","target":{"@type":"EntryPoint","urlTemplate":"https:\/\/elfsight.com\/es\/?s={search_term_string}"},"query-input":{"@type":"PropertyValueSpecification","valueRequired":true,"valueName":"search_term_string"}}],"inLanguage":"es"}]}},"meta_box":{"industry":"","seo_heading":"","heading":"","description":"","cta_heading":"","cta_description":"","application":"1770","h1":"widget de preguntas frecuentes para jQuery","h1_caption":"Proporcione respuestas a preguntas frecuentes en un formato organizado y con capacidad de b\u00fasqueda para ayudar a los usuarios a encontrar soluciones r\u00e1pidamente en su sitio web jQuery sin esfuerzo.","application_category":[],"applications_title":"","applications_request_title":"","applications_request_button_text":"","hero_text":"","hero_video":"","hero_video_schema_markup":"","selling_points_title":"","selling_points_caption":"","selling_points":[],"selling_points_cta_text":"","features_title":"","features":"","ed_cta_examples_text":"","ed_cta_examples_hidden":"","ed_cta_demo_text":"","ed_cta_demo_hidden":"","why_caption":"","why_editor_title":"","why_editor_text":"","why_team_title":"","why_team_text":"","why_service_title":"","why_service_text":"","template_catalog_visible":"","template_catalog_title":"","template_catalog_text":"","template_catalog_categories_visible":"","demo_title":"Crea tu complemento de preguntas frecuentes","demo_caption":"\u00a1Configure sus preguntas frecuentes y agr\u00e9guelas a su sitio web jQuery de forma gratuita!","default_faq_hidden":"","app_template_category":[],"platform":"76","template_public_id":"","codecanyon_url":"","codecanyon_item_id":"","codecanyon_price":"","pricing_caption":"","pricing_elfsight_apps_hide_column":"","pricing_elfsight_apps_url":"","pricing_codecanyon_price_caption":"","integration_category":[],"integration_request_title":"","integration_request_cta":"","integration_platform":"","integrations":[],"platform_category":[],"video_schema_markup":"","price":"desde $0 por mes","trial":"","benefits":[{"text":"Instalaci\u00f3n gratuita"},{"text":"Soporte Premium"},{"text":"14 d\u00edas garant\u00eda de reembolso"},{"text":"Actualizaciones regulares"}],"button_url":"#demo","button_target_blank":"0","button_nofollow":"0","attributes":[{"name":"Responsivo","content":"Si","_state":"expanded"},{"name":"Navegadores compatibles","content":"Firefox, Safari, Opera, Chrome, Edge","_state":"expanded"}],"tags":[],"tags_disable_links":"0","hide_more_platforms":"","video_object":"","demo_hide_cta":"0","demo_hide_cloud_options":"0","pricing_title":"","pricing":[{"pricing_icon":"platform","pricing_title":" Elfsight Apps","pricing_title_caption":"Soluci\u00f3n multiplataforma - valido para cualquier p\u00e1gina web","pricing_price":"desde $0 por mes","pricing_price_caption":"empezar con un plan gratuito","pricing_benefits":[{"text":"Sitios web ilimitados"},{"text":"Atenci\u00f3n al cliente gratuita y r\u00e1pida"},{"text":"Servicio de instalaci\u00f3n gratuito"},{"text":"Totalmente personalizable"}],"pricing_button_text":"Agregar al sitio web","pricing_button_url":"#demo","_state":"expanded"}],"related_apps_title":"","related_apps_hidden":"1","author":"","image":[],"title":"","job":"","social_networks":[]},"_links":{"self":[{"href":"https:\/\/elfsight.com\/es\/wp-json\/wp\/v2\/pages\/4395","targetHints":{"allow":["GET"]}}],"collection":[{"href":"https:\/\/elfsight.com\/es\/wp-json\/wp\/v2\/pages"}],"about":[{"href":"https:\/\/elfsight.com\/es\/wp-json\/wp\/v2\/types\/page"}],"author":[{"embeddable":true,"href":"https:\/\/elfsight.com\/es\/wp-json\/wp\/v2\/users\/18"}],"replies":[{"embeddable":true,"href":"https:\/\/elfsight.com\/es\/wp-json\/wp\/v2\/comments?post=4395"}],"version-history":[{"count":3,"href":"https:\/\/elfsight.com\/es\/wp-json\/wp\/v2\/pages\/4395\/revisions"}],"predecessor-version":[{"id":18196,"href":"https:\/\/elfsight.com\/es\/wp-json\/wp\/v2\/pages\/4395\/revisions\/18196"}],"up":[{"embeddable":true,"href":"https:\/\/elfsight.com\/es\/wp-json\/wp\/v2\/pages\/1771"}],"wp:attachment":[{"href":"https:\/\/elfsight.com\/es\/wp-json\/wp\/v2\/media?parent=4395"}],"curies":[{"name":"wp","href":"https:\/\/api.w.org\/{rel}","templated":true}]}}