{"id":4393,"date":"2022-02-11T11:21:40","date_gmt":"2022-02-11T11:21:40","guid":{"rendered":"https:\/\/elfsight.com\/es\/?page_id=4393"},"modified":"2025-02-06T15:22:45","modified_gmt":"2025-02-06T15:22:45","slug":"magento","status":"publish","type":"page","link":"https:\/\/elfsight.com\/es\/online-form-builder\/magento\/","title":{"rendered":"Form Builder &#8211; Magento"},"content":{"rendered":"<div class=\"application-platform-content-item-description application-platform-content-item\" id=\"description\" data-nav-section=\"description\"><h2>Constructor de formularios personalizado para Magento<\/h2>Nuestro Constructor de Formularios para Magento es la soluci\u00f3n perfecta para crear formularios personalizados que pueden integrarse f\u00e1cilmente en tu tienda en l\u00ednea. Con nuestra extensi\u00f3n de constructor de formularios personalizados para Magento, puedes crear una variedad de formatos de formularios y recopilar informaci\u00f3n de tus clientes de manera fluida. Ya sea que quieras recopilar comentarios, valoraciones, reservas o datos de ventas, nuestro Constructor de Formularios te proporcionar\u00e1 las herramientas necesarias para crear un formulario personalizado que satisfaga tus necesidades espec\u00edficas. Con una estructura flexible y una amplia gama de elementos predefinidos, tu formulario ser\u00e1 tanto f\u00e1cil de usar como visualmente atractivo. As\u00ed que si buscas un constructor de formularios potente para Magento que te ayude a agilizar tu proceso de recopilaci\u00f3n de datos, no busques m\u00e1s all\u00e1 de nuestra extensi\u00f3n Constructor de Formularios.<b>\u00a1Recibe comentarios de clientes, consigue reservas y solicitudes de tus clientes del sitio!<\/b><ul>         <li><b>Crea formularios atractivos para obtener m\u00e1s comentarios<\/b>. Prueba cada configuraci\u00f3n de la extensi\u00f3n de Elfsight para crear formularios pr\u00e1cticos. Elige segmentos y define el patr\u00f3n para que tus formularios tengan una buena forma y sean c\u00f3modos de usar. Usa configuraciones de estilo para una interfaz atractiva que te ayudar\u00e1 a obtener m\u00e1s comentarios.<\/li>         <li><b>Aumenta el n\u00famero de prospectos con formularios gestionables<\/b>. No dejes que los usuarios abandonen el proceso de llenado incompleto, lo que podr\u00eda hacer que pierdas comentarios valiosos. Genera formularios con pasos c\u00f3modos y un marco conveniente, que mantendr\u00e1 a los clientes involucrados hasta el final y aumentar\u00e1 el n\u00famero de prospectos.<\/li>         <li><b>Ahorra tiempo y dinero con una herramienta multifuncional<\/b>. Esta extensi\u00f3n todo-en-uno permite dise\u00f1ar formularios de tipos variados con conjuntos de elementos y estructuras diferentes. Esto te ayudar\u00e1 a crear formularios para recopilar informaci\u00f3n de diversos tipos sin gastar dinero y tiempo adicionales.<\/li><\/ul><\/div><div class=\"application-platform-content-item-features application-platform-content-item\" id=\"features\" data-nav-section=\"features\"><h2>Caracter\u00edsticas del plugin Constructor de Formularios<\/h2>\u00bfPor qu\u00e9 Elfsight Constructor de Formularios personalizado es el plugin n\u00famero uno para recibir opiniones y respuestas de los usuarios en Magento?<ul>         <li>18 tipos de campos para cumplir casi cualquier tarea de recopilaci\u00f3n de datos;<\/li>         <li>Cada campo puede ser obligatorio para completar con el s\u00edmbolo de asterisco (*) para indicarlo;<\/li>         <li>Asigna cualquier direcci\u00f3n de correo electr\u00f3nico y los resultados del formulario se enviar\u00e1n autom\u00e1ticamente all\u00ed;<\/li>         <li>Opci\u00f3n para guardar el progreso del llenado;<\/li>         <li>5 estilos predefinidos para los campos del formulario.<\/li><\/ul><a href=\"#demo\">Prueba todas las ventajas en la demo en vivo<\/a><\/div><div class=\"application-platform-content-item-installation application-platform-content-item\" id=\"installation\" data-nav-section=\"installation\"><h2>C\u00f3mo a\u00f1adir la extensi\u00f3n Constructor de Formularios a tu sitio Magento<\/h2>Simplemente sigue las instrucciones a continuaci\u00f3n para integrar la extensi\u00f3n en Magento.<ol>         <li><b>Abre nuestra demo gratuita y comienza a crear tu extensi\u00f3n personalizada. <\/b>Especifica el formulario y las funcionalidades preferidas de la herramienta y guarda los cambios.<\/li>         <li><b>Copia tu c\u00f3digo individual mostrado en el formulario especial de Elfsight Apps. <\/b>Despu\u00e9s de que la configuraci\u00f3n de tu extensi\u00f3n personalizada de Constructor de Formularios est\u00e9 lista, copia el c\u00f3digo personal desde la ventana emergente y gu\u00e1rdalo para futuras necesidades.<\/li>         <li><b>Comienza a usar la extensi\u00f3n en tu sitio web Magento. <\/b>Inserta el c\u00f3digo que copiaste recientemente en tu p\u00e1gina de inicio y aplica las modificaciones.<\/li>         <li><b>\u00a1Listo! La configuraci\u00f3n se ha completado con \u00e9xito. <\/b>Visita tu sitio web para ver c\u00f3mo est\u00e1 funcionando el widget.<\/li><\/ol>\u00bfNecesitas ayuda para insertar o dise\u00f1ar la extensi\u00f3n? \u00a1Nuestro equipo de soporte estar\u00e1 encantado de ayudarte y ofrecerte una soluci\u00f3n! Tambi\u00e9n puedes resolver el problema por ti mismo con nuestra gu\u00eda completa \u00ab<a href=\"https:\/\/elfsight.com\/tutorials\/how-to-add-form-builder-extension-to-magento\/\">C\u00f3mo instalar la extensi\u00f3n de formulario personalizado en Magento<\/a>\u00bb.<\/div><div class=\"faq\" data-component=\"FAQ\"> <div class=\"faq-item\">\r\n\t\t\t\t\t<div class=\"faq-item-question\">\r\n\t\t\t\t\t\t<h3 class=\"faq-item-question-text\">\u00bfSon seguros tus formularios?<\/h3>\r\n\r\n\t\t\t\t\t\t<div class=\"faq-item-question-icon\"><\/div>\r\n\t\t\t\t\t<\/div>\r\n\r\n\t\t\t\t\t<div class=\"faq-item-answer\">\r\n\t\t\t\t\t\t<div class=\"faq-item-answer-text\">El widget Constructor de Formularios de Elfsight se inserta con uno de los servicios de seguridad m\u00e1s efectivos, reCAPTCHA. Se a\u00f1adi\u00f3 para proteger tus formularios y buz\u00f3n de spam y bots, asegurando un funcionamiento fluido y datos valiosos solamente.<\/div>\r\n\t\t\t\t\t<\/div>\r\n\t\t\t\t<\/div> <div class=\"faq-item\">\r\n\t\t\t\t\t<div class=\"faq-item-question\">\r\n\t\t\t\t\t\t<h3 class=\"faq-item-question-text\">\u00bfExisten plantillas que soportan formularios con l\u00f3gica condicional \/ m\u00faltiples campos \/ correos electr\u00f3nicos?<\/h3>\r\n\r\n\t\t\t\t\t\t<div class=\"faq-item-question-icon\"><\/div>\r\n\t\t\t\t\t<\/div>\r\n\r\n\t\t\t\t\t<div class=\"faq-item-answer\">\r\n\t\t\t\t\t\t<div class=\"faq-item-answer-text\"><\/div>\r\n\t\t\t\t\t<\/div>\r\n\t\t\t\t<\/div>\u00a1Claro! Solo tienes que iniciar sesi\u00f3n en Elfsight Apps y elegir cualquier plantilla relevante, luego proceder a crear tu widget personalizado. <div class=\"faq-item\">\r\n\t\t\t\t\t<div class=\"faq-item-question\">\r\n\t\t\t\t\t\t<h3 class=\"faq-item-question-text\">\u00bfC\u00f3mo crear un formulario de contacto \/ comentarios para mi sitio Magento?<\/h3>\r\n\r\n\t\t\t\t\t\t<div class=\"faq-item-question-icon\"><\/div>\r\n\t\t\t\t\t<\/div>\r\n\r\n\t\t\t\t\t<div class=\"faq-item-answer\">\r\n\t\t\t\t\t\t<div class=\"faq-item-answer-text\"><\/div>\r\n\t\t\t\t\t<\/div>\r\n\t\t\t\t<\/div>Para dise\u00f1ar un formulario de contacto o comentarios, debes iniciar sesi\u00f3n en el sitio web de Elfsight Apps y realizar todos los ajustes importantes en la herramienta. Despu\u00e9s de eso, guarda los cambios y ve a tu sitio web. \u00a1Todo listo! <div class=\"faq-item\">\r\n\t\t\t\t\t<div class=\"faq-item-question\">\r\n\t\t\t\t\t\t<h3 class=\"faq-item-question-text\">\u00bfTienes plantillas pre-dise\u00f1adas para Constructor de Formularios en el sitio Magento?<\/h3>\r\n\r\n\t\t\t\t\t\t<div class=\"faq-item-question-icon\"><\/div>\r\n\t\t\t\t\t<\/div>\r\n\r\n\t\t\t\t\t<div class=\"faq-item-answer\">\r\n\t\t\t\t\t\t<div class=\"faq-item-answer-text\"><\/div>\r\n\t\t\t\t\t<\/div>\r\n\t\t\t\t<\/div>S\u00ed. Nuestro equipo trabaj\u00f3 arduamente en hacer una gran colecci\u00f3n de m\u00e1s de 300 plantillas, como <a href=\"https:\/\/elfsight.com\/online-form-builder\/templates\/application-forms\/\">Formularios de Aplicaci\u00f3n<\/a>, <a href=\"https:\/\/elfsight.com\/online-form-builder\/templates\/booking-forms\/\">Formularios de Reserva<\/a>, <a href=\"https:\/\/elfsight.com\/online-form-builder\/templates\/order-forms\/\">Formularios de Pedido<\/a>, <a href=\"https:\/\/elfsight.com\/online-form-builder\/templates\/product-forms\/\">Formularios de Producto<\/a>, <a href=\"https:\/\/elfsight.com\/online-form-builder\/templates\/questionnaires\/\">Cuestionarios<\/a>, <a href=\"https:\/\/elfsight.com\/online-form-builder\/templates\/quizzes\/\">Ex\u00e1menes<\/a>, <a href=\"https:\/\/elfsight.com\/online-form-builder\/templates\/surveys\/\">Encuestas<\/a>, <a href=\"https:\/\/elfsight.com\/online-form-builder\/templates\/file-upload-forms\/\">Formularios de Carga de Archivos<\/a>, y muchos m\u00e1s. As\u00ed que no ser\u00e1 tan dif\u00edcil encontrar la plantilla adecuada con las <a href=\"https:\/\/elfsight.com\/online-form-builder\/templates\/\">plantillas de Constructor de Formularios<\/a>.&lt;\/faq_item] <\/div> [\/application_platform_content_item]<!-- \/wp:html -->","protected":false},"excerpt":{"rendered":"[\/application_platform_content_item]","protected":false},"author":18,"featured_media":0,"parent":1746,"menu_order":0,"comment_status":"closed","ping_status":"closed","template":"templates\/template-application-platform.php","meta":{"publish_to_discourse":"","publish_post_category":"","wpdc_auto_publish_overridden":"","wpdc_topic_tags":"","wpdc_pin_topic":"","wpdc_pin_until":"","discourse_post_id":"","discourse_permalink":"","wpdc_publishing_response":"","wpdc_publishing_error":"","footnotes":""},"class_list":["post-4393","page","type-page","status-publish","hentry"],"yoast_head":"<!-- This site is optimized with the Yoast SEO plugin v25.3.1 - https:\/\/yoast.com\/wordpress\/plugins\/seo\/ -->\n<title>Constructor de formularios - Embeber plugin de Generador de formularios al Magento<\/title>\n<meta name=\"description\" content=\"Instala un extention hermoso de Constructor de formularios en su p\u00e1gina web de Magento. Use la demo de Elfsight manejable y cree su plugin \u00fanico.\" \/>\n<meta name=\"robots\" content=\"index, follow, max-snippet:-1, max-image-preview:large, max-video-preview:-1\" \/>\n<link rel=\"canonical\" href=\"https:\/\/elfsight.com\/es\/online-form-builder\/magento\/\" \/>\n<meta property=\"og:locale\" content=\"es_ES\" \/>\n<meta property=\"og:type\" content=\"article\" \/>\n<meta property=\"og:title\" content=\"Constructor de formularios - Embeber plugin de Generador de formularios al Magento\" \/>\n<meta property=\"og:description\" content=\"Instala un extention hermoso de Constructor de formularios en su p\u00e1gina web de Magento. Use la demo de Elfsight manejable y cree su plugin \u00fanico.\" \/>\n<meta property=\"og:url\" content=\"https:\/\/elfsight.com\/es\/online-form-builder\/magento\/\" \/>\n<meta property=\"og:site_name\" content=\"Elfsight ES\" \/>\n<meta property=\"article:modified_time\" content=\"2025-02-06T15:22:45+00:00\" \/>\n<meta name=\"twitter:card\" content=\"summary_large_image\" \/>\n<meta name=\"twitter:label1\" content=\"Tiempo de lectura\" \/>\n\t<meta name=\"twitter:data1\" content=\"2 minutos\" \/>\n<!-- \/ Yoast SEO plugin. -->","yoast_head_json":{"title":"Constructor de formularios - Embeber plugin de Generador de formularios al Magento","description":"Instala un extention hermoso de Constructor de formularios en su p\u00e1gina web de Magento. Use la demo de Elfsight manejable y cree su plugin \u00fanico.","robots":{"index":"index","follow":"follow","max-snippet":"max-snippet:-1","max-image-preview":"max-image-preview:large","max-video-preview":"max-video-preview:-1"},"canonical":"https:\/\/elfsight.com\/es\/online-form-builder\/magento\/","og_locale":"es_ES","og_type":"article","og_title":"Constructor de formularios - Embeber plugin de Generador de formularios al Magento","og_description":"Instala un extention hermoso de Constructor de formularios en su p\u00e1gina web de Magento. Use la demo de Elfsight manejable y cree su plugin \u00fanico.","og_url":"https:\/\/elfsight.com\/es\/online-form-builder\/magento\/","og_site_name":"Elfsight ES","article_modified_time":"2025-02-06T15:22:45+00:00","twitter_card":"summary_large_image","twitter_misc":{"Tiempo de lectura":"2 minutos"},"schema":{"@context":"https:\/\/schema.org","@graph":[{"@type":"WebPage","@id":"https:\/\/elfsight.com\/es\/online-form-builder\/magento\/","url":"https:\/\/elfsight.com\/es\/online-form-builder\/magento\/","name":"Constructor de formularios - Embeber plugin de Generador de formularios al Magento","isPartOf":{"@id":"https:\/\/elfsight.com\/es\/#website"},"datePublished":"2022-02-11T11:21:40+00:00","dateModified":"2025-02-06T15:22:45+00:00","description":"Instala un extention hermoso de Constructor de formularios en su p\u00e1gina web de Magento. Use la demo de Elfsight manejable y cree su plugin \u00fanico.","breadcrumb":{"@id":"https:\/\/elfsight.com\/es\/online-form-builder\/magento\/#breadcrumb"},"inLanguage":"es","potentialAction":[{"@type":"ReadAction","target":["https:\/\/elfsight.com\/es\/online-form-builder\/magento\/"]}]},{"@type":"BreadcrumbList","@id":"https:\/\/elfsight.com\/es\/online-form-builder\/magento\/#breadcrumb","itemListElement":[{"@type":"ListItem","position":1,"name":"Home","item":"https:\/\/elfsight.com\/es\/"},{"@type":"ListItem","position":2,"name":"Form Builder","item":"https:\/\/elfsight.com\/es\/online-form-builder\/"},{"@type":"ListItem","position":3,"name":"Form Builder &#8211; Magento"}]},{"@type":"WebSite","@id":"https:\/\/elfsight.com\/es\/#website","url":"https:\/\/elfsight.com\/es\/","name":"Elfsight ES","description":"Just another Elfsight Sites site","potentialAction":[{"@type":"SearchAction","target":{"@type":"EntryPoint","urlTemplate":"https:\/\/elfsight.com\/es\/?s={search_term_string}"},"query-input":{"@type":"PropertyValueSpecification","valueRequired":true,"valueName":"search_term_string"}}],"inLanguage":"es"}]}},"meta_box":{"industry":"","seo_heading":"","heading":"","description":"","cta_heading":"","cta_description":"","application":"1745","h1":"complemento de Constructor de formularios para Magento","h1_caption":"Construye formas cl\u00e1sicos y multinivel y a\u00f1\u00e1dalos a su tienda electr\u00f3nica","application_category":[],"applications_title":"","applications_request_title":"","applications_request_button_text":"","hero_text":"","hero_video":"","hero_video_schema_markup":"","selling_points_title":"","selling_points_caption":"","selling_points":[],"selling_points_cta_text":"","features_title":"","features":"","ed_cta_examples_text":"","ed_cta_examples_hidden":"","ed_cta_demo_text":"","ed_cta_demo_hidden":"","why_caption":"","why_editor_title":"","why_editor_text":"","why_team_title":"","why_team_text":"","why_service_title":"","why_service_text":"","template_catalog_visible":"","template_catalog_title":"","template_catalog_text":"","template_catalog_categories_visible":"","demo_title":"Crea tu extensi\u00f3n Form Builder","demo_caption":"\u00a1Configure su Creador de formularios y agr\u00e9guelo a su sitio web Magento gratis!","default_faq_hidden":"","app_template_category":[],"platform":"82","template_public_id":"","codecanyon_url":"","codecanyon_item_id":"","codecanyon_price":"","pricing_caption":"","pricing_elfsight_apps_hide_column":"","pricing_elfsight_apps_url":"","pricing_codecanyon_price_caption":"","integration_category":[],"integration_request_title":"","integration_request_cta":"","integration_platform":"","integrations":[],"platform_category":[],"video_schema_markup":"","price":"desde $0 por mes","trial":"","benefits":[{"text":"Instalaci\u00f3n gratuita"},{"text":"Soporte Premium"},{"text":"14 d\u00edas garant\u00eda de reembolso"},{"text":"Actualizaciones regulares"}],"button_url":"#demo","button_target_blank":"0","button_nofollow":"0","attributes":[{"name":"Responsivo","content":"Si","_state":"expanded"},{"name":"Navegadores compatibles","content":"Firefox, Safari, Opera, Chrome, Edge","_state":"expanded"}],"tags":[],"tags_disable_links":"0","hide_more_platforms":"","video_object":"","demo_hide_cta":"0","demo_hide_cloud_options":"0","pricing_title":"","pricing":[{"pricing_icon":"platform","pricing_title":" Elfsight Apps","pricing_title_caption":"Soluci\u00f3n multiplataforma - valido para cualquier p\u00e1gina web","pricing_price":"desde $0 por mes","pricing_price_caption":"empezar con un plan gratuito","pricing_benefits":[{"text":"Sitios web ilimitados"},{"text":"Atenci\u00f3n al cliente gratuita y r\u00e1pida"},{"text":"Servicio de instalaci\u00f3n gratuito"},{"text":"Totalmente personalizable"}],"pricing_button_text":"Agregar al sitio web","pricing_button_url":"#demo","_state":"expanded"}],"related_apps_title":"","related_apps_hidden":"1","author":"","image":[],"title":"","job":"","social_networks":[]},"_links":{"self":[{"href":"https:\/\/elfsight.com\/es\/wp-json\/wp\/v2\/pages\/4393","targetHints":{"allow":["GET"]}}],"collection":[{"href":"https:\/\/elfsight.com\/es\/wp-json\/wp\/v2\/pages"}],"about":[{"href":"https:\/\/elfsight.com\/es\/wp-json\/wp\/v2\/types\/page"}],"author":[{"embeddable":true,"href":"https:\/\/elfsight.com\/es\/wp-json\/wp\/v2\/users\/18"}],"replies":[{"embeddable":true,"href":"https:\/\/elfsight.com\/es\/wp-json\/wp\/v2\/comments?post=4393"}],"version-history":[{"count":3,"href":"https:\/\/elfsight.com\/es\/wp-json\/wp\/v2\/pages\/4393\/revisions"}],"predecessor-version":[{"id":18195,"href":"https:\/\/elfsight.com\/es\/wp-json\/wp\/v2\/pages\/4393\/revisions\/18195"}],"up":[{"embeddable":true,"href":"https:\/\/elfsight.com\/es\/wp-json\/wp\/v2\/pages\/1746"}],"wp:attachment":[{"href":"https:\/\/elfsight.com\/es\/wp-json\/wp\/v2\/media?parent=4393"}],"curies":[{"name":"wp","href":"https:\/\/api.w.org\/{rel}","templated":true}]}}