{"id":4391,"date":"2022-02-11T11:21:57","date_gmt":"2022-02-11T11:21:57","guid":{"rendered":"https:\/\/elfsight.com\/es\/?page_id=4391"},"modified":"2025-02-06T15:22:38","modified_gmt":"2025-02-06T15:22:38","slug":"google-sites","status":"publish","type":"page","link":"https:\/\/elfsight.com\/es\/facebook-reviews-widget\/google-sites\/","title":{"rendered":"Facebook Reviews &#8211; Google Sites"},"content":{"rendered":"<div class=\"application-platform-content-item-description application-platform-content-item\" id=\"description\" data-nav-section=\"description\"> <h2>Incrustar opiniones de Facebook en Google Sites con el widget de Elfsight<\/h2> <p>Las opiniones de Elfsight pueden ayudarte a a\u00f1adir f\u00e1cilmente testimonios desde tu p\u00e1gina de Facebook en tu sitio web y aumentar la confianza en tu marca entre los usuarios del sitio. Puedes usar un filtro para las opiniones, a\u00f1adir la calificaci\u00f3n por estrellas, informaci\u00f3n del autor y mostrar un bot\u00f3n para dejar una nueva rese\u00f1a. El widget de opiniones de Facebook de Elfsight tiene dise\u00f1os diversos, plantillas de rese\u00f1as, elementos intercambiables y un encabezado flexible para una personalizaci\u00f3n profunda. Al tener tus rese\u00f1as de Facebook en tu sitio de Google, podr\u00e1s presumir de un alto reconocimiento, aumentar la confianza y atraer m\u00e1s rese\u00f1as.<\/p> <p><b>Haz que tu sitio web sea m\u00e1s efectivo para los objetivos de comercio electr\u00f3nico con los widgets de Elfsight<\/b><\/p> <\/div> <div class=\"application-platform-content-item-features application-platform-content-item\" id=\"features\" data-nav-section=\"features\"> <h2>Estas son solo algunas de las diversas caracter\u00edsticas del widget: <\/h2> <ul><li>22 idiomas predefinidos soportados; <\/li><li>Selecci\u00f3n del n\u00famero de opiniones por p\u00e1gina; <\/li><li>Ajuste de velocidad de deslizamiento y velocidad de reproducci\u00f3n autom\u00e1tica; <\/li><li>Mensaje de texto editable despu\u00e9s de denegar la solicitud de opini\u00f3n, con opciones de formato; <\/li><li>T\u00edtulo del widget editable con tama\u00f1o de fuente y peso ajustables; <\/li><\/ul><p><a href=\"#demo\">Prueba esta demostraci\u00f3n para ver lo que vale el widget<\/a><\/p> <\/div> <div class=\"application-platform-content-item-installation application-platform-content-item\" id=\"installation\" data-nav-section=\"installation\"> <h2>\u00bfC\u00f3mo a\u00f1adir opiniones de Facebook a mi Google Sites?<\/h2> <p>Simplemente sigue las instrucciones a continuaci\u00f3n para insertar la herramienta.<\/p> <ol><li><b>Usa nuestra demo gratuita y empieza a crear tu propio widget.<\/b><br> Elige el dise\u00f1o personalizado y la funcionalidad del widget y guarda los cambios.<\/li> <li><b>Copia tu c\u00f3digo \u00fanico que se muestra en el formulario especial de Elfsight Apps.<\/b><br> Cuando hayas terminado de configurar tu plugin, copia el c\u00f3digo exclusivo en el cuadro emergente y gu\u00e1rdalo para m\u00e1s tarde.<\/li> <li><b>Comienza a usar el widget en tu sitio web de Google Sites.<\/b><br> Inserta el c\u00f3digo copiado recientemente en tu p\u00e1gina de inicio y aplica los cambios.<\/li> <li><b>\u00a1Listo! La configuraci\u00f3n ha finalizado con \u00e9xito.<\/b><br> Visita tu sitio para observar el rendimiento del widget.<\/li><\/ol> <div class=\"tip-yellow tip\"><b>Debido a las peculiaridades del funcionamiento de Google Sites, es posible que el widget se vea diferente en la demostraci\u00f3n en l\u00ednea. Pedimos disculpas por cualquier inconveniente causado.<\/b><\/div><p>Si tienes dudas o enfrentas dificultades, no dudes en ponerte en contacto con nuestro equipo de soporte. Estamos aqu\u00ed para ayudarte con cualquier problema que puedas tener con el producto.<\/p> <div class=\"faq\" data-component=\"FAQ\"> <div class=\"faq-item\">\r\n\t\t\t\t\t<div class=\"faq-item-question\">\r\n\t\t\t\t\t\t<h3 class=\"faq-item-question-text\">\u00bfC\u00f3mo a\u00f1adir opiniones de Facebook a mi sitio de Google Sites sin habilidades de codificaci\u00f3n?<\/h3>\r\n\r\n\t\t\t\t\t\t<div class=\"faq-item-question-icon\"><\/div>\r\n\t\t\t\t\t<\/div>\r\n\r\n\t\t\t\t\t<div class=\"faq-item-answer\">\r\n\t\t\t\t\t\t<div class=\"faq-item-answer-text\"> <p>Elfsight ofrece una soluci\u00f3n SaaS que te permite crear un widget de opiniones de Facebook por ti mismo, observa lo f\u00e1cil que es el proceso: Trabaja directamente en el Editor en l\u00ednea para crear el widget de opiniones de Facebook que te gustar\u00eda ver en tu sitio web de Google Sites. Elige una de las plantillas predefinidas y ajusta la configuraci\u00f3n de las opiniones de Facebook, agrega tu contenido, cambia el dise\u00f1o y los colores sin habilidades de codificaci\u00f3n. Guarda las opiniones de Facebook y copia su c\u00f3digo de instalaci\u00f3n, que podr\u00e1s agregar f\u00e1cilmente a tu sitio de Google Sites sin necesidad de comprar una suscripci\u00f3n de pago. Con nuestro Editor intuitivo, cualquier usuario de internet puede crear un widget de opiniones de Facebook en l\u00ednea e insertarlo f\u00e1cilmente en su sitio web de Google Sites. No es necesario pagar ni ingresar los datos de tu tarjeta para acceder al servicio. Si tienes alg\u00fan problema en alg\u00fan paso, no dudes en contactar a nuestro equipo de soporte t\u00e9cnico.<\/p> <\/div>\r\n\t\t\t\t\t<\/div>\r\n\t\t\t\t<\/div> <\/div> <\/div><p><\/p>","protected":false},"excerpt":{"rendered":"","protected":false},"author":18,"featured_media":0,"parent":1788,"menu_order":0,"comment_status":"closed","ping_status":"closed","template":"templates\/template-application-platform.php","meta":{"publish_to_discourse":"","publish_post_category":"","wpdc_auto_publish_overridden":"","wpdc_topic_tags":"","wpdc_pin_topic":"","wpdc_pin_until":"","discourse_post_id":"","discourse_permalink":"","wpdc_publishing_response":"","wpdc_publishing_error":"","footnotes":""},"class_list":["post-4391","page","type-page","status-publish","hentry"],"yoast_head":"<!-- This site is optimized with the Yoast SEO plugin v25.3.1 - https:\/\/yoast.com\/wordpress\/plugins\/seo\/ -->\n<title>Rese\u00f1as de Facebook - Embeber plugin de Opiniones de Facebook al Google Sites<\/title>\n<meta name=\"description\" content=\"Instala un widget responsivo de Rese\u00f1as de Facebook en su sitio web de Google Sites. Pruebe la demo de Elfsight intuitiva y genere su plugin \u00fanico.\" \/>\n<meta name=\"robots\" content=\"index, follow, max-snippet:-1, max-image-preview:large, max-video-preview:-1\" \/>\n<link rel=\"canonical\" href=\"https:\/\/elfsight.com\/es\/facebook-reviews-widget\/google-sites\/\" \/>\n<meta property=\"og:locale\" content=\"es_ES\" \/>\n<meta property=\"og:type\" content=\"article\" \/>\n<meta property=\"og:title\" content=\"Rese\u00f1as de Facebook - Embeber plugin de Opiniones de Facebook al Google Sites\" \/>\n<meta property=\"og:description\" content=\"Instala un widget responsivo de Rese\u00f1as de Facebook en su sitio web de Google Sites. Pruebe la demo de Elfsight intuitiva y genere su plugin \u00fanico.\" \/>\n<meta property=\"og:url\" content=\"https:\/\/elfsight.com\/es\/facebook-reviews-widget\/google-sites\/\" \/>\n<meta property=\"og:site_name\" content=\"Elfsight ES\" \/>\n<meta property=\"article:modified_time\" content=\"2025-02-06T15:22:38+00:00\" \/>\n<meta name=\"twitter:card\" content=\"summary_large_image\" \/>\n<meta name=\"twitter:label1\" content=\"Tiempo de lectura\" \/>\n\t<meta name=\"twitter:data1\" content=\"2 minutos\" \/>\n<!-- \/ Yoast SEO plugin. -->","yoast_head_json":{"title":"Rese\u00f1as de Facebook - Embeber plugin de Opiniones de Facebook al Google Sites","description":"Instala un widget responsivo de Rese\u00f1as de Facebook en su sitio web de Google Sites. Pruebe la demo de Elfsight intuitiva y genere su plugin \u00fanico.","robots":{"index":"index","follow":"follow","max-snippet":"max-snippet:-1","max-image-preview":"max-image-preview:large","max-video-preview":"max-video-preview:-1"},"canonical":"https:\/\/elfsight.com\/es\/facebook-reviews-widget\/google-sites\/","og_locale":"es_ES","og_type":"article","og_title":"Rese\u00f1as de Facebook - Embeber plugin de Opiniones de Facebook al Google Sites","og_description":"Instala un widget responsivo de Rese\u00f1as de Facebook en su sitio web de Google Sites. Pruebe la demo de Elfsight intuitiva y genere su plugin \u00fanico.","og_url":"https:\/\/elfsight.com\/es\/facebook-reviews-widget\/google-sites\/","og_site_name":"Elfsight ES","article_modified_time":"2025-02-06T15:22:38+00:00","twitter_card":"summary_large_image","twitter_misc":{"Tiempo de lectura":"2 minutos"},"schema":{"@context":"https:\/\/schema.org","@graph":[{"@type":"WebPage","@id":"https:\/\/elfsight.com\/es\/facebook-reviews-widget\/google-sites\/","url":"https:\/\/elfsight.com\/es\/facebook-reviews-widget\/google-sites\/","name":"Rese\u00f1as de Facebook - Embeber plugin de Opiniones de Facebook al Google Sites","isPartOf":{"@id":"https:\/\/elfsight.com\/es\/#website"},"datePublished":"2022-02-11T11:21:57+00:00","dateModified":"2025-02-06T15:22:38+00:00","description":"Instala un widget responsivo de Rese\u00f1as de Facebook en su sitio web de Google Sites. Pruebe la demo de Elfsight intuitiva y genere su plugin \u00fanico.","breadcrumb":{"@id":"https:\/\/elfsight.com\/es\/facebook-reviews-widget\/google-sites\/#breadcrumb"},"inLanguage":"es","potentialAction":[{"@type":"ReadAction","target":["https:\/\/elfsight.com\/es\/facebook-reviews-widget\/google-sites\/"]}]},{"@type":"BreadcrumbList","@id":"https:\/\/elfsight.com\/es\/facebook-reviews-widget\/google-sites\/#breadcrumb","itemListElement":[{"@type":"ListItem","position":1,"name":"Home","item":"https:\/\/elfsight.com\/es\/"},{"@type":"ListItem","position":2,"name":"Facebook Reviews","item":"https:\/\/elfsight.com\/es\/facebook-reviews-widget\/"},{"@type":"ListItem","position":3,"name":"Facebook Reviews &#8211; Google Sites"}]},{"@type":"WebSite","@id":"https:\/\/elfsight.com\/es\/#website","url":"https:\/\/elfsight.com\/es\/","name":"Elfsight ES","description":"Just another Elfsight Sites site","potentialAction":[{"@type":"SearchAction","target":{"@type":"EntryPoint","urlTemplate":"https:\/\/elfsight.com\/es\/?s={search_term_string}"},"query-input":{"@type":"PropertyValueSpecification","valueRequired":true,"valueName":"search_term_string"}}],"inLanguage":"es"}]}},"meta_box":{"industry":"","seo_heading":"","heading":"","description":"","cta_heading":"","cta_description":"","application":"1787","h1":"plugin de Rese\u00f1as de Facebook para Google Sites","h1_caption":"Inserte rese\u00f1as de clientes desde su p\u00e1gina de Facebook directamente en su sitio web para mejorar la confianza y la prueba social en sus sitios de Google sin esfuerzo.","application_category":[],"applications_title":"","applications_request_title":"","applications_request_button_text":"","hero_text":"","hero_video":"","hero_video_schema_markup":"","selling_points_title":"","selling_points_caption":"","selling_points":[],"selling_points_cta_text":"","features_title":"","features":"","ed_cta_examples_text":"","ed_cta_examples_hidden":"","ed_cta_demo_text":"","ed_cta_demo_hidden":"","why_caption":"","why_editor_title":"","why_editor_text":"","why_team_title":"","why_team_text":"","why_service_title":"","why_service_text":"","template_catalog_visible":"","template_catalog_title":"","template_catalog_text":"","template_catalog_categories_visible":"","demo_title":"Crea tu widget de rese\u00f1as de Facebook","demo_caption":"\u00a1Configure sus rese\u00f1as de Facebook y agr\u00e9guelas a su sitio web de Google Sites de forma gratuita!","default_faq_hidden":"","app_template_category":[],"platform":"67","template_public_id":"","codecanyon_url":"","codecanyon_item_id":"","codecanyon_price":"","pricing_caption":"","pricing_elfsight_apps_hide_column":"","pricing_elfsight_apps_url":"","pricing_codecanyon_price_caption":"","integration_category":[],"integration_request_title":"","integration_request_cta":"","integration_platform":"","integrations":[],"platform_category":[],"video_schema_markup":"","price":"desde $0 por mes","trial":"","benefits":[{"text":"Instalaci\u00f3n gratuita"},{"text":"Soporte Premium"},{"text":"14 d\u00edas garant\u00eda de reembolso"},{"text":"Actualizaciones regulares"}],"button_url":"#demo","button_target_blank":"0","button_nofollow":"0","attributes":[{"name":"Responsivo","content":"Si","_state":"expanded"},{"name":"Navegadores compatibles","content":"Firefox, Safari, Opera, Chrome, Edge","_state":"expanded"}],"tags":[],"tags_disable_links":"0","hide_more_platforms":"","video_object":"","demo_hide_cta":"0","demo_hide_cloud_options":"0","pricing_title":"","pricing":[{"pricing_icon":"platform","pricing_title":" Elfsight Apps","pricing_title_caption":"Soluci\u00f3n multiplataforma - valido para cualquier p\u00e1gina web","pricing_price":"desde $0 por mes","pricing_price_caption":"empezar con un plan gratuito","pricing_benefits":[{"text":"Sitios web ilimitados"},{"text":"Atenci\u00f3n al cliente gratuita y r\u00e1pida"},{"text":"Servicio de instalaci\u00f3n gratuito"},{"text":"Totalmente personalizable"}],"pricing_button_text":"Agregar al sitio web","pricing_button_url":"#demo","_state":"expanded"}],"related_apps_title":"","related_apps_hidden":"1","author":"","image":[],"title":"","job":"","social_networks":[]},"_links":{"self":[{"href":"https:\/\/elfsight.com\/es\/wp-json\/wp\/v2\/pages\/4391","targetHints":{"allow":["GET"]}}],"collection":[{"href":"https:\/\/elfsight.com\/es\/wp-json\/wp\/v2\/pages"}],"about":[{"href":"https:\/\/elfsight.com\/es\/wp-json\/wp\/v2\/types\/page"}],"author":[{"embeddable":true,"href":"https:\/\/elfsight.com\/es\/wp-json\/wp\/v2\/users\/18"}],"replies":[{"embeddable":true,"href":"https:\/\/elfsight.com\/es\/wp-json\/wp\/v2\/comments?post=4391"}],"version-history":[{"count":3,"href":"https:\/\/elfsight.com\/es\/wp-json\/wp\/v2\/pages\/4391\/revisions"}],"predecessor-version":[{"id":18194,"href":"https:\/\/elfsight.com\/es\/wp-json\/wp\/v2\/pages\/4391\/revisions\/18194"}],"up":[{"embeddable":true,"href":"https:\/\/elfsight.com\/es\/wp-json\/wp\/v2\/pages\/1788"}],"wp:attachment":[{"href":"https:\/\/elfsight.com\/es\/wp-json\/wp\/v2\/media?parent=4391"}],"curies":[{"name":"wp","href":"https:\/\/api.w.org\/{rel}","templated":true}]}}