{"id":4389,"date":"2022-02-11T11:21:59","date_gmt":"2022-02-11T11:21:59","guid":{"rendered":"https:\/\/elfsight.com\/es\/?page_id=4389"},"modified":"2025-02-06T15:22:38","modified_gmt":"2025-02-06T15:22:38","slug":"joomla","status":"publish","type":"page","link":"https:\/\/elfsight.com\/es\/accordion-faq-widget\/joomla\/","title":{"rendered":"FAQ &#8211; Joomla"},"content":{"rendered":"<div class=\"application-platform-content-item-description application-platform-content-item\" id=\"description\" data-nav-section=\"description\"><h2>Descripci\u00f3n<\/h2><p>Elfsight FAQ es una aplicaci\u00f3n conveniente, f\u00e1cil de usar y ajustar para mostrar una secci\u00f3n de las preguntas y respuestas m\u00e1s necesarias en tu sitio personal. Una extensi\u00f3n interactiva con f\u00e1cil navegaci\u00f3n te permite mostrar toda la informaci\u00f3n sobre tu negocio, centrar la atenci\u00f3n de los lectores en las cualidades positivas de tus productos y resolver cualquier duda o desconfianza que pueda impedir la compra.<\/p><p><b>\u00a1Responde r\u00e1pidamente a las preguntas de tus visitantes y aumenta las ventas en el sitio!<\/b><\/p><ul><li><b>Convince a los usuarios a comprar con textos bien elaborados<\/b>.<br> Muestra las respuestas a las preguntas m\u00e1s comunes de los visitantes por adelantado y aseg\u00faralos de finalizar la compra en tu sitio.<\/li><li><b>Logra la comprensi\u00f3n total de tus clientes sobre tu producto o servicio<\/b>.<br> Combate los mitos y temores m\u00e1s comunes asociados con tu marca mediante respuestas completas y claras.<\/li><li><b>Reduce el tiempo y costo del trabajo del centro de ayuda<\/b>.<br> Muestra respuestas a las preguntas m\u00e1s populares sobre tus productos o servicios, para reducir la carga excesiva de tu soporte al cliente.<\/li><\/ul><\/div><div class=\"application-platform-content-item-features application-platform-content-item\" id=\"features\" data-nav-section=\"features\"><h2>Caracter\u00edsticas<\/h2><p>Los aspectos clave de la extensi\u00f3n Elfsight, que la hacen una de las extensiones m\u00e1s \u00fatiles para instalar una secci\u00f3n de preguntas frecuentes (FAQ) en un sitio Joomla.<\/p><ul><li>Dise\u00f1o de acorde\u00f3n para mostrar respuestas al hacer clic;<\/li><li>Colores personalizables para el texto de las preguntas, el texto de las respuestas, el nombre de la categor\u00eda y el fondo;<\/li><li>Mostrar\/ocultar y editar nombres de categor\u00edas;<\/li><li>Esquema de preguntas en microdatos, para ayudar con la optimizaci\u00f3n SEO;<\/li><li>Actualizaciones disponibles para mantenerlo actualizado.<\/li><\/ul><p><a href=\"#demo\">M\u00edralos todos<\/a><\/p><\/div><div class=\"application-platform-content-item-installation application-platform-content-item\" id=\"installation\" data-nav-section=\"installation\"><h2>C\u00f3mo a\u00f1adir la extensi\u00f3n Accordion FAQ a Joomla<\/h2><p>Sigue las instrucciones a continuaci\u00f3n para integrar la herramienta en Joomla.<\/p> <ol><li><b>Abre nuestro configurador gratuito y comienza a crear tu extensi\u00f3n FAQ personalizada. <\/b><br> Especifica el dise\u00f1o y las caracter\u00edsticas adecuadas de la herramienta y guarda los cambios. <\/li>  <li><b>Recibe tu c\u00f3digo individual que aparece en el cuadro de Elfsight Apps. <\/b><br> Despu\u00e9s de configurar tu extensi\u00f3n personalizada, copia el c\u00f3digo individual que aparece en el cuadro y gu\u00e1rdalo para usarlo m\u00e1s tarde. <\/li>  <li><b>Comienza a usar el plugin en tu sitio Joomla. <\/b><br> A\u00f1ade el c\u00f3digo guardado en tu sitio y aplica los ajustes. <\/li>  <li><b>\u00a1Listo! La integraci\u00f3n se ha realizado con \u00e9xito. <\/b><br> Ve a tu p\u00e1gina para comprobar c\u00f3mo funciona el widget. <\/li><\/ol><p>\u00bfTienes problemas al realizar la instrucci\u00f3n? Dir\u00edgete al centro de soporte de Elfsight o estudia la versi\u00f3n completa del manual \u00ab<a href=\"https:\/\/elfsight.com\/tutorials\/how-to-add-accordion-faq-extension-to-joomla\/\" target=\"_blank\" rel=\"noopener noreferrer\">C\u00f3mo a\u00f1adir FAQ a Joomla<\/a>\u00bb y termina la configuraci\u00f3n por ti mismo.<\/p><div class=\"faq\" data-component=\"FAQ\"><div class=\"faq-item\">\r\n\t\t\t\t\t<div class=\"faq-item-question\">\r\n\t\t\t\t\t\t<h3 class=\"faq-item-question-text\">\u00bfC\u00f3mo a\u00f1adir FAQ a mi sitio Joomla sin habilidades de programaci\u00f3n?<\/h3>\r\n\r\n\t\t\t\t\t\t<div class=\"faq-item-question-icon\"><\/div>\r\n\t\t\t\t\t<\/div>\r\n\r\n\t\t\t\t\t<div class=\"faq-item-answer\">\r\n\t\t\t\t\t\t<div class=\"faq-item-answer-text\"> <p>Elfsight proporciona una soluci\u00f3n SaaS que te permite crear un widget FAQ t\u00fa mismo, ve lo f\u00e1cil que es el proceso: Trabaja directamente en el Editor en l\u00ednea para crear el widget FAQ que te gustar\u00eda ver en tu sitio Joomla. Elige uno de los plantillas predise\u00f1adas y ajusta la configuraci\u00f3n del FAQ, agrega tu contenido, cambia el dise\u00f1o y los colores sin necesidad de saber programar. Guarda el FAQ y copia su c\u00f3digo de instalaci\u00f3n, para que puedas agregarlo f\u00e1cilmente a tu sitio Joomla sin comprar una versi\u00f3n de pago. Con nuestro Editor intuitivo, cualquier usuario de internet puede crear un widget FAQ en l\u00ednea e integrarlo f\u00e1cilmente en su sitio Joomla. No es necesario pagar ni ingresar los datos de tu tarjeta para acceder al servicio. Si tienes alg\u00fan problema en alg\u00fan paso, no dudes en ponerte en contacto con nuestro equipo de soporte t\u00e9cnico.<\/p> <\/div>\r\n\t\t\t\t\t<\/div>\r\n\t\t\t\t<\/div> <\/div><\/div>","protected":false},"excerpt":{"rendered":"","protected":false},"author":18,"featured_media":0,"parent":1771,"menu_order":0,"comment_status":"closed","ping_status":"closed","template":"templates\/template-application-platform.php","meta":{"publish_to_discourse":"","publish_post_category":"","wpdc_auto_publish_overridden":"","wpdc_topic_tags":"","wpdc_pin_topic":"","wpdc_pin_until":"","discourse_post_id":"","discourse_permalink":"","wpdc_publishing_response":"","wpdc_publishing_error":"","footnotes":""},"class_list":["post-4389","page","type-page","status-publish","hentry"],"yoast_head":"<!-- This site is optimized with the Yoast SEO plugin v25.3.1 - https:\/\/yoast.com\/wordpress\/plugins\/seo\/ -->\n<title>FAQ - Empotrar extention de Preguntas Frecuentes al Joomla<\/title>\n<meta name=\"description\" content=\"Incrusta un module responsivo de FAQ en su sitio de Joomla. Pruebe la demo de Elfsight manejable y construe su extention propio.\" \/>\n<meta name=\"robots\" content=\"index, follow, max-snippet:-1, max-image-preview:large, max-video-preview:-1\" \/>\n<link rel=\"canonical\" href=\"https:\/\/elfsight.com\/es\/accordion-faq-widget\/joomla\/\" \/>\n<meta property=\"og:locale\" content=\"es_ES\" \/>\n<meta property=\"og:type\" content=\"article\" \/>\n<meta property=\"og:title\" content=\"FAQ - Empotrar extention de Preguntas Frecuentes al Joomla\" \/>\n<meta property=\"og:description\" content=\"Incrusta un module responsivo de FAQ en su sitio de Joomla. Pruebe la demo de Elfsight manejable y construe su extention propio.\" \/>\n<meta property=\"og:url\" content=\"https:\/\/elfsight.com\/es\/accordion-faq-widget\/joomla\/\" \/>\n<meta property=\"og:site_name\" content=\"Elfsight ES\" \/>\n<meta property=\"article:modified_time\" content=\"2025-02-06T15:22:38+00:00\" \/>\n<meta name=\"twitter:card\" content=\"summary_large_image\" \/>\n<meta name=\"twitter:label1\" content=\"Tiempo de lectura\" \/>\n\t<meta name=\"twitter:data1\" content=\"1 minuto\" \/>\n<!-- \/ Yoast SEO plugin. -->","yoast_head_json":{"title":"FAQ - Empotrar extention de Preguntas Frecuentes al Joomla","description":"Incrusta un module responsivo de FAQ en su sitio de Joomla. Pruebe la demo de Elfsight manejable y construe su extention propio.","robots":{"index":"index","follow":"follow","max-snippet":"max-snippet:-1","max-image-preview":"max-image-preview:large","max-video-preview":"max-video-preview:-1"},"canonical":"https:\/\/elfsight.com\/es\/accordion-faq-widget\/joomla\/","og_locale":"es_ES","og_type":"article","og_title":"FAQ - Empotrar extention de Preguntas Frecuentes al Joomla","og_description":"Incrusta un module responsivo de FAQ en su sitio de Joomla. Pruebe la demo de Elfsight manejable y construe su extention propio.","og_url":"https:\/\/elfsight.com\/es\/accordion-faq-widget\/joomla\/","og_site_name":"Elfsight ES","article_modified_time":"2025-02-06T15:22:38+00:00","twitter_card":"summary_large_image","twitter_misc":{"Tiempo de lectura":"1 minuto"},"schema":{"@context":"https:\/\/schema.org","@graph":[{"@type":"WebPage","@id":"https:\/\/elfsight.com\/es\/accordion-faq-widget\/joomla\/","url":"https:\/\/elfsight.com\/es\/accordion-faq-widget\/joomla\/","name":"FAQ - Empotrar extention de Preguntas Frecuentes al Joomla","isPartOf":{"@id":"https:\/\/elfsight.com\/es\/#website"},"datePublished":"2022-02-11T11:21:59+00:00","dateModified":"2025-02-06T15:22:38+00:00","description":"Incrusta un module responsivo de FAQ en su sitio de Joomla. Pruebe la demo de Elfsight manejable y construe su extention propio.","breadcrumb":{"@id":"https:\/\/elfsight.com\/es\/accordion-faq-widget\/joomla\/#breadcrumb"},"inLanguage":"es","potentialAction":[{"@type":"ReadAction","target":["https:\/\/elfsight.com\/es\/accordion-faq-widget\/joomla\/"]}]},{"@type":"BreadcrumbList","@id":"https:\/\/elfsight.com\/es\/accordion-faq-widget\/joomla\/#breadcrumb","itemListElement":[{"@type":"ListItem","position":1,"name":"Home","item":"https:\/\/elfsight.com\/es\/"},{"@type":"ListItem","position":2,"name":"FAQ","item":"https:\/\/elfsight.com\/es\/accordion-faq-widget\/"},{"@type":"ListItem","position":3,"name":"FAQ &#8211; Joomla"}]},{"@type":"WebSite","@id":"https:\/\/elfsight.com\/es\/#website","url":"https:\/\/elfsight.com\/es\/","name":"Elfsight ES","description":"Just another Elfsight Sites site","potentialAction":[{"@type":"SearchAction","target":{"@type":"EntryPoint","urlTemplate":"https:\/\/elfsight.com\/es\/?s={search_term_string}"},"query-input":{"@type":"PropertyValueSpecification","valueRequired":true,"valueName":"search_term_string"}}],"inLanguage":"es"}]}},"meta_box":{"industry":"","seo_heading":"","heading":"","description":"","cta_heading":"","cta_description":"","application":"1770","h1":"extensi\u00f3n de preguntas frecuentes para Joomla","h1_caption":"Proporcione respuestas a preguntas frecuentes en un formato organizado y con capacidad de b\u00fasqueda para ayudar a los usuarios a encontrar soluciones r\u00e1pidamente en su sitio web Joomla sin esfuerzo.","application_category":[],"applications_title":"","applications_request_title":"","applications_request_button_text":"","hero_text":"","hero_video":"","hero_video_schema_markup":"","selling_points_title":"","selling_points_caption":"","selling_points":[],"selling_points_cta_text":"","features_title":"","features":"","ed_cta_examples_text":"","ed_cta_examples_hidden":"","ed_cta_demo_text":"","ed_cta_demo_hidden":"","why_caption":"","why_editor_title":"","why_editor_text":"","why_team_title":"","why_team_text":"","why_service_title":"","why_service_text":"","template_catalog_visible":"","template_catalog_title":"","template_catalog_text":"","template_catalog_categories_visible":"","demo_title":"Crea tu complemento de preguntas frecuentes","demo_caption":"\u00a1Configure sus preguntas frecuentes y agr\u00e9guelas a su sitio web Joomla gratis!","default_faq_hidden":"","app_template_category":[],"platform":"73","template_public_id":"","codecanyon_url":"","codecanyon_item_id":"","codecanyon_price":"","pricing_caption":"","pricing_elfsight_apps_hide_column":"","pricing_elfsight_apps_url":"","pricing_codecanyon_price_caption":"","integration_category":[],"integration_request_title":"","integration_request_cta":"","integration_platform":"","integrations":[],"platform_category":[],"video_schema_markup":"","price":"desde $0 por mes","trial":"","benefits":[{"text":"Instalaci\u00f3n gratuita"},{"text":"Soporte Premium"},{"text":"14 d\u00edas garant\u00eda de reembolso"},{"text":"Actualizaciones regulares"}],"button_url":"#demo","button_target_blank":"0","button_nofollow":"0","attributes":[{"name":"Responsivo","content":"Si","_state":"expanded"},{"name":"Navegadores compatibles","content":"Firefox, Safari, Opera, Chrome, Edge","_state":"expanded"}],"tags":[],"tags_disable_links":"0","hide_more_platforms":"","video_object":"","demo_hide_cta":"0","demo_hide_cloud_options":"0","pricing_title":"","pricing":[{"pricing_icon":"platform","pricing_title":" Elfsight Apps","pricing_title_caption":"Soluci\u00f3n multiplataforma - valido para cualquier p\u00e1gina web","pricing_price":"desde $0 por mes","pricing_price_caption":"empezar con un plan gratuito","pricing_benefits":[{"text":"Sitios web ilimitados"},{"text":"Atenci\u00f3n al cliente gratuita y r\u00e1pida"},{"text":"Servicio de instalaci\u00f3n gratuito"},{"text":"Totalmente personalizable"}],"pricing_button_text":"Agregar al sitio web","pricing_button_url":"#demo","_state":"expanded"}],"related_apps_title":"","related_apps_hidden":"1","author":"","image":[],"title":"","job":"","social_networks":[]},"_links":{"self":[{"href":"https:\/\/elfsight.com\/es\/wp-json\/wp\/v2\/pages\/4389","targetHints":{"allow":["GET"]}}],"collection":[{"href":"https:\/\/elfsight.com\/es\/wp-json\/wp\/v2\/pages"}],"about":[{"href":"https:\/\/elfsight.com\/es\/wp-json\/wp\/v2\/types\/page"}],"author":[{"embeddable":true,"href":"https:\/\/elfsight.com\/es\/wp-json\/wp\/v2\/users\/18"}],"replies":[{"embeddable":true,"href":"https:\/\/elfsight.com\/es\/wp-json\/wp\/v2\/comments?post=4389"}],"version-history":[{"count":3,"href":"https:\/\/elfsight.com\/es\/wp-json\/wp\/v2\/pages\/4389\/revisions"}],"predecessor-version":[{"id":18193,"href":"https:\/\/elfsight.com\/es\/wp-json\/wp\/v2\/pages\/4389\/revisions\/18193"}],"up":[{"embeddable":true,"href":"https:\/\/elfsight.com\/es\/wp-json\/wp\/v2\/pages\/1771"}],"wp:attachment":[{"href":"https:\/\/elfsight.com\/es\/wp-json\/wp\/v2\/media?parent=4389"}],"curies":[{"name":"wp","href":"https:\/\/api.w.org\/{rel}","templated":true}]}}